{"id":6533,"date":"2017-06-13T09:27:31","date_gmt":"2017-06-13T08:27:31","guid":{"rendered":"http:\/\/www.fvb.cat\/?post_type=product&#038;p=6533"},"modified":"2024-11-07T16:28:21","modified_gmt":"2024-11-07T15:28:21","slug":"winnicott-i-la-perspectiva-relacional-en-la-psicoanalisi","status":"publish","type":"product","link":"https:\/\/www.fvb.cat\/es\/producto\/winnicott-y-la-perspectiva-relacional-en-el-psicoanalisis\/","title":{"rendered":"Winnicott y la perspectiva relacional en el psicoan\u00e1lisis"},"content":{"rendered":"","protected":false},"excerpt":{"rendered":"<p><strong>AUTOR:<\/strong> Sainz, Francesc y \u00c1vila, Alejandro<\/p>\n<p><strong>FICHA<\/strong><br \/>\nTipo de producto: Estudio<br \/>\nEditorial: Herder Editorial<br \/>\nLengua: Castellano<br \/>\nP\u00e1ginas: 272<\/p>\n<p><strong>SINOPSIS<\/strong><br \/>\nWinnicott fue un c\u00e9lebre pediatra, psiquiatra y psicoanalista ingl\u00e9s, que contribuy\u00f3 de forma decisiva, junto a Ferenczi y otros, al progreso del psicoan\u00e1lisis despu\u00e9s de Freud. Dotado de una inmensa capacidad creativa, y siempre a partir de su experiencia cl\u00ednica, Winnicott conceptualiz\u00f3 sobre la creatividad y las experiencias transicionales, el falso self en relaci\u00f3n al verdadero, la unidad psicosom\u00e1tica y, especialmente, la interacci\u00f3n del ni\u00f1o con sus cuidadores adultos. Seg\u00fan Sainz, fue uno de los pioneros del hoy llamado psicoan\u00e1lisis relacional, al que prefiere referirse como \u201cla perspectiva relacional en el psicoan\u00e1lisis\u201d.<\/p>\n<p>El autor nos ofrece en este libro una elaboraci\u00f3n propia de las aportaciones te\u00f3ricas de Winnicott y sus aplicaciones en la psicoterapia. Nos habla del papel que tiene el psicoan\u00e1lisis (en su acepci\u00f3n relacional) para devolver la vida a la persona que ya no se habita a s\u00ed misma, de c\u00f3mo se puede reparar el narcisismo primario da\u00f1ado, para vivir las emociones y crecer con ellas, recuperando as\u00ed la estima de la propia genuinidad subjetiva.<\/p>\n<p>Este libro intenta acercar al lector a Winnicott como psicoanalista intersubjetivo, cuyas aportaciones pueden ser de m\u00e1xima actualidad en diversas esferas del saber, por lo que ser\u00e1 de gran utilidad para psic\u00f3logos, psiquiatras, trabajadores sociales y todas aquellas personas interesadas en los procesos mentales, relacionales y art\u00edsticos.<\/p>\n","protected":false},"featured_media":16379,"template":"","meta":[],"product_cat":[57],"product_tag":[68,86,76,85,65],"yoast_head":"<!-- This site is optimized with the Yoast SEO plugin v22.6 - https:\/\/yoast.com\/wordpress\/plugins\/seo\/ -->\n<title>Winnicott y la perspectiva relacional en el psicoan\u00e1lisis - Fundaci\u00f3 Vidal i Barraquer<\/title>\n<meta name=\"robots\" content=\"index, follow, max-snippet:-1, max-image-preview:large, max-video-preview:-1\" \/>\n<link rel=\"canonical\" href=\"https:\/\/www.fvb.cat\/es\/producto\/winnicott-y-la-perspectiva-relacional-en-el-psicoanalisis\/\" \/>\n<meta property=\"og:locale\" content=\"es_ES\" \/>\n<meta property=\"og:type\" content=\"article\" \/>\n<meta property=\"og:title\" content=\"Winnicott y la perspectiva relacional en el psicoan\u00e1lisis - Fundaci\u00f3 Vidal i Barraquer\" \/>\n<meta property=\"og:description\" content=\"[:ca]AUTOR: Sainz, Francesc i \u00c1vila, Alejandro  FITXA Tipus de producte: Estudi Editorial: Herder Editorial Idioma:\u00a0Castell\u00e0 N\u00famero de p\u00e0gines: 272  SINOPSI  Winnicott va ser un c\u00e8lebre pediatra, psiquiatra i psicoanalista angl\u00e8s que va contribuir de forma decisiva, juntament amb Ferenczi i altres, al progr\u00e9s de la psicoan\u00e0lisi despr\u00e9s de Freud. Dotat d\u2019una immensa capacitat creativa i sempre a partir de la seva experi\u00e8ncia cl\u00ednica, Winnicott va conceptualitzar sobre la creativitat i les experi\u00e8ncies transicionals el fals self en relaci\u00f3 al verdader, la unitat psicosom\u00e0tica i, especialment, la interacci\u00f3 del nen amb els seus cuidadors adults. Segons Sainz, va ser un dels pioners de l\u2019anomenat psicoan\u00e0lisi relacional, al qual prefereix referir-s\u2019hi com \u201cla perspectiva relacional en la psicoan\u00e0lisi\u201d. L\u2019autor ens ofereix en aquest llibre una elaboraci\u00f3 pr\u00f2pia de les aportacions te\u00f2riques de Winnicott i les seves aplicacions en la psicoter\u00e0pia. Ens parla del paper que t\u00e9 la psicoan\u00e0lisi (en la seva accepci\u00f3 relacional) per a retornar la vida a la persona que ja no s\u2019habita a si mateixa, de com es pot arreglar el narcisisme primari malm\u00e8s per viure les emocions i cr\u00e9ixer amb elles tot recuperant l\u2019estima de la pr\u00f2pia genu\u00efnitat subjectiva. Aquest llibre intenta apropar el lector a Winnicott com a psicoanalista intersubjectiu, les aportacions del qual poden ser de m\u00e0xima actualitat en diverses esferes del saber. Per aix\u00f2, ser\u00e0 de gran utilitat per a psic\u00f2legs, psiquiatres, treballadors socials i totes aquelles persones interessades en els processos mentals, relacionals i art\u00edstics.[:es]AUTOR: Sainz, Francesc y \u00c1vila, Alejandro  FICHA Tipo de producto: Estudio Editorial: Herder Editorial Lengua: Castellano P\u00e1ginas: 272  SINOPSIS Winnicott fue un c\u00e9lebre pediatra, psiquiatra y psicoanalista ingl\u00e9s, que contribuy\u00f3 de forma decisiva, junto a Ferenczi y otros, al progreso del psicoan\u00e1lisis despu\u00e9s de Freud. Dotado de una inmensa capacidad creativa, y siempre a partir de su experiencia cl\u00ednica, Winnicott conceptualiz\u00f3 sobre la creatividad y las experiencias transicionales, el falso self en relaci\u00f3n al verdadero, la unidad psicosom\u00e1tica y, especialmente, la interacci\u00f3n del ni\u00f1o con sus cuidadores adultos. Seg\u00fan Sainz, fue uno de los pioneros del hoy llamado psicoan\u00e1lisis relacional, al que prefiere referirse como \u201cla perspectiva relacional en el psicoan\u00e1lisis\u201d.  El autor nos ofrece en este libro una elaboraci\u00f3n propia de las aportaciones te\u00f3ricas de Winnicott y sus aplicaciones en la psicoterapia. Nos habla del papel que tiene el psicoan\u00e1lisis (en su acepci\u00f3n relacional) para devolver la vida a la persona que ya no se habita a s\u00ed misma, de c\u00f3mo se puede reparar el narcisismo primario da\u00f1ado, para vivir las emociones y crecer con ellas, recuperando as\u00ed la estima de la propia genuinidad subjetiva.  Este libro intenta acercar al lector a Winnicott como psicoanalista intersubjetivo, cuyas aportaciones pueden ser de m\u00e1xima actualidad en diversas esferas del saber, por lo que ser\u00e1 de gran utilidad para psic\u00f3logos, psiquiatras, trabajadores sociales y todas aquellas personas interesadas en los procesos mentales, relacionales y art\u00edsticos.[:]\" \/>\n<meta property=\"og:url\" content=\"https:\/\/www.fvb.cat\/es\/producto\/winnicott-y-la-perspectiva-relacional-en-el-psicoanalisis\/\" \/>\n<meta property=\"og:site_name\" content=\"Fundaci\u00f3 Vidal i Barraquer\" \/>\n<meta property=\"article:modified_time\" content=\"2024-11-07T15:28:21+00:00\" \/>\n<meta property=\"og:image\" content=\"https:\/\/www.fvb.cat\/wp-content\/uploads\/2017\/06\/IMG_WINNICOTT-Y-LA-PERSPECTIVA-RELACIONAL-EN-EL-PSICOANALISIS.jpg\" \/>\n\t<meta property=\"og:image:width\" content=\"700\" \/>\n\t<meta property=\"og:image:height\" content=\"700\" \/>\n\t<meta property=\"og:image:type\" content=\"image\/jpeg\" \/>\n<meta name=\"twitter:card\" content=\"summary_large_image\" \/>\n<script type=\"application\/ld+json\" class=\"yoast-schema-graph\">{\"@context\":\"https:\/\/schema.org\",\"@graph\":[{\"@type\":\"WebPage\",\"@id\":\"https:\/\/www.fvb.cat\/es\/producto\/winnicott-y-la-perspectiva-relacional-en-el-psicoanalisis\/\",\"url\":\"https:\/\/www.fvb.cat\/es\/producto\/winnicott-y-la-perspectiva-relacional-en-el-psicoanalisis\/\",\"name\":\"Winnicott y la perspectiva relacional en el psicoan\u00e1lisis - Fundaci\u00f3 Vidal i Barraquer\",\"isPartOf\":{\"@id\":\"https:\/\/www.fvb.cat\/es\/#website\"},\"primaryImageOfPage\":{\"@id\":\"https:\/\/www.fvb.cat\/es\/producto\/winnicott-y-la-perspectiva-relacional-en-el-psicoanalisis\/#primaryimage\"},\"image\":{\"@id\":\"https:\/\/www.fvb.cat\/es\/producto\/winnicott-y-la-perspectiva-relacional-en-el-psicoanalisis\/#primaryimage\"},\"thumbnailUrl\":\"https:\/\/www.fvb.cat\/wp-content\/uploads\/2017\/06\/IMG_WINNICOTT-Y-LA-PERSPECTIVA-RELACIONAL-EN-EL-PSICOANALISIS.jpg\",\"datePublished\":\"2017-06-13T08:27:31+00:00\",\"dateModified\":\"2024-11-07T15:28:21+00:00\",\"breadcrumb\":{\"@id\":\"https:\/\/www.fvb.cat\/es\/producto\/winnicott-y-la-perspectiva-relacional-en-el-psicoanalisis\/#breadcrumb\"},\"inLanguage\":\"es\",\"potentialAction\":[{\"@type\":\"ReadAction\",\"target\":[\"https:\/\/www.fvb.cat\/es\/producto\/winnicott-y-la-perspectiva-relacional-en-el-psicoanalisis\/\"]}]},{\"@type\":\"ImageObject\",\"inLanguage\":\"es\",\"@id\":\"https:\/\/www.fvb.cat\/es\/producto\/winnicott-y-la-perspectiva-relacional-en-el-psicoanalisis\/#primaryimage\",\"url\":\"https:\/\/www.fvb.cat\/wp-content\/uploads\/2017\/06\/IMG_WINNICOTT-Y-LA-PERSPECTIVA-RELACIONAL-EN-EL-PSICOANALISIS.jpg\",\"contentUrl\":\"https:\/\/www.fvb.cat\/wp-content\/uploads\/2017\/06\/IMG_WINNICOTT-Y-LA-PERSPECTIVA-RELACIONAL-EN-EL-PSICOANALISIS.jpg\",\"width\":700,\"height\":700},{\"@type\":\"BreadcrumbList\",\"@id\":\"https:\/\/www.fvb.cat\/es\/producto\/winnicott-y-la-perspectiva-relacional-en-el-psicoanalisis\/#breadcrumb\",\"itemListElement\":[{\"@type\":\"ListItem\",\"position\":1,\"name\":\"Inici\",\"item\":\"https:\/\/www.fvb.cat\/es\/\"},{\"@type\":\"ListItem\",\"position\":2,\"name\":\"Botiga\",\"item\":\"https:\/\/www.fvb.cat\/es\/botiga\/\"},{\"@type\":\"ListItem\",\"position\":3,\"name\":\"Winnicott y la perspectiva relacional en el psicoan\u00e1lisis\"}]},{\"@type\":\"WebSite\",\"@id\":\"https:\/\/www.fvb.cat\/es\/#website\",\"url\":\"https:\/\/www.fvb.cat\/es\/\",\"name\":\"Fundaci\u00f3 Vidal i Barraquer\",\"description\":\"Asistencia, docencia e investigaci\u00f3n en Salud Mental\",\"publisher\":{\"@id\":\"https:\/\/www.fvb.cat\/es\/#organization\"},\"potentialAction\":[{\"@type\":\"SearchAction\",\"target\":{\"@type\":\"EntryPoint\",\"urlTemplate\":\"https:\/\/www.fvb.cat\/es\/?s={search_term_string}\"},\"query-input\":\"required name=search_term_string\"}],\"inLanguage\":\"es\"},{\"@type\":\"Organization\",\"@id\":\"https:\/\/www.fvb.cat\/es\/#organization\",\"name\":\"Fundaci\u00f3 Vidal i Barraquer\",\"url\":\"https:\/\/www.fvb.cat\/es\/\",\"logo\":{\"@type\":\"ImageObject\",\"inLanguage\":\"es\",\"@id\":\"https:\/\/www.fvb.cat\/es\/#\/schema\/logo\/image\/\",\"url\":\"https:\/\/www.fvb.cat\/wp-content\/uploads\/2024\/05\/logo-vidal-i-barrauqer-60-aniversari.jpg\",\"contentUrl\":\"https:\/\/www.fvb.cat\/wp-content\/uploads\/2024\/05\/logo-vidal-i-barrauqer-60-aniversari.jpg\",\"width\":2125,\"height\":703,\"caption\":\"Fundaci\u00f3 Vidal i Barraquer\"},\"image\":{\"@id\":\"https:\/\/www.fvb.cat\/es\/#\/schema\/logo\/image\/\"}}]}<\/script>\n<!-- \/ Yoast SEO plugin. -->","yoast_head_json":{"title":"Winnicott y la perspectiva relacional en el psicoan\u00e1lisis - Fundaci\u00f3 Vidal i Barraquer","robots":{"index":"index","follow":"follow","max-snippet":"max-snippet:-1","max-image-preview":"max-image-preview:large","max-video-preview":"max-video-preview:-1"},"canonical":"https:\/\/www.fvb.cat\/es\/producto\/winnicott-y-la-perspectiva-relacional-en-el-psicoanalisis\/","og_locale":"es_ES","og_type":"article","og_title":"Winnicott y la perspectiva relacional en el psicoan\u00e1lisis - Fundaci\u00f3 Vidal i Barraquer","og_description":"[:ca]AUTOR: Sainz, Francesc i \u00c1vila, Alejandro  FITXA Tipus de producte: Estudi Editorial: Herder Editorial Idioma:\u00a0Castell\u00e0 N\u00famero de p\u00e0gines: 272  SINOPSI  Winnicott va ser un c\u00e8lebre pediatra, psiquiatra i psicoanalista angl\u00e8s que va contribuir de forma decisiva, juntament amb Ferenczi i altres, al progr\u00e9s de la psicoan\u00e0lisi despr\u00e9s de Freud. Dotat d\u2019una immensa capacitat creativa i sempre a partir de la seva experi\u00e8ncia cl\u00ednica, Winnicott va conceptualitzar sobre la creativitat i les experi\u00e8ncies transicionals el fals self en relaci\u00f3 al verdader, la unitat psicosom\u00e0tica i, especialment, la interacci\u00f3 del nen amb els seus cuidadors adults. Segons Sainz, va ser un dels pioners de l\u2019anomenat psicoan\u00e0lisi relacional, al qual prefereix referir-s\u2019hi com \u201cla perspectiva relacional en la psicoan\u00e0lisi\u201d. L\u2019autor ens ofereix en aquest llibre una elaboraci\u00f3 pr\u00f2pia de les aportacions te\u00f2riques de Winnicott i les seves aplicacions en la psicoter\u00e0pia. Ens parla del paper que t\u00e9 la psicoan\u00e0lisi (en la seva accepci\u00f3 relacional) per a retornar la vida a la persona que ja no s\u2019habita a si mateixa, de com es pot arreglar el narcisisme primari malm\u00e8s per viure les emocions i cr\u00e9ixer amb elles tot recuperant l\u2019estima de la pr\u00f2pia genu\u00efnitat subjectiva. Aquest llibre intenta apropar el lector a Winnicott com a psicoanalista intersubjectiu, les aportacions del qual poden ser de m\u00e0xima actualitat en diverses esferes del saber. Per aix\u00f2, ser\u00e0 de gran utilitat per a psic\u00f2legs, psiquiatres, treballadors socials i totes aquelles persones interessades en els processos mentals, relacionals i art\u00edstics.[:es]AUTOR: Sainz, Francesc y \u00c1vila, Alejandro  FICHA Tipo de producto: Estudio Editorial: Herder Editorial Lengua: Castellano P\u00e1ginas: 272  SINOPSIS Winnicott fue un c\u00e9lebre pediatra, psiquiatra y psicoanalista ingl\u00e9s, que contribuy\u00f3 de forma decisiva, junto a Ferenczi y otros, al progreso del psicoan\u00e1lisis despu\u00e9s de Freud. Dotado de una inmensa capacidad creativa, y siempre a partir de su experiencia cl\u00ednica, Winnicott conceptualiz\u00f3 sobre la creatividad y las experiencias transicionales, el falso self en relaci\u00f3n al verdadero, la unidad psicosom\u00e1tica y, especialmente, la interacci\u00f3n del ni\u00f1o con sus cuidadores adultos. Seg\u00fan Sainz, fue uno de los pioneros del hoy llamado psicoan\u00e1lisis relacional, al que prefiere referirse como \u201cla perspectiva relacional en el psicoan\u00e1lisis\u201d.  El autor nos ofrece en este libro una elaboraci\u00f3n propia de las aportaciones te\u00f3ricas de Winnicott y sus aplicaciones en la psicoterapia. Nos habla del papel que tiene el psicoan\u00e1lisis (en su acepci\u00f3n relacional) para devolver la vida a la persona que ya no se habita a s\u00ed misma, de c\u00f3mo se puede reparar el narcisismo primario da\u00f1ado, para vivir las emociones y crecer con ellas, recuperando as\u00ed la estima de la propia genuinidad subjetiva.  Este libro intenta acercar al lector a Winnicott como psicoanalista intersubjetivo, cuyas aportaciones pueden ser de m\u00e1xima actualidad en diversas esferas del saber, por lo que ser\u00e1 de gran utilidad para psic\u00f3logos, psiquiatras, trabajadores sociales y todas aquellas personas interesadas en los procesos mentales, relacionales y art\u00edsticos.[:]","og_url":"https:\/\/www.fvb.cat\/es\/producto\/winnicott-y-la-perspectiva-relacional-en-el-psicoanalisis\/","og_site_name":"Fundaci\u00f3 Vidal i Barraquer","article_modified_time":"2024-11-07T15:28:21+00:00","og_image":[{"width":700,"height":700,"url":"https:\/\/www.fvb.cat\/wp-content\/uploads\/2017\/06\/IMG_WINNICOTT-Y-LA-PERSPECTIVA-RELACIONAL-EN-EL-PSICOANALISIS.jpg","type":"image\/jpeg"}],"twitter_card":"summary_large_image","schema":{"@context":"https:\/\/schema.org","@graph":[{"@type":"WebPage","@id":"https:\/\/www.fvb.cat\/es\/producto\/winnicott-y-la-perspectiva-relacional-en-el-psicoanalisis\/","url":"https:\/\/www.fvb.cat\/es\/producto\/winnicott-y-la-perspectiva-relacional-en-el-psicoanalisis\/","name":"Winnicott y la perspectiva relacional en el psicoan\u00e1lisis - Fundaci\u00f3 Vidal i Barraquer","isPartOf":{"@id":"https:\/\/www.fvb.cat\/es\/#website"},"primaryImageOfPage":{"@id":"https:\/\/www.fvb.cat\/es\/producto\/winnicott-y-la-perspectiva-relacional-en-el-psicoanalisis\/#primaryimage"},"image":{"@id":"https:\/\/www.fvb.cat\/es\/producto\/winnicott-y-la-perspectiva-relacional-en-el-psicoanalisis\/#primaryimage"},"thumbnailUrl":"https:\/\/www.fvb.cat\/wp-content\/uploads\/2017\/06\/IMG_WINNICOTT-Y-LA-PERSPECTIVA-RELACIONAL-EN-EL-PSICOANALISIS.jpg","datePublished":"2017-06-13T08:27:31+00:00","dateModified":"2024-11-07T15:28:21+00:00","breadcrumb":{"@id":"https:\/\/www.fvb.cat\/es\/producto\/winnicott-y-la-perspectiva-relacional-en-el-psicoanalisis\/#breadcrumb"},"inLanguage":"es","potentialAction":[{"@type":"ReadAction","target":["https:\/\/www.fvb.cat\/es\/producto\/winnicott-y-la-perspectiva-relacional-en-el-psicoanalisis\/"]}]},{"@type":"ImageObject","inLanguage":"es","@id":"https:\/\/www.fvb.cat\/es\/producto\/winnicott-y-la-perspectiva-relacional-en-el-psicoanalisis\/#primaryimage","url":"https:\/\/www.fvb.cat\/wp-content\/uploads\/2017\/06\/IMG_WINNICOTT-Y-LA-PERSPECTIVA-RELACIONAL-EN-EL-PSICOANALISIS.jpg","contentUrl":"https:\/\/www.fvb.cat\/wp-content\/uploads\/2017\/06\/IMG_WINNICOTT-Y-LA-PERSPECTIVA-RELACIONAL-EN-EL-PSICOANALISIS.jpg","width":700,"height":700},{"@type":"BreadcrumbList","@id":"https:\/\/www.fvb.cat\/es\/producto\/winnicott-y-la-perspectiva-relacional-en-el-psicoanalisis\/#breadcrumb","itemListElement":[{"@type":"ListItem","position":1,"name":"Inici","item":"https:\/\/www.fvb.cat\/es\/"},{"@type":"ListItem","position":2,"name":"Botiga","item":"https:\/\/www.fvb.cat\/es\/botiga\/"},{"@type":"ListItem","position":3,"name":"Winnicott y la perspectiva relacional en el psicoan\u00e1lisis"}]},{"@type":"WebSite","@id":"https:\/\/www.fvb.cat\/es\/#website","url":"https:\/\/www.fvb.cat\/es\/","name":"Fundaci\u00f3 Vidal i Barraquer","description":"Asistencia, docencia e investigaci\u00f3n en Salud Mental","publisher":{"@id":"https:\/\/www.fvb.cat\/es\/#organization"},"potentialAction":[{"@type":"SearchAction","target":{"@type":"EntryPoint","urlTemplate":"https:\/\/www.fvb.cat\/es\/?s={search_term_string}"},"query-input":"required name=search_term_string"}],"inLanguage":"es"},{"@type":"Organization","@id":"https:\/\/www.fvb.cat\/es\/#organization","name":"Fundaci\u00f3 Vidal i Barraquer","url":"https:\/\/www.fvb.cat\/es\/","logo":{"@type":"ImageObject","inLanguage":"es","@id":"https:\/\/www.fvb.cat\/es\/#\/schema\/logo\/image\/","url":"https:\/\/www.fvb.cat\/wp-content\/uploads\/2024\/05\/logo-vidal-i-barrauqer-60-aniversari.jpg","contentUrl":"https:\/\/www.fvb.cat\/wp-content\/uploads\/2024\/05\/logo-vidal-i-barrauqer-60-aniversari.jpg","width":2125,"height":703,"caption":"Fundaci\u00f3 Vidal i Barraquer"},"image":{"@id":"https:\/\/www.fvb.cat\/es\/#\/schema\/logo\/image\/"}}]}},"_links":{"self":[{"href":"https:\/\/www.fvb.cat\/es\/wp-json\/wp\/v2\/product\/6533"}],"collection":[{"href":"https:\/\/www.fvb.cat\/es\/wp-json\/wp\/v2\/product"}],"about":[{"href":"https:\/\/www.fvb.cat\/es\/wp-json\/wp\/v2\/types\/product"}],"wp:featuredmedia":[{"embeddable":true,"href":"https:\/\/www.fvb.cat\/es\/wp-json\/wp\/v2\/media\/16379"}],"wp:attachment":[{"href":"https:\/\/www.fvb.cat\/es\/wp-json\/wp\/v2\/media?parent=6533"}],"wp:term":[{"taxonomy":"product_cat","embeddable":true,"href":"https:\/\/www.fvb.cat\/es\/wp-json\/wp\/v2\/product_cat?post=6533"},{"taxonomy":"product_tag","embeddable":true,"href":"https:\/\/www.fvb.cat\/es\/wp-json\/wp\/v2\/product_tag?post=6533"}],"curies":[{"name":"wp","href":"https:\/\/api.w.org\/{rel}","templated":true}]}}