{"id":6529,"date":"2017-06-13T09:19:19","date_gmt":"2017-06-13T08:19:19","guid":{"rendered":"http:\/\/www.fvb.cat\/?post_type=product&#038;p=6529"},"modified":"2024-11-07T16:22:02","modified_gmt":"2024-11-07T15:22:02","slug":"les-psicosi-patiment-mental-i-comprensio-psicodinamica","status":"publish","type":"product","link":"https:\/\/www.fvb.cat\/es\/producto\/las-psicosis-sufrimiento-mental-y-comprension-psicodinamica\/","title":{"rendered":"Las Psicosis. Sufrimiento mental y comprensi\u00f3n psicodin\u00e1mica"},"content":{"rendered":"","protected":false},"excerpt":{"rendered":"<p><strong>AUTOR:<\/strong> Hern\u00e1ndez Espinosa, V\u00edctor<\/p>\n<p><strong>FICHA<\/strong><br \/>\nTipo de producto: Estudio<br \/>\nEditorial: Herder Editorial<br \/>\nLengua: Castellano<br \/>\nP\u00e1ginas: 352<\/p>\n<p><strong>SINOPSIS<\/strong><br \/>\nEn alg\u00fan momento del desarrollo hist\u00f3rico del psicoan\u00e1lisis y de la psiquiatr\u00eda acad\u00e9mica se produjo una colusi\u00f3n en la que participaron ambas disciplinas. El presente texto desenmascara las espurias razones de dicha colusi\u00f3n y nos muestra la riqueza de las aportaciones de m\u00faltiples psicoanalistas a la comprensi\u00f3n y al tratamiento del trastorno psic\u00f3tico. En una \u00e9poca dominada por un imperialismo biologicista que reduce el sufrimiento mental a sus hipot\u00e9ticas bases bioqu\u00edmicas, resulta necesario rescatar la escucha, el inter\u00e9s por lo narrado y la b\u00fasqueda del sentido que encierra el discurso psic\u00f3tico. As\u00ed, la presente obra reivindica la psico(pato)log\u00eda, estudiada desde el modelo relacional, como la mejor fuente de informaci\u00f3n sobre la persona que sufre un trastorno de este tipo. Se trata de un abordaje que posibilita estrategias de intervenci\u00f3n m\u00e1s eficaces, ya que facilita la construcci\u00f3n de un patr\u00f3n diagn\u00f3stico m\u00e1s complejo e integrador, m\u00e1s pr\u00f3ximo a la realidad de la cl\u00ednica que la simplicidad propia del actual abordaje biologicista.<\/p>\n","protected":false},"featured_media":16373,"template":"","meta":[],"product_cat":[57],"product_tag":[68,75,77,76,65],"yoast_head":"<!-- This site is optimized with the Yoast SEO plugin v22.6 - https:\/\/yoast.com\/wordpress\/plugins\/seo\/ -->\n<title>Las Psicosis. Sufrimiento mental y comprensi\u00f3n psicodin\u00e1mica - Fundaci\u00f3 Vidal i Barraquer<\/title>\n<meta name=\"robots\" content=\"index, follow, max-snippet:-1, max-image-preview:large, max-video-preview:-1\" \/>\n<link rel=\"canonical\" href=\"https:\/\/www.fvb.cat\/es\/producto\/las-psicosis-sufrimiento-mental-y-comprension-psicodinamica\/\" \/>\n<meta property=\"og:locale\" content=\"es_ES\" \/>\n<meta property=\"og:type\" content=\"article\" \/>\n<meta property=\"og:title\" content=\"Las Psicosis. Sufrimiento mental y comprensi\u00f3n psicodin\u00e1mica - Fundaci\u00f3 Vidal i Barraquer\" \/>\n<meta property=\"og:description\" content=\"[:ca]AUTOR: Hern\u00e1ndez Espinosa, V\u00edctor  FITXA Tipus de producte: Estudi Editorial: Herder Editorial Idioma:\u00a0Castell\u00e0 N\u00famero de p\u00e0gines: 352  SINOPSI En algun moment del desenvolupament hist\u00f2ric de la psicoan\u00e0lisi i de la psiquiatria acad\u00e8mica es va produir una col\u00b7lisi\u00f3 en qu\u00e8 hi van participar ambdues disciplines. Aquest text desemmascara les esp\u00faries raons d\u2019aquesta col\u00b7lisi\u00f3 i ens mostra la riquesa de les aportacions de m\u00faltiples psicoanalistes a la comprensi\u00f3 i al tractament del trastorn psic\u00f2tic. En una \u00e8poca dominada per un imperialisme biologista que redueix el patiment mental a les seves hipot\u00e8tiques bases bioqu\u00edmiques, resulta necessari rescatar l\u2019escolta, l\u2019inter\u00e8s per all\u00f2 narrat i la cerca del sentit que amaga el discurs psic\u00f2tic. Aix\u00ed, aquesta obra reivindica la psico(pato)logia, estudiada des del model relacional, com la millor font d\u2019informaci\u00f3 sobre la persona que pateix un trastorn d\u2019aquest tipus. Es tracta d\u2019un abordatge que possibilita estrat\u00e8gies d\u2019intervenci\u00f3 m\u00e9s eficaces, ja que facilita la construcci\u00f3 d\u2019un patr\u00f3 diagn\u00f2stic m\u00e9s complex i integrador, m\u00e9s pr\u00f2xim a la realitat de la cl\u00ednica que a la simplicitat pr\u00f2pia de l\u2019actual abordatge biologista.[:es]AUTOR: Hern\u00e1ndez Espinosa, V\u00edctor  FICHA Tipo de producto: Estudio Editorial: Herder Editorial Lengua: Castellano P\u00e1ginas: 352  SINOPSIS En alg\u00fan momento del desarrollo hist\u00f3rico del psicoan\u00e1lisis y de la psiquiatr\u00eda acad\u00e9mica se produjo una colusi\u00f3n en la que participaron ambas disciplinas. El presente texto desenmascara las espurias razones de dicha colusi\u00f3n y nos muestra la riqueza de las aportaciones de m\u00faltiples psicoanalistas a la comprensi\u00f3n y al tratamiento del trastorno psic\u00f3tico. En una \u00e9poca dominada por un imperialismo biologicista que reduce el sufrimiento mental a sus hipot\u00e9ticas bases bioqu\u00edmicas, resulta necesario rescatar la escucha, el inter\u00e9s por lo narrado y la b\u00fasqueda del sentido que encierra el discurso psic\u00f3tico. As\u00ed, la presente obra reivindica la psico(pato)log\u00eda, estudiada desde el modelo relacional, como la mejor fuente de informaci\u00f3n sobre la persona que sufre un trastorno de este tipo. Se trata de un abordaje que posibilita estrategias de intervenci\u00f3n m\u00e1s eficaces, ya que facilita la construcci\u00f3n de un patr\u00f3n diagn\u00f3stico m\u00e1s complejo e integrador, m\u00e1s pr\u00f3ximo a la realidad de la cl\u00ednica que la simplicidad propia del actual abordaje biologicista.[:]\" \/>\n<meta property=\"og:url\" content=\"https:\/\/www.fvb.cat\/es\/producto\/las-psicosis-sufrimiento-mental-y-comprension-psicodinamica\/\" \/>\n<meta property=\"og:site_name\" content=\"Fundaci\u00f3 Vidal i Barraquer\" \/>\n<meta property=\"article:modified_time\" content=\"2024-11-07T15:22:02+00:00\" \/>\n<meta property=\"og:image\" content=\"https:\/\/www.fvb.cat\/wp-content\/uploads\/2017\/06\/IMG_LA-PSICOSIS.jpg\" \/>\n\t<meta property=\"og:image:width\" content=\"700\" \/>\n\t<meta property=\"og:image:height\" content=\"700\" \/>\n\t<meta property=\"og:image:type\" content=\"image\/jpeg\" \/>\n<meta name=\"twitter:card\" content=\"summary_large_image\" \/>\n<meta name=\"twitter:label1\" content=\"Tiempo de lectura\" \/>\n\t<meta name=\"twitter:data1\" content=\"1 minuto\" \/>\n<script type=\"application\/ld+json\" class=\"yoast-schema-graph\">{\"@context\":\"https:\/\/schema.org\",\"@graph\":[{\"@type\":\"WebPage\",\"@id\":\"https:\/\/www.fvb.cat\/es\/producto\/las-psicosis-sufrimiento-mental-y-comprension-psicodinamica\/\",\"url\":\"https:\/\/www.fvb.cat\/es\/producto\/las-psicosis-sufrimiento-mental-y-comprension-psicodinamica\/\",\"name\":\"Las Psicosis. Sufrimiento mental y comprensi\u00f3n psicodin\u00e1mica - Fundaci\u00f3 Vidal i Barraquer\",\"isPartOf\":{\"@id\":\"https:\/\/www.fvb.cat\/es\/#website\"},\"primaryImageOfPage\":{\"@id\":\"https:\/\/www.fvb.cat\/es\/producto\/las-psicosis-sufrimiento-mental-y-comprension-psicodinamica\/#primaryimage\"},\"image\":{\"@id\":\"https:\/\/www.fvb.cat\/es\/producto\/las-psicosis-sufrimiento-mental-y-comprension-psicodinamica\/#primaryimage\"},\"thumbnailUrl\":\"https:\/\/www.fvb.cat\/wp-content\/uploads\/2017\/06\/IMG_LA-PSICOSIS.jpg\",\"datePublished\":\"2017-06-13T08:19:19+00:00\",\"dateModified\":\"2024-11-07T15:22:02+00:00\",\"breadcrumb\":{\"@id\":\"https:\/\/www.fvb.cat\/es\/producto\/las-psicosis-sufrimiento-mental-y-comprension-psicodinamica\/#breadcrumb\"},\"inLanguage\":\"es\",\"potentialAction\":[{\"@type\":\"ReadAction\",\"target\":[\"https:\/\/www.fvb.cat\/es\/producto\/las-psicosis-sufrimiento-mental-y-comprension-psicodinamica\/\"]}]},{\"@type\":\"ImageObject\",\"inLanguage\":\"es\",\"@id\":\"https:\/\/www.fvb.cat\/es\/producto\/las-psicosis-sufrimiento-mental-y-comprension-psicodinamica\/#primaryimage\",\"url\":\"https:\/\/www.fvb.cat\/wp-content\/uploads\/2017\/06\/IMG_LA-PSICOSIS.jpg\",\"contentUrl\":\"https:\/\/www.fvb.cat\/wp-content\/uploads\/2017\/06\/IMG_LA-PSICOSIS.jpg\",\"width\":700,\"height\":700},{\"@type\":\"BreadcrumbList\",\"@id\":\"https:\/\/www.fvb.cat\/es\/producto\/las-psicosis-sufrimiento-mental-y-comprension-psicodinamica\/#breadcrumb\",\"itemListElement\":[{\"@type\":\"ListItem\",\"position\":1,\"name\":\"Inici\",\"item\":\"https:\/\/www.fvb.cat\/es\/\"},{\"@type\":\"ListItem\",\"position\":2,\"name\":\"Botiga\",\"item\":\"https:\/\/www.fvb.cat\/es\/botiga\/\"},{\"@type\":\"ListItem\",\"position\":3,\"name\":\"Las Psicosis. Sufrimiento mental y comprensi\u00f3n psicodin\u00e1mica\"}]},{\"@type\":\"WebSite\",\"@id\":\"https:\/\/www.fvb.cat\/es\/#website\",\"url\":\"https:\/\/www.fvb.cat\/es\/\",\"name\":\"Fundaci\u00f3 Vidal i Barraquer\",\"description\":\"Asistencia, docencia e investigaci\u00f3n en Salud Mental\",\"publisher\":{\"@id\":\"https:\/\/www.fvb.cat\/es\/#organization\"},\"potentialAction\":[{\"@type\":\"SearchAction\",\"target\":{\"@type\":\"EntryPoint\",\"urlTemplate\":\"https:\/\/www.fvb.cat\/es\/?s={search_term_string}\"},\"query-input\":\"required name=search_term_string\"}],\"inLanguage\":\"es\"},{\"@type\":\"Organization\",\"@id\":\"https:\/\/www.fvb.cat\/es\/#organization\",\"name\":\"Fundaci\u00f3 Vidal i Barraquer\",\"url\":\"https:\/\/www.fvb.cat\/es\/\",\"logo\":{\"@type\":\"ImageObject\",\"inLanguage\":\"es\",\"@id\":\"https:\/\/www.fvb.cat\/es\/#\/schema\/logo\/image\/\",\"url\":\"https:\/\/www.fvb.cat\/wp-content\/uploads\/2024\/05\/logo-vidal-i-barrauqer-60-aniversari.jpg\",\"contentUrl\":\"https:\/\/www.fvb.cat\/wp-content\/uploads\/2024\/05\/logo-vidal-i-barrauqer-60-aniversari.jpg\",\"width\":2125,\"height\":703,\"caption\":\"Fundaci\u00f3 Vidal i Barraquer\"},\"image\":{\"@id\":\"https:\/\/www.fvb.cat\/es\/#\/schema\/logo\/image\/\"}}]}<\/script>\n<!-- \/ Yoast SEO plugin. -->","yoast_head_json":{"title":"Las Psicosis. Sufrimiento mental y comprensi\u00f3n psicodin\u00e1mica - Fundaci\u00f3 Vidal i Barraquer","robots":{"index":"index","follow":"follow","max-snippet":"max-snippet:-1","max-image-preview":"max-image-preview:large","max-video-preview":"max-video-preview:-1"},"canonical":"https:\/\/www.fvb.cat\/es\/producto\/las-psicosis-sufrimiento-mental-y-comprension-psicodinamica\/","og_locale":"es_ES","og_type":"article","og_title":"Las Psicosis. Sufrimiento mental y comprensi\u00f3n psicodin\u00e1mica - Fundaci\u00f3 Vidal i Barraquer","og_description":"[:ca]AUTOR: Hern\u00e1ndez Espinosa, V\u00edctor  FITXA Tipus de producte: Estudi Editorial: Herder Editorial Idioma:\u00a0Castell\u00e0 N\u00famero de p\u00e0gines: 352  SINOPSI En algun moment del desenvolupament hist\u00f2ric de la psicoan\u00e0lisi i de la psiquiatria acad\u00e8mica es va produir una col\u00b7lisi\u00f3 en qu\u00e8 hi van participar ambdues disciplines. Aquest text desemmascara les esp\u00faries raons d\u2019aquesta col\u00b7lisi\u00f3 i ens mostra la riquesa de les aportacions de m\u00faltiples psicoanalistes a la comprensi\u00f3 i al tractament del trastorn psic\u00f2tic. En una \u00e8poca dominada per un imperialisme biologista que redueix el patiment mental a les seves hipot\u00e8tiques bases bioqu\u00edmiques, resulta necessari rescatar l\u2019escolta, l\u2019inter\u00e8s per all\u00f2 narrat i la cerca del sentit que amaga el discurs psic\u00f2tic. Aix\u00ed, aquesta obra reivindica la psico(pato)logia, estudiada des del model relacional, com la millor font d\u2019informaci\u00f3 sobre la persona que pateix un trastorn d\u2019aquest tipus. Es tracta d\u2019un abordatge que possibilita estrat\u00e8gies d\u2019intervenci\u00f3 m\u00e9s eficaces, ja que facilita la construcci\u00f3 d\u2019un patr\u00f3 diagn\u00f2stic m\u00e9s complex i integrador, m\u00e9s pr\u00f2xim a la realitat de la cl\u00ednica que a la simplicitat pr\u00f2pia de l\u2019actual abordatge biologista.[:es]AUTOR: Hern\u00e1ndez Espinosa, V\u00edctor  FICHA Tipo de producto: Estudio Editorial: Herder Editorial Lengua: Castellano P\u00e1ginas: 352  SINOPSIS En alg\u00fan momento del desarrollo hist\u00f3rico del psicoan\u00e1lisis y de la psiquiatr\u00eda acad\u00e9mica se produjo una colusi\u00f3n en la que participaron ambas disciplinas. El presente texto desenmascara las espurias razones de dicha colusi\u00f3n y nos muestra la riqueza de las aportaciones de m\u00faltiples psicoanalistas a la comprensi\u00f3n y al tratamiento del trastorno psic\u00f3tico. En una \u00e9poca dominada por un imperialismo biologicista que reduce el sufrimiento mental a sus hipot\u00e9ticas bases bioqu\u00edmicas, resulta necesario rescatar la escucha, el inter\u00e9s por lo narrado y la b\u00fasqueda del sentido que encierra el discurso psic\u00f3tico. As\u00ed, la presente obra reivindica la psico(pato)log\u00eda, estudiada desde el modelo relacional, como la mejor fuente de informaci\u00f3n sobre la persona que sufre un trastorno de este tipo. Se trata de un abordaje que posibilita estrategias de intervenci\u00f3n m\u00e1s eficaces, ya que facilita la construcci\u00f3n de un patr\u00f3n diagn\u00f3stico m\u00e1s complejo e integrador, m\u00e1s pr\u00f3ximo a la realidad de la cl\u00ednica que la simplicidad propia del actual abordaje biologicista.[:]","og_url":"https:\/\/www.fvb.cat\/es\/producto\/las-psicosis-sufrimiento-mental-y-comprension-psicodinamica\/","og_site_name":"Fundaci\u00f3 Vidal i Barraquer","article_modified_time":"2024-11-07T15:22:02+00:00","og_image":[{"width":700,"height":700,"url":"https:\/\/www.fvb.cat\/wp-content\/uploads\/2017\/06\/IMG_LA-PSICOSIS.jpg","type":"image\/jpeg"}],"twitter_card":"summary_large_image","twitter_misc":{"Tiempo de lectura":"1 minuto"},"schema":{"@context":"https:\/\/schema.org","@graph":[{"@type":"WebPage","@id":"https:\/\/www.fvb.cat\/es\/producto\/las-psicosis-sufrimiento-mental-y-comprension-psicodinamica\/","url":"https:\/\/www.fvb.cat\/es\/producto\/las-psicosis-sufrimiento-mental-y-comprension-psicodinamica\/","name":"Las Psicosis. Sufrimiento mental y comprensi\u00f3n psicodin\u00e1mica - Fundaci\u00f3 Vidal i Barraquer","isPartOf":{"@id":"https:\/\/www.fvb.cat\/es\/#website"},"primaryImageOfPage":{"@id":"https:\/\/www.fvb.cat\/es\/producto\/las-psicosis-sufrimiento-mental-y-comprension-psicodinamica\/#primaryimage"},"image":{"@id":"https:\/\/www.fvb.cat\/es\/producto\/las-psicosis-sufrimiento-mental-y-comprension-psicodinamica\/#primaryimage"},"thumbnailUrl":"https:\/\/www.fvb.cat\/wp-content\/uploads\/2017\/06\/IMG_LA-PSICOSIS.jpg","datePublished":"2017-06-13T08:19:19+00:00","dateModified":"2024-11-07T15:22:02+00:00","breadcrumb":{"@id":"https:\/\/www.fvb.cat\/es\/producto\/las-psicosis-sufrimiento-mental-y-comprension-psicodinamica\/#breadcrumb"},"inLanguage":"es","potentialAction":[{"@type":"ReadAction","target":["https:\/\/www.fvb.cat\/es\/producto\/las-psicosis-sufrimiento-mental-y-comprension-psicodinamica\/"]}]},{"@type":"ImageObject","inLanguage":"es","@id":"https:\/\/www.fvb.cat\/es\/producto\/las-psicosis-sufrimiento-mental-y-comprension-psicodinamica\/#primaryimage","url":"https:\/\/www.fvb.cat\/wp-content\/uploads\/2017\/06\/IMG_LA-PSICOSIS.jpg","contentUrl":"https:\/\/www.fvb.cat\/wp-content\/uploads\/2017\/06\/IMG_LA-PSICOSIS.jpg","width":700,"height":700},{"@type":"BreadcrumbList","@id":"https:\/\/www.fvb.cat\/es\/producto\/las-psicosis-sufrimiento-mental-y-comprension-psicodinamica\/#breadcrumb","itemListElement":[{"@type":"ListItem","position":1,"name":"Inici","item":"https:\/\/www.fvb.cat\/es\/"},{"@type":"ListItem","position":2,"name":"Botiga","item":"https:\/\/www.fvb.cat\/es\/botiga\/"},{"@type":"ListItem","position":3,"name":"Las Psicosis. Sufrimiento mental y comprensi\u00f3n psicodin\u00e1mica"}]},{"@type":"WebSite","@id":"https:\/\/www.fvb.cat\/es\/#website","url":"https:\/\/www.fvb.cat\/es\/","name":"Fundaci\u00f3 Vidal i Barraquer","description":"Asistencia, docencia e investigaci\u00f3n en Salud Mental","publisher":{"@id":"https:\/\/www.fvb.cat\/es\/#organization"},"potentialAction":[{"@type":"SearchAction","target":{"@type":"EntryPoint","urlTemplate":"https:\/\/www.fvb.cat\/es\/?s={search_term_string}"},"query-input":"required name=search_term_string"}],"inLanguage":"es"},{"@type":"Organization","@id":"https:\/\/www.fvb.cat\/es\/#organization","name":"Fundaci\u00f3 Vidal i Barraquer","url":"https:\/\/www.fvb.cat\/es\/","logo":{"@type":"ImageObject","inLanguage":"es","@id":"https:\/\/www.fvb.cat\/es\/#\/schema\/logo\/image\/","url":"https:\/\/www.fvb.cat\/wp-content\/uploads\/2024\/05\/logo-vidal-i-barrauqer-60-aniversari.jpg","contentUrl":"https:\/\/www.fvb.cat\/wp-content\/uploads\/2024\/05\/logo-vidal-i-barrauqer-60-aniversari.jpg","width":2125,"height":703,"caption":"Fundaci\u00f3 Vidal i Barraquer"},"image":{"@id":"https:\/\/www.fvb.cat\/es\/#\/schema\/logo\/image\/"}}]}},"_links":{"self":[{"href":"https:\/\/www.fvb.cat\/es\/wp-json\/wp\/v2\/product\/6529"}],"collection":[{"href":"https:\/\/www.fvb.cat\/es\/wp-json\/wp\/v2\/product"}],"about":[{"href":"https:\/\/www.fvb.cat\/es\/wp-json\/wp\/v2\/types\/product"}],"wp:featuredmedia":[{"embeddable":true,"href":"https:\/\/www.fvb.cat\/es\/wp-json\/wp\/v2\/media\/16373"}],"wp:attachment":[{"href":"https:\/\/www.fvb.cat\/es\/wp-json\/wp\/v2\/media?parent=6529"}],"wp:term":[{"taxonomy":"product_cat","embeddable":true,"href":"https:\/\/www.fvb.cat\/es\/wp-json\/wp\/v2\/product_cat?post=6529"},{"taxonomy":"product_tag","embeddable":true,"href":"https:\/\/www.fvb.cat\/es\/wp-json\/wp\/v2\/product_tag?post=6529"}],"curies":[{"name":"wp","href":"https:\/\/api.w.org\/{rel}","templated":true}]}}