{"id":6518,"date":"2017-06-12T10:03:31","date_gmt":"2017-06-12T09:03:31","guid":{"rendered":"http:\/\/www.fvb.cat\/?post_type=product&#038;p=6518"},"modified":"2019-10-22T18:16:18","modified_gmt":"2019-10-22T17:16:18","slug":"manual-de-neuropsicologia-forense-de-la-clinica-als-tribunals","status":"publish","type":"product","link":"https:\/\/www.fvb.cat\/es\/producto\/manual-de-neuropsicologia-forense-de-la-clinica-a-los-tribunales\/","title":{"rendered":"Manual de Neuropsicolog\u00eda forense. De la cl\u00ednica a los tribunales"},"content":{"rendered":"","protected":false},"excerpt":{"rendered":"<p><strong>AUTOR: <\/strong>Jarne, Adolfo y Aliga, \u00c1lvaro<\/p>\n<p><strong>FICHA<\/strong><br \/>\nTipo de producto: Estudio<br \/>\nEditorial: Herder Editorial<br \/>\nLengua: Castellano<br \/>\nP\u00e1ginas: 784<\/p>\n<p><strong>SINOPSIS<\/strong><br \/>\nCada vez m\u00e1s, los juzgados demandan a profesionales de la neuropsicolog\u00eda por las valiosas aportaciones que pueden realizar en materias civiles, laborales y penales. El Manual de Neuropsicolog\u00eda Forense es el primer libro sobre esta tem\u00e1tica que se publica en lengua espa\u00f1ola y que ha contado con la colaboraci\u00f3n de profesionales de Espa\u00f1a, Chile, Argentina, M\u00e9xico y Estados Unidos adscritos a prestigiosas universidades, centros de investigaci\u00f3n, hospitales y unidades forenses especializadas. La primera parte es una revisi\u00f3n te\u00f3rica de la neuropsicolog\u00eda forense y los aspectos elementales que constituyen su ejercicio mientras que la segunda se centra en la evaluaci\u00f3n pericial en patolog\u00edas neurol\u00f3gicas y neuropsiqui\u00e1tricas espec\u00edficas. Este manual constituye un material fundamental para psic\u00f3logos y psiquiatras forenses, neuropsic\u00f3logos, neur\u00f3logos, neurocient\u00edficos y juristas.<\/p>\n","protected":false},"featured_media":6515,"template":"","meta":[],"product_cat":[57],"product_tag":[65],"yoast_head":"<!-- This site is optimized with the Yoast SEO plugin v22.6 - https:\/\/yoast.com\/wordpress\/plugins\/seo\/ -->\n<title>Manual de Neuropsicolog\u00eda forense. De la cl\u00ednica a los tribunales - Fundaci\u00f3 Vidal i Barraquer<\/title>\n<meta name=\"robots\" content=\"index, follow, max-snippet:-1, max-image-preview:large, max-video-preview:-1\" \/>\n<link rel=\"canonical\" href=\"https:\/\/www.fvb.cat\/ca\/producte\/manual-de-neuropsicologia-forense-de-la-clinica-als-tribunals\/\" \/>\n<meta property=\"og:locale\" content=\"es_ES\" \/>\n<meta property=\"og:type\" content=\"article\" \/>\n<meta property=\"og:title\" content=\"Manual de Neuropsicolog\u00eda forense. De la cl\u00ednica a los tribunales - Fundaci\u00f3 Vidal i Barraquer\" \/>\n<meta property=\"og:description\" content=\"[:ca]AUTOR: Jarne, Adolfo i \u00a0Aliga, \u00c1lvaro  FITXA Tipus de producte:\u00a0Estudi Editorial:\u00a0Herder Editorial Idioma:\u00a0Castell\u00e0 N\u00famero de p\u00e0gines:\u00a0784  SINOPSI Cada\u00a0cop m\u00e9s, els jutjats demanen professionals de la neuropsicologia per les valuoses aportacions que poden realitzar en mat\u00e8ries civils, laborals i penals. El \u201cManual de Neuropsicologia Forense\u201d \u00e9s el primer llibre sobre aquesta tem\u00e0tica que es publica en llengua espanyola i que ha comptat amb la col\u00b7laboraci\u00f3 de professionals d\u2019Espanya, Xile, Argentina, M\u00e8xic i els Estats Units adscrits a prestigioses universitats, centres d\u2019investigaci\u00f3, hospitals i unitats forenses especialitzades. La primera part \u00e9s una revisi\u00f3 te\u00f2rica de la neuropsicologia forense i dels aspectes elementals que constitueixen el seu exercici, mentre que la segona se centra en l\u2019avaluaci\u00f3 pericial en patologies neurol\u00f2giques i neuropsiquiatries especifiques. Aquest manual constitueix un material fonamental per a psic\u00f2legs i psiquiatres forenses, neuropsic\u00f2legs, neur\u00f2legs, neurocient\u00edfics i juristes.[:es]AUTOR: Jarne, Adolfo y Aliga, \u00c1lvaro  FICHA Tipo de producto: Estudio Editorial: Herder Editorial Lengua: Castellano P\u00e1ginas: 784  SINOPSIS Cada vez m\u00e1s, los juzgados demandan a profesionales de la neuropsicolog\u00eda por las valiosas aportaciones que pueden realizar en materias civiles, laborales y penales. El Manual de Neuropsicolog\u00eda Forense es el primer libro sobre esta tem\u00e1tica que se publica en lengua espa\u00f1ola y que ha contado con la colaboraci\u00f3n de profesionales de Espa\u00f1a, Chile, Argentina, M\u00e9xico y Estados Unidos adscritos a prestigiosas universidades, centros de investigaci\u00f3n, hospitales y unidades forenses especializadas. La primera parte es una revisi\u00f3n te\u00f3rica de la neuropsicolog\u00eda forense y los aspectos elementales que constituyen su ejercicio mientras que la segunda se centra en la evaluaci\u00f3n pericial en patolog\u00edas neurol\u00f3gicas y neuropsiqui\u00e1tricas espec\u00edficas. Este manual constituye un material fundamental para psic\u00f3logos y psiquiatras forenses, neuropsic\u00f3logos, neur\u00f3logos, neurocient\u00edficos y juristas.[:]\" \/>\n<meta property=\"og:url\" content=\"https:\/\/www.fvb.cat\/ca\/producte\/manual-de-neuropsicologia-forense-de-la-clinica-als-tribunals\/\" \/>\n<meta property=\"og:site_name\" content=\"Fundaci\u00f3 Vidal i Barraquer\" \/>\n<meta property=\"article:modified_time\" content=\"2019-10-22T17:16:18+00:00\" \/>\n<meta property=\"og:image\" content=\"https:\/\/www.fvb.cat\/wp-content\/uploads\/2017\/06\/cover_llibre.jpg\" \/>\n\t<meta property=\"og:image:width\" content=\"1000\" \/>\n\t<meta property=\"og:image:height\" content=\"700\" \/>\n\t<meta property=\"og:image:type\" content=\"image\/jpeg\" \/>\n<meta name=\"twitter:card\" content=\"summary_large_image\" \/>\n<script type=\"application\/ld+json\" class=\"yoast-schema-graph\">{\"@context\":\"https:\/\/schema.org\",\"@graph\":[{\"@type\":\"WebPage\",\"@id\":\"https:\/\/www.fvb.cat\/ca\/producte\/manual-de-neuropsicologia-forense-de-la-clinica-als-tribunals\/\",\"url\":\"https:\/\/www.fvb.cat\/ca\/producte\/manual-de-neuropsicologia-forense-de-la-clinica-als-tribunals\/\",\"name\":\"Manual de Neuropsicolog\u00eda forense. De la cl\u00ednica a los tribunales - Fundaci\u00f3 Vidal i Barraquer\",\"isPartOf\":{\"@id\":\"https:\/\/www.fvb.cat\/es\/#website\"},\"primaryImageOfPage\":{\"@id\":\"https:\/\/www.fvb.cat\/ca\/producte\/manual-de-neuropsicologia-forense-de-la-clinica-als-tribunals\/#primaryimage\"},\"image\":{\"@id\":\"https:\/\/www.fvb.cat\/ca\/producte\/manual-de-neuropsicologia-forense-de-la-clinica-als-tribunals\/#primaryimage\"},\"thumbnailUrl\":\"https:\/\/www.fvb.cat\/wp-content\/uploads\/2017\/06\/cover_llibre.jpg\",\"datePublished\":\"2017-06-12T09:03:31+00:00\",\"dateModified\":\"2019-10-22T17:16:18+00:00\",\"breadcrumb\":{\"@id\":\"https:\/\/www.fvb.cat\/ca\/producte\/manual-de-neuropsicologia-forense-de-la-clinica-als-tribunals\/#breadcrumb\"},\"inLanguage\":\"es\",\"potentialAction\":[{\"@type\":\"ReadAction\",\"target\":[\"https:\/\/www.fvb.cat\/ca\/producte\/manual-de-neuropsicologia-forense-de-la-clinica-als-tribunals\/\"]}]},{\"@type\":\"ImageObject\",\"inLanguage\":\"es\",\"@id\":\"https:\/\/www.fvb.cat\/ca\/producte\/manual-de-neuropsicologia-forense-de-la-clinica-als-tribunals\/#primaryimage\",\"url\":\"https:\/\/www.fvb.cat\/wp-content\/uploads\/2017\/06\/cover_llibre.jpg\",\"contentUrl\":\"https:\/\/www.fvb.cat\/wp-content\/uploads\/2017\/06\/cover_llibre.jpg\",\"width\":1000,\"height\":700},{\"@type\":\"BreadcrumbList\",\"@id\":\"https:\/\/www.fvb.cat\/ca\/producte\/manual-de-neuropsicologia-forense-de-la-clinica-als-tribunals\/#breadcrumb\",\"itemListElement\":[{\"@type\":\"ListItem\",\"position\":1,\"name\":\"Inici\",\"item\":\"https:\/\/www.fvb.cat\/es\/\"},{\"@type\":\"ListItem\",\"position\":2,\"name\":\"Botiga\",\"item\":\"https:\/\/www.fvb.cat\/es\/botiga\/\"},{\"@type\":\"ListItem\",\"position\":3,\"name\":\"Manual de Neuropsicolog\u00eda forense. De la cl\u00ednica a los tribunales\"}]},{\"@type\":\"WebSite\",\"@id\":\"https:\/\/www.fvb.cat\/es\/#website\",\"url\":\"https:\/\/www.fvb.cat\/es\/\",\"name\":\"Fundaci\u00f3 Vidal i Barraquer\",\"description\":\"Asistencia, docencia e investigaci\u00f3n en Salud Mental\",\"publisher\":{\"@id\":\"https:\/\/www.fvb.cat\/es\/#organization\"},\"potentialAction\":[{\"@type\":\"SearchAction\",\"target\":{\"@type\":\"EntryPoint\",\"urlTemplate\":\"https:\/\/www.fvb.cat\/es\/?s={search_term_string}\"},\"query-input\":\"required name=search_term_string\"}],\"inLanguage\":\"es\"},{\"@type\":\"Organization\",\"@id\":\"https:\/\/www.fvb.cat\/es\/#organization\",\"name\":\"Fundaci\u00f3 Vidal i Barraquer\",\"url\":\"https:\/\/www.fvb.cat\/es\/\",\"logo\":{\"@type\":\"ImageObject\",\"inLanguage\":\"es\",\"@id\":\"https:\/\/www.fvb.cat\/es\/#\/schema\/logo\/image\/\",\"url\":\"https:\/\/www.fvb.cat\/wp-content\/uploads\/2024\/05\/logo-vidal-i-barrauqer-60-aniversari.jpg\",\"contentUrl\":\"https:\/\/www.fvb.cat\/wp-content\/uploads\/2024\/05\/logo-vidal-i-barrauqer-60-aniversari.jpg\",\"width\":2125,\"height\":703,\"caption\":\"Fundaci\u00f3 Vidal i Barraquer\"},\"image\":{\"@id\":\"https:\/\/www.fvb.cat\/es\/#\/schema\/logo\/image\/\"}}]}<\/script>\n<!-- \/ Yoast SEO plugin. -->","yoast_head_json":{"title":"Manual de Neuropsicolog\u00eda forense. De la cl\u00ednica a los tribunales - Fundaci\u00f3 Vidal i Barraquer","robots":{"index":"index","follow":"follow","max-snippet":"max-snippet:-1","max-image-preview":"max-image-preview:large","max-video-preview":"max-video-preview:-1"},"canonical":"https:\/\/www.fvb.cat\/ca\/producte\/manual-de-neuropsicologia-forense-de-la-clinica-als-tribunals\/","og_locale":"es_ES","og_type":"article","og_title":"Manual de Neuropsicolog\u00eda forense. De la cl\u00ednica a los tribunales - Fundaci\u00f3 Vidal i Barraquer","og_description":"[:ca]AUTOR: Jarne, Adolfo i \u00a0Aliga, \u00c1lvaro  FITXA Tipus de producte:\u00a0Estudi Editorial:\u00a0Herder Editorial Idioma:\u00a0Castell\u00e0 N\u00famero de p\u00e0gines:\u00a0784  SINOPSI Cada\u00a0cop m\u00e9s, els jutjats demanen professionals de la neuropsicologia per les valuoses aportacions que poden realitzar en mat\u00e8ries civils, laborals i penals. El \u201cManual de Neuropsicologia Forense\u201d \u00e9s el primer llibre sobre aquesta tem\u00e0tica que es publica en llengua espanyola i que ha comptat amb la col\u00b7laboraci\u00f3 de professionals d\u2019Espanya, Xile, Argentina, M\u00e8xic i els Estats Units adscrits a prestigioses universitats, centres d\u2019investigaci\u00f3, hospitals i unitats forenses especialitzades. La primera part \u00e9s una revisi\u00f3 te\u00f2rica de la neuropsicologia forense i dels aspectes elementals que constitueixen el seu exercici, mentre que la segona se centra en l\u2019avaluaci\u00f3 pericial en patologies neurol\u00f2giques i neuropsiquiatries especifiques. Aquest manual constitueix un material fonamental per a psic\u00f2legs i psiquiatres forenses, neuropsic\u00f2legs, neur\u00f2legs, neurocient\u00edfics i juristes.[:es]AUTOR: Jarne, Adolfo y Aliga, \u00c1lvaro  FICHA Tipo de producto: Estudio Editorial: Herder Editorial Lengua: Castellano P\u00e1ginas: 784  SINOPSIS Cada vez m\u00e1s, los juzgados demandan a profesionales de la neuropsicolog\u00eda por las valiosas aportaciones que pueden realizar en materias civiles, laborales y penales. El Manual de Neuropsicolog\u00eda Forense es el primer libro sobre esta tem\u00e1tica que se publica en lengua espa\u00f1ola y que ha contado con la colaboraci\u00f3n de profesionales de Espa\u00f1a, Chile, Argentina, M\u00e9xico y Estados Unidos adscritos a prestigiosas universidades, centros de investigaci\u00f3n, hospitales y unidades forenses especializadas. La primera parte es una revisi\u00f3n te\u00f3rica de la neuropsicolog\u00eda forense y los aspectos elementales que constituyen su ejercicio mientras que la segunda se centra en la evaluaci\u00f3n pericial en patolog\u00edas neurol\u00f3gicas y neuropsiqui\u00e1tricas espec\u00edficas. Este manual constituye un material fundamental para psic\u00f3logos y psiquiatras forenses, neuropsic\u00f3logos, neur\u00f3logos, neurocient\u00edficos y juristas.[:]","og_url":"https:\/\/www.fvb.cat\/ca\/producte\/manual-de-neuropsicologia-forense-de-la-clinica-als-tribunals\/","og_site_name":"Fundaci\u00f3 Vidal i Barraquer","article_modified_time":"2019-10-22T17:16:18+00:00","og_image":[{"width":1000,"height":700,"url":"https:\/\/www.fvb.cat\/wp-content\/uploads\/2017\/06\/cover_llibre.jpg","type":"image\/jpeg"}],"twitter_card":"summary_large_image","schema":{"@context":"https:\/\/schema.org","@graph":[{"@type":"WebPage","@id":"https:\/\/www.fvb.cat\/ca\/producte\/manual-de-neuropsicologia-forense-de-la-clinica-als-tribunals\/","url":"https:\/\/www.fvb.cat\/ca\/producte\/manual-de-neuropsicologia-forense-de-la-clinica-als-tribunals\/","name":"Manual de Neuropsicolog\u00eda forense. De la cl\u00ednica a los tribunales - Fundaci\u00f3 Vidal i Barraquer","isPartOf":{"@id":"https:\/\/www.fvb.cat\/es\/#website"},"primaryImageOfPage":{"@id":"https:\/\/www.fvb.cat\/ca\/producte\/manual-de-neuropsicologia-forense-de-la-clinica-als-tribunals\/#primaryimage"},"image":{"@id":"https:\/\/www.fvb.cat\/ca\/producte\/manual-de-neuropsicologia-forense-de-la-clinica-als-tribunals\/#primaryimage"},"thumbnailUrl":"https:\/\/www.fvb.cat\/wp-content\/uploads\/2017\/06\/cover_llibre.jpg","datePublished":"2017-06-12T09:03:31+00:00","dateModified":"2019-10-22T17:16:18+00:00","breadcrumb":{"@id":"https:\/\/www.fvb.cat\/ca\/producte\/manual-de-neuropsicologia-forense-de-la-clinica-als-tribunals\/#breadcrumb"},"inLanguage":"es","potentialAction":[{"@type":"ReadAction","target":["https:\/\/www.fvb.cat\/ca\/producte\/manual-de-neuropsicologia-forense-de-la-clinica-als-tribunals\/"]}]},{"@type":"ImageObject","inLanguage":"es","@id":"https:\/\/www.fvb.cat\/ca\/producte\/manual-de-neuropsicologia-forense-de-la-clinica-als-tribunals\/#primaryimage","url":"https:\/\/www.fvb.cat\/wp-content\/uploads\/2017\/06\/cover_llibre.jpg","contentUrl":"https:\/\/www.fvb.cat\/wp-content\/uploads\/2017\/06\/cover_llibre.jpg","width":1000,"height":700},{"@type":"BreadcrumbList","@id":"https:\/\/www.fvb.cat\/ca\/producte\/manual-de-neuropsicologia-forense-de-la-clinica-als-tribunals\/#breadcrumb","itemListElement":[{"@type":"ListItem","position":1,"name":"Inici","item":"https:\/\/www.fvb.cat\/es\/"},{"@type":"ListItem","position":2,"name":"Botiga","item":"https:\/\/www.fvb.cat\/es\/botiga\/"},{"@type":"ListItem","position":3,"name":"Manual de Neuropsicolog\u00eda forense. De la cl\u00ednica a los tribunales"}]},{"@type":"WebSite","@id":"https:\/\/www.fvb.cat\/es\/#website","url":"https:\/\/www.fvb.cat\/es\/","name":"Fundaci\u00f3 Vidal i Barraquer","description":"Asistencia, docencia e investigaci\u00f3n en Salud Mental","publisher":{"@id":"https:\/\/www.fvb.cat\/es\/#organization"},"potentialAction":[{"@type":"SearchAction","target":{"@type":"EntryPoint","urlTemplate":"https:\/\/www.fvb.cat\/es\/?s={search_term_string}"},"query-input":"required name=search_term_string"}],"inLanguage":"es"},{"@type":"Organization","@id":"https:\/\/www.fvb.cat\/es\/#organization","name":"Fundaci\u00f3 Vidal i Barraquer","url":"https:\/\/www.fvb.cat\/es\/","logo":{"@type":"ImageObject","inLanguage":"es","@id":"https:\/\/www.fvb.cat\/es\/#\/schema\/logo\/image\/","url":"https:\/\/www.fvb.cat\/wp-content\/uploads\/2024\/05\/logo-vidal-i-barrauqer-60-aniversari.jpg","contentUrl":"https:\/\/www.fvb.cat\/wp-content\/uploads\/2024\/05\/logo-vidal-i-barrauqer-60-aniversari.jpg","width":2125,"height":703,"caption":"Fundaci\u00f3 Vidal i Barraquer"},"image":{"@id":"https:\/\/www.fvb.cat\/es\/#\/schema\/logo\/image\/"}}]}},"_links":{"self":[{"href":"https:\/\/www.fvb.cat\/es\/wp-json\/wp\/v2\/product\/6518"}],"collection":[{"href":"https:\/\/www.fvb.cat\/es\/wp-json\/wp\/v2\/product"}],"about":[{"href":"https:\/\/www.fvb.cat\/es\/wp-json\/wp\/v2\/types\/product"}],"wp:featuredmedia":[{"embeddable":true,"href":"https:\/\/www.fvb.cat\/es\/wp-json\/wp\/v2\/media\/6515"}],"wp:attachment":[{"href":"https:\/\/www.fvb.cat\/es\/wp-json\/wp\/v2\/media?parent=6518"}],"wp:term":[{"taxonomy":"product_cat","embeddable":true,"href":"https:\/\/www.fvb.cat\/es\/wp-json\/wp\/v2\/product_cat?post=6518"},{"taxonomy":"product_tag","embeddable":true,"href":"https:\/\/www.fvb.cat\/es\/wp-json\/wp\/v2\/product_tag?post=6518"}],"curies":[{"name":"wp","href":"https:\/\/api.w.org\/{rel}","templated":true}]}}