{"id":16697,"date":"2025-01-21T09:24:16","date_gmt":"2025-01-21T08:24:16","guid":{"rendered":"https:\/\/www.fvb.cat\/ca\/?post_type=product&#038;p=16697"},"modified":"2025-07-28T08:15:26","modified_gmt":"2025-07-28T07:15:26","slug":"supervisio-grupal","status":"publish","type":"product","link":"https:\/\/www.fvb.cat\/es\/producto\/supervision-grupal\/","title":{"rendered":"SUPERVISI\u00d3N GRUPAL"},"content":{"rendered":"","protected":false},"excerpt":{"rendered":"Fundaci\u00f3n Vidal i Barraquer Somos una instituci\u00f3n creada en 1964 y dedicada...","protected":false},"featured_media":0,"template":"","meta":[],"product_cat":[225],"product_tag":[],"yoast_head":"<!-- This site is optimized with the Yoast SEO plugin v22.6 - https:\/\/yoast.com\/wordpress\/plugins\/seo\/ -->\n<title>SUPERVISI\u00d3N GRUPAL - Fundaci\u00f3 Vidal i Barraquer<\/title>\n<meta name=\"robots\" content=\"index, follow, max-snippet:-1, max-image-preview:large, max-video-preview:-1\" \/>\n<link rel=\"canonical\" href=\"https:\/\/www.fvb.cat\/es\/producto\/supervision-grupal\/\" \/>\n<meta property=\"og:locale\" content=\"es_ES\" \/>\n<meta property=\"og:type\" content=\"article\" \/>\n<meta property=\"og:title\" content=\"[:ca]SUPERVISI\u00d3 GRUPAL[:es]SUPERVISI\u00d3N GRUPAL[:] - Fundaci\u00f3 Vidal i Barraquer\" \/>\n<meta property=\"og:url\" content=\"https:\/\/www.fvb.cat\/es\/producto\/supervision-grupal\/\" \/>\n<meta property=\"og:site_name\" content=\"Fundaci\u00f3 Vidal i Barraquer\" \/>\n<meta property=\"article:modified_time\" content=\"2025-07-28T07:15:26+00:00\" \/>\n<meta name=\"twitter:card\" content=\"summary_large_image\" \/>\n<script type=\"application\/ld+json\" class=\"yoast-schema-graph\">{\"@context\":\"https:\/\/schema.org\",\"@graph\":[{\"@type\":\"WebPage\",\"@id\":\"https:\/\/www.fvb.cat\/es\/producto\/supervision-grupal\/\",\"url\":\"https:\/\/www.fvb.cat\/es\/producto\/supervision-grupal\/\",\"name\":\"[:ca]SUPERVISI\u00d3 GRUPAL[:es]SUPERVISI\u00d3N GRUPAL[:] - Fundaci\u00f3 Vidal i Barraquer\",\"isPartOf\":{\"@id\":\"https:\/\/www.fvb.cat\/es\/#website\"},\"datePublished\":\"2025-01-21T08:24:16+00:00\",\"dateModified\":\"2025-07-28T07:15:26+00:00\",\"breadcrumb\":{\"@id\":\"https:\/\/www.fvb.cat\/es\/producto\/supervision-grupal\/#breadcrumb\"},\"inLanguage\":\"es\",\"potentialAction\":[{\"@type\":\"ReadAction\",\"target\":[\"https:\/\/www.fvb.cat\/es\/producto\/supervision-grupal\/\"]}]},{\"@type\":\"BreadcrumbList\",\"@id\":\"https:\/\/www.fvb.cat\/es\/producto\/supervision-grupal\/#breadcrumb\",\"itemListElement\":[{\"@type\":\"ListItem\",\"position\":1,\"name\":\"Inici\",\"item\":\"https:\/\/www.fvb.cat\/es\/\"},{\"@type\":\"ListItem\",\"position\":2,\"name\":\"Botiga\",\"item\":\"https:\/\/www.fvb.cat\/es\/botiga\/\"},{\"@type\":\"ListItem\",\"position\":3,\"name\":\"SUPERVISI\u00d3N GRUPAL\"}]},{\"@type\":\"WebSite\",\"@id\":\"https:\/\/www.fvb.cat\/es\/#website\",\"url\":\"https:\/\/www.fvb.cat\/es\/\",\"name\":\"Fundaci\u00f3 Vidal i Barraquer\",\"description\":\"Asistencia, docencia e investigaci\u00f3n en Salud Mental\",\"publisher\":{\"@id\":\"https:\/\/www.fvb.cat\/es\/#organization\"},\"potentialAction\":[{\"@type\":\"SearchAction\",\"target\":{\"@type\":\"EntryPoint\",\"urlTemplate\":\"https:\/\/www.fvb.cat\/es\/?s={search_term_string}\"},\"query-input\":\"required name=search_term_string\"}],\"inLanguage\":\"es\"},{\"@type\":\"Organization\",\"@id\":\"https:\/\/www.fvb.cat\/es\/#organization\",\"name\":\"Fundaci\u00f3 Vidal i Barraquer\",\"url\":\"https:\/\/www.fvb.cat\/es\/\",\"logo\":{\"@type\":\"ImageObject\",\"inLanguage\":\"es\",\"@id\":\"https:\/\/www.fvb.cat\/es\/#\/schema\/logo\/image\/\",\"url\":\"https:\/\/www.fvb.cat\/wp-content\/uploads\/2024\/05\/logo-vidal-i-barrauqer-60-aniversari.jpg\",\"contentUrl\":\"https:\/\/www.fvb.cat\/wp-content\/uploads\/2024\/05\/logo-vidal-i-barrauqer-60-aniversari.jpg\",\"width\":2125,\"height\":703,\"caption\":\"Fundaci\u00f3 Vidal i Barraquer\"},\"image\":{\"@id\":\"https:\/\/www.fvb.cat\/es\/#\/schema\/logo\/image\/\"}}]}<\/script>\n<!-- \/ Yoast SEO plugin. -->","yoast_head_json":{"title":"[:ca]SUPERVISI\u00d3 GRUPAL[:es]SUPERVISI\u00d3N GRUPAL[:] - Fundaci\u00f3 Vidal i Barraquer","robots":{"index":"index","follow":"follow","max-snippet":"max-snippet:-1","max-image-preview":"max-image-preview:large","max-video-preview":"max-video-preview:-1"},"canonical":"https:\/\/www.fvb.cat\/es\/producto\/supervision-grupal\/","og_locale":"es_ES","og_type":"article","og_title":"[:ca]SUPERVISI\u00d3 GRUPAL[:es]SUPERVISI\u00d3N GRUPAL[:] - Fundaci\u00f3 Vidal i Barraquer","og_url":"https:\/\/www.fvb.cat\/es\/producto\/supervision-grupal\/","og_site_name":"Fundaci\u00f3 Vidal i Barraquer","article_modified_time":"2025-07-28T07:15:26+00:00","twitter_card":"summary_large_image","schema":{"@context":"https:\/\/schema.org","@graph":[{"@type":"WebPage","@id":"https:\/\/www.fvb.cat\/es\/producto\/supervision-grupal\/","url":"https:\/\/www.fvb.cat\/es\/producto\/supervision-grupal\/","name":"[:ca]SUPERVISI\u00d3 GRUPAL[:es]SUPERVISI\u00d3N GRUPAL[:] - Fundaci\u00f3 Vidal i Barraquer","isPartOf":{"@id":"https:\/\/www.fvb.cat\/es\/#website"},"datePublished":"2025-01-21T08:24:16+00:00","dateModified":"2025-07-28T07:15:26+00:00","breadcrumb":{"@id":"https:\/\/www.fvb.cat\/es\/producto\/supervision-grupal\/#breadcrumb"},"inLanguage":"es","potentialAction":[{"@type":"ReadAction","target":["https:\/\/www.fvb.cat\/es\/producto\/supervision-grupal\/"]}]},{"@type":"BreadcrumbList","@id":"https:\/\/www.fvb.cat\/es\/producto\/supervision-grupal\/#breadcrumb","itemListElement":[{"@type":"ListItem","position":1,"name":"Inici","item":"https:\/\/www.fvb.cat\/es\/"},{"@type":"ListItem","position":2,"name":"Botiga","item":"https:\/\/www.fvb.cat\/es\/botiga\/"},{"@type":"ListItem","position":3,"name":"SUPERVISI\u00d3N GRUPAL"}]},{"@type":"WebSite","@id":"https:\/\/www.fvb.cat\/es\/#website","url":"https:\/\/www.fvb.cat\/es\/","name":"Fundaci\u00f3 Vidal i Barraquer","description":"Asistencia, docencia e investigaci\u00f3n en Salud Mental","publisher":{"@id":"https:\/\/www.fvb.cat\/es\/#organization"},"potentialAction":[{"@type":"SearchAction","target":{"@type":"EntryPoint","urlTemplate":"https:\/\/www.fvb.cat\/es\/?s={search_term_string}"},"query-input":"required name=search_term_string"}],"inLanguage":"es"},{"@type":"Organization","@id":"https:\/\/www.fvb.cat\/es\/#organization","name":"Fundaci\u00f3 Vidal i Barraquer","url":"https:\/\/www.fvb.cat\/es\/","logo":{"@type":"ImageObject","inLanguage":"es","@id":"https:\/\/www.fvb.cat\/es\/#\/schema\/logo\/image\/","url":"https:\/\/www.fvb.cat\/wp-content\/uploads\/2024\/05\/logo-vidal-i-barrauqer-60-aniversari.jpg","contentUrl":"https:\/\/www.fvb.cat\/wp-content\/uploads\/2024\/05\/logo-vidal-i-barrauqer-60-aniversari.jpg","width":2125,"height":703,"caption":"Fundaci\u00f3 Vidal i Barraquer"},"image":{"@id":"https:\/\/www.fvb.cat\/es\/#\/schema\/logo\/image\/"}}]}},"_links":{"self":[{"href":"https:\/\/www.fvb.cat\/es\/wp-json\/wp\/v2\/product\/16697"}],"collection":[{"href":"https:\/\/www.fvb.cat\/es\/wp-json\/wp\/v2\/product"}],"about":[{"href":"https:\/\/www.fvb.cat\/es\/wp-json\/wp\/v2\/types\/product"}],"wp:attachment":[{"href":"https:\/\/www.fvb.cat\/es\/wp-json\/wp\/v2\/media?parent=16697"}],"wp:term":[{"taxonomy":"product_cat","embeddable":true,"href":"https:\/\/www.fvb.cat\/es\/wp-json\/wp\/v2\/product_cat?post=16697"},{"taxonomy":"product_tag","embeddable":true,"href":"https:\/\/www.fvb.cat\/es\/wp-json\/wp\/v2\/product_tag?post=16697"}],"curies":[{"name":"wp","href":"https:\/\/api.w.org\/{rel}","templated":true}]}}