{"id":16675,"date":"2025-01-13T14:54:15","date_gmt":"2025-01-13T13:54:15","guid":{"rendered":"https:\/\/www.fvb.cat\/ca\/?post_type=product&#038;p=16675"},"modified":"2025-04-16T18:52:23","modified_gmt":"2025-04-16T17:52:23","slug":"relacio-terapeutica-i-farmac-psiquiatric-psicofarmacologia-psicodinamica","status":"publish","type":"product","link":"https:\/\/www.fvb.cat\/es\/producto\/adolescentes-de-alta-complejidad-recursos-terapeuticos-comunitarios-actuales-en-salud-mental-2\/","title":{"rendered":"Relaci\u00f3n terap\u00e9utica y f\u00e1rmaco psiqui\u00e1trico. Psicofarmacolog\u00eda psicodin\u00e1mica"},"content":{"rendered":"","protected":false},"excerpt":{"rendered":"<p><strong>FICHA<\/strong><br \/>\nTipo de producto: Estudio<br \/>\nEditorial: Herder Editorial<br \/>\nIdioma:\u00a0Castellano<br \/>\nN\u00famero de p\u00e1ginas: 142<\/p>\n<p><strong>SINOPSIS<\/strong><\/p>\n<p>Desde hace a\u00f1os la psiquiatr\u00eda se ha vuelto una disciplina cada vez m\u00e1s desvirtuada. Muchos profesionales se han convertido en simples prescriptores de f\u00e1rmacos y han ido perdiendo as\u00ed la capacidad de sentir y pensar la relaci\u00f3n terap\u00e9utica con sus pacientes.<\/p>\n<p>La psicofarmacolog\u00eda psicodin\u00e1mica entiende el f\u00e1rmaco psiqui\u00e1trico como un elemento m\u00e1s de la relaci\u00f3n\u00a0terap\u00e9utica. Esto le permite valorar los significados y fen\u00f3menos relacionales que suscita la medicaci\u00f3n. Adem\u00e1s, como complemento de un enfoque\u00a0<span class=\"hiddenSpellError\">biologicista<\/span>, esta integraci\u00f3n entre psicofarmacolog\u00eda y\u00a0psicoan\u00e1lisis\u00a0personaliza la prescripci\u00f3n y singulariza al paciente a la vez que permite una mayor eficacia farmacol\u00f3gica, m\u00e1s all\u00e1 de la mera acci\u00f3n qu\u00edmica de la p\u00edldora.<\/p>\n<p>Jos\u00e9\u00a0<span class=\"hiddenSpellError\">Rib\u00e9<\/span>\u00a0presenta en esta obra diversos casos cl\u00ednicos y ofrece un s\u00f3lido marco te\u00f3rico que, en un v\u00ednculo colaborativo con el paciente, apuesta por una prescripci\u00f3n relacional. A trav\u00e9s de la exploraci\u00f3n del psiquismo y las proyecciones transferenciales del paciente en el f\u00e1rmaco, el\u00a0psiquiatra\u00a0puede valorar los mejores resultados en el uso de la medicaci\u00f3n.<\/p>\n","protected":false},"featured_media":16676,"template":"","meta":[],"product_cat":[57],"product_tag":[],"yoast_head":"<!-- This site is optimized with the Yoast SEO plugin v22.6 - https:\/\/yoast.com\/wordpress\/plugins\/seo\/ -->\n<title>Relaci\u00f3n terap\u00e9utica y f\u00e1rmaco psiqui\u00e1trico. Psicofarmacolog\u00eda psicodin\u00e1mica - Fundaci\u00f3 Vidal i Barraquer<\/title>\n<meta name=\"robots\" content=\"index, follow, max-snippet:-1, max-image-preview:large, max-video-preview:-1\" \/>\n<link rel=\"canonical\" href=\"https:\/\/www.fvb.cat\/es\/producto\/adolescentes-de-alta-complejidad-recursos-terapeuticos-comunitarios-actuales-en-salud-mental-2\/\" \/>\n<meta property=\"og:locale\" content=\"es_ES\" \/>\n<meta property=\"og:type\" content=\"article\" \/>\n<meta property=\"og:title\" content=\"[:ca]Relaci\u00f3 terap\u00e8utica i f\u00e0rmac psiqui\u00e0tric. Psicofarmacologia psicodin\u00e0mica[:es]Relaci\u00f3n terap\u00e9utica y f\u00e1rmaco psiqui\u00e1trico. Psicofarmacolog\u00eda psicodin\u00e1mica[:] - Fundaci\u00f3 Vidal i Barraquer\" \/>\n<meta property=\"og:description\" content=\"[:ca]FITXA Tipus de producte: Estudi Editorial: Herder Editorial Idioma:\u00a0Castell\u00e0 N\u00famero de p\u00e0gines: 142 SINOPSI Des de fa anys la psiquiatria s&#039;ha tornat una disciplina cada vegada m\u00e9s desvirtuada. Molts professionals s&#039;han convertit en simples prescriptors de f\u00e0rmacs i han anat perdent, aix\u00ed, la relaci\u00f3 terap\u00e8utica amb els seus pacients.  La psicofarmacologia psicodin\u00e0mica ent\u00e9n el f\u00e0rmac psiqui\u00e0tric amb un element m\u00e9s de la relaci\u00f3 terap\u00e8utica. Aix\u00f2 li permet valorar els significats i fen\u00f2mens relacionals que suscita la medicaci\u00f3.  A m\u00e9s, com a complement d&#039;un enfocament biologicista, aquesta integraci\u00f3 entre psicofarmacologia i psicoan\u00e0lisi personalitza la prescripci\u00f3 i singularitza al pacient al mateix temps que permet una major efic\u00e0cia farmacol\u00f2gica, m\u00e9s enll\u00e0 de la mera acci\u00f3 qu\u00edmica de la p\u00edndola.  Jos\u00e9 Rib\u00e9 presenta en aquesta obra diversos casos cl\u00ednics i ofereix un marc te\u00f2ric s\u00f2lid que, en un vincle col\u00b7laboratiu amb el pacient, aposta per una prescripci\u00f3 relacional. A trav\u00e9s de l&#039;exploraci\u00f3 del psiquisme i les projeccions transferencials del pacient al f\u00e0rmac, el psiquiatre pot valorar els millors resultats en l&#039;\u00fas de la medicaci\u00f3.[:es]FICHA Tipo de producto: Estudio Editorial: Herder Editorial Idioma:\u00a0Castellano N\u00famero de p\u00e1ginas: 142  SINOPSIS  Desde hace a\u00f1os la psiquiatr\u00eda se ha vuelto una disciplina cada vez m\u00e1s desvirtuada. Muchos profesionales se han convertido en simples prescriptores de f\u00e1rmacos y han ido perdiendo as\u00ed la capacidad de sentir y pensar la relaci\u00f3n terap\u00e9utica con sus pacientes.  La psicofarmacolog\u00eda psicodin\u00e1mica entiende el f\u00e1rmaco psiqui\u00e1trico como un elemento m\u00e1s de la relaci\u00f3n\u00a0terap\u00e9utica. Esto le permite valorar los significados y fen\u00f3menos relacionales que suscita la medicaci\u00f3n. Adem\u00e1s, como complemento de un enfoque\u00a0biologicista, esta integraci\u00f3n entre psicofarmacolog\u00eda y\u00a0psicoan\u00e1lisis\u00a0personaliza la prescripci\u00f3n y singulariza al paciente a la vez que permite una mayor eficacia farmacol\u00f3gica, m\u00e1s all\u00e1 de la mera acci\u00f3n qu\u00edmica de la p\u00edldora.  Jos\u00e9\u00a0Rib\u00e9\u00a0presenta en esta obra diversos casos cl\u00ednicos y ofrece un s\u00f3lido marco te\u00f3rico que, en un v\u00ednculo colaborativo con el paciente, apuesta por una prescripci\u00f3n relacional. A trav\u00e9s de la exploraci\u00f3n del psiquismo y las proyecciones transferenciales del paciente en el f\u00e1rmaco, el\u00a0psiquiatra\u00a0puede valorar los mejores resultados en el uso de la medicaci\u00f3n.[:]\" \/>\n<meta property=\"og:url\" content=\"https:\/\/www.fvb.cat\/es\/producto\/adolescentes-de-alta-complejidad-recursos-terapeuticos-comunitarios-actuales-en-salud-mental-2\/\" \/>\n<meta property=\"og:site_name\" content=\"Fundaci\u00f3 Vidal i Barraquer\" \/>\n<meta property=\"article:modified_time\" content=\"2025-04-16T17:52:23+00:00\" \/>\n<meta property=\"og:image\" content=\"https:\/\/www.fvb.cat\/wp-content\/uploads\/2025\/01\/Relacion-terapeutica-y-farmaco-psiquiatrico.jpg\" \/>\n\t<meta property=\"og:image:width\" content=\"492\" \/>\n\t<meta property=\"og:image:height\" content=\"756\" \/>\n\t<meta property=\"og:image:type\" content=\"image\/jpeg\" \/>\n<meta name=\"twitter:card\" content=\"summary_large_image\" \/>\n<meta name=\"twitter:label1\" content=\"Tiempo de lectura\" \/>\n\t<meta name=\"twitter:data1\" content=\"1 minuto\" \/>\n<script type=\"application\/ld+json\" class=\"yoast-schema-graph\">{\"@context\":\"https:\/\/schema.org\",\"@graph\":[{\"@type\":\"WebPage\",\"@id\":\"https:\/\/www.fvb.cat\/es\/producto\/adolescentes-de-alta-complejidad-recursos-terapeuticos-comunitarios-actuales-en-salud-mental-2\/\",\"url\":\"https:\/\/www.fvb.cat\/es\/producto\/adolescentes-de-alta-complejidad-recursos-terapeuticos-comunitarios-actuales-en-salud-mental-2\/\",\"name\":\"[:ca]Relaci\u00f3 terap\u00e8utica i f\u00e0rmac psiqui\u00e0tric. Psicofarmacologia psicodin\u00e0mica[:es]Relaci\u00f3n terap\u00e9utica y f\u00e1rmaco psiqui\u00e1trico. Psicofarmacolog\u00eda psicodin\u00e1mica[:] - Fundaci\u00f3 Vidal i Barraquer\",\"isPartOf\":{\"@id\":\"https:\/\/www.fvb.cat\/es\/#website\"},\"primaryImageOfPage\":{\"@id\":\"https:\/\/www.fvb.cat\/es\/producto\/adolescentes-de-alta-complejidad-recursos-terapeuticos-comunitarios-actuales-en-salud-mental-2\/#primaryimage\"},\"image\":{\"@id\":\"https:\/\/www.fvb.cat\/es\/producto\/adolescentes-de-alta-complejidad-recursos-terapeuticos-comunitarios-actuales-en-salud-mental-2\/#primaryimage\"},\"thumbnailUrl\":\"https:\/\/www.fvb.cat\/wp-content\/uploads\/2025\/01\/Relacion-terapeutica-y-farmaco-psiquiatrico.jpg\",\"datePublished\":\"2025-01-13T13:54:15+00:00\",\"dateModified\":\"2025-04-16T17:52:23+00:00\",\"breadcrumb\":{\"@id\":\"https:\/\/www.fvb.cat\/es\/producto\/adolescentes-de-alta-complejidad-recursos-terapeuticos-comunitarios-actuales-en-salud-mental-2\/#breadcrumb\"},\"inLanguage\":\"es\",\"potentialAction\":[{\"@type\":\"ReadAction\",\"target\":[\"https:\/\/www.fvb.cat\/es\/producto\/adolescentes-de-alta-complejidad-recursos-terapeuticos-comunitarios-actuales-en-salud-mental-2\/\"]}]},{\"@type\":\"ImageObject\",\"inLanguage\":\"es\",\"@id\":\"https:\/\/www.fvb.cat\/es\/producto\/adolescentes-de-alta-complejidad-recursos-terapeuticos-comunitarios-actuales-en-salud-mental-2\/#primaryimage\",\"url\":\"https:\/\/www.fvb.cat\/wp-content\/uploads\/2025\/01\/Relacion-terapeutica-y-farmaco-psiquiatrico.jpg\",\"contentUrl\":\"https:\/\/www.fvb.cat\/wp-content\/uploads\/2025\/01\/Relacion-terapeutica-y-farmaco-psiquiatrico.jpg\",\"width\":492,\"height\":756},{\"@type\":\"BreadcrumbList\",\"@id\":\"https:\/\/www.fvb.cat\/es\/producto\/adolescentes-de-alta-complejidad-recursos-terapeuticos-comunitarios-actuales-en-salud-mental-2\/#breadcrumb\",\"itemListElement\":[{\"@type\":\"ListItem\",\"position\":1,\"name\":\"Inici\",\"item\":\"https:\/\/www.fvb.cat\/es\/\"},{\"@type\":\"ListItem\",\"position\":2,\"name\":\"Botiga\",\"item\":\"https:\/\/www.fvb.cat\/es\/botiga\/\"},{\"@type\":\"ListItem\",\"position\":3,\"name\":\"Relaci\u00f3n terap\u00e9utica y f\u00e1rmaco psiqui\u00e1trico. Psicofarmacolog\u00eda psicodin\u00e1mica\"}]},{\"@type\":\"WebSite\",\"@id\":\"https:\/\/www.fvb.cat\/es\/#website\",\"url\":\"https:\/\/www.fvb.cat\/es\/\",\"name\":\"Fundaci\u00f3 Vidal i Barraquer\",\"description\":\"Asistencia, docencia e investigaci\u00f3n en Salud Mental\",\"publisher\":{\"@id\":\"https:\/\/www.fvb.cat\/es\/#organization\"},\"potentialAction\":[{\"@type\":\"SearchAction\",\"target\":{\"@type\":\"EntryPoint\",\"urlTemplate\":\"https:\/\/www.fvb.cat\/es\/?s={search_term_string}\"},\"query-input\":\"required name=search_term_string\"}],\"inLanguage\":\"es\"},{\"@type\":\"Organization\",\"@id\":\"https:\/\/www.fvb.cat\/es\/#organization\",\"name\":\"Fundaci\u00f3 Vidal i Barraquer\",\"url\":\"https:\/\/www.fvb.cat\/es\/\",\"logo\":{\"@type\":\"ImageObject\",\"inLanguage\":\"es\",\"@id\":\"https:\/\/www.fvb.cat\/es\/#\/schema\/logo\/image\/\",\"url\":\"https:\/\/www.fvb.cat\/wp-content\/uploads\/2024\/05\/logo-vidal-i-barrauqer-60-aniversari.jpg\",\"contentUrl\":\"https:\/\/www.fvb.cat\/wp-content\/uploads\/2024\/05\/logo-vidal-i-barrauqer-60-aniversari.jpg\",\"width\":2125,\"height\":703,\"caption\":\"Fundaci\u00f3 Vidal i Barraquer\"},\"image\":{\"@id\":\"https:\/\/www.fvb.cat\/es\/#\/schema\/logo\/image\/\"}}]}<\/script>\n<!-- \/ Yoast SEO plugin. -->","yoast_head_json":{"title":"[:ca]Relaci\u00f3 terap\u00e8utica i f\u00e0rmac psiqui\u00e0tric. Psicofarmacologia psicodin\u00e0mica[:es]Relaci\u00f3n terap\u00e9utica y f\u00e1rmaco psiqui\u00e1trico. Psicofarmacolog\u00eda psicodin\u00e1mica[:] - Fundaci\u00f3 Vidal i Barraquer","robots":{"index":"index","follow":"follow","max-snippet":"max-snippet:-1","max-image-preview":"max-image-preview:large","max-video-preview":"max-video-preview:-1"},"canonical":"https:\/\/www.fvb.cat\/es\/producto\/adolescentes-de-alta-complejidad-recursos-terapeuticos-comunitarios-actuales-en-salud-mental-2\/","og_locale":"es_ES","og_type":"article","og_title":"[:ca]Relaci\u00f3 terap\u00e8utica i f\u00e0rmac psiqui\u00e0tric. Psicofarmacologia psicodin\u00e0mica[:es]Relaci\u00f3n terap\u00e9utica y f\u00e1rmaco psiqui\u00e1trico. Psicofarmacolog\u00eda psicodin\u00e1mica[:] - Fundaci\u00f3 Vidal i Barraquer","og_description":"[:ca]FITXA Tipus de producte: Estudi Editorial: Herder Editorial Idioma:\u00a0Castell\u00e0 N\u00famero de p\u00e0gines: 142 SINOPSI Des de fa anys la psiquiatria s'ha tornat una disciplina cada vegada m\u00e9s desvirtuada. Molts professionals s'han convertit en simples prescriptors de f\u00e0rmacs i han anat perdent, aix\u00ed, la relaci\u00f3 terap\u00e8utica amb els seus pacients.  La psicofarmacologia psicodin\u00e0mica ent\u00e9n el f\u00e0rmac psiqui\u00e0tric amb un element m\u00e9s de la relaci\u00f3 terap\u00e8utica. Aix\u00f2 li permet valorar els significats i fen\u00f2mens relacionals que suscita la medicaci\u00f3.  A m\u00e9s, com a complement d'un enfocament biologicista, aquesta integraci\u00f3 entre psicofarmacologia i psicoan\u00e0lisi personalitza la prescripci\u00f3 i singularitza al pacient al mateix temps que permet una major efic\u00e0cia farmacol\u00f2gica, m\u00e9s enll\u00e0 de la mera acci\u00f3 qu\u00edmica de la p\u00edndola.  Jos\u00e9 Rib\u00e9 presenta en aquesta obra diversos casos cl\u00ednics i ofereix un marc te\u00f2ric s\u00f2lid que, en un vincle col\u00b7laboratiu amb el pacient, aposta per una prescripci\u00f3 relacional. A trav\u00e9s de l'exploraci\u00f3 del psiquisme i les projeccions transferencials del pacient al f\u00e0rmac, el psiquiatre pot valorar els millors resultats en l'\u00fas de la medicaci\u00f3.[:es]FICHA Tipo de producto: Estudio Editorial: Herder Editorial Idioma:\u00a0Castellano N\u00famero de p\u00e1ginas: 142  SINOPSIS  Desde hace a\u00f1os la psiquiatr\u00eda se ha vuelto una disciplina cada vez m\u00e1s desvirtuada. Muchos profesionales se han convertido en simples prescriptores de f\u00e1rmacos y han ido perdiendo as\u00ed la capacidad de sentir y pensar la relaci\u00f3n terap\u00e9utica con sus pacientes.  La psicofarmacolog\u00eda psicodin\u00e1mica entiende el f\u00e1rmaco psiqui\u00e1trico como un elemento m\u00e1s de la relaci\u00f3n\u00a0terap\u00e9utica. Esto le permite valorar los significados y fen\u00f3menos relacionales que suscita la medicaci\u00f3n. Adem\u00e1s, como complemento de un enfoque\u00a0biologicista, esta integraci\u00f3n entre psicofarmacolog\u00eda y\u00a0psicoan\u00e1lisis\u00a0personaliza la prescripci\u00f3n y singulariza al paciente a la vez que permite una mayor eficacia farmacol\u00f3gica, m\u00e1s all\u00e1 de la mera acci\u00f3n qu\u00edmica de la p\u00edldora.  Jos\u00e9\u00a0Rib\u00e9\u00a0presenta en esta obra diversos casos cl\u00ednicos y ofrece un s\u00f3lido marco te\u00f3rico que, en un v\u00ednculo colaborativo con el paciente, apuesta por una prescripci\u00f3n relacional. A trav\u00e9s de la exploraci\u00f3n del psiquismo y las proyecciones transferenciales del paciente en el f\u00e1rmaco, el\u00a0psiquiatra\u00a0puede valorar los mejores resultados en el uso de la medicaci\u00f3n.[:]","og_url":"https:\/\/www.fvb.cat\/es\/producto\/adolescentes-de-alta-complejidad-recursos-terapeuticos-comunitarios-actuales-en-salud-mental-2\/","og_site_name":"Fundaci\u00f3 Vidal i Barraquer","article_modified_time":"2025-04-16T17:52:23+00:00","og_image":[{"width":492,"height":756,"url":"https:\/\/www.fvb.cat\/wp-content\/uploads\/2025\/01\/Relacion-terapeutica-y-farmaco-psiquiatrico.jpg","type":"image\/jpeg"}],"twitter_card":"summary_large_image","twitter_misc":{"Tiempo de lectura":"1 minuto"},"schema":{"@context":"https:\/\/schema.org","@graph":[{"@type":"WebPage","@id":"https:\/\/www.fvb.cat\/es\/producto\/adolescentes-de-alta-complejidad-recursos-terapeuticos-comunitarios-actuales-en-salud-mental-2\/","url":"https:\/\/www.fvb.cat\/es\/producto\/adolescentes-de-alta-complejidad-recursos-terapeuticos-comunitarios-actuales-en-salud-mental-2\/","name":"[:ca]Relaci\u00f3 terap\u00e8utica i f\u00e0rmac psiqui\u00e0tric. Psicofarmacologia psicodin\u00e0mica[:es]Relaci\u00f3n terap\u00e9utica y f\u00e1rmaco psiqui\u00e1trico. Psicofarmacolog\u00eda psicodin\u00e1mica[:] - Fundaci\u00f3 Vidal i Barraquer","isPartOf":{"@id":"https:\/\/www.fvb.cat\/es\/#website"},"primaryImageOfPage":{"@id":"https:\/\/www.fvb.cat\/es\/producto\/adolescentes-de-alta-complejidad-recursos-terapeuticos-comunitarios-actuales-en-salud-mental-2\/#primaryimage"},"image":{"@id":"https:\/\/www.fvb.cat\/es\/producto\/adolescentes-de-alta-complejidad-recursos-terapeuticos-comunitarios-actuales-en-salud-mental-2\/#primaryimage"},"thumbnailUrl":"https:\/\/www.fvb.cat\/wp-content\/uploads\/2025\/01\/Relacion-terapeutica-y-farmaco-psiquiatrico.jpg","datePublished":"2025-01-13T13:54:15+00:00","dateModified":"2025-04-16T17:52:23+00:00","breadcrumb":{"@id":"https:\/\/www.fvb.cat\/es\/producto\/adolescentes-de-alta-complejidad-recursos-terapeuticos-comunitarios-actuales-en-salud-mental-2\/#breadcrumb"},"inLanguage":"es","potentialAction":[{"@type":"ReadAction","target":["https:\/\/www.fvb.cat\/es\/producto\/adolescentes-de-alta-complejidad-recursos-terapeuticos-comunitarios-actuales-en-salud-mental-2\/"]}]},{"@type":"ImageObject","inLanguage":"es","@id":"https:\/\/www.fvb.cat\/es\/producto\/adolescentes-de-alta-complejidad-recursos-terapeuticos-comunitarios-actuales-en-salud-mental-2\/#primaryimage","url":"https:\/\/www.fvb.cat\/wp-content\/uploads\/2025\/01\/Relacion-terapeutica-y-farmaco-psiquiatrico.jpg","contentUrl":"https:\/\/www.fvb.cat\/wp-content\/uploads\/2025\/01\/Relacion-terapeutica-y-farmaco-psiquiatrico.jpg","width":492,"height":756},{"@type":"BreadcrumbList","@id":"https:\/\/www.fvb.cat\/es\/producto\/adolescentes-de-alta-complejidad-recursos-terapeuticos-comunitarios-actuales-en-salud-mental-2\/#breadcrumb","itemListElement":[{"@type":"ListItem","position":1,"name":"Inici","item":"https:\/\/www.fvb.cat\/es\/"},{"@type":"ListItem","position":2,"name":"Botiga","item":"https:\/\/www.fvb.cat\/es\/botiga\/"},{"@type":"ListItem","position":3,"name":"Relaci\u00f3n terap\u00e9utica y f\u00e1rmaco psiqui\u00e1trico. Psicofarmacolog\u00eda psicodin\u00e1mica"}]},{"@type":"WebSite","@id":"https:\/\/www.fvb.cat\/es\/#website","url":"https:\/\/www.fvb.cat\/es\/","name":"Fundaci\u00f3 Vidal i Barraquer","description":"Asistencia, docencia e investigaci\u00f3n en Salud Mental","publisher":{"@id":"https:\/\/www.fvb.cat\/es\/#organization"},"potentialAction":[{"@type":"SearchAction","target":{"@type":"EntryPoint","urlTemplate":"https:\/\/www.fvb.cat\/es\/?s={search_term_string}"},"query-input":"required name=search_term_string"}],"inLanguage":"es"},{"@type":"Organization","@id":"https:\/\/www.fvb.cat\/es\/#organization","name":"Fundaci\u00f3 Vidal i Barraquer","url":"https:\/\/www.fvb.cat\/es\/","logo":{"@type":"ImageObject","inLanguage":"es","@id":"https:\/\/www.fvb.cat\/es\/#\/schema\/logo\/image\/","url":"https:\/\/www.fvb.cat\/wp-content\/uploads\/2024\/05\/logo-vidal-i-barrauqer-60-aniversari.jpg","contentUrl":"https:\/\/www.fvb.cat\/wp-content\/uploads\/2024\/05\/logo-vidal-i-barrauqer-60-aniversari.jpg","width":2125,"height":703,"caption":"Fundaci\u00f3 Vidal i Barraquer"},"image":{"@id":"https:\/\/www.fvb.cat\/es\/#\/schema\/logo\/image\/"}}]}},"_links":{"self":[{"href":"https:\/\/www.fvb.cat\/es\/wp-json\/wp\/v2\/product\/16675"}],"collection":[{"href":"https:\/\/www.fvb.cat\/es\/wp-json\/wp\/v2\/product"}],"about":[{"href":"https:\/\/www.fvb.cat\/es\/wp-json\/wp\/v2\/types\/product"}],"wp:featuredmedia":[{"embeddable":true,"href":"https:\/\/www.fvb.cat\/es\/wp-json\/wp\/v2\/media\/16676"}],"wp:attachment":[{"href":"https:\/\/www.fvb.cat\/es\/wp-json\/wp\/v2\/media?parent=16675"}],"wp:term":[{"taxonomy":"product_cat","embeddable":true,"href":"https:\/\/www.fvb.cat\/es\/wp-json\/wp\/v2\/product_cat?post=16675"},{"taxonomy":"product_tag","embeddable":true,"href":"https:\/\/www.fvb.cat\/es\/wp-json\/wp\/v2\/product_tag?post=16675"}],"curies":[{"name":"wp","href":"https:\/\/api.w.org\/{rel}","templated":true}]}}