{"id":16387,"date":"2024-11-07T17:02:12","date_gmt":"2024-11-07T16:02:12","guid":{"rendered":"https:\/\/www.fvb.cat\/es\/?post_type=product&#038;p=16387"},"modified":"2024-11-07T17:02:33","modified_gmt":"2024-11-07T16:02:33","slug":"espanol-espiritualidad-mistica-y-salud-mental-vivir-de-forma-autonoma-solidaria-y-gozosa","status":"publish","type":"product","link":"https:\/\/www.fvb.cat\/es\/producto\/espiritualidad-mistica-y-salud-mental-vivir-de-forma-autonoma-solidaria-y-gozosa\/","title":{"rendered":"Espiritualidad, m\u00edstica y salud mental. Vivir de forma aut\u00f3noma, solidaria y gozosa"},"content":{"rendered":"","protected":false},"excerpt":{"rendered":"<p><strong>FICHA<\/strong><br \/>\nTipo de producto: Estudio<br \/>\nEditorial: Herder Editorial<br \/>\nIdioma:\u00a0Castellano<br \/>\nN\u00famero de p\u00e1ginas: 232<\/p>\n<p><strong>SINOPSIS<\/strong><\/p>\n<p>Cerebro y mente son dos aspectos de una misma realidad. La mente humana es capaz de intuir realidades que trascienden nuestra dimensi\u00f3n f\u00edsica. Sin embargo, toda experiencia humana, incluso la m\u00e1s sublime, tiene una base neurol\u00f3gica.<\/p>\n<p>Para que la experiencia espiritual sea posible es preciso una cierta madurez psicol\u00f3gica. Los humanos somos capaces de hacer conscientes los impulsos vitales inconscientes, conduci\u00e9ndolos hacia objetivos seleccionados. Por eso tendemos hacia la religi\u00f3n, es decir, a generar una estructura humana hecha de s\u00edmbolos, mitos, ritos, libros sagrados o tradiciones que refieren a una inspiraci\u00f3n espiritual inicial que se desea mantener.<\/p>\n<p>Este libro re\u00fane gran parte de la obra de Jordi Font sobre tres de sus temas de mayor inter\u00e9s: la salud mental, la espiritualidad y la m\u00edstica ignaciana. A partir de su s\u00f3lida formaci\u00f3n y vasta experiencia profesional, Font consolida una concepci\u00f3n de la salud mental y la salud espiritual como manifestaciones diferenciadas de una \u00fanica vida, siempre en evoluci\u00f3n hacia estados de maduraci\u00f3n m\u00e1s plena.<\/p>\n<p>&nbsp;<\/p>\n<p><strong>SIGUE ESTE ENLACE PARA COMPRAR EL LIBRO: https:\/\/herdereditorial.com\/catalogo\/psicologia\/espiritualidad-mistica-y-salud-mental-9788425451195<\/strong><\/p>\n","protected":false},"featured_media":16388,"template":"","meta":[],"product_cat":[57],"product_tag":[564,566,565],"yoast_head":"<!-- This site is optimized with the Yoast SEO plugin v22.6 - https:\/\/yoast.com\/wordpress\/plugins\/seo\/ -->\n<title>Espiritualidad, m\u00edstica y salud mental. Vivir de forma aut\u00f3noma, solidaria y gozosa - Fundaci\u00f3 Vidal i Barraquer<\/title>\n<meta name=\"robots\" content=\"index, follow, max-snippet:-1, max-image-preview:large, max-video-preview:-1\" \/>\n<link rel=\"canonical\" href=\"https:\/\/www.fvb.cat\/es\/producto\/espiritualidad-mistica-y-salud-mental-vivir-de-forma-autonoma-solidaria-y-gozosa\/\" \/>\n<meta property=\"og:locale\" content=\"es_ES\" \/>\n<meta property=\"og:type\" content=\"article\" \/>\n<meta property=\"og:title\" content=\"[:ca]Espiritualitat, m\u00edstica i salut mental. Viure de manera aut\u00f2noma, solid\u00e0ria i joiosa[:es]Espiritualidad, m\u00edstica y salud mental. Vivir de forma aut\u00f3noma, solidaria y gozosa[:] - Fundaci\u00f3 Vidal i Barraquer\" \/>\n<meta property=\"og:description\" content=\"[:ca]FITXA Tipus de producte: Estudi Editorial: Herder Editorial Idioma:\u00a0Castell\u00e0 N\u00famero de p\u00e0gines: 232  SINOPSI  Cervell i ment s\u00f3n dos aspectes d&#039;una mateixa realitat. La ment humana \u00e9s capa\u00e7 d&#039;intuir realitats que transcendeixen la nostra dimensi\u00f3 f\u00edsica. No obstant aix\u00f2, tota experi\u00e8ncia humana, fins i tot la m\u00e9s sublim, t\u00e9 una base neurol\u00f2gica.  Perqu\u00e8 l&#039;experi\u00e8ncia espiritual sigui possible cal una certa maduresa psicol\u00f2gica. Els humans som capa\u00e7os de fer conscients els impulsos vitals inconscients, conduint-los cap a objectius seleccionats. Per aix\u00f2 tendim cap a la religi\u00f3, \u00e9s a dir, a generar una estructura humana feta de s\u00edmbols, mites, ritus, llibres sagrats o tradicions que refereixen a una inspiraci\u00f3 espiritual inicial que es desitja mantenir.  Aquest llibre reuneix gran part de l&#039;obra de Jordi Font sobre tres dels seus temes de major inter\u00e8s: la salut mental, l&#039;espiritualitat i la m\u00edstica ignasiana. A partir de la seva s\u00f2lida formaci\u00f3 i vasta experi\u00e8ncia professional, Font consolida una concepci\u00f3 de la salut mental i la salut espiritual com a manifestacions diferenciades d&#039;una \u00fanica vida, sempre en evoluci\u00f3 cap a estats de maduraci\u00f3 m\u00e9s plena.  &nbsp;  SEGUEIX AQUEST ENLLA\u00c7 PER COMPRAR EL LLIBRE: https:\/\/herdereditorial.com\/catalogo\/psicologia\/espiritualidad-mistica-y-salud-mental-9788425451195[:es]FICHA Tipo de producto: Estudio Editorial: Herder Editorial Idioma:\u00a0Castellano N\u00famero de p\u00e1ginas: 232  SINOPSIS  Cerebro y mente son dos aspectos de una misma realidad. La mente humana es capaz de intuir realidades que trascienden nuestra dimensi\u00f3n f\u00edsica. Sin embargo, toda experiencia humana, incluso la m\u00e1s sublime, tiene una base neurol\u00f3gica.  Para que la experiencia espiritual sea posible es preciso una cierta madurez psicol\u00f3gica. Los humanos somos capaces de hacer conscientes los impulsos vitales inconscientes, conduci\u00e9ndolos hacia objetivos seleccionados. Por eso tendemos hacia la religi\u00f3n, es decir, a generar una estructura humana hecha de s\u00edmbolos, mitos, ritos, libros sagrados o tradiciones que refieren a una inspiraci\u00f3n espiritual inicial que se desea mantener.  Este libro re\u00fane gran parte de la obra de Jordi Font sobre tres de sus temas de mayor inter\u00e9s: la salud mental, la espiritualidad y la m\u00edstica ignaciana. A partir de su s\u00f3lida formaci\u00f3n y vasta experiencia profesional, Font consolida una concepci\u00f3n de la salud mental y la salud espiritual como manifestaciones diferenciadas de una \u00fanica vida, siempre en evoluci\u00f3n hacia estados de maduraci\u00f3n m\u00e1s plena.  &nbsp;  SIGUE ESTE ENLACE PARA COMPRAR EL LIBRO: https:\/\/herdereditorial.com\/catalogo\/psicologia\/espiritualidad-mistica-y-salud-mental-9788425451195[:]\" \/>\n<meta property=\"og:url\" content=\"https:\/\/www.fvb.cat\/es\/producto\/espiritualidad-mistica-y-salud-mental-vivir-de-forma-autonoma-solidaria-y-gozosa\/\" \/>\n<meta property=\"og:site_name\" content=\"Fundaci\u00f3 Vidal i Barraquer\" \/>\n<meta property=\"article:modified_time\" content=\"2024-11-07T16:02:33+00:00\" \/>\n<meta property=\"og:image\" content=\"https:\/\/www.fvb.cat\/wp-content\/uploads\/2024\/11\/IMG_ESPIRITUALIDAD-MISTICA-Y-SALUD-MENTAL.jpg\" \/>\n\t<meta property=\"og:image:width\" content=\"700\" \/>\n\t<meta property=\"og:image:height\" content=\"700\" \/>\n\t<meta property=\"og:image:type\" content=\"image\/jpeg\" \/>\n<meta name=\"twitter:card\" content=\"summary_large_image\" \/>\n<meta name=\"twitter:label1\" content=\"Tiempo de lectura\" \/>\n\t<meta name=\"twitter:data1\" content=\"1 minuto\" \/>\n<script type=\"application\/ld+json\" class=\"yoast-schema-graph\">{\"@context\":\"https:\/\/schema.org\",\"@graph\":[{\"@type\":\"WebPage\",\"@id\":\"https:\/\/www.fvb.cat\/es\/producto\/espiritualidad-mistica-y-salud-mental-vivir-de-forma-autonoma-solidaria-y-gozosa\/\",\"url\":\"https:\/\/www.fvb.cat\/es\/producto\/espiritualidad-mistica-y-salud-mental-vivir-de-forma-autonoma-solidaria-y-gozosa\/\",\"name\":\"[:ca]Espiritualitat, m\u00edstica i salut mental. Viure de manera aut\u00f2noma, solid\u00e0ria i joiosa[:es]Espiritualidad, m\u00edstica y salud mental. Vivir de forma aut\u00f3noma, solidaria y gozosa[:] - Fundaci\u00f3 Vidal i Barraquer\",\"isPartOf\":{\"@id\":\"https:\/\/www.fvb.cat\/es\/#website\"},\"primaryImageOfPage\":{\"@id\":\"https:\/\/www.fvb.cat\/es\/producto\/espiritualidad-mistica-y-salud-mental-vivir-de-forma-autonoma-solidaria-y-gozosa\/#primaryimage\"},\"image\":{\"@id\":\"https:\/\/www.fvb.cat\/es\/producto\/espiritualidad-mistica-y-salud-mental-vivir-de-forma-autonoma-solidaria-y-gozosa\/#primaryimage\"},\"thumbnailUrl\":\"https:\/\/www.fvb.cat\/wp-content\/uploads\/2024\/11\/IMG_ESPIRITUALIDAD-MISTICA-Y-SALUD-MENTAL.jpg\",\"datePublished\":\"2024-11-07T16:02:12+00:00\",\"dateModified\":\"2024-11-07T16:02:33+00:00\",\"breadcrumb\":{\"@id\":\"https:\/\/www.fvb.cat\/es\/producto\/espiritualidad-mistica-y-salud-mental-vivir-de-forma-autonoma-solidaria-y-gozosa\/#breadcrumb\"},\"inLanguage\":\"es\",\"potentialAction\":[{\"@type\":\"ReadAction\",\"target\":[\"https:\/\/www.fvb.cat\/es\/producto\/espiritualidad-mistica-y-salud-mental-vivir-de-forma-autonoma-solidaria-y-gozosa\/\"]}]},{\"@type\":\"ImageObject\",\"inLanguage\":\"es\",\"@id\":\"https:\/\/www.fvb.cat\/es\/producto\/espiritualidad-mistica-y-salud-mental-vivir-de-forma-autonoma-solidaria-y-gozosa\/#primaryimage\",\"url\":\"https:\/\/www.fvb.cat\/wp-content\/uploads\/2024\/11\/IMG_ESPIRITUALIDAD-MISTICA-Y-SALUD-MENTAL.jpg\",\"contentUrl\":\"https:\/\/www.fvb.cat\/wp-content\/uploads\/2024\/11\/IMG_ESPIRITUALIDAD-MISTICA-Y-SALUD-MENTAL.jpg\",\"width\":700,\"height\":700},{\"@type\":\"BreadcrumbList\",\"@id\":\"https:\/\/www.fvb.cat\/es\/producto\/espiritualidad-mistica-y-salud-mental-vivir-de-forma-autonoma-solidaria-y-gozosa\/#breadcrumb\",\"itemListElement\":[{\"@type\":\"ListItem\",\"position\":1,\"name\":\"Inici\",\"item\":\"https:\/\/www.fvb.cat\/es\/\"},{\"@type\":\"ListItem\",\"position\":2,\"name\":\"Botiga\",\"item\":\"https:\/\/www.fvb.cat\/es\/botiga\/\"},{\"@type\":\"ListItem\",\"position\":3,\"name\":\"Espiritualidad, m\u00edstica y salud mental. Vivir de forma aut\u00f3noma, solidaria y gozosa\"}]},{\"@type\":\"WebSite\",\"@id\":\"https:\/\/www.fvb.cat\/es\/#website\",\"url\":\"https:\/\/www.fvb.cat\/es\/\",\"name\":\"Fundaci\u00f3 Vidal i Barraquer\",\"description\":\"Asistencia, docencia e investigaci\u00f3n en Salud Mental\",\"publisher\":{\"@id\":\"https:\/\/www.fvb.cat\/es\/#organization\"},\"potentialAction\":[{\"@type\":\"SearchAction\",\"target\":{\"@type\":\"EntryPoint\",\"urlTemplate\":\"https:\/\/www.fvb.cat\/es\/?s={search_term_string}\"},\"query-input\":\"required name=search_term_string\"}],\"inLanguage\":\"es\"},{\"@type\":\"Organization\",\"@id\":\"https:\/\/www.fvb.cat\/es\/#organization\",\"name\":\"Fundaci\u00f3 Vidal i Barraquer\",\"url\":\"https:\/\/www.fvb.cat\/es\/\",\"logo\":{\"@type\":\"ImageObject\",\"inLanguage\":\"es\",\"@id\":\"https:\/\/www.fvb.cat\/es\/#\/schema\/logo\/image\/\",\"url\":\"https:\/\/www.fvb.cat\/wp-content\/uploads\/2024\/05\/logo-vidal-i-barrauqer-60-aniversari.jpg\",\"contentUrl\":\"https:\/\/www.fvb.cat\/wp-content\/uploads\/2024\/05\/logo-vidal-i-barrauqer-60-aniversari.jpg\",\"width\":2125,\"height\":703,\"caption\":\"Fundaci\u00f3 Vidal i Barraquer\"},\"image\":{\"@id\":\"https:\/\/www.fvb.cat\/es\/#\/schema\/logo\/image\/\"}}]}<\/script>\n<!-- \/ Yoast SEO plugin. -->","yoast_head_json":{"title":"[:ca]Espiritualitat, m\u00edstica i salut mental. Viure de manera aut\u00f2noma, solid\u00e0ria i joiosa[:es]Espiritualidad, m\u00edstica y salud mental. Vivir de forma aut\u00f3noma, solidaria y gozosa[:] - Fundaci\u00f3 Vidal i Barraquer","robots":{"index":"index","follow":"follow","max-snippet":"max-snippet:-1","max-image-preview":"max-image-preview:large","max-video-preview":"max-video-preview:-1"},"canonical":"https:\/\/www.fvb.cat\/es\/producto\/espiritualidad-mistica-y-salud-mental-vivir-de-forma-autonoma-solidaria-y-gozosa\/","og_locale":"es_ES","og_type":"article","og_title":"[:ca]Espiritualitat, m\u00edstica i salut mental. Viure de manera aut\u00f2noma, solid\u00e0ria i joiosa[:es]Espiritualidad, m\u00edstica y salud mental. Vivir de forma aut\u00f3noma, solidaria y gozosa[:] - Fundaci\u00f3 Vidal i Barraquer","og_description":"[:ca]FITXA Tipus de producte: Estudi Editorial: Herder Editorial Idioma:\u00a0Castell\u00e0 N\u00famero de p\u00e0gines: 232  SINOPSI  Cervell i ment s\u00f3n dos aspectes d'una mateixa realitat. La ment humana \u00e9s capa\u00e7 d'intuir realitats que transcendeixen la nostra dimensi\u00f3 f\u00edsica. No obstant aix\u00f2, tota experi\u00e8ncia humana, fins i tot la m\u00e9s sublim, t\u00e9 una base neurol\u00f2gica.  Perqu\u00e8 l'experi\u00e8ncia espiritual sigui possible cal una certa maduresa psicol\u00f2gica. Els humans som capa\u00e7os de fer conscients els impulsos vitals inconscients, conduint-los cap a objectius seleccionats. Per aix\u00f2 tendim cap a la religi\u00f3, \u00e9s a dir, a generar una estructura humana feta de s\u00edmbols, mites, ritus, llibres sagrats o tradicions que refereixen a una inspiraci\u00f3 espiritual inicial que es desitja mantenir.  Aquest llibre reuneix gran part de l'obra de Jordi Font sobre tres dels seus temes de major inter\u00e8s: la salut mental, l'espiritualitat i la m\u00edstica ignasiana. A partir de la seva s\u00f2lida formaci\u00f3 i vasta experi\u00e8ncia professional, Font consolida una concepci\u00f3 de la salut mental i la salut espiritual com a manifestacions diferenciades d'una \u00fanica vida, sempre en evoluci\u00f3 cap a estats de maduraci\u00f3 m\u00e9s plena.  &nbsp;  SEGUEIX AQUEST ENLLA\u00c7 PER COMPRAR EL LLIBRE: https:\/\/herdereditorial.com\/catalogo\/psicologia\/espiritualidad-mistica-y-salud-mental-9788425451195[:es]FICHA Tipo de producto: Estudio Editorial: Herder Editorial Idioma:\u00a0Castellano N\u00famero de p\u00e1ginas: 232  SINOPSIS  Cerebro y mente son dos aspectos de una misma realidad. La mente humana es capaz de intuir realidades que trascienden nuestra dimensi\u00f3n f\u00edsica. Sin embargo, toda experiencia humana, incluso la m\u00e1s sublime, tiene una base neurol\u00f3gica.  Para que la experiencia espiritual sea posible es preciso una cierta madurez psicol\u00f3gica. Los humanos somos capaces de hacer conscientes los impulsos vitales inconscientes, conduci\u00e9ndolos hacia objetivos seleccionados. Por eso tendemos hacia la religi\u00f3n, es decir, a generar una estructura humana hecha de s\u00edmbolos, mitos, ritos, libros sagrados o tradiciones que refieren a una inspiraci\u00f3n espiritual inicial que se desea mantener.  Este libro re\u00fane gran parte de la obra de Jordi Font sobre tres de sus temas de mayor inter\u00e9s: la salud mental, la espiritualidad y la m\u00edstica ignaciana. A partir de su s\u00f3lida formaci\u00f3n y vasta experiencia profesional, Font consolida una concepci\u00f3n de la salud mental y la salud espiritual como manifestaciones diferenciadas de una \u00fanica vida, siempre en evoluci\u00f3n hacia estados de maduraci\u00f3n m\u00e1s plena.  &nbsp;  SIGUE ESTE ENLACE PARA COMPRAR EL LIBRO: https:\/\/herdereditorial.com\/catalogo\/psicologia\/espiritualidad-mistica-y-salud-mental-9788425451195[:]","og_url":"https:\/\/www.fvb.cat\/es\/producto\/espiritualidad-mistica-y-salud-mental-vivir-de-forma-autonoma-solidaria-y-gozosa\/","og_site_name":"Fundaci\u00f3 Vidal i Barraquer","article_modified_time":"2024-11-07T16:02:33+00:00","og_image":[{"width":700,"height":700,"url":"https:\/\/www.fvb.cat\/wp-content\/uploads\/2024\/11\/IMG_ESPIRITUALIDAD-MISTICA-Y-SALUD-MENTAL.jpg","type":"image\/jpeg"}],"twitter_card":"summary_large_image","twitter_misc":{"Tiempo de lectura":"1 minuto"},"schema":{"@context":"https:\/\/schema.org","@graph":[{"@type":"WebPage","@id":"https:\/\/www.fvb.cat\/es\/producto\/espiritualidad-mistica-y-salud-mental-vivir-de-forma-autonoma-solidaria-y-gozosa\/","url":"https:\/\/www.fvb.cat\/es\/producto\/espiritualidad-mistica-y-salud-mental-vivir-de-forma-autonoma-solidaria-y-gozosa\/","name":"[:ca]Espiritualitat, m\u00edstica i salut mental. Viure de manera aut\u00f2noma, solid\u00e0ria i joiosa[:es]Espiritualidad, m\u00edstica y salud mental. Vivir de forma aut\u00f3noma, solidaria y gozosa[:] - Fundaci\u00f3 Vidal i Barraquer","isPartOf":{"@id":"https:\/\/www.fvb.cat\/es\/#website"},"primaryImageOfPage":{"@id":"https:\/\/www.fvb.cat\/es\/producto\/espiritualidad-mistica-y-salud-mental-vivir-de-forma-autonoma-solidaria-y-gozosa\/#primaryimage"},"image":{"@id":"https:\/\/www.fvb.cat\/es\/producto\/espiritualidad-mistica-y-salud-mental-vivir-de-forma-autonoma-solidaria-y-gozosa\/#primaryimage"},"thumbnailUrl":"https:\/\/www.fvb.cat\/wp-content\/uploads\/2024\/11\/IMG_ESPIRITUALIDAD-MISTICA-Y-SALUD-MENTAL.jpg","datePublished":"2024-11-07T16:02:12+00:00","dateModified":"2024-11-07T16:02:33+00:00","breadcrumb":{"@id":"https:\/\/www.fvb.cat\/es\/producto\/espiritualidad-mistica-y-salud-mental-vivir-de-forma-autonoma-solidaria-y-gozosa\/#breadcrumb"},"inLanguage":"es","potentialAction":[{"@type":"ReadAction","target":["https:\/\/www.fvb.cat\/es\/producto\/espiritualidad-mistica-y-salud-mental-vivir-de-forma-autonoma-solidaria-y-gozosa\/"]}]},{"@type":"ImageObject","inLanguage":"es","@id":"https:\/\/www.fvb.cat\/es\/producto\/espiritualidad-mistica-y-salud-mental-vivir-de-forma-autonoma-solidaria-y-gozosa\/#primaryimage","url":"https:\/\/www.fvb.cat\/wp-content\/uploads\/2024\/11\/IMG_ESPIRITUALIDAD-MISTICA-Y-SALUD-MENTAL.jpg","contentUrl":"https:\/\/www.fvb.cat\/wp-content\/uploads\/2024\/11\/IMG_ESPIRITUALIDAD-MISTICA-Y-SALUD-MENTAL.jpg","width":700,"height":700},{"@type":"BreadcrumbList","@id":"https:\/\/www.fvb.cat\/es\/producto\/espiritualidad-mistica-y-salud-mental-vivir-de-forma-autonoma-solidaria-y-gozosa\/#breadcrumb","itemListElement":[{"@type":"ListItem","position":1,"name":"Inici","item":"https:\/\/www.fvb.cat\/es\/"},{"@type":"ListItem","position":2,"name":"Botiga","item":"https:\/\/www.fvb.cat\/es\/botiga\/"},{"@type":"ListItem","position":3,"name":"Espiritualidad, m\u00edstica y salud mental. Vivir de forma aut\u00f3noma, solidaria y gozosa"}]},{"@type":"WebSite","@id":"https:\/\/www.fvb.cat\/es\/#website","url":"https:\/\/www.fvb.cat\/es\/","name":"Fundaci\u00f3 Vidal i Barraquer","description":"Asistencia, docencia e investigaci\u00f3n en Salud Mental","publisher":{"@id":"https:\/\/www.fvb.cat\/es\/#organization"},"potentialAction":[{"@type":"SearchAction","target":{"@type":"EntryPoint","urlTemplate":"https:\/\/www.fvb.cat\/es\/?s={search_term_string}"},"query-input":"required name=search_term_string"}],"inLanguage":"es"},{"@type":"Organization","@id":"https:\/\/www.fvb.cat\/es\/#organization","name":"Fundaci\u00f3 Vidal i Barraquer","url":"https:\/\/www.fvb.cat\/es\/","logo":{"@type":"ImageObject","inLanguage":"es","@id":"https:\/\/www.fvb.cat\/es\/#\/schema\/logo\/image\/","url":"https:\/\/www.fvb.cat\/wp-content\/uploads\/2024\/05\/logo-vidal-i-barrauqer-60-aniversari.jpg","contentUrl":"https:\/\/www.fvb.cat\/wp-content\/uploads\/2024\/05\/logo-vidal-i-barrauqer-60-aniversari.jpg","width":2125,"height":703,"caption":"Fundaci\u00f3 Vidal i Barraquer"},"image":{"@id":"https:\/\/www.fvb.cat\/es\/#\/schema\/logo\/image\/"}}]}},"_links":{"self":[{"href":"https:\/\/www.fvb.cat\/es\/wp-json\/wp\/v2\/product\/16387"}],"collection":[{"href":"https:\/\/www.fvb.cat\/es\/wp-json\/wp\/v2\/product"}],"about":[{"href":"https:\/\/www.fvb.cat\/es\/wp-json\/wp\/v2\/types\/product"}],"wp:featuredmedia":[{"embeddable":true,"href":"https:\/\/www.fvb.cat\/es\/wp-json\/wp\/v2\/media\/16388"}],"wp:attachment":[{"href":"https:\/\/www.fvb.cat\/es\/wp-json\/wp\/v2\/media?parent=16387"}],"wp:term":[{"taxonomy":"product_cat","embeddable":true,"href":"https:\/\/www.fvb.cat\/es\/wp-json\/wp\/v2\/product_cat?post=16387"},{"taxonomy":"product_tag","embeddable":true,"href":"https:\/\/www.fvb.cat\/es\/wp-json\/wp\/v2\/product_tag?post=16387"}],"curies":[{"name":"wp","href":"https:\/\/api.w.org\/{rel}","templated":true}]}}