{"id":16385,"date":"2024-11-07T16:53:13","date_gmt":"2024-11-07T15:53:13","guid":{"rendered":"https:\/\/www.fvb.cat\/es\/?post_type=product&#038;p=16385"},"modified":"2024-11-07T16:53:13","modified_gmt":"2024-11-07T15:53:13","slug":"espanol-tratamiento-basado-en-la-mentalizacion-para-ninos-aplicaciones-clinicas-en-el-contexto-actual","status":"publish","type":"product","link":"https:\/\/www.fvb.cat\/es\/producto\/tratamiento-basado-en-la-mentalizacion-aplicaciones-clinicas-en-el-contexto-actual\/","title":{"rendered":"Tratamiento basado en la mentalizaci\u00f3n para ni\u00f1os. Aplicaciones cl\u00ednicas en el contexto actual"},"content":{"rendered":"","protected":false},"excerpt":{"rendered":"<p><strong>FICHA<\/strong><br \/>\nTipo de producto: Estudio<br \/>\nEditorial: Herder Editorial<br \/>\nIdioma:\u00a0Castellano<br \/>\nN\u00famero de p\u00e1ginas: 496<\/p>\n<p><strong>SINOPSIS<\/strong><\/p>\n<p>Este libro busca ilustrar, con ejemplos cl\u00ednicos, las diversas aplicaciones y modificaciones del modelo del Tratamiento Basado en la Mentalizaci\u00f3n en su formulaci\u00f3n como para ni\u00f1os en edad escolar y sus padres (MBT-C).<\/p>\n<p>La teor\u00eda y la t\u00e9cnica contempor\u00e1neas del Tratamiento Basado en la Mentalizaci\u00f3n (MBT) y sus aplicaciones cl\u00ednicas se han desarrollado significativamente en los \u00faltimos 25 a\u00f1os, desde que Fonagy y colaboradores presentaran en 2002 su magistral integraci\u00f3n de psicolog\u00eda evolutiva, neurociencia, psicoan\u00e1lisis evolutivo y gen\u00e9tica. Su formulaci\u00f3n como tratamiento para ni\u00f1os en edad escolar y sus padres (MBT-C) representa, a su vez, una evoluci\u00f3n de las ideas de Anna Freud sobre la importancia de aplicar el conocimiento evolutivo a la labor cl\u00ednica.<\/p>\n<p>Este libro busca ilustrar, con ejemplos cl\u00ednicos, las diversas aplicaciones y modificaciones del modelo MBT-C y las formas en las que los terapeutas se adaptan a las necesidades del ni\u00f1o, a su mundo interno y externo. Con la aportaci\u00f3n de profesionales de distintos \u00e1mbitos de la salud mental y de diversas \u00e1reas geogr\u00e1ficas, pero con un lenguaje psicodin\u00e1mico evolutivo com\u00fan, se invita al lector a conocer la versatilidad de un modelo que organiza el funcionamiento cl\u00ednico interno y externo del profesional, al tiempo que libera su capacidad de jugar, crear y coconstruir.<\/p>\n<p><strong>SIGUE EL ENLACE PARA COMPRAR EL LIBRO: https:\/\/herdereditorial.com\/catalogo\/psicologia\/tratamiento-basado-en-la-mentalizacion-para-ni-os-9788425449000 <\/strong><\/p>\n","protected":false},"featured_media":16386,"template":"","meta":[],"product_cat":[57],"product_tag":[563,212,562],"yoast_head":"<!-- This site is optimized with the Yoast SEO plugin v22.6 - https:\/\/yoast.com\/wordpress\/plugins\/seo\/ -->\n<title>Tratamiento basado en la mentalizaci\u00f3n para ni\u00f1os. Aplicaciones cl\u00ednicas en el contexto actual<\/title>\n<meta name=\"description\" content=\"Busca ilustrar, con ejemplos, las diversas aplicaciones y modificaciones del modelo del Tratamiento Basado en la Mentalizaci\u00f3n en su formulaci\u00f3n como para ni\u00f1os en edad escolar y sus padres.\" \/>\n<meta name=\"robots\" content=\"index, follow, max-snippet:-1, max-image-preview:large, max-video-preview:-1\" \/>\n<link rel=\"canonical\" href=\"https:\/\/www.fvb.cat\/es\/producto\/tratamiento-basado-en-la-mentalizacion-aplicaciones-clinicas-en-el-contexto-actual\/\" \/>\n<meta property=\"og:locale\" content=\"es_ES\" \/>\n<meta property=\"og:type\" content=\"article\" \/>\n<meta property=\"og:title\" content=\"Tratamiento basado en la mentalizaci\u00f3n para ni\u00f1os. Aplicaciones cl\u00ednicas en el contexto actual\" \/>\n<meta property=\"og:description\" content=\"Busca ilustrar, con ejemplos, las diversas aplicaciones y modificaciones del modelo del Tratamiento Basado en la Mentalizaci\u00f3n en su formulaci\u00f3n como para ni\u00f1os en edad escolar y sus padres.\" \/>\n<meta property=\"og:url\" content=\"https:\/\/www.fvb.cat\/es\/producto\/tratamiento-basado-en-la-mentalizacion-aplicaciones-clinicas-en-el-contexto-actual\/\" \/>\n<meta property=\"og:site_name\" content=\"Fundaci\u00f3 Vidal i Barraquer\" \/>\n<meta property=\"og:image\" content=\"https:\/\/www.fvb.cat\/wp-content\/uploads\/2024\/11\/IMG_TRATAMIENTO-BASADO-EN-LA-MENTALIZACION-PARA-NINOS.jpg\" \/>\n\t<meta property=\"og:image:width\" content=\"700\" \/>\n\t<meta property=\"og:image:height\" content=\"700\" \/>\n\t<meta property=\"og:image:type\" content=\"image\/jpeg\" \/>\n<meta name=\"twitter:card\" content=\"summary_large_image\" \/>\n<meta name=\"twitter:label1\" content=\"Tiempo de lectura\" \/>\n\t<meta name=\"twitter:data1\" content=\"1 minuto\" \/>\n<script type=\"application\/ld+json\" class=\"yoast-schema-graph\">{\"@context\":\"https:\/\/schema.org\",\"@graph\":[{\"@type\":\"WebPage\",\"@id\":\"https:\/\/www.fvb.cat\/es\/producto\/tratamiento-basado-en-la-mentalizacion-aplicaciones-clinicas-en-el-contexto-actual\/\",\"url\":\"https:\/\/www.fvb.cat\/es\/producto\/tratamiento-basado-en-la-mentalizacion-aplicaciones-clinicas-en-el-contexto-actual\/\",\"name\":\"Tratamiento basado en la mentalizaci\u00f3n para ni\u00f1os. Aplicaciones cl\u00ednicas en el contexto actual\",\"isPartOf\":{\"@id\":\"https:\/\/www.fvb.cat\/es\/#website\"},\"primaryImageOfPage\":{\"@id\":\"https:\/\/www.fvb.cat\/es\/producto\/tratamiento-basado-en-la-mentalizacion-aplicaciones-clinicas-en-el-contexto-actual\/#primaryimage\"},\"image\":{\"@id\":\"https:\/\/www.fvb.cat\/es\/producto\/tratamiento-basado-en-la-mentalizacion-aplicaciones-clinicas-en-el-contexto-actual\/#primaryimage\"},\"thumbnailUrl\":\"https:\/\/www.fvb.cat\/wp-content\/uploads\/2024\/11\/IMG_TRATAMIENTO-BASADO-EN-LA-MENTALIZACION-PARA-NINOS.jpg\",\"datePublished\":\"2024-11-07T15:53:13+00:00\",\"dateModified\":\"2024-11-07T15:53:13+00:00\",\"description\":\"Busca ilustrar, con ejemplos, las diversas aplicaciones y modificaciones del modelo del Tratamiento Basado en la Mentalizaci\u00f3n en su formulaci\u00f3n como para ni\u00f1os en edad escolar y sus padres.\",\"breadcrumb\":{\"@id\":\"https:\/\/www.fvb.cat\/es\/producto\/tratamiento-basado-en-la-mentalizacion-aplicaciones-clinicas-en-el-contexto-actual\/#breadcrumb\"},\"inLanguage\":\"es\",\"potentialAction\":[{\"@type\":\"ReadAction\",\"target\":[\"https:\/\/www.fvb.cat\/es\/producto\/tratamiento-basado-en-la-mentalizacion-aplicaciones-clinicas-en-el-contexto-actual\/\"]}]},{\"@type\":\"ImageObject\",\"inLanguage\":\"es\",\"@id\":\"https:\/\/www.fvb.cat\/es\/producto\/tratamiento-basado-en-la-mentalizacion-aplicaciones-clinicas-en-el-contexto-actual\/#primaryimage\",\"url\":\"https:\/\/www.fvb.cat\/wp-content\/uploads\/2024\/11\/IMG_TRATAMIENTO-BASADO-EN-LA-MENTALIZACION-PARA-NINOS.jpg\",\"contentUrl\":\"https:\/\/www.fvb.cat\/wp-content\/uploads\/2024\/11\/IMG_TRATAMIENTO-BASADO-EN-LA-MENTALIZACION-PARA-NINOS.jpg\",\"width\":700,\"height\":700},{\"@type\":\"BreadcrumbList\",\"@id\":\"https:\/\/www.fvb.cat\/es\/producto\/tratamiento-basado-en-la-mentalizacion-aplicaciones-clinicas-en-el-contexto-actual\/#breadcrumb\",\"itemListElement\":[{\"@type\":\"ListItem\",\"position\":1,\"name\":\"Inici\",\"item\":\"https:\/\/www.fvb.cat\/es\/\"},{\"@type\":\"ListItem\",\"position\":2,\"name\":\"Botiga\",\"item\":\"https:\/\/www.fvb.cat\/es\/botiga\/\"},{\"@type\":\"ListItem\",\"position\":3,\"name\":\"Tratamiento basado en la mentalizaci\u00f3n para ni\u00f1os. Aplicaciones cl\u00ednicas en el contexto actual\"}]},{\"@type\":\"WebSite\",\"@id\":\"https:\/\/www.fvb.cat\/es\/#website\",\"url\":\"https:\/\/www.fvb.cat\/es\/\",\"name\":\"Fundaci\u00f3 Vidal i Barraquer\",\"description\":\"Asistencia, docencia e investigaci\u00f3n en Salud Mental\",\"publisher\":{\"@id\":\"https:\/\/www.fvb.cat\/es\/#organization\"},\"potentialAction\":[{\"@type\":\"SearchAction\",\"target\":{\"@type\":\"EntryPoint\",\"urlTemplate\":\"https:\/\/www.fvb.cat\/es\/?s={search_term_string}\"},\"query-input\":\"required name=search_term_string\"}],\"inLanguage\":\"es\"},{\"@type\":\"Organization\",\"@id\":\"https:\/\/www.fvb.cat\/es\/#organization\",\"name\":\"Fundaci\u00f3 Vidal i Barraquer\",\"url\":\"https:\/\/www.fvb.cat\/es\/\",\"logo\":{\"@type\":\"ImageObject\",\"inLanguage\":\"es\",\"@id\":\"https:\/\/www.fvb.cat\/es\/#\/schema\/logo\/image\/\",\"url\":\"https:\/\/www.fvb.cat\/wp-content\/uploads\/2024\/05\/logo-vidal-i-barrauqer-60-aniversari.jpg\",\"contentUrl\":\"https:\/\/www.fvb.cat\/wp-content\/uploads\/2024\/05\/logo-vidal-i-barrauqer-60-aniversari.jpg\",\"width\":2125,\"height\":703,\"caption\":\"Fundaci\u00f3 Vidal i Barraquer\"},\"image\":{\"@id\":\"https:\/\/www.fvb.cat\/es\/#\/schema\/logo\/image\/\"}}]}<\/script>\n<!-- \/ Yoast SEO plugin. -->","yoast_head_json":{"title":"Tratamiento basado en la mentalizaci\u00f3n para ni\u00f1os. Aplicaciones cl\u00ednicas en el contexto actual","description":"Busca ilustrar, con ejemplos, las diversas aplicaciones y modificaciones del modelo del Tratamiento Basado en la Mentalizaci\u00f3n en su formulaci\u00f3n como para ni\u00f1os en edad escolar y sus padres.","robots":{"index":"index","follow":"follow","max-snippet":"max-snippet:-1","max-image-preview":"max-image-preview:large","max-video-preview":"max-video-preview:-1"},"canonical":"https:\/\/www.fvb.cat\/es\/producto\/tratamiento-basado-en-la-mentalizacion-aplicaciones-clinicas-en-el-contexto-actual\/","og_locale":"es_ES","og_type":"article","og_title":"Tratamiento basado en la mentalizaci\u00f3n para ni\u00f1os. Aplicaciones cl\u00ednicas en el contexto actual","og_description":"Busca ilustrar, con ejemplos, las diversas aplicaciones y modificaciones del modelo del Tratamiento Basado en la Mentalizaci\u00f3n en su formulaci\u00f3n como para ni\u00f1os en edad escolar y sus padres.","og_url":"https:\/\/www.fvb.cat\/es\/producto\/tratamiento-basado-en-la-mentalizacion-aplicaciones-clinicas-en-el-contexto-actual\/","og_site_name":"Fundaci\u00f3 Vidal i Barraquer","og_image":[{"width":700,"height":700,"url":"https:\/\/www.fvb.cat\/wp-content\/uploads\/2024\/11\/IMG_TRATAMIENTO-BASADO-EN-LA-MENTALIZACION-PARA-NINOS.jpg","type":"image\/jpeg"}],"twitter_card":"summary_large_image","twitter_misc":{"Tiempo de lectura":"1 minuto"},"schema":{"@context":"https:\/\/schema.org","@graph":[{"@type":"WebPage","@id":"https:\/\/www.fvb.cat\/es\/producto\/tratamiento-basado-en-la-mentalizacion-aplicaciones-clinicas-en-el-contexto-actual\/","url":"https:\/\/www.fvb.cat\/es\/producto\/tratamiento-basado-en-la-mentalizacion-aplicaciones-clinicas-en-el-contexto-actual\/","name":"Tratamiento basado en la mentalizaci\u00f3n para ni\u00f1os. Aplicaciones cl\u00ednicas en el contexto actual","isPartOf":{"@id":"https:\/\/www.fvb.cat\/es\/#website"},"primaryImageOfPage":{"@id":"https:\/\/www.fvb.cat\/es\/producto\/tratamiento-basado-en-la-mentalizacion-aplicaciones-clinicas-en-el-contexto-actual\/#primaryimage"},"image":{"@id":"https:\/\/www.fvb.cat\/es\/producto\/tratamiento-basado-en-la-mentalizacion-aplicaciones-clinicas-en-el-contexto-actual\/#primaryimage"},"thumbnailUrl":"https:\/\/www.fvb.cat\/wp-content\/uploads\/2024\/11\/IMG_TRATAMIENTO-BASADO-EN-LA-MENTALIZACION-PARA-NINOS.jpg","datePublished":"2024-11-07T15:53:13+00:00","dateModified":"2024-11-07T15:53:13+00:00","description":"Busca ilustrar, con ejemplos, las diversas aplicaciones y modificaciones del modelo del Tratamiento Basado en la Mentalizaci\u00f3n en su formulaci\u00f3n como para ni\u00f1os en edad escolar y sus padres.","breadcrumb":{"@id":"https:\/\/www.fvb.cat\/es\/producto\/tratamiento-basado-en-la-mentalizacion-aplicaciones-clinicas-en-el-contexto-actual\/#breadcrumb"},"inLanguage":"es","potentialAction":[{"@type":"ReadAction","target":["https:\/\/www.fvb.cat\/es\/producto\/tratamiento-basado-en-la-mentalizacion-aplicaciones-clinicas-en-el-contexto-actual\/"]}]},{"@type":"ImageObject","inLanguage":"es","@id":"https:\/\/www.fvb.cat\/es\/producto\/tratamiento-basado-en-la-mentalizacion-aplicaciones-clinicas-en-el-contexto-actual\/#primaryimage","url":"https:\/\/www.fvb.cat\/wp-content\/uploads\/2024\/11\/IMG_TRATAMIENTO-BASADO-EN-LA-MENTALIZACION-PARA-NINOS.jpg","contentUrl":"https:\/\/www.fvb.cat\/wp-content\/uploads\/2024\/11\/IMG_TRATAMIENTO-BASADO-EN-LA-MENTALIZACION-PARA-NINOS.jpg","width":700,"height":700},{"@type":"BreadcrumbList","@id":"https:\/\/www.fvb.cat\/es\/producto\/tratamiento-basado-en-la-mentalizacion-aplicaciones-clinicas-en-el-contexto-actual\/#breadcrumb","itemListElement":[{"@type":"ListItem","position":1,"name":"Inici","item":"https:\/\/www.fvb.cat\/es\/"},{"@type":"ListItem","position":2,"name":"Botiga","item":"https:\/\/www.fvb.cat\/es\/botiga\/"},{"@type":"ListItem","position":3,"name":"Tratamiento basado en la mentalizaci\u00f3n para ni\u00f1os. Aplicaciones cl\u00ednicas en el contexto actual"}]},{"@type":"WebSite","@id":"https:\/\/www.fvb.cat\/es\/#website","url":"https:\/\/www.fvb.cat\/es\/","name":"Fundaci\u00f3 Vidal i Barraquer","description":"Asistencia, docencia e investigaci\u00f3n en Salud Mental","publisher":{"@id":"https:\/\/www.fvb.cat\/es\/#organization"},"potentialAction":[{"@type":"SearchAction","target":{"@type":"EntryPoint","urlTemplate":"https:\/\/www.fvb.cat\/es\/?s={search_term_string}"},"query-input":"required name=search_term_string"}],"inLanguage":"es"},{"@type":"Organization","@id":"https:\/\/www.fvb.cat\/es\/#organization","name":"Fundaci\u00f3 Vidal i Barraquer","url":"https:\/\/www.fvb.cat\/es\/","logo":{"@type":"ImageObject","inLanguage":"es","@id":"https:\/\/www.fvb.cat\/es\/#\/schema\/logo\/image\/","url":"https:\/\/www.fvb.cat\/wp-content\/uploads\/2024\/05\/logo-vidal-i-barrauqer-60-aniversari.jpg","contentUrl":"https:\/\/www.fvb.cat\/wp-content\/uploads\/2024\/05\/logo-vidal-i-barrauqer-60-aniversari.jpg","width":2125,"height":703,"caption":"Fundaci\u00f3 Vidal i Barraquer"},"image":{"@id":"https:\/\/www.fvb.cat\/es\/#\/schema\/logo\/image\/"}}]}},"_links":{"self":[{"href":"https:\/\/www.fvb.cat\/es\/wp-json\/wp\/v2\/product\/16385"}],"collection":[{"href":"https:\/\/www.fvb.cat\/es\/wp-json\/wp\/v2\/product"}],"about":[{"href":"https:\/\/www.fvb.cat\/es\/wp-json\/wp\/v2\/types\/product"}],"wp:featuredmedia":[{"embeddable":true,"href":"https:\/\/www.fvb.cat\/es\/wp-json\/wp\/v2\/media\/16386"}],"wp:attachment":[{"href":"https:\/\/www.fvb.cat\/es\/wp-json\/wp\/v2\/media?parent=16385"}],"wp:term":[{"taxonomy":"product_cat","embeddable":true,"href":"https:\/\/www.fvb.cat\/es\/wp-json\/wp\/v2\/product_cat?post=16385"},{"taxonomy":"product_tag","embeddable":true,"href":"https:\/\/www.fvb.cat\/es\/wp-json\/wp\/v2\/product_tag?post=16385"}],"curies":[{"name":"wp","href":"https:\/\/api.w.org\/{rel}","templated":true}]}}