{"id":12442,"date":"2023-04-20T13:06:02","date_gmt":"2023-04-20T12:06:02","guid":{"rendered":"https:\/\/www.fvb.cat\/?post_type=product&#038;p=12442"},"modified":"2025-07-25T12:04:36","modified_gmt":"2025-07-25T11:04:36","slug":"titol-dexpert-universitari-en-acompanyament-espiritual-matricula-fraccionada","status":"publish","type":"product","link":"https:\/\/www.fvb.cat\/es\/producto\/titulo-de-experto-en-universitario-en-acompanamiento-espiritual-2\/","title":{"rendered":"T\u00edtulo de Experto en Universitario en Acompa\u00f1amiento Espiritual (Matr\u00edcula Fraccionada)"},"content":{"rendered":"Preinscripci\u00f3n: a partir del d\u00eda <strong>1 de junio<\/strong>.<\/p>\n<p>Es imprescindible presentar la hoja de solicitud de admisi\u00f3n, junto con un curr\u00edculum y abonar los derechos de preinscripci\u00f3n. Al confirmarse la admisi\u00f3n, los solicitantes deber\u00e1n de abonar el importe de la matr\u00edcula dentro del plazo fijado.<\/p>\n<p>Matr\u00edcula: <strong>Del 1 de julio<\/strong>.<\/p>\nPreinscripci\u00f3n: a partir del d\u00eda <strong>1 de junio<\/strong>.<\/p>\n<p>Es imprescindible presentar la hoja de solicitud de admisi\u00f3n, junto con un curr\u00edculum y abonar los derechos de preinscripci\u00f3n. Al confirmarse la admisi\u00f3n, los solicitantes deber\u00e1n de abonar el importe de la matr\u00edcula dentro del plazo fijado.<\/p>\n<p>Matr\u00edcula: <strong>Del 1 de julio<\/strong>.<\/p>\n<p>&nbsp;","protected":false},"excerpt":{"rendered":"<p>Preinscripci\u00f3n: a partir del d\u00eda 1 de junio. Es imprescindible presentar la&#8230;<\/p>\n","protected":false},"featured_media":6658,"template":"","meta":[],"product_cat":[225],"product_tag":[],"yoast_head":"<!-- This site is optimized with the Yoast SEO plugin v22.6 - https:\/\/yoast.com\/wordpress\/plugins\/seo\/ -->\n<title>T\u00edtulo de Experto en Universitario en Acompa\u00f1amiento Espiritual (Matr\u00edcula Fraccionada) - Fundaci\u00f3 Vidal i Barraquer<\/title>\n<meta name=\"robots\" content=\"index, follow, max-snippet:-1, max-image-preview:large, max-video-preview:-1\" \/>\n<link rel=\"canonical\" href=\"https:\/\/www.fvb.cat\/ca\/producte\/titol-dexpert-universitari-en-acompanyament-espiritual-matricula-fraccionada-2\/\" \/>\n<meta property=\"og:locale\" content=\"es_ES\" \/>\n<meta property=\"og:type\" content=\"article\" \/>\n<meta property=\"og:title\" content=\"[:ca]T\u00edtol d\u2019Expert Universitari en Acompanyament Espiritual (Matr\u00edcula Fraccionada)[:es]T\u00edtulo de Experto en Universitario en Acompa\u00f1amiento Espiritual (Matr\u00edcula Fraccionada)[:] - Fundaci\u00f3 Vidal i Barraquer\" \/>\n<meta property=\"og:description\" content=\"Preinscripci\u00f3n: a partir del d\u00eda 1 de junio. Es imprescindible presentar la...\" \/>\n<meta property=\"og:url\" content=\"https:\/\/www.fvb.cat\/ca\/producte\/titol-dexpert-universitari-en-acompanyament-espiritual-matricula-fraccionada-2\/\" \/>\n<meta property=\"og:site_name\" content=\"Fundaci\u00f3 Vidal i Barraquer\" \/>\n<meta property=\"article:modified_time\" content=\"2025-07-25T11:04:36+00:00\" \/>\n<meta property=\"og:image\" content=\"https:\/\/www.fvb.cat\/wp-content\/uploads\/2017\/06\/47600501_m.jpg\" \/>\n\t<meta property=\"og:image:width\" content=\"848\" \/>\n\t<meta property=\"og:image:height\" content=\"565\" \/>\n\t<meta property=\"og:image:type\" content=\"image\/jpeg\" \/>\n<meta name=\"twitter:card\" content=\"summary_large_image\" \/>\n<meta name=\"twitter:label1\" content=\"Tiempo de lectura\" \/>\n\t<meta name=\"twitter:data1\" content=\"1 minuto\" \/>\n<script type=\"application\/ld+json\" class=\"yoast-schema-graph\">{\"@context\":\"https:\/\/schema.org\",\"@graph\":[{\"@type\":\"WebPage\",\"@id\":\"https:\/\/www.fvb.cat\/ca\/producte\/titol-dexpert-universitari-en-acompanyament-espiritual-matricula-fraccionada-2\/\",\"url\":\"https:\/\/www.fvb.cat\/ca\/producte\/titol-dexpert-universitari-en-acompanyament-espiritual-matricula-fraccionada-2\/\",\"name\":\"[:ca]T\u00edtol d\u2019Expert Universitari en Acompanyament Espiritual (Matr\u00edcula Fraccionada)[:es]T\u00edtulo de Experto en Universitario en Acompa\u00f1amiento Espiritual (Matr\u00edcula Fraccionada)[:] - Fundaci\u00f3 Vidal i Barraquer\",\"isPartOf\":{\"@id\":\"https:\/\/www.fvb.cat\/es\/#website\"},\"primaryImageOfPage\":{\"@id\":\"https:\/\/www.fvb.cat\/ca\/producte\/titol-dexpert-universitari-en-acompanyament-espiritual-matricula-fraccionada-2\/#primaryimage\"},\"image\":{\"@id\":\"https:\/\/www.fvb.cat\/ca\/producte\/titol-dexpert-universitari-en-acompanyament-espiritual-matricula-fraccionada-2\/#primaryimage\"},\"thumbnailUrl\":\"https:\/\/www.fvb.cat\/wp-content\/uploads\/2017\/06\/47600501_m.jpg\",\"datePublished\":\"2023-04-20T12:06:02+00:00\",\"dateModified\":\"2025-07-25T11:04:36+00:00\",\"breadcrumb\":{\"@id\":\"https:\/\/www.fvb.cat\/ca\/producte\/titol-dexpert-universitari-en-acompanyament-espiritual-matricula-fraccionada-2\/#breadcrumb\"},\"inLanguage\":\"es\",\"potentialAction\":[{\"@type\":\"ReadAction\",\"target\":[\"https:\/\/www.fvb.cat\/ca\/producte\/titol-dexpert-universitari-en-acompanyament-espiritual-matricula-fraccionada-2\/\"]}]},{\"@type\":\"ImageObject\",\"inLanguage\":\"es\",\"@id\":\"https:\/\/www.fvb.cat\/ca\/producte\/titol-dexpert-universitari-en-acompanyament-espiritual-matricula-fraccionada-2\/#primaryimage\",\"url\":\"https:\/\/www.fvb.cat\/wp-content\/uploads\/2017\/06\/47600501_m.jpg\",\"contentUrl\":\"https:\/\/www.fvb.cat\/wp-content\/uploads\/2017\/06\/47600501_m.jpg\",\"width\":848,\"height\":565,\"caption\":\"47600501 - male medicine doctor offering helping hand in office closeup. friendly and cheerful gesture. medical cure and tests advertisement concept. physician ready to examine and save patient\"},{\"@type\":\"BreadcrumbList\",\"@id\":\"https:\/\/www.fvb.cat\/ca\/producte\/titol-dexpert-universitari-en-acompanyament-espiritual-matricula-fraccionada-2\/#breadcrumb\",\"itemListElement\":[{\"@type\":\"ListItem\",\"position\":1,\"name\":\"Inici\",\"item\":\"https:\/\/www.fvb.cat\/es\/\"},{\"@type\":\"ListItem\",\"position\":2,\"name\":\"Botiga\",\"item\":\"https:\/\/www.fvb.cat\/es\/botiga\/\"},{\"@type\":\"ListItem\",\"position\":3,\"name\":\"T\u00edtol d\u2019Expert Universitari en Acompanyament Espiritual (Matr\u00edcula Fraccionada)\"}]},{\"@type\":\"WebSite\",\"@id\":\"https:\/\/www.fvb.cat\/es\/#website\",\"url\":\"https:\/\/www.fvb.cat\/es\/\",\"name\":\"Fundaci\u00f3 Vidal i Barraquer\",\"description\":\"Asistencia, docencia e investigaci\u00f3n en Salud Mental\",\"publisher\":{\"@id\":\"https:\/\/www.fvb.cat\/es\/#organization\"},\"potentialAction\":[{\"@type\":\"SearchAction\",\"target\":{\"@type\":\"EntryPoint\",\"urlTemplate\":\"https:\/\/www.fvb.cat\/es\/?s={search_term_string}\"},\"query-input\":\"required name=search_term_string\"}],\"inLanguage\":\"es\"},{\"@type\":\"Organization\",\"@id\":\"https:\/\/www.fvb.cat\/es\/#organization\",\"name\":\"Fundaci\u00f3 Vidal i Barraquer\",\"url\":\"https:\/\/www.fvb.cat\/es\/\",\"logo\":{\"@type\":\"ImageObject\",\"inLanguage\":\"es\",\"@id\":\"https:\/\/www.fvb.cat\/es\/#\/schema\/logo\/image\/\",\"url\":\"https:\/\/www.fvb.cat\/wp-content\/uploads\/2024\/05\/logo-vidal-i-barrauqer-60-aniversari.jpg\",\"contentUrl\":\"https:\/\/www.fvb.cat\/wp-content\/uploads\/2024\/05\/logo-vidal-i-barrauqer-60-aniversari.jpg\",\"width\":2125,\"height\":703,\"caption\":\"Fundaci\u00f3 Vidal i Barraquer\"},\"image\":{\"@id\":\"https:\/\/www.fvb.cat\/es\/#\/schema\/logo\/image\/\"}}]}<\/script>\n<!-- \/ Yoast SEO plugin. -->","yoast_head_json":{"title":"[:ca]T\u00edtol d\u2019Expert Universitari en Acompanyament Espiritual (Matr\u00edcula Fraccionada)[:es]T\u00edtulo de Experto en Universitario en Acompa\u00f1amiento Espiritual (Matr\u00edcula Fraccionada)[:] - Fundaci\u00f3 Vidal i Barraquer","robots":{"index":"index","follow":"follow","max-snippet":"max-snippet:-1","max-image-preview":"max-image-preview:large","max-video-preview":"max-video-preview:-1"},"canonical":"https:\/\/www.fvb.cat\/ca\/producte\/titol-dexpert-universitari-en-acompanyament-espiritual-matricula-fraccionada-2\/","og_locale":"es_ES","og_type":"article","og_title":"[:ca]T\u00edtol d\u2019Expert Universitari en Acompanyament Espiritual (Matr\u00edcula Fraccionada)[:es]T\u00edtulo de Experto en Universitario en Acompa\u00f1amiento Espiritual (Matr\u00edcula Fraccionada)[:] - Fundaci\u00f3 Vidal i Barraquer","og_description":"Preinscripci\u00f3n: a partir del d\u00eda 1 de junio. Es imprescindible presentar la...","og_url":"https:\/\/www.fvb.cat\/ca\/producte\/titol-dexpert-universitari-en-acompanyament-espiritual-matricula-fraccionada-2\/","og_site_name":"Fundaci\u00f3 Vidal i Barraquer","article_modified_time":"2025-07-25T11:04:36+00:00","og_image":[{"width":848,"height":565,"url":"https:\/\/www.fvb.cat\/wp-content\/uploads\/2017\/06\/47600501_m.jpg","type":"image\/jpeg"}],"twitter_card":"summary_large_image","twitter_misc":{"Tiempo de lectura":"1 minuto"},"schema":{"@context":"https:\/\/schema.org","@graph":[{"@type":"WebPage","@id":"https:\/\/www.fvb.cat\/ca\/producte\/titol-dexpert-universitari-en-acompanyament-espiritual-matricula-fraccionada-2\/","url":"https:\/\/www.fvb.cat\/ca\/producte\/titol-dexpert-universitari-en-acompanyament-espiritual-matricula-fraccionada-2\/","name":"[:ca]T\u00edtol d\u2019Expert Universitari en Acompanyament Espiritual (Matr\u00edcula Fraccionada)[:es]T\u00edtulo de Experto en Universitario en Acompa\u00f1amiento Espiritual (Matr\u00edcula Fraccionada)[:] - Fundaci\u00f3 Vidal i Barraquer","isPartOf":{"@id":"https:\/\/www.fvb.cat\/es\/#website"},"primaryImageOfPage":{"@id":"https:\/\/www.fvb.cat\/ca\/producte\/titol-dexpert-universitari-en-acompanyament-espiritual-matricula-fraccionada-2\/#primaryimage"},"image":{"@id":"https:\/\/www.fvb.cat\/ca\/producte\/titol-dexpert-universitari-en-acompanyament-espiritual-matricula-fraccionada-2\/#primaryimage"},"thumbnailUrl":"https:\/\/www.fvb.cat\/wp-content\/uploads\/2017\/06\/47600501_m.jpg","datePublished":"2023-04-20T12:06:02+00:00","dateModified":"2025-07-25T11:04:36+00:00","breadcrumb":{"@id":"https:\/\/www.fvb.cat\/ca\/producte\/titol-dexpert-universitari-en-acompanyament-espiritual-matricula-fraccionada-2\/#breadcrumb"},"inLanguage":"es","potentialAction":[{"@type":"ReadAction","target":["https:\/\/www.fvb.cat\/ca\/producte\/titol-dexpert-universitari-en-acompanyament-espiritual-matricula-fraccionada-2\/"]}]},{"@type":"ImageObject","inLanguage":"es","@id":"https:\/\/www.fvb.cat\/ca\/producte\/titol-dexpert-universitari-en-acompanyament-espiritual-matricula-fraccionada-2\/#primaryimage","url":"https:\/\/www.fvb.cat\/wp-content\/uploads\/2017\/06\/47600501_m.jpg","contentUrl":"https:\/\/www.fvb.cat\/wp-content\/uploads\/2017\/06\/47600501_m.jpg","width":848,"height":565,"caption":"47600501 - male medicine doctor offering helping hand in office closeup. friendly and cheerful gesture. medical cure and tests advertisement concept. physician ready to examine and save patient"},{"@type":"BreadcrumbList","@id":"https:\/\/www.fvb.cat\/ca\/producte\/titol-dexpert-universitari-en-acompanyament-espiritual-matricula-fraccionada-2\/#breadcrumb","itemListElement":[{"@type":"ListItem","position":1,"name":"Inici","item":"https:\/\/www.fvb.cat\/es\/"},{"@type":"ListItem","position":2,"name":"Botiga","item":"https:\/\/www.fvb.cat\/es\/botiga\/"},{"@type":"ListItem","position":3,"name":"T\u00edtol d\u2019Expert Universitari en Acompanyament Espiritual (Matr\u00edcula Fraccionada)"}]},{"@type":"WebSite","@id":"https:\/\/www.fvb.cat\/es\/#website","url":"https:\/\/www.fvb.cat\/es\/","name":"Fundaci\u00f3 Vidal i Barraquer","description":"Asistencia, docencia e investigaci\u00f3n en Salud Mental","publisher":{"@id":"https:\/\/www.fvb.cat\/es\/#organization"},"potentialAction":[{"@type":"SearchAction","target":{"@type":"EntryPoint","urlTemplate":"https:\/\/www.fvb.cat\/es\/?s={search_term_string}"},"query-input":"required name=search_term_string"}],"inLanguage":"es"},{"@type":"Organization","@id":"https:\/\/www.fvb.cat\/es\/#organization","name":"Fundaci\u00f3 Vidal i Barraquer","url":"https:\/\/www.fvb.cat\/es\/","logo":{"@type":"ImageObject","inLanguage":"es","@id":"https:\/\/www.fvb.cat\/es\/#\/schema\/logo\/image\/","url":"https:\/\/www.fvb.cat\/wp-content\/uploads\/2024\/05\/logo-vidal-i-barrauqer-60-aniversari.jpg","contentUrl":"https:\/\/www.fvb.cat\/wp-content\/uploads\/2024\/05\/logo-vidal-i-barrauqer-60-aniversari.jpg","width":2125,"height":703,"caption":"Fundaci\u00f3 Vidal i Barraquer"},"image":{"@id":"https:\/\/www.fvb.cat\/es\/#\/schema\/logo\/image\/"}}]}},"_links":{"self":[{"href":"https:\/\/www.fvb.cat\/es\/wp-json\/wp\/v2\/product\/12442"}],"collection":[{"href":"https:\/\/www.fvb.cat\/es\/wp-json\/wp\/v2\/product"}],"about":[{"href":"https:\/\/www.fvb.cat\/es\/wp-json\/wp\/v2\/types\/product"}],"wp:featuredmedia":[{"embeddable":true,"href":"https:\/\/www.fvb.cat\/es\/wp-json\/wp\/v2\/media\/6658"}],"wp:attachment":[{"href":"https:\/\/www.fvb.cat\/es\/wp-json\/wp\/v2\/media?parent=12442"}],"wp:term":[{"taxonomy":"product_cat","embeddable":true,"href":"https:\/\/www.fvb.cat\/es\/wp-json\/wp\/v2\/product_cat?post=12442"},{"taxonomy":"product_tag","embeddable":true,"href":"https:\/\/www.fvb.cat\/es\/wp-json\/wp\/v2\/product_tag?post=12442"}],"curies":[{"name":"wp","href":"https:\/\/api.w.org\/{rel}","templated":true}]}}