{"id":9781,"date":"2021-05-18T10:04:31","date_gmt":"2021-05-18T09:04:31","guid":{"rendered":"http:\/\/www.fvb.cat\/?page_id=9781"},"modified":"2021-06-01T11:03:31","modified_gmt":"2021-06-01T10:03:31","slug":"ensenyament-2","status":"publish","type":"page","link":"https:\/\/www.fvb.cat\/es\/ensenanza-2\/","title":{"rendered":"Escuelas y Universidades"},"content":{"rendered":"<section class=\"l-section wpb_row height_medium\"><div class=\"l-section-h i-cf\"><div class=\"g-cols type_default valign_top\"><div class=\"vc_col-sm-8 wpb_column vc_column_container\"><div class=\"vc_column-inner\"><div class=\"wpb_wrapper\"><div class=\"wpb_text_column \"><div class=\"wpb_wrapper\">\n<h1>Atenci\u00f3n al mundo de la ense\u00f1anza<\/h1>\n<\/div> <\/div> <div class=\"wpb_text_column \"><div class=\"wpb_wrapper\"><p>Despu\u00e9s de m\u00e1s de dos d\u00e9cadas de colaboraci\u00f3n con las escuelas formando parte de los equipos psicopedag\u00f3gicos internos y gracias a los convenios de colaboraci\u00f3n con diferentes facultades (URL, UPF, UPC),\u00a0en esta unidad se ofrece respaldo y orientaci\u00f3n a los equipos docentes. Atenci\u00f3n en catal\u00e1n, castellano e ingl\u00e9s..<\/p><\/div> <\/div> [vc_empty_space]<div class=\"wpb_text_column \"><div class=\"wpb_wrapper\">\n<h2>Servicios<\/h2>\n<\/div> <\/div> <div class=\"w-tabs layout_default accordion title_left icon_chevron iconpos_right \"><div class=\"w-tabs-list items_2\"><div class=\"w-tabs-list-h\"><div class=\"w-tabs-item\"><a href=\"#1492677951658-b4da57de-5098\" class=\"w-tabs-item-h\"><span class=\"w-tabs-item-title\"> Colaboraci\u00f3n con centros escolares<\/span><\/a><\/div>\n<div class=\"w-tabs-item\"><a href=\"#1492678109257-3c1e6e5a-2320\" class=\"w-tabs-item-h\"><span class=\"w-tabs-item-title\"> Universidades<\/span><\/a><\/div>\n<\/div><\/div><div class=\"w-tabs-sections\"><div class=\"w-tabs-sections-h\"><div class=\"w-tabs-section\" id=\"1492677951658-b4da57de-5098\"><a href=\"#1492677951658-b4da57de-5098\" class=\"w-tabs-section-header\"><div class=\"w-tabs-section-header-h\"><h5 class=\"w-tabs-section-title\"> Colaboraci\u00f3n con centros escolares<\/h5><div class=\"w-tabs-section-control\"><\/div><\/div><\/a><div class=\"w-tabs-section-content\"><div class=\"w-tabs-section-content-h i-cf\"><div class=\"wpb_text_column \"><div class=\"wpb_wrapper\"><p>M\u00e1s de veinte a\u00f1os de colaboraci\u00f3n con escuelas formando parte de los equipos psicopedag\u00f3gicos internos:<\/p>\n<ul>\n<li>Soporte y orientaci\u00f3n al equipo docente.<\/li>\n<li>Detecci\u00f3n y intervenci\u00f3n en din\u00e1micas de grupo problem\u00e1ticas.<\/li>\n<li>Detecci\u00f3n de problemas psicol\u00f3gicos y psicopedag\u00f3gicos de los alumnos.<\/li>\n<li>Orientaci\u00f3n espec\u00edfica a los tutores. Realizaci\u00f3n de planes individuales.<\/li>\n<\/ul>\n<p>Orientaci\u00f3n a los padres. Derivaci\u00f3n a consultas profesionales.<\/p><\/div> <\/div> <\/div><\/div><\/div><div class=\"w-tabs-section\" id=\"1492678109257-3c1e6e5a-2320\"><a href=\"#1492678109257-3c1e6e5a-2320\" class=\"w-tabs-section-header\"><div class=\"w-tabs-section-header-h\"><h5 class=\"w-tabs-section-title\"> Universidades<\/h5><div class=\"w-tabs-section-control\"><\/div><\/div><\/a><div class=\"w-tabs-section-content\"><div class=\"w-tabs-section-content-h i-cf\"><div class=\"wpb_text_column \"><div class=\"wpb_wrapper\"><strong>Universidad Ramon Llull<\/strong><br \/>\nConvenios de colaboraci\u00f3n con diferentes facultades:<\/p>\n<ul>\n<li>Escuela de Turismo, Facultad de Comunicaci\u00f3n, Facultad de Ciencias de la Salud.<\/li>\n<li>Atenci\u00f3n psicol\u00f3gica y\/o psiqui\u00e1trica a estudiantes y personal acad\u00e9mico y administrativo<\/li>\n<li>Atenci\u00f3n psicol\u00f3gica a situaciones de grupo: intervenci\u00f3n espec\u00edfica a las mismas facultades.<\/li>\n<li>Coordinaci\u00f3n con el equipo docente.<\/li>\n<li>Asesoramiento al equipo docente.<\/li>\n<\/ul>\n<p><strong>Universidad Pompeu Fabra<\/strong><br \/>\nConvenio de colaboraci\u00f3n:<\/p>\n<ul>\n<li>Atenci\u00f3n psiqui\u00e1trica a estudiantes de la instituci\u00f3n.<\/li>\n<li>Orientaci\u00f3n y asesoramiento psicol\u00f3gico a estudiantes en les dependencias de la misma universidad (servicio obtenido mediante concurso p\u00fablico).<\/li>\n<li>Atenci\u00f3n en catal\u00e1n, castellano e ingl\u00e9s<\/li>\n<li>Asesoramiento al equipo docente<\/li>\n<\/ul>\n<p><strong>Universidad Polit\u00e8cnica de Catalunya<\/strong><\/p>\n<p>Convenio de colaboraci\u00f3n:<\/p>\n<ul>\n<li>Orientaci\u00f3n y asesoramiento psicol\u00f3gico a estudiantes en les dependencias de la misma universidad (servicio obtenido mediante concurso p\u00fablico).<\/li>\n<li>Atenci\u00f3n en catal\u00e1n, castellano e ingl\u00e9s.<\/li>\n<li>Asesoramiento al equipo docente y no docente.<\/li>\n<\/ul>\n<\/div> <\/div> <\/div><\/div><\/div><\/div><\/div><\/div><\/div><\/div><\/div><div class=\"vc_col-sm-4 wpb_column vc_column_container has-fill\"><div class=\"vc_column-inner  vc_custom_1492678464530\"><div class=\"wpb_wrapper\"><div class=\"wpb_text_column \"><div class=\"wpb_wrapper\">\n<h5>Contacto<\/h5>\n<\/div> <\/div> <div class=\"wpb_text_column \"><div class=\"wpb_wrapper\"><p>Si quieres m\u00e1s informaci\u00f3n sobre nuestros servicios, contacta con nosotros en el tel\u00e9fono 934 189 988 o env\u00edanos un correo a <a href=\"mailto:cmp@fvb.cat\">cmp@fvb.cat<\/a><\/p><\/div> <\/div> <div class=\"wpb_text_column \"><div class=\"wpb_wrapper\"><p>Si tienes cualquier duda sobre el servicio que ofrecemos, puedes ponerte en contacto con nosotros mediante este formulario:<\/p><\/div> <\/div> \n<div class=\"wpcf7 no-js\" id=\"wpcf7-f5945-o2\" lang=\"ca\" dir=\"ltr\">\n<div class=\"screen-reader-response\"><p role=\"status\" aria-live=\"polite\" aria-atomic=\"true\"><\/p> <ul><\/ul><\/div>\n<form action=\"\/es\/wp-json\/wp\/v2\/pages\/9781#wpcf7-f5945-o2\" method=\"post\" class=\"wpcf7-form init\" aria-label=\"Formulari de contacte\" novalidate=\"novalidate\" data-status=\"init\">\n<div style=\"display: none;\">\n<input type=\"hidden\" name=\"_wpcf7\" value=\"5945\" \/>\n<input type=\"hidden\" name=\"_wpcf7_version\" value=\"5.9.3\" \/>\n<input type=\"hidden\" name=\"_wpcf7_locale\" value=\"ca\" \/>\n<input type=\"hidden\" name=\"_wpcf7_unit_tag\" value=\"wpcf7-f5945-o2\" \/>\n<input type=\"hidden\" name=\"_wpcf7_container_post\" value=\"0\" \/>\n<input type=\"hidden\" name=\"_wpcf7_posted_data_hash\" value=\"\" \/>\n<input type=\"hidden\" name=\"_wpcf7_recaptcha_response\" value=\"\" \/>\n<\/div>\n<p><label> Nombre y apellidos*<br \/>\n<span class=\"wpcf7-form-control-wrap\" data-name=\"your-name\"><input size=\"40\" class=\"wpcf7-form-control wpcf7-text wpcf7-validates-as-required\" aria-required=\"true\" aria-invalid=\"false\" value=\"\" type=\"text\" name=\"your-name\" \/><\/span> <\/label>\n<\/p>\n<p><label> Correo electr\u00f3nico*<br \/>\n<span class=\"wpcf7-form-control-wrap\" data-name=\"your-email\"><input size=\"40\" class=\"wpcf7-form-control wpcf7-email wpcf7-validates-as-required wpcf7-text wpcf7-validates-as-email\" aria-required=\"true\" aria-invalid=\"false\" value=\"\" type=\"email\" name=\"your-email\" \/><\/span> <\/label>\n<\/p>\n<p><label> Tel\u00e9fono*<br \/>\n<span class=\"wpcf7-form-control-wrap\" data-name=\"tel-616\"><input size=\"40\" class=\"wpcf7-form-control wpcf7-tel wpcf7-validates-as-required wpcf7-text wpcf7-validates-as-tel\" aria-required=\"true\" aria-invalid=\"false\" value=\"\" type=\"tel\" name=\"tel-616\" \/><\/span> <\/label>\n<\/p>\n<p><label> Mensaje*<br \/>\n<span class=\"wpcf7-form-control-wrap\" data-name=\"your-message\"><textarea cols=\"40\" rows=\"10\" class=\"wpcf7-form-control wpcf7-textarea\" aria-invalid=\"false\" name=\"your-message\"><\/textarea><\/span> <\/label>\n<\/p>\n<span class=\"wpcf7-form-control-wrap recaptcha\" data-name=\"recaptcha\"><span data-sitekey=\"6LePjDodAAAAAFeYE7W7uxHF1ZwKKj_1O1vUv84e\" class=\"wpcf7-form-control wpcf7-recaptcha g-recaptcha\"><\/span>\r\n<noscript>\r\n\t<div class=\"grecaptcha-noscript\">\r\n\t\t<iframe loading=\"lazy\" src=\"https:\/\/www.google.com\/recaptcha\/api\/fallback?k=6LePjDodAAAAAFeYE7W7uxHF1ZwKKj_1O1vUv84e\" frameborder=\"0\" scrolling=\"no\" width=\"310\" height=\"430\">\r\n\t\t<\/iframe>\r\n\t\t<textarea name=\"g-recaptcha-response\" rows=\"3\" cols=\"40\" placeholder=\"reCaptcha Response Here\">\r\n\t\t<\/textarea>\r\n\t<\/div>\r\n<\/noscript>\r\n<\/span>\n<p><input class=\"wpcf7-form-control wpcf7-submit has-spinner\" type=\"submit\" value=\"Enviar\" \/>\n<\/p><div class=\"wpcf7-response-output\" aria-hidden=\"true\"><\/div>\n<\/form>\n<\/div>\n<\/div><\/div><\/div><\/div><\/div><\/section><section class=\"l-section wpb_row height_medium invalid\"><div class=\"l-section-h i-cf\"><div class=\"g-cols type_default valign_top\"><div class=\"vc_col-sm-12 wpb_column vc_column_container\"><div class=\"vc_column-inner\"><div class=\"wpb_wrapper\"><div class=\"wpb_text_column \"><div class=\"wpb_wrapper\">\n<h2>Professionals<\/h2>\n<\/div> <\/div> <div class=\"g-cols wpb_row type_default valign_top vc_inner \"><div class=\"vc_col-sm-3 wpb_column vc_column_container\"><div class=\"vc_column-inner\"><div class=\"wpb_wrapper\"><div class=\"w-person layout_simple with_socials with_desc\" itemscope=\"itemscope\" itemtype=\"https:\/\/schema.org\/Person\"><div class=\"w-person-image\"><\/div><div class=\"w-person-content\"><h4 class=\"w-person-name\" itemprop=\"name\"><span>John Doe<\/span><\/h4><div class=\"w-person-role\" itemprop=\"jobTitle\">Especialitat<\/div><div class=\"w-person-links\"><div class=\"w-person-links-list\"><a class=\"w-person-links-item\" href=\"http:\/\/qwerty\" target=\"_blank\"><i class=\"fa fa-linkedin\"><\/i><\/a><\/div><\/div><div class=\"w-person-description\" itemprop=\"description\">Lorem ipsum sit atmet<\/div><\/div><\/div><\/div><\/div><\/div><div class=\"vc_col-sm-3 wpb_column vc_column_container\"><div class=\"vc_column-inner\"><div class=\"wpb_wrapper\"><div class=\"w-person layout_simple with_socials with_desc\" itemscope=\"itemscope\" itemtype=\"https:\/\/schema.org\/Person\"><div class=\"w-person-image\"><\/div><div class=\"w-person-content\"><h4 class=\"w-person-name\" itemprop=\"name\"><span>John Doe<\/span><\/h4><div class=\"w-person-role\" itemprop=\"jobTitle\">Especialitat<\/div><div class=\"w-person-links\"><div class=\"w-person-links-list\"><a class=\"w-person-links-item\" href=\"http:\/\/qwerty\" target=\"_blank\"><i class=\"fa fa-linkedin\"><\/i><\/a><\/div><\/div><div class=\"w-person-description\" itemprop=\"description\">Lorem ipsum sit atmet<\/div><\/div><\/div><\/div><\/div><\/div><div class=\"vc_col-sm-3 wpb_column vc_column_container\"><div class=\"vc_column-inner\"><div class=\"wpb_wrapper\"><div class=\"w-person layout_simple with_socials with_desc\" itemscope=\"itemscope\" itemtype=\"https:\/\/schema.org\/Person\"><div class=\"w-person-image\"><\/div><div class=\"w-person-content\"><h4 class=\"w-person-name\" itemprop=\"name\"><span>John Doe<\/span><\/h4><div class=\"w-person-role\" itemprop=\"jobTitle\">Especialitat<\/div><div class=\"w-person-links\"><div class=\"w-person-links-list\"><a class=\"w-person-links-item\" href=\"http:\/\/qwerty\" target=\"_blank\"><i class=\"fa fa-linkedin\"><\/i><\/a><\/div><\/div><div class=\"w-person-description\" itemprop=\"description\">Lorem ipsum sit atmet<\/div><\/div><\/div><\/div><\/div><\/div><div class=\"vc_col-sm-3 wpb_column vc_column_container\"><div class=\"vc_column-inner\"><div class=\"wpb_wrapper\"><div class=\"w-person layout_simple with_socials with_desc\" itemscope=\"itemscope\" itemtype=\"https:\/\/schema.org\/Person\"><div class=\"w-person-image\"><\/div><div class=\"w-person-content\"><h4 class=\"w-person-name\" itemprop=\"name\"><span>John Doe<\/span><\/h4><div class=\"w-person-role\" itemprop=\"jobTitle\">Especialitat<\/div><div class=\"w-person-links\"><div class=\"w-person-links-list\"><a class=\"w-person-links-item\" href=\"http:\/\/qwerty\" target=\"_blank\"><i class=\"fa fa-linkedin\"><\/i><\/a><\/div><\/div><div class=\"w-person-description\" itemprop=\"description\">Lorem ipsum sit atmet<\/div><\/div><\/div><\/div><\/div><\/div><\/div><\/div><\/div><\/div><\/div><\/div><\/section>","protected":false},"excerpt":{"rendered":"Fundaci\u00f3n Vidal i Barraquer Somos una instituci\u00f3n creada en 1964 y dedicada...","protected":false},"author":20,"featured_media":0,"parent":0,"menu_order":0,"comment_status":"closed","ping_status":"closed","template":"","meta":{"footnotes":""},"yoast_head":"<!-- This site is optimized with the Yoast SEO plugin v22.6 - https:\/\/yoast.com\/wordpress\/plugins\/seo\/ -->\n<title>Escuelas y Universidades - Fundaci\u00f3 Vidal i Barraquer<\/title>\n<meta name=\"robots\" content=\"index, follow, max-snippet:-1, max-image-preview:large, max-video-preview:-1\" \/>\n<link rel=\"canonical\" href=\"https:\/\/www.fvb.cat\/ca\/centre-medic-psicologic-3\/ensenyament-2\/\" \/>\n<meta property=\"og:locale\" content=\"es_ES\" \/>\n<meta property=\"og:type\" content=\"article\" \/>\n<meta property=\"og:title\" content=\"[:ca]Escoles i Universitats[:es]Escuelas y Universidades[:] - Fundaci\u00f3 Vidal i Barraquer\" \/>\n<meta property=\"og:url\" content=\"https:\/\/www.fvb.cat\/ca\/centre-medic-psicologic-3\/ensenyament-2\/\" \/>\n<meta property=\"og:site_name\" content=\"Fundaci\u00f3 Vidal i Barraquer\" \/>\n<meta property=\"article:modified_time\" content=\"2021-06-01T10:03:31+00:00\" \/>\n<meta name=\"twitter:card\" content=\"summary_large_image\" \/>\n<meta name=\"twitter:label1\" content=\"Tiempo de lectura\" \/>\n\t<meta name=\"twitter:data1\" content=\"6 minutos\" \/>\n<script type=\"application\/ld+json\" class=\"yoast-schema-graph\">{\"@context\":\"https:\/\/schema.org\",\"@graph\":[{\"@type\":\"WebPage\",\"@id\":\"https:\/\/www.fvb.cat\/ca\/centre-medic-psicologic-3\/ensenyament-2\/\",\"url\":\"https:\/\/www.fvb.cat\/ca\/centre-medic-psicologic-3\/ensenyament-2\/\",\"name\":\"[:ca]Escoles i Universitats[:es]Escuelas y Universidades[:] - Fundaci\u00f3 Vidal i Barraquer\",\"isPartOf\":{\"@id\":\"https:\/\/www.fvb.cat\/es\/#website\"},\"datePublished\":\"2021-05-18T09:04:31+00:00\",\"dateModified\":\"2021-06-01T10:03:31+00:00\",\"breadcrumb\":{\"@id\":\"https:\/\/www.fvb.cat\/ca\/centre-medic-psicologic-3\/ensenyament-2\/#breadcrumb\"},\"inLanguage\":\"es\",\"potentialAction\":[{\"@type\":\"ReadAction\",\"target\":[\"https:\/\/www.fvb.cat\/ca\/centre-medic-psicologic-3\/ensenyament-2\/\"]}]},{\"@type\":\"BreadcrumbList\",\"@id\":\"https:\/\/www.fvb.cat\/ca\/centre-medic-psicologic-3\/ensenyament-2\/#breadcrumb\",\"itemListElement\":[{\"@type\":\"ListItem\",\"position\":1,\"name\":\"Inici\",\"item\":\"https:\/\/www.fvb.cat\/es\/\"},{\"@type\":\"ListItem\",\"position\":2,\"name\":\"Escoles i Universitats\"}]},{\"@type\":\"WebSite\",\"@id\":\"https:\/\/www.fvb.cat\/es\/#website\",\"url\":\"https:\/\/www.fvb.cat\/es\/\",\"name\":\"Fundaci\u00f3 Vidal i Barraquer\",\"description\":\"Asistencia, docencia e investigaci\u00f3n en Salud Mental\",\"publisher\":{\"@id\":\"https:\/\/www.fvb.cat\/es\/#organization\"},\"potentialAction\":[{\"@type\":\"SearchAction\",\"target\":{\"@type\":\"EntryPoint\",\"urlTemplate\":\"https:\/\/www.fvb.cat\/es\/?s={search_term_string}\"},\"query-input\":\"required name=search_term_string\"}],\"inLanguage\":\"es\"},{\"@type\":\"Organization\",\"@id\":\"https:\/\/www.fvb.cat\/es\/#organization\",\"name\":\"Fundaci\u00f3 Vidal i Barraquer\",\"url\":\"https:\/\/www.fvb.cat\/es\/\",\"logo\":{\"@type\":\"ImageObject\",\"inLanguage\":\"es\",\"@id\":\"https:\/\/www.fvb.cat\/es\/#\/schema\/logo\/image\/\",\"url\":\"https:\/\/www.fvb.cat\/wp-content\/uploads\/2024\/05\/logo-vidal-i-barrauqer-60-aniversari.jpg\",\"contentUrl\":\"https:\/\/www.fvb.cat\/wp-content\/uploads\/2024\/05\/logo-vidal-i-barrauqer-60-aniversari.jpg\",\"width\":2125,\"height\":703,\"caption\":\"Fundaci\u00f3 Vidal i Barraquer\"},\"image\":{\"@id\":\"https:\/\/www.fvb.cat\/es\/#\/schema\/logo\/image\/\"}}]}<\/script>\n<!-- \/ Yoast SEO plugin. -->","yoast_head_json":{"title":"[:ca]Escoles i Universitats[:es]Escuelas y Universidades[:] - Fundaci\u00f3 Vidal i Barraquer","robots":{"index":"index","follow":"follow","max-snippet":"max-snippet:-1","max-image-preview":"max-image-preview:large","max-video-preview":"max-video-preview:-1"},"canonical":"https:\/\/www.fvb.cat\/ca\/centre-medic-psicologic-3\/ensenyament-2\/","og_locale":"es_ES","og_type":"article","og_title":"[:ca]Escoles i Universitats[:es]Escuelas y Universidades[:] - Fundaci\u00f3 Vidal i Barraquer","og_url":"https:\/\/www.fvb.cat\/ca\/centre-medic-psicologic-3\/ensenyament-2\/","og_site_name":"Fundaci\u00f3 Vidal i Barraquer","article_modified_time":"2021-06-01T10:03:31+00:00","twitter_card":"summary_large_image","twitter_misc":{"Tiempo de lectura":"6 minutos"},"schema":{"@context":"https:\/\/schema.org","@graph":[{"@type":"WebPage","@id":"https:\/\/www.fvb.cat\/ca\/centre-medic-psicologic-3\/ensenyament-2\/","url":"https:\/\/www.fvb.cat\/ca\/centre-medic-psicologic-3\/ensenyament-2\/","name":"[:ca]Escoles i Universitats[:es]Escuelas y Universidades[:] - Fundaci\u00f3 Vidal i Barraquer","isPartOf":{"@id":"https:\/\/www.fvb.cat\/es\/#website"},"datePublished":"2021-05-18T09:04:31+00:00","dateModified":"2021-06-01T10:03:31+00:00","breadcrumb":{"@id":"https:\/\/www.fvb.cat\/ca\/centre-medic-psicologic-3\/ensenyament-2\/#breadcrumb"},"inLanguage":"es","potentialAction":[{"@type":"ReadAction","target":["https:\/\/www.fvb.cat\/ca\/centre-medic-psicologic-3\/ensenyament-2\/"]}]},{"@type":"BreadcrumbList","@id":"https:\/\/www.fvb.cat\/ca\/centre-medic-psicologic-3\/ensenyament-2\/#breadcrumb","itemListElement":[{"@type":"ListItem","position":1,"name":"Inici","item":"https:\/\/www.fvb.cat\/es\/"},{"@type":"ListItem","position":2,"name":"Escoles i Universitats"}]},{"@type":"WebSite","@id":"https:\/\/www.fvb.cat\/es\/#website","url":"https:\/\/www.fvb.cat\/es\/","name":"Fundaci\u00f3 Vidal i Barraquer","description":"Asistencia, docencia e investigaci\u00f3n en Salud Mental","publisher":{"@id":"https:\/\/www.fvb.cat\/es\/#organization"},"potentialAction":[{"@type":"SearchAction","target":{"@type":"EntryPoint","urlTemplate":"https:\/\/www.fvb.cat\/es\/?s={search_term_string}"},"query-input":"required name=search_term_string"}],"inLanguage":"es"},{"@type":"Organization","@id":"https:\/\/www.fvb.cat\/es\/#organization","name":"Fundaci\u00f3 Vidal i Barraquer","url":"https:\/\/www.fvb.cat\/es\/","logo":{"@type":"ImageObject","inLanguage":"es","@id":"https:\/\/www.fvb.cat\/es\/#\/schema\/logo\/image\/","url":"https:\/\/www.fvb.cat\/wp-content\/uploads\/2024\/05\/logo-vidal-i-barrauqer-60-aniversari.jpg","contentUrl":"https:\/\/www.fvb.cat\/wp-content\/uploads\/2024\/05\/logo-vidal-i-barrauqer-60-aniversari.jpg","width":2125,"height":703,"caption":"Fundaci\u00f3 Vidal i Barraquer"},"image":{"@id":"https:\/\/www.fvb.cat\/es\/#\/schema\/logo\/image\/"}}]}},"_links":{"self":[{"href":"https:\/\/www.fvb.cat\/es\/wp-json\/wp\/v2\/pages\/9781"}],"collection":[{"href":"https:\/\/www.fvb.cat\/es\/wp-json\/wp\/v2\/pages"}],"about":[{"href":"https:\/\/www.fvb.cat\/es\/wp-json\/wp\/v2\/types\/page"}],"author":[{"embeddable":true,"href":"https:\/\/www.fvb.cat\/es\/wp-json\/wp\/v2\/users\/20"}],"replies":[{"embeddable":true,"href":"https:\/\/www.fvb.cat\/es\/wp-json\/wp\/v2\/comments?post=9781"}],"version-history":[{"count":3,"href":"https:\/\/www.fvb.cat\/es\/wp-json\/wp\/v2\/pages\/9781\/revisions"}],"predecessor-version":[{"id":9880,"href":"https:\/\/www.fvb.cat\/es\/wp-json\/wp\/v2\/pages\/9781\/revisions\/9880"}],"wp:attachment":[{"href":"https:\/\/www.fvb.cat\/es\/wp-json\/wp\/v2\/media?parent=9781"}],"curies":[{"name":"wp","href":"https:\/\/api.w.org\/{rel}","templated":true}]}}