{"id":8747,"date":"2021-06-29T11:23:09","date_gmt":"2021-06-29T10:23:09","guid":{"rendered":"http:\/\/www.fvb.cat\/?page_id=8747"},"modified":"2021-06-29T11:27:25","modified_gmt":"2021-06-29T10:27:25","slug":"csm-sant-andreu","status":"publish","type":"page","link":"https:\/\/www.fvb.cat\/es\/asistencia-publica\/ssm-sant-andreu\/","title":{"rendered":"SSM Sant Andreu"},"content":{"rendered":"<section class=\"l-section wpb_row height_medium\"><div class=\"l-section-h i-cf\"><div class=\"g-cols type_default valign_top\"><div class=\"vc_col-sm-8 wpb_column vc_column_container\"><div class=\"vc_column-inner\"><div class=\"wpb_wrapper\"><div class=\"wpb_text_column \"><div class=\"wpb_wrapper\">\n<h1>SSM Adultos <strong>Sant Andreu<\/strong><\/h1>\n<\/div> <\/div> <div class=\"wpb_text_column \"><div class=\"wpb_wrapper\"><strong>Director: Josep Par\u00e9s Miquel<\/strong><\/p>\n<p>Programa de Apoyo a la Primaria: atenci\u00f3n directa desde las seis \u00c1reas B\u00e1sicas de Salud del municipio. \u00a0Se facilita al usuario\u00a0el acceso a la atenci\u00f3n en salud mental en coordinaci\u00f3n con los equipos de salud.<\/div> <\/div> [vc_empty_space]<div class=\"w-tabs layout_default accordion title_left icon_chevron iconpos_right \"><div class=\"w-tabs-list items_3\"><div class=\"w-tabs-list-h\"><div class=\"w-tabs-item\"><a href=\"#1492677951637-6be8bf11-4547\" class=\"w-tabs-item-h\"><span class=\"w-tabs-item-title\"> Elementos centrales<\/span><\/a><\/div>\n<div class=\"w-tabs-item\"><a href=\"#1492677951658-b4da57de-5098\" class=\"w-tabs-item-h\"><span class=\"w-tabs-item-title\">Funci\u00f3n<\/span><\/a><\/div>\n<div class=\"w-tabs-item\"><a href=\"#1492678109257-3c1e6e5a-2320\" class=\"w-tabs-item-h\"><span class=\"w-tabs-item-title\">Estructura<\/span><\/a><\/div>\n<\/div><\/div><div class=\"w-tabs-sections\"><div class=\"w-tabs-sections-h\"><div class=\"w-tabs-section\" id=\"1492677951637-6be8bf11-4547\"><a href=\"#1492677951637-6be8bf11-4547\" class=\"w-tabs-section-header\"><div class=\"w-tabs-section-header-h\"><h5 class=\"w-tabs-section-title\"> Elementos centrales<\/h5><div class=\"w-tabs-section-control\"><\/div><\/div><\/a><div class=\"w-tabs-section-content\"><div class=\"w-tabs-section-content-h i-cf\"><div class=\"wpb_text_column \"><div class=\"wpb_wrapper\">\n<ul>\n<li style=\"list-style-type: none;\">\n<ul>\n<li>Atenci\u00f3n psicol\u00f3gica, social y biol\u00f3gica.<\/li>\n<li>Atenci\u00f3n individual, familiar y grupal.<\/li>\n<li>Orientaci\u00f3n comunitaria.<\/li>\n<li>Trabajo en equipo.<\/li>\n<li>Trabajo en red.<\/li>\n<\/ul>\n<\/li>\n<\/ul>\n<\/div> <\/div> <\/div><\/div><\/div><div class=\"w-tabs-section\" id=\"1492677951658-b4da57de-5098\"><a href=\"#1492677951658-b4da57de-5098\" class=\"w-tabs-section-header\"><div class=\"w-tabs-section-header-h\"><h5 class=\"w-tabs-section-title\">Funci\u00f3n<\/h5><div class=\"w-tabs-section-control\"><\/div><\/div><\/a><div class=\"w-tabs-section-content\"><div class=\"w-tabs-section-content-h i-cf\"><div class=\"wpb_text_column \"><div class=\"wpb_wrapper\"><p>Atenci\u00f3n ambulatoria especializada en salud mental orientada a:<\/p>\n<ul>\n<li>Atenci\u00f3n y contenci\u00f3n del sufrimiento cl\u00ednico agudo.<\/li>\n<li>Estabilizaci\u00f3n cl\u00ednica del sufrimiento cr\u00f3nico.<\/li>\n<li>Procesos de cambio ps\u00edquico para potenciar la salud y prevenir la cronicidad a partir de la comprensi\u00f3n y la atenci\u00f3n psicol\u00f3gica del sufrimiento ps\u00edquico.<\/li>\n<li>Atenci\u00f3n del paciente y de las familias.<\/li>\n<li>Rehabilitaci\u00f3n psicosocial.<\/li>\n<li>Trabajo de coordinaci\u00f3n con la red p\u00fablica de salud mental con vocaci\u00f3n comunitaria.<\/li>\n<\/ul>\n<\/p><\/div> <\/div> <\/div><\/div><\/div><div class=\"w-tabs-section\" id=\"1492678109257-3c1e6e5a-2320\"><a href=\"#1492678109257-3c1e6e5a-2320\" class=\"w-tabs-section-header\"><div class=\"w-tabs-section-header-h\"><h5 class=\"w-tabs-section-title\">Estructura<\/h5><div class=\"w-tabs-section-control\"><\/div><\/div><\/a><div class=\"w-tabs-section-content\"><div class=\"w-tabs-section-content-h i-cf\"><div class=\"wpb_text_column \"><div class=\"wpb_wrapper\"><p>Est\u00e1 integrada por diferentes equipamientos:<\/p>\n<ul>\n<li>Equipo de Apoyo a la Primaria (EAP)<\/li>\n<li>Centro de Salud Mental de Adultos (CSMA)<\/li>\n<li>Programa de Servicios Individualizados (PSI)<\/li>\n<li>Servicio de Rehabilitaci\u00f3n (SRC)<\/li>\n<li>Equipo administrativo.<\/li>\n<\/ul>\n<\/p><\/div> <\/div> <\/div><\/div><\/div><\/div><\/div><\/div>[vc_empty_space]<div class=\"wpb_text_column \"><div class=\"wpb_wrapper\">\n<h2>Equipo de apoyo a la primaria (EAP)<\/h2>\n<\/div> <\/div> <div class=\"wpb_text_column \"><div class=\"wpb_wrapper\"><strong>Coordinador: Josep Par\u00e9s Miquel<\/strong><\/p>\n<p>Unidad con actividad asistencial en todos los equipos de asesoramiento y orientaci\u00f3n psicopedag\u00f3gica (EAP) del distrito de Sant Andreu.<\/p>\n<p>La actividad est\u00e1 centrada en la atenci\u00f3n asistencial directa, la interconsulta, la supervisi\u00f3n y la formaci\u00f3n continua a los equipos de atenci\u00f3n primaria del distrito de Sant Andreu.<\/p>\n<p>A su vez, tambi\u00e9n es esencial el trabajo de coordinaci\u00f3n con otros equipamientos e instituciones que den asistencia de salud mental a la comunidad o a la red de salud mental.<\/div> <\/div> <div class=\"wpb_text_column \"><div class=\"wpb_wrapper\"><strong>Actividades<\/strong><\/p>\n<ul>\n<li>Interconsulta quincenal en todos los EAP del distrito, donde se realiza coordinaci\u00f3n de casos, supervisi\u00f3n cl\u00ednica y formaci\u00f3n en salud mental para los profesionales.<\/li>\n<li>Actividad asistencial directa.<\/li>\n<li>Tratamiento psicol\u00f3gico individual.<\/li>\n<li>Tratamiento grupal.<\/li>\n<\/ul>\n<\/div> <\/div> [vc_empty_space]<div class=\"wpb_text_column \"><div class=\"wpb_wrapper\">\n<h2>Centro de Salud Mental de Adultos (CSMA)<\/h2>\n<\/div> <\/div> <div class=\"wpb_text_column \"><div class=\"wpb_wrapper\"><strong>Coordinador: Joan Tremoleda Sintes<\/strong><\/p>\n<p>Creado el a\u00f1o 1981, atiende en r\u00e9gimen ambulatorio. Se trata de una unidad de tratamientos especializados dedicada al abordaje terap\u00e9utico des de las vertientes psicol\u00f3gica, social, rehabilitadora y, cundo se requiera, tambi\u00e9n biol\u00f3gica. Como modelo t\u00e9cnico, opta por la comprensi\u00f3n psicol\u00f3gica del sufrimiento ps\u00edquico desde una orientaci\u00f3n comunitaria. El trabajo se organiza a partir de un equipo multidisciplinario en coordinaci\u00f3n con la red p\u00fablica de salud mental y los servicios comunitarios del distrito.<\/div> <\/div> <div class=\"wpb_text_column \"><div class=\"wpb_wrapper\"><strong>Actividades<\/strong><\/p>\n<ul>\n<li>Entrevistas individuales y familiares.<\/li>\n<li>Tratamiento psicol\u00f3gico individual reglado y no reglado.<\/li>\n<li>Tratamientos psicol\u00f3gicos grupales psicoeducativos y psicoterap\u00e9uticos.<\/li>\n<li>Atenci\u00f3n familiar individual y en grupo.<\/li>\n<li>Valoraci\u00f3n y orientaci\u00f3n social.<\/li>\n<li>Tratamientos biol\u00f3gicos.<\/li>\n<li>Coordinaci\u00f3n con la red de salud mental.<\/li>\n<li>Coordinaci\u00f3n con los EAP.<\/li>\n<li>Coordinaci\u00f3n con la red comunitaria.<\/li>\n<\/ul>\n<\/div> <\/div> [vc_empty_space]<div class=\"wpb_text_column \"><div class=\"wpb_wrapper\">\n<h2>Servicio de Rehabilitaci\u00f3n Comunitario (SRC)<\/h2>\n<\/div> <\/div> <div class=\"wpb_text_column \"><div class=\"wpb_wrapper\"><strong>Coordinadora: Anna Carri\u00f3 Llach<\/strong><\/p>\n<p>Creado en 1999, ofrece un\u00a0<strong>espacio de rehabilitaci\u00f3n y reinserci\u00f3n psicosocial a persones\u00a0<\/strong>que han sufrido y sufren alg\u00fan trastorno mental que ha reducido su autonom\u00eda repercutiendo en la integraci\u00f3n en su entorno m\u00e1s inmediato.<\/p>\n<p>El servicio promueve la recuperaci\u00f3n de las capacidades personales a fin de que la persona pueda definir un proyecto de vida propio y pueda luchar contra el estigma social que genera la enfermedad mental.<\/p>\n<p>El eje central del trabajo se coordina y se integra con los equipos de salud mental, especialmente los del CSMA y con la red de salud mental. Se opta por una vertiente comunitaria que quede ligada al territorio.<\/div> <\/div> [vc_empty_space]<div class=\"wpb_text_column \"><div class=\"wpb_wrapper\">\n<h2>Programa de Servicios Individualizados (PSI)<\/h2>\n<\/div> <\/div> <div class=\"wpb_text_column \"><div class=\"wpb_wrapper\"><strong>Coordinadora: Nati L\u00f3pez<\/strong><\/p>\n<p>Creado en 2006, est\u00e1 dirigido a la poblaci\u00f3n afectada de Trastorno Mental Severo. El objetivo es vincular los servicios de atenci\u00f3n normalizados a aquellos usuarios que, por sus condiciones psicopatol\u00f3gicas, necesiten un apoyo personal individualizado.<\/p>\n<p>El eje central del trabajo se coordina y se integra con los equipos de salud mental, especialmente los del CSMA y con la red de salud mental. Se opta por una vertiente comunitaria que quede ligada al territorio.<\/div> <\/div> [vc_empty_space]<\/div><\/div><\/div><div class=\"vc_col-sm-4 wpb_column vc_column_container has-fill\"><div class=\"vc_column-inner  vc_custom_1492678464530\"><div class=\"wpb_wrapper\"><div class=\"wpb_text_column \"><div class=\"wpb_wrapper\">\n<h5>Contacto<\/h5>\n<\/div> <\/div> [vc_empty_space height=\u00bb15px\u00bb]<div class=\"wpb_text_column \"><div class=\"wpb_wrapper\"><p>SSM Sant Andreu<\/p>\n<p>Tel.\u00a0936 243 458<\/p>\n<p><a href=\"mailto:csma_usuaris@fvb.cat\">csma_usuaris@fvb.cat<\/a><\/p>\n<p>Fernando Pessoa, 47 &#8211; 51, 08030, Barcelona<\/p><\/div> <\/div> <\/div><\/div><\/div><\/div><\/div><\/section><section class=\"l-section wpb_row height_medium\" style=\"margin-top: -4rem !important;\"><div class=\"l-section-h i-cf\"><div class=\"g-cols type_default valign_top\"><div class=\"vc_col-sm-4 wpb_column vc_column_container\"><div class=\"vc_column-inner\"><div class=\"wpb_wrapper\"><div class=\"w-image align_center\"><div class=\"us-frame\"><img loading=\"lazy\" decoding=\"async\" width=\"1024\" height=\"682\" src=\"https:\/\/www.fvb.cat\/wp-content\/uploads\/2017\/05\/AP-ST-ANDREU-02-1024x682.jpg\" class=\"attachment-large size-large\" alt=\"\" srcset=\"https:\/\/www.fvb.cat\/wp-content\/uploads\/2017\/05\/AP-ST-ANDREU-02-1024x682.jpg 1024w, https:\/\/www.fvb.cat\/wp-content\/uploads\/2017\/05\/AP-ST-ANDREU-02-600x400.jpg 600w, https:\/\/www.fvb.cat\/wp-content\/uploads\/2017\/05\/AP-ST-ANDREU-02-300x200.jpg 300w, https:\/\/www.fvb.cat\/wp-content\/uploads\/2017\/05\/AP-ST-ANDREU-02-768x512.jpg 768w, https:\/\/www.fvb.cat\/wp-content\/uploads\/2017\/05\/AP-ST-ANDREU-02.jpg 1300w\" sizes=\"(max-width: 1024px) 100vw, 1024px\" \/><\/div><\/div><\/div><\/div><\/div><div class=\"vc_col-sm-4 wpb_column vc_column_container\"><div class=\"vc_column-inner\"><div class=\"wpb_wrapper\"><div class=\"w-image align_center\"><div class=\"us-frame\"><img loading=\"lazy\" decoding=\"async\" width=\"1024\" height=\"682\" src=\"https:\/\/www.fvb.cat\/wp-content\/uploads\/2017\/05\/AP-ST-ANDREU-03-1024x682.jpg\" class=\"attachment-large size-large\" alt=\"CSM Adults Sant Andreu\" srcset=\"https:\/\/www.fvb.cat\/wp-content\/uploads\/2017\/05\/AP-ST-ANDREU-03-1024x682.jpg 1024w, https:\/\/www.fvb.cat\/wp-content\/uploads\/2017\/05\/AP-ST-ANDREU-03-600x400.jpg 600w, https:\/\/www.fvb.cat\/wp-content\/uploads\/2017\/05\/AP-ST-ANDREU-03-300x200.jpg 300w, https:\/\/www.fvb.cat\/wp-content\/uploads\/2017\/05\/AP-ST-ANDREU-03-768x512.jpg 768w, https:\/\/www.fvb.cat\/wp-content\/uploads\/2017\/05\/AP-ST-ANDREU-03.jpg 1300w\" sizes=\"(max-width: 1024px) 100vw, 1024px\" \/><\/div><\/div><\/div><\/div><\/div><div class=\"vc_col-sm-4 wpb_column vc_column_container\"><div class=\"vc_column-inner\"><div class=\"wpb_wrapper\"><div class=\"w-image align_center\"><div class=\"us-frame\"><img loading=\"lazy\" decoding=\"async\" width=\"1024\" height=\"682\" src=\"https:\/\/www.fvb.cat\/wp-content\/uploads\/2017\/05\/AP-ST-ANDREU-04-1024x682.jpg\" class=\"attachment-large size-large\" alt=\"CSM Adults Sant Andreu\" srcset=\"https:\/\/www.fvb.cat\/wp-content\/uploads\/2017\/05\/AP-ST-ANDREU-04-1024x682.jpg 1024w, https:\/\/www.fvb.cat\/wp-content\/uploads\/2017\/05\/AP-ST-ANDREU-04-600x400.jpg 600w, https:\/\/www.fvb.cat\/wp-content\/uploads\/2017\/05\/AP-ST-ANDREU-04-300x200.jpg 300w, https:\/\/www.fvb.cat\/wp-content\/uploads\/2017\/05\/AP-ST-ANDREU-04-768x512.jpg 768w, https:\/\/www.fvb.cat\/wp-content\/uploads\/2017\/05\/AP-ST-ANDREU-04.jpg 1300w\" sizes=\"(max-width: 1024px) 100vw, 1024px\" \/><\/div><\/div><\/div><\/div><\/div><\/div><\/div><\/section>","protected":false},"excerpt":{"rendered":"Fundaci\u00f3n Vidal i Barraquer Somos una instituci\u00f3n creada en 1964 y dedicada...","protected":false},"author":20,"featured_media":0,"parent":5872,"menu_order":0,"comment_status":"closed","ping_status":"closed","template":"","meta":{"footnotes":""},"yoast_head":"<!-- This site is optimized with the Yoast SEO plugin v22.6 - https:\/\/yoast.com\/wordpress\/plugins\/seo\/ -->\n<title>SSM Sant Andreu - Fundaci\u00f3 Vidal i Barraquer<\/title>\n<meta name=\"robots\" content=\"index, follow, max-snippet:-1, max-image-preview:large, max-video-preview:-1\" \/>\n<link rel=\"canonical\" href=\"https:\/\/www.fvb.cat\/ca\/assistencia-publica\/ssm-sant-andreu\/\" \/>\n<meta property=\"og:locale\" content=\"es_ES\" \/>\n<meta property=\"og:type\" content=\"article\" \/>\n<meta property=\"og:title\" content=\"SSM Sant Andreu - Fundaci\u00f3 Vidal i Barraquer\" \/>\n<meta property=\"og:url\" content=\"https:\/\/www.fvb.cat\/ca\/assistencia-publica\/ssm-sant-andreu\/\" \/>\n<meta property=\"og:site_name\" content=\"Fundaci\u00f3 Vidal i Barraquer\" \/>\n<meta property=\"article:modified_time\" content=\"2021-06-29T10:27:25+00:00\" \/>\n<meta name=\"twitter:card\" content=\"summary_large_image\" \/>\n<meta name=\"twitter:label1\" content=\"Tiempo de lectura\" \/>\n\t<meta name=\"twitter:data1\" content=\"9 minutos\" \/>\n<script type=\"application\/ld+json\" class=\"yoast-schema-graph\">{\"@context\":\"https:\/\/schema.org\",\"@graph\":[{\"@type\":\"WebPage\",\"@id\":\"https:\/\/www.fvb.cat\/ca\/assistencia-publica\/ssm-sant-andreu\/\",\"url\":\"https:\/\/www.fvb.cat\/ca\/assistencia-publica\/ssm-sant-andreu\/\",\"name\":\"SSM Sant Andreu - Fundaci\u00f3 Vidal i Barraquer\",\"isPartOf\":{\"@id\":\"https:\/\/www.fvb.cat\/es\/#website\"},\"datePublished\":\"2021-06-29T10:23:09+00:00\",\"dateModified\":\"2021-06-29T10:27:25+00:00\",\"breadcrumb\":{\"@id\":\"https:\/\/www.fvb.cat\/ca\/assistencia-publica\/ssm-sant-andreu\/#breadcrumb\"},\"inLanguage\":\"es\",\"potentialAction\":[{\"@type\":\"ReadAction\",\"target\":[\"https:\/\/www.fvb.cat\/ca\/assistencia-publica\/ssm-sant-andreu\/\"]}]},{\"@type\":\"BreadcrumbList\",\"@id\":\"https:\/\/www.fvb.cat\/ca\/assistencia-publica\/ssm-sant-andreu\/#breadcrumb\",\"itemListElement\":[{\"@type\":\"ListItem\",\"position\":1,\"name\":\"Inici\",\"item\":\"https:\/\/www.fvb.cat\/es\/\"},{\"@type\":\"ListItem\",\"position\":2,\"name\":\"Assist\u00e8ncia P\u00fablica\",\"item\":\"https:\/\/www.fvb.cat\/ca\/assistencia-publica\/\"},{\"@type\":\"ListItem\",\"position\":3,\"name\":\"SSM Sant Andreu\"}]},{\"@type\":\"WebSite\",\"@id\":\"https:\/\/www.fvb.cat\/es\/#website\",\"url\":\"https:\/\/www.fvb.cat\/es\/\",\"name\":\"Fundaci\u00f3 Vidal i Barraquer\",\"description\":\"Asistencia, docencia e investigaci\u00f3n en Salud Mental\",\"publisher\":{\"@id\":\"https:\/\/www.fvb.cat\/es\/#organization\"},\"potentialAction\":[{\"@type\":\"SearchAction\",\"target\":{\"@type\":\"EntryPoint\",\"urlTemplate\":\"https:\/\/www.fvb.cat\/es\/?s={search_term_string}\"},\"query-input\":\"required name=search_term_string\"}],\"inLanguage\":\"es\"},{\"@type\":\"Organization\",\"@id\":\"https:\/\/www.fvb.cat\/es\/#organization\",\"name\":\"Fundaci\u00f3 Vidal i Barraquer\",\"url\":\"https:\/\/www.fvb.cat\/es\/\",\"logo\":{\"@type\":\"ImageObject\",\"inLanguage\":\"es\",\"@id\":\"https:\/\/www.fvb.cat\/es\/#\/schema\/logo\/image\/\",\"url\":\"https:\/\/www.fvb.cat\/wp-content\/uploads\/2024\/05\/logo-vidal-i-barrauqer-60-aniversari.jpg\",\"contentUrl\":\"https:\/\/www.fvb.cat\/wp-content\/uploads\/2024\/05\/logo-vidal-i-barrauqer-60-aniversari.jpg\",\"width\":2125,\"height\":703,\"caption\":\"Fundaci\u00f3 Vidal i Barraquer\"},\"image\":{\"@id\":\"https:\/\/www.fvb.cat\/es\/#\/schema\/logo\/image\/\"}}]}<\/script>\n<!-- \/ Yoast SEO plugin. -->","yoast_head_json":{"title":"SSM Sant Andreu - Fundaci\u00f3 Vidal i Barraquer","robots":{"index":"index","follow":"follow","max-snippet":"max-snippet:-1","max-image-preview":"max-image-preview:large","max-video-preview":"max-video-preview:-1"},"canonical":"https:\/\/www.fvb.cat\/ca\/assistencia-publica\/ssm-sant-andreu\/","og_locale":"es_ES","og_type":"article","og_title":"SSM Sant Andreu - Fundaci\u00f3 Vidal i Barraquer","og_url":"https:\/\/www.fvb.cat\/ca\/assistencia-publica\/ssm-sant-andreu\/","og_site_name":"Fundaci\u00f3 Vidal i Barraquer","article_modified_time":"2021-06-29T10:27:25+00:00","twitter_card":"summary_large_image","twitter_misc":{"Tiempo de lectura":"9 minutos"},"schema":{"@context":"https:\/\/schema.org","@graph":[{"@type":"WebPage","@id":"https:\/\/www.fvb.cat\/ca\/assistencia-publica\/ssm-sant-andreu\/","url":"https:\/\/www.fvb.cat\/ca\/assistencia-publica\/ssm-sant-andreu\/","name":"SSM Sant Andreu - Fundaci\u00f3 Vidal i Barraquer","isPartOf":{"@id":"https:\/\/www.fvb.cat\/es\/#website"},"datePublished":"2021-06-29T10:23:09+00:00","dateModified":"2021-06-29T10:27:25+00:00","breadcrumb":{"@id":"https:\/\/www.fvb.cat\/ca\/assistencia-publica\/ssm-sant-andreu\/#breadcrumb"},"inLanguage":"es","potentialAction":[{"@type":"ReadAction","target":["https:\/\/www.fvb.cat\/ca\/assistencia-publica\/ssm-sant-andreu\/"]}]},{"@type":"BreadcrumbList","@id":"https:\/\/www.fvb.cat\/ca\/assistencia-publica\/ssm-sant-andreu\/#breadcrumb","itemListElement":[{"@type":"ListItem","position":1,"name":"Inici","item":"https:\/\/www.fvb.cat\/es\/"},{"@type":"ListItem","position":2,"name":"Assist\u00e8ncia P\u00fablica","item":"https:\/\/www.fvb.cat\/ca\/assistencia-publica\/"},{"@type":"ListItem","position":3,"name":"SSM Sant Andreu"}]},{"@type":"WebSite","@id":"https:\/\/www.fvb.cat\/es\/#website","url":"https:\/\/www.fvb.cat\/es\/","name":"Fundaci\u00f3 Vidal i Barraquer","description":"Asistencia, docencia e investigaci\u00f3n en Salud Mental","publisher":{"@id":"https:\/\/www.fvb.cat\/es\/#organization"},"potentialAction":[{"@type":"SearchAction","target":{"@type":"EntryPoint","urlTemplate":"https:\/\/www.fvb.cat\/es\/?s={search_term_string}"},"query-input":"required name=search_term_string"}],"inLanguage":"es"},{"@type":"Organization","@id":"https:\/\/www.fvb.cat\/es\/#organization","name":"Fundaci\u00f3 Vidal i Barraquer","url":"https:\/\/www.fvb.cat\/es\/","logo":{"@type":"ImageObject","inLanguage":"es","@id":"https:\/\/www.fvb.cat\/es\/#\/schema\/logo\/image\/","url":"https:\/\/www.fvb.cat\/wp-content\/uploads\/2024\/05\/logo-vidal-i-barrauqer-60-aniversari.jpg","contentUrl":"https:\/\/www.fvb.cat\/wp-content\/uploads\/2024\/05\/logo-vidal-i-barrauqer-60-aniversari.jpg","width":2125,"height":703,"caption":"Fundaci\u00f3 Vidal i Barraquer"},"image":{"@id":"https:\/\/www.fvb.cat\/es\/#\/schema\/logo\/image\/"}}]}},"_links":{"self":[{"href":"https:\/\/www.fvb.cat\/es\/wp-json\/wp\/v2\/pages\/8747"}],"collection":[{"href":"https:\/\/www.fvb.cat\/es\/wp-json\/wp\/v2\/pages"}],"about":[{"href":"https:\/\/www.fvb.cat\/es\/wp-json\/wp\/v2\/types\/page"}],"author":[{"embeddable":true,"href":"https:\/\/www.fvb.cat\/es\/wp-json\/wp\/v2\/users\/20"}],"replies":[{"embeddable":true,"href":"https:\/\/www.fvb.cat\/es\/wp-json\/wp\/v2\/comments?post=8747"}],"version-history":[{"count":3,"href":"https:\/\/www.fvb.cat\/es\/wp-json\/wp\/v2\/pages\/8747\/revisions"}],"predecessor-version":[{"id":10068,"href":"https:\/\/www.fvb.cat\/es\/wp-json\/wp\/v2\/pages\/8747\/revisions\/10068"}],"up":[{"embeddable":true,"href":"https:\/\/www.fvb.cat\/es\/wp-json\/wp\/v2\/pages\/5872"}],"wp:attachment":[{"href":"https:\/\/www.fvb.cat\/es\/wp-json\/wp\/v2\/media?parent=8747"}],"curies":[{"name":"wp","href":"https:\/\/api.w.org\/{rel}","templated":true}]}}