{"id":8455,"date":"2019-05-07T13:29:56","date_gmt":"2019-05-07T12:29:56","guid":{"rendered":"http:\/\/www.fvb.cat\/?page_id=8455"},"modified":"2025-01-02T12:08:39","modified_gmt":"2025-01-02T11:08:39","slug":"hospital-santa-coloma-2","status":"publish","type":"page","link":"https:\/\/www.fvb.cat\/es\/asistencia-publica\/ecid-2\/","title":{"rendered":"ECID"},"content":{"rendered":"<section class=\"l-section wpb_row height_medium\"><div class=\"l-section-h i-cf\"><div class=\"g-cols type_default valign_top\"><div class=\"vc_col-sm-8 wpb_column vc_column_container\"><div class=\"vc_column-inner\"><div class=\"wpb_wrapper\"><div class=\"wpb_text_column \"><div class=\"wpb_wrapper\">\n<h2><strong>ECID<\/strong> ( Equipo Cl\u00ednico de Intervenci\u00f3n a Domicilio)<\/h2>\n<\/div> <\/div> <div class=\"wpb_text_column \"><div class=\"wpb_wrapper\"><strong>Coordinadora:\u00a0Anna Oriol<\/strong><\/p>\n<h2>\u00bfQui\u00e9nes somos?<\/h2>\n<p>El ECID es un proyecto piloto, un equipo asistencial concertado con el CATSALUT en el caso del \u00a0ECID de Badalona y financiado \u00edntegramente por la FUNDACI\u00d3N NOUS CIMS en el caso del ECID de Santa Coloma.<\/p>\n<p>Este tipo de servicio es pionero en Catalunya y en el resto del Estado Espa\u00f1ol.<\/p>\n<p>El objetivo de este proyecto es ofrecer asistencia en Salud Mental a adolescentes y sus familias en el domicilio, la calle, el instituto o donde el adolescente y su familia acepten, con un mirada expl\u00edcita en construir relaciones de confianza entre los adolescentes y los profesionales del equipo, bas\u00e1ndonos en el proyecto AMBIT del Anna Freud National Centre for Children and Families de Londres.<\/p>\n<h2>\u00bfA qui\u00e9n atendemos?<\/h2>\n<p>Adolescentes de 12 a 18 a\u00f1os de alto riesgo psicopatol\u00f3gico y alto riesgo de exclusi\u00f3n social que tienen graves dificultades para vincularse con servicios asistenciales ordinarios. Hablamos de chicos y chicas absentistas de la Red de Salud Mental, de la Ense\u00f1anza Obligatoria y \/ o de cualquier otro tipo de formaci\u00f3n o inserci\u00f3n laboral.<\/div> <\/div> [vc_empty_space]<div class=\"wpb_text_column \"><div class=\"wpb_wrapper\">\n<h2>\u00bfC\u00f3mo lo hacemos?<\/h2>\n<\/div> <\/div> <div class=\"wpb_text_column \"><div class=\"wpb_wrapper\"><p>Tomamos un papel muy activo para ir a encontrar a los adolescentes y sus familias en el domicilio, en la calle, en el instituto o all\u00ed donde haga falta.<\/p>\n<p>Esta particularidad supone un cambio significativo en la organizaci\u00f3n de la asistencia, ya que implica que los equipos cl\u00ednicos salgan de los despachos y vayan a atender a los j\u00f3venes en entornos en que estos sientan como seguros.<\/p>\n<p>Dicho de otro modo, desde el ECID nos planteamos: \u00ab\u00bfQu\u00e9 tenemos que cambiar en nuestra propia mente de profesional, equipo de Salud Mental, red asistencial y sistema, para poder llegar a este perfil de j\u00f3venes que no esperan nada bueno de una relaci\u00f3n con otro ser humano y, a\u00fan menos, en una relaci\u00f3n con un profesional de la Salud Mental? \u00ab<\/p><\/div> <\/div> <div class=\"wpb_text_column \"><div class=\"wpb_wrapper\">\n<h2>\u00bfQu\u00e9 es AMBIT?<\/h2>\n<\/div> <\/div> <div class=\"wpb_text_column \"><div class=\"wpb_wrapper\"><p>AMBIT -Adaptive Mentalization Based Integrative Treatment- (Bevington et. Al., 2012, 2015 y 2017) es un proyecto asistencial centrado en el tratamiento basado en la Mentalizaci\u00f3n, para equipos que trabajan con j\u00f3venes de alto riesgo que presentan m\u00faltiples y complejas dificultades. AMBIT es una aproximaci\u00f3n innovadora que integra las intervenciones de Salud Mental, Educaci\u00f3n y Servicios Sociales para ofrecer ayuda directa a estos j\u00f3venes de alto riesgo.<\/p>\n<p>AMBIT recibi\u00f3 en 2012 el premio \u00abInnovation Nation\u00bb a la Innovaci\u00f3n en Colaboraci\u00f3n, otorgado por The Guardian &amp; Virgin Business Media en el Reino Unido. En octubre de 2014, Dickon Bevington (Director del proyecto AMBIT) fue nombrado uno de los 50 mejores innovadores en Salud en el Reino Unido por su labor al frente del proyecto AMBIT.<\/p><\/div> <\/div> <\/div><\/div><\/div><div class=\"vc_col-sm-4 wpb_column vc_column_container has-fill\"><div class=\"vc_column-inner  vc_custom_1492678464530\"><div class=\"wpb_wrapper\"><div class=\"wpb_text_column \"><div class=\"wpb_wrapper\">\n<h5>Contacto<\/h5>\n<\/div> <\/div> [vc_empty_space height=\u00bb15px\u00bb]<div class=\"wpb_text_column \"><div class=\"wpb_wrapper\"><strong>ECID<\/strong> (Equip Cl\u00ednico de Intervenci\u00f3n a Domicilio)<\/p>\n<p>Tel. 933 803 057<\/p>\n<p><a href=\"mailto:hda@fvb.cat\">ecid@fvb.cat<\/a><\/p>\n<p>Carrer del Temple, 15 1a. planta<\/p>\n<p>08911Badalona<\/div> <\/div> <div class=\"g-cols wpb_row type_default valign_top vc_inner  vc_custom_1735816108807\"><div class=\"vc_col-sm-12 wpb_column vc_column_container\"><div class=\"vc_column-inner\"><div class=\"wpb_wrapper\">[vc_empty_space css=\u00bb.vc_custom_1735816098315{background-color: #ffffff !important;}\u00bb]<div class=\"wpb_text_column \"><div class=\"wpb_wrapper\">\n<h4><strong>PROYECTOS<\/strong><\/h4>\n<\/div> <\/div> <div class=\"wpb_text_column \"><div class=\"wpb_wrapper\"><a href=\"https:\/\/www.fvb.cat\/es\/catala-professors-en-ment-i-professionals-en-ment-pem\/\">Profesores en Mente y Profesionales en Mente<\/a><\/div> <\/div> <\/div><\/div><\/div><\/div><\/div><\/div><\/div><\/div><\/div><\/section><section class=\"l-section wpb_row height_medium\" style=\"margin-top: -4rem !important;\"><div class=\"l-section-h i-cf\"><div class=\"g-cols type_default valign_top\"><div class=\"vc_col-sm-4 wpb_column vc_column_container\"><div class=\"vc_column-inner\"><div class=\"wpb_wrapper\"><div class=\"w-image align_center\"><div class=\"us-frame\"><img loading=\"lazy\" decoding=\"async\" width=\"1024\" height=\"768\" src=\"https:\/\/www.fvb.cat\/wp-content\/uploads\/2019\/05\/IMG_1671-1024x768.jpeg\" class=\"attachment-large size-large\" alt=\"\" srcset=\"https:\/\/www.fvb.cat\/wp-content\/uploads\/2019\/05\/IMG_1671-1024x768.jpeg 1024w, https:\/\/www.fvb.cat\/wp-content\/uploads\/2019\/05\/IMG_1671-600x450.jpeg 600w, https:\/\/www.fvb.cat\/wp-content\/uploads\/2019\/05\/IMG_1671-300x225.jpeg 300w, https:\/\/www.fvb.cat\/wp-content\/uploads\/2019\/05\/IMG_1671-768x576.jpeg 768w\" sizes=\"(max-width: 1024px) 100vw, 1024px\" \/><\/div><\/div><\/div><\/div><\/div><div class=\"vc_col-sm-4 wpb_column vc_column_container\"><div class=\"vc_column-inner\"><div class=\"wpb_wrapper\"><div class=\"w-image align_center\"><div class=\"us-frame\"><img loading=\"lazy\" decoding=\"async\" width=\"1024\" height=\"678\" src=\"https:\/\/www.fvb.cat\/wp-content\/uploads\/2019\/05\/ECID-DESEMBRE-2019-3-1024x678.jpg\" class=\"attachment-large size-large\" alt=\"\" srcset=\"https:\/\/www.fvb.cat\/wp-content\/uploads\/2019\/05\/ECID-DESEMBRE-2019-3-1024x678.jpg 1024w, https:\/\/www.fvb.cat\/wp-content\/uploads\/2019\/05\/ECID-DESEMBRE-2019-3-600x397.jpg 600w, https:\/\/www.fvb.cat\/wp-content\/uploads\/2019\/05\/ECID-DESEMBRE-2019-3-300x199.jpg 300w, https:\/\/www.fvb.cat\/wp-content\/uploads\/2019\/05\/ECID-DESEMBRE-2019-3-768x509.jpg 768w\" sizes=\"(max-width: 1024px) 100vw, 1024px\" \/><\/div><\/div><\/div><\/div><\/div><div class=\"vc_col-sm-4 wpb_column vc_column_container\"><div class=\"vc_column-inner\"><div class=\"wpb_wrapper\"><div class=\"w-image align_center\"><div class=\"us-frame\"><img loading=\"lazy\" decoding=\"async\" width=\"1024\" height=\"768\" src=\"https:\/\/www.fvb.cat\/wp-content\/uploads\/2019\/05\/IMG_1680-1024x768.jpeg\" class=\"attachment-large size-large\" alt=\"\" srcset=\"https:\/\/www.fvb.cat\/wp-content\/uploads\/2019\/05\/IMG_1680-1024x768.jpeg 1024w, https:\/\/www.fvb.cat\/wp-content\/uploads\/2019\/05\/IMG_1680-600x450.jpeg 600w, https:\/\/www.fvb.cat\/wp-content\/uploads\/2019\/05\/IMG_1680-300x225.jpeg 300w, https:\/\/www.fvb.cat\/wp-content\/uploads\/2019\/05\/IMG_1680-768x576.jpeg 768w\" sizes=\"(max-width: 1024px) 100vw, 1024px\" \/><\/div><\/div><\/div><\/div><\/div><\/div><\/div><\/section>","protected":false},"excerpt":{"rendered":"Fundaci\u00f3n Vidal i Barraquer Somos una instituci\u00f3n creada en 1964 y dedicada...","protected":false},"author":20,"featured_media":0,"parent":5872,"menu_order":0,"comment_status":"closed","ping_status":"closed","template":"","meta":{"footnotes":""},"yoast_head":"<!-- This site is optimized with the Yoast SEO plugin v22.6 - https:\/\/yoast.com\/wordpress\/plugins\/seo\/ -->\n<title>ECID - Fundaci\u00f3 Vidal i Barraquer<\/title>\n<meta name=\"robots\" content=\"index, follow, max-snippet:-1, max-image-preview:large, max-video-preview:-1\" \/>\n<link rel=\"canonical\" href=\"https:\/\/www.fvb.cat\/ca\/assistencia-publica\/ecid-2\/\" \/>\n<meta property=\"og:locale\" content=\"es_ES\" \/>\n<meta property=\"og:type\" content=\"article\" \/>\n<meta property=\"og:title\" content=\"ECID - Fundaci\u00f3 Vidal i Barraquer\" \/>\n<meta property=\"og:url\" content=\"https:\/\/www.fvb.cat\/ca\/assistencia-publica\/ecid-2\/\" \/>\n<meta property=\"og:site_name\" content=\"Fundaci\u00f3 Vidal i Barraquer\" \/>\n<meta property=\"article:modified_time\" content=\"2025-01-02T11:08:39+00:00\" \/>\n<meta name=\"twitter:card\" content=\"summary_large_image\" \/>\n<meta name=\"twitter:label1\" content=\"Tiempo de lectura\" \/>\n\t<meta name=\"twitter:data1\" content=\"3 minutos\" \/>\n<script type=\"application\/ld+json\" class=\"yoast-schema-graph\">{\"@context\":\"https:\/\/schema.org\",\"@graph\":[{\"@type\":\"WebPage\",\"@id\":\"https:\/\/www.fvb.cat\/ca\/assistencia-publica\/ecid-2\/\",\"url\":\"https:\/\/www.fvb.cat\/ca\/assistencia-publica\/ecid-2\/\",\"name\":\"ECID - Fundaci\u00f3 Vidal i Barraquer\",\"isPartOf\":{\"@id\":\"https:\/\/www.fvb.cat\/es\/#website\"},\"datePublished\":\"2019-05-07T12:29:56+00:00\",\"dateModified\":\"2025-01-02T11:08:39+00:00\",\"breadcrumb\":{\"@id\":\"https:\/\/www.fvb.cat\/ca\/assistencia-publica\/ecid-2\/#breadcrumb\"},\"inLanguage\":\"es\",\"potentialAction\":[{\"@type\":\"ReadAction\",\"target\":[\"https:\/\/www.fvb.cat\/ca\/assistencia-publica\/ecid-2\/\"]}]},{\"@type\":\"BreadcrumbList\",\"@id\":\"https:\/\/www.fvb.cat\/ca\/assistencia-publica\/ecid-2\/#breadcrumb\",\"itemListElement\":[{\"@type\":\"ListItem\",\"position\":1,\"name\":\"Inici\",\"item\":\"https:\/\/www.fvb.cat\/es\/\"},{\"@type\":\"ListItem\",\"position\":2,\"name\":\"Assist\u00e8ncia P\u00fablica\",\"item\":\"https:\/\/www.fvb.cat\/ca\/assistencia-publica\/\"},{\"@type\":\"ListItem\",\"position\":3,\"name\":\"ECID\"}]},{\"@type\":\"WebSite\",\"@id\":\"https:\/\/www.fvb.cat\/es\/#website\",\"url\":\"https:\/\/www.fvb.cat\/es\/\",\"name\":\"Fundaci\u00f3 Vidal i Barraquer\",\"description\":\"Asistencia, docencia e investigaci\u00f3n en Salud Mental\",\"publisher\":{\"@id\":\"https:\/\/www.fvb.cat\/es\/#organization\"},\"potentialAction\":[{\"@type\":\"SearchAction\",\"target\":{\"@type\":\"EntryPoint\",\"urlTemplate\":\"https:\/\/www.fvb.cat\/es\/?s={search_term_string}\"},\"query-input\":\"required name=search_term_string\"}],\"inLanguage\":\"es\"},{\"@type\":\"Organization\",\"@id\":\"https:\/\/www.fvb.cat\/es\/#organization\",\"name\":\"Fundaci\u00f3 Vidal i Barraquer\",\"url\":\"https:\/\/www.fvb.cat\/es\/\",\"logo\":{\"@type\":\"ImageObject\",\"inLanguage\":\"es\",\"@id\":\"https:\/\/www.fvb.cat\/es\/#\/schema\/logo\/image\/\",\"url\":\"https:\/\/www.fvb.cat\/wp-content\/uploads\/2024\/05\/logo-vidal-i-barrauqer-60-aniversari.jpg\",\"contentUrl\":\"https:\/\/www.fvb.cat\/wp-content\/uploads\/2024\/05\/logo-vidal-i-barrauqer-60-aniversari.jpg\",\"width\":2125,\"height\":703,\"caption\":\"Fundaci\u00f3 Vidal i Barraquer\"},\"image\":{\"@id\":\"https:\/\/www.fvb.cat\/es\/#\/schema\/logo\/image\/\"}}]}<\/script>\n<!-- \/ Yoast SEO plugin. -->","yoast_head_json":{"title":"ECID - Fundaci\u00f3 Vidal i Barraquer","robots":{"index":"index","follow":"follow","max-snippet":"max-snippet:-1","max-image-preview":"max-image-preview:large","max-video-preview":"max-video-preview:-1"},"canonical":"https:\/\/www.fvb.cat\/ca\/assistencia-publica\/ecid-2\/","og_locale":"es_ES","og_type":"article","og_title":"ECID - Fundaci\u00f3 Vidal i Barraquer","og_url":"https:\/\/www.fvb.cat\/ca\/assistencia-publica\/ecid-2\/","og_site_name":"Fundaci\u00f3 Vidal i Barraquer","article_modified_time":"2025-01-02T11:08:39+00:00","twitter_card":"summary_large_image","twitter_misc":{"Tiempo de lectura":"3 minutos"},"schema":{"@context":"https:\/\/schema.org","@graph":[{"@type":"WebPage","@id":"https:\/\/www.fvb.cat\/ca\/assistencia-publica\/ecid-2\/","url":"https:\/\/www.fvb.cat\/ca\/assistencia-publica\/ecid-2\/","name":"ECID - Fundaci\u00f3 Vidal i Barraquer","isPartOf":{"@id":"https:\/\/www.fvb.cat\/es\/#website"},"datePublished":"2019-05-07T12:29:56+00:00","dateModified":"2025-01-02T11:08:39+00:00","breadcrumb":{"@id":"https:\/\/www.fvb.cat\/ca\/assistencia-publica\/ecid-2\/#breadcrumb"},"inLanguage":"es","potentialAction":[{"@type":"ReadAction","target":["https:\/\/www.fvb.cat\/ca\/assistencia-publica\/ecid-2\/"]}]},{"@type":"BreadcrumbList","@id":"https:\/\/www.fvb.cat\/ca\/assistencia-publica\/ecid-2\/#breadcrumb","itemListElement":[{"@type":"ListItem","position":1,"name":"Inici","item":"https:\/\/www.fvb.cat\/es\/"},{"@type":"ListItem","position":2,"name":"Assist\u00e8ncia P\u00fablica","item":"https:\/\/www.fvb.cat\/ca\/assistencia-publica\/"},{"@type":"ListItem","position":3,"name":"ECID"}]},{"@type":"WebSite","@id":"https:\/\/www.fvb.cat\/es\/#website","url":"https:\/\/www.fvb.cat\/es\/","name":"Fundaci\u00f3 Vidal i Barraquer","description":"Asistencia, docencia e investigaci\u00f3n en Salud Mental","publisher":{"@id":"https:\/\/www.fvb.cat\/es\/#organization"},"potentialAction":[{"@type":"SearchAction","target":{"@type":"EntryPoint","urlTemplate":"https:\/\/www.fvb.cat\/es\/?s={search_term_string}"},"query-input":"required name=search_term_string"}],"inLanguage":"es"},{"@type":"Organization","@id":"https:\/\/www.fvb.cat\/es\/#organization","name":"Fundaci\u00f3 Vidal i Barraquer","url":"https:\/\/www.fvb.cat\/es\/","logo":{"@type":"ImageObject","inLanguage":"es","@id":"https:\/\/www.fvb.cat\/es\/#\/schema\/logo\/image\/","url":"https:\/\/www.fvb.cat\/wp-content\/uploads\/2024\/05\/logo-vidal-i-barrauqer-60-aniversari.jpg","contentUrl":"https:\/\/www.fvb.cat\/wp-content\/uploads\/2024\/05\/logo-vidal-i-barrauqer-60-aniversari.jpg","width":2125,"height":703,"caption":"Fundaci\u00f3 Vidal i Barraquer"},"image":{"@id":"https:\/\/www.fvb.cat\/es\/#\/schema\/logo\/image\/"}}]}},"_links":{"self":[{"href":"https:\/\/www.fvb.cat\/es\/wp-json\/wp\/v2\/pages\/8455"}],"collection":[{"href":"https:\/\/www.fvb.cat\/es\/wp-json\/wp\/v2\/pages"}],"about":[{"href":"https:\/\/www.fvb.cat\/es\/wp-json\/wp\/v2\/types\/page"}],"author":[{"embeddable":true,"href":"https:\/\/www.fvb.cat\/es\/wp-json\/wp\/v2\/users\/20"}],"replies":[{"embeddable":true,"href":"https:\/\/www.fvb.cat\/es\/wp-json\/wp\/v2\/comments?post=8455"}],"version-history":[{"count":21,"href":"https:\/\/www.fvb.cat\/es\/wp-json\/wp\/v2\/pages\/8455\/revisions"}],"predecessor-version":[{"id":16608,"href":"https:\/\/www.fvb.cat\/es\/wp-json\/wp\/v2\/pages\/8455\/revisions\/16608"}],"up":[{"embeddable":true,"href":"https:\/\/www.fvb.cat\/es\/wp-json\/wp\/v2\/pages\/5872"}],"wp:attachment":[{"href":"https:\/\/www.fvb.cat\/es\/wp-json\/wp\/v2\/media?parent=8455"}],"curies":[{"name":"wp","href":"https:\/\/api.w.org\/{rel}","templated":true}]}}