{"id":6572,"date":"2017-06-21T08:54:02","date_gmt":"2017-06-21T07:54:02","guid":{"rendered":"http:\/\/www.fvb.cat\/?page_id=6572"},"modified":"2024-05-15T13:24:05","modified_gmt":"2024-05-15T12:24:05","slug":"institut-universitari","status":"publish","type":"page","link":"https:\/\/www.fvb.cat\/es\/instituto-universitario\/","title":{"rendered":"Instituto Universitario"},"content":{"rendered":"<section class=\"l-section wpb_row height_medium\"><div class=\"l-section-h i-cf\"><div class=\"g-cols type_default valign_top\"><div class=\"vc_col-sm-12 wpb_column vc_column_container\"><div class=\"vc_column-inner\"><div class=\"wpb_wrapper\"><div class=\"g-cols wpb_row type_default valign_top vc_inner \"><div class=\"vc_col-sm-8 wpb_column vc_column_container\"><div class=\"vc_column-inner\"><div class=\"wpb_wrapper\"><div class=\"wpb_text_column \"><div class=\"wpb_wrapper\">\n<h3><strong>Instituto Universitario de Salud Mental<\/strong><\/h3>\n<p><strong>Director del Instituto Universitario de Salud Mental: Mark Dangerfield<\/strong><\/p>\n<p>El Instituto de Salud Mental Vidal i Barraquer forma parte de la\u00a0Universidad Ramon Llull. Cuenta con dos ramas principales de actividad: <strong>la docencia y la investigaci\u00f3n<\/strong>. El objetivo final, en consecuencia, tambi\u00e9n es doble: crear y difundir conocimiento en el campo de la salud mental.<\/p>\n<p>Entre los diferentes \u00e1mbitos de estudio del centro, cabe destacar el \u00e1rea de psicolog\u00eda y espiritualidad, desarrollado como un espacio de investigaci\u00f3n, docencia y reflexi\u00f3n entre los v\u00ednculos de la espiritualidad y la psicolog\u00eda.<\/div> <\/div> <\/div><\/div><\/div><div class=\"vc_col-sm-4 wpb_column vc_column_container\"><div class=\"vc_column-inner\"><div class=\"wpb_wrapper\"><div class=\"w-image align_center\"><div class=\"us-frame\"><a href=\"https:\/\/www.url.edu\/\" title=\"\" target=\"\" rel=\"\"><img loading=\"lazy\" decoding=\"async\" width=\"300\" height=\"300\" src=\"https:\/\/www.fvb.cat\/wp-content\/uploads\/2013\/05\/destacat_7-300x300.jpg\" class=\"attachment-medium size-medium\" alt=\"\" srcset=\"https:\/\/www.fvb.cat\/wp-content\/uploads\/2013\/05\/destacat_7-300x300.jpg 300w, https:\/\/www.fvb.cat\/wp-content\/uploads\/2013\/05\/destacat_7-100x100.jpg 100w, https:\/\/www.fvb.cat\/wp-content\/uploads\/2013\/05\/destacat_7-600x600.jpg 600w, https:\/\/www.fvb.cat\/wp-content\/uploads\/2013\/05\/destacat_7-150x150.jpg 150w, https:\/\/www.fvb.cat\/wp-content\/uploads\/2013\/05\/destacat_7-768x768.jpg 768w, https:\/\/www.fvb.cat\/wp-content\/uploads\/2013\/05\/destacat_7-350x350.jpg 350w, https:\/\/www.fvb.cat\/wp-content\/uploads\/2013\/05\/destacat_7.jpg 800w\" sizes=\"(max-width: 300px) 100vw, 300px\" \/><\/a><\/div><\/div><\/div><\/div><\/div><\/div>[vc_empty_space]<div class=\"g-cols wpb_row type_default valign_top vc_inner \"><div class=\"vc_col-sm-4 wpb_column vc_column_container ib-home\"><div class=\"vc_column-inner\"><div class=\"wpb_wrapper\"><div class=\"w-image align_center\"><div class=\"us-frame\"><img loading=\"lazy\" decoding=\"async\" width=\"1024\" height=\"379\" src=\"https:\/\/www.fvb.cat\/wp-content\/uploads\/2021\/06\/banners-slider-IUSM-1024x379.jpg\" class=\"attachment-large size-large\" alt=\"\" srcset=\"https:\/\/www.fvb.cat\/wp-content\/uploads\/2021\/06\/banners-slider-IUSM.jpg 1024w, https:\/\/www.fvb.cat\/wp-content\/uploads\/2021\/06\/banners-slider-IUSM-600x222.jpg 600w, https:\/\/www.fvb.cat\/wp-content\/uploads\/2021\/06\/banners-slider-IUSM-300x111.jpg 300w, https:\/\/www.fvb.cat\/wp-content\/uploads\/2021\/06\/banners-slider-IUSM-768x284.jpg 768w\" sizes=\"(max-width: 1024px) 100vw, 1024px\" \/><\/div><\/div><div class=\"wpb_text_column \"><div class=\"wpb_wrapper\">\n<h4><strong>DOCENCIA<\/strong><\/h4>\n<\/div> <\/div> <div class=\"wpb_text_column \"><div class=\"wpb_wrapper\"><p>Los <strong>programas de posgrado<\/strong> (m\u00e1ster, especializaci\u00f3n y de experto) tienen la finalidad de ofrecer una formaci\u00f3n avanzada para alcanzar una especializaci\u00f3n acad\u00e9mica y\/o profesional. De acuerdo con esta premisa y con las necesidades especificas de la formaci\u00f3n de profesionales en el campo de la salud mental, los diferentes planes de estudios articulan profesionalizaci\u00f3n e investigaci\u00f3n, tanto en \u00e1mbitos asistenciales p\u00fablicos como privados.<\/p><\/div> <\/div> <\/div><\/div><\/div><div class=\"vc_col-sm-4 wpb_column vc_column_container ib-home\"><div class=\"vc_column-inner\"><div class=\"wpb_wrapper\"><div class=\"w-image align_center\"><div class=\"us-frame\"><img loading=\"lazy\" decoding=\"async\" width=\"1024\" height=\"379\" src=\"https:\/\/www.fvb.cat\/wp-content\/uploads\/2017\/05\/imatge-superior-1024x379.jpg\" class=\"attachment-large size-large\" alt=\"\" srcset=\"https:\/\/www.fvb.cat\/wp-content\/uploads\/2017\/05\/imatge-superior-1024x379.jpg 1024w, https:\/\/www.fvb.cat\/wp-content\/uploads\/2017\/05\/imatge-superior-600x222.jpg 600w, https:\/\/www.fvb.cat\/wp-content\/uploads\/2017\/05\/imatge-superior-300x111.jpg 300w, https:\/\/www.fvb.cat\/wp-content\/uploads\/2017\/05\/imatge-superior-768x284.jpg 768w, https:\/\/www.fvb.cat\/wp-content\/uploads\/2017\/05\/imatge-superior.jpg 1728w\" sizes=\"(max-width: 1024px) 100vw, 1024px\" \/><\/div><\/div><div class=\"wpb_text_column \"><div class=\"wpb_wrapper\">\n<h4><strong>INVESTIGACI\u00d3N<\/strong><\/h4>\n<\/div> <\/div> <div class=\"wpb_text_column \"><div class=\"wpb_wrapper\"><p>La naturaleza permanente del Instituto Universitario propicia una dedicaci\u00f3n a la investigaci\u00f3n cient\u00edfica y t\u00e9cnica, as\u00ed como a la docencia especializada. La finalidad es trasladar a los profesionales conocimientos y estudios cient\u00edficos de calidad en el campo de la psicolog\u00eda y las ciencias afines, desde una perspectiva bio-psico-social e interdisciplinaria.<\/p><\/div> <\/div> <\/div><\/div><\/div><div class=\"vc_col-sm-4 wpb_column vc_column_container\"><div class=\"vc_column-inner\"><div class=\"wpb_wrapper\"><div class=\"w-image\"><div class=\"us-frame\"><img loading=\"lazy\" decoding=\"async\" width=\"1024\" height=\"379\" src=\"https:\/\/www.fvb.cat\/wp-content\/uploads\/2021\/06\/OEOISM0-IUSM-1024x379.jpg\" class=\"attachment-large size-large\" alt=\"\" srcset=\"https:\/\/www.fvb.cat\/wp-content\/uploads\/2021\/06\/OEOISM0-IUSM.jpg 1024w, https:\/\/www.fvb.cat\/wp-content\/uploads\/2021\/06\/OEOISM0-IUSM-600x222.jpg 600w, https:\/\/www.fvb.cat\/wp-content\/uploads\/2021\/06\/OEOISM0-IUSM-300x111.jpg 300w, https:\/\/www.fvb.cat\/wp-content\/uploads\/2021\/06\/OEOISM0-IUSM-768x284.jpg 768w\" sizes=\"(max-width: 1024px) 100vw, 1024px\" \/><\/div><\/div><div class=\"wpb_text_column \"><div class=\"wpb_wrapper\">\n<h4><strong>SERVICIOS<\/strong><\/h4>\n<\/div> <\/div> <div class=\"wpb_text_column \"><div class=\"wpb_wrapper\"><p>El Institut Universitari de Salut Mental de la Fundaci\u00f3 Vidal i Barraquer, ofrece a sus alumnos y diplomados servicios\u00a0destinados tanto a la difusi\u00f3n de su actividad profesional (Directorio Profesional), como a la b\u00fasqueda de empleo (Bolsa de Trabajo), pasando por el acceso a nuestra Biblioteca Especializada.<\/p><\/div> <\/div> <\/div><\/div><\/div><\/div><div class=\"g-cols wpb_row type_default valign_top vc_inner \"><div class=\"vc_col-sm-4 wpb_column vc_column_container\"><div class=\"vc_column-inner\"><div class=\"wpb_wrapper\"><div class=\"w-btn-wrapper align_left\"><a class=\"w-btn style_solid color_primary icon_none\" href=\"https:\/\/www.fvb.cat\/docencia\/\"><span class=\"w-btn-label\">M\u00c1S INFORMACI\u00d3N<\/span><\/a><\/div><\/div><\/div><\/div><div class=\"vc_col-sm-4 wpb_column vc_column_container\"><div class=\"vc_column-inner\"><div class=\"wpb_wrapper\"><div class=\"w-btn-wrapper align_left\"><a class=\"w-btn style_solid color_primary icon_none\" href=\"http:\/\/www.fvb.cat\/recerca\/\"><span class=\"w-btn-label\">M\u00c1S INFORMACI\u00d3N<\/span><\/a><\/div><\/div><\/div><\/div><div class=\"vc_col-sm-4 wpb_column vc_column_container\"><div class=\"vc_column-inner\"><div class=\"wpb_wrapper\"><div class=\"w-btn-wrapper align_left\"><a class=\"w-btn style_solid color_primary icon_none\" href=\"http:\/\/www.fvb.cat\/serveis-iusm\/\"><span class=\"w-btn-label\">M\u00c1S INFORMACI\u00d3N<\/span><\/a><\/div><\/div><\/div><\/div><\/div><div class=\"w-separator type_default size_medium thick_5 style_solid color_border cont_none\"><span class=\"w-separator-h\"><\/span><\/div><div class=\"wpb_text_column \"><div class=\"wpb_wrapper\">\n<h4><strong>Inf\u00f3rmarte<\/strong> sobre nuestros servicios\u00a0de <strong>lunes a viernes de 15:30h. a 21:00h.<\/strong><\/h4>\n<h4><img loading=\"lazy\" decoding=\"async\" class=\"alignnone wp-image-9960\" src=\"https:\/\/www.fvb.cat\/wp-content\/uploads\/2021\/06\/whatsapp-150x150.png\" alt=\"\" width=\"25\" height=\"25\" srcset=\"https:\/\/www.fvb.cat\/wp-content\/uploads\/2021\/06\/whatsapp-150x150.png 150w, https:\/\/www.fvb.cat\/wp-content\/uploads\/2021\/06\/whatsapp-100x100.png 100w, https:\/\/www.fvb.cat\/wp-content\/uploads\/2021\/06\/whatsapp.png 155w\" sizes=\"(max-width: 25px) 100vw, 25px\" \/>\u00a0 +34 670 26 32 84 \u00a0\u00a0<img loading=\"lazy\" decoding=\"async\" class=\"alignnone wp-image-10030\" src=\"https:\/\/www.fvb.cat\/wp-content\/uploads\/2021\/06\/telefon.png\" alt=\"\" width=\"31\" height=\"23\" \/>\u00a0934 340 001 \u00a0o escr\u00edbenos a <strong>docencia@fvb.cat<\/strong><\/h4>\n<\/div> <\/div> <div class=\"wpb_text_column \"><div class=\"wpb_wrapper\">\n<h4><\/h4>\n<h4><strong>S\u00edguenos en las redes sociales del IUSMVB &#8211; URL<\/strong><\/h4>\n<\/div> <\/div> <div class=\"w-socials align_left style_outlined color_link index_2\" style=\"font-size:25px;\"><div class=\"w-socials-list\"><div class=\"w-socials-item email\">\n\t\t\t\t<a class=\"w-socials-item-link\" target=\"_blank\" href=\"mailto:docencia@fvb.cat\">\n\t\t\t\t\t<span class=\"w-socials-item-link-hover\"><\/span>\n\t\t\t\t<\/a>\n\t\t\t\t<div class=\"w-socials-item-popup\">\n\t\t\t\t\t<span>Email<\/span>\n\t\t\t\t<\/div>\n\t\t\t<\/div><div class=\"w-socials-item facebook\">\n\t\t\t\t<a class=\"w-socials-item-link\" target=\"_blank\" href=\"https:\/\/www.facebook.com\/IUSalutMentalVB\">\n\t\t\t\t\t<span class=\"w-socials-item-link-hover\"><\/span>\n\t\t\t\t<\/a>\n\t\t\t\t<div class=\"w-socials-item-popup\">\n\t\t\t\t\t<span>Facebook<\/span>\n\t\t\t\t<\/div>\n\t\t\t<\/div><div class=\"w-socials-item twitter\">\n\t\t\t\t<a class=\"w-socials-item-link\" target=\"_blank\" href=\"https:\/\/twitter.com\/IUSalutMentalVB\">\n\t\t\t\t\t<span class=\"w-socials-item-link-hover\"><\/span>\n\t\t\t\t<\/a>\n\t\t\t\t<div class=\"w-socials-item-popup\">\n\t\t\t\t\t<span>Twitter<\/span>\n\t\t\t\t<\/div>\n\t\t\t<\/div><div class=\"w-socials-item youtube\">\n\t\t\t\t<a class=\"w-socials-item-link\" target=\"_blank\" href=\"https:\/\/www.youtube.com\/channel\/UCQ4UXxgNU7lWsnRU1w-nxbQ\">\n\t\t\t\t\t<span class=\"w-socials-item-link-hover\"><\/span>\n\t\t\t\t<\/a>\n\t\t\t\t<div class=\"w-socials-item-popup\">\n\t\t\t\t\t<span>YouTube<\/span>\n\t\t\t\t<\/div>\n\t\t\t<\/div><div class=\"w-socials-item instagram\">\n\t\t\t\t<a class=\"w-socials-item-link\" target=\"_blank\" href=\"https:\/\/www.instagram.com\/iusalutmentalvb\/\">\n\t\t\t\t\t<span class=\"w-socials-item-link-hover\"><\/span>\n\t\t\t\t<\/a>\n\t\t\t\t<div class=\"w-socials-item-popup\">\n\t\t\t\t\t<span>Instagram<\/span>\n\t\t\t\t<\/div>\n\t\t\t<\/div><\/div><\/div><\/div><\/div><\/div><\/div><\/div><\/section>","protected":false},"excerpt":{"rendered":"Fundaci\u00f3n Vidal i Barraquer Somos una instituci\u00f3n creada en 1964 y dedicada...","protected":false},"author":1,"featured_media":0,"parent":0,"menu_order":0,"comment_status":"closed","ping_status":"closed","template":"","meta":{"footnotes":""},"yoast_head":"<!-- This site is optimized with the Yoast SEO plugin v22.6 - https:\/\/yoast.com\/wordpress\/plugins\/seo\/ -->\n<title>Instituto Universitario - Fundaci\u00f3 Vidal i Barraquer<\/title>\n<meta name=\"robots\" content=\"index, follow, max-snippet:-1, max-image-preview:large, max-video-preview:-1\" \/>\n<link rel=\"canonical\" href=\"https:\/\/www.fvb.cat\/ca\/institut-universitari\/\" \/>\n<meta property=\"og:locale\" content=\"es_ES\" \/>\n<meta property=\"og:type\" content=\"article\" \/>\n<meta property=\"og:title\" content=\"[:ca]Institut Universitari[:es]Instituto Universitario[:] - Fundaci\u00f3 Vidal i Barraquer\" \/>\n<meta property=\"og:url\" content=\"https:\/\/www.fvb.cat\/ca\/institut-universitari\/\" \/>\n<meta property=\"og:site_name\" content=\"Fundaci\u00f3 Vidal i Barraquer\" \/>\n<meta property=\"article:modified_time\" content=\"2024-05-15T12:24:05+00:00\" \/>\n<meta property=\"og:image\" content=\"https:\/\/www.fvb.cat\/wp-content\/uploads\/2021\/06\/whatsapp.png\" \/>\n<meta name=\"twitter:card\" content=\"summary_large_image\" \/>\n<meta name=\"twitter:label1\" content=\"Tiempo de lectura\" \/>\n\t<meta name=\"twitter:data1\" content=\"3 minutos\" \/>\n<script type=\"application\/ld+json\" class=\"yoast-schema-graph\">{\"@context\":\"https:\/\/schema.org\",\"@graph\":[{\"@type\":\"WebPage\",\"@id\":\"https:\/\/www.fvb.cat\/ca\/institut-universitari\/\",\"url\":\"https:\/\/www.fvb.cat\/ca\/institut-universitari\/\",\"name\":\"[:ca]Institut Universitari[:es]Instituto Universitario[:] - Fundaci\u00f3 Vidal i Barraquer\",\"isPartOf\":{\"@id\":\"https:\/\/www.fvb.cat\/es\/#website\"},\"primaryImageOfPage\":{\"@id\":\"https:\/\/www.fvb.cat\/ca\/institut-universitari\/#primaryimage\"},\"image\":{\"@id\":\"https:\/\/www.fvb.cat\/ca\/institut-universitari\/#primaryimage\"},\"thumbnailUrl\":\"https:\/\/www.fvb.cat\/wp-content\/uploads\/2021\/06\/whatsapp.png\",\"datePublished\":\"2017-06-21T07:54:02+00:00\",\"dateModified\":\"2024-05-15T12:24:05+00:00\",\"breadcrumb\":{\"@id\":\"https:\/\/www.fvb.cat\/ca\/institut-universitari\/#breadcrumb\"},\"inLanguage\":\"es\",\"potentialAction\":[{\"@type\":\"ReadAction\",\"target\":[\"https:\/\/www.fvb.cat\/ca\/institut-universitari\/\"]}]},{\"@type\":\"ImageObject\",\"inLanguage\":\"es\",\"@id\":\"https:\/\/www.fvb.cat\/ca\/institut-universitari\/#primaryimage\",\"url\":\"https:\/\/www.fvb.cat\/wp-content\/uploads\/2021\/06\/whatsapp.png\",\"contentUrl\":\"https:\/\/www.fvb.cat\/wp-content\/uploads\/2021\/06\/whatsapp.png\"},{\"@type\":\"BreadcrumbList\",\"@id\":\"https:\/\/www.fvb.cat\/ca\/institut-universitari\/#breadcrumb\",\"itemListElement\":[{\"@type\":\"ListItem\",\"position\":1,\"name\":\"Inici\",\"item\":\"https:\/\/www.fvb.cat\/es\/\"},{\"@type\":\"ListItem\",\"position\":2,\"name\":\"Institut Universitari\"}]},{\"@type\":\"WebSite\",\"@id\":\"https:\/\/www.fvb.cat\/es\/#website\",\"url\":\"https:\/\/www.fvb.cat\/es\/\",\"name\":\"Fundaci\u00f3 Vidal i Barraquer\",\"description\":\"Asistencia, docencia e investigaci\u00f3n en Salud Mental\",\"publisher\":{\"@id\":\"https:\/\/www.fvb.cat\/es\/#organization\"},\"potentialAction\":[{\"@type\":\"SearchAction\",\"target\":{\"@type\":\"EntryPoint\",\"urlTemplate\":\"https:\/\/www.fvb.cat\/es\/?s={search_term_string}\"},\"query-input\":\"required name=search_term_string\"}],\"inLanguage\":\"es\"},{\"@type\":\"Organization\",\"@id\":\"https:\/\/www.fvb.cat\/es\/#organization\",\"name\":\"Fundaci\u00f3 Vidal i Barraquer\",\"url\":\"https:\/\/www.fvb.cat\/es\/\",\"logo\":{\"@type\":\"ImageObject\",\"inLanguage\":\"es\",\"@id\":\"https:\/\/www.fvb.cat\/es\/#\/schema\/logo\/image\/\",\"url\":\"https:\/\/www.fvb.cat\/wp-content\/uploads\/2024\/05\/logo-vidal-i-barrauqer-60-aniversari.jpg\",\"contentUrl\":\"https:\/\/www.fvb.cat\/wp-content\/uploads\/2024\/05\/logo-vidal-i-barrauqer-60-aniversari.jpg\",\"width\":2125,\"height\":703,\"caption\":\"Fundaci\u00f3 Vidal i Barraquer\"},\"image\":{\"@id\":\"https:\/\/www.fvb.cat\/es\/#\/schema\/logo\/image\/\"}}]}<\/script>\n<!-- \/ Yoast SEO plugin. -->","yoast_head_json":{"title":"[:ca]Institut Universitari[:es]Instituto Universitario[:] - Fundaci\u00f3 Vidal i Barraquer","robots":{"index":"index","follow":"follow","max-snippet":"max-snippet:-1","max-image-preview":"max-image-preview:large","max-video-preview":"max-video-preview:-1"},"canonical":"https:\/\/www.fvb.cat\/ca\/institut-universitari\/","og_locale":"es_ES","og_type":"article","og_title":"[:ca]Institut Universitari[:es]Instituto Universitario[:] - Fundaci\u00f3 Vidal i Barraquer","og_url":"https:\/\/www.fvb.cat\/ca\/institut-universitari\/","og_site_name":"Fundaci\u00f3 Vidal i Barraquer","article_modified_time":"2024-05-15T12:24:05+00:00","og_image":[{"url":"https:\/\/www.fvb.cat\/wp-content\/uploads\/2021\/06\/whatsapp.png"}],"twitter_card":"summary_large_image","twitter_misc":{"Tiempo de lectura":"3 minutos"},"schema":{"@context":"https:\/\/schema.org","@graph":[{"@type":"WebPage","@id":"https:\/\/www.fvb.cat\/ca\/institut-universitari\/","url":"https:\/\/www.fvb.cat\/ca\/institut-universitari\/","name":"[:ca]Institut Universitari[:es]Instituto Universitario[:] - Fundaci\u00f3 Vidal i Barraquer","isPartOf":{"@id":"https:\/\/www.fvb.cat\/es\/#website"},"primaryImageOfPage":{"@id":"https:\/\/www.fvb.cat\/ca\/institut-universitari\/#primaryimage"},"image":{"@id":"https:\/\/www.fvb.cat\/ca\/institut-universitari\/#primaryimage"},"thumbnailUrl":"https:\/\/www.fvb.cat\/wp-content\/uploads\/2021\/06\/whatsapp.png","datePublished":"2017-06-21T07:54:02+00:00","dateModified":"2024-05-15T12:24:05+00:00","breadcrumb":{"@id":"https:\/\/www.fvb.cat\/ca\/institut-universitari\/#breadcrumb"},"inLanguage":"es","potentialAction":[{"@type":"ReadAction","target":["https:\/\/www.fvb.cat\/ca\/institut-universitari\/"]}]},{"@type":"ImageObject","inLanguage":"es","@id":"https:\/\/www.fvb.cat\/ca\/institut-universitari\/#primaryimage","url":"https:\/\/www.fvb.cat\/wp-content\/uploads\/2021\/06\/whatsapp.png","contentUrl":"https:\/\/www.fvb.cat\/wp-content\/uploads\/2021\/06\/whatsapp.png"},{"@type":"BreadcrumbList","@id":"https:\/\/www.fvb.cat\/ca\/institut-universitari\/#breadcrumb","itemListElement":[{"@type":"ListItem","position":1,"name":"Inici","item":"https:\/\/www.fvb.cat\/es\/"},{"@type":"ListItem","position":2,"name":"Institut Universitari"}]},{"@type":"WebSite","@id":"https:\/\/www.fvb.cat\/es\/#website","url":"https:\/\/www.fvb.cat\/es\/","name":"Fundaci\u00f3 Vidal i Barraquer","description":"Asistencia, docencia e investigaci\u00f3n en Salud Mental","publisher":{"@id":"https:\/\/www.fvb.cat\/es\/#organization"},"potentialAction":[{"@type":"SearchAction","target":{"@type":"EntryPoint","urlTemplate":"https:\/\/www.fvb.cat\/es\/?s={search_term_string}"},"query-input":"required name=search_term_string"}],"inLanguage":"es"},{"@type":"Organization","@id":"https:\/\/www.fvb.cat\/es\/#organization","name":"Fundaci\u00f3 Vidal i Barraquer","url":"https:\/\/www.fvb.cat\/es\/","logo":{"@type":"ImageObject","inLanguage":"es","@id":"https:\/\/www.fvb.cat\/es\/#\/schema\/logo\/image\/","url":"https:\/\/www.fvb.cat\/wp-content\/uploads\/2024\/05\/logo-vidal-i-barrauqer-60-aniversari.jpg","contentUrl":"https:\/\/www.fvb.cat\/wp-content\/uploads\/2024\/05\/logo-vidal-i-barrauqer-60-aniversari.jpg","width":2125,"height":703,"caption":"Fundaci\u00f3 Vidal i Barraquer"},"image":{"@id":"https:\/\/www.fvb.cat\/es\/#\/schema\/logo\/image\/"}}]}},"_links":{"self":[{"href":"https:\/\/www.fvb.cat\/es\/wp-json\/wp\/v2\/pages\/6572"}],"collection":[{"href":"https:\/\/www.fvb.cat\/es\/wp-json\/wp\/v2\/pages"}],"about":[{"href":"https:\/\/www.fvb.cat\/es\/wp-json\/wp\/v2\/types\/page"}],"author":[{"embeddable":true,"href":"https:\/\/www.fvb.cat\/es\/wp-json\/wp\/v2\/users\/1"}],"replies":[{"embeddable":true,"href":"https:\/\/www.fvb.cat\/es\/wp-json\/wp\/v2\/comments?post=6572"}],"version-history":[{"count":135,"href":"https:\/\/www.fvb.cat\/es\/wp-json\/wp\/v2\/pages\/6572\/revisions"}],"predecessor-version":[{"id":15378,"href":"https:\/\/www.fvb.cat\/es\/wp-json\/wp\/v2\/pages\/6572\/revisions\/15378"}],"wp:attachment":[{"href":"https:\/\/www.fvb.cat\/es\/wp-json\/wp\/v2\/media?parent=6572"}],"curies":[{"name":"wp","href":"https:\/\/api.w.org\/{rel}","templated":true}]}}