{"id":6177,"date":"2017-05-09T09:30:32","date_gmt":"2017-05-09T08:30:32","guid":{"rendered":"http:\/\/www.fvb.cat\/?page_id=6177"},"modified":"2024-11-26T09:45:28","modified_gmt":"2024-11-26T08:45:28","slug":"hospital-badalona","status":"publish","type":"page","link":"https:\/\/www.fvb.cat\/es\/asistencia-publica\/hospital-de-dia-de-badalona\/","title":{"rendered":"Hospital de D\u00eda de Badalona"},"content":{"rendered":"<section class=\"l-section wpb_row height_medium\"><div class=\"l-section-h i-cf\"><div class=\"g-cols type_default valign_top\"><div class=\"vc_col-sm-8 wpb_column vc_column_container\"><div class=\"vc_column-inner\"><div class=\"wpb_wrapper\"><div class=\"wpb_text_column \"><div class=\"wpb_wrapper\">\n<h1>Hospital de D\u00eda de Badalona<\/h1>\n<\/div> <\/div> <div class=\"wpb_text_column \"><div class=\"wpb_wrapper\"><strong>Coordinadora: Noem\u00ed Paniello G\u00f3mez<\/strong><\/p>\n<p>Se trata de un servicio de hospitalizaci\u00f3n parcial en salud mental concertado con el Servei Catal\u00e0 de la Salud. Inici\u00f3 su actividad a finales de 2008.<\/div> <\/div> [vc_empty_space]<div class=\"wpb_text_column \"><div class=\"wpb_wrapper\">\n<h2>Caracter\u00edsticas<\/h2>\n<\/div> <\/div> <div class=\"wpb_text_column \"><div class=\"wpb_wrapper\">\n<ul>\n<li>La derivaci\u00f3n se realiza preferentemente a trav\u00e9s de los servicios de salud mental de les zonas de Badalona, Sant Adri\u00e0 del Bes\u00f2s y el Baix Maresme.<\/li>\n<li>Dispone de veinte plazas y el periodo de estancia aproximado es de seis a nueve meses.<\/li>\n<li>Se atienden chicos y chicas de 12 a 18 a\u00f1os con problemas de salud mental\u00a0que requieren un abordaje intensivo y pluridisciplinar espec\u00edfico que no se puede ofrecer desde una atenci\u00f3n ambulatoria, pero que tampoco precisa de una contenci\u00f3n dentro de un \u00e1mbito de hospitalizaci\u00f3n total.<\/li>\n<\/ul>\n<\/div> <\/div> <div class=\"wpb_text_column \"><div class=\"wpb_wrapper\">\n<h2>Intervenci\u00f3n<\/h2>\n<\/div> <\/div> <div class=\"wpb_text_column \"><div class=\"wpb_wrapper\">\n<ul>\n<li>Se ofrece un tratamiento global des de las vertientes biol\u00f3gica, psicol\u00f3gica, familiar, socioeducativa y comunitaria. La intervenci\u00f3n se focaliza tanto en los pacientes y sus familias como en el trabajo en red con los servicios y dispositivos de la zona.<\/li>\n<li>Se dise\u00f1a un proyecto individualizado seg\u00fan las necesidades de cada chico o chica en el que se establecen las diferentes actividades asistenciales: visitas individuales y familiares, actividades grupales y talleres, trabajo escolar, actividades comunitarias, etc. en horario completo o compartido con los centros educativos.<\/li>\n<\/ul>\n<\/div> <\/div> <\/div><\/div><\/div><div class=\"vc_col-sm-4 wpb_column vc_column_container has-fill\"><div class=\"vc_column-inner  vc_custom_1492678464530\"><div class=\"wpb_wrapper\"><div class=\"wpb_text_column \"><div class=\"wpb_wrapper\">\n<h5>Contacto<\/h5>\n<\/div> <\/div> [vc_empty_space height=\u00bb15px\u00bb]<div class=\"wpb_text_column \"><div class=\"wpb_wrapper\"><p>Hospital de D\u00eda de Badalona<\/p>\n<p>Tel.\u00a0934 611 168<\/p>\n<p><a href=\"mailto:hdb@fvb.cat\">hdb@fvb.cat<\/a><\/p>\n<p>C\/ Coll i Pujol, 141. 08917, Badalona (Barcelona)<\/p><\/div> <\/div> <\/div><\/div><\/div><\/div><\/div><\/section><section class=\"l-section wpb_row height_medium\" style=\"margin-top: -4rem !important;\"><div class=\"l-section-h i-cf\"><div class=\"g-cols type_default valign_top\"><div class=\"vc_col-sm-4 wpb_column vc_column_container\"><div class=\"vc_column-inner\"><div class=\"wpb_wrapper\"><div class=\"w-image align_center\"><div class=\"us-frame\"><img loading=\"lazy\" decoding=\"async\" width=\"1024\" height=\"682\" src=\"https:\/\/www.fvb.cat\/wp-content\/uploads\/2017\/05\/AP-BADALONA-02-1024x682.jpg\" class=\"attachment-large size-large\" alt=\"Hospital de Dia de Badalona\" srcset=\"https:\/\/www.fvb.cat\/wp-content\/uploads\/2017\/05\/AP-BADALONA-02-1024x682.jpg 1024w, https:\/\/www.fvb.cat\/wp-content\/uploads\/2017\/05\/AP-BADALONA-02-600x400.jpg 600w, https:\/\/www.fvb.cat\/wp-content\/uploads\/2017\/05\/AP-BADALONA-02-300x200.jpg 300w, https:\/\/www.fvb.cat\/wp-content\/uploads\/2017\/05\/AP-BADALONA-02-768x512.jpg 768w, https:\/\/www.fvb.cat\/wp-content\/uploads\/2017\/05\/AP-BADALONA-02.jpg 1300w\" sizes=\"(max-width: 1024px) 100vw, 1024px\" \/><\/div><\/div><\/div><\/div><\/div><div class=\"vc_col-sm-4 wpb_column vc_column_container\"><div class=\"vc_column-inner\"><div class=\"wpb_wrapper\"><div class=\"w-image align_center\"><div class=\"us-frame\"><img loading=\"lazy\" decoding=\"async\" width=\"1024\" height=\"682\" src=\"https:\/\/www.fvb.cat\/wp-content\/uploads\/2017\/05\/AP-BADALONA-03-1024x682.jpg\" class=\"attachment-large size-large\" alt=\"Hospital de Dia de Badalona\" srcset=\"https:\/\/www.fvb.cat\/wp-content\/uploads\/2017\/05\/AP-BADALONA-03-1024x682.jpg 1024w, https:\/\/www.fvb.cat\/wp-content\/uploads\/2017\/05\/AP-BADALONA-03-600x400.jpg 600w, https:\/\/www.fvb.cat\/wp-content\/uploads\/2017\/05\/AP-BADALONA-03-300x200.jpg 300w, https:\/\/www.fvb.cat\/wp-content\/uploads\/2017\/05\/AP-BADALONA-03-768x512.jpg 768w, https:\/\/www.fvb.cat\/wp-content\/uploads\/2017\/05\/AP-BADALONA-03.jpg 1300w\" sizes=\"(max-width: 1024px) 100vw, 1024px\" \/><\/div><\/div><\/div><\/div><\/div><div class=\"vc_col-sm-4 wpb_column vc_column_container\"><div class=\"vc_column-inner\"><div class=\"wpb_wrapper\"><div class=\"w-image align_center\"><div class=\"us-frame\"><img loading=\"lazy\" decoding=\"async\" width=\"1024\" height=\"682\" src=\"https:\/\/www.fvb.cat\/wp-content\/uploads\/2017\/05\/AP-BADALONA-04-1024x682.jpg\" class=\"attachment-large size-large\" alt=\"Hospital de Dia de Badalona\" srcset=\"https:\/\/www.fvb.cat\/wp-content\/uploads\/2017\/05\/AP-BADALONA-04-1024x682.jpg 1024w, https:\/\/www.fvb.cat\/wp-content\/uploads\/2017\/05\/AP-BADALONA-04-600x400.jpg 600w, https:\/\/www.fvb.cat\/wp-content\/uploads\/2017\/05\/AP-BADALONA-04-300x200.jpg 300w, https:\/\/www.fvb.cat\/wp-content\/uploads\/2017\/05\/AP-BADALONA-04-768x512.jpg 768w, https:\/\/www.fvb.cat\/wp-content\/uploads\/2017\/05\/AP-BADALONA-04.jpg 1300w\" sizes=\"(max-width: 1024px) 100vw, 1024px\" \/><\/div><\/div><\/div><\/div><\/div><\/div><\/div><\/section>","protected":false},"excerpt":{"rendered":"Fundaci\u00f3n Vidal i Barraquer Somos una instituci\u00f3n creada en 1964 y dedicada...","protected":false},"author":1,"featured_media":0,"parent":5872,"menu_order":0,"comment_status":"closed","ping_status":"closed","template":"","meta":{"footnotes":""},"yoast_head":"<!-- This site is optimized with the Yoast SEO plugin v22.6 - https:\/\/yoast.com\/wordpress\/plugins\/seo\/ -->\n<title>Hospital de D\u00eda de Badalona - Fundaci\u00f3 Vidal i Barraquer<\/title>\n<meta name=\"robots\" content=\"index, follow, max-snippet:-1, max-image-preview:large, max-video-preview:-1\" \/>\n<link rel=\"canonical\" href=\"https:\/\/www.fvb.cat\/ca\/assistencia-publica\/hospital-de-dia-de-badalona\/\" \/>\n<meta property=\"og:locale\" content=\"es_ES\" \/>\n<meta property=\"og:type\" content=\"article\" \/>\n<meta property=\"og:title\" content=\"[:ca]Hospital de Dia de Badalona[:es]Hospital de D\u00eda de Badalona[:] - Fundaci\u00f3 Vidal i Barraquer\" \/>\n<meta property=\"og:url\" content=\"https:\/\/www.fvb.cat\/ca\/assistencia-publica\/hospital-de-dia-de-badalona\/\" \/>\n<meta property=\"og:site_name\" content=\"Fundaci\u00f3 Vidal i Barraquer\" \/>\n<meta property=\"article:modified_time\" content=\"2024-11-26T08:45:28+00:00\" \/>\n<meta name=\"twitter:card\" content=\"summary_large_image\" \/>\n<meta name=\"twitter:label1\" content=\"Tiempo de lectura\" \/>\n\t<meta name=\"twitter:data1\" content=\"2 minutos\" \/>\n<script type=\"application\/ld+json\" class=\"yoast-schema-graph\">{\"@context\":\"https:\/\/schema.org\",\"@graph\":[{\"@type\":\"WebPage\",\"@id\":\"https:\/\/www.fvb.cat\/ca\/assistencia-publica\/hospital-de-dia-de-badalona\/\",\"url\":\"https:\/\/www.fvb.cat\/ca\/assistencia-publica\/hospital-de-dia-de-badalona\/\",\"name\":\"[:ca]Hospital de Dia de Badalona[:es]Hospital de D\u00eda de Badalona[:] - Fundaci\u00f3 Vidal i Barraquer\",\"isPartOf\":{\"@id\":\"https:\/\/www.fvb.cat\/es\/#website\"},\"datePublished\":\"2017-05-09T08:30:32+00:00\",\"dateModified\":\"2024-11-26T08:45:28+00:00\",\"breadcrumb\":{\"@id\":\"https:\/\/www.fvb.cat\/ca\/assistencia-publica\/hospital-de-dia-de-badalona\/#breadcrumb\"},\"inLanguage\":\"es\",\"potentialAction\":[{\"@type\":\"ReadAction\",\"target\":[\"https:\/\/www.fvb.cat\/ca\/assistencia-publica\/hospital-de-dia-de-badalona\/\"]}]},{\"@type\":\"BreadcrumbList\",\"@id\":\"https:\/\/www.fvb.cat\/ca\/assistencia-publica\/hospital-de-dia-de-badalona\/#breadcrumb\",\"itemListElement\":[{\"@type\":\"ListItem\",\"position\":1,\"name\":\"Inici\",\"item\":\"https:\/\/www.fvb.cat\/es\/\"},{\"@type\":\"ListItem\",\"position\":2,\"name\":\"Assist\u00e8ncia P\u00fablica\",\"item\":\"https:\/\/www.fvb.cat\/ca\/assistencia-publica\/\"},{\"@type\":\"ListItem\",\"position\":3,\"name\":\"Hospital de D\u00eda de Badalona\"}]},{\"@type\":\"WebSite\",\"@id\":\"https:\/\/www.fvb.cat\/es\/#website\",\"url\":\"https:\/\/www.fvb.cat\/es\/\",\"name\":\"Fundaci\u00f3 Vidal i Barraquer\",\"description\":\"Asistencia, docencia e investigaci\u00f3n en Salud Mental\",\"publisher\":{\"@id\":\"https:\/\/www.fvb.cat\/es\/#organization\"},\"potentialAction\":[{\"@type\":\"SearchAction\",\"target\":{\"@type\":\"EntryPoint\",\"urlTemplate\":\"https:\/\/www.fvb.cat\/es\/?s={search_term_string}\"},\"query-input\":\"required name=search_term_string\"}],\"inLanguage\":\"es\"},{\"@type\":\"Organization\",\"@id\":\"https:\/\/www.fvb.cat\/es\/#organization\",\"name\":\"Fundaci\u00f3 Vidal i Barraquer\",\"url\":\"https:\/\/www.fvb.cat\/es\/\",\"logo\":{\"@type\":\"ImageObject\",\"inLanguage\":\"es\",\"@id\":\"https:\/\/www.fvb.cat\/es\/#\/schema\/logo\/image\/\",\"url\":\"https:\/\/www.fvb.cat\/wp-content\/uploads\/2024\/05\/logo-vidal-i-barrauqer-60-aniversari.jpg\",\"contentUrl\":\"https:\/\/www.fvb.cat\/wp-content\/uploads\/2024\/05\/logo-vidal-i-barrauqer-60-aniversari.jpg\",\"width\":2125,\"height\":703,\"caption\":\"Fundaci\u00f3 Vidal i Barraquer\"},\"image\":{\"@id\":\"https:\/\/www.fvb.cat\/es\/#\/schema\/logo\/image\/\"}}]}<\/script>\n<!-- \/ Yoast SEO plugin. -->","yoast_head_json":{"title":"[:ca]Hospital de Dia de Badalona[:es]Hospital de D\u00eda de Badalona[:] - Fundaci\u00f3 Vidal i Barraquer","robots":{"index":"index","follow":"follow","max-snippet":"max-snippet:-1","max-image-preview":"max-image-preview:large","max-video-preview":"max-video-preview:-1"},"canonical":"https:\/\/www.fvb.cat\/ca\/assistencia-publica\/hospital-de-dia-de-badalona\/","og_locale":"es_ES","og_type":"article","og_title":"[:ca]Hospital de Dia de Badalona[:es]Hospital de D\u00eda de Badalona[:] - Fundaci\u00f3 Vidal i Barraquer","og_url":"https:\/\/www.fvb.cat\/ca\/assistencia-publica\/hospital-de-dia-de-badalona\/","og_site_name":"Fundaci\u00f3 Vidal i Barraquer","article_modified_time":"2024-11-26T08:45:28+00:00","twitter_card":"summary_large_image","twitter_misc":{"Tiempo de lectura":"2 minutos"},"schema":{"@context":"https:\/\/schema.org","@graph":[{"@type":"WebPage","@id":"https:\/\/www.fvb.cat\/ca\/assistencia-publica\/hospital-de-dia-de-badalona\/","url":"https:\/\/www.fvb.cat\/ca\/assistencia-publica\/hospital-de-dia-de-badalona\/","name":"[:ca]Hospital de Dia de Badalona[:es]Hospital de D\u00eda de Badalona[:] - Fundaci\u00f3 Vidal i Barraquer","isPartOf":{"@id":"https:\/\/www.fvb.cat\/es\/#website"},"datePublished":"2017-05-09T08:30:32+00:00","dateModified":"2024-11-26T08:45:28+00:00","breadcrumb":{"@id":"https:\/\/www.fvb.cat\/ca\/assistencia-publica\/hospital-de-dia-de-badalona\/#breadcrumb"},"inLanguage":"es","potentialAction":[{"@type":"ReadAction","target":["https:\/\/www.fvb.cat\/ca\/assistencia-publica\/hospital-de-dia-de-badalona\/"]}]},{"@type":"BreadcrumbList","@id":"https:\/\/www.fvb.cat\/ca\/assistencia-publica\/hospital-de-dia-de-badalona\/#breadcrumb","itemListElement":[{"@type":"ListItem","position":1,"name":"Inici","item":"https:\/\/www.fvb.cat\/es\/"},{"@type":"ListItem","position":2,"name":"Assist\u00e8ncia P\u00fablica","item":"https:\/\/www.fvb.cat\/ca\/assistencia-publica\/"},{"@type":"ListItem","position":3,"name":"Hospital de D\u00eda de Badalona"}]},{"@type":"WebSite","@id":"https:\/\/www.fvb.cat\/es\/#website","url":"https:\/\/www.fvb.cat\/es\/","name":"Fundaci\u00f3 Vidal i Barraquer","description":"Asistencia, docencia e investigaci\u00f3n en Salud Mental","publisher":{"@id":"https:\/\/www.fvb.cat\/es\/#organization"},"potentialAction":[{"@type":"SearchAction","target":{"@type":"EntryPoint","urlTemplate":"https:\/\/www.fvb.cat\/es\/?s={search_term_string}"},"query-input":"required name=search_term_string"}],"inLanguage":"es"},{"@type":"Organization","@id":"https:\/\/www.fvb.cat\/es\/#organization","name":"Fundaci\u00f3 Vidal i Barraquer","url":"https:\/\/www.fvb.cat\/es\/","logo":{"@type":"ImageObject","inLanguage":"es","@id":"https:\/\/www.fvb.cat\/es\/#\/schema\/logo\/image\/","url":"https:\/\/www.fvb.cat\/wp-content\/uploads\/2024\/05\/logo-vidal-i-barrauqer-60-aniversari.jpg","contentUrl":"https:\/\/www.fvb.cat\/wp-content\/uploads\/2024\/05\/logo-vidal-i-barrauqer-60-aniversari.jpg","width":2125,"height":703,"caption":"Fundaci\u00f3 Vidal i Barraquer"},"image":{"@id":"https:\/\/www.fvb.cat\/es\/#\/schema\/logo\/image\/"}}]}},"_links":{"self":[{"href":"https:\/\/www.fvb.cat\/es\/wp-json\/wp\/v2\/pages\/6177"}],"collection":[{"href":"https:\/\/www.fvb.cat\/es\/wp-json\/wp\/v2\/pages"}],"about":[{"href":"https:\/\/www.fvb.cat\/es\/wp-json\/wp\/v2\/types\/page"}],"author":[{"embeddable":true,"href":"https:\/\/www.fvb.cat\/es\/wp-json\/wp\/v2\/users\/1"}],"replies":[{"embeddable":true,"href":"https:\/\/www.fvb.cat\/es\/wp-json\/wp\/v2\/comments?post=6177"}],"version-history":[{"count":18,"href":"https:\/\/www.fvb.cat\/es\/wp-json\/wp\/v2\/pages\/6177\/revisions"}],"predecessor-version":[{"id":16409,"href":"https:\/\/www.fvb.cat\/es\/wp-json\/wp\/v2\/pages\/6177\/revisions\/16409"}],"up":[{"embeddable":true,"href":"https:\/\/www.fvb.cat\/es\/wp-json\/wp\/v2\/pages\/5872"}],"wp:attachment":[{"href":"https:\/\/www.fvb.cat\/es\/wp-json\/wp\/v2\/media?parent=6177"}],"curies":[{"name":"wp","href":"https:\/\/api.w.org\/{rel}","templated":true}]}}