{"id":6148,"date":"2017-05-08T11:10:35","date_gmt":"2017-05-08T10:10:35","guid":{"rendered":"http:\/\/www.fvb.cat\/?page_id=6148"},"modified":"2023-09-27T15:04:47","modified_gmt":"2023-09-27T14:04:47","slug":"csmij-santa-coloma-de-gramenet-2","status":"publish","type":"page","link":"https:\/\/www.fvb.cat\/es\/asistencia-publica\/csmij-santa-coloma-de-gramenet\/","title":{"rendered":"CSMIJ Santa Coloma de Gramenet"},"content":{"rendered":"<section class=\"l-section wpb_row height_medium\"><div class=\"l-section-h i-cf\"><div class=\"g-cols type_default valign_top\"><div class=\"vc_col-sm-8 wpb_column vc_column_container\"><div class=\"vc_column-inner\"><div class=\"wpb_wrapper\"><div class=\"wpb_text_column \"><div class=\"wpb_wrapper\">\n<h1>CSMIJ <strong>Santa Coloma de Gramenet<\/strong><\/h1>\n<\/div> <\/div> <div class=\"wpb_text_column \"><div class=\"wpb_wrapper\"><strong>Coordinador: Josep Checa<\/strong><\/p>\n<p>Realiza asistencia en salud mental a ni\u00f1os y ni\u00f1as y j\u00f3venes hasta los 18 a\u00f1os del municipio de Santa Coloma de Gramenet y vela por la promoci\u00f3n de la salud mental de esta poblaci\u00f3n.<\/p>\n<p>A su vez, lleva a cabo tareas de diagn\u00f3stico, orientaci\u00f3n y tratamiento a los pacientes y sus familias y trabaja coordinadamente con los recursos del municipio: red sanitaria, centros escolares y sociales, ocio\u2026 para conseguir una intervenci\u00f3n lo m\u00e1s integradora posible.<\/div> <\/div> [vc_empty_space]<div class=\"wpb_text_column \"><div class=\"wpb_wrapper\">\n<h2>Cartera de servicios<\/h2>\n<\/div> <\/div> <div class=\"wpb_text_column \"><div class=\"wpb_wrapper\">\n<ul>\n<li>Diagn\u00f3stico, orientaci\u00f3n y tratamiento mediante entrevistas individuales, familiares o grupales seg\u00fan convenga.<\/li>\n<li>Intervenci\u00f3n interdisciplinaria de un equipo formado por psiquiatras, trabajadores sociales, psic\u00f3logos y administrativos.<\/li>\n<li>Actividades de docencia, formaci\u00f3n e investigaci\u00f3n.<\/li>\n<li>Intervenci\u00f3n en la comunidad impulsando y respaldando proyectes que contemplen la prevenci\u00f3n e higiene de la salud mental de la poblaci\u00f3n.<\/li>\n<li>Participaci\u00f3n en espacios comunitarios que velen por la construcci\u00f3n conjunta desde los servicios, a la atenci\u00f3n de la poblaci\u00f3n de referencia.<\/li>\n<\/ul>\n<\/div> <\/div> <div class=\"wpb_text_column \"><div class=\"wpb_wrapper\">\n<h2>Programas espec\u00edficos concertados con el Servei Catal\u00e0 de la Salut (SCS)<\/h2>\n<\/div> <\/div> <div class=\"wpb_text_column \"><div class=\"wpb_wrapper\">\n<ul>\n<li><strong>PSP.<\/strong> El programa de Soporte a la primaria ofrece atenci\u00f3n psicol\u00f3gica dentro de los ambulatorios de la poblaci\u00f3n con atenci\u00f3n directa desde las seis \u00e1reas b\u00e1sicas de salud (ABS) del municipio y facilita una orientaci\u00f3n directa para problemas menores con intervenciones cortas o bien vehicula una derivaci\u00f3n al CSMIJ cuando es conveniente.<\/li>\n<li><strong>TMG.<\/strong> Programa para la atenci\u00f3n a los ni\u00f1os y adolescentes con trastorno mental grave (TMG) con el objetivo de ofrecer acompa\u00f1amiento y atenci\u00f3n integral a pacientes y familias con un variado n\u00famero de patolog\u00edas de forma articulada con los otros recursos de la red infanto-juvenil.<\/li>\n<li><strong>UFTEA.<\/strong> A la unidad funcional de atenci\u00f3n a los trastornos del espectro autista (UFTEA) coordina las funciones de detecci\u00f3n, diagn\u00f3stico y asistencia de los equipos que intervienen en la misma poblaci\u00f3n con este colectivo (CDIAP, EAP, CSMA y neuropediatr\u00eda). Vinculado a este programa, ofrecen soporte a profesionales y familias de los alumnos con Trastorno del espectro autista de la Escuela Especial Josep Sol.<\/li>\n<li><strong>PSI.<\/strong> Este programa tiene una vocaci\u00f3n claramente preventiva. Atendemos a la psicosis incipiente de forma funcionalmente integrada tanto con el CSMA de la poblaci\u00f3n como con todas las unidades, equipos y profesionales que pueden participar en la detecci\u00f3n de pacientes en estados mentales de alto riesgo (EMAR) y atenci\u00f3n prioritaria al inicio de los procesos psic\u00f3ticos.<\/li>\n<li><strong>DGAIA.<\/strong> Programa de atenci\u00f3n a los ni\u00f1os y adolescentes tutelados por la Direcci\u00f3 General d\u2019Atenci\u00f3 a la Infancia (DGAIA) y residentes en los centros de acci\u00f3n educativa CRAEs Maria Assumpta de Badalona y Petit Pr\u00edncep de Santa Coloma de Gramenet. Ofrece asistencia a los menores y soporte y orientaci\u00f3n regular a los equipos de educadores de los centros, as\u00ed como a las familias acogedoras del territorio.<\/li>\n<li><strong>PSIE.<\/strong> A trav\u00e9s del programa Salut i Escola, ofrecemos una atenci\u00f3n prioritaria y de acceso muy r\u00e1pido a adolescentes en situaci\u00f3n de vulnerabilidad o riesgo detectados por enfermeras que realizan intervenciones educativas y de soporte a la salud dentro de los institutos de educaci\u00f3n secundaria (IES). Estas profesionales de los equipos de pediatr\u00eda de los ambulatorios del SCS de la poblaci\u00f3n tambi\u00e9n forman parte del PSIE y est\u00e1n estrechamente coordinadas con los profesionales del CSMIJ referentes del programa, que son los que acogen las derivaciones hechas por las enfermeras.<\/li>\n<li><strong>SIEI.<\/strong> Soporte y asesoramiento a maestros y educadores que trabajan con ni\u00f1os\/as con patolog\u00edas mentales que se manifiestan con trastornos conductuales graves en centros espec\u00edficos de Soport integral a l\u2019educaci\u00f3 inclusiva (SIEI). Son unidades integradas dentro de las escuelas de educaci\u00f3n primaria (EP) y de los institutos de educaci\u00f3n secundaria (IES).<\/li>\n<li><strong>AIS.<\/strong> Intervenci\u00f3n directa con los alumnos y familias del aula integral de Suport (AIS) con presencia en el aula as\u00ed como soporte y coordinaci\u00f3n con los profesionales de esta aula que acoge a los alumnos con graves trastornos de conducta que sobrepasan las posibilidades de ser atendidos en las SIEI y precisan todav\u00eda un entorno con ratio profesionales\/alumnos mayor y dentro de un espacio educativo externo a cualquier centro docente vinculado a un IES. Tendemos alumnos de las poblaciones de Badalona, Santa Coloma i Sant Adri\u00e0.<\/li>\n<li><strong>PSMPF<\/strong>. El programa de Salud Mental Perinatal Familiar se dirige a mujeres embarazadas o en per\u00edodo de puerperio y a todos los miembros de su familia con el objetivo de acompa\u00f1ar y fortalecer los v\u00ednculos familiares velando por la adecuada reorganizaci\u00f3n familiar.<\/li>\n<\/ul>\n<\/div> <\/div> <\/div><\/div><\/div><div class=\"vc_col-sm-4 wpb_column vc_column_container has-fill\"><div class=\"vc_column-inner  vc_custom_1492678464530\"><div class=\"wpb_wrapper\"><div class=\"wpb_text_column \"><div class=\"wpb_wrapper\">\n<h5>Contacto<\/h5>\n<\/div> <\/div> [vc_empty_space height=\u00bb15px\u00bb]<div class=\"wpb_text_column \"><div class=\"wpb_wrapper\"><p>CSMIJ Santa Coloma de Gramenet<\/p>\n<p>Tel. 934 668 202<\/p>\n<p><a href=\"mailto:csmij@fvb.cat\">csmij@fvb.cat<\/a><\/p>\n<p>Calle \u00c0ngel Guimer\u00e0, 6-8, 08923 Santa Coloma de Gramenet<\/p><\/div> <\/div> <\/div><\/div><\/div><\/div><\/div><\/section><section class=\"l-section wpb_row height_medium\" style=\"margin-top: -4rem !important;\"><div class=\"l-section-h i-cf\"><div class=\"g-cols type_default valign_top\"><div class=\"vc_col-sm-4 wpb_column vc_column_container\"><div class=\"vc_column-inner\"><div class=\"wpb_wrapper\"><div class=\"w-image align_center\"><div class=\"us-frame\"><img loading=\"lazy\" decoding=\"async\" width=\"1024\" height=\"682\" src=\"https:\/\/www.fvb.cat\/wp-content\/uploads\/2017\/05\/AP-GRAMANET-02-1024x682.jpg\" class=\"attachment-large size-large\" alt=\"CSMIJ Santa Coloma de Gramenet\" srcset=\"https:\/\/www.fvb.cat\/wp-content\/uploads\/2017\/05\/AP-GRAMANET-02-1024x682.jpg 1024w, https:\/\/www.fvb.cat\/wp-content\/uploads\/2017\/05\/AP-GRAMANET-02-600x400.jpg 600w, https:\/\/www.fvb.cat\/wp-content\/uploads\/2017\/05\/AP-GRAMANET-02-300x200.jpg 300w, https:\/\/www.fvb.cat\/wp-content\/uploads\/2017\/05\/AP-GRAMANET-02-768x512.jpg 768w, https:\/\/www.fvb.cat\/wp-content\/uploads\/2017\/05\/AP-GRAMANET-02.jpg 1300w\" sizes=\"(max-width: 1024px) 100vw, 1024px\" \/><\/div><\/div><\/div><\/div><\/div><div class=\"vc_col-sm-4 wpb_column vc_column_container\"><div class=\"vc_column-inner  vc_custom_1496746193708\"><div class=\"wpb_wrapper\"><div class=\"w-image align_center\"><div class=\"us-frame\"><img loading=\"lazy\" decoding=\"async\" width=\"1024\" height=\"682\" src=\"https:\/\/www.fvb.cat\/wp-content\/uploads\/2017\/05\/AP-GRAMANET-03-1024x682.jpg\" class=\"attachment-large size-large\" alt=\"CSMIJ Santa Coloma de Gramenet\" srcset=\"https:\/\/www.fvb.cat\/wp-content\/uploads\/2017\/05\/AP-GRAMANET-03-1024x682.jpg 1024w, https:\/\/www.fvb.cat\/wp-content\/uploads\/2017\/05\/AP-GRAMANET-03-600x400.jpg 600w, https:\/\/www.fvb.cat\/wp-content\/uploads\/2017\/05\/AP-GRAMANET-03-300x200.jpg 300w, https:\/\/www.fvb.cat\/wp-content\/uploads\/2017\/05\/AP-GRAMANET-03-768x512.jpg 768w, https:\/\/www.fvb.cat\/wp-content\/uploads\/2017\/05\/AP-GRAMANET-03.jpg 1300w\" sizes=\"(max-width: 1024px) 100vw, 1024px\" \/><\/div><\/div><\/div><\/div><\/div><div class=\"vc_col-sm-4 wpb_column vc_column_container\"><div class=\"vc_column-inner\"><div class=\"wpb_wrapper\"><div class=\"w-image align_center\"><div class=\"us-frame\"><img loading=\"lazy\" decoding=\"async\" width=\"1024\" height=\"682\" src=\"https:\/\/www.fvb.cat\/wp-content\/uploads\/2017\/05\/AP-GRAMANET-04-1024x682.jpg\" class=\"attachment-large size-large\" alt=\"CSMIJ Santa Coloma de Gramenet\" srcset=\"https:\/\/www.fvb.cat\/wp-content\/uploads\/2017\/05\/AP-GRAMANET-04-1024x682.jpg 1024w, https:\/\/www.fvb.cat\/wp-content\/uploads\/2017\/05\/AP-GRAMANET-04-600x400.jpg 600w, https:\/\/www.fvb.cat\/wp-content\/uploads\/2017\/05\/AP-GRAMANET-04-300x200.jpg 300w, https:\/\/www.fvb.cat\/wp-content\/uploads\/2017\/05\/AP-GRAMANET-04-768x512.jpg 768w, https:\/\/www.fvb.cat\/wp-content\/uploads\/2017\/05\/AP-GRAMANET-04.jpg 1300w\" sizes=\"(max-width: 1024px) 100vw, 1024px\" \/><\/div><\/div><\/div><\/div><\/div><\/div><\/div><\/section>","protected":false},"excerpt":{"rendered":"Fundaci\u00f3n Vidal i Barraquer Somos una instituci\u00f3n creada en 1964 y dedicada...","protected":false},"author":1,"featured_media":0,"parent":5872,"menu_order":0,"comment_status":"closed","ping_status":"closed","template":"","meta":{"footnotes":""},"yoast_head":"<!-- This site is optimized with the Yoast SEO plugin v22.6 - https:\/\/yoast.com\/wordpress\/plugins\/seo\/ -->\n<title>CSMIJ Santa Coloma de Gramenet - Fundaci\u00f3 Vidal i Barraquer<\/title>\n<meta name=\"robots\" content=\"index, follow, max-snippet:-1, max-image-preview:large, max-video-preview:-1\" \/>\n<link rel=\"canonical\" href=\"https:\/\/www.fvb.cat\/ca\/assistencia-publica\/csmij-santa-coloma-de-gramenet\/\" \/>\n<meta property=\"og:locale\" content=\"es_ES\" \/>\n<meta property=\"og:type\" content=\"article\" \/>\n<meta property=\"og:title\" content=\"CSMIJ Santa Coloma de Gramenet - Fundaci\u00f3 Vidal i Barraquer\" \/>\n<meta property=\"og:url\" content=\"https:\/\/www.fvb.cat\/ca\/assistencia-publica\/csmij-santa-coloma-de-gramenet\/\" \/>\n<meta property=\"og:site_name\" content=\"Fundaci\u00f3 Vidal i Barraquer\" \/>\n<meta property=\"article:modified_time\" content=\"2023-09-27T14:04:47+00:00\" \/>\n<meta name=\"twitter:card\" content=\"summary_large_image\" \/>\n<meta name=\"twitter:label1\" content=\"Tiempo de lectura\" \/>\n\t<meta name=\"twitter:data1\" content=\"4 minutos\" \/>\n<script type=\"application\/ld+json\" class=\"yoast-schema-graph\">{\"@context\":\"https:\/\/schema.org\",\"@graph\":[{\"@type\":\"WebPage\",\"@id\":\"https:\/\/www.fvb.cat\/ca\/assistencia-publica\/csmij-santa-coloma-de-gramenet\/\",\"url\":\"https:\/\/www.fvb.cat\/ca\/assistencia-publica\/csmij-santa-coloma-de-gramenet\/\",\"name\":\"CSMIJ Santa Coloma de Gramenet - Fundaci\u00f3 Vidal i Barraquer\",\"isPartOf\":{\"@id\":\"https:\/\/www.fvb.cat\/es\/#website\"},\"datePublished\":\"2017-05-08T10:10:35+00:00\",\"dateModified\":\"2023-09-27T14:04:47+00:00\",\"breadcrumb\":{\"@id\":\"https:\/\/www.fvb.cat\/ca\/assistencia-publica\/csmij-santa-coloma-de-gramenet\/#breadcrumb\"},\"inLanguage\":\"es\",\"potentialAction\":[{\"@type\":\"ReadAction\",\"target\":[\"https:\/\/www.fvb.cat\/ca\/assistencia-publica\/csmij-santa-coloma-de-gramenet\/\"]}]},{\"@type\":\"BreadcrumbList\",\"@id\":\"https:\/\/www.fvb.cat\/ca\/assistencia-publica\/csmij-santa-coloma-de-gramenet\/#breadcrumb\",\"itemListElement\":[{\"@type\":\"ListItem\",\"position\":1,\"name\":\"Inici\",\"item\":\"https:\/\/www.fvb.cat\/es\/\"},{\"@type\":\"ListItem\",\"position\":2,\"name\":\"Assist\u00e8ncia P\u00fablica\",\"item\":\"https:\/\/www.fvb.cat\/ca\/assistencia-publica\/\"},{\"@type\":\"ListItem\",\"position\":3,\"name\":\"CSMIJ Santa Coloma de Gramenet\"}]},{\"@type\":\"WebSite\",\"@id\":\"https:\/\/www.fvb.cat\/es\/#website\",\"url\":\"https:\/\/www.fvb.cat\/es\/\",\"name\":\"Fundaci\u00f3 Vidal i Barraquer\",\"description\":\"Asistencia, docencia e investigaci\u00f3n en Salud Mental\",\"publisher\":{\"@id\":\"https:\/\/www.fvb.cat\/es\/#organization\"},\"potentialAction\":[{\"@type\":\"SearchAction\",\"target\":{\"@type\":\"EntryPoint\",\"urlTemplate\":\"https:\/\/www.fvb.cat\/es\/?s={search_term_string}\"},\"query-input\":\"required name=search_term_string\"}],\"inLanguage\":\"es\"},{\"@type\":\"Organization\",\"@id\":\"https:\/\/www.fvb.cat\/es\/#organization\",\"name\":\"Fundaci\u00f3 Vidal i Barraquer\",\"url\":\"https:\/\/www.fvb.cat\/es\/\",\"logo\":{\"@type\":\"ImageObject\",\"inLanguage\":\"es\",\"@id\":\"https:\/\/www.fvb.cat\/es\/#\/schema\/logo\/image\/\",\"url\":\"https:\/\/www.fvb.cat\/wp-content\/uploads\/2024\/05\/logo-vidal-i-barrauqer-60-aniversari.jpg\",\"contentUrl\":\"https:\/\/www.fvb.cat\/wp-content\/uploads\/2024\/05\/logo-vidal-i-barrauqer-60-aniversari.jpg\",\"width\":2125,\"height\":703,\"caption\":\"Fundaci\u00f3 Vidal i Barraquer\"},\"image\":{\"@id\":\"https:\/\/www.fvb.cat\/es\/#\/schema\/logo\/image\/\"}}]}<\/script>\n<!-- \/ Yoast SEO plugin. -->","yoast_head_json":{"title":"CSMIJ Santa Coloma de Gramenet - Fundaci\u00f3 Vidal i Barraquer","robots":{"index":"index","follow":"follow","max-snippet":"max-snippet:-1","max-image-preview":"max-image-preview:large","max-video-preview":"max-video-preview:-1"},"canonical":"https:\/\/www.fvb.cat\/ca\/assistencia-publica\/csmij-santa-coloma-de-gramenet\/","og_locale":"es_ES","og_type":"article","og_title":"CSMIJ Santa Coloma de Gramenet - Fundaci\u00f3 Vidal i Barraquer","og_url":"https:\/\/www.fvb.cat\/ca\/assistencia-publica\/csmij-santa-coloma-de-gramenet\/","og_site_name":"Fundaci\u00f3 Vidal i Barraquer","article_modified_time":"2023-09-27T14:04:47+00:00","twitter_card":"summary_large_image","twitter_misc":{"Tiempo de lectura":"4 minutos"},"schema":{"@context":"https:\/\/schema.org","@graph":[{"@type":"WebPage","@id":"https:\/\/www.fvb.cat\/ca\/assistencia-publica\/csmij-santa-coloma-de-gramenet\/","url":"https:\/\/www.fvb.cat\/ca\/assistencia-publica\/csmij-santa-coloma-de-gramenet\/","name":"CSMIJ Santa Coloma de Gramenet - Fundaci\u00f3 Vidal i Barraquer","isPartOf":{"@id":"https:\/\/www.fvb.cat\/es\/#website"},"datePublished":"2017-05-08T10:10:35+00:00","dateModified":"2023-09-27T14:04:47+00:00","breadcrumb":{"@id":"https:\/\/www.fvb.cat\/ca\/assistencia-publica\/csmij-santa-coloma-de-gramenet\/#breadcrumb"},"inLanguage":"es","potentialAction":[{"@type":"ReadAction","target":["https:\/\/www.fvb.cat\/ca\/assistencia-publica\/csmij-santa-coloma-de-gramenet\/"]}]},{"@type":"BreadcrumbList","@id":"https:\/\/www.fvb.cat\/ca\/assistencia-publica\/csmij-santa-coloma-de-gramenet\/#breadcrumb","itemListElement":[{"@type":"ListItem","position":1,"name":"Inici","item":"https:\/\/www.fvb.cat\/es\/"},{"@type":"ListItem","position":2,"name":"Assist\u00e8ncia P\u00fablica","item":"https:\/\/www.fvb.cat\/ca\/assistencia-publica\/"},{"@type":"ListItem","position":3,"name":"CSMIJ Santa Coloma de Gramenet"}]},{"@type":"WebSite","@id":"https:\/\/www.fvb.cat\/es\/#website","url":"https:\/\/www.fvb.cat\/es\/","name":"Fundaci\u00f3 Vidal i Barraquer","description":"Asistencia, docencia e investigaci\u00f3n en Salud Mental","publisher":{"@id":"https:\/\/www.fvb.cat\/es\/#organization"},"potentialAction":[{"@type":"SearchAction","target":{"@type":"EntryPoint","urlTemplate":"https:\/\/www.fvb.cat\/es\/?s={search_term_string}"},"query-input":"required name=search_term_string"}],"inLanguage":"es"},{"@type":"Organization","@id":"https:\/\/www.fvb.cat\/es\/#organization","name":"Fundaci\u00f3 Vidal i Barraquer","url":"https:\/\/www.fvb.cat\/es\/","logo":{"@type":"ImageObject","inLanguage":"es","@id":"https:\/\/www.fvb.cat\/es\/#\/schema\/logo\/image\/","url":"https:\/\/www.fvb.cat\/wp-content\/uploads\/2024\/05\/logo-vidal-i-barrauqer-60-aniversari.jpg","contentUrl":"https:\/\/www.fvb.cat\/wp-content\/uploads\/2024\/05\/logo-vidal-i-barrauqer-60-aniversari.jpg","width":2125,"height":703,"caption":"Fundaci\u00f3 Vidal i Barraquer"},"image":{"@id":"https:\/\/www.fvb.cat\/es\/#\/schema\/logo\/image\/"}}]}},"_links":{"self":[{"href":"https:\/\/www.fvb.cat\/es\/wp-json\/wp\/v2\/pages\/6148"}],"collection":[{"href":"https:\/\/www.fvb.cat\/es\/wp-json\/wp\/v2\/pages"}],"about":[{"href":"https:\/\/www.fvb.cat\/es\/wp-json\/wp\/v2\/types\/page"}],"author":[{"embeddable":true,"href":"https:\/\/www.fvb.cat\/es\/wp-json\/wp\/v2\/users\/1"}],"replies":[{"embeddable":true,"href":"https:\/\/www.fvb.cat\/es\/wp-json\/wp\/v2\/comments?post=6148"}],"version-history":[{"count":35,"href":"https:\/\/www.fvb.cat\/es\/wp-json\/wp\/v2\/pages\/6148\/revisions"}],"predecessor-version":[{"id":12865,"href":"https:\/\/www.fvb.cat\/es\/wp-json\/wp\/v2\/pages\/6148\/revisions\/12865"}],"up":[{"embeddable":true,"href":"https:\/\/www.fvb.cat\/es\/wp-json\/wp\/v2\/pages\/5872"}],"wp:attachment":[{"href":"https:\/\/www.fvb.cat\/es\/wp-json\/wp\/v2\/media?parent=6148"}],"curies":[{"name":"wp","href":"https:\/\/api.w.org\/{rel}","templated":true}]}}