{"id":5878,"date":"2017-04-20T07:46:43","date_gmt":"2017-04-20T06:46:43","guid":{"rendered":"http:\/\/www.fvb.cat\/?page_id=5878"},"modified":"2026-01-16T13:48:26","modified_gmt":"2026-01-16T12:48:26","slug":"portal-de-transparencia","status":"publish","type":"page","link":"https:\/\/www.fvb.cat\/es\/portal-de-transparencia\/","title":{"rendered":"Portal de transparencia"},"content":{"rendered":"<section class=\"l-section wpb_row height_medium\"><div class=\"l-section-h i-cf\"><div class=\"g-cols type_default valign_top\"><div class=\"vc_col-sm-12 wpb_column vc_column_container\"><div class=\"vc_column-inner\"><div class=\"wpb_wrapper\"><div class=\"wpb_text_column \"><div class=\"wpb_wrapper\">\n<h1>Portal de transparencia<\/h1>\n<\/div> <\/div> <div class=\"wpb_text_column \"><div class=\"wpb_wrapper\"><p>En cumplimiento de la Ley 19\/2013, de 9 de diciembre, de transparencia, acceso a la informaci\u00f3n p\u00fablica y buen gobierno y como organizaci\u00f3n no lucrativa, abrimos este espacio como modelo de transparencia en el uso de fondos p\u00fablicos. Por este motivo, os ofrecemos las memorias de actividades en las cuales compartimos la informaci\u00f3n de la fundaci\u00f3n de una forma ordenada.<\/p>\n<p><a href=\"http:\/\/www.fvb.cat\/wp-content\/uploads\/2021\/05\/Pol\u00edtica-i-objectius-de-qualitat.pdf\" target=\"_blank\" rel=\"noopener noreferrer\">Pol\u00edtica y objectivos de calidad<\/a><\/p>\n<p><a href=\"https:\/\/www.fvb.cat\/wp-content\/uploads\/2025\/01\/Estatuts-2021-FVB-v-castella-def.pdf\">Estatutos<\/a><\/p>\n<p><a href=\"http:\/\/www.fvb.cat\/wp-content\/uploads\/2017\/05\/M2015FVB.pdf\" target=\"_blank\" rel=\"noopener noreferrer\">Memoria 2015<\/a><\/p>\n<p><a href=\"http:\/\/www.fvb.cat\/wp-content\/uploads\/2017\/06\/MEMORIAFUNDACIO2016.pdf\" target=\"_blank\" rel=\"noopener noreferrer\">Memoria 2016<\/a><\/p>\n<p><a href=\"http:\/\/www.fvb.cat\/wp-content\/uploads\/2018\/05\/MEM%C3%92RIA2017.pdf\">Memoria 2017<\/a><\/p>\n<p><a href=\"http:\/\/www.fvb.cat\/wp-content\/uploads\/2017\/04\/Mem%C3%B2ria-2018.pdf\" target=\"_blank\" rel=\"noopener noreferrer\">Memoria 2018<\/a><\/p>\n<p><a href=\"http:\/\/www.fvb.cat\/wp-content\/uploads\/2017\/04\/Mem\u00f2ria-FVB-2019defV5.pdf\" target=\"_blank\" rel=\"noopener noreferrer\">Memoria 2019<\/a><\/p>\n<p><a href=\"http:\/\/www.fvb.cat\/wp-content\/uploads\/2021\/09\/MEMORIA2020.pdf\">Memoria 2020<\/a><\/p>\n<p><a href=\"https:\/\/www.fvb.cat\/wp-content\/uploads\/2022\/07\/Memoria-2021.pdf\" target=\"_blank\" rel=\"noopener\">Memoria 2021<\/a><\/p>\n<p><a href=\"https:\/\/www.fvb.cat\/wp-content\/uploads\/2023\/08\/Memoria-2022-FVB.pdf\" target=\"_blank\" rel=\"noopener\">Memoria 2022<\/a><\/p>\n<p><a href=\"https:\/\/www.fvb.cat\/wp-content\/uploads\/2024\/11\/MEMORIA-2023-FUNDACIO-VIDAL-I-BARRAQUER.pdf\">Memoria 2023<\/a><\/p>\n<p><a href=\"https:\/\/www.fvb.cat\/wp-content\/uploads\/2026\/01\/Memoria-Fundacio-Vidal-i-Barraquer-2024-1.pdf\">Memoria 2024<\/a><\/p>\n<p><a href=\"http:\/\/www.fvb.cat\/wp-content\/uploads\/2018\/07\/auditoria-2017-FUNDACI\u00d3-CARDENAL-VIDAL-I-BARRAQUER.pdf\">Auditor\u00eda 2017<\/a><\/p>\n<p><a href=\"http:\/\/www.fvb.cat\/wp-content\/uploads\/2021\/05\/Auditoria-2018.pdf\">Auditor\u00eda 2018<\/a><\/p>\n<p><a href=\"http:\/\/www.fvb.cat\/wp-content\/uploads\/2021\/05\/auditoria-2019.pdf\">Auditor\u00eda 2019<\/a><\/p>\n<p><a href=\"http:\/\/www.fvb.cat\/wp-content\/uploads\/2021\/09\/A-7702-FUNDACIO-CARDENAL-VIDAL-I-BARRAQUER.pdf\" target=\"_blank\" rel=\"noopener\">Auditor\u00eda 2020<\/a><\/p>\n<p><a href=\"https:\/\/www.fvb.cat\/wp-content\/uploads\/2022\/07\/Auditoria-2021.pdf\" target=\"_blank\" rel=\"noopener\">Auditor\u00eda 2021<\/a><\/p>\n<p><a href=\"https:\/\/www.fvb.cat\/wp-content\/uploads\/2023\/07\/Auditoria-2022.pdf\" target=\"_blank\" rel=\"noopener\">Auditor\u00eda 2022<\/a><\/p>\n<p><a href=\"https:\/\/www.fvb.cat\/wp-content\/uploads\/2024\/06\/COMPTES-ANUALS-FVB-2023.pdf\">Auditor\u00eda 2023<\/a><\/p>\n<p><a href=\"https:\/\/www.fvb.cat\/wp-content\/uploads\/2025\/09\/AUDITORIA-2024-FUNDACIO-VIDAL-I-BARRAQUER.pdf\">Auditor\u00eda 2024<\/a><\/p>\n<p><a ref=\"magnificPopup\" href=\"https:\/\/www.fvb.cat\/wp-content\/uploads\/2025\/07\/BalancSocial_2024.png\">Balance Social 2024<\/a><\/p>\n<p><a ref=\"magnificPopup\" href=\"https:\/\/www.fvb.cat\/wp-content\/uploads\/2025\/05\/Balanc-Social-2023.png\">Balance Social 2023<\/a><\/p>\n<p><a href=\"https:\/\/www.fvb.cat\/wp-content\/uploads\/2023\/07\/Balanc-Social-2022.pdf\" target=\"_blank\" rel=\"noopener\">Balance Social 2022<\/a><\/p><\/div> <\/div> <\/div><\/div><\/div><\/div><\/div><\/section>","protected":false},"excerpt":{"rendered":"Fundaci\u00f3n Vidal i Barraquer Somos una instituci\u00f3n creada en 1964 y dedicada...","protected":false},"author":1,"featured_media":0,"parent":0,"menu_order":0,"comment_status":"closed","ping_status":"closed","template":"","meta":{"footnotes":""},"yoast_head":"<!-- This site is optimized with the Yoast SEO plugin v22.6 - https:\/\/yoast.com\/wordpress\/plugins\/seo\/ -->\n<title>Portal de transparencia - Fundaci\u00f3 Vidal i Barraquer<\/title>\n<meta name=\"robots\" content=\"index, follow, max-snippet:-1, max-image-preview:large, max-video-preview:-1\" \/>\n<link rel=\"canonical\" href=\"https:\/\/www.fvb.cat\/es\/portal-de-transparencia\/\" \/>\n<meta property=\"og:locale\" content=\"es_ES\" \/>\n<meta property=\"og:type\" content=\"article\" \/>\n<meta property=\"og:title\" content=\"[:ca]Portal de transpar\u00e8ncia[:es]Portal de transparencia[:] - Fundaci\u00f3 Vidal i Barraquer\" \/>\n<meta property=\"og:url\" content=\"https:\/\/www.fvb.cat\/es\/portal-de-transparencia\/\" \/>\n<meta property=\"og:site_name\" content=\"Fundaci\u00f3 Vidal i Barraquer\" \/>\n<meta property=\"article:modified_time\" content=\"2026-01-16T12:48:26+00:00\" \/>\n<meta name=\"twitter:card\" content=\"summary_large_image\" \/>\n<meta name=\"twitter:label1\" content=\"Tiempo de lectura\" \/>\n\t<meta name=\"twitter:data1\" content=\"1 minuto\" \/>\n<script type=\"application\/ld+json\" class=\"yoast-schema-graph\">{\"@context\":\"https:\/\/schema.org\",\"@graph\":[{\"@type\":\"WebPage\",\"@id\":\"https:\/\/www.fvb.cat\/es\/portal-de-transparencia\/\",\"url\":\"https:\/\/www.fvb.cat\/es\/portal-de-transparencia\/\",\"name\":\"[:ca]Portal de transpar\u00e8ncia[:es]Portal de transparencia[:] - Fundaci\u00f3 Vidal i Barraquer\",\"isPartOf\":{\"@id\":\"https:\/\/www.fvb.cat\/es\/#website\"},\"datePublished\":\"2017-04-20T06:46:43+00:00\",\"dateModified\":\"2026-01-16T12:48:26+00:00\",\"breadcrumb\":{\"@id\":\"https:\/\/www.fvb.cat\/es\/portal-de-transparencia\/#breadcrumb\"},\"inLanguage\":\"es\",\"potentialAction\":[{\"@type\":\"ReadAction\",\"target\":[\"https:\/\/www.fvb.cat\/es\/portal-de-transparencia\/\"]}]},{\"@type\":\"BreadcrumbList\",\"@id\":\"https:\/\/www.fvb.cat\/es\/portal-de-transparencia\/#breadcrumb\",\"itemListElement\":[{\"@type\":\"ListItem\",\"position\":1,\"name\":\"Inici\",\"item\":\"https:\/\/www.fvb.cat\/es\/\"},{\"@type\":\"ListItem\",\"position\":2,\"name\":\"Portal de transparencia\"}]},{\"@type\":\"WebSite\",\"@id\":\"https:\/\/www.fvb.cat\/es\/#website\",\"url\":\"https:\/\/www.fvb.cat\/es\/\",\"name\":\"Fundaci\u00f3 Vidal i Barraquer\",\"description\":\"Asistencia, docencia e investigaci\u00f3n en Salud Mental\",\"publisher\":{\"@id\":\"https:\/\/www.fvb.cat\/es\/#organization\"},\"potentialAction\":[{\"@type\":\"SearchAction\",\"target\":{\"@type\":\"EntryPoint\",\"urlTemplate\":\"https:\/\/www.fvb.cat\/es\/?s={search_term_string}\"},\"query-input\":\"required name=search_term_string\"}],\"inLanguage\":\"es\"},{\"@type\":\"Organization\",\"@id\":\"https:\/\/www.fvb.cat\/es\/#organization\",\"name\":\"Fundaci\u00f3 Vidal i Barraquer\",\"url\":\"https:\/\/www.fvb.cat\/es\/\",\"logo\":{\"@type\":\"ImageObject\",\"inLanguage\":\"es\",\"@id\":\"https:\/\/www.fvb.cat\/es\/#\/schema\/logo\/image\/\",\"url\":\"https:\/\/www.fvb.cat\/wp-content\/uploads\/2024\/05\/logo-vidal-i-barrauqer-60-aniversari.jpg\",\"contentUrl\":\"https:\/\/www.fvb.cat\/wp-content\/uploads\/2024\/05\/logo-vidal-i-barrauqer-60-aniversari.jpg\",\"width\":2125,\"height\":703,\"caption\":\"Fundaci\u00f3 Vidal i Barraquer\"},\"image\":{\"@id\":\"https:\/\/www.fvb.cat\/es\/#\/schema\/logo\/image\/\"}}]}<\/script>\n<!-- \/ Yoast SEO plugin. -->","yoast_head_json":{"title":"[:ca]Portal de transpar\u00e8ncia[:es]Portal de transparencia[:] - Fundaci\u00f3 Vidal i Barraquer","robots":{"index":"index","follow":"follow","max-snippet":"max-snippet:-1","max-image-preview":"max-image-preview:large","max-video-preview":"max-video-preview:-1"},"canonical":"https:\/\/www.fvb.cat\/es\/portal-de-transparencia\/","og_locale":"es_ES","og_type":"article","og_title":"[:ca]Portal de transpar\u00e8ncia[:es]Portal de transparencia[:] - Fundaci\u00f3 Vidal i Barraquer","og_url":"https:\/\/www.fvb.cat\/es\/portal-de-transparencia\/","og_site_name":"Fundaci\u00f3 Vidal i Barraquer","article_modified_time":"2026-01-16T12:48:26+00:00","twitter_card":"summary_large_image","twitter_misc":{"Tiempo de lectura":"1 minuto"},"schema":{"@context":"https:\/\/schema.org","@graph":[{"@type":"WebPage","@id":"https:\/\/www.fvb.cat\/es\/portal-de-transparencia\/","url":"https:\/\/www.fvb.cat\/es\/portal-de-transparencia\/","name":"[:ca]Portal de transpar\u00e8ncia[:es]Portal de transparencia[:] - Fundaci\u00f3 Vidal i Barraquer","isPartOf":{"@id":"https:\/\/www.fvb.cat\/es\/#website"},"datePublished":"2017-04-20T06:46:43+00:00","dateModified":"2026-01-16T12:48:26+00:00","breadcrumb":{"@id":"https:\/\/www.fvb.cat\/es\/portal-de-transparencia\/#breadcrumb"},"inLanguage":"es","potentialAction":[{"@type":"ReadAction","target":["https:\/\/www.fvb.cat\/es\/portal-de-transparencia\/"]}]},{"@type":"BreadcrumbList","@id":"https:\/\/www.fvb.cat\/es\/portal-de-transparencia\/#breadcrumb","itemListElement":[{"@type":"ListItem","position":1,"name":"Inici","item":"https:\/\/www.fvb.cat\/es\/"},{"@type":"ListItem","position":2,"name":"Portal de transparencia"}]},{"@type":"WebSite","@id":"https:\/\/www.fvb.cat\/es\/#website","url":"https:\/\/www.fvb.cat\/es\/","name":"Fundaci\u00f3 Vidal i Barraquer","description":"Asistencia, docencia e investigaci\u00f3n en Salud Mental","publisher":{"@id":"https:\/\/www.fvb.cat\/es\/#organization"},"potentialAction":[{"@type":"SearchAction","target":{"@type":"EntryPoint","urlTemplate":"https:\/\/www.fvb.cat\/es\/?s={search_term_string}"},"query-input":"required name=search_term_string"}],"inLanguage":"es"},{"@type":"Organization","@id":"https:\/\/www.fvb.cat\/es\/#organization","name":"Fundaci\u00f3 Vidal i Barraquer","url":"https:\/\/www.fvb.cat\/es\/","logo":{"@type":"ImageObject","inLanguage":"es","@id":"https:\/\/www.fvb.cat\/es\/#\/schema\/logo\/image\/","url":"https:\/\/www.fvb.cat\/wp-content\/uploads\/2024\/05\/logo-vidal-i-barrauqer-60-aniversari.jpg","contentUrl":"https:\/\/www.fvb.cat\/wp-content\/uploads\/2024\/05\/logo-vidal-i-barrauqer-60-aniversari.jpg","width":2125,"height":703,"caption":"Fundaci\u00f3 Vidal i Barraquer"},"image":{"@id":"https:\/\/www.fvb.cat\/es\/#\/schema\/logo\/image\/"}}]}},"_links":{"self":[{"href":"https:\/\/www.fvb.cat\/es\/wp-json\/wp\/v2\/pages\/5878"}],"collection":[{"href":"https:\/\/www.fvb.cat\/es\/wp-json\/wp\/v2\/pages"}],"about":[{"href":"https:\/\/www.fvb.cat\/es\/wp-json\/wp\/v2\/types\/page"}],"author":[{"embeddable":true,"href":"https:\/\/www.fvb.cat\/es\/wp-json\/wp\/v2\/users\/1"}],"replies":[{"embeddable":true,"href":"https:\/\/www.fvb.cat\/es\/wp-json\/wp\/v2\/comments?post=5878"}],"version-history":[{"count":38,"href":"https:\/\/www.fvb.cat\/es\/wp-json\/wp\/v2\/pages\/5878\/revisions"}],"predecessor-version":[{"id":18141,"href":"https:\/\/www.fvb.cat\/es\/wp-json\/wp\/v2\/pages\/5878\/revisions\/18141"}],"wp:attachment":[{"href":"https:\/\/www.fvb.cat\/es\/wp-json\/wp\/v2\/media?parent=5878"}],"curies":[{"name":"wp","href":"https:\/\/api.w.org\/{rel}","templated":true}]}}