{"id":5874,"date":"2017-04-20T07:45:46","date_gmt":"2017-04-20T06:45:46","guid":{"rendered":"http:\/\/www.fvb.cat\/?page_id=5874"},"modified":"2025-12-19T11:07:33","modified_gmt":"2025-12-19T10:07:33","slug":"docencia","status":"publish","type":"page","link":"https:\/\/www.fvb.cat\/es\/docencia\/","title":{"rendered":"Docencia"},"content":{"rendered":"<section class=\"l-section wpb_row height_medium\"><div class=\"l-section-h i-cf\"><div class=\"g-cols type_default valign_top\"><div class=\"vc_col-sm-12 wpb_column vc_column_container\"><div class=\"vc_column-inner\"><div class=\"wpb_wrapper\"><div class=\"wpb_text_column \"><div class=\"wpb_wrapper\">\n<h1>CURSO <strong>2025-26<\/strong><\/h1>\n<\/div> <\/div> <div class=\"g-cols wpb_row type_default valign_top vc_inner \"><div class=\"vc_col-sm-8 wpb_column vc_column_container\"><div class=\"vc_column-inner\"><div class=\"wpb_wrapper\"><div class=\"wpb_text_column \"><div class=\"wpb_wrapper\"><p>Los programas de posgrado (m\u00e1ster, especializaci\u00f3n y experiencia) tienen la finalidad de ofrecer una formaci\u00f3n avanzada para conseguir una\u00a0especializaci\u00f3n acad\u00e9mica y\/o profesional. De acuerdo con esta finalidad y con las necesidades espec\u00edficas de la formaci\u00f3n de profesionales en el \u00e1mbito de la salud mental, nuestros programas articulan\u00a0profesionalizaci\u00f3n y investigaci\u00f3n, tanto en \u00e1mbitos asistenciales\u00a0p\u00fablicos como privados. Este hecho queda reflejado en los contenidos te\u00f3ricos y t\u00e9cnicos, en la experiencia de los docentes y tutores, as\u00ed como en el programa de pr\u00e1cticas mediante los centros colaboradores.<\/p>\n<p>Actualmente, todos los programes formativos est\u00e1n adaptados al Espacio Europeo de Educaci\u00f3n Superior,\u00a0donde la evaluaci\u00f3n es continua y la carga lectiva se calcula en cr\u00e9ditos ECTS (<em>European Credit Transfer System<\/em>). Un cr\u00e9dito equivale a 25 horas de trabajo y se contabilizan las horas de asistencia a clase, de elaboraci\u00f3n de trabajos, de estudio, de pr\u00e1cticas, de pruebas de evaluaci\u00f3n y de tutor\u00eda con los profesores.<\/p>\n<p>Idiomas de docencia:\u00a0catal\u00e1n y castellano.<\/p><\/div> <\/div> <\/div><\/div><\/div><div class=\"vc_col-sm-4 wpb_column vc_column_container\"><div class=\"vc_column-inner\"><div class=\"wpb_wrapper\"><div class=\"w-image\"><div class=\"us-frame\"><img loading=\"lazy\" decoding=\"async\" width=\"1024\" height=\"607\" src=\"https:\/\/www.fvb.cat\/wp-content\/uploads\/2025\/12\/IUVB_CAST-1024x607.png\" class=\"attachment-large size-large\" alt=\"\" srcset=\"https:\/\/www.fvb.cat\/wp-content\/uploads\/2025\/12\/IUVB_CAST-1024x607.png 1024w, https:\/\/www.fvb.cat\/wp-content\/uploads\/2025\/12\/IUVB_CAST-300x178.png 300w, https:\/\/www.fvb.cat\/wp-content\/uploads\/2025\/12\/IUVB_CAST-768x455.png 768w, https:\/\/www.fvb.cat\/wp-content\/uploads\/2025\/12\/IUVB_CAST-1536x910.png 1536w, https:\/\/www.fvb.cat\/wp-content\/uploads\/2025\/12\/IUVB_CAST-2048x1214.png 2048w, https:\/\/www.fvb.cat\/wp-content\/uploads\/2025\/12\/IUVB_CAST-320x190.png 320w, https:\/\/www.fvb.cat\/wp-content\/uploads\/2025\/12\/IUVB_CAST-480x284.png 480w, https:\/\/www.fvb.cat\/wp-content\/uploads\/2025\/12\/IUVB_CAST-800x474.png 800w, https:\/\/www.fvb.cat\/wp-content\/uploads\/2025\/12\/IUVB_CAST-600x356.png 600w\" sizes=\"(max-width: 1024px) 100vw, 1024px\" \/><\/div><\/div><\/div><\/div><\/div><\/div><\/div><\/div><\/div><\/div><\/div><\/section><section class=\"l-section wpb_row height_medium\"><div class=\"l-section-h i-cf\"><div class=\"g-cols type_default valign_top\"><div class=\"vc_col-sm-4 wpb_column vc_column_container\"><div class=\"vc_column-inner\"><div class=\"wpb_wrapper\"><div class=\"wpb_text_column  ib-home\"><div class=\"wpb_wrapper\">\n<h4 class=\"w-iconbox-title\">M\u00c1STERS<\/h4>\n<\/div> <\/div> <div class=\"wpb_text_column \"><div class=\"wpb_wrapper\"><strong><a href=\"http:\/\/www.fvb.cat\/es\/docencia\/master-formacion-permanente-psicoterapia-psicodinamica-en-la-perinatalidad-la-infancia-y-adolescencia\/\">M\u00e1ster en Formaci\u00f3n Permanente en Psicoterapia Psicodin\u00e1mica en la Perinatalidad, la Infancia y la Adolescencia<\/a><\/strong><\/div> <\/div> <div class=\"wpb_text_column  myp-link\"><div class=\"wpb_wrapper\"><a href=\"https:\/\/www.fvb.cat\/es\/docencia\/master-formacion-permanente-psicoterapia-psicoanalitica-contemporanea-2024\/\"><strong>M\u00e1ster de Formaci\u00f3n Permanente en Psicoterapia Psicoanal\u00edtica Contempor\u00e1nea<\/strong><\/a><\/div> <\/div> <div class=\"wpb_text_column  myp-link\"><div class=\"wpb_wrapper\"><a href=\"http:\/\/www.fvb.cat\/docencia\/master-en-psicologia-general-sanitaria\/\"><strong>M\u00e1ster Universitario en Psicolog\u00eda General Sanitaria<\/strong><\/a><\/div> <\/div> <div class=\"wpb_text_column  myp-link\"><div class=\"wpb_wrapper\"><a href=\"http:\/\/www.fvb.cat\/docencia\/master-en-terapia-familiar\/\"><strong>M\u00e1ster de Formaci\u00f3n Permanente en Terapia Familiar<\/strong><\/a><\/div> <\/div> <div class=\"wpb_text_column  myp-link\"><div class=\"wpb_wrapper\"><strong><a href=\"https:\/\/www.fvb.cat\/es\/docencia\/master-de-formacion-permanente-espiritualidad-transcultural\/\">M\u00e1ster de Formaci\u00f3n Permanente en Espiritualidad Transcultural<\/a><\/strong><\/div> <\/div> <\/div><\/div><\/div><div class=\"vc_col-sm-4 wpb_column vc_column_container\"><div class=\"vc_column-inner\"><div class=\"wpb_wrapper\"><div class=\"wpb_text_column  ib-home\"><div class=\"wpb_wrapper\">\n<h4 class=\"w-iconbox-title\">T\u00cdTULO DE EXPERTO<\/h4>\n<\/div> <\/div> <div class=\"wpb_text_column  myp-link\"><div class=\"wpb_wrapper\"><a href=\"https:\/\/www.fvb.cat\/es\/docencia\/curso-experto-universitario-acompanamiento-espiritual-2024-2025\/\"><strong>T\u00edtulo de Experto Universitario en Acompa\u00f1amiento Espiritual<\/strong><\/a><\/div> <\/div> <\/div><\/div><\/div><div class=\"vc_col-sm-4 wpb_column vc_column_container\"><div class=\"vc_column-inner\"><div class=\"wpb_wrapper\"><div class=\"wpb_text_column  ib-home\"><div class=\"wpb_wrapper\">\n<h4 class=\"w-iconbox-title\">CURSOS<\/h4>\n<\/div> <\/div> <div class=\"wpb_text_column  myp-link\"><div class=\"wpb_wrapper\"><a href=\"https:\/\/www.fvb.cat\/es\/docencia\/formacion-continuada\/\" target=\"_blank\" rel=\"noopener\"><strong>Formaci\u00f3n \u2013 AMBIT Multi-Team Training<\/strong><\/a><\/div> <\/div> <div class=\"wpb_text_column  myp-link\"><div class=\"wpb_wrapper\"><a href=\"https:\/\/www.fvb.cat\/es\/docencia\/cursos-espiritualidad-2\"><strong>Formaci\u00f3n Continuada en Psicoterapia<\/strong><\/a><\/div> <\/div> <div class=\"wpb_text_column \"><div class=\"wpb_wrapper\"><strong><a href=\"https:\/\/www.fvb.cat\/es\/docencia\/formacion-continuada-espiritualidad\/\">Formaci\u00f3n Continuada en Espiritualidad<\/a><\/strong><\/div> <\/div> <\/div><\/div><\/div><div class=\"vc_col-sm-12 wpb_column vc_column_container\"><div class=\"vc_column-inner\"><div class=\"wpb_wrapper\"><div class=\"w-separator type_default size_medium thick_5 style_solid color_border cont_none\"><span class=\"w-separator-h\"><\/span><\/div><div class=\"wpb_text_column \"><div class=\"wpb_wrapper\">\n<h4><strong>Inf\u00f3rmarte<\/strong> sobre nuestros servicios\u00a0de <strong>lunes a viernes de 15:30h. a 21:00h.<\/strong><\/h4>\n<h4><img loading=\"lazy\" decoding=\"async\" class=\"alignnone wp-image-9960\" src=\"https:\/\/www.fvb.cat\/wp-content\/uploads\/2021\/06\/whatsapp-150x150.png\" alt=\"\" width=\"25\" height=\"25\" srcset=\"https:\/\/www.fvb.cat\/wp-content\/uploads\/2021\/06\/whatsapp-150x150.png 150w, https:\/\/www.fvb.cat\/wp-content\/uploads\/2021\/06\/whatsapp-100x100.png 100w, https:\/\/www.fvb.cat\/wp-content\/uploads\/2021\/06\/whatsapp.png 155w\" sizes=\"(max-width: 25px) 100vw, 25px\" \/>\u00a0 +34 670 26 32 84 \u00a0\u00a0<img loading=\"lazy\" decoding=\"async\" class=\"alignnone wp-image-10030\" src=\"https:\/\/www.fvb.cat\/wp-content\/uploads\/2021\/06\/telefon.png\" alt=\"\" width=\"31\" height=\"23\" \/>\u00a0934 340 001 \u00a0o escr\u00edbenos a <strong>docencia@fvb.cat<\/strong><\/h4>\n<\/div> <\/div> <div class=\"wpb_text_column \"><div class=\"wpb_wrapper\">\n<h4><\/h4>\n<h4><strong>S\u00edguenos en las redes sociales del IUSM VB &#8211; URL<\/strong><\/h4>\n<\/div> <\/div> <div class=\"w-socials align_left style_outlined color_link index_2\" style=\"font-size:25px;\"><div class=\"w-socials-list\"><div class=\"w-socials-item email\">\n\t\t\t\t<a class=\"w-socials-item-link\" target=\"_blank\" href=\"mailto:docencia@fvb.cat\">\n\t\t\t\t\t<span class=\"w-socials-item-link-hover\"><\/span>\n\t\t\t\t<\/a>\n\t\t\t\t<div class=\"w-socials-item-popup\">\n\t\t\t\t\t<span>Email<\/span>\n\t\t\t\t<\/div>\n\t\t\t<\/div><div class=\"w-socials-item facebook\">\n\t\t\t\t<a class=\"w-socials-item-link\" target=\"_blank\" href=\"https:\/\/www.facebook.com\/IUSalutMentalVB\">\n\t\t\t\t\t<span class=\"w-socials-item-link-hover\"><\/span>\n\t\t\t\t<\/a>\n\t\t\t\t<div class=\"w-socials-item-popup\">\n\t\t\t\t\t<span>Facebook<\/span>\n\t\t\t\t<\/div>\n\t\t\t<\/div><div class=\"w-socials-item twitter\">\n\t\t\t\t<a class=\"w-socials-item-link\" target=\"_blank\" href=\"https:\/\/twitter.com\/IUSalutMentalVB\">\n\t\t\t\t\t<span class=\"w-socials-item-link-hover\"><\/span>\n\t\t\t\t<\/a>\n\t\t\t\t<div class=\"w-socials-item-popup\">\n\t\t\t\t\t<span>Twitter<\/span>\n\t\t\t\t<\/div>\n\t\t\t<\/div><div class=\"w-socials-item youtube\">\n\t\t\t\t<a class=\"w-socials-item-link\" target=\"_blank\" href=\"https:\/\/www.youtube.com\/channel\/UCQ4UXxgNU7lWsnRU1w-nxbQ\">\n\t\t\t\t\t<span class=\"w-socials-item-link-hover\"><\/span>\n\t\t\t\t<\/a>\n\t\t\t\t<div class=\"w-socials-item-popup\">\n\t\t\t\t\t<span>YouTube<\/span>\n\t\t\t\t<\/div>\n\t\t\t<\/div><div class=\"w-socials-item instagram\">\n\t\t\t\t<a class=\"w-socials-item-link\" target=\"_blank\" href=\"https:\/\/www.instagram.com\/iusalutmentalvb\/\">\n\t\t\t\t\t<span class=\"w-socials-item-link-hover\"><\/span>\n\t\t\t\t<\/a>\n\t\t\t\t<div class=\"w-socials-item-popup\">\n\t\t\t\t\t<span>Instagram<\/span>\n\t\t\t\t<\/div>\n\t\t\t<\/div><\/div><\/div><\/div><\/div><\/div><\/div><\/div><\/section>","protected":false},"excerpt":{"rendered":"Fundaci\u00f3n Vidal i Barraquer Somos una instituci\u00f3n creada en 1964 y dedicada...","protected":false},"author":1,"featured_media":0,"parent":0,"menu_order":0,"comment_status":"closed","ping_status":"closed","template":"","meta":{"footnotes":""},"yoast_head":"<!-- This site is optimized with the Yoast SEO plugin v22.6 - https:\/\/yoast.com\/wordpress\/plugins\/seo\/ -->\n<title>Docencia  - Fundaci\u00f3 Vidal i Barraquer<\/title>\n<meta name=\"robots\" content=\"index, follow, max-snippet:-1, max-image-preview:large, max-video-preview:-1\" \/>\n<link rel=\"canonical\" href=\"https:\/\/www.fvb.cat\/es\/docencia\/\" \/>\n<meta property=\"og:locale\" content=\"es_ES\" \/>\n<meta property=\"og:type\" content=\"article\" \/>\n<meta property=\"og:title\" content=\"[:ca]Doc\u00e8ncia [:es]Docencia [:] - Fundaci\u00f3 Vidal i Barraquer\" \/>\n<meta property=\"og:url\" content=\"https:\/\/www.fvb.cat\/es\/docencia\/\" \/>\n<meta property=\"og:site_name\" content=\"Fundaci\u00f3 Vidal i Barraquer\" \/>\n<meta property=\"article:modified_time\" content=\"2025-12-19T10:07:33+00:00\" \/>\n<meta property=\"og:image\" content=\"https:\/\/www.fvb.cat\/wp-content\/uploads\/2021\/06\/whatsapp.png\" \/>\n<meta name=\"twitter:card\" content=\"summary_large_image\" \/>\n<meta name=\"twitter:label1\" content=\"Tiempo de lectura\" \/>\n\t<meta name=\"twitter:data1\" content=\"2 minutos\" \/>\n<script type=\"application\/ld+json\" class=\"yoast-schema-graph\">{\"@context\":\"https:\/\/schema.org\",\"@graph\":[{\"@type\":\"WebPage\",\"@id\":\"https:\/\/www.fvb.cat\/es\/docencia\/\",\"url\":\"https:\/\/www.fvb.cat\/es\/docencia\/\",\"name\":\"[:ca]Doc\u00e8ncia [:es]Docencia [:] - Fundaci\u00f3 Vidal i Barraquer\",\"isPartOf\":{\"@id\":\"https:\/\/www.fvb.cat\/es\/#website\"},\"primaryImageOfPage\":{\"@id\":\"https:\/\/www.fvb.cat\/es\/docencia\/#primaryimage\"},\"image\":{\"@id\":\"https:\/\/www.fvb.cat\/es\/docencia\/#primaryimage\"},\"thumbnailUrl\":\"https:\/\/www.fvb.cat\/wp-content\/uploads\/2021\/06\/whatsapp.png\",\"datePublished\":\"2017-04-20T06:45:46+00:00\",\"dateModified\":\"2025-12-19T10:07:33+00:00\",\"breadcrumb\":{\"@id\":\"https:\/\/www.fvb.cat\/es\/docencia\/#breadcrumb\"},\"inLanguage\":\"es\",\"potentialAction\":[{\"@type\":\"ReadAction\",\"target\":[\"https:\/\/www.fvb.cat\/es\/docencia\/\"]}]},{\"@type\":\"ImageObject\",\"inLanguage\":\"es\",\"@id\":\"https:\/\/www.fvb.cat\/es\/docencia\/#primaryimage\",\"url\":\"https:\/\/www.fvb.cat\/wp-content\/uploads\/2021\/06\/whatsapp.png\",\"contentUrl\":\"https:\/\/www.fvb.cat\/wp-content\/uploads\/2021\/06\/whatsapp.png\"},{\"@type\":\"BreadcrumbList\",\"@id\":\"https:\/\/www.fvb.cat\/es\/docencia\/#breadcrumb\",\"itemListElement\":[{\"@type\":\"ListItem\",\"position\":1,\"name\":\"Inici\",\"item\":\"https:\/\/www.fvb.cat\/es\/\"},{\"@type\":\"ListItem\",\"position\":2,\"name\":\"Docencia\"}]},{\"@type\":\"WebSite\",\"@id\":\"https:\/\/www.fvb.cat\/es\/#website\",\"url\":\"https:\/\/www.fvb.cat\/es\/\",\"name\":\"Fundaci\u00f3 Vidal i Barraquer\",\"description\":\"Asistencia, docencia e investigaci\u00f3n en Salud Mental\",\"publisher\":{\"@id\":\"https:\/\/www.fvb.cat\/es\/#organization\"},\"potentialAction\":[{\"@type\":\"SearchAction\",\"target\":{\"@type\":\"EntryPoint\",\"urlTemplate\":\"https:\/\/www.fvb.cat\/es\/?s={search_term_string}\"},\"query-input\":\"required name=search_term_string\"}],\"inLanguage\":\"es\"},{\"@type\":\"Organization\",\"@id\":\"https:\/\/www.fvb.cat\/es\/#organization\",\"name\":\"Fundaci\u00f3 Vidal i Barraquer\",\"url\":\"https:\/\/www.fvb.cat\/es\/\",\"logo\":{\"@type\":\"ImageObject\",\"inLanguage\":\"es\",\"@id\":\"https:\/\/www.fvb.cat\/es\/#\/schema\/logo\/image\/\",\"url\":\"https:\/\/www.fvb.cat\/wp-content\/uploads\/2024\/05\/logo-vidal-i-barrauqer-60-aniversari.jpg\",\"contentUrl\":\"https:\/\/www.fvb.cat\/wp-content\/uploads\/2024\/05\/logo-vidal-i-barrauqer-60-aniversari.jpg\",\"width\":2125,\"height\":703,\"caption\":\"Fundaci\u00f3 Vidal i Barraquer\"},\"image\":{\"@id\":\"https:\/\/www.fvb.cat\/es\/#\/schema\/logo\/image\/\"}}]}<\/script>\n<!-- \/ Yoast SEO plugin. -->","yoast_head_json":{"title":"[:ca]Doc\u00e8ncia [:es]Docencia [:] - Fundaci\u00f3 Vidal i Barraquer","robots":{"index":"index","follow":"follow","max-snippet":"max-snippet:-1","max-image-preview":"max-image-preview:large","max-video-preview":"max-video-preview:-1"},"canonical":"https:\/\/www.fvb.cat\/es\/docencia\/","og_locale":"es_ES","og_type":"article","og_title":"[:ca]Doc\u00e8ncia [:es]Docencia [:] - Fundaci\u00f3 Vidal i Barraquer","og_url":"https:\/\/www.fvb.cat\/es\/docencia\/","og_site_name":"Fundaci\u00f3 Vidal i Barraquer","article_modified_time":"2025-12-19T10:07:33+00:00","og_image":[{"url":"https:\/\/www.fvb.cat\/wp-content\/uploads\/2021\/06\/whatsapp.png"}],"twitter_card":"summary_large_image","twitter_misc":{"Tiempo de lectura":"2 minutos"},"schema":{"@context":"https:\/\/schema.org","@graph":[{"@type":"WebPage","@id":"https:\/\/www.fvb.cat\/es\/docencia\/","url":"https:\/\/www.fvb.cat\/es\/docencia\/","name":"[:ca]Doc\u00e8ncia [:es]Docencia [:] - Fundaci\u00f3 Vidal i Barraquer","isPartOf":{"@id":"https:\/\/www.fvb.cat\/es\/#website"},"primaryImageOfPage":{"@id":"https:\/\/www.fvb.cat\/es\/docencia\/#primaryimage"},"image":{"@id":"https:\/\/www.fvb.cat\/es\/docencia\/#primaryimage"},"thumbnailUrl":"https:\/\/www.fvb.cat\/wp-content\/uploads\/2021\/06\/whatsapp.png","datePublished":"2017-04-20T06:45:46+00:00","dateModified":"2025-12-19T10:07:33+00:00","breadcrumb":{"@id":"https:\/\/www.fvb.cat\/es\/docencia\/#breadcrumb"},"inLanguage":"es","potentialAction":[{"@type":"ReadAction","target":["https:\/\/www.fvb.cat\/es\/docencia\/"]}]},{"@type":"ImageObject","inLanguage":"es","@id":"https:\/\/www.fvb.cat\/es\/docencia\/#primaryimage","url":"https:\/\/www.fvb.cat\/wp-content\/uploads\/2021\/06\/whatsapp.png","contentUrl":"https:\/\/www.fvb.cat\/wp-content\/uploads\/2021\/06\/whatsapp.png"},{"@type":"BreadcrumbList","@id":"https:\/\/www.fvb.cat\/es\/docencia\/#breadcrumb","itemListElement":[{"@type":"ListItem","position":1,"name":"Inici","item":"https:\/\/www.fvb.cat\/es\/"},{"@type":"ListItem","position":2,"name":"Docencia"}]},{"@type":"WebSite","@id":"https:\/\/www.fvb.cat\/es\/#website","url":"https:\/\/www.fvb.cat\/es\/","name":"Fundaci\u00f3 Vidal i Barraquer","description":"Asistencia, docencia e investigaci\u00f3n en Salud Mental","publisher":{"@id":"https:\/\/www.fvb.cat\/es\/#organization"},"potentialAction":[{"@type":"SearchAction","target":{"@type":"EntryPoint","urlTemplate":"https:\/\/www.fvb.cat\/es\/?s={search_term_string}"},"query-input":"required name=search_term_string"}],"inLanguage":"es"},{"@type":"Organization","@id":"https:\/\/www.fvb.cat\/es\/#organization","name":"Fundaci\u00f3 Vidal i Barraquer","url":"https:\/\/www.fvb.cat\/es\/","logo":{"@type":"ImageObject","inLanguage":"es","@id":"https:\/\/www.fvb.cat\/es\/#\/schema\/logo\/image\/","url":"https:\/\/www.fvb.cat\/wp-content\/uploads\/2024\/05\/logo-vidal-i-barrauqer-60-aniversari.jpg","contentUrl":"https:\/\/www.fvb.cat\/wp-content\/uploads\/2024\/05\/logo-vidal-i-barrauqer-60-aniversari.jpg","width":2125,"height":703,"caption":"Fundaci\u00f3 Vidal i Barraquer"},"image":{"@id":"https:\/\/www.fvb.cat\/es\/#\/schema\/logo\/image\/"}}]}},"_links":{"self":[{"href":"https:\/\/www.fvb.cat\/es\/wp-json\/wp\/v2\/pages\/5874"}],"collection":[{"href":"https:\/\/www.fvb.cat\/es\/wp-json\/wp\/v2\/pages"}],"about":[{"href":"https:\/\/www.fvb.cat\/es\/wp-json\/wp\/v2\/types\/page"}],"author":[{"embeddable":true,"href":"https:\/\/www.fvb.cat\/es\/wp-json\/wp\/v2\/users\/1"}],"replies":[{"embeddable":true,"href":"https:\/\/www.fvb.cat\/es\/wp-json\/wp\/v2\/comments?post=5874"}],"version-history":[{"count":277,"href":"https:\/\/www.fvb.cat\/es\/wp-json\/wp\/v2\/pages\/5874\/revisions"}],"predecessor-version":[{"id":18015,"href":"https:\/\/www.fvb.cat\/es\/wp-json\/wp\/v2\/pages\/5874\/revisions\/18015"}],"wp:attachment":[{"href":"https:\/\/www.fvb.cat\/es\/wp-json\/wp\/v2\/media?parent=5874"}],"curies":[{"name":"wp","href":"https:\/\/api.w.org\/{rel}","templated":true}]}}