{"id":18214,"date":"2026-02-17T12:25:36","date_gmt":"2026-02-17T11:25:36","guid":{"rendered":"https:\/\/www.fvb.cat\/es\/?page_id=18214"},"modified":"2026-03-18T14:54:06","modified_gmt":"2026-03-18T13:54:06","slug":"50-aniversari-unitat-de-parella-i-familia","status":"publish","type":"page","link":"https:\/\/www.fvb.cat\/es\/50-aniversario-upyf\/","title":{"rendered":"50 ANIVERSARIO UNIDAD DE PAREJA Y FAMILIA"},"content":{"rendered":"<section class=\"l-section wpb_row height_medium\"><div class=\"l-section-h i-cf\"><div class=\"g-cols type_default valign_top\"><div class=\"vc_col-sm-8 wpb_column vc_column_container\"><div class=\"vc_column-inner\"><div class=\"wpb_wrapper\"><div class=\"wpb_text_column \"><div class=\"wpb_wrapper\"><p>La <strong>Unitat de Parella i Fam\u00edlia (UPiF)<\/strong> \u00e9s una unitat cl\u00ednica, docent i de recerca creada l\u2019any 1976 per un grup de professionals\u00a0 de salut mental del <strong>Centre M\u00e8dic Psicol\u00f2gic de la Fundaci\u00f3 Vidal i Barraquer<\/strong>. Des dels seus inicis, la Unitat s\u2019ha especialitzat en l\u2019avaluaci\u00f3, i la psicoter\u00e0pia de parelles i fam\u00edlies que afronten dificultats emocionals, relacionals o de comunicaci\u00f3. El seu principal objectiu ha estat sempre promoure el benestar psicol\u00f2gic, fomentant el di\u00e0leg, la reflexi\u00f3 i la responsabilitat m\u00fatua.<\/p>\n<p>Fa prop de 50 anys, <strong>Jordi Font, Antoni Bob\u00e9 i Josep Be\u00e0<\/strong> van liderar el grup de treball que, en una primera etapa, es va anomenar <strong>Seminari de Parella i Fam\u00edlia<\/strong>, i que posteriorment donaria lloc a la UPiF. Es tracta, per tant, d\u2019una unitat pionera al nostre pa\u00eds en aquest \u00e0mbit.<\/p>\n<p>Amb motiu d\u2019aquesta efem\u00e8ride, <strong>volem celebrar,<\/strong> juntament amb els ponents i tots els assistents a la Jornada -tant presencials com virtuals-, <strong>la traject\u00f2ria de la Unitat i retre homenatge als seus tres fundadors i als primers membres del grup: Pere Castellv\u00ed, Antoni Gomis, Enrique de la Lama, Jos\u00e9 Manuel D\u00edaz Munguira, Ana Garre, Roser Font i Miguel \u00c1lvarez.<\/strong> Tots ells van ser el germen del treball amb parelles i fam\u00edlies que avui continua desenvolupant-se a la Fundaci\u00f3 Vidal i Barraquer.<\/p>\n<p>Aix\u00ed mateix, aprofitarem aquesta trobada per reflexionar sobre els models actuals d\u2019atenci\u00f3 a les fam\u00edlies dins de l\u2019assist\u00e8ncia p\u00fablica, analitzant les seves aportacions, reptes i perspectives de futur. D\u2019aquesta manera, volem establir una atenci\u00f3 integral, accessible i de qualitat per a totes les fam\u00edlies.<\/p>\n<p>Finalment, <strong>ser\u00e0 una ocasi\u00f3 per recordar i agrair la tasca de Guillermo Teruel, Henry Dicks, Donald Meltzer i Marta Harris<\/strong>. El seu i inspiraci\u00f3, ens ha acompanyat i enriquit al llarg d\u2019aquests anys.<\/p><\/div> <\/div> <\/div><\/div><\/div><div class=\"vc_col-sm-4 wpb_column vc_column_container has-fill\"><div class=\"vc_column-inner  vc_custom_1771579485724 color_custom\" style=\"color:#000000;\"><div class=\"wpb_wrapper\"><div class=\"w-actionbox color_custom controls_bottom\" style=\"color:#000000;\"><div class=\"w-actionbox-text\"><h2>INSCRIPCI\u00d3N A LA JORNADA <\/h2><\/div><div class=\"w-actionbox-controls\"><a class=\"w-btn color_white style_solid icon_none\" href=\"https:\/\/forms.office.com\/e\/Q1dnB63rVQ?origin=lprLink\" target=\"_blank\"><span class=\"w-btn-label\">INSCR\u00cdBETE<\/span><\/a><\/div><\/div><div class=\"w-separator type_default size_medium thick_1 style_solid color_border cont_none\"><span class=\"w-separator-h\"><\/span><\/div><div class=\"wpb_text_column \"><div class=\"wpb_wrapper\"><strong>La inscripci\u00f3n a la Jornada es gratuita pero obligatoria.\u00a0<\/strong><\/p>\n<p>El aforo <strong>presencial<\/strong> est\u00e1 completo, pero la inscripci\u00f3n <strong>online<\/strong> sigue abierta.<\/div> <\/div> <div class=\"w-separator type_default size_medium thick_1 style_solid color_border cont_none\"><span class=\"w-separator-h\"><\/span><\/div><div class=\"w-btn-wrapper align_center\"><a class=\"w-btn style_outlined color_midnight icon_none\" href=\"http:\/\/www.fvb.cat\/wp-content\/uploads\/2026\/02\/PROGRAMA-UPiF-50-ANIVERSARIO-CAST-3.pdf\" target=\"_blank\"><span class=\"w-btn-label\">DESC\u00c1RGATE EL PROGRAMA <\/span><\/a><\/div><\/div><\/div><\/div><\/div><\/div><\/section><section class=\"l-section wpb_row height_medium\"><div class=\"l-section-h i-cf\"><div class=\"g-cols type_default valign_top\"><div class=\"vc_col-sm-12 wpb_column vc_column_container\"><div class=\"vc_column-inner\"><div class=\"wpb_wrapper\"><div class=\"wpb_text_column \"><div class=\"wpb_wrapper\">\n<h3><strong>Programa<\/strong><\/h3>\n<\/div> <\/div> <div class=\"wpb_text_column \"><div class=\"wpb_wrapper\"><span style=\"color: #847bb1;\"><strong>8:30 h:<\/strong><\/span> Acreditaci\u00f3n a la Jornada<\/div> <\/div> <div class=\"wpb_text_column \"><div class=\"wpb_wrapper\"><span style=\"color: #847bb1;\"><strong>9:00 h:<\/strong> <\/span>Inauguraci\u00f3n de la Jornada<\/p>\n<ul>\n<li>\u00a0<strong>Xavier Trias i Vidal de Llobatera.\u00a0<\/strong>Presidente del Patronato de la Fundaci\u00f3n Vidal i Barraquer (FVB)<\/li>\n<li><strong>Carles P\u00e9rez Testor.\u00a0<\/strong>Rector de la Universidad Ramon Llull (URL)<\/li>\n<li><strong>Francesc Vilurbina i Font.\u00a0<\/strong>Director General de la Fundaci\u00f3 Vidal i Barraquer (FVB)<\/li>\n<\/ul>\n<\/div> <\/div> <div class=\"wpb_text_column \"><div class=\"wpb_wrapper\"><span style=\"color: #847bb1;\"><strong>9:15 h:<\/strong><\/span> Primera Ponencia &#8211; La Unidad de Pareja y Familia (UPyF) 1976 &#8211; 2026<\/p>\n<ul>\n<li><strong>Carles P\u00e9rez Testor.\u00a0<\/strong>Rector de la Universidad Ramon Llull (URL)<\/li>\n<\/ul>\n<p><span style=\"color: #847bb1;\"><strong>MODERA:<\/strong> Anna Romagosa<\/span><\/div> <\/div> <div class=\"wpb_text_column \"><div class=\"wpb_wrapper\"><span style=\"color: #847bb1;\"><strong>10:00 h:<\/strong><\/span> Primera Mesa Redonada &#8211; El presente y el futuro de la UPyF<\/p>\n<ul>\n<li><strong>Cristina Nofuentes.<\/strong> Atenci\u00f3n a las Parejas<\/li>\n<li><strong>Maria Rosa Coca.<\/strong> Atenci\u00f3n a las Familias<\/li>\n<li><strong>Eva de Quadras.<\/strong> Unidad Docente de Intervenci\u00f3n Familiar<\/li>\n<\/ul>\n<p><span style=\"color: #847bb1;\"><strong>MODERA:<\/strong> In\u00e9s Aramburu<\/span><\/div> <\/div> <div class=\"wpb_text_column \"><div class=\"wpb_wrapper\"><span style=\"color: #887bb1;\"><strong>11:00 h:<\/strong><\/span> Pausa caf\u00e9<\/div> <\/div> <div class=\"wpb_text_column \"><div class=\"wpb_wrapper\"><span style=\"color: #887bb1;\"><strong>11: 30h:<\/strong><\/span> Segunda Mesa Redonda &#8211; La atenci\u00f3n a las familias de la FVB<\/p>\n<ul>\n<li><strong>Anna Oriol.<\/strong> Equipo Cl\u00ednico de Intervenci\u00f3n a Domicilio (ECID)<\/li>\n<li><strong>Jos\u00e9 Miguel Rib\u00e9.<\/strong> Grupo Multifamiliar con pacientes con diagn\u00f3stico de psicosis<\/li>\n<li><strong>Imke Dachs.<\/strong> Intervenciones familiares con hijos en edades tempranas<\/li>\n<li><strong>Judith Gallego.<\/strong> Talleres multifamiliares\u00a0<em>Kidstime<\/em><\/li>\n<li><strong>Marta San Martino.<\/strong> Grupo de crianza en la\u00a0<em>UNADOM<\/em><\/li>\n<\/ul>\n<p><span style=\"color: #887bb1;\"><strong>MODERA:<\/strong> Francesca Asensio<\/span><\/div> <\/div> <div class=\"wpb_text_column \"><div class=\"wpb_wrapper\"><span style=\"color: #887bb1;\"><strong>13:00 h:<\/strong><\/span> Segunda Ponencia &#8211; Perspectivas de futuro de la Psicoterapia Psicoanal\u00edtica de Pareja y Familia<\/p>\n<ul>\n<li><strong>Elizabeth Palacios.<\/strong> Psicoanalista de la APM (IPA). Coordinadora del The IPA Committee on Family and Couple Psychoanalysis (COFAP)<\/li>\n<\/ul>\n<p><span style=\"color: #887bb1;\"><strong>MODERA:<\/strong> Mark Dangerfield<\/span><\/div> <\/div> <\/div><\/div><\/div><\/div><\/div><\/section><section class=\"l-section wpb_row height_medium\"><div class=\"l-section-h i-cf\"><div class=\"g-cols type_default valign_top\"><div class=\"vc_col-sm-2 wpb_column vc_column_container\"><div class=\"vc_column-inner\"><div class=\"wpb_wrapper\"><div class=\"w-image\"><div class=\"us-frame\"><a href=\"https:\/\/www.fvb.cat\/es\/docencia\/\" title=\"\" target=\"_blank\" rel=\"\"><img loading=\"lazy\" decoding=\"async\" width=\"1024\" height=\"607\" src=\"https:\/\/www.fvb.cat\/wp-content\/uploads\/2026\/02\/IUVB_CAT-1024x607.png\" class=\"attachment-large size-large\" alt=\"\" srcset=\"https:\/\/www.fvb.cat\/wp-content\/uploads\/2026\/02\/IUVB_CAT-1024x607.png 1024w, https:\/\/www.fvb.cat\/wp-content\/uploads\/2026\/02\/IUVB_CAT-300x178.png 300w, https:\/\/www.fvb.cat\/wp-content\/uploads\/2026\/02\/IUVB_CAT-768x455.png 768w, https:\/\/www.fvb.cat\/wp-content\/uploads\/2026\/02\/IUVB_CAT-1536x910.png 1536w, https:\/\/www.fvb.cat\/wp-content\/uploads\/2026\/02\/IUVB_CAT-2048x1214.png 2048w, https:\/\/www.fvb.cat\/wp-content\/uploads\/2026\/02\/IUVB_CAT-320x190.png 320w, https:\/\/www.fvb.cat\/wp-content\/uploads\/2026\/02\/IUVB_CAT-480x284.png 480w, https:\/\/www.fvb.cat\/wp-content\/uploads\/2026\/02\/IUVB_CAT-800x474.png 800w, https:\/\/www.fvb.cat\/wp-content\/uploads\/2026\/02\/IUVB_CAT-600x356.png 600w\" sizes=\"(max-width: 1024px) 100vw, 1024px\" \/><\/a><\/div><\/div><\/div><\/div><\/div><div class=\"vc_col-sm-2 wpb_column vc_column_container\"><div class=\"vc_column-inner\"><div class=\"wpb_wrapper\"><div class=\"w-image\"><div class=\"us-frame\"><a href=\"https:\/\/www.fvb.cat\/es\/centro-medico-psicologico-2-2\/\" title=\"\" target=\"_blank\" rel=\"\"><img loading=\"lazy\" decoding=\"async\" width=\"543\" height=\"170\" src=\"https:\/\/www.fvb.cat\/wp-content\/uploads\/2026\/02\/centre-medic-psicologic_PNG.png\" class=\"attachment-large size-large\" alt=\"\" srcset=\"https:\/\/www.fvb.cat\/wp-content\/uploads\/2026\/02\/centre-medic-psicologic_PNG.png 543w, https:\/\/www.fvb.cat\/wp-content\/uploads\/2026\/02\/centre-medic-psicologic_PNG-300x94.png 300w, https:\/\/www.fvb.cat\/wp-content\/uploads\/2026\/02\/centre-medic-psicologic_PNG-320x100.png 320w, https:\/\/www.fvb.cat\/wp-content\/uploads\/2026\/02\/centre-medic-psicologic_PNG-480x150.png 480w\" sizes=\"(max-width: 543px) 100vw, 543px\" \/><\/a><\/div><\/div><\/div><\/div><\/div><div class=\"vc_col-sm-2 wpb_column vc_column_container\"><div class=\"vc_column-inner\"><div class=\"wpb_wrapper\"><div class=\"w-image\"><div class=\"us-frame\"><img loading=\"lazy\" decoding=\"async\" width=\"434\" height=\"629\" src=\"https:\/\/www.fvb.cat\/wp-content\/uploads\/2026\/02\/logotip-50-aniversari-parella-i-familia-1.jpg\" class=\"attachment-large size-large\" alt=\"\" srcset=\"https:\/\/www.fvb.cat\/wp-content\/uploads\/2026\/02\/logotip-50-aniversari-parella-i-familia-1.jpg 434w, https:\/\/www.fvb.cat\/wp-content\/uploads\/2026\/02\/logotip-50-aniversari-parella-i-familia-1-207x300.jpg 207w, https:\/\/www.fvb.cat\/wp-content\/uploads\/2026\/02\/logotip-50-aniversari-parella-i-familia-1-320x464.jpg 320w\" sizes=\"(max-width: 434px) 100vw, 434px\" \/><\/div><\/div><\/div><\/div><\/div><div class=\"vc_col-sm-6 wpb_column vc_column_container\"><div class=\"vc_column-inner\"><div class=\"wpb_wrapper\"><div class=\"w-form for_cform align_left\" id=\"us_form_2\">\n\t<form class=\"w-form-h\" autocomplete=\"off\" action=\"https:\/\/www.fvb.cat\/es\/wp-json\/wp\/v2\/pages\/18214\" method=\"post\">\n\t\t\t\t\t\t\t<div class=\"w-form-row for_name required\">\n\t<div class=\"w-form-row-label\">\n\t\t<label for=\"us_form_2_name\"><\/label>\n\t<\/div>\n\t<div class=\"w-form-row-field\">\n\t\t\t\t<input type=\"text\" name=\"name\" id=\"us_form_2_name\" value=\"\"\n\t\t\t   placeholder=\"Nombre *\" data-required=\"true\" aria-required=\"true\"\/>\n\t\t<span class=\"w-form-row-field-bar\"><\/span>\n\t\t\t<\/div>\n\t<div class=\"w-form-row-state\"><\/div>\n\t<\/div>\n\t\t\t\t\t<div class=\"w-form-row for_email required\">\n\t<div class=\"w-form-row-label\">\n\t\t<label for=\"us_form_2_email\"><\/label>\n\t<\/div>\n\t<div class=\"w-form-row-field\">\n\t\t\t\t<input type=\"email\" name=\"email\" id=\"us_form_2_email\" value=\"\"\n\t\t\t   placeholder=\"Correo electr\u00f3nico *\" data-required=\"true\" aria-required=\"true\"\/>\n\t\t<span class=\"w-form-row-field-bar\"><\/span>\n\t\t\t<\/div>\n\t<div class=\"w-form-row-state\"><\/div>\n\t<\/div>\n\t\t\t\t\t<div class=\"w-form-row for_message required\">\n\t<div class=\"w-form-row-label\">\n\t\t<label for=\"us_form_2_message\"><\/label>\n\t<\/div>\n\t<div class=\"w-form-row-field\">\n\t\t\t\t<textarea name=\"message\" id=\"us_form_2_message\" cols=\"30\" rows=\"10\" placeholder=\"Mensaje *\"\n\t\t\t data-required=\"true\" aria-required=\"true\"><\/textarea>\n\t\t<span class=\"w-form-row-field-bar\"><\/span>\n\t\t\t<\/div>\n\t<div class=\"w-form-row-state\"><\/div>\n\t<\/div>\n\t\t\t\t\t<input type=\"hidden\" name=\"action\" value=\"us_ajax_cform\" \/>\n\t\t\t\t\t<input type=\"hidden\" name=\"post_id\" value=\"18214\" \/>\n\t\t\t\t\t<input type=\"hidden\" name=\"form_index\" value=\"2\" \/>\n\t\t\t\t\t<div class=\"w-form-row for_submit\">\n\t<div class=\"w-form-row-field\">\n\t\t<button class=\"w-btn size_15px color_primary style_solid\" type=\"submit\"><span class=\"g-preloader type_1\"><\/span><span class=\"w-btn-label\">Enviar mensaje<\/span><\/button>\n\t<\/div>\n<\/div>\n\t\t\t\t<div class=\"w-form-message\"><\/div>\n\t\t\t<\/form>\n\t\t\t<div class=\"w-form-json hidden\" onclick='return {&quot;ajaxurl&quot;:&quot;https:\\\/\\\/www.fvb.cat\\\/wp-admin\\\/admin-ajax.php&quot;,&quot;success&quot;:&quot;\\u00a1Gracias! Tu mensaje ha sido enviado correctamente.&quot;,&quot;errors&quot;:{&quot;name&quot;:&quot;Por favor, introduce tu nombre&quot;,&quot;email&quot;:&quot;Por favor, introduce tu direcci\\u00f3n de correo electr\\u00f3nico&quot;,&quot;message&quot;:&quot;Por favor, introduce un mensaje&quot;}}'><\/div>\n\t<\/div>\n<\/div><\/div><\/div><\/div><\/div><\/section>","protected":false},"excerpt":{"rendered":"Fundaci\u00f3n Vidal i Barraquer Somos una instituci\u00f3n creada en 1964 y dedicada...","protected":false},"author":33,"featured_media":0,"parent":0,"menu_order":0,"comment_status":"closed","ping_status":"closed","template":"","meta":{"footnotes":""},"yoast_head":"<!-- This site is optimized with the Yoast SEO plugin v22.6 - https:\/\/yoast.com\/wordpress\/plugins\/seo\/ -->\n<title>50-aniversari-unitat-de-parella-i-familia<\/title>\n<meta name=\"description\" content=\"Una jornada per reflexionar sobre els models actuals d&#039;atenci\u00f3 a les fam\u00edlies dins de l&#039;assist\u00e8ncia p\u00fablica, analitzant el futur d&#039;aquesta.\" \/>\n<meta name=\"robots\" content=\"index, follow, max-snippet:-1, max-image-preview:large, max-video-preview:-1\" \/>\n<link rel=\"canonical\" href=\"https:\/\/www.fvb.cat\/ca\/50-aniversari-upif\/\" \/>\n<meta property=\"og:locale\" content=\"es_ES\" \/>\n<meta property=\"og:type\" content=\"article\" \/>\n<meta property=\"og:title\" content=\"50-aniversari-unitat-de-parella-i-familia\" \/>\n<meta property=\"og:description\" content=\"Una jornada per reflexionar sobre els models actuals d&#039;atenci\u00f3 a les fam\u00edlies dins de l&#039;assist\u00e8ncia p\u00fablica, analitzant el futur d&#039;aquesta.\" \/>\n<meta property=\"og:url\" content=\"https:\/\/www.fvb.cat\/ca\/50-aniversari-upif\/\" \/>\n<meta property=\"og:site_name\" content=\"Fundaci\u00f3 Vidal i Barraquer\" \/>\n<meta property=\"article:modified_time\" content=\"2026-03-18T13:54:06+00:00\" \/>\n<meta name=\"twitter:card\" content=\"summary_large_image\" \/>\n<meta name=\"twitter:label1\" content=\"Tiempo de lectura\" \/>\n\t<meta name=\"twitter:data1\" content=\"4 minutos\" \/>\n<script type=\"application\/ld+json\" class=\"yoast-schema-graph\">{\"@context\":\"https:\/\/schema.org\",\"@graph\":[{\"@type\":\"WebPage\",\"@id\":\"https:\/\/www.fvb.cat\/ca\/50-aniversari-upif\/\",\"url\":\"https:\/\/www.fvb.cat\/ca\/50-aniversari-upif\/\",\"name\":\"50-aniversari-unitat-de-parella-i-familia\",\"isPartOf\":{\"@id\":\"https:\/\/www.fvb.cat\/es\/#website\"},\"datePublished\":\"2026-02-17T11:25:36+00:00\",\"dateModified\":\"2026-03-18T13:54:06+00:00\",\"description\":\"Una jornada per reflexionar sobre els models actuals d'atenci\u00f3 a les fam\u00edlies dins de l'assist\u00e8ncia p\u00fablica, analitzant el futur d'aquesta.\",\"breadcrumb\":{\"@id\":\"https:\/\/www.fvb.cat\/ca\/50-aniversari-upif\/#breadcrumb\"},\"inLanguage\":\"es\",\"potentialAction\":[{\"@type\":\"ReadAction\",\"target\":[\"https:\/\/www.fvb.cat\/ca\/50-aniversari-upif\/\"]}]},{\"@type\":\"BreadcrumbList\",\"@id\":\"https:\/\/www.fvb.cat\/ca\/50-aniversari-upif\/#breadcrumb\",\"itemListElement\":[{\"@type\":\"ListItem\",\"position\":1,\"name\":\"Inici\",\"item\":\"https:\/\/www.fvb.cat\/es\/\"},{\"@type\":\"ListItem\",\"position\":2,\"name\":\"50 ANIVERSARI UNITAT DE PARELLA I FAM\u00cdLIA\"}]},{\"@type\":\"WebSite\",\"@id\":\"https:\/\/www.fvb.cat\/es\/#website\",\"url\":\"https:\/\/www.fvb.cat\/es\/\",\"name\":\"Fundaci\u00f3 Vidal i Barraquer\",\"description\":\"Asistencia, docencia e investigaci\u00f3n en Salud Mental\",\"publisher\":{\"@id\":\"https:\/\/www.fvb.cat\/es\/#organization\"},\"potentialAction\":[{\"@type\":\"SearchAction\",\"target\":{\"@type\":\"EntryPoint\",\"urlTemplate\":\"https:\/\/www.fvb.cat\/es\/?s={search_term_string}\"},\"query-input\":\"required name=search_term_string\"}],\"inLanguage\":\"es\"},{\"@type\":\"Organization\",\"@id\":\"https:\/\/www.fvb.cat\/es\/#organization\",\"name\":\"Fundaci\u00f3 Vidal i Barraquer\",\"url\":\"https:\/\/www.fvb.cat\/es\/\",\"logo\":{\"@type\":\"ImageObject\",\"inLanguage\":\"es\",\"@id\":\"https:\/\/www.fvb.cat\/es\/#\/schema\/logo\/image\/\",\"url\":\"https:\/\/www.fvb.cat\/wp-content\/uploads\/2024\/05\/logo-vidal-i-barrauqer-60-aniversari.jpg\",\"contentUrl\":\"https:\/\/www.fvb.cat\/wp-content\/uploads\/2024\/05\/logo-vidal-i-barrauqer-60-aniversari.jpg\",\"width\":2125,\"height\":703,\"caption\":\"Fundaci\u00f3 Vidal i Barraquer\"},\"image\":{\"@id\":\"https:\/\/www.fvb.cat\/es\/#\/schema\/logo\/image\/\"}}]}<\/script>\n<!-- \/ Yoast SEO plugin. -->","yoast_head_json":{"title":"50-aniversari-unitat-de-parella-i-familia","description":"Una jornada per reflexionar sobre els models actuals d'atenci\u00f3 a les fam\u00edlies dins de l'assist\u00e8ncia p\u00fablica, analitzant el futur d'aquesta.","robots":{"index":"index","follow":"follow","max-snippet":"max-snippet:-1","max-image-preview":"max-image-preview:large","max-video-preview":"max-video-preview:-1"},"canonical":"https:\/\/www.fvb.cat\/ca\/50-aniversari-upif\/","og_locale":"es_ES","og_type":"article","og_title":"50-aniversari-unitat-de-parella-i-familia","og_description":"Una jornada per reflexionar sobre els models actuals d'atenci\u00f3 a les fam\u00edlies dins de l'assist\u00e8ncia p\u00fablica, analitzant el futur d'aquesta.","og_url":"https:\/\/www.fvb.cat\/ca\/50-aniversari-upif\/","og_site_name":"Fundaci\u00f3 Vidal i Barraquer","article_modified_time":"2026-03-18T13:54:06+00:00","twitter_card":"summary_large_image","twitter_misc":{"Tiempo de lectura":"4 minutos"},"schema":{"@context":"https:\/\/schema.org","@graph":[{"@type":"WebPage","@id":"https:\/\/www.fvb.cat\/ca\/50-aniversari-upif\/","url":"https:\/\/www.fvb.cat\/ca\/50-aniversari-upif\/","name":"50-aniversari-unitat-de-parella-i-familia","isPartOf":{"@id":"https:\/\/www.fvb.cat\/es\/#website"},"datePublished":"2026-02-17T11:25:36+00:00","dateModified":"2026-03-18T13:54:06+00:00","description":"Una jornada per reflexionar sobre els models actuals d'atenci\u00f3 a les fam\u00edlies dins de l'assist\u00e8ncia p\u00fablica, analitzant el futur d'aquesta.","breadcrumb":{"@id":"https:\/\/www.fvb.cat\/ca\/50-aniversari-upif\/#breadcrumb"},"inLanguage":"es","potentialAction":[{"@type":"ReadAction","target":["https:\/\/www.fvb.cat\/ca\/50-aniversari-upif\/"]}]},{"@type":"BreadcrumbList","@id":"https:\/\/www.fvb.cat\/ca\/50-aniversari-upif\/#breadcrumb","itemListElement":[{"@type":"ListItem","position":1,"name":"Inici","item":"https:\/\/www.fvb.cat\/es\/"},{"@type":"ListItem","position":2,"name":"50 ANIVERSARI UNITAT DE PARELLA I FAM\u00cdLIA"}]},{"@type":"WebSite","@id":"https:\/\/www.fvb.cat\/es\/#website","url":"https:\/\/www.fvb.cat\/es\/","name":"Fundaci\u00f3 Vidal i Barraquer","description":"Asistencia, docencia e investigaci\u00f3n en Salud Mental","publisher":{"@id":"https:\/\/www.fvb.cat\/es\/#organization"},"potentialAction":[{"@type":"SearchAction","target":{"@type":"EntryPoint","urlTemplate":"https:\/\/www.fvb.cat\/es\/?s={search_term_string}"},"query-input":"required name=search_term_string"}],"inLanguage":"es"},{"@type":"Organization","@id":"https:\/\/www.fvb.cat\/es\/#organization","name":"Fundaci\u00f3 Vidal i Barraquer","url":"https:\/\/www.fvb.cat\/es\/","logo":{"@type":"ImageObject","inLanguage":"es","@id":"https:\/\/www.fvb.cat\/es\/#\/schema\/logo\/image\/","url":"https:\/\/www.fvb.cat\/wp-content\/uploads\/2024\/05\/logo-vidal-i-barrauqer-60-aniversari.jpg","contentUrl":"https:\/\/www.fvb.cat\/wp-content\/uploads\/2024\/05\/logo-vidal-i-barrauqer-60-aniversari.jpg","width":2125,"height":703,"caption":"Fundaci\u00f3 Vidal i Barraquer"},"image":{"@id":"https:\/\/www.fvb.cat\/es\/#\/schema\/logo\/image\/"}}]}},"_links":{"self":[{"href":"https:\/\/www.fvb.cat\/es\/wp-json\/wp\/v2\/pages\/18214"}],"collection":[{"href":"https:\/\/www.fvb.cat\/es\/wp-json\/wp\/v2\/pages"}],"about":[{"href":"https:\/\/www.fvb.cat\/es\/wp-json\/wp\/v2\/types\/page"}],"author":[{"embeddable":true,"href":"https:\/\/www.fvb.cat\/es\/wp-json\/wp\/v2\/users\/33"}],"replies":[{"embeddable":true,"href":"https:\/\/www.fvb.cat\/es\/wp-json\/wp\/v2\/comments?post=18214"}],"version-history":[{"count":16,"href":"https:\/\/www.fvb.cat\/es\/wp-json\/wp\/v2\/pages\/18214\/revisions"}],"predecessor-version":[{"id":18306,"href":"https:\/\/www.fvb.cat\/es\/wp-json\/wp\/v2\/pages\/18214\/revisions\/18306"}],"wp:attachment":[{"href":"https:\/\/www.fvb.cat\/es\/wp-json\/wp\/v2\/media?parent=18214"}],"curies":[{"name":"wp","href":"https:\/\/api.w.org\/{rel}","templated":true}]}}