{"id":17390,"date":"2025-08-07T12:56:18","date_gmt":"2025-08-07T11:56:18","guid":{"rendered":"https:\/\/www.fvb.cat\/ca\/?page_id=17390"},"modified":"2025-11-18T10:35:23","modified_gmt":"2025-11-18T09:35:23","slug":"equip-guia-maresme-i-barcelones-nord","status":"publish","type":"page","link":"https:\/\/www.fvb.cat\/es\/asistencia-publica\/equipo-guia-maresme-barcelones-norte\/","title":{"rendered":"Equipo Gu\u00eda Barcelon\u00e9s Norte y Maresme"},"content":{"rendered":"<section class=\"l-section wpb_row height_medium\"><div class=\"l-section-h i-cf\"><div class=\"g-cols type_default valign_top\"><div class=\"vc_col-sm-8 wpb_column vc_column_container\"><div class=\"vc_column-inner\"><div class=\"wpb_wrapper\"><div class=\"wpb_text_column \"><div class=\"wpb_wrapper\">\n<h1>Equipo Gu\u00eda del Barcelon\u00e9s Norte y Maresme<\/h1>\n<\/div> <\/div> <div class=\"wpb_text_column \"><div class=\"wpb_wrapper\"><p>El Equipo Gu\u00eda es un programa incluido dentro del Plan de Abordaje Integral de casos de Salud Mental y Adicciones de Elevada Complejidad (PAICSaMAEC) coordinado por el Departamento de Salud de la Generalitat de Catalunya.<\/p>\n<p>Est\u00e1 dirigido a adolescentes y j\u00f3venes de 12 a 25 a\u00f1os, y a sus familias, en situaciones de problem\u00e1tica de salud mental y adicciones de elevada complejidad, sin proyecto vital, con dificultades para vincularse a los dispositivos existentes y en una situaci\u00f3n que genera una gran carga personal, social y sanitaria.<\/p>\n<p>Somos un equipo multidisciplinar integrado por el personal administrativo, profesionales de la educaci\u00f3n social, de la enfermer\u00eda especializada en salud mental, de la psicolog\u00eda cl\u00ednica y de la psiquiatr\u00eda.<\/p><\/div> <\/div> [vc_empty_space]<div class=\"wpb_text_column \"><div class=\"wpb_wrapper\">\n<h2>\u00bfC\u00f3mo trabajamos?<\/h2>\n<\/div> <\/div> <div class=\"wpb_text_column \"><div class=\"wpb_wrapper\"><p>Nos basamos en un modelo de tratamiento asertivo-comunitario, y ofrecemos asistencia all\u00e1 donde el adolescente o joven y su familia acepten la ayuda (en el domicilio, en la calle, en el instituto\u2026), focaliz\u00e1ndolos en establecer relaciones de confianza que nos permiten pensar conjuntamente en las necesidades y oportunidades de mejora de los usuarios.<\/p>\n<p>Nuestra intervenci\u00f3n se caracteriza para visitas individuales y familiares con una frecuencia elevada, ofreciendo disponibilidad y flexibilidad. A la vez, hacemos un trabajo de integraci\u00f3n de la red que acompa\u00f1a la complejidad, trabajando juntamente con servicios sociales, sanitarios, educativos, laborales y judiciales.<\/p>\n<p>Nos organizamos siguiendo la metodolog\u00eda AMBIT (Adaptative Mentalization Based Integrative Treatment) del Anna Freud Centre de Londres. AMBIT (Bevington et. al., 2012, 2015 y 2017) es un proyecto asistencial centrado en el tratamiento basado en la mentalizaci\u00f3n, para equipos que trabajan con j\u00f3venes de alto riesgo que presentan m\u00faltiples y complejas dificultades. AMBIT es una aproximaci\u00f3n innovadora que integra las intervenciones de Salud Mental, Educaci\u00f3n, Derechos Sociales y Justicia para ofrecer ayuda directa a estos j\u00f3venes de alto riesgo.<\/p><\/div> <\/div> <\/div><\/div><\/div><div class=\"vc_col-sm-4 wpb_column vc_column_container has-fill\"><div class=\"vc_column-inner  vc_custom_1492678464530\"><div class=\"wpb_wrapper\"><div class=\"wpb_text_column \"><div class=\"wpb_wrapper\">\n<h5>Contacto<\/h5>\n<\/div> <\/div> [vc_empty_space height=\u00bb15px\u00bb]<div class=\"wpb_text_column \"><div class=\"wpb_wrapper\"><p>Equipo Gu\u00eda del Maresme y Barcelon\u00e9s Norte<\/p>\n<p>Tel. 933 80 30 57<\/p>\n<p><a href=\"mailto:equip_guia@fvb.cat\">equip_guia@fvb.cat<\/a><\/p>\n<p>Calle Temple, 15, 1\u00ba, izq. | 08911 Badalona<\/p>\n<h6><strong>Horario de atenci\u00f3n<\/strong><\/h6>\n<p>De lunes a viernes de 8:30 h a 17:00 h<\/p><\/div> <\/div> <\/div><\/div><\/div><\/div><\/div><\/section><section class=\"l-section wpb_row height_medium\"><div class=\"l-section-h i-cf\"><div class=\"g-cols type_default valign_top\"><div class=\"vc_col-sm-12 wpb_column vc_column_container\"><div class=\"vc_column-inner\"><div class=\"wpb_wrapper\"><div class=\"wpb_text_column \"><div class=\"wpb_wrapper\">\n<h2>\u00bfQui\u00e9n somos?<\/h2>\n<\/div> <\/div> <div class=\"w-tabs layout_default accordion title_left icon_chevron iconpos_right \"><div class=\"w-tabs-list items_6\"><div class=\"w-tabs-list-h\"><div class=\"w-tabs-item\"><a href=\"#1754571543981-5cf27616-0fe9\" class=\"w-tabs-item-h\"><span class=\"w-tabs-item-title\">Laia Ferrer Tirado<\/span><\/a><\/div>\n<div class=\"w-tabs-item\"><a href=\"#1754571543997-8c2b004a-80b8\" class=\"w-tabs-item-h\"><span class=\"w-tabs-item-title\">Paula Arin Gonz\u00e0lez<\/span><\/a><\/div>\n<div class=\"w-tabs-item\"><a href=\"#1754571702639-3d9ae08c-669d\" class=\"w-tabs-item-h\"><span class=\"w-tabs-item-title\">Jos\u00e9 Gonz\u00e0lez Pastor<\/span><\/a><\/div>\n<div class=\"w-tabs-item\"><a href=\"#1754571668165-8988419d-6e4f\" class=\"w-tabs-item-h\"><span class=\"w-tabs-item-title\">Diana Mart\u00ednez i Sanvisens <\/span><\/a><\/div>\n<div class=\"w-tabs-item\"><a href=\"#1754571821375-86afa309-25c2\" class=\"w-tabs-item-h\"><span class=\"w-tabs-item-title\">Gemma Segura Garcia<\/span><\/a><\/div>\n<div class=\"w-tabs-item\"><a href=\"#1754571777477-de3ea94e-b4d8\" class=\"w-tabs-item-h\"><span class=\"w-tabs-item-title\">Laura Rodr\u00edguez Figuers<\/span><\/a><\/div>\n<\/div><\/div><div class=\"w-tabs-sections\"><div class=\"w-tabs-sections-h\"><div class=\"w-tabs-section color_custom\" id=\"1754571543981-5cf27616-0fe9\" style=\"background-color: #efd1b3;\"><a href=\"#1754571543981-5cf27616-0fe9\" class=\"w-tabs-section-header\"><div class=\"w-tabs-section-header-h\"><h5 class=\"w-tabs-section-title\">Laia Ferrer Tirado<\/h5><div class=\"w-tabs-section-control\"><\/div><\/div><\/a><div class=\"w-tabs-section-content\"><div class=\"w-tabs-section-content-h i-cf\"><div class=\"wpb_text_column  vc_custom_1754571627266\"><div class=\"wpb_wrapper\"><strong>Coordinadora<\/strong><\/p>\n<ul>\n<li>Doctora en psicolog\u00eda.<\/li>\n<li>Psic\u00f3loga especialista en Psicolog\u00eda Cl\u00ednica.<\/li>\n<\/ul>\n<\/div> <\/div> <\/div><\/div><\/div><div class=\"w-tabs-section color_custom\" id=\"1754571543997-8c2b004a-80b8\" style=\"background-color: #efd1b3;\"><a href=\"#1754571543997-8c2b004a-80b8\" class=\"w-tabs-section-header\"><div class=\"w-tabs-section-header-h\"><h5 class=\"w-tabs-section-title\">Paula Arin Gonz\u00e0lez<\/h5><div class=\"w-tabs-section-control\"><\/div><\/div><\/a><div class=\"w-tabs-section-content\"><div class=\"w-tabs-section-content-h i-cf\"><div class=\"wpb_text_column  vc_custom_1754571663791\"><div class=\"wpb_wrapper\">\n<ul>\n<li>Psic\u00f3loga especialista en Psicolog\u00eda Cl\u00ednica.<\/li>\n<\/ul>\n<\/div> <\/div> <\/div><\/div><\/div><div class=\"w-tabs-section color_custom\" id=\"1754571702639-3d9ae08c-669d\" style=\"background-color: #efd1b3;\"><a href=\"#1754571702639-3d9ae08c-669d\" class=\"w-tabs-section-header\"><div class=\"w-tabs-section-header-h\"><h5 class=\"w-tabs-section-title\">Jos\u00e9 Gonz\u00e0lez Pastor<\/h5><div class=\"w-tabs-section-control\"><\/div><\/div><\/a><div class=\"w-tabs-section-content\"><div class=\"w-tabs-section-content-h i-cf\"><div class=\"wpb_text_column  vc_custom_1754571755814\"><div class=\"wpb_wrapper\">\n<ul>\n<li>Enfermero especialista en Salud Mental.<\/li>\n<\/ul>\n<\/div> <\/div> <\/div><\/div><\/div><div class=\"w-tabs-section color_custom\" id=\"1754571668165-8988419d-6e4f\" style=\"background-color: #efd1b3;\"><a href=\"#1754571668165-8988419d-6e4f\" class=\"w-tabs-section-header\"><div class=\"w-tabs-section-header-h\"><h5 class=\"w-tabs-section-title\">Diana Mart\u00ednez i Sanvisens <\/h5><div class=\"w-tabs-section-control\"><\/div><\/div><\/a><div class=\"w-tabs-section-content\"><div class=\"w-tabs-section-content-h i-cf\"><div class=\"wpb_text_column  vc_custom_1754571775291\"><div class=\"wpb_wrapper\">\n<ul>\n<li>M\u00e9dica especialista en Psiquiatr\u00eda.<\/li>\n<\/ul>\n<\/div> <\/div> <\/div><\/div><\/div><div class=\"w-tabs-section color_custom\" id=\"1754571821375-86afa309-25c2\" style=\"background-color: #efd1b3;\"><a href=\"#1754571821375-86afa309-25c2\" class=\"w-tabs-section-header\"><div class=\"w-tabs-section-header-h\"><h5 class=\"w-tabs-section-title\">Gemma Segura Garcia<\/h5><div class=\"w-tabs-section-control\"><\/div><\/div><\/a><div class=\"w-tabs-section-content\"><div class=\"w-tabs-section-content-h i-cf\"><div class=\"wpb_text_column  vc_custom_1754571864503\"><div class=\"wpb_wrapper\">\n<ul>\n<li>Educadora Social.<\/li>\n<\/ul>\n<\/div> <\/div> <\/div><\/div><\/div><div class=\"w-tabs-section color_custom\" id=\"1754571777477-de3ea94e-b4d8\" style=\"background-color: #efd1b3;\"><a href=\"#1754571777477-de3ea94e-b4d8\" class=\"w-tabs-section-header\"><div class=\"w-tabs-section-header-h\"><h5 class=\"w-tabs-section-title\">Laura Rodr\u00edguez Figuers<\/h5><div class=\"w-tabs-section-control\"><\/div><\/div><\/a><div class=\"w-tabs-section-content\"><div class=\"w-tabs-section-content-h i-cf\"><div class=\"wpb_text_column  vc_custom_1754571818983\"><div class=\"wpb_wrapper\">\n<ul>\n<li>Administrativa asistencial.<\/li>\n<\/ul>\n<\/div> <\/div> <\/div><\/div><\/div><\/div><\/div><\/div><\/div><\/div><\/div><\/div><\/div><\/section><section class=\"l-section wpb_row height_medium\" style=\"margin-top: -4rem !important;\"><div class=\"l-section-h i-cf\"><div class=\"g-cols type_default valign_top\"><div class=\"vc_col-sm-4 wpb_column vc_column_container\"><div class=\"vc_column-inner\"><div class=\"wpb_wrapper\"><\/div><\/div><\/div><div class=\"vc_col-sm-4 wpb_column vc_column_container\"><div class=\"vc_column-inner  vc_custom_1496746193708\"><div class=\"wpb_wrapper\"><\/div><\/div><\/div><div class=\"vc_col-sm-4 wpb_column vc_column_container\"><div class=\"vc_column-inner\"><div class=\"wpb_wrapper\"><\/div><\/div><\/div><\/div><\/div><\/section>","protected":false},"excerpt":{"rendered":"Fundaci\u00f3n Vidal i Barraquer Somos una instituci\u00f3n creada en 1964 y dedicada...","protected":false},"author":33,"featured_media":0,"parent":5872,"menu_order":0,"comment_status":"closed","ping_status":"closed","template":"","meta":{"footnotes":""},"yoast_head":"<!-- This site is optimized with the Yoast SEO plugin v22.6 - https:\/\/yoast.com\/wordpress\/plugins\/seo\/ -->\n<title>Equipo Gu\u00eda Barcelon\u00e9s Norte y Maresme  - Fundaci\u00f3 Vidal i Barraquer<\/title>\n<meta name=\"robots\" content=\"index, follow, max-snippet:-1, max-image-preview:large, max-video-preview:-1\" \/>\n<link rel=\"canonical\" href=\"https:\/\/www.fvb.cat\/es\/asistencia-publica\/equipo-guia-maresme-barcelones-norte\/\" \/>\n<meta property=\"og:locale\" content=\"es_ES\" \/>\n<meta property=\"og:type\" content=\"article\" \/>\n<meta property=\"og:title\" content=\"[:ca]Equip Guia Barcelon\u00e8s Nord i Maresme [:es]Equipo Gu\u00eda Barcelon\u00e9s Norte y Maresme [:] - Fundaci\u00f3 Vidal i Barraquer\" \/>\n<meta property=\"og:url\" content=\"https:\/\/www.fvb.cat\/es\/asistencia-publica\/equipo-guia-maresme-barcelones-norte\/\" \/>\n<meta property=\"og:site_name\" content=\"Fundaci\u00f3 Vidal i Barraquer\" \/>\n<meta property=\"article:modified_time\" content=\"2025-11-18T09:35:23+00:00\" \/>\n<meta name=\"twitter:card\" content=\"summary_large_image\" \/>\n<meta name=\"twitter:label1\" content=\"Tiempo de lectura\" \/>\n\t<meta name=\"twitter:data1\" content=\"2 minutos\" \/>\n<script type=\"application\/ld+json\" class=\"yoast-schema-graph\">{\"@context\":\"https:\/\/schema.org\",\"@graph\":[{\"@type\":\"WebPage\",\"@id\":\"https:\/\/www.fvb.cat\/es\/asistencia-publica\/equipo-guia-maresme-barcelones-norte\/\",\"url\":\"https:\/\/www.fvb.cat\/es\/asistencia-publica\/equipo-guia-maresme-barcelones-norte\/\",\"name\":\"[:ca]Equip Guia Barcelon\u00e8s Nord i Maresme [:es]Equipo Gu\u00eda Barcelon\u00e9s Norte y Maresme [:] - Fundaci\u00f3 Vidal i Barraquer\",\"isPartOf\":{\"@id\":\"https:\/\/www.fvb.cat\/es\/#website\"},\"datePublished\":\"2025-08-07T11:56:18+00:00\",\"dateModified\":\"2025-11-18T09:35:23+00:00\",\"breadcrumb\":{\"@id\":\"https:\/\/www.fvb.cat\/es\/asistencia-publica\/equipo-guia-maresme-barcelones-norte\/#breadcrumb\"},\"inLanguage\":\"es\",\"potentialAction\":[{\"@type\":\"ReadAction\",\"target\":[\"https:\/\/www.fvb.cat\/es\/asistencia-publica\/equipo-guia-maresme-barcelones-norte\/\"]}]},{\"@type\":\"BreadcrumbList\",\"@id\":\"https:\/\/www.fvb.cat\/es\/asistencia-publica\/equipo-guia-maresme-barcelones-norte\/#breadcrumb\",\"itemListElement\":[{\"@type\":\"ListItem\",\"position\":1,\"name\":\"Inici\",\"item\":\"https:\/\/www.fvb.cat\/es\/\"},{\"@type\":\"ListItem\",\"position\":2,\"name\":\"Assist\u00e8ncia P\u00fablica\",\"item\":\"https:\/\/www.fvb.cat\/ca\/assistencia-publica\/\"},{\"@type\":\"ListItem\",\"position\":3,\"name\":\"Equipo Gu\u00eda Barcelon\u00e9s Norte y Maresme\"}]},{\"@type\":\"WebSite\",\"@id\":\"https:\/\/www.fvb.cat\/es\/#website\",\"url\":\"https:\/\/www.fvb.cat\/es\/\",\"name\":\"Fundaci\u00f3 Vidal i Barraquer\",\"description\":\"Asistencia, docencia e investigaci\u00f3n en Salud Mental\",\"publisher\":{\"@id\":\"https:\/\/www.fvb.cat\/es\/#organization\"},\"potentialAction\":[{\"@type\":\"SearchAction\",\"target\":{\"@type\":\"EntryPoint\",\"urlTemplate\":\"https:\/\/www.fvb.cat\/es\/?s={search_term_string}\"},\"query-input\":\"required name=search_term_string\"}],\"inLanguage\":\"es\"},{\"@type\":\"Organization\",\"@id\":\"https:\/\/www.fvb.cat\/es\/#organization\",\"name\":\"Fundaci\u00f3 Vidal i Barraquer\",\"url\":\"https:\/\/www.fvb.cat\/es\/\",\"logo\":{\"@type\":\"ImageObject\",\"inLanguage\":\"es\",\"@id\":\"https:\/\/www.fvb.cat\/es\/#\/schema\/logo\/image\/\",\"url\":\"https:\/\/www.fvb.cat\/wp-content\/uploads\/2024\/05\/logo-vidal-i-barrauqer-60-aniversari.jpg\",\"contentUrl\":\"https:\/\/www.fvb.cat\/wp-content\/uploads\/2024\/05\/logo-vidal-i-barrauqer-60-aniversari.jpg\",\"width\":2125,\"height\":703,\"caption\":\"Fundaci\u00f3 Vidal i Barraquer\"},\"image\":{\"@id\":\"https:\/\/www.fvb.cat\/es\/#\/schema\/logo\/image\/\"}}]}<\/script>\n<!-- \/ Yoast SEO plugin. -->","yoast_head_json":{"title":"[:ca]Equip Guia Barcelon\u00e8s Nord i Maresme [:es]Equipo Gu\u00eda Barcelon\u00e9s Norte y Maresme [:] - Fundaci\u00f3 Vidal i Barraquer","robots":{"index":"index","follow":"follow","max-snippet":"max-snippet:-1","max-image-preview":"max-image-preview:large","max-video-preview":"max-video-preview:-1"},"canonical":"https:\/\/www.fvb.cat\/es\/asistencia-publica\/equipo-guia-maresme-barcelones-norte\/","og_locale":"es_ES","og_type":"article","og_title":"[:ca]Equip Guia Barcelon\u00e8s Nord i Maresme [:es]Equipo Gu\u00eda Barcelon\u00e9s Norte y Maresme [:] - Fundaci\u00f3 Vidal i Barraquer","og_url":"https:\/\/www.fvb.cat\/es\/asistencia-publica\/equipo-guia-maresme-barcelones-norte\/","og_site_name":"Fundaci\u00f3 Vidal i Barraquer","article_modified_time":"2025-11-18T09:35:23+00:00","twitter_card":"summary_large_image","twitter_misc":{"Tiempo de lectura":"2 minutos"},"schema":{"@context":"https:\/\/schema.org","@graph":[{"@type":"WebPage","@id":"https:\/\/www.fvb.cat\/es\/asistencia-publica\/equipo-guia-maresme-barcelones-norte\/","url":"https:\/\/www.fvb.cat\/es\/asistencia-publica\/equipo-guia-maresme-barcelones-norte\/","name":"[:ca]Equip Guia Barcelon\u00e8s Nord i Maresme [:es]Equipo Gu\u00eda Barcelon\u00e9s Norte y Maresme [:] - Fundaci\u00f3 Vidal i Barraquer","isPartOf":{"@id":"https:\/\/www.fvb.cat\/es\/#website"},"datePublished":"2025-08-07T11:56:18+00:00","dateModified":"2025-11-18T09:35:23+00:00","breadcrumb":{"@id":"https:\/\/www.fvb.cat\/es\/asistencia-publica\/equipo-guia-maresme-barcelones-norte\/#breadcrumb"},"inLanguage":"es","potentialAction":[{"@type":"ReadAction","target":["https:\/\/www.fvb.cat\/es\/asistencia-publica\/equipo-guia-maresme-barcelones-norte\/"]}]},{"@type":"BreadcrumbList","@id":"https:\/\/www.fvb.cat\/es\/asistencia-publica\/equipo-guia-maresme-barcelones-norte\/#breadcrumb","itemListElement":[{"@type":"ListItem","position":1,"name":"Inici","item":"https:\/\/www.fvb.cat\/es\/"},{"@type":"ListItem","position":2,"name":"Assist\u00e8ncia P\u00fablica","item":"https:\/\/www.fvb.cat\/ca\/assistencia-publica\/"},{"@type":"ListItem","position":3,"name":"Equipo Gu\u00eda Barcelon\u00e9s Norte y Maresme"}]},{"@type":"WebSite","@id":"https:\/\/www.fvb.cat\/es\/#website","url":"https:\/\/www.fvb.cat\/es\/","name":"Fundaci\u00f3 Vidal i Barraquer","description":"Asistencia, docencia e investigaci\u00f3n en Salud Mental","publisher":{"@id":"https:\/\/www.fvb.cat\/es\/#organization"},"potentialAction":[{"@type":"SearchAction","target":{"@type":"EntryPoint","urlTemplate":"https:\/\/www.fvb.cat\/es\/?s={search_term_string}"},"query-input":"required name=search_term_string"}],"inLanguage":"es"},{"@type":"Organization","@id":"https:\/\/www.fvb.cat\/es\/#organization","name":"Fundaci\u00f3 Vidal i Barraquer","url":"https:\/\/www.fvb.cat\/es\/","logo":{"@type":"ImageObject","inLanguage":"es","@id":"https:\/\/www.fvb.cat\/es\/#\/schema\/logo\/image\/","url":"https:\/\/www.fvb.cat\/wp-content\/uploads\/2024\/05\/logo-vidal-i-barrauqer-60-aniversari.jpg","contentUrl":"https:\/\/www.fvb.cat\/wp-content\/uploads\/2024\/05\/logo-vidal-i-barrauqer-60-aniversari.jpg","width":2125,"height":703,"caption":"Fundaci\u00f3 Vidal i Barraquer"},"image":{"@id":"https:\/\/www.fvb.cat\/es\/#\/schema\/logo\/image\/"}}]}},"_links":{"self":[{"href":"https:\/\/www.fvb.cat\/es\/wp-json\/wp\/v2\/pages\/17390"}],"collection":[{"href":"https:\/\/www.fvb.cat\/es\/wp-json\/wp\/v2\/pages"}],"about":[{"href":"https:\/\/www.fvb.cat\/es\/wp-json\/wp\/v2\/types\/page"}],"author":[{"embeddable":true,"href":"https:\/\/www.fvb.cat\/es\/wp-json\/wp\/v2\/users\/33"}],"replies":[{"embeddable":true,"href":"https:\/\/www.fvb.cat\/es\/wp-json\/wp\/v2\/comments?post=17390"}],"version-history":[{"count":7,"href":"https:\/\/www.fvb.cat\/es\/wp-json\/wp\/v2\/pages\/17390\/revisions"}],"predecessor-version":[{"id":17751,"href":"https:\/\/www.fvb.cat\/es\/wp-json\/wp\/v2\/pages\/17390\/revisions\/17751"}],"up":[{"embeddable":true,"href":"https:\/\/www.fvb.cat\/es\/wp-json\/wp\/v2\/pages\/5872"}],"wp:attachment":[{"href":"https:\/\/www.fvb.cat\/es\/wp-json\/wp\/v2\/media?parent=17390"}],"curies":[{"name":"wp","href":"https:\/\/api.w.org\/{rel}","templated":true}]}}