{"id":16517,"date":"2024-12-30T13:11:43","date_gmt":"2024-12-30T12:11:43","guid":{"rendered":"https:\/\/www.fvb.cat\/es\/?page_id=16517"},"modified":"2025-05-07T08:53:22","modified_gmt":"2025-05-07T07:53:22","slug":"linies-de-recerca","status":"publish","type":"page","link":"https:\/\/www.fvb.cat\/es\/lineas-investigacion\/","title":{"rendered":"L\u00cdNEAS DE INVESTIGACI\u00d3N"},"content":{"rendered":"<section class=\"l-section wpb_row height_medium\"><div class=\"l-section-h i-cf\"><div class=\"g-cols type_default valign_top\"><div class=\"vc_col-sm-12 wpb_column vc_column_container\"><div class=\"vc_column-inner\"><div class=\"wpb_wrapper\"><div class=\"wpb_text_column \"><div class=\"wpb_wrapper\">\n<h1 style=\"text-align: center;\"><strong>L\u00cdNEAS DE INVESTIGACI\u00d3N<\/strong><\/h1>\n<\/div> <\/div> <div class=\"wpb_text_column \"><div class=\"wpb_wrapper\"><p>El GREMAIP tambi\u00e9n est\u00e1 pensado para poder incluir y apoyar a investigaciones que se puedan llevar a cabo en los diferentes centros y servicios de la FVB e instituciones pr\u00f3ximas, en unidades especializadas o t\u00e9cnicas concretas como el estudio de grupos, atenci\u00f3n a mujeres maltratadas, a personas sordas, adopciones, trauma, suicidio, COVID, etc.<\/p>\n<p>Actualmente, cuenta con las siguientes l\u00edneas de investigaci\u00f3n:<\/p><\/div> <\/div> <\/div><\/div><\/div><\/div><\/div><\/section><section class=\"l-section wpb_row height_medium\"><div class=\"l-section-h i-cf\"><div class=\"g-cols type_default valign_top\"><div class=\"vc_col-sm-12 wpb_column vc_column_container\"><div class=\"vc_column-inner\"><div class=\"wpb_wrapper\"><div class=\"wpb_text_column \"><div class=\"wpb_wrapper\">\n<h5><strong>MENTALIZACI\u00d3N<\/strong><\/h5>\n<\/div> <\/div> <\/div><\/div><\/div><\/div><\/div><\/section><section class=\"l-section wpb_row height_medium\"><div class=\"l-section-h i-cf\"><div class=\"g-cols type_default valign_top\"><div class=\"vc_col-sm-12 wpb_column vc_column_container\"><div class=\"vc_column-inner\"><div class=\"wpb_wrapper\"><div class=\"w-tabs layout_default accordion title_left icon_chevron iconpos_right \"><div class=\"w-tabs-list items_1\"><div class=\"w-tabs-list-h\"><div class=\"w-tabs-item\"><a href=\"#1735560494333-70029bc1-b723\" class=\"w-tabs-item-h\"><span class=\"w-tabs-item-title\">MENTALIZACI\u00d3N<\/span><\/a><\/div>\n<\/div><\/div><div class=\"w-tabs-sections\"><div class=\"w-tabs-sections-h\"><div class=\"w-tabs-section\" id=\"1735560494333-70029bc1-b723\"><a href=\"#1735560494333-70029bc1-b723\" class=\"w-tabs-section-header\"><div class=\"w-tabs-section-header-h\"><h5 class=\"w-tabs-section-title\">MENTALIZACI\u00d3N<\/h5><div class=\"w-tabs-section-control\"><\/div><\/div><\/a><div class=\"w-tabs-section-content\"><div class=\"w-tabs-section-content-h i-cf\"><div class=\"wpb_text_column \"><div class=\"wpb_wrapper\"><p>El concepto de mentalizaci\u00f3n se define como una forma de actividad mental imaginativa, es decir, percibir e interpretar el comportamiento humano en t\u00e9rminos de estados mentales intencionales (por ejemplo, necesidades, deseos, sentimientos, objetivos, prop\u00f3sitos y razones) (Fonagy et al., 2002). El objetivo de una capacidad de mentalizar adecuada es lograr acercarnos a entender nuestra subjetividad y la subjetividad del otro, los estados emocionales e intencionales subyacentes a la conducta externa observable, es decir, aquellos estados que est\u00e1n determinando la conducta a pesar de que no sean visibles externamente (Dangerfield, 2024). El Tratamiento Basado en la Mentalizaci\u00f3n (MBT) es un modelo de intervenci\u00f3n psicoterap\u00e9utica desarrollado y manualizado inicialmente por Peter Fonagy y Anthony Bateman, para el tratamiento de personas con Trastorno L\u00edmite de la Personalidad (TLP), aunque posteriormente se ha convertido en un modelo de intervenci\u00f3n psicoterap\u00e9utica transdiagn\u00f3stico, con modelos manualizados de intervenci\u00f3n para las distintas etapas evolutivas: MBT-C para ni\u00f1os (Midgley et al., 2017), MBT-A para adolescentes (Rossouw et al., (eds.), 2021), MBT-F para familias (Asen y Fonagy, 2021), MBT para adultos (Bateman y Fonagy, 2016) y el m\u00e1s reciente modelo de MBT para trabajo con Padres (Malberg et al., 2023).<\/p>\n<p>Varias revisiones y metan\u00e1lisis han proporcionado evidencia de la efectividad del tratamiento basado en la mentalizaci\u00f3n (MBT) a nivel transdiagn\u00f3stico (Barlow, Sleed y Midgley, 2021; Byrne, Murphy y Connon, 2020; Cristea et al., 2017; Lo y Wong, 2022; Midgley, Sprecher y Sleed, 2021; Rameckers et al., 2021; Storeb\u00f8 et al., 2020; Volkert, Hauschild y Taubner, 2019).<\/p><\/div> <\/div> <\/div><\/div><\/div><\/div><\/div><\/div><\/div><\/div><\/div><\/div><\/div><\/section><section class=\"l-section wpb_row height_medium\"><div class=\"l-section-h i-cf\"><div class=\"g-cols type_default valign_top\"><div class=\"vc_col-sm-12 wpb_column vc_column_container\"><div class=\"vc_column-inner\"><div class=\"wpb_wrapper\"><div class=\"wpb_text_column \"><div class=\"wpb_wrapper\">\n<h5><strong>EVALUACI\u00d3N DE INTERVENCIONES PSICOL\u00d3GICAS<\/strong><\/h5>\n<\/div> <\/div> <\/div><\/div><\/div><\/div><\/div><\/section><section class=\"l-section wpb_row height_medium\"><div class=\"l-section-h i-cf\"><div class=\"g-cols type_default valign_top\"><div class=\"vc_col-sm-12 wpb_column vc_column_container\"><div class=\"vc_column-inner\"><div class=\"wpb_wrapper\"><div class=\"w-tabs layout_default accordion title_left icon_chevron iconpos_right \"><div class=\"w-tabs-list items_1\"><div class=\"w-tabs-list-h\"><div class=\"w-tabs-item\"><a href=\"#1735560646685-cf673cb7-7123\" class=\"w-tabs-item-h\"><span class=\"w-tabs-item-title\">EVALUACI\u00d3N DE INTERVENCIONES PSICOL\u00d3GICAS<\/span><\/a><\/div>\n<\/div><\/div><div class=\"w-tabs-sections\"><div class=\"w-tabs-sections-h\"><div class=\"w-tabs-section\" id=\"1735560646685-cf673cb7-7123\"><a href=\"#1735560646685-cf673cb7-7123\" class=\"w-tabs-section-header\"><div class=\"w-tabs-section-header-h\"><h5 class=\"w-tabs-section-title\">EVALUACI\u00d3N DE INTERVENCIONES PSICOL\u00d3GICAS<\/h5><div class=\"w-tabs-section-control\"><\/div><\/div><\/a><div class=\"w-tabs-section-content\"><div class=\"w-tabs-section-content-h i-cf\"><div class=\"wpb_text_column \"><div class=\"wpb_wrapper\"><p>La evaluaci\u00f3n emp\u00edrica de los resultados de las intervenciones es, en la actualidad, una responsabilidad y un inter\u00e9s asumido por la mayor\u00eda de los modelos de intervenci\u00f3n en salud mental y bienestar. La evidencia proveniente de la pr\u00e1ctica asistencial permite acercar la pr\u00e1ctica cl\u00ednica en la investigaci\u00f3n, facilitando la descripci\u00f3n y an\u00e1lisis de su complejidad. La investigaci\u00f3n en la evaluaci\u00f3n sistem\u00e1tica de los resultados de las intervenciones psicol\u00f3gicas llevadas a cabo en diferentes equipos asistenciales, desde la primera infancia en la vida adulta, permitir\u00e1 un dise\u00f1o de pol\u00edticas asistenciales coherentes y basadas en la evidencia. La evaluaci\u00f3n sistem\u00e1tica de los resultados se contempla desde diferentes perspectivas (desde el punto de vista del cl\u00ednico, desde el punto de vista de los padres o cuidadores y desde el punto de vista del usuario, adulto, joven o ni\u00f1o) y revierte directamente en los diferentes niveles de la asistencia (paciente, cl\u00ednico, equipo, investigaci\u00f3n y pol\u00edticas asistenciales). En este sentido, la investigaci\u00f3n que surge de la evaluaci\u00f3n sistem\u00e1tica de los resultados de la actividad asistencial es una de las v\u00edas que tiene que permitir lograr una mayor calidad.<\/p><\/div> <\/div> <\/div><\/div><\/div><\/div><\/div><\/div><\/div><\/div><\/div><\/div><\/div><\/section>","protected":false},"excerpt":{"rendered":"Fundaci\u00f3n Vidal i Barraquer Somos una instituci\u00f3n creada en 1964 y dedicada...","protected":false},"author":33,"featured_media":0,"parent":0,"menu_order":0,"comment_status":"closed","ping_status":"closed","template":"","meta":{"footnotes":""},"yoast_head":"<!-- This site is optimized with the Yoast SEO plugin v22.6 - https:\/\/yoast.com\/wordpress\/plugins\/seo\/ -->\n<title>L\u00cdNEAS DE INVESTIGACI\u00d3N - Fundaci\u00f3 Vidal i Barraquer<\/title>\n<meta name=\"robots\" content=\"index, follow, max-snippet:-1, max-image-preview:large, max-video-preview:-1\" \/>\n<link rel=\"canonical\" href=\"https:\/\/www.fvb.cat\/es\/lineas-investigacion\/\" \/>\n<meta property=\"og:locale\" content=\"es_ES\" \/>\n<meta property=\"og:type\" content=\"article\" \/>\n<meta property=\"og:title\" content=\"[:ca]L\u00cdNIES DE RECERCA[:es]L\u00cdNEAS DE INVESTIGACI\u00d3N[:] - Fundaci\u00f3 Vidal i Barraquer\" \/>\n<meta property=\"og:url\" content=\"https:\/\/www.fvb.cat\/es\/lineas-investigacion\/\" \/>\n<meta property=\"og:site_name\" content=\"Fundaci\u00f3 Vidal i Barraquer\" \/>\n<meta property=\"article:modified_time\" content=\"2025-05-07T07:53:22+00:00\" \/>\n<meta name=\"twitter:card\" content=\"summary_large_image\" \/>\n<meta name=\"twitter:label1\" content=\"Tiempo de lectura\" \/>\n\t<meta name=\"twitter:data1\" content=\"3 minutos\" \/>\n<script type=\"application\/ld+json\" class=\"yoast-schema-graph\">{\"@context\":\"https:\/\/schema.org\",\"@graph\":[{\"@type\":\"WebPage\",\"@id\":\"https:\/\/www.fvb.cat\/es\/lineas-investigacion\/\",\"url\":\"https:\/\/www.fvb.cat\/es\/lineas-investigacion\/\",\"name\":\"[:ca]L\u00cdNIES DE RECERCA[:es]L\u00cdNEAS DE INVESTIGACI\u00d3N[:] - Fundaci\u00f3 Vidal i Barraquer\",\"isPartOf\":{\"@id\":\"https:\/\/www.fvb.cat\/es\/#website\"},\"datePublished\":\"2024-12-30T12:11:43+00:00\",\"dateModified\":\"2025-05-07T07:53:22+00:00\",\"breadcrumb\":{\"@id\":\"https:\/\/www.fvb.cat\/es\/lineas-investigacion\/#breadcrumb\"},\"inLanguage\":\"es\",\"potentialAction\":[{\"@type\":\"ReadAction\",\"target\":[\"https:\/\/www.fvb.cat\/es\/lineas-investigacion\/\"]}]},{\"@type\":\"BreadcrumbList\",\"@id\":\"https:\/\/www.fvb.cat\/es\/lineas-investigacion\/#breadcrumb\",\"itemListElement\":[{\"@type\":\"ListItem\",\"position\":1,\"name\":\"Inici\",\"item\":\"https:\/\/www.fvb.cat\/es\/\"},{\"@type\":\"ListItem\",\"position\":2,\"name\":\"L\u00cdNEAS DE INVESTIGACI\u00d3N\"}]},{\"@type\":\"WebSite\",\"@id\":\"https:\/\/www.fvb.cat\/es\/#website\",\"url\":\"https:\/\/www.fvb.cat\/es\/\",\"name\":\"Fundaci\u00f3 Vidal i Barraquer\",\"description\":\"Asistencia, docencia e investigaci\u00f3n en Salud Mental\",\"publisher\":{\"@id\":\"https:\/\/www.fvb.cat\/es\/#organization\"},\"potentialAction\":[{\"@type\":\"SearchAction\",\"target\":{\"@type\":\"EntryPoint\",\"urlTemplate\":\"https:\/\/www.fvb.cat\/es\/?s={search_term_string}\"},\"query-input\":\"required name=search_term_string\"}],\"inLanguage\":\"es\"},{\"@type\":\"Organization\",\"@id\":\"https:\/\/www.fvb.cat\/es\/#organization\",\"name\":\"Fundaci\u00f3 Vidal i Barraquer\",\"url\":\"https:\/\/www.fvb.cat\/es\/\",\"logo\":{\"@type\":\"ImageObject\",\"inLanguage\":\"es\",\"@id\":\"https:\/\/www.fvb.cat\/es\/#\/schema\/logo\/image\/\",\"url\":\"https:\/\/www.fvb.cat\/wp-content\/uploads\/2024\/05\/logo-vidal-i-barrauqer-60-aniversari.jpg\",\"contentUrl\":\"https:\/\/www.fvb.cat\/wp-content\/uploads\/2024\/05\/logo-vidal-i-barrauqer-60-aniversari.jpg\",\"width\":2125,\"height\":703,\"caption\":\"Fundaci\u00f3 Vidal i Barraquer\"},\"image\":{\"@id\":\"https:\/\/www.fvb.cat\/es\/#\/schema\/logo\/image\/\"}}]}<\/script>\n<!-- \/ Yoast SEO plugin. -->","yoast_head_json":{"title":"[:ca]L\u00cdNIES DE RECERCA[:es]L\u00cdNEAS DE INVESTIGACI\u00d3N[:] - Fundaci\u00f3 Vidal i Barraquer","robots":{"index":"index","follow":"follow","max-snippet":"max-snippet:-1","max-image-preview":"max-image-preview:large","max-video-preview":"max-video-preview:-1"},"canonical":"https:\/\/www.fvb.cat\/es\/lineas-investigacion\/","og_locale":"es_ES","og_type":"article","og_title":"[:ca]L\u00cdNIES DE RECERCA[:es]L\u00cdNEAS DE INVESTIGACI\u00d3N[:] - Fundaci\u00f3 Vidal i Barraquer","og_url":"https:\/\/www.fvb.cat\/es\/lineas-investigacion\/","og_site_name":"Fundaci\u00f3 Vidal i Barraquer","article_modified_time":"2025-05-07T07:53:22+00:00","twitter_card":"summary_large_image","twitter_misc":{"Tiempo de lectura":"3 minutos"},"schema":{"@context":"https:\/\/schema.org","@graph":[{"@type":"WebPage","@id":"https:\/\/www.fvb.cat\/es\/lineas-investigacion\/","url":"https:\/\/www.fvb.cat\/es\/lineas-investigacion\/","name":"[:ca]L\u00cdNIES DE RECERCA[:es]L\u00cdNEAS DE INVESTIGACI\u00d3N[:] - Fundaci\u00f3 Vidal i Barraquer","isPartOf":{"@id":"https:\/\/www.fvb.cat\/es\/#website"},"datePublished":"2024-12-30T12:11:43+00:00","dateModified":"2025-05-07T07:53:22+00:00","breadcrumb":{"@id":"https:\/\/www.fvb.cat\/es\/lineas-investigacion\/#breadcrumb"},"inLanguage":"es","potentialAction":[{"@type":"ReadAction","target":["https:\/\/www.fvb.cat\/es\/lineas-investigacion\/"]}]},{"@type":"BreadcrumbList","@id":"https:\/\/www.fvb.cat\/es\/lineas-investigacion\/#breadcrumb","itemListElement":[{"@type":"ListItem","position":1,"name":"Inici","item":"https:\/\/www.fvb.cat\/es\/"},{"@type":"ListItem","position":2,"name":"L\u00cdNEAS DE INVESTIGACI\u00d3N"}]},{"@type":"WebSite","@id":"https:\/\/www.fvb.cat\/es\/#website","url":"https:\/\/www.fvb.cat\/es\/","name":"Fundaci\u00f3 Vidal i Barraquer","description":"Asistencia, docencia e investigaci\u00f3n en Salud Mental","publisher":{"@id":"https:\/\/www.fvb.cat\/es\/#organization"},"potentialAction":[{"@type":"SearchAction","target":{"@type":"EntryPoint","urlTemplate":"https:\/\/www.fvb.cat\/es\/?s={search_term_string}"},"query-input":"required name=search_term_string"}],"inLanguage":"es"},{"@type":"Organization","@id":"https:\/\/www.fvb.cat\/es\/#organization","name":"Fundaci\u00f3 Vidal i Barraquer","url":"https:\/\/www.fvb.cat\/es\/","logo":{"@type":"ImageObject","inLanguage":"es","@id":"https:\/\/www.fvb.cat\/es\/#\/schema\/logo\/image\/","url":"https:\/\/www.fvb.cat\/wp-content\/uploads\/2024\/05\/logo-vidal-i-barrauqer-60-aniversari.jpg","contentUrl":"https:\/\/www.fvb.cat\/wp-content\/uploads\/2024\/05\/logo-vidal-i-barrauqer-60-aniversari.jpg","width":2125,"height":703,"caption":"Fundaci\u00f3 Vidal i Barraquer"},"image":{"@id":"https:\/\/www.fvb.cat\/es\/#\/schema\/logo\/image\/"}}]}},"_links":{"self":[{"href":"https:\/\/www.fvb.cat\/es\/wp-json\/wp\/v2\/pages\/16517"}],"collection":[{"href":"https:\/\/www.fvb.cat\/es\/wp-json\/wp\/v2\/pages"}],"about":[{"href":"https:\/\/www.fvb.cat\/es\/wp-json\/wp\/v2\/types\/page"}],"author":[{"embeddable":true,"href":"https:\/\/www.fvb.cat\/es\/wp-json\/wp\/v2\/users\/33"}],"replies":[{"embeddable":true,"href":"https:\/\/www.fvb.cat\/es\/wp-json\/wp\/v2\/comments?post=16517"}],"version-history":[{"count":5,"href":"https:\/\/www.fvb.cat\/es\/wp-json\/wp\/v2\/pages\/16517\/revisions"}],"predecessor-version":[{"id":17054,"href":"https:\/\/www.fvb.cat\/es\/wp-json\/wp\/v2\/pages\/16517\/revisions\/17054"}],"wp:attachment":[{"href":"https:\/\/www.fvb.cat\/es\/wp-json\/wp\/v2\/media?parent=16517"}],"curies":[{"name":"wp","href":"https:\/\/api.w.org\/{rel}","templated":true}]}}