{"id":16514,"date":"2024-12-30T12:46:48","date_gmt":"2024-12-30T11:46:48","guid":{"rendered":"https:\/\/www.fvb.cat\/es\/?page_id=16514"},"modified":"2025-05-07T08:49:27","modified_gmt":"2025-05-07T07:49:27","slug":"que-es-el-gremaip","status":"publish","type":"page","link":"https:\/\/www.fvb.cat\/es\/que-es-gremaip-cast\/","title":{"rendered":"\u00bfQU\u00c9 ES EL GREMAIP?"},"content":{"rendered":"<h1 style=\"text-align: center;\"><strong>\u00bfQU\u00c9 ES EL GREMAIP?<\/strong><\/h1>\n<p>La Fundaci\u00f3n Vidal i Barraquer es una instituci\u00f3n que consta de diferentes centros y dispositivos que ofrecen sus servicios asistenciales en la red p\u00fablica de salud mental. Disponemos de los Servicios de Salud Mental de Adultos del distrito de Sant Andreu (CSMA, SRC, PSI-PADI, PCP y CAS Garbivent) y los Servicios de Salud Mental Infantil y Juvenil de Santa Coloma de Gramenet. Adem\u00e1s, tambi\u00e9n cuenta con dos Hospitales de D\u00eda y dos Equipos Cl\u00ednicos de Intervenci\u00f3n a Domicilio (ECID), uno a Badalona y el otro a Santa Coloma de Gramenet y un Equipo Gu\u00eda. Tambi\u00e9n disponemos de un Centro M\u00e9dico Psicol\u00f3gico privado. Por otro lado, tambi\u00e9n contamos con el Instituto Universitario de Salud Mental Vidal i Barraquer \u2013 Universidad Ramon Llull, que se dedica a la docencia y la investigaci\u00f3n universitaria.<\/p>\n<p>En este sentido, la FVB siempre ha vehiculado la asistencia, la docencia y la investigaci\u00f3n en todas sus equipos y servicios, de forma que cada una de estas 3 patas que conforman la instituci\u00f3n se retroalimentan y se potencien entre ellas.<\/p>\n<p>Gracias al apoyo del CatSalut y de la Fundaci\u00f3n Nous Cims, pudimos crear el Equipo Cl\u00ednico de Intervenci\u00f3n a domicilio (ECID) en Badalona primero, y en Santa Coloma de Gramenet despu\u00e9s. Los ECID son equipos asistenciales de salud mental para atender a j\u00f3venes de alto riesgo psicopatol\u00f3gico y alto riesgo de exclusi\u00f3n social, que tienen como caracter\u00edstica com\u00fan unas importantes dificultades para vincularse a los servicios de salud mental ordinarios de la red p\u00fablica o privada de salud mental. La creaci\u00f3n de estos equipos asistenciales innovadores y pioneros en todo el Estado nos ha colocado en una posici\u00f3n privilegiada en el marco de la sanidad p\u00fablica en Catalu\u00f1a. Desde el Departamento de Salud, se ha reconocido la necesidad de desarrollar servicios asistenciales similares que permitan atender a j\u00f3venes de alto riesgo que quedan excluidos de los servicios ordinarios de la red de salud mental. En este sentido, estamos trabajando en el plan de desarrollo del proyecto ECID, con una primera fase de evaluaci\u00f3n de los dos equipos existentes.<\/p>\n<p>Los equipos ECID ofrecen tratamiento psicoterap\u00e9utico intensivo desde el modelo del Tratamiento Basado en la Mentalizaci\u00f3n (MBT), en el marco de un modelo asistencial basado en AMBIT, un modelo para trabajar en equipos desde la mentalizaci\u00f3n.<\/p>\n<p>El Tratamiento Basado en la Mentalizaci\u00f3n nace en el centro Anna Freud de Londres, de la mano de Peter Fonagy, y cuenta en la actualidad con una s\u00f3lida evidencia que apoya su efectividad a nivel transdiagn\u00f3stico. La Fundaci\u00f3n Vidal i Barraquer tiene un convenio de colaboraci\u00f3n con el centro Anna Freud, ofreciendo la formaci\u00f3n AMBIT as\u00ed como formaciones en el modelo MBT para adultos.<\/p>\n<p>Por otro lado, la FVB es miembro fundador de ARSISAM (Asociaci\u00f3n para la obtenci\u00f3n de Resultados Sistem\u00e1ticos en Salud Mental), que se dedica a evaluar las intervenciones psicol\u00f3gicas que se llevan a cabo en la red asistencial p\u00fablica catalana. Este proyecto, del cual ya se ha desarrollado un software que se incorpora en el programa de historia cl\u00ednica informatizada, es \u00fatil por los cl\u00ednicos para tener datos objetivos sobre la evoluci\u00f3n de todos y cada uno de los pacientes que pase por cualquier centro de salud mental p\u00fablico de las instituciones que conforman ARSISAM y, tambi\u00e9n, para obtener un conjunto de datos que nos facilitar\u00e1 hacer investigaciones con muestras muchos grandes, que nos permitir\u00e1 poder dilucidar qu\u00e9 tratamientos funcionan, con quienes, c\u00f3mo y por qu\u00e9.<\/p>\n<p>Dado este contexto, desde el IUSMVB-URL valoramos que nos encontramos ante una oportunidad \u00fanica para hacer investigaci\u00f3n de calidad con dos temas que interesan y ocupan a cl\u00ednicos y administraci\u00f3n. En este sentido, tener una l\u00ednea de investigaci\u00f3n que se centre en hacer investigaciones sobre mentalizaci\u00f3n y en la evaluaci\u00f3n de esta como una nueva herramienta que ha llegado a nuestro entorno para quedarse y, adem\u00e1s, poder disponer de una muestra muy grande para evaluar los tratamientos que se lleven a cabo en todos los centros de salud mental de Catalu\u00f1a, es algo que puede tener mucho recorrido y gran inter\u00e9s cient\u00edfico. Por lo tanto, la creaci\u00f3n de este nuevo grupo, como ya hemos dicho al principio, nace del inter\u00e9s de la FVB de vehicular las tres patas de su actividad profesional, de forma que valide la pr\u00e1ctica cl\u00ednica, la mejore y comporta un salto cualitativo en cuanto a la investigaci\u00f3n y la docencia, con el objetivo \u00faltimo de poder ayudar m\u00e1s y mejor a los pacientes.<\/p>\n<p>Para hacerlo, no solo contamos con los profesionales investigadores de la casa y pr\u00f3ximos a ella, sino que tambi\u00e9n se considera imprescindible la colaboraci\u00f3n con otras instituciones y grupos de investigaci\u00f3n, tanto de la misma URL, como tambi\u00e9n nacionales e internacionales, con el fin de poder llevar a cabo investigaciones y proyectos que puedan generar un impacto en la sociedad.<\/p>\n<p>El mes de abril de 2020, la Comisi\u00f3n de Investigaci\u00f3n de la Universidad Ramon Llull aprob\u00f3 la constituci\u00f3n e inclusi\u00f3n dentro el mapa de grupos de investigaci\u00f3n de la universidad, del Grupo de Investigaci\u00f3n en Mentalizaci\u00f3n y Evaluaci\u00f3n de Intervenciones Psicol\u00f3gicas (GREMAIP), que presentamos desde el Instituto Universitario de Salud Mental Vidal i Barraquer.<\/p>\n<p>El objetivo principal de este grupo es poder acercar la investigaci\u00f3n a todos los profesionales de la FVB y entidades pr\u00f3ximas a ella, y ofrecer un marco de apoyo en el sentido m\u00e1s amplio, con el prop\u00f3sito de poder hacer investigaciones punteras e innovadoras en el campo de la Mentalizaci\u00f3n y la Evaluaci\u00f3n de Intervenciones Psicol\u00f3gicas (ROM).<\/p>\n<p>Consideramos que la investigaci\u00f3n en instituciones como la nuestra es un pilar esencial para el crecimiento tanto de la misma instituci\u00f3n como de los cl\u00ednicos que la conforman. El hecho de escoger estas l\u00edneas de investigaci\u00f3n nos permite incluir casi todas las investigaciones que se puedan llevar a cabo en nuestros centros. Es por este motivo que el GREMAIP est\u00e1 abierto a todos los profesionales de la Fundaci\u00f3n Vidal i Barraquer. Paralelamente, es un grupo que acoge a otros profesionales e investigadores nacionales e internacionales interesados a investigar y colaborar en estas l\u00edneas de investigaci\u00f3n.<\/p>\n<p>&nbsp;<\/p>\n<p>&nbsp;","protected":false},"excerpt":{"rendered":"<p>\u00bfQU\u00c9 ES EL GREMAIP? La Fundaci\u00f3n Vidal i Barraquer es una instituci\u00f3n&#8230;<\/p>\n","protected":false},"author":33,"featured_media":0,"parent":0,"menu_order":0,"comment_status":"closed","ping_status":"closed","template":"","meta":{"footnotes":""},"yoast_head":"<!-- This site is optimized with the Yoast SEO plugin v22.6 - https:\/\/yoast.com\/wordpress\/plugins\/seo\/ -->\n<title>\u00bfQU\u00c9 ES EL GREMAIP? - Fundaci\u00f3 Vidal i Barraquer<\/title>\n<meta name=\"robots\" content=\"index, follow, max-snippet:-1, max-image-preview:large, max-video-preview:-1\" \/>\n<link rel=\"canonical\" href=\"https:\/\/www.fvb.cat\/es\/que-es-gremaip-cast\/\" \/>\n<meta property=\"og:locale\" content=\"es_ES\" \/>\n<meta property=\"og:type\" content=\"article\" \/>\n<meta property=\"og:title\" content=\"[:ca]QU\u00c8 \u00c9S EL GREMAIP?[:es]\u00bfQU\u00c9 ES EL GREMAIP?[:] - Fundaci\u00f3 Vidal i Barraquer\" \/>\n<meta property=\"og:description\" content=\"\u00bfQU\u00c9 ES EL GREMAIP? La Fundaci\u00f3n Vidal i Barraquer es una instituci\u00f3n...\" \/>\n<meta property=\"og:url\" content=\"https:\/\/www.fvb.cat\/es\/que-es-gremaip-cast\/\" \/>\n<meta property=\"og:site_name\" content=\"Fundaci\u00f3 Vidal i Barraquer\" \/>\n<meta property=\"article:modified_time\" content=\"2025-05-07T07:49:27+00:00\" \/>\n<meta name=\"twitter:card\" content=\"summary_large_image\" \/>\n<meta name=\"twitter:label1\" content=\"Tiempo de lectura\" \/>\n\t<meta name=\"twitter:data1\" content=\"5 minutos\" \/>\n<script type=\"application\/ld+json\" class=\"yoast-schema-graph\">{\"@context\":\"https:\/\/schema.org\",\"@graph\":[{\"@type\":\"WebPage\",\"@id\":\"https:\/\/www.fvb.cat\/es\/que-es-gremaip-cast\/\",\"url\":\"https:\/\/www.fvb.cat\/es\/que-es-gremaip-cast\/\",\"name\":\"[:ca]QU\u00c8 \u00c9S EL GREMAIP?[:es]\u00bfQU\u00c9 ES EL GREMAIP?[:] - Fundaci\u00f3 Vidal i Barraquer\",\"isPartOf\":{\"@id\":\"https:\/\/www.fvb.cat\/es\/#website\"},\"datePublished\":\"2024-12-30T11:46:48+00:00\",\"dateModified\":\"2025-05-07T07:49:27+00:00\",\"breadcrumb\":{\"@id\":\"https:\/\/www.fvb.cat\/es\/que-es-gremaip-cast\/#breadcrumb\"},\"inLanguage\":\"es\",\"potentialAction\":[{\"@type\":\"ReadAction\",\"target\":[\"https:\/\/www.fvb.cat\/es\/que-es-gremaip-cast\/\"]}]},{\"@type\":\"BreadcrumbList\",\"@id\":\"https:\/\/www.fvb.cat\/es\/que-es-gremaip-cast\/#breadcrumb\",\"itemListElement\":[{\"@type\":\"ListItem\",\"position\":1,\"name\":\"Inici\",\"item\":\"https:\/\/www.fvb.cat\/es\/\"},{\"@type\":\"ListItem\",\"position\":2,\"name\":\"\u00bfQU\u00c9 ES EL GREMAIP?\"}]},{\"@type\":\"WebSite\",\"@id\":\"https:\/\/www.fvb.cat\/es\/#website\",\"url\":\"https:\/\/www.fvb.cat\/es\/\",\"name\":\"Fundaci\u00f3 Vidal i Barraquer\",\"description\":\"Asistencia, docencia e investigaci\u00f3n en Salud Mental\",\"publisher\":{\"@id\":\"https:\/\/www.fvb.cat\/es\/#organization\"},\"potentialAction\":[{\"@type\":\"SearchAction\",\"target\":{\"@type\":\"EntryPoint\",\"urlTemplate\":\"https:\/\/www.fvb.cat\/es\/?s={search_term_string}\"},\"query-input\":\"required name=search_term_string\"}],\"inLanguage\":\"es\"},{\"@type\":\"Organization\",\"@id\":\"https:\/\/www.fvb.cat\/es\/#organization\",\"name\":\"Fundaci\u00f3 Vidal i Barraquer\",\"url\":\"https:\/\/www.fvb.cat\/es\/\",\"logo\":{\"@type\":\"ImageObject\",\"inLanguage\":\"es\",\"@id\":\"https:\/\/www.fvb.cat\/es\/#\/schema\/logo\/image\/\",\"url\":\"https:\/\/www.fvb.cat\/wp-content\/uploads\/2024\/05\/logo-vidal-i-barrauqer-60-aniversari.jpg\",\"contentUrl\":\"https:\/\/www.fvb.cat\/wp-content\/uploads\/2024\/05\/logo-vidal-i-barrauqer-60-aniversari.jpg\",\"width\":2125,\"height\":703,\"caption\":\"Fundaci\u00f3 Vidal i Barraquer\"},\"image\":{\"@id\":\"https:\/\/www.fvb.cat\/es\/#\/schema\/logo\/image\/\"}}]}<\/script>\n<!-- \/ Yoast SEO plugin. -->","yoast_head_json":{"title":"[:ca]QU\u00c8 \u00c9S EL GREMAIP?[:es]\u00bfQU\u00c9 ES EL GREMAIP?[:] - Fundaci\u00f3 Vidal i Barraquer","robots":{"index":"index","follow":"follow","max-snippet":"max-snippet:-1","max-image-preview":"max-image-preview:large","max-video-preview":"max-video-preview:-1"},"canonical":"https:\/\/www.fvb.cat\/es\/que-es-gremaip-cast\/","og_locale":"es_ES","og_type":"article","og_title":"[:ca]QU\u00c8 \u00c9S EL GREMAIP?[:es]\u00bfQU\u00c9 ES EL GREMAIP?[:] - Fundaci\u00f3 Vidal i Barraquer","og_description":"\u00bfQU\u00c9 ES EL GREMAIP? La Fundaci\u00f3n Vidal i Barraquer es una instituci\u00f3n...","og_url":"https:\/\/www.fvb.cat\/es\/que-es-gremaip-cast\/","og_site_name":"Fundaci\u00f3 Vidal i Barraquer","article_modified_time":"2025-05-07T07:49:27+00:00","twitter_card":"summary_large_image","twitter_misc":{"Tiempo de lectura":"5 minutos"},"schema":{"@context":"https:\/\/schema.org","@graph":[{"@type":"WebPage","@id":"https:\/\/www.fvb.cat\/es\/que-es-gremaip-cast\/","url":"https:\/\/www.fvb.cat\/es\/que-es-gremaip-cast\/","name":"[:ca]QU\u00c8 \u00c9S EL GREMAIP?[:es]\u00bfQU\u00c9 ES EL GREMAIP?[:] - Fundaci\u00f3 Vidal i Barraquer","isPartOf":{"@id":"https:\/\/www.fvb.cat\/es\/#website"},"datePublished":"2024-12-30T11:46:48+00:00","dateModified":"2025-05-07T07:49:27+00:00","breadcrumb":{"@id":"https:\/\/www.fvb.cat\/es\/que-es-gremaip-cast\/#breadcrumb"},"inLanguage":"es","potentialAction":[{"@type":"ReadAction","target":["https:\/\/www.fvb.cat\/es\/que-es-gremaip-cast\/"]}]},{"@type":"BreadcrumbList","@id":"https:\/\/www.fvb.cat\/es\/que-es-gremaip-cast\/#breadcrumb","itemListElement":[{"@type":"ListItem","position":1,"name":"Inici","item":"https:\/\/www.fvb.cat\/es\/"},{"@type":"ListItem","position":2,"name":"\u00bfQU\u00c9 ES EL GREMAIP?"}]},{"@type":"WebSite","@id":"https:\/\/www.fvb.cat\/es\/#website","url":"https:\/\/www.fvb.cat\/es\/","name":"Fundaci\u00f3 Vidal i Barraquer","description":"Asistencia, docencia e investigaci\u00f3n en Salud Mental","publisher":{"@id":"https:\/\/www.fvb.cat\/es\/#organization"},"potentialAction":[{"@type":"SearchAction","target":{"@type":"EntryPoint","urlTemplate":"https:\/\/www.fvb.cat\/es\/?s={search_term_string}"},"query-input":"required name=search_term_string"}],"inLanguage":"es"},{"@type":"Organization","@id":"https:\/\/www.fvb.cat\/es\/#organization","name":"Fundaci\u00f3 Vidal i Barraquer","url":"https:\/\/www.fvb.cat\/es\/","logo":{"@type":"ImageObject","inLanguage":"es","@id":"https:\/\/www.fvb.cat\/es\/#\/schema\/logo\/image\/","url":"https:\/\/www.fvb.cat\/wp-content\/uploads\/2024\/05\/logo-vidal-i-barrauqer-60-aniversari.jpg","contentUrl":"https:\/\/www.fvb.cat\/wp-content\/uploads\/2024\/05\/logo-vidal-i-barrauqer-60-aniversari.jpg","width":2125,"height":703,"caption":"Fundaci\u00f3 Vidal i Barraquer"},"image":{"@id":"https:\/\/www.fvb.cat\/es\/#\/schema\/logo\/image\/"}}]}},"_links":{"self":[{"href":"https:\/\/www.fvb.cat\/es\/wp-json\/wp\/v2\/pages\/16514"}],"collection":[{"href":"https:\/\/www.fvb.cat\/es\/wp-json\/wp\/v2\/pages"}],"about":[{"href":"https:\/\/www.fvb.cat\/es\/wp-json\/wp\/v2\/types\/page"}],"author":[{"embeddable":true,"href":"https:\/\/www.fvb.cat\/es\/wp-json\/wp\/v2\/users\/33"}],"replies":[{"embeddable":true,"href":"https:\/\/www.fvb.cat\/es\/wp-json\/wp\/v2\/comments?post=16514"}],"version-history":[{"count":5,"href":"https:\/\/www.fvb.cat\/es\/wp-json\/wp\/v2\/pages\/16514\/revisions"}],"predecessor-version":[{"id":17052,"href":"https:\/\/www.fvb.cat\/es\/wp-json\/wp\/v2\/pages\/16514\/revisions\/17052"}],"wp:attachment":[{"href":"https:\/\/www.fvb.cat\/es\/wp-json\/wp\/v2\/media?parent=16514"}],"curies":[{"name":"wp","href":"https:\/\/api.w.org\/{rel}","templated":true}]}}