{"id":15943,"date":"2024-08-07T11:36:53","date_gmt":"2024-08-07T10:36:53","guid":{"rendered":"https:\/\/www.fvb.cat\/es\/?page_id=15943"},"modified":"2025-10-22T13:02:44","modified_gmt":"2025-10-22T12:02:44","slug":"15943-2","status":"publish","type":"page","link":"https:\/\/www.fvb.cat\/es\/blog\/rec-i-accio\/","title":{"rendered":"REC I ACCI\u00d3"},"content":{"rendered":"<section class=\"l-section wpb_row height_medium\"><div class=\"l-section-h i-cf\"><div class=\"g-cols type_default valign_top\"><div class=\"vc_col-sm-12 wpb_column vc_column_container\"><div class=\"vc_column-inner\"><div class=\"wpb_wrapper\"><\/div><\/div><\/div><\/div><\/div><\/section><section class=\"l-section wpb_row height_medium\"><div class=\"l-section-h i-cf\"><div class=\"g-cols type_default valign_top\"><div class=\"vc_col-sm-12 wpb_column vc_column_container has-fill\"><div class=\"vc_column-inner  vc_custom_1750333697387\"><div class=\"wpb_wrapper\"><div class=\"wpb_text_column \"><div class=\"wpb_wrapper\">\n<h1 style=\"text-align: center;\"><strong>\u00a0\u00a1YA EST\u00c1 AQU\u00cd LA VI EDICI\u00d3N DEL CONCURSO DE CORTOMETRAJES SOBRE LA SALUD MENTAL REC I ACCI\u00d3!<\/strong><\/h1>\n<\/div> <\/div> <div class=\"w-video ratio_21x9\"><div class=\"w-video-h\"><iframe loading=\"lazy\" width=\"420\" height=\"315\" src=\"\/\/www.youtube.com\/embed\/XyBGijNYKg8?rel=0\" allowfullscreen><\/iframe><\/div><\/div><\/div><\/div><\/div><\/div><\/div><\/section><section class=\"l-section wpb_row height_medium\"><div class=\"l-section-h i-cf\"><div class=\"g-cols type_default valign_top\"><div class=\"vc_col-sm-8 wpb_column vc_column_container\"><div class=\"vc_column-inner\"><div class=\"wpb_wrapper\"><div class=\"wpb_text_column \"><div class=\"wpb_wrapper\"><p>LA SALUD MENTAL TIENE MUCHAS MIRAYDAS. \u00bfCU\u00c1L ES LA TUYA?<\/p>\n<p>Participa la V edici\u00f3n de cortometrajes sobre la Salud Mental REC i ACCI\u00d3. \u00bfC\u00f3mo puedes hacerlo?<\/p>\n<h6><strong>1-<\/strong> Coge tu m\u00f3vil y graba una historia relacionada en la salud mental. Puedes hacerlo en solitario, pareja o grupo.<\/h6>\n<h6><strong>2- <\/strong>Puedes editar el v\u00eddeo tanto como creas oportuno.\u00a0La duraci\u00f3n m\u00e1xima es de 2 minutos, sin contar los cr\u00e9ditos.<\/h6>\n<h6><strong>3- <\/strong>\u00a0Env\u00eda tu v\u00eddeo al correo reciacciosantandreu@gmail.com. Hazlo usando la p\u00e1gina web <a href=\"https:\/\/wetransfer.com\/\">WeTransfer <\/a>para asegurarte que llegan en la m\u00e1xima calidad.<\/h6>\n<p>&nbsp;<\/p>\n<h4 style=\"text-align: center;\"><strong>Fecha l\u00edmite: 2 de noviembre de 2025<\/strong><\/h4>\n<\/p><\/div> <\/div> <div class=\"wpb_text_column \"><div class=\"wpb_wrapper\">\n<h4 style=\"text-align: center;\"><strong>Servicio de soporte a la creaci\u00f3n REC i ACCI\u00d3\u00a0<\/strong><\/h4>\n<div class=\"x_elementToProof\" data-olk-copy-source=\"MessageBody\"> <strong>\u00bf<\/strong><b>Tienes una idea para un v\u00eddeo y no sabes como llevarla a cabo?<\/b><\/div>\n<div class=\"x_elementToProof\" data-olk-copy-source=\"MessageBody\">Desde <b>La Ve\u00efnal Televisi\u00f3<\/b> se ofrece <b>soporte creativo y t\u00e9cnico<\/b> para ayudarte a hacerlo realidad.<\/div>\n<div class=\"x_elementToProof\">Ven a las pr\u00f3ximas <b>sesiones de asesoramiento al Centro C\u00edvico Bar\u00f3 de Viver<\/b>:<\/div>\n<div><\/div>\n<div class=\"x_elementToProof\" style=\"text-align: left;\">\u00a0<b>Mi\u00e9rcoles\u00a0 22\/10<\/b>\u00a0de 18 h a 20 h<br \/>\n\u00a0<b>Mi\u00e9rcoles 29\/10<\/b>\u00a0de 18 h a 20 h<\/div>\n<div><\/div>\n<div class=\"x_elementToProof\">\u00a1Te esperamos!<\/div>\n<p>.<\/div> <\/div> <\/div><\/div><\/div><div class=\"vc_col-sm-4 wpb_column vc_column_container has-fill\"><div class=\"vc_column-inner  vc_custom_1750333726458 color_custom\" style=\"color:#4486bf;\"><div class=\"wpb_wrapper\"><div class=\"w-form for_cform align_left\" id=\"us_form_2\">\n\t<form class=\"w-form-h\" autocomplete=\"off\" action=\"https:\/\/www.fvb.cat\/es\/wp-json\/wp\/v2\/pages\/15943\" method=\"post\">\n\t\t\t\t\t\t\t<div class=\"w-form-row for_name required\">\n\t<div class=\"w-form-row-label\">\n\t\t<label for=\"us_form_2_name\"><\/label>\n\t<\/div>\n\t<div class=\"w-form-row-field\">\n\t\t\t\t<input type=\"text\" name=\"name\" id=\"us_form_2_name\" value=\"\"\n\t\t\t   placeholder=\"Nombre *\" data-required=\"true\" aria-required=\"true\"\/>\n\t\t<span class=\"w-form-row-field-bar\"><\/span>\n\t\t\t<\/div>\n\t<div class=\"w-form-row-state\"><\/div>\n\t<\/div>\n\t\t\t\t\t<div class=\"w-form-row for_email required\">\n\t<div class=\"w-form-row-label\">\n\t\t<label for=\"us_form_2_email\"><\/label>\n\t<\/div>\n\t<div class=\"w-form-row-field\">\n\t\t\t\t<input type=\"email\" name=\"email\" id=\"us_form_2_email\" value=\"\"\n\t\t\t   placeholder=\"Correo electr\u00f3nico *\" data-required=\"true\" aria-required=\"true\"\/>\n\t\t<span class=\"w-form-row-field-bar\"><\/span>\n\t\t\t<\/div>\n\t<div class=\"w-form-row-state\"><\/div>\n\t<\/div>\n\t\t\t\t\t<div class=\"w-form-row for_message required\">\n\t<div class=\"w-form-row-label\">\n\t\t<label for=\"us_form_2_message\"><\/label>\n\t<\/div>\n\t<div class=\"w-form-row-field\">\n\t\t\t\t<textarea name=\"message\" id=\"us_form_2_message\" cols=\"30\" rows=\"10\" placeholder=\"Mensaje *\"\n\t\t\t data-required=\"true\" aria-required=\"true\"><\/textarea>\n\t\t<span class=\"w-form-row-field-bar\"><\/span>\n\t\t\t<\/div>\n\t<div class=\"w-form-row-state\"><\/div>\n\t<\/div>\n\t\t\t\t\t<input type=\"hidden\" name=\"action\" value=\"us_ajax_cform\" \/>\n\t\t\t\t\t<input type=\"hidden\" name=\"post_id\" value=\"15943\" \/>\n\t\t\t\t\t<input type=\"hidden\" name=\"form_index\" value=\"2\" \/>\n\t\t\t\t\t<div class=\"w-form-row for_submit\">\n\t<div class=\"w-form-row-field\">\n\t\t<button class=\"w-btn size_15px color_red style_outlined\" type=\"submit\"><span class=\"g-preloader type_1\"><\/span><span class=\"w-btn-label\">ENVIAR MENSAJE<\/span><\/button>\n\t<\/div>\n<\/div>\n\t\t\t\t<div class=\"w-form-message\"><\/div>\n\t\t\t<\/form>\n\t\t\t<div class=\"w-form-json hidden\" onclick='return {&quot;ajaxurl&quot;:&quot;https:\\\/\\\/www.fvb.cat\\\/wp-admin\\\/admin-ajax.php&quot;,&quot;success&quot;:&quot;\\u00a1Gracias! Tu mensaje ha sido enviado correctamente.&quot;,&quot;errors&quot;:{&quot;name&quot;:&quot;Por favor, introduce tu nombre&quot;,&quot;email&quot;:&quot;Por favor, introduce tu direcci\\u00f3n de correo electr\\u00f3nico&quot;,&quot;message&quot;:&quot;Por favor, introduce un mensaje&quot;}}'><\/div>\n\t<\/div>\n<\/div><\/div><\/div><\/div><\/div><\/section><section class=\"l-section wpb_row height_medium\"><div class=\"l-section-h i-cf\"><div class=\"g-cols type_default valign_top\"><div class=\"vc_col-sm-8 wpb_column vc_column_container\"><div class=\"vc_column-inner\"><div class=\"wpb_wrapper\"><div class=\"wpb_text_column \"><div class=\"wpb_wrapper\">\n<h4 style=\"text-align: center;\">\u00a0\u00bfQuieres ver los videos de las pasadas ediciones? Visita nuestro YouTube<\/h4>\n<\/div> <\/div> <\/div><\/div><\/div><div class=\"vc_col-sm-4 wpb_column vc_column_container\"><div class=\"vc_column-inner\"><div class=\"wpb_wrapper\"><div class=\"w-video ratio_16x9\"><div class=\"w-video-h\"><iframe loading=\"lazy\" width=\"420\" height=\"315\" src=\"\/\/www.youtube.com\/embed\/PsdfTmpWoHE?rel=0\" allowfullscreen><\/iframe><\/div><\/div><\/div><\/div><\/div><\/div><\/div><\/section><section class=\"l-section wpb_row height_medium\"><div class=\"l-section-h i-cf\"><div class=\"g-cols type_default valign_top\"><div class=\"vc_col-sm-12 wpb_column vc_column_container\"><div class=\"vc_column-inner\"><div class=\"wpb_wrapper\"><div class=\"wpb_text_column \"><div class=\"wpb_wrapper\">\n<h5 style=\"text-align: center;\">\u00bfQuieres participar? Consulta las bases<\/h5>\n<\/div> <\/div> <div class=\"g-cols wpb_row type_default valign_top vc_inner \"><div class=\"vc_col-sm-3 wpb_column vc_column_container\"><div class=\"vc_column-inner\"><div class=\"wpb_wrapper\"><div class=\"w-btn-wrapper align_center\"><a class=\"w-btn style_solid color_navy icon_none\" href=\"https:\/\/docs.google.com\/document\/u\/0\/d\/1rLcfN9eQAE4VrEWe-JPApMrY2s5UTyYP\/mobilebasic\" target=\"_blank\"><span class=\"w-btn-label\">BASES CATAL\u00c0<\/span><\/a><\/div><\/div><\/div><\/div><div class=\"vc_col-sm-3 wpb_column vc_column_container\"><div class=\"vc_column-inner\"><div class=\"wpb_wrapper\"><div class=\"w-btn-wrapper align_center\"><a class=\"w-btn style_solid color_navy icon_none\" href=\"https:\/\/www.fvb.cat\/wp-content\/uploads\/2025\/06\/arab-RECIACCIO-bases-i-full-drets-dimatge-2023-1-ar-SA.pdf\" target=\"_blank\"><span class=\"w-btn-label\">BASES \u00c1RABE<\/span><\/a><\/div><\/div><\/div><\/div><div class=\"vc_col-sm-3 wpb_column vc_column_container\"><div class=\"vc_column-inner\"><div class=\"wpb_wrapper\"><div class=\"w-btn-wrapper align_center\"><a class=\"w-btn style_solid color_navy icon_none\" href=\"https:\/\/www.fvb.cat\/wp-content\/uploads\/2025\/06\/urdu-RECIACCIO-bases-i-full-drets-dimatge-2023-1-ur-PK.pdf\" target=\"_blank\"><span class=\"w-btn-label\">BASES URD\u00da<\/span><\/a><\/div><\/div><\/div><\/div><div class=\"vc_col-sm-3 wpb_column vc_column_container\"><div class=\"vc_column-inner\"><div class=\"wpb_wrapper\"><div class=\"w-btn-wrapper align_center\"><a class=\"w-btn style_solid color_navy icon_none\" href=\"https:\/\/www.fvb.cat\/wp-content\/uploads\/2025\/06\/xines-RECIACCIO-bases-i-full-drets-dimatge-2023-1-zh-CN.pdf\" target=\"_blank\"><span class=\"w-btn-label\">BASES CHINO<\/span><\/a><\/div><\/div><\/div><\/div><\/div><\/div><\/div><\/div><\/div><\/div><\/section>","protected":false},"excerpt":{"rendered":"Fundaci\u00f3n Vidal i Barraquer Somos una instituci\u00f3n creada en 1964 y dedicada...","protected":false},"author":33,"featured_media":0,"parent":3728,"menu_order":0,"comment_status":"closed","ping_status":"closed","template":"","meta":{"footnotes":""},"yoast_head":"<!-- This site is optimized with the Yoast SEO plugin v22.6 - https:\/\/yoast.com\/wordpress\/plugins\/seo\/ -->\n<title>REC I ACCI\u00d3 - Fundaci\u00f3 Vidal i Barraquer<\/title>\n<meta name=\"robots\" content=\"index, follow, max-snippet:-1, max-image-preview:large, max-video-preview:-1\" \/>\n<link rel=\"canonical\" href=\"https:\/\/www.fvb.cat\/es\/blog\/rec-i-accio\/\" \/>\n<meta property=\"og:locale\" content=\"es_ES\" \/>\n<meta property=\"og:type\" content=\"article\" \/>\n<meta property=\"og:title\" content=\"REC I ACCI\u00d3 - Fundaci\u00f3 Vidal i Barraquer\" \/>\n<meta property=\"og:url\" content=\"https:\/\/www.fvb.cat\/es\/blog\/rec-i-accio\/\" \/>\n<meta property=\"og:site_name\" content=\"Fundaci\u00f3 Vidal i Barraquer\" \/>\n<meta property=\"article:modified_time\" content=\"2025-10-22T12:02:44+00:00\" \/>\n<meta name=\"twitter:card\" content=\"summary_large_image\" \/>\n<meta name=\"twitter:label1\" content=\"Tiempo de lectura\" \/>\n\t<meta name=\"twitter:data1\" content=\"2 minutos\" \/>\n<script type=\"application\/ld+json\" class=\"yoast-schema-graph\">{\"@context\":\"https:\/\/schema.org\",\"@graph\":[{\"@type\":\"WebPage\",\"@id\":\"https:\/\/www.fvb.cat\/es\/blog\/rec-i-accio\/\",\"url\":\"https:\/\/www.fvb.cat\/es\/blog\/rec-i-accio\/\",\"name\":\"REC I ACCI\u00d3 - Fundaci\u00f3 Vidal i Barraquer\",\"isPartOf\":{\"@id\":\"https:\/\/www.fvb.cat\/es\/#website\"},\"datePublished\":\"2024-08-07T10:36:53+00:00\",\"dateModified\":\"2025-10-22T12:02:44+00:00\",\"breadcrumb\":{\"@id\":\"https:\/\/www.fvb.cat\/es\/blog\/rec-i-accio\/#breadcrumb\"},\"inLanguage\":\"es\",\"potentialAction\":[{\"@type\":\"ReadAction\",\"target\":[\"https:\/\/www.fvb.cat\/es\/blog\/rec-i-accio\/\"]}]},{\"@type\":\"BreadcrumbList\",\"@id\":\"https:\/\/www.fvb.cat\/es\/blog\/rec-i-accio\/#breadcrumb\",\"itemListElement\":[{\"@type\":\"ListItem\",\"position\":1,\"name\":\"Inici\",\"item\":\"https:\/\/www.fvb.cat\/es\/\"},{\"@type\":\"ListItem\",\"position\":2,\"name\":\"Blog\",\"item\":\"https:\/\/www.fvb.cat\/es\/home-2-3\/blog\/\"},{\"@type\":\"ListItem\",\"position\":3,\"name\":\"REC I ACCI\u00d3\"}]},{\"@type\":\"WebSite\",\"@id\":\"https:\/\/www.fvb.cat\/es\/#website\",\"url\":\"https:\/\/www.fvb.cat\/es\/\",\"name\":\"Fundaci\u00f3 Vidal i Barraquer\",\"description\":\"Asistencia, docencia e investigaci\u00f3n en Salud Mental\",\"publisher\":{\"@id\":\"https:\/\/www.fvb.cat\/es\/#organization\"},\"potentialAction\":[{\"@type\":\"SearchAction\",\"target\":{\"@type\":\"EntryPoint\",\"urlTemplate\":\"https:\/\/www.fvb.cat\/es\/?s={search_term_string}\"},\"query-input\":\"required name=search_term_string\"}],\"inLanguage\":\"es\"},{\"@type\":\"Organization\",\"@id\":\"https:\/\/www.fvb.cat\/es\/#organization\",\"name\":\"Fundaci\u00f3 Vidal i Barraquer\",\"url\":\"https:\/\/www.fvb.cat\/es\/\",\"logo\":{\"@type\":\"ImageObject\",\"inLanguage\":\"es\",\"@id\":\"https:\/\/www.fvb.cat\/es\/#\/schema\/logo\/image\/\",\"url\":\"https:\/\/www.fvb.cat\/wp-content\/uploads\/2024\/05\/logo-vidal-i-barrauqer-60-aniversari.jpg\",\"contentUrl\":\"https:\/\/www.fvb.cat\/wp-content\/uploads\/2024\/05\/logo-vidal-i-barrauqer-60-aniversari.jpg\",\"width\":2125,\"height\":703,\"caption\":\"Fundaci\u00f3 Vidal i Barraquer\"},\"image\":{\"@id\":\"https:\/\/www.fvb.cat\/es\/#\/schema\/logo\/image\/\"}}]}<\/script>\n<!-- \/ Yoast SEO plugin. -->","yoast_head_json":{"title":"REC I ACCI\u00d3 - Fundaci\u00f3 Vidal i Barraquer","robots":{"index":"index","follow":"follow","max-snippet":"max-snippet:-1","max-image-preview":"max-image-preview:large","max-video-preview":"max-video-preview:-1"},"canonical":"https:\/\/www.fvb.cat\/es\/blog\/rec-i-accio\/","og_locale":"es_ES","og_type":"article","og_title":"REC I ACCI\u00d3 - Fundaci\u00f3 Vidal i Barraquer","og_url":"https:\/\/www.fvb.cat\/es\/blog\/rec-i-accio\/","og_site_name":"Fundaci\u00f3 Vidal i Barraquer","article_modified_time":"2025-10-22T12:02:44+00:00","twitter_card":"summary_large_image","twitter_misc":{"Tiempo de lectura":"2 minutos"},"schema":{"@context":"https:\/\/schema.org","@graph":[{"@type":"WebPage","@id":"https:\/\/www.fvb.cat\/es\/blog\/rec-i-accio\/","url":"https:\/\/www.fvb.cat\/es\/blog\/rec-i-accio\/","name":"REC I ACCI\u00d3 - Fundaci\u00f3 Vidal i Barraquer","isPartOf":{"@id":"https:\/\/www.fvb.cat\/es\/#website"},"datePublished":"2024-08-07T10:36:53+00:00","dateModified":"2025-10-22T12:02:44+00:00","breadcrumb":{"@id":"https:\/\/www.fvb.cat\/es\/blog\/rec-i-accio\/#breadcrumb"},"inLanguage":"es","potentialAction":[{"@type":"ReadAction","target":["https:\/\/www.fvb.cat\/es\/blog\/rec-i-accio\/"]}]},{"@type":"BreadcrumbList","@id":"https:\/\/www.fvb.cat\/es\/blog\/rec-i-accio\/#breadcrumb","itemListElement":[{"@type":"ListItem","position":1,"name":"Inici","item":"https:\/\/www.fvb.cat\/es\/"},{"@type":"ListItem","position":2,"name":"Blog","item":"https:\/\/www.fvb.cat\/es\/home-2-3\/blog\/"},{"@type":"ListItem","position":3,"name":"REC I ACCI\u00d3"}]},{"@type":"WebSite","@id":"https:\/\/www.fvb.cat\/es\/#website","url":"https:\/\/www.fvb.cat\/es\/","name":"Fundaci\u00f3 Vidal i Barraquer","description":"Asistencia, docencia e investigaci\u00f3n en Salud Mental","publisher":{"@id":"https:\/\/www.fvb.cat\/es\/#organization"},"potentialAction":[{"@type":"SearchAction","target":{"@type":"EntryPoint","urlTemplate":"https:\/\/www.fvb.cat\/es\/?s={search_term_string}"},"query-input":"required name=search_term_string"}],"inLanguage":"es"},{"@type":"Organization","@id":"https:\/\/www.fvb.cat\/es\/#organization","name":"Fundaci\u00f3 Vidal i Barraquer","url":"https:\/\/www.fvb.cat\/es\/","logo":{"@type":"ImageObject","inLanguage":"es","@id":"https:\/\/www.fvb.cat\/es\/#\/schema\/logo\/image\/","url":"https:\/\/www.fvb.cat\/wp-content\/uploads\/2024\/05\/logo-vidal-i-barrauqer-60-aniversari.jpg","contentUrl":"https:\/\/www.fvb.cat\/wp-content\/uploads\/2024\/05\/logo-vidal-i-barrauqer-60-aniversari.jpg","width":2125,"height":703,"caption":"Fundaci\u00f3 Vidal i Barraquer"},"image":{"@id":"https:\/\/www.fvb.cat\/es\/#\/schema\/logo\/image\/"}}]}},"_links":{"self":[{"href":"https:\/\/www.fvb.cat\/es\/wp-json\/wp\/v2\/pages\/15943"}],"collection":[{"href":"https:\/\/www.fvb.cat\/es\/wp-json\/wp\/v2\/pages"}],"about":[{"href":"https:\/\/www.fvb.cat\/es\/wp-json\/wp\/v2\/types\/page"}],"author":[{"embeddable":true,"href":"https:\/\/www.fvb.cat\/es\/wp-json\/wp\/v2\/users\/33"}],"replies":[{"embeddable":true,"href":"https:\/\/www.fvb.cat\/es\/wp-json\/wp\/v2\/comments?post=15943"}],"version-history":[{"count":13,"href":"https:\/\/www.fvb.cat\/es\/wp-json\/wp\/v2\/pages\/15943\/revisions"}],"predecessor-version":[{"id":17600,"href":"https:\/\/www.fvb.cat\/es\/wp-json\/wp\/v2\/pages\/15943\/revisions\/17600"}],"up":[{"embeddable":true,"href":"https:\/\/www.fvb.cat\/es\/wp-json\/wp\/v2\/pages\/3728"}],"wp:attachment":[{"href":"https:\/\/www.fvb.cat\/es\/wp-json\/wp\/v2\/media?parent=15943"}],"curies":[{"name":"wp","href":"https:\/\/api.w.org\/{rel}","templated":true}]}}