{"id":11849,"date":"2022-09-21T17:17:02","date_gmt":"2022-09-21T16:17:02","guid":{"rendered":"https:\/\/www.fvb.cat\/?page_id=11849"},"modified":"2025-11-05T09:59:24","modified_gmt":"2025-11-05T08:59:24","slug":"formacio-continuada-curs-2022-2023","status":"publish","type":"page","link":"https:\/\/www.fvb.cat\/es\/docencia\/formacion-continuada-ups-2\/","title":{"rendered":"Formaci\u00f3n &#8211; AMBIT Multi-Team Training"},"content":{"rendered":"<section class=\"l-section wpb_row height_medium\"><div class=\"l-section-h i-cf\"><div class=\"g-cols type_default valign_top\"><div class=\"vc_col-sm-12 wpb_column vc_column_container\"><div class=\"vc_column-inner\"><div class=\"wpb_wrapper\"><div class=\"g-cols wpb_row type_default valign_top vc_inner \"><div class=\"vc_col-sm-12 wpb_column vc_column_container\"><div class=\"vc_column-inner\"><div class=\"wpb_wrapper\"><div class=\"wpb_text_column \"><div class=\"wpb_wrapper\">\n<h1><strong>Formaci\u00f3n &#8211; AMBIT Multi-Team Training<\/strong><\/h1>\n<\/div> <\/div> <div class=\"wpb_text_column \"><div class=\"wpb_wrapper\">\n<p style=\"font-weight: 400;\">AMBIT es un abordaje para equipos basado en la teor\u00eda y t\u00e9cnica del modelo del Tratamiento Basado en la Mentalizaci\u00f3n (MBT), para aquellos equipos que trabajan con personas con m\u00faltiples y graves necesidades, que presentan dificultades para vincularse a los servicios asistenciales ordinarios. AMBIT es un modelo para apoyar a los equipos a desarrollar sistemas de ayuda en torno a pacientes o usuarios particularmente vulnerables, excluidos y desatendidos, que pueden tener poca confianza en la posibilidad de que la ayuda sea \u00fatil a sus vidas. Sus complejas y diversas dificultades, a menudo promueven que intervengan un gran n\u00famero de profesionales de diferentes equipos a su alrededor, lo que puede dificultar la coordinaci\u00f3n de \u201cqui\u00e9n hace qu\u00e9 y cu\u00e1ndo\u201d, y a veces puede ser bastante abrumador para las mismas personas en las que estamos tratando de ayudar.<\/p>\n<\/div> <\/div> [vc_empty_space]<\/div><\/div><\/div><\/div>[vc_empty_space height=\u00bb15px\u00bb]<div class=\"g-cols wpb_row type_default valign_top vc_inner \"><div class=\"vc_col-sm-12 wpb_column vc_column_container\"><div class=\"vc_column-inner\"><div class=\"wpb_wrapper\"><\/div><\/div><\/div><\/div><div class=\"g-cols wpb_row type_default valign_top vc_inner \"><div class=\"vc_col-sm-12 wpb_column vc_column_container\"><div class=\"vc_column-inner\"><div class=\"wpb_wrapper\">[vc_empty_space]<div class=\"wpb_text_column \"><div class=\"wpb_wrapper\">\n<h5><strong>\u00bfQu\u00e9 es Mentalizar?<\/strong><\/h5>\n<p style=\"font-weight: 400;\">Mentalizar se refiere a nuestra capacidad de prestar atenci\u00f3n a los estados mentales en nosotros mismos y en los dem\u00e1s, cuando intentamos comprender nuestras acciones y las de los dem\u00e1s bas\u00e1ndonos en los estados mentales intencionales subyacentes.<\/p>\n<p>Cuando estamos mentalizando adecuadamente, somos capaces de entender lo que ocurre en nuestra propia mente y en la de otras personas, y darnos cuenta de c\u00f3mo esto afecta las emociones, pensamientos y acciones tanto propias como ajenas. Esta comprensi\u00f3n de nuestras propias perspectivas, as\u00ed como de las de los dem\u00e1s, conduce a interacciones y relaciones sociales m\u00e1s exitosas.<\/p>\n<p>En muchos trastornos mentales, como los trastornos de la personalidad, las personas pueden tener deteriorada su capacidad de mentalizar. Esto puede generar malentendidos en relaci\u00f3n con las emociones, pensamientos y acciones, y provocar rupturas en las interacciones y relaciones. Es fundamental que las personas aprendan a mentalizar con \u00e9xito para mejorar su salud mental y funcionamiento social.<\/p>\n<p>Un foco en esta actividad tan humana como intervenci\u00f3n terap\u00e9utica, forma el n\u00facleo del tratamiento basado en mentalizaci\u00f3n (MBT). Este tratamiento, basado en la evidencia, ha demostrado ser altamente eficaz en el tratamiento del Trastorno L\u00edmite de la Personalidad (TLP). El MBT se desarroll\u00f3 inicialmente para el tratamiento del TLP, pero actualmente se utiliza para una amplia gama de trastornos, existiendo evidencia emp\u00edrica que apoya su eficacia a nivel transdiagn\u00f3stico.<\/div> <\/div> <div class=\"w-iconbox iconpos_top style_default color_primary no_title no_text\"><div class=\"w-iconbox-icon\"><i class=\"fa fa-star\"><\/i><\/div><\/div><div class=\"wpb_text_column \"><div class=\"wpb_wrapper\">\n<h5><strong>Presentaci\u00f3n<\/strong><\/h5>\n<p style=\"font-weight: 400;\">AMBIT significa Tratamiento Integrador Basado en Mentalizaci\u00f3n Adaptativa, pero muchos simplemente le llaman AMBIT. El significado literal de la palabra -\u00e1mbit(o)- se relaciona con la propia esfera de influencia. AMBIT aplica la teor\u00eda y la pr\u00e1ctica de la mentalizaci\u00f3n no s\u00f3lo para el trabajo con nuestros pacientes o usuarios, sino tambi\u00e9n para los equipos, las redes asistenciales m\u00e1s amplias y la capacidad de los equipos para aprender y adaptarse.<\/p>\n<p style=\"font-weight: 400;\">La formaci\u00f3n est\u00e1 dise\u00f1ada para apoyar el desarrollo de la excelencia local y la pr\u00e1ctica basada en la evidencia. Es tanto un marco para la mejora y aprendizaje local de los equipos, como un m\u00e9todo de tratamiento unitario y fijo. AMBIT enfatiza la necesidad de adaptaci\u00f3n a las caracter\u00edsticas locales de los equipos y el intercambio de evidencia emergente y de las mejores pr\u00e1cticas, utilizando su premiado enfoque basado en wiki (web de AMBIT) para la manualizaci\u00f3n del tratamiento.<\/p>\n<p style=\"font-weight: 400;\">AMBIT asume que trabajar junto a personas que est\u00e1n experimentando niveles intensos de sufrimiento, puede (y deber\u00eda) causar emociones intensas en los profesionales y, por tanto, es inevitable que las rupturas en la mentalizaci\u00f3n afecten a las personas a las que ofrecemos ayuda, sus amigos y familiares, a nosotros como profesionales y a nuestros colegas y socios de otros servicios asistenciales de la red, afectando a su vez en la eficacia de la ayuda que ofrecemos.<\/p>\n<\/div> <\/div> <div class=\"w-iconbox iconpos_top style_default color_primary no_title no_text\"><div class=\"w-iconbox-icon\"><i class=\"fa fa-star\"><\/i><\/div><\/div><div class=\"wpb_text_column \"><div class=\"wpb_wrapper\">\n<h5><strong>\u00bfA qui\u00e9n va dirigida esta formaci\u00f3n?<\/strong><\/h5>\n<div>\n<p>AMBIT es un modelo de trabajo en equipo basado en la mentalizacio\u0301n para equipos asistenciales. No es una formacio\u0301n para profesionales individuales. Los profesionales de los equipos (de los sectores pu\u0301blicos y privados) a los que va dirigida la formacio\u0301n incluyen: profesionales de la psicologi\u0301a, la psiquiatri\u0301a, la enfermeri\u0301a, la educacio\u0301n social y el trabajo social. Los equipos a los que va dirigida la formacio\u0301n pueden ser diversos tipos de equipos asistenciales de salud mental tanto del a\u0301mbito infanto-juvenil como de adultos, equipos de proteccio\u0301n a la infancia, de justicia juvenil, de servicios sociales, asi\u0301 como todos aquellos equipos asistenciales que trabajen con jo\u0301venes y familias vulnerables de alta complejidad.<\/p>\n<\/div>\n<div>\n<p>Formar a profesionales de varios equipos de forma simulta\u0301nea puede ser beneficioso, ya que puede fomentar el desarrollo de una \u201ccomunidad de pra\u0301ctica\u201d que se extienda ma\u0301s alla\u0301 del a\u0301rea geogra\u0301fica y del propio servicio, y pueden surgir oportunidades para conexiones y relaciones creativas entre equipos.<\/p>\n<\/div>\n<\/div> <\/div> <div class=\"w-iconbox iconpos_top style_default color_primary no_title no_text\"><div class=\"w-iconbox-icon\"><i class=\"fa fa-star\"><\/i><\/div><\/div>[vc_empty_space height=\u00bb35px\u00bb]<div class=\"wpb_text_column \"><div class=\"wpb_wrapper\">\n<h5><strong>Docentes en el Instituto Universitario de Salut Mental Vidal y Barraquer<\/strong><\/h5>\n<div>\n<p><strong>Anna Oriol\u00a0<\/strong><br \/>\nTrabajadora Social especializada pen Salud Mental y Coordinadora de los equipos ECID de la Fundaci\u00f3n Vidal i Barraquer en Badalona y Santa Coloma de Gramenet (Barcelona). Co-lead del AMBIT Study Group al Anna Freud National Centre (AF). Formadora AMBIT acreditada por la AF.<\/p>\n<p><strong>Mark Dangerfield<\/strong><br \/>\nDoctor en Psicolog\u00eda. Psic\u00f3logo especialista en Psicolog\u00eda Cl\u00ednica y en Psicoterapia. Director del <a href=\"https:\/\/www.fvb.cat\/docencia-2\/\">Instituto Universitario de Salud Mental Vidal y Barraquer, Universidad Ramon Llull<\/a>. Impulsor del <a href=\"https:\/\/www.fvb.cat\/assistencia-publica\/ecid-2\/\">Proyecto ECID<\/a> de la Fundaci\u00f3n Vidal y Barraquer en Barcelona. Supervisor y Formador MBT-A, MBT-F y AMBIT acreditado por el <a href=\"https:\/\/www.annafreud.org\/\">Anna Freud Centre de Londres (UK).<\/a><\/p>\n<p style=\"font-weight: 400;\"><strong>Marta Montaner<\/strong><br \/>\nEnfermera en Salud Mental\u00a0en el <a href=\"https:\/\/www.fvb.cat\/es\/asistencia-publica\/ecid-2\/\" target=\"_blank\" rel=\"noopener\">ECID de Badalona de la Fundacio\u0301n Vidal i Barraquer<\/a>. Formadora AMBIT en el Instituto Universitario de Salud Mental Vidal i Barraquer, Universidad Ramon Llull. Formadora AMBIT acreditada por el <a href=\"https:\/\/www.annafreud.org\" target=\"_blank\" rel=\"noopener\">Anna Freud National Centre for Children and Families de Londres<\/a>.<\/p>\n<p><strong>Paula Carrasco\u00a0<\/strong><br \/>\nM\u00e9dico Psiquiatra de la Infancia y Adolescencia (Universidad Valpara\u00edso). Diplomada de gesti\u00f3n de Servicios de Salud Mental en el Sistema de Atenci\u00f3n P\u00fablica de Salud. Diplomada en liderazgo m\u00e9dico. Formada en Tratamiento Basado en la Mentalizaci\u00f3n para Ni\u00f1os, Adolescentes y Familias (MBT-C, MBT-A y MBT-F) y en el modelo AMBIT por el <a href=\"https:\/\/www.annafreud.org\/\">Anna Freud Centre de Londres (UK)<\/a>. Jefa de la Unidad de Salud Mental del<a href=\"https:\/\/hospitaldequilpue.cl\/\"> Hospital de Quilpu\u00e9<\/a> (Chile).<\/p>\n<p>&nbsp;<\/p>\n<\/div>\n<\/div> <\/div> <\/div><\/div><\/div><\/div>[vc_empty_space height=\u00bb35px\u00bb]<div class=\"w-separator type_default size_medium thick_5 style_solid color_border cont_none\"><span class=\"w-separator-h\"><\/span><\/div><div class=\"wpb_text_column \"><div class=\"wpb_wrapper\">\n<h4><strong>Inf\u00f3rmate<\/strong> sobre nuestros servicios\u00a0de <strong>lunes a viernes de 15:30h. a 21:00h.<\/strong><\/h4>\n<h4><img loading=\"lazy\" decoding=\"async\" class=\"alignnone wp-image-9960\" src=\"https:\/\/www.fvb.cat\/wp-content\/uploads\/2021\/06\/whatsapp-150x150.png\" alt=\"\" width=\"25\" height=\"25\" srcset=\"https:\/\/www.fvb.cat\/wp-content\/uploads\/2021\/06\/whatsapp-150x150.png 150w, https:\/\/www.fvb.cat\/wp-content\/uploads\/2021\/06\/whatsapp-100x100.png 100w, https:\/\/www.fvb.cat\/wp-content\/uploads\/2021\/06\/whatsapp.png 155w\" sizes=\"(max-width: 25px) 100vw, 25px\" \/>\u00a0 +34 670 26 32 84 \u00a0\u00a0<img loading=\"lazy\" decoding=\"async\" class=\"alignnone wp-image-10030\" src=\"https:\/\/www.fvb.cat\/wp-content\/uploads\/2021\/06\/telefon.png\" alt=\"\" width=\"31\" height=\"23\" \/>\u00a0934 340 001 \u00a0o escr\u00edbenos a <strong>docencia@fvb.cat<\/strong><\/h4>\n<\/div> <\/div> <div class=\"wpb_text_column \"><div class=\"wpb_wrapper\">\n<h4><\/h4>\n<h4><strong>S\u00edguenos en las redes sociales del IUSMVB \u2013 URL<\/strong><\/h4>\n<\/div> <\/div> <div class=\"w-socials align_left style_outlined color_link index_2\" style=\"font-size:25px;\"><div class=\"w-socials-list\"><div class=\"w-socials-item email\">\n\t\t\t\t<a class=\"w-socials-item-link\" target=\"_blank\" href=\"mailto:docencia@fvb.cat\">\n\t\t\t\t\t<span class=\"w-socials-item-link-hover\"><\/span>\n\t\t\t\t<\/a>\n\t\t\t\t<div class=\"w-socials-item-popup\">\n\t\t\t\t\t<span>Email<\/span>\n\t\t\t\t<\/div>\n\t\t\t<\/div><div class=\"w-socials-item facebook\">\n\t\t\t\t<a class=\"w-socials-item-link\" target=\"_blank\" href=\"https:\/\/www.facebook.com\/IUSalutMentalVB\">\n\t\t\t\t\t<span class=\"w-socials-item-link-hover\"><\/span>\n\t\t\t\t<\/a>\n\t\t\t\t<div class=\"w-socials-item-popup\">\n\t\t\t\t\t<span>Facebook<\/span>\n\t\t\t\t<\/div>\n\t\t\t<\/div><div class=\"w-socials-item twitter\">\n\t\t\t\t<a class=\"w-socials-item-link\" target=\"_blank\" href=\"https:\/\/twitter.com\/IUSalutMentalVB\">\n\t\t\t\t\t<span class=\"w-socials-item-link-hover\"><\/span>\n\t\t\t\t<\/a>\n\t\t\t\t<div class=\"w-socials-item-popup\">\n\t\t\t\t\t<span>Twitter<\/span>\n\t\t\t\t<\/div>\n\t\t\t<\/div><div class=\"w-socials-item youtube\">\n\t\t\t\t<a class=\"w-socials-item-link\" target=\"_blank\" href=\"https:\/\/www.youtube.com\/channel\/UCQ4UXxgNU7lWsnRU1w-nxbQ\">\n\t\t\t\t\t<span class=\"w-socials-item-link-hover\"><\/span>\n\t\t\t\t<\/a>\n\t\t\t\t<div class=\"w-socials-item-popup\">\n\t\t\t\t\t<span>YouTube<\/span>\n\t\t\t\t<\/div>\n\t\t\t<\/div><div class=\"w-socials-item instagram\">\n\t\t\t\t<a class=\"w-socials-item-link\" target=\"_blank\" href=\"https:\/\/www.instagram.com\/iusalutmentalvb\/\">\n\t\t\t\t\t<span class=\"w-socials-item-link-hover\"><\/span>\n\t\t\t\t<\/a>\n\t\t\t\t<div class=\"w-socials-item-popup\">\n\t\t\t\t\t<span>Instagram<\/span>\n\t\t\t\t<\/div>\n\t\t\t<\/div><\/div><\/div><\/div><\/div><\/div><\/div><\/div><\/section>","protected":false},"excerpt":{"rendered":"Fundaci\u00f3n Vidal i Barraquer Somos una instituci\u00f3n creada en 1964 y dedicada...","protected":false},"author":53,"featured_media":0,"parent":5874,"menu_order":0,"comment_status":"closed","ping_status":"closed","template":"","meta":{"footnotes":""},"yoast_head":"<!-- This site is optimized with the Yoast SEO plugin v22.6 - https:\/\/yoast.com\/wordpress\/plugins\/seo\/ -->\n<title>Formaci\u00f3n - AMBIT Multi-Team Training - Fundaci\u00f3 Vidal i Barraquer<\/title>\n<meta name=\"robots\" content=\"index, follow, max-snippet:-1, max-image-preview:large, max-video-preview:-1\" \/>\n<link rel=\"canonical\" href=\"https:\/\/www.fvb.cat\/es\/docencia\/formacion-continuada-ups-2\/\" \/>\n<meta property=\"og:locale\" content=\"es_ES\" \/>\n<meta property=\"og:type\" content=\"article\" \/>\n<meta property=\"og:title\" content=\"[:ca]Formaci\u00f3 - AMBIT Multi-Team Training[:es]Formaci\u00f3n - AMBIT Multi-Team Training[:] - Fundaci\u00f3 Vidal i Barraquer\" \/>\n<meta property=\"og:url\" content=\"https:\/\/www.fvb.cat\/es\/docencia\/formacion-continuada-ups-2\/\" \/>\n<meta property=\"og:site_name\" content=\"Fundaci\u00f3 Vidal i Barraquer\" \/>\n<meta property=\"article:modified_time\" content=\"2025-11-05T08:59:24+00:00\" \/>\n<meta property=\"og:image\" content=\"https:\/\/www.fvb.cat\/wp-content\/uploads\/2021\/06\/whatsapp.png\" \/>\n<meta name=\"twitter:card\" content=\"summary_large_image\" \/>\n<meta name=\"twitter:label1\" content=\"Tiempo de lectura\" \/>\n\t<meta name=\"twitter:data1\" content=\"6 minutos\" \/>\n<script type=\"application\/ld+json\" class=\"yoast-schema-graph\">{\"@context\":\"https:\/\/schema.org\",\"@graph\":[{\"@type\":\"WebPage\",\"@id\":\"https:\/\/www.fvb.cat\/es\/docencia\/formacion-continuada-ups-2\/\",\"url\":\"https:\/\/www.fvb.cat\/es\/docencia\/formacion-continuada-ups-2\/\",\"name\":\"[:ca]Formaci\u00f3 - AMBIT Multi-Team Training[:es]Formaci\u00f3n - AMBIT Multi-Team Training[:] - Fundaci\u00f3 Vidal i Barraquer\",\"isPartOf\":{\"@id\":\"https:\/\/www.fvb.cat\/es\/#website\"},\"primaryImageOfPage\":{\"@id\":\"https:\/\/www.fvb.cat\/es\/docencia\/formacion-continuada-ups-2\/#primaryimage\"},\"image\":{\"@id\":\"https:\/\/www.fvb.cat\/es\/docencia\/formacion-continuada-ups-2\/#primaryimage\"},\"thumbnailUrl\":\"https:\/\/www.fvb.cat\/wp-content\/uploads\/2021\/06\/whatsapp.png\",\"datePublished\":\"2022-09-21T16:17:02+00:00\",\"dateModified\":\"2025-11-05T08:59:24+00:00\",\"breadcrumb\":{\"@id\":\"https:\/\/www.fvb.cat\/es\/docencia\/formacion-continuada-ups-2\/#breadcrumb\"},\"inLanguage\":\"es\",\"potentialAction\":[{\"@type\":\"ReadAction\",\"target\":[\"https:\/\/www.fvb.cat\/es\/docencia\/formacion-continuada-ups-2\/\"]}]},{\"@type\":\"ImageObject\",\"inLanguage\":\"es\",\"@id\":\"https:\/\/www.fvb.cat\/es\/docencia\/formacion-continuada-ups-2\/#primaryimage\",\"url\":\"https:\/\/www.fvb.cat\/wp-content\/uploads\/2021\/06\/whatsapp.png\",\"contentUrl\":\"https:\/\/www.fvb.cat\/wp-content\/uploads\/2021\/06\/whatsapp.png\"},{\"@type\":\"BreadcrumbList\",\"@id\":\"https:\/\/www.fvb.cat\/es\/docencia\/formacion-continuada-ups-2\/#breadcrumb\",\"itemListElement\":[{\"@type\":\"ListItem\",\"position\":1,\"name\":\"Inici\",\"item\":\"https:\/\/www.fvb.cat\/es\/\"},{\"@type\":\"ListItem\",\"position\":2,\"name\":\"Docencia\",\"item\":\"https:\/\/www.fvb.cat\/es\/docencia\/\"},{\"@type\":\"ListItem\",\"position\":3,\"name\":\"Formaci\u00f3n &#8211; AMBIT Multi-Team Training\"}]},{\"@type\":\"WebSite\",\"@id\":\"https:\/\/www.fvb.cat\/es\/#website\",\"url\":\"https:\/\/www.fvb.cat\/es\/\",\"name\":\"Fundaci\u00f3 Vidal i Barraquer\",\"description\":\"Asistencia, docencia e investigaci\u00f3n en Salud Mental\",\"publisher\":{\"@id\":\"https:\/\/www.fvb.cat\/es\/#organization\"},\"potentialAction\":[{\"@type\":\"SearchAction\",\"target\":{\"@type\":\"EntryPoint\",\"urlTemplate\":\"https:\/\/www.fvb.cat\/es\/?s={search_term_string}\"},\"query-input\":\"required name=search_term_string\"}],\"inLanguage\":\"es\"},{\"@type\":\"Organization\",\"@id\":\"https:\/\/www.fvb.cat\/es\/#organization\",\"name\":\"Fundaci\u00f3 Vidal i Barraquer\",\"url\":\"https:\/\/www.fvb.cat\/es\/\",\"logo\":{\"@type\":\"ImageObject\",\"inLanguage\":\"es\",\"@id\":\"https:\/\/www.fvb.cat\/es\/#\/schema\/logo\/image\/\",\"url\":\"https:\/\/www.fvb.cat\/wp-content\/uploads\/2024\/05\/logo-vidal-i-barrauqer-60-aniversari.jpg\",\"contentUrl\":\"https:\/\/www.fvb.cat\/wp-content\/uploads\/2024\/05\/logo-vidal-i-barrauqer-60-aniversari.jpg\",\"width\":2125,\"height\":703,\"caption\":\"Fundaci\u00f3 Vidal i Barraquer\"},\"image\":{\"@id\":\"https:\/\/www.fvb.cat\/es\/#\/schema\/logo\/image\/\"}}]}<\/script>\n<!-- \/ Yoast SEO plugin. -->","yoast_head_json":{"title":"[:ca]Formaci\u00f3 - AMBIT Multi-Team Training[:es]Formaci\u00f3n - AMBIT Multi-Team Training[:] - Fundaci\u00f3 Vidal i Barraquer","robots":{"index":"index","follow":"follow","max-snippet":"max-snippet:-1","max-image-preview":"max-image-preview:large","max-video-preview":"max-video-preview:-1"},"canonical":"https:\/\/www.fvb.cat\/es\/docencia\/formacion-continuada-ups-2\/","og_locale":"es_ES","og_type":"article","og_title":"[:ca]Formaci\u00f3 - AMBIT Multi-Team Training[:es]Formaci\u00f3n - AMBIT Multi-Team Training[:] - Fundaci\u00f3 Vidal i Barraquer","og_url":"https:\/\/www.fvb.cat\/es\/docencia\/formacion-continuada-ups-2\/","og_site_name":"Fundaci\u00f3 Vidal i Barraquer","article_modified_time":"2025-11-05T08:59:24+00:00","og_image":[{"url":"https:\/\/www.fvb.cat\/wp-content\/uploads\/2021\/06\/whatsapp.png"}],"twitter_card":"summary_large_image","twitter_misc":{"Tiempo de lectura":"6 minutos"},"schema":{"@context":"https:\/\/schema.org","@graph":[{"@type":"WebPage","@id":"https:\/\/www.fvb.cat\/es\/docencia\/formacion-continuada-ups-2\/","url":"https:\/\/www.fvb.cat\/es\/docencia\/formacion-continuada-ups-2\/","name":"[:ca]Formaci\u00f3 - AMBIT Multi-Team Training[:es]Formaci\u00f3n - AMBIT Multi-Team Training[:] - Fundaci\u00f3 Vidal i Barraquer","isPartOf":{"@id":"https:\/\/www.fvb.cat\/es\/#website"},"primaryImageOfPage":{"@id":"https:\/\/www.fvb.cat\/es\/docencia\/formacion-continuada-ups-2\/#primaryimage"},"image":{"@id":"https:\/\/www.fvb.cat\/es\/docencia\/formacion-continuada-ups-2\/#primaryimage"},"thumbnailUrl":"https:\/\/www.fvb.cat\/wp-content\/uploads\/2021\/06\/whatsapp.png","datePublished":"2022-09-21T16:17:02+00:00","dateModified":"2025-11-05T08:59:24+00:00","breadcrumb":{"@id":"https:\/\/www.fvb.cat\/es\/docencia\/formacion-continuada-ups-2\/#breadcrumb"},"inLanguage":"es","potentialAction":[{"@type":"ReadAction","target":["https:\/\/www.fvb.cat\/es\/docencia\/formacion-continuada-ups-2\/"]}]},{"@type":"ImageObject","inLanguage":"es","@id":"https:\/\/www.fvb.cat\/es\/docencia\/formacion-continuada-ups-2\/#primaryimage","url":"https:\/\/www.fvb.cat\/wp-content\/uploads\/2021\/06\/whatsapp.png","contentUrl":"https:\/\/www.fvb.cat\/wp-content\/uploads\/2021\/06\/whatsapp.png"},{"@type":"BreadcrumbList","@id":"https:\/\/www.fvb.cat\/es\/docencia\/formacion-continuada-ups-2\/#breadcrumb","itemListElement":[{"@type":"ListItem","position":1,"name":"Inici","item":"https:\/\/www.fvb.cat\/es\/"},{"@type":"ListItem","position":2,"name":"Docencia","item":"https:\/\/www.fvb.cat\/es\/docencia\/"},{"@type":"ListItem","position":3,"name":"Formaci\u00f3n &#8211; AMBIT Multi-Team Training"}]},{"@type":"WebSite","@id":"https:\/\/www.fvb.cat\/es\/#website","url":"https:\/\/www.fvb.cat\/es\/","name":"Fundaci\u00f3 Vidal i Barraquer","description":"Asistencia, docencia e investigaci\u00f3n en Salud Mental","publisher":{"@id":"https:\/\/www.fvb.cat\/es\/#organization"},"potentialAction":[{"@type":"SearchAction","target":{"@type":"EntryPoint","urlTemplate":"https:\/\/www.fvb.cat\/es\/?s={search_term_string}"},"query-input":"required name=search_term_string"}],"inLanguage":"es"},{"@type":"Organization","@id":"https:\/\/www.fvb.cat\/es\/#organization","name":"Fundaci\u00f3 Vidal i Barraquer","url":"https:\/\/www.fvb.cat\/es\/","logo":{"@type":"ImageObject","inLanguage":"es","@id":"https:\/\/www.fvb.cat\/es\/#\/schema\/logo\/image\/","url":"https:\/\/www.fvb.cat\/wp-content\/uploads\/2024\/05\/logo-vidal-i-barrauqer-60-aniversari.jpg","contentUrl":"https:\/\/www.fvb.cat\/wp-content\/uploads\/2024\/05\/logo-vidal-i-barrauqer-60-aniversari.jpg","width":2125,"height":703,"caption":"Fundaci\u00f3 Vidal i Barraquer"},"image":{"@id":"https:\/\/www.fvb.cat\/es\/#\/schema\/logo\/image\/"}}]}},"_links":{"self":[{"href":"https:\/\/www.fvb.cat\/es\/wp-json\/wp\/v2\/pages\/11849"}],"collection":[{"href":"https:\/\/www.fvb.cat\/es\/wp-json\/wp\/v2\/pages"}],"about":[{"href":"https:\/\/www.fvb.cat\/es\/wp-json\/wp\/v2\/types\/page"}],"author":[{"embeddable":true,"href":"https:\/\/www.fvb.cat\/es\/wp-json\/wp\/v2\/users\/53"}],"replies":[{"embeddable":true,"href":"https:\/\/www.fvb.cat\/es\/wp-json\/wp\/v2\/comments?post=11849"}],"version-history":[{"count":105,"href":"https:\/\/www.fvb.cat\/es\/wp-json\/wp\/v2\/pages\/11849\/revisions"}],"predecessor-version":[{"id":17705,"href":"https:\/\/www.fvb.cat\/es\/wp-json\/wp\/v2\/pages\/11849\/revisions\/17705"}],"up":[{"embeddable":true,"href":"https:\/\/www.fvb.cat\/es\/wp-json\/wp\/v2\/pages\/5874"}],"wp:attachment":[{"href":"https:\/\/www.fvb.cat\/es\/wp-json\/wp\/v2\/media?parent=11849"}],"curies":[{"name":"wp","href":"https:\/\/api.w.org\/{rel}","templated":true}]}}