{"id":7503,"date":"2018-02-28T18:31:06","date_gmt":"2018-02-28T17:31:06","guid":{"rendered":"http:\/\/www.fvb.cat\/es\/?post_type=product&#038;p=7503"},"modified":"2024-11-07T16:30:07","modified_gmt":"2024-11-07T15:30:07","slug":"manual-psicopatologia-clinica-2a-edicion-actualizada","status":"publish","type":"product","link":"https:\/\/www.fvb.cat\/ca\/producte\/escenoterapia-2\/","title":{"rendered":"Manual de psicopatolog\u00eda cl\u00ednica (2a edici\u00f3n actualizada)"},"content":{"rendered":"","protected":false},"excerpt":{"rendered":"<p><strong>AUTOR:\u00a0<\/strong>Talarn,\u00a0Antoni,\u00a0Jarne,\u00a0Adolfo<\/p>\n<p><strong>FITXA<\/strong><br \/>\nTipus de producte: Estudi<br \/>\nEditorial: Herder Editorial<br \/>\nIdioma:\u00a0Castell\u00e0<br \/>\nN\u00famero de p\u00e0gines: 776<\/p>\n<p><strong>SINOPSI<\/strong><\/p>\n<p>Vivim en una societat amb una enorme c\u00e0rrega de sofriment mental. Aquest malestar es tradueix en una sobreabund\u00e0ncia de diagn\u00f2stics psicopatol\u00f2gics i un hiperconsum de psicof\u00e0rmacs i psicoter\u00e0pies de tot tipus. Tot i l&#8217;increment de\u00a0recursos terap\u00e8utics, les xifres de trastorns mentals presents a la poblaci\u00f3 no deixa d&#8217;augmentar dia a dia. Aquest nou Manual de psicopatologia, actualitzat amb les dades del DSM-5, aporta una visi\u00f3 sistem\u00e0tica i actualitzada del complex m\u00f3n dels trastorns psicopatol\u00f2gics. El text ofereix una descripci\u00f3 precisa de cada trastorn, les seves caracter\u00edstiques principals i el seu diagn\u00f2stic diferencial, il\u00b7lustrant cadascun d&#8217;ells amb casos cl\u00ednics. Ser\u00e0 molt \u00fatil per a tots els estudiants i professionals de la salut mental: metges, psiquiatres, psic\u00f2legs, treballadors socials, educadors i terapeutes de diferents tipus. Aquesta obra \u00e9s el resultat d&#8217;un treball conjunt d&#8217;un grup de professors de la Universitat de Barcelona i de la Universitat Ramon Llull, amb una \u00e0mplia experi\u00e8ncia docent, juntament amb\u00a0diversos professionals d&#8217;altres institucions. L&#8217;enfocament del conjunt combina el rigor acad\u00e8mic b\u00e0sic amb una visi\u00f3 m\u00e9s cr\u00edtica i poli\u00e8drica dels diferents quadres cl\u00ednics que es presenten a les consultes de salut mental.<\/p>\n","protected":false},"featured_media":16382,"template":"","meta":[],"product_cat":[57],"product_tag":[212,75,65],"yoast_head":"<!-- This site is optimized with the Yoast SEO plugin v22.6 - https:\/\/yoast.com\/wordpress\/plugins\/seo\/ -->\n<title>Manual de psicopatolog\u00eda cl\u00ednica (2a edici\u00f3n actualizada) - Fundaci\u00f3 Vidal i Barraquer<\/title>\n<meta name=\"robots\" content=\"index, follow, max-snippet:-1, max-image-preview:large, max-video-preview:-1\" \/>\n<link rel=\"canonical\" href=\"https:\/\/www.fvb.cat\/es\/producto\/escenoterapia-2\/\" \/>\n<meta property=\"og:locale\" content=\"ca_ES\" \/>\n<meta property=\"og:type\" content=\"article\" \/>\n<meta property=\"og:title\" content=\"Manual de psicopatolog\u00eda cl\u00ednica (2a edici\u00f3n actualizada) - Fundaci\u00f3 Vidal i Barraquer\" \/>\n<meta property=\"og:description\" content=\"[:ca]AUTOR:\u00a0Talarn,\u00a0Antoni,\u00a0Jarne,\u00a0Adolfo  FITXA Tipus de producte: Estudi Editorial: Herder Editorial Idioma:\u00a0Castell\u00e0 N\u00famero de p\u00e0gines: 776  SINOPSI  Vivim en una societat amb una enorme c\u00e0rrega de sofriment mental. Aquest malestar es tradueix en una sobreabund\u00e0ncia de diagn\u00f2stics psicopatol\u00f2gics i un hiperconsum de psicof\u00e0rmacs i psicoter\u00e0pies de tot tipus. Tot i l&#039;increment de\u00a0recursos terap\u00e8utics, les xifres de trastorns mentals presents a la poblaci\u00f3 no deixa d&#039;augmentar dia a dia. Aquest nou Manual de psicopatologia, actualitzat amb les dades del DSM-5, aporta una visi\u00f3 sistem\u00e0tica i actualitzada del complex m\u00f3n dels trastorns psicopatol\u00f2gics. El text ofereix una descripci\u00f3 precisa de cada trastorn, les seves caracter\u00edstiques principals i el seu diagn\u00f2stic diferencial, il\u00b7lustrant cadascun d&#039;ells amb casos cl\u00ednics. Ser\u00e0 molt \u00fatil per a tots els estudiants i professionals de la salut mental: metges, psiquiatres, psic\u00f2legs, treballadors socials, educadors i terapeutes de diferents tipus. Aquesta obra \u00e9s el resultat d&#039;un treball conjunt d&#039;un grup de professors de la Universitat de Barcelona i de la Universitat Ramon Llull, amb una \u00e0mplia experi\u00e8ncia docent, juntament amb\u00a0diversos professionals d&#039;altres institucions. L&#039;enfocament del conjunt combina el rigor acad\u00e8mic b\u00e0sic amb una visi\u00f3 m\u00e9s cr\u00edtica i poli\u00e8drica dels diferents quadres cl\u00ednics que es presenten a les consultes de salut mental.[:es]AUTOR:\u00a0Talarn,\u00a0Antoni,\u00a0Jarne,\u00a0Adolfo  FITXA Tipus de producte: Estudi Editorial: Herder Editorial Idioma:\u00a0Castell\u00e0 N\u00famero de p\u00e0gines: 776  SINOPSIS  Vivimos en una sociedad con una enorme carga de sufrimiento mental. Este malestar se traduce en una superabundancia de diagn\u00f3sticos psicopatol\u00f3gicos y un hiperconsumo de psicof\u00e1rmacos y psicoterapias de todo tipo. Sin embargo, a pesar de este incremento de recursos terap\u00e9uticos, las cifras de trastornos mentales presentes en la poblaci\u00f3n no deja de aumentar d\u00eda a d\u00eda. Este nuevo Manual de psicopatolog\u00eda, actualizado con los datos del DSM-5, aporta una visi\u00f3n sistem\u00e1tica y actualizada del complejo mundo de los trastornos psicopatol\u00f3gicos. El texto ofrece una descripci\u00f3n precisa de cada trastorno, sus caracter\u00edsticas principales y su diagn\u00f3stico diferencial, ilustrando cada uno de ellos con casos cl\u00ednicos. Ser\u00e1 muy \u00fatil para todos los estudiantes y profesionales de la salud mental: m\u00e9dicos, psiquiatras, psic\u00f3logos, trabajadores sociales, educadores y terapeutas de diversa \u00edndole. Esta obra es el resultado de un trabajo conjunto de un grupo de profesores de la Universitat de Barcelona y de la Universitat Ramon Llull, con amplia experiencia docente, junto con diversos profesionales de otras instituciones. El enfoque del conjunto combina el rigor acad\u00e9mico b\u00e1sico con una visi\u00f3n m\u00e1s cr\u00edtica y poli\u00e9drica de los diferentes cuadros cl\u00ednicos que se presentan en las consultas de salud mental.[:]\" \/>\n<meta property=\"og:url\" content=\"https:\/\/www.fvb.cat\/es\/producto\/escenoterapia-2\/\" \/>\n<meta property=\"og:site_name\" content=\"Fundaci\u00f3 Vidal i Barraquer\" \/>\n<meta property=\"article:modified_time\" content=\"2024-11-07T15:30:07+00:00\" \/>\n<meta property=\"og:image\" content=\"https:\/\/www.fvb.cat\/wp-content\/uploads\/2018\/02\/IMG_MANUAL-DE-PSICOLOGIA-CLINICA.jpg\" \/>\n\t<meta property=\"og:image:width\" content=\"700\" \/>\n\t<meta property=\"og:image:height\" content=\"700\" \/>\n\t<meta property=\"og:image:type\" content=\"image\/jpeg\" \/>\n<meta name=\"twitter:card\" content=\"summary_large_image\" \/>\n<meta name=\"twitter:label1\" content=\"Temps estimat de lectura\" \/>\n\t<meta name=\"twitter:data1\" content=\"1 minut\" \/>\n<script type=\"application\/ld+json\" class=\"yoast-schema-graph\">{\"@context\":\"https:\/\/schema.org\",\"@graph\":[{\"@type\":\"WebPage\",\"@id\":\"https:\/\/www.fvb.cat\/es\/producto\/escenoterapia-2\/\",\"url\":\"https:\/\/www.fvb.cat\/es\/producto\/escenoterapia-2\/\",\"name\":\"Manual de psicopatolog\u00eda cl\u00ednica (2a edici\u00f3n actualizada) - Fundaci\u00f3 Vidal i Barraquer\",\"isPartOf\":{\"@id\":\"https:\/\/www.fvb.cat\/es\/#website\"},\"primaryImageOfPage\":{\"@id\":\"https:\/\/www.fvb.cat\/es\/producto\/escenoterapia-2\/#primaryimage\"},\"image\":{\"@id\":\"https:\/\/www.fvb.cat\/es\/producto\/escenoterapia-2\/#primaryimage\"},\"thumbnailUrl\":\"https:\/\/www.fvb.cat\/wp-content\/uploads\/2018\/02\/IMG_MANUAL-DE-PSICOLOGIA-CLINICA.jpg\",\"datePublished\":\"2018-02-28T17:31:06+00:00\",\"dateModified\":\"2024-11-07T15:30:07+00:00\",\"breadcrumb\":{\"@id\":\"https:\/\/www.fvb.cat\/es\/producto\/escenoterapia-2\/#breadcrumb\"},\"inLanguage\":\"ca\",\"potentialAction\":[{\"@type\":\"ReadAction\",\"target\":[\"https:\/\/www.fvb.cat\/es\/producto\/escenoterapia-2\/\"]}]},{\"@type\":\"ImageObject\",\"inLanguage\":\"ca\",\"@id\":\"https:\/\/www.fvb.cat\/es\/producto\/escenoterapia-2\/#primaryimage\",\"url\":\"https:\/\/www.fvb.cat\/wp-content\/uploads\/2018\/02\/IMG_MANUAL-DE-PSICOLOGIA-CLINICA.jpg\",\"contentUrl\":\"https:\/\/www.fvb.cat\/wp-content\/uploads\/2018\/02\/IMG_MANUAL-DE-PSICOLOGIA-CLINICA.jpg\",\"width\":700,\"height\":700},{\"@type\":\"BreadcrumbList\",\"@id\":\"https:\/\/www.fvb.cat\/es\/producto\/escenoterapia-2\/#breadcrumb\",\"itemListElement\":[{\"@type\":\"ListItem\",\"position\":1,\"name\":\"Inici\",\"item\":\"https:\/\/www.fvb.cat\/es\/\"},{\"@type\":\"ListItem\",\"position\":2,\"name\":\"Botiga\",\"item\":\"https:\/\/www.fvb.cat\/es\/botiga\/\"},{\"@type\":\"ListItem\",\"position\":3,\"name\":\"Manual de psicopatolog\u00eda cl\u00ednica (2a edici\u00f3n actualizada)\"}]},{\"@type\":\"WebSite\",\"@id\":\"https:\/\/www.fvb.cat\/es\/#website\",\"url\":\"https:\/\/www.fvb.cat\/es\/\",\"name\":\"Fundaci\u00f3 Vidal i Barraquer\",\"description\":\"Assist\u00e8ncia, doc\u00e8ncia i recerca en la salut mental\",\"publisher\":{\"@id\":\"https:\/\/www.fvb.cat\/es\/#organization\"},\"potentialAction\":[{\"@type\":\"SearchAction\",\"target\":{\"@type\":\"EntryPoint\",\"urlTemplate\":\"https:\/\/www.fvb.cat\/es\/?s={search_term_string}\"},\"query-input\":\"required name=search_term_string\"}],\"inLanguage\":\"ca\"},{\"@type\":\"Organization\",\"@id\":\"https:\/\/www.fvb.cat\/es\/#organization\",\"name\":\"Fundaci\u00f3 Vidal i Barraquer\",\"url\":\"https:\/\/www.fvb.cat\/es\/\",\"logo\":{\"@type\":\"ImageObject\",\"inLanguage\":\"ca\",\"@id\":\"https:\/\/www.fvb.cat\/es\/#\/schema\/logo\/image\/\",\"url\":\"https:\/\/www.fvb.cat\/wp-content\/uploads\/2024\/05\/logo-vidal-i-barrauqer-60-aniversari.jpg\",\"contentUrl\":\"https:\/\/www.fvb.cat\/wp-content\/uploads\/2024\/05\/logo-vidal-i-barrauqer-60-aniversari.jpg\",\"width\":2125,\"height\":703,\"caption\":\"Fundaci\u00f3 Vidal i Barraquer\"},\"image\":{\"@id\":\"https:\/\/www.fvb.cat\/es\/#\/schema\/logo\/image\/\"}}]}<\/script>\n<!-- \/ Yoast SEO plugin. -->","yoast_head_json":{"title":"Manual de psicopatolog\u00eda cl\u00ednica (2a edici\u00f3n actualizada) - Fundaci\u00f3 Vidal i Barraquer","robots":{"index":"index","follow":"follow","max-snippet":"max-snippet:-1","max-image-preview":"max-image-preview:large","max-video-preview":"max-video-preview:-1"},"canonical":"https:\/\/www.fvb.cat\/es\/producto\/escenoterapia-2\/","og_locale":"ca_ES","og_type":"article","og_title":"Manual de psicopatolog\u00eda cl\u00ednica (2a edici\u00f3n actualizada) - Fundaci\u00f3 Vidal i Barraquer","og_description":"[:ca]AUTOR:\u00a0Talarn,\u00a0Antoni,\u00a0Jarne,\u00a0Adolfo  FITXA Tipus de producte: Estudi Editorial: Herder Editorial Idioma:\u00a0Castell\u00e0 N\u00famero de p\u00e0gines: 776  SINOPSI  Vivim en una societat amb una enorme c\u00e0rrega de sofriment mental. Aquest malestar es tradueix en una sobreabund\u00e0ncia de diagn\u00f2stics psicopatol\u00f2gics i un hiperconsum de psicof\u00e0rmacs i psicoter\u00e0pies de tot tipus. Tot i l'increment de\u00a0recursos terap\u00e8utics, les xifres de trastorns mentals presents a la poblaci\u00f3 no deixa d'augmentar dia a dia. Aquest nou Manual de psicopatologia, actualitzat amb les dades del DSM-5, aporta una visi\u00f3 sistem\u00e0tica i actualitzada del complex m\u00f3n dels trastorns psicopatol\u00f2gics. El text ofereix una descripci\u00f3 precisa de cada trastorn, les seves caracter\u00edstiques principals i el seu diagn\u00f2stic diferencial, il\u00b7lustrant cadascun d'ells amb casos cl\u00ednics. Ser\u00e0 molt \u00fatil per a tots els estudiants i professionals de la salut mental: metges, psiquiatres, psic\u00f2legs, treballadors socials, educadors i terapeutes de diferents tipus. Aquesta obra \u00e9s el resultat d'un treball conjunt d'un grup de professors de la Universitat de Barcelona i de la Universitat Ramon Llull, amb una \u00e0mplia experi\u00e8ncia docent, juntament amb\u00a0diversos professionals d'altres institucions. L'enfocament del conjunt combina el rigor acad\u00e8mic b\u00e0sic amb una visi\u00f3 m\u00e9s cr\u00edtica i poli\u00e8drica dels diferents quadres cl\u00ednics que es presenten a les consultes de salut mental.[:es]AUTOR:\u00a0Talarn,\u00a0Antoni,\u00a0Jarne,\u00a0Adolfo  FITXA Tipus de producte: Estudi Editorial: Herder Editorial Idioma:\u00a0Castell\u00e0 N\u00famero de p\u00e0gines: 776  SINOPSIS  Vivimos en una sociedad con una enorme carga de sufrimiento mental. Este malestar se traduce en una superabundancia de diagn\u00f3sticos psicopatol\u00f3gicos y un hiperconsumo de psicof\u00e1rmacos y psicoterapias de todo tipo. Sin embargo, a pesar de este incremento de recursos terap\u00e9uticos, las cifras de trastornos mentales presentes en la poblaci\u00f3n no deja de aumentar d\u00eda a d\u00eda. Este nuevo Manual de psicopatolog\u00eda, actualizado con los datos del DSM-5, aporta una visi\u00f3n sistem\u00e1tica y actualizada del complejo mundo de los trastornos psicopatol\u00f3gicos. El texto ofrece una descripci\u00f3n precisa de cada trastorno, sus caracter\u00edsticas principales y su diagn\u00f3stico diferencial, ilustrando cada uno de ellos con casos cl\u00ednicos. Ser\u00e1 muy \u00fatil para todos los estudiantes y profesionales de la salud mental: m\u00e9dicos, psiquiatras, psic\u00f3logos, trabajadores sociales, educadores y terapeutas de diversa \u00edndole. Esta obra es el resultado de un trabajo conjunto de un grupo de profesores de la Universitat de Barcelona y de la Universitat Ramon Llull, con amplia experiencia docente, junto con diversos profesionales de otras instituciones. El enfoque del conjunto combina el rigor acad\u00e9mico b\u00e1sico con una visi\u00f3n m\u00e1s cr\u00edtica y poli\u00e9drica de los diferentes cuadros cl\u00ednicos que se presentan en las consultas de salud mental.[:]","og_url":"https:\/\/www.fvb.cat\/es\/producto\/escenoterapia-2\/","og_site_name":"Fundaci\u00f3 Vidal i Barraquer","article_modified_time":"2024-11-07T15:30:07+00:00","og_image":[{"width":700,"height":700,"url":"https:\/\/www.fvb.cat\/wp-content\/uploads\/2018\/02\/IMG_MANUAL-DE-PSICOLOGIA-CLINICA.jpg","type":"image\/jpeg"}],"twitter_card":"summary_large_image","twitter_misc":{"Temps estimat de lectura":"1 minut"},"schema":{"@context":"https:\/\/schema.org","@graph":[{"@type":"WebPage","@id":"https:\/\/www.fvb.cat\/es\/producto\/escenoterapia-2\/","url":"https:\/\/www.fvb.cat\/es\/producto\/escenoterapia-2\/","name":"Manual de psicopatolog\u00eda cl\u00ednica (2a edici\u00f3n actualizada) - Fundaci\u00f3 Vidal i Barraquer","isPartOf":{"@id":"https:\/\/www.fvb.cat\/es\/#website"},"primaryImageOfPage":{"@id":"https:\/\/www.fvb.cat\/es\/producto\/escenoterapia-2\/#primaryimage"},"image":{"@id":"https:\/\/www.fvb.cat\/es\/producto\/escenoterapia-2\/#primaryimage"},"thumbnailUrl":"https:\/\/www.fvb.cat\/wp-content\/uploads\/2018\/02\/IMG_MANUAL-DE-PSICOLOGIA-CLINICA.jpg","datePublished":"2018-02-28T17:31:06+00:00","dateModified":"2024-11-07T15:30:07+00:00","breadcrumb":{"@id":"https:\/\/www.fvb.cat\/es\/producto\/escenoterapia-2\/#breadcrumb"},"inLanguage":"ca","potentialAction":[{"@type":"ReadAction","target":["https:\/\/www.fvb.cat\/es\/producto\/escenoterapia-2\/"]}]},{"@type":"ImageObject","inLanguage":"ca","@id":"https:\/\/www.fvb.cat\/es\/producto\/escenoterapia-2\/#primaryimage","url":"https:\/\/www.fvb.cat\/wp-content\/uploads\/2018\/02\/IMG_MANUAL-DE-PSICOLOGIA-CLINICA.jpg","contentUrl":"https:\/\/www.fvb.cat\/wp-content\/uploads\/2018\/02\/IMG_MANUAL-DE-PSICOLOGIA-CLINICA.jpg","width":700,"height":700},{"@type":"BreadcrumbList","@id":"https:\/\/www.fvb.cat\/es\/producto\/escenoterapia-2\/#breadcrumb","itemListElement":[{"@type":"ListItem","position":1,"name":"Inici","item":"https:\/\/www.fvb.cat\/es\/"},{"@type":"ListItem","position":2,"name":"Botiga","item":"https:\/\/www.fvb.cat\/es\/botiga\/"},{"@type":"ListItem","position":3,"name":"Manual de psicopatolog\u00eda cl\u00ednica (2a edici\u00f3n actualizada)"}]},{"@type":"WebSite","@id":"https:\/\/www.fvb.cat\/es\/#website","url":"https:\/\/www.fvb.cat\/es\/","name":"Fundaci\u00f3 Vidal i Barraquer","description":"Assist\u00e8ncia, doc\u00e8ncia i recerca en la salut mental","publisher":{"@id":"https:\/\/www.fvb.cat\/es\/#organization"},"potentialAction":[{"@type":"SearchAction","target":{"@type":"EntryPoint","urlTemplate":"https:\/\/www.fvb.cat\/es\/?s={search_term_string}"},"query-input":"required name=search_term_string"}],"inLanguage":"ca"},{"@type":"Organization","@id":"https:\/\/www.fvb.cat\/es\/#organization","name":"Fundaci\u00f3 Vidal i Barraquer","url":"https:\/\/www.fvb.cat\/es\/","logo":{"@type":"ImageObject","inLanguage":"ca","@id":"https:\/\/www.fvb.cat\/es\/#\/schema\/logo\/image\/","url":"https:\/\/www.fvb.cat\/wp-content\/uploads\/2024\/05\/logo-vidal-i-barrauqer-60-aniversari.jpg","contentUrl":"https:\/\/www.fvb.cat\/wp-content\/uploads\/2024\/05\/logo-vidal-i-barrauqer-60-aniversari.jpg","width":2125,"height":703,"caption":"Fundaci\u00f3 Vidal i Barraquer"},"image":{"@id":"https:\/\/www.fvb.cat\/es\/#\/schema\/logo\/image\/"}}]}},"_links":{"self":[{"href":"https:\/\/www.fvb.cat\/ca\/wp-json\/wp\/v2\/product\/7503"}],"collection":[{"href":"https:\/\/www.fvb.cat\/ca\/wp-json\/wp\/v2\/product"}],"about":[{"href":"https:\/\/www.fvb.cat\/ca\/wp-json\/wp\/v2\/types\/product"}],"wp:featuredmedia":[{"embeddable":true,"href":"https:\/\/www.fvb.cat\/ca\/wp-json\/wp\/v2\/media\/16382"}],"wp:attachment":[{"href":"https:\/\/www.fvb.cat\/ca\/wp-json\/wp\/v2\/media?parent=7503"}],"wp:term":[{"taxonomy":"product_cat","embeddable":true,"href":"https:\/\/www.fvb.cat\/ca\/wp-json\/wp\/v2\/product_cat?post=7503"},{"taxonomy":"product_tag","embeddable":true,"href":"https:\/\/www.fvb.cat\/ca\/wp-json\/wp\/v2\/product_tag?post=7503"}],"curies":[{"name":"wp","href":"https:\/\/api.w.org\/{rel}","templated":true}]}}