{"id":6530,"date":"2017-06-13T09:21:31","date_gmt":"2017-06-13T08:21:31","guid":{"rendered":"http:\/\/www.fvb.cat\/?post_type=product&#038;p=6530"},"modified":"2025-06-19T10:26:25","modified_gmt":"2025-06-19T09:26:25","slug":"psicopatologia-i-test-grafics-psicodiangostic-diferencial-mitjancant-els-dibuixos-de-la-casa-larbre-i-la-persona-htp","status":"publish","type":"product","link":"https:\/\/www.fvb.cat\/ca\/producte\/psicopatologia-i-tests-grafics-psicodiangostic-diferencial-mitjancant-els-dibuixos-de-la-casa-larbre-i-la-persona-htp\/","title":{"rendered":"Psicopatolog\u00eda y test gr\u00e1ficos. Psicodiang\u00f3stico diferencial mediante los dibujos de la Casa, el \u00c0rbol y la Persona (htp)"},"content":{"rendered":"","protected":false},"excerpt":{"rendered":"<p><strong>AUTOR:<\/strong> Barbosa, Pere<\/p>\n<p><strong>FITXA<\/strong><br \/>\nTipus de producte: Estudi<br \/>\nEditorial: Herder Editorial<br \/>\nIdioma: Castell\u00e0<br \/>\nN\u00famero de p\u00e0gines: 408<\/p>\n<p><strong>SINOPSI<\/strong><br \/>\nAquesta obra \u00e9s el resultat d\u2019un llarg recorregut docent i cl\u00ednic, sobretot en el \u00e0mbits de la psicoter\u00e0pia psicoanal\u00edtica i de les t\u00e8cniques projectives. Agafant com a refer\u00e8ncia el text cl\u00e0ssic \u201cIndicadors psicopatol\u00f2gics en t\u00e8cniques projectives\u201d d\u2019Elsa Grassano de P\u00edccolo i la teoria psicoanal\u00edtica de Melanie Klein, l\u2019autor ha elaborat un treball que ser\u00e0 de gran utilitat tant per als professionals que fan servir les t\u00e8cniques projectives com per als estudiants interessats. En primer lloc, Barbosa realitza un enfocament te\u00f2rico-nosogr\u00e0fic de les gran organitzacions psicopatol\u00f2giques. Posteriorment, ofereix els indicadors que permeten establir un diagn\u00f2stic diferencial i, finalment, realitza les seves aportacions personals al voltant d\u2019alguns trets espec\u00edfics de les proves projectives gr\u00e0fiques. En especial, el test de l\u2019arbre i el text de la casa.<\/p>\n","protected":false},"featured_media":16376,"template":"","meta":[],"product_cat":[57],"product_tag":[78,75,77,69,76,65],"yoast_head":"<!-- This site is optimized with the Yoast SEO plugin v22.6 - https:\/\/yoast.com\/wordpress\/plugins\/seo\/ -->\n<title>Psicopatolog\u00eda y test gr\u00e1ficos. Psicodiang\u00f3stico diferencial mediante los dibujos de la Casa, el \u00c0rbol y la Persona (htp) - Fundaci\u00f3 Vidal i Barraquer<\/title>\n<meta name=\"robots\" content=\"index, follow, max-snippet:-1, max-image-preview:large, max-video-preview:-1\" \/>\n<link rel=\"canonical\" href=\"https:\/\/www.fvb.cat\/ca\/producte\/psicopatologia-i-tests-grafics-psicodiangostic-diferencial-mitjancant-els-dibuixos-de-la-casa-larbre-i-la-persona-htp\/\" \/>\n<meta property=\"og:locale\" content=\"ca_ES\" \/>\n<meta property=\"og:type\" content=\"article\" \/>\n<meta property=\"og:title\" content=\"Psicopatolog\u00eda y test gr\u00e1ficos. Psicodiang\u00f3stico diferencial mediante los dibujos de la Casa, el \u00c0rbol y la Persona (htp) - Fundaci\u00f3 Vidal i Barraquer\" \/>\n<meta property=\"og:description\" content=\"[:ca]AUTOR: Barbosa, Pere  FITXA Tipus de producte: Estudi Editorial: Herder Editorial Idioma: Castell\u00e0 N\u00famero de p\u00e0gines: 408  SINOPSI Aquesta obra \u00e9s el resultat d\u2019un llarg recorregut docent i cl\u00ednic, sobretot en el \u00e0mbits de la psicoter\u00e0pia psicoanal\u00edtica i de les t\u00e8cniques projectives. Agafant com a refer\u00e8ncia el text cl\u00e0ssic \u201cIndicadors psicopatol\u00f2gics en t\u00e8cniques projectives\u201d d\u2019Elsa Grassano de P\u00edccolo i la teoria psicoanal\u00edtica de Melanie Klein, l\u2019autor ha elaborat un treball que ser\u00e0 de gran utilitat tant per als professionals que fan servir les t\u00e8cniques projectives com per als estudiants interessats. En primer lloc, Barbosa realitza un enfocament te\u00f2rico-nosogr\u00e0fic de les gran organitzacions psicopatol\u00f2giques. Posteriorment, ofereix els indicadors que permeten establir un diagn\u00f2stic diferencial i, finalment, realitza les seves aportacions personals al voltant d\u2019alguns trets espec\u00edfics de les proves projectives gr\u00e0fiques. En especial, el test de l\u2019arbre i el text de la casa.[:es]AUTOR: Barbosa, Pere  FICHA Tipo de producto: Estudio Editorial: Herder Editorial Lengua: Castellano P\u00e1ginas: 408  SINOPSIS La presente obra es el resultado de un largo recorrido docente y cl\u00ednico, sobre todo en los \u00e1mbitos de la psicoterapia psicoanal\u00edtica y de las t\u00e9cnicas proyectivas. Tomando como referencia el texto cl\u00e1sico Indicadores psicopatol\u00f3gicos en t\u00e9cnicas proyectivas, de Elsa Grassano de P\u00edccolo, y la teor\u00eda psicoanal\u00edtica de Melanie Klein, el autor ha elaborado un trabajo que ser\u00e1 de gran utilidad tanto para los profesionales que utilizan las t\u00e9cnicas proyectivas como para todos los estudiantes interesados en las mismas. En primer lugar, Barbosa realiza un encuadre te\u00f3rico-nosogr\u00e1fico de las grandes organizaciones psicopatol\u00f3gicas. Posteriormente, ofrece los indicadores que permiten establecer un diagn\u00f3stico diferencial y, finalmente, realiza sus aportaciones personales en torno a algunos rasgos espec\u00edficos de las pruebas proyectivas gr\u00e1ficas, en especial el Test del \u00e1rbol y el Test de la casa.[:]\" \/>\n<meta property=\"og:url\" content=\"https:\/\/www.fvb.cat\/ca\/producte\/psicopatologia-i-tests-grafics-psicodiangostic-diferencial-mitjancant-els-dibuixos-de-la-casa-larbre-i-la-persona-htp\/\" \/>\n<meta property=\"og:site_name\" content=\"Fundaci\u00f3 Vidal i Barraquer\" \/>\n<meta property=\"article:modified_time\" content=\"2025-06-19T09:26:25+00:00\" \/>\n<meta property=\"og:image\" content=\"https:\/\/www.fvb.cat\/wp-content\/uploads\/2017\/06\/IMG_PSICOPATOLOGIA-Y-TESTS-GRAFICOS.jpg\" \/>\n\t<meta property=\"og:image:width\" content=\"700\" \/>\n\t<meta property=\"og:image:height\" content=\"700\" \/>\n\t<meta property=\"og:image:type\" content=\"image\/jpeg\" \/>\n<meta name=\"twitter:card\" content=\"summary_large_image\" \/>\n<meta name=\"twitter:label1\" content=\"Temps estimat de lectura\" \/>\n\t<meta name=\"twitter:data1\" content=\"1 minut\" \/>\n<script type=\"application\/ld+json\" class=\"yoast-schema-graph\">{\"@context\":\"https:\/\/schema.org\",\"@graph\":[{\"@type\":\"WebPage\",\"@id\":\"https:\/\/www.fvb.cat\/ca\/producte\/psicopatologia-i-tests-grafics-psicodiangostic-diferencial-mitjancant-els-dibuixos-de-la-casa-larbre-i-la-persona-htp\/\",\"url\":\"https:\/\/www.fvb.cat\/ca\/producte\/psicopatologia-i-tests-grafics-psicodiangostic-diferencial-mitjancant-els-dibuixos-de-la-casa-larbre-i-la-persona-htp\/\",\"name\":\"Psicopatolog\u00eda y test gr\u00e1ficos. Psicodiang\u00f3stico diferencial mediante los dibujos de la Casa, el \u00c0rbol y la Persona (htp) - Fundaci\u00f3 Vidal i Barraquer\",\"isPartOf\":{\"@id\":\"https:\/\/www.fvb.cat\/es\/#website\"},\"primaryImageOfPage\":{\"@id\":\"https:\/\/www.fvb.cat\/ca\/producte\/psicopatologia-i-tests-grafics-psicodiangostic-diferencial-mitjancant-els-dibuixos-de-la-casa-larbre-i-la-persona-htp\/#primaryimage\"},\"image\":{\"@id\":\"https:\/\/www.fvb.cat\/ca\/producte\/psicopatologia-i-tests-grafics-psicodiangostic-diferencial-mitjancant-els-dibuixos-de-la-casa-larbre-i-la-persona-htp\/#primaryimage\"},\"thumbnailUrl\":\"https:\/\/www.fvb.cat\/wp-content\/uploads\/2017\/06\/IMG_PSICOPATOLOGIA-Y-TESTS-GRAFICOS.jpg\",\"datePublished\":\"2017-06-13T08:21:31+00:00\",\"dateModified\":\"2025-06-19T09:26:25+00:00\",\"breadcrumb\":{\"@id\":\"https:\/\/www.fvb.cat\/ca\/producte\/psicopatologia-i-tests-grafics-psicodiangostic-diferencial-mitjancant-els-dibuixos-de-la-casa-larbre-i-la-persona-htp\/#breadcrumb\"},\"inLanguage\":\"ca\",\"potentialAction\":[{\"@type\":\"ReadAction\",\"target\":[\"https:\/\/www.fvb.cat\/ca\/producte\/psicopatologia-i-tests-grafics-psicodiangostic-diferencial-mitjancant-els-dibuixos-de-la-casa-larbre-i-la-persona-htp\/\"]}]},{\"@type\":\"ImageObject\",\"inLanguage\":\"ca\",\"@id\":\"https:\/\/www.fvb.cat\/ca\/producte\/psicopatologia-i-tests-grafics-psicodiangostic-diferencial-mitjancant-els-dibuixos-de-la-casa-larbre-i-la-persona-htp\/#primaryimage\",\"url\":\"https:\/\/www.fvb.cat\/wp-content\/uploads\/2017\/06\/IMG_PSICOPATOLOGIA-Y-TESTS-GRAFICOS.jpg\",\"contentUrl\":\"https:\/\/www.fvb.cat\/wp-content\/uploads\/2017\/06\/IMG_PSICOPATOLOGIA-Y-TESTS-GRAFICOS.jpg\",\"width\":700,\"height\":700},{\"@type\":\"BreadcrumbList\",\"@id\":\"https:\/\/www.fvb.cat\/ca\/producte\/psicopatologia-i-tests-grafics-psicodiangostic-diferencial-mitjancant-els-dibuixos-de-la-casa-larbre-i-la-persona-htp\/#breadcrumb\",\"itemListElement\":[{\"@type\":\"ListItem\",\"position\":1,\"name\":\"Inici\",\"item\":\"https:\/\/www.fvb.cat\/es\/\"},{\"@type\":\"ListItem\",\"position\":2,\"name\":\"Botiga\",\"item\":\"https:\/\/www.fvb.cat\/es\/botiga\/\"},{\"@type\":\"ListItem\",\"position\":3,\"name\":\"Psicopatolog\u00eda y test gr\u00e1ficos. Psicodiang\u00f3stico diferencial mediante los dibujos de la Casa, el \u00c0rbol y la Persona (htp)\"}]},{\"@type\":\"WebSite\",\"@id\":\"https:\/\/www.fvb.cat\/es\/#website\",\"url\":\"https:\/\/www.fvb.cat\/es\/\",\"name\":\"Fundaci\u00f3 Vidal i Barraquer\",\"description\":\"Assist\u00e8ncia, doc\u00e8ncia i recerca en la salut mental\",\"publisher\":{\"@id\":\"https:\/\/www.fvb.cat\/es\/#organization\"},\"potentialAction\":[{\"@type\":\"SearchAction\",\"target\":{\"@type\":\"EntryPoint\",\"urlTemplate\":\"https:\/\/www.fvb.cat\/es\/?s={search_term_string}\"},\"query-input\":\"required name=search_term_string\"}],\"inLanguage\":\"ca\"},{\"@type\":\"Organization\",\"@id\":\"https:\/\/www.fvb.cat\/es\/#organization\",\"name\":\"Fundaci\u00f3 Vidal i Barraquer\",\"url\":\"https:\/\/www.fvb.cat\/es\/\",\"logo\":{\"@type\":\"ImageObject\",\"inLanguage\":\"ca\",\"@id\":\"https:\/\/www.fvb.cat\/es\/#\/schema\/logo\/image\/\",\"url\":\"https:\/\/www.fvb.cat\/wp-content\/uploads\/2024\/05\/logo-vidal-i-barrauqer-60-aniversari.jpg\",\"contentUrl\":\"https:\/\/www.fvb.cat\/wp-content\/uploads\/2024\/05\/logo-vidal-i-barrauqer-60-aniversari.jpg\",\"width\":2125,\"height\":703,\"caption\":\"Fundaci\u00f3 Vidal i Barraquer\"},\"image\":{\"@id\":\"https:\/\/www.fvb.cat\/es\/#\/schema\/logo\/image\/\"}}]}<\/script>\n<!-- \/ Yoast SEO plugin. -->","yoast_head_json":{"title":"Psicopatolog\u00eda y test gr\u00e1ficos. Psicodiang\u00f3stico diferencial mediante los dibujos de la Casa, el \u00c0rbol y la Persona (htp) - Fundaci\u00f3 Vidal i Barraquer","robots":{"index":"index","follow":"follow","max-snippet":"max-snippet:-1","max-image-preview":"max-image-preview:large","max-video-preview":"max-video-preview:-1"},"canonical":"https:\/\/www.fvb.cat\/ca\/producte\/psicopatologia-i-tests-grafics-psicodiangostic-diferencial-mitjancant-els-dibuixos-de-la-casa-larbre-i-la-persona-htp\/","og_locale":"ca_ES","og_type":"article","og_title":"Psicopatolog\u00eda y test gr\u00e1ficos. Psicodiang\u00f3stico diferencial mediante los dibujos de la Casa, el \u00c0rbol y la Persona (htp) - Fundaci\u00f3 Vidal i Barraquer","og_description":"[:ca]AUTOR: Barbosa, Pere  FITXA Tipus de producte: Estudi Editorial: Herder Editorial Idioma: Castell\u00e0 N\u00famero de p\u00e0gines: 408  SINOPSI Aquesta obra \u00e9s el resultat d\u2019un llarg recorregut docent i cl\u00ednic, sobretot en el \u00e0mbits de la psicoter\u00e0pia psicoanal\u00edtica i de les t\u00e8cniques projectives. Agafant com a refer\u00e8ncia el text cl\u00e0ssic \u201cIndicadors psicopatol\u00f2gics en t\u00e8cniques projectives\u201d d\u2019Elsa Grassano de P\u00edccolo i la teoria psicoanal\u00edtica de Melanie Klein, l\u2019autor ha elaborat un treball que ser\u00e0 de gran utilitat tant per als professionals que fan servir les t\u00e8cniques projectives com per als estudiants interessats. En primer lloc, Barbosa realitza un enfocament te\u00f2rico-nosogr\u00e0fic de les gran organitzacions psicopatol\u00f2giques. Posteriorment, ofereix els indicadors que permeten establir un diagn\u00f2stic diferencial i, finalment, realitza les seves aportacions personals al voltant d\u2019alguns trets espec\u00edfics de les proves projectives gr\u00e0fiques. En especial, el test de l\u2019arbre i el text de la casa.[:es]AUTOR: Barbosa, Pere  FICHA Tipo de producto: Estudio Editorial: Herder Editorial Lengua: Castellano P\u00e1ginas: 408  SINOPSIS La presente obra es el resultado de un largo recorrido docente y cl\u00ednico, sobre todo en los \u00e1mbitos de la psicoterapia psicoanal\u00edtica y de las t\u00e9cnicas proyectivas. Tomando como referencia el texto cl\u00e1sico Indicadores psicopatol\u00f3gicos en t\u00e9cnicas proyectivas, de Elsa Grassano de P\u00edccolo, y la teor\u00eda psicoanal\u00edtica de Melanie Klein, el autor ha elaborado un trabajo que ser\u00e1 de gran utilidad tanto para los profesionales que utilizan las t\u00e9cnicas proyectivas como para todos los estudiantes interesados en las mismas. En primer lugar, Barbosa realiza un encuadre te\u00f3rico-nosogr\u00e1fico de las grandes organizaciones psicopatol\u00f3gicas. Posteriormente, ofrece los indicadores que permiten establecer un diagn\u00f3stico diferencial y, finalmente, realiza sus aportaciones personales en torno a algunos rasgos espec\u00edficos de las pruebas proyectivas gr\u00e1ficas, en especial el Test del \u00e1rbol y el Test de la casa.[:]","og_url":"https:\/\/www.fvb.cat\/ca\/producte\/psicopatologia-i-tests-grafics-psicodiangostic-diferencial-mitjancant-els-dibuixos-de-la-casa-larbre-i-la-persona-htp\/","og_site_name":"Fundaci\u00f3 Vidal i Barraquer","article_modified_time":"2025-06-19T09:26:25+00:00","og_image":[{"width":700,"height":700,"url":"https:\/\/www.fvb.cat\/wp-content\/uploads\/2017\/06\/IMG_PSICOPATOLOGIA-Y-TESTS-GRAFICOS.jpg","type":"image\/jpeg"}],"twitter_card":"summary_large_image","twitter_misc":{"Temps estimat de lectura":"1 minut"},"schema":{"@context":"https:\/\/schema.org","@graph":[{"@type":"WebPage","@id":"https:\/\/www.fvb.cat\/ca\/producte\/psicopatologia-i-tests-grafics-psicodiangostic-diferencial-mitjancant-els-dibuixos-de-la-casa-larbre-i-la-persona-htp\/","url":"https:\/\/www.fvb.cat\/ca\/producte\/psicopatologia-i-tests-grafics-psicodiangostic-diferencial-mitjancant-els-dibuixos-de-la-casa-larbre-i-la-persona-htp\/","name":"Psicopatolog\u00eda y test gr\u00e1ficos. Psicodiang\u00f3stico diferencial mediante los dibujos de la Casa, el \u00c0rbol y la Persona (htp) - Fundaci\u00f3 Vidal i Barraquer","isPartOf":{"@id":"https:\/\/www.fvb.cat\/es\/#website"},"primaryImageOfPage":{"@id":"https:\/\/www.fvb.cat\/ca\/producte\/psicopatologia-i-tests-grafics-psicodiangostic-diferencial-mitjancant-els-dibuixos-de-la-casa-larbre-i-la-persona-htp\/#primaryimage"},"image":{"@id":"https:\/\/www.fvb.cat\/ca\/producte\/psicopatologia-i-tests-grafics-psicodiangostic-diferencial-mitjancant-els-dibuixos-de-la-casa-larbre-i-la-persona-htp\/#primaryimage"},"thumbnailUrl":"https:\/\/www.fvb.cat\/wp-content\/uploads\/2017\/06\/IMG_PSICOPATOLOGIA-Y-TESTS-GRAFICOS.jpg","datePublished":"2017-06-13T08:21:31+00:00","dateModified":"2025-06-19T09:26:25+00:00","breadcrumb":{"@id":"https:\/\/www.fvb.cat\/ca\/producte\/psicopatologia-i-tests-grafics-psicodiangostic-diferencial-mitjancant-els-dibuixos-de-la-casa-larbre-i-la-persona-htp\/#breadcrumb"},"inLanguage":"ca","potentialAction":[{"@type":"ReadAction","target":["https:\/\/www.fvb.cat\/ca\/producte\/psicopatologia-i-tests-grafics-psicodiangostic-diferencial-mitjancant-els-dibuixos-de-la-casa-larbre-i-la-persona-htp\/"]}]},{"@type":"ImageObject","inLanguage":"ca","@id":"https:\/\/www.fvb.cat\/ca\/producte\/psicopatologia-i-tests-grafics-psicodiangostic-diferencial-mitjancant-els-dibuixos-de-la-casa-larbre-i-la-persona-htp\/#primaryimage","url":"https:\/\/www.fvb.cat\/wp-content\/uploads\/2017\/06\/IMG_PSICOPATOLOGIA-Y-TESTS-GRAFICOS.jpg","contentUrl":"https:\/\/www.fvb.cat\/wp-content\/uploads\/2017\/06\/IMG_PSICOPATOLOGIA-Y-TESTS-GRAFICOS.jpg","width":700,"height":700},{"@type":"BreadcrumbList","@id":"https:\/\/www.fvb.cat\/ca\/producte\/psicopatologia-i-tests-grafics-psicodiangostic-diferencial-mitjancant-els-dibuixos-de-la-casa-larbre-i-la-persona-htp\/#breadcrumb","itemListElement":[{"@type":"ListItem","position":1,"name":"Inici","item":"https:\/\/www.fvb.cat\/es\/"},{"@type":"ListItem","position":2,"name":"Botiga","item":"https:\/\/www.fvb.cat\/es\/botiga\/"},{"@type":"ListItem","position":3,"name":"Psicopatolog\u00eda y test gr\u00e1ficos. Psicodiang\u00f3stico diferencial mediante los dibujos de la Casa, el \u00c0rbol y la Persona (htp)"}]},{"@type":"WebSite","@id":"https:\/\/www.fvb.cat\/es\/#website","url":"https:\/\/www.fvb.cat\/es\/","name":"Fundaci\u00f3 Vidal i Barraquer","description":"Assist\u00e8ncia, doc\u00e8ncia i recerca en la salut mental","publisher":{"@id":"https:\/\/www.fvb.cat\/es\/#organization"},"potentialAction":[{"@type":"SearchAction","target":{"@type":"EntryPoint","urlTemplate":"https:\/\/www.fvb.cat\/es\/?s={search_term_string}"},"query-input":"required name=search_term_string"}],"inLanguage":"ca"},{"@type":"Organization","@id":"https:\/\/www.fvb.cat\/es\/#organization","name":"Fundaci\u00f3 Vidal i Barraquer","url":"https:\/\/www.fvb.cat\/es\/","logo":{"@type":"ImageObject","inLanguage":"ca","@id":"https:\/\/www.fvb.cat\/es\/#\/schema\/logo\/image\/","url":"https:\/\/www.fvb.cat\/wp-content\/uploads\/2024\/05\/logo-vidal-i-barrauqer-60-aniversari.jpg","contentUrl":"https:\/\/www.fvb.cat\/wp-content\/uploads\/2024\/05\/logo-vidal-i-barrauqer-60-aniversari.jpg","width":2125,"height":703,"caption":"Fundaci\u00f3 Vidal i Barraquer"},"image":{"@id":"https:\/\/www.fvb.cat\/es\/#\/schema\/logo\/image\/"}}]}},"_links":{"self":[{"href":"https:\/\/www.fvb.cat\/ca\/wp-json\/wp\/v2\/product\/6530"}],"collection":[{"href":"https:\/\/www.fvb.cat\/ca\/wp-json\/wp\/v2\/product"}],"about":[{"href":"https:\/\/www.fvb.cat\/ca\/wp-json\/wp\/v2\/types\/product"}],"wp:featuredmedia":[{"embeddable":true,"href":"https:\/\/www.fvb.cat\/ca\/wp-json\/wp\/v2\/media\/16376"}],"wp:attachment":[{"href":"https:\/\/www.fvb.cat\/ca\/wp-json\/wp\/v2\/media?parent=6530"}],"wp:term":[{"taxonomy":"product_cat","embeddable":true,"href":"https:\/\/www.fvb.cat\/ca\/wp-json\/wp\/v2\/product_cat?post=6530"},{"taxonomy":"product_tag","embeddable":true,"href":"https:\/\/www.fvb.cat\/ca\/wp-json\/wp\/v2\/product_tag?post=6530"}],"curies":[{"name":"wp","href":"https:\/\/api.w.org\/{rel}","templated":true}]}}