{"id":6527,"date":"2017-06-13T09:15:31","date_gmt":"2017-06-13T08:15:31","guid":{"rendered":"http:\/\/www.fvb.cat\/?post_type=product&#038;p=6527"},"modified":"2019-10-22T18:11:45","modified_gmt":"2019-10-22T17:11:45","slug":"larbre-de-la-descendencia-clinica-dels-cossos-familiars","status":"publish","type":"product","link":"https:\/\/www.fvb.cat\/ca\/producte\/larbre-de-la-descendencia-clinica-dels-cossos-familiars\/","title":{"rendered":"El \u00e1rbol de la descendencia. Cl\u00ednica de los cuerpos familiares"},"content":{"rendered":"","protected":false},"excerpt":{"rendered":"<p><strong>AUTOR:\u00a0<\/strong>Cigoli, Vittorio<br \/>\n<strong>TRADUCCI\u00d3:\u00a0<\/strong>Valentina Capecci<\/p>\n<p><strong>FITXA<\/strong><br \/>\nTipus de producte:\u00a0Estudi<br \/>\nEditorial:\u00a0<a href=\"https:\/\/www.herdereditorial.com\/advanced?option=publisher&amp;query=Herder%20Editorial\">Herder Editorial<\/a><br \/>\nIdioma:\u00a0Castell\u00e0<br \/>\nN\u00famero de p\u00e0gines:\u00a0448<\/p>\n<p><strong>SINOPSI<\/strong><br \/>\nAquest volum, versi\u00f3 revisada i ampliada de l\u2019original itali\u00e0, presenta els resultats de la investigaci\u00f3 cl\u00ednica sobre els cossos familiars duta a terme per l\u2018autor durant els \u00faltims vint anys. L\u2019obra est\u00e0 dividida en tres grans blocs que faciliten la comprensi\u00f3 de la psicoter\u00e0pia relacional-simb\u00f2lica. En el primer, es resumeixen els fonaments antropol\u00f2gics, filos\u00f2fics, art\u00edstics i psicol\u00f2gics, mentre que el segon deixa espai a la pr\u00e0ctica cl\u00ednica. El tercer presenta diversos instruments de valoraci\u00f3 de les relacions familiars. La idea de que les ci\u00e8ncies neuropsicol\u00f2giques han de donar prefer\u00e8ncia a la formaci\u00f3 dels futurs professionals de la psicologia ha suposat, en els \u00faltims anys, que les humanitats quedin apartades. Sense restar import\u00e0ncia a les ci\u00e8ncies, Cigoli i el seu equip mostren com els estudis d\u2019art, filosofia, m\u00fasica o literatura contribueixen a l\u2019enriquiment de la psicologia com a ci\u00e8ncia.<\/p>\n","protected":false},"featured_media":6566,"template":"","meta":[],"product_cat":[57],"product_tag":[64,69,65],"yoast_head":"<!-- This site is optimized with the Yoast SEO plugin v22.6 - https:\/\/yoast.com\/wordpress\/plugins\/seo\/ -->\n<title>El \u00e1rbol de la descendencia. Cl\u00ednica de los cuerpos familiares - Fundaci\u00f3 Vidal i Barraquer<\/title>\n<meta name=\"robots\" content=\"index, follow, max-snippet:-1, max-image-preview:large, max-video-preview:-1\" \/>\n<link rel=\"canonical\" href=\"https:\/\/www.fvb.cat\/ca\/producte\/larbre-de-la-descendencia-clinica-dels-cossos-familiars\/\" \/>\n<meta property=\"og:locale\" content=\"ca_ES\" \/>\n<meta property=\"og:type\" content=\"article\" \/>\n<meta property=\"og:title\" content=\"El \u00e1rbol de la descendencia. Cl\u00ednica de los cuerpos familiares - Fundaci\u00f3 Vidal i Barraquer\" \/>\n<meta property=\"og:description\" content=\"[:ca]AUTOR:\u00a0Cigoli, Vittorio TRADUCCI\u00d3:\u00a0Valentina Capecci  FITXA Tipus de producte:\u00a0Estudi Editorial:\u00a0Herder Editorial Idioma:\u00a0Castell\u00e0 N\u00famero de p\u00e0gines:\u00a0448  SINOPSI Aquest volum, versi\u00f3 revisada i ampliada de l\u2019original itali\u00e0, presenta els resultats de la investigaci\u00f3 cl\u00ednica sobre els cossos familiars duta a terme per l\u2018autor durant els \u00faltims vint anys. L\u2019obra est\u00e0 dividida en tres grans blocs que faciliten la comprensi\u00f3 de la psicoter\u00e0pia relacional-simb\u00f2lica. En el primer, es resumeixen els fonaments antropol\u00f2gics, filos\u00f2fics, art\u00edstics i psicol\u00f2gics, mentre que el segon deixa espai a la pr\u00e0ctica cl\u00ednica. El tercer presenta diversos instruments de valoraci\u00f3 de les relacions familiars. La idea de que les ci\u00e8ncies neuropsicol\u00f2giques han de donar prefer\u00e8ncia a la formaci\u00f3 dels futurs professionals de la psicologia ha suposat, en els \u00faltims anys, que les humanitats quedin apartades. Sense restar import\u00e0ncia a les ci\u00e8ncies, Cigoli i el seu equip mostren com els estudis d\u2019art, filosofia, m\u00fasica o literatura contribueixen a l\u2019enriquiment de la psicologia com a ci\u00e8ncia.[:es]AUTOR: Cigoli, Vittorio. Tradu\u00eft per Valentina Capecci TRADUCCI\u00d3: Valentina Capecci  FICHA Tipo de producto: Estudio Editorial: Herder Editorial Lengua: Castellano P\u00e1ginas: 448  SINOPSIS Este volumen, versi\u00f3n revisada y ampliada del original italiano, presenta los resultados de la investigaci\u00f3n cl\u00ednica sobre los cuerpos familiares llevada a cabo por el autor a lo largo de los \u00faltimos veinte a\u00f1os. La obra est\u00e1 dividida en tres grandes bloques que facilitan la comprensi\u00f3n de la psicoterapia relacional-simb\u00f3lica. En el primero se resumen los fundamentos antropol\u00f3gicos, filos\u00f3ficos, art\u00edsticos y psicol\u00f3gicos, mientras que el segundo deja espacio a la pr\u00e1ctica cl\u00ednica. El tercero presenta varios instrumentos de valoraci\u00f3n de las relaciones familiares. La idea de que las ciencias neuropsicol\u00f3gicas deben primar en la formaci\u00f3n de los futuros profesionales de la psicolog\u00eda ha supuesto en los \u00faltimos a\u00f1os el destierro de las humanidades. Sin restar un \u00e1pice de importancia a las ciencias, Cigoli y su equipo muestran c\u00f3mo los estudios de arte, la filosof\u00eda, la m\u00fasica o la literatura contribuyen al enriquecimiento de la psicolog\u00eda como ciencia.[:]\" \/>\n<meta property=\"og:url\" content=\"https:\/\/www.fvb.cat\/ca\/producte\/larbre-de-la-descendencia-clinica-dels-cossos-familiars\/\" \/>\n<meta property=\"og:site_name\" content=\"Fundaci\u00f3 Vidal i Barraquer\" \/>\n<meta property=\"article:modified_time\" content=\"2019-10-22T17:11:45+00:00\" \/>\n<meta property=\"og:image\" content=\"https:\/\/www.fvb.cat\/wp-content\/uploads\/2017\/06\/cover_llibre4_ARBOL-DESCENDENCIA-scaled.jpg\" \/>\n\t<meta property=\"og:image:width\" content=\"2560\" \/>\n\t<meta property=\"og:image:height\" content=\"1792\" \/>\n\t<meta property=\"og:image:type\" content=\"image\/jpeg\" \/>\n<meta name=\"twitter:card\" content=\"summary_large_image\" \/>\n<script type=\"application\/ld+json\" class=\"yoast-schema-graph\">{\"@context\":\"https:\/\/schema.org\",\"@graph\":[{\"@type\":\"WebPage\",\"@id\":\"https:\/\/www.fvb.cat\/ca\/producte\/larbre-de-la-descendencia-clinica-dels-cossos-familiars\/\",\"url\":\"https:\/\/www.fvb.cat\/ca\/producte\/larbre-de-la-descendencia-clinica-dels-cossos-familiars\/\",\"name\":\"El \u00e1rbol de la descendencia. Cl\u00ednica de los cuerpos familiares - Fundaci\u00f3 Vidal i Barraquer\",\"isPartOf\":{\"@id\":\"https:\/\/www.fvb.cat\/es\/#website\"},\"primaryImageOfPage\":{\"@id\":\"https:\/\/www.fvb.cat\/ca\/producte\/larbre-de-la-descendencia-clinica-dels-cossos-familiars\/#primaryimage\"},\"image\":{\"@id\":\"https:\/\/www.fvb.cat\/ca\/producte\/larbre-de-la-descendencia-clinica-dels-cossos-familiars\/#primaryimage\"},\"thumbnailUrl\":\"https:\/\/www.fvb.cat\/wp-content\/uploads\/2017\/06\/cover_llibre4_ARBOL-DESCENDENCIA-scaled.jpg\",\"datePublished\":\"2017-06-13T08:15:31+00:00\",\"dateModified\":\"2019-10-22T17:11:45+00:00\",\"breadcrumb\":{\"@id\":\"https:\/\/www.fvb.cat\/ca\/producte\/larbre-de-la-descendencia-clinica-dels-cossos-familiars\/#breadcrumb\"},\"inLanguage\":\"ca\",\"potentialAction\":[{\"@type\":\"ReadAction\",\"target\":[\"https:\/\/www.fvb.cat\/ca\/producte\/larbre-de-la-descendencia-clinica-dels-cossos-familiars\/\"]}]},{\"@type\":\"ImageObject\",\"inLanguage\":\"ca\",\"@id\":\"https:\/\/www.fvb.cat\/ca\/producte\/larbre-de-la-descendencia-clinica-dels-cossos-familiars\/#primaryimage\",\"url\":\"https:\/\/www.fvb.cat\/wp-content\/uploads\/2017\/06\/cover_llibre4_ARBOL-DESCENDENCIA-scaled.jpg\",\"contentUrl\":\"https:\/\/www.fvb.cat\/wp-content\/uploads\/2017\/06\/cover_llibre4_ARBOL-DESCENDENCIA-scaled.jpg\",\"width\":2560,\"height\":1792},{\"@type\":\"BreadcrumbList\",\"@id\":\"https:\/\/www.fvb.cat\/ca\/producte\/larbre-de-la-descendencia-clinica-dels-cossos-familiars\/#breadcrumb\",\"itemListElement\":[{\"@type\":\"ListItem\",\"position\":1,\"name\":\"Inici\",\"item\":\"https:\/\/www.fvb.cat\/es\/\"},{\"@type\":\"ListItem\",\"position\":2,\"name\":\"Botiga\",\"item\":\"https:\/\/www.fvb.cat\/es\/botiga\/\"},{\"@type\":\"ListItem\",\"position\":3,\"name\":\"El \u00e1rbol de la descendencia. Cl\u00ednica de los cuerpos familiares\"}]},{\"@type\":\"WebSite\",\"@id\":\"https:\/\/www.fvb.cat\/es\/#website\",\"url\":\"https:\/\/www.fvb.cat\/es\/\",\"name\":\"Fundaci\u00f3 Vidal i Barraquer\",\"description\":\"Assist\u00e8ncia, doc\u00e8ncia i recerca en la salut mental\",\"publisher\":{\"@id\":\"https:\/\/www.fvb.cat\/es\/#organization\"},\"potentialAction\":[{\"@type\":\"SearchAction\",\"target\":{\"@type\":\"EntryPoint\",\"urlTemplate\":\"https:\/\/www.fvb.cat\/es\/?s={search_term_string}\"},\"query-input\":\"required name=search_term_string\"}],\"inLanguage\":\"ca\"},{\"@type\":\"Organization\",\"@id\":\"https:\/\/www.fvb.cat\/es\/#organization\",\"name\":\"Fundaci\u00f3 Vidal i Barraquer\",\"url\":\"https:\/\/www.fvb.cat\/es\/\",\"logo\":{\"@type\":\"ImageObject\",\"inLanguage\":\"ca\",\"@id\":\"https:\/\/www.fvb.cat\/es\/#\/schema\/logo\/image\/\",\"url\":\"https:\/\/www.fvb.cat\/wp-content\/uploads\/2024\/05\/logo-vidal-i-barrauqer-60-aniversari.jpg\",\"contentUrl\":\"https:\/\/www.fvb.cat\/wp-content\/uploads\/2024\/05\/logo-vidal-i-barrauqer-60-aniversari.jpg\",\"width\":2125,\"height\":703,\"caption\":\"Fundaci\u00f3 Vidal i Barraquer\"},\"image\":{\"@id\":\"https:\/\/www.fvb.cat\/es\/#\/schema\/logo\/image\/\"}}]}<\/script>\n<!-- \/ Yoast SEO plugin. -->","yoast_head_json":{"title":"El \u00e1rbol de la descendencia. Cl\u00ednica de los cuerpos familiares - Fundaci\u00f3 Vidal i Barraquer","robots":{"index":"index","follow":"follow","max-snippet":"max-snippet:-1","max-image-preview":"max-image-preview:large","max-video-preview":"max-video-preview:-1"},"canonical":"https:\/\/www.fvb.cat\/ca\/producte\/larbre-de-la-descendencia-clinica-dels-cossos-familiars\/","og_locale":"ca_ES","og_type":"article","og_title":"El \u00e1rbol de la descendencia. Cl\u00ednica de los cuerpos familiares - Fundaci\u00f3 Vidal i Barraquer","og_description":"[:ca]AUTOR:\u00a0Cigoli, Vittorio TRADUCCI\u00d3:\u00a0Valentina Capecci  FITXA Tipus de producte:\u00a0Estudi Editorial:\u00a0Herder Editorial Idioma:\u00a0Castell\u00e0 N\u00famero de p\u00e0gines:\u00a0448  SINOPSI Aquest volum, versi\u00f3 revisada i ampliada de l\u2019original itali\u00e0, presenta els resultats de la investigaci\u00f3 cl\u00ednica sobre els cossos familiars duta a terme per l\u2018autor durant els \u00faltims vint anys. L\u2019obra est\u00e0 dividida en tres grans blocs que faciliten la comprensi\u00f3 de la psicoter\u00e0pia relacional-simb\u00f2lica. En el primer, es resumeixen els fonaments antropol\u00f2gics, filos\u00f2fics, art\u00edstics i psicol\u00f2gics, mentre que el segon deixa espai a la pr\u00e0ctica cl\u00ednica. El tercer presenta diversos instruments de valoraci\u00f3 de les relacions familiars. La idea de que les ci\u00e8ncies neuropsicol\u00f2giques han de donar prefer\u00e8ncia a la formaci\u00f3 dels futurs professionals de la psicologia ha suposat, en els \u00faltims anys, que les humanitats quedin apartades. Sense restar import\u00e0ncia a les ci\u00e8ncies, Cigoli i el seu equip mostren com els estudis d\u2019art, filosofia, m\u00fasica o literatura contribueixen a l\u2019enriquiment de la psicologia com a ci\u00e8ncia.[:es]AUTOR: Cigoli, Vittorio. Tradu\u00eft per Valentina Capecci TRADUCCI\u00d3: Valentina Capecci  FICHA Tipo de producto: Estudio Editorial: Herder Editorial Lengua: Castellano P\u00e1ginas: 448  SINOPSIS Este volumen, versi\u00f3n revisada y ampliada del original italiano, presenta los resultados de la investigaci\u00f3n cl\u00ednica sobre los cuerpos familiares llevada a cabo por el autor a lo largo de los \u00faltimos veinte a\u00f1os. La obra est\u00e1 dividida en tres grandes bloques que facilitan la comprensi\u00f3n de la psicoterapia relacional-simb\u00f3lica. En el primero se resumen los fundamentos antropol\u00f3gicos, filos\u00f3ficos, art\u00edsticos y psicol\u00f3gicos, mientras que el segundo deja espacio a la pr\u00e1ctica cl\u00ednica. El tercero presenta varios instrumentos de valoraci\u00f3n de las relaciones familiares. La idea de que las ciencias neuropsicol\u00f3gicas deben primar en la formaci\u00f3n de los futuros profesionales de la psicolog\u00eda ha supuesto en los \u00faltimos a\u00f1os el destierro de las humanidades. Sin restar un \u00e1pice de importancia a las ciencias, Cigoli y su equipo muestran c\u00f3mo los estudios de arte, la filosof\u00eda, la m\u00fasica o la literatura contribuyen al enriquecimiento de la psicolog\u00eda como ciencia.[:]","og_url":"https:\/\/www.fvb.cat\/ca\/producte\/larbre-de-la-descendencia-clinica-dels-cossos-familiars\/","og_site_name":"Fundaci\u00f3 Vidal i Barraquer","article_modified_time":"2019-10-22T17:11:45+00:00","og_image":[{"width":2560,"height":1792,"url":"https:\/\/www.fvb.cat\/wp-content\/uploads\/2017\/06\/cover_llibre4_ARBOL-DESCENDENCIA-scaled.jpg","type":"image\/jpeg"}],"twitter_card":"summary_large_image","schema":{"@context":"https:\/\/schema.org","@graph":[{"@type":"WebPage","@id":"https:\/\/www.fvb.cat\/ca\/producte\/larbre-de-la-descendencia-clinica-dels-cossos-familiars\/","url":"https:\/\/www.fvb.cat\/ca\/producte\/larbre-de-la-descendencia-clinica-dels-cossos-familiars\/","name":"El \u00e1rbol de la descendencia. Cl\u00ednica de los cuerpos familiares - Fundaci\u00f3 Vidal i Barraquer","isPartOf":{"@id":"https:\/\/www.fvb.cat\/es\/#website"},"primaryImageOfPage":{"@id":"https:\/\/www.fvb.cat\/ca\/producte\/larbre-de-la-descendencia-clinica-dels-cossos-familiars\/#primaryimage"},"image":{"@id":"https:\/\/www.fvb.cat\/ca\/producte\/larbre-de-la-descendencia-clinica-dels-cossos-familiars\/#primaryimage"},"thumbnailUrl":"https:\/\/www.fvb.cat\/wp-content\/uploads\/2017\/06\/cover_llibre4_ARBOL-DESCENDENCIA-scaled.jpg","datePublished":"2017-06-13T08:15:31+00:00","dateModified":"2019-10-22T17:11:45+00:00","breadcrumb":{"@id":"https:\/\/www.fvb.cat\/ca\/producte\/larbre-de-la-descendencia-clinica-dels-cossos-familiars\/#breadcrumb"},"inLanguage":"ca","potentialAction":[{"@type":"ReadAction","target":["https:\/\/www.fvb.cat\/ca\/producte\/larbre-de-la-descendencia-clinica-dels-cossos-familiars\/"]}]},{"@type":"ImageObject","inLanguage":"ca","@id":"https:\/\/www.fvb.cat\/ca\/producte\/larbre-de-la-descendencia-clinica-dels-cossos-familiars\/#primaryimage","url":"https:\/\/www.fvb.cat\/wp-content\/uploads\/2017\/06\/cover_llibre4_ARBOL-DESCENDENCIA-scaled.jpg","contentUrl":"https:\/\/www.fvb.cat\/wp-content\/uploads\/2017\/06\/cover_llibre4_ARBOL-DESCENDENCIA-scaled.jpg","width":2560,"height":1792},{"@type":"BreadcrumbList","@id":"https:\/\/www.fvb.cat\/ca\/producte\/larbre-de-la-descendencia-clinica-dels-cossos-familiars\/#breadcrumb","itemListElement":[{"@type":"ListItem","position":1,"name":"Inici","item":"https:\/\/www.fvb.cat\/es\/"},{"@type":"ListItem","position":2,"name":"Botiga","item":"https:\/\/www.fvb.cat\/es\/botiga\/"},{"@type":"ListItem","position":3,"name":"El \u00e1rbol de la descendencia. Cl\u00ednica de los cuerpos familiares"}]},{"@type":"WebSite","@id":"https:\/\/www.fvb.cat\/es\/#website","url":"https:\/\/www.fvb.cat\/es\/","name":"Fundaci\u00f3 Vidal i Barraquer","description":"Assist\u00e8ncia, doc\u00e8ncia i recerca en la salut mental","publisher":{"@id":"https:\/\/www.fvb.cat\/es\/#organization"},"potentialAction":[{"@type":"SearchAction","target":{"@type":"EntryPoint","urlTemplate":"https:\/\/www.fvb.cat\/es\/?s={search_term_string}"},"query-input":"required name=search_term_string"}],"inLanguage":"ca"},{"@type":"Organization","@id":"https:\/\/www.fvb.cat\/es\/#organization","name":"Fundaci\u00f3 Vidal i Barraquer","url":"https:\/\/www.fvb.cat\/es\/","logo":{"@type":"ImageObject","inLanguage":"ca","@id":"https:\/\/www.fvb.cat\/es\/#\/schema\/logo\/image\/","url":"https:\/\/www.fvb.cat\/wp-content\/uploads\/2024\/05\/logo-vidal-i-barrauqer-60-aniversari.jpg","contentUrl":"https:\/\/www.fvb.cat\/wp-content\/uploads\/2024\/05\/logo-vidal-i-barrauqer-60-aniversari.jpg","width":2125,"height":703,"caption":"Fundaci\u00f3 Vidal i Barraquer"},"image":{"@id":"https:\/\/www.fvb.cat\/es\/#\/schema\/logo\/image\/"}}]}},"_links":{"self":[{"href":"https:\/\/www.fvb.cat\/ca\/wp-json\/wp\/v2\/product\/6527"}],"collection":[{"href":"https:\/\/www.fvb.cat\/ca\/wp-json\/wp\/v2\/product"}],"about":[{"href":"https:\/\/www.fvb.cat\/ca\/wp-json\/wp\/v2\/types\/product"}],"wp:featuredmedia":[{"embeddable":true,"href":"https:\/\/www.fvb.cat\/ca\/wp-json\/wp\/v2\/media\/6566"}],"wp:attachment":[{"href":"https:\/\/www.fvb.cat\/ca\/wp-json\/wp\/v2\/media?parent=6527"}],"wp:term":[{"taxonomy":"product_cat","embeddable":true,"href":"https:\/\/www.fvb.cat\/ca\/wp-json\/wp\/v2\/product_cat?post=6527"},{"taxonomy":"product_tag","embeddable":true,"href":"https:\/\/www.fvb.cat\/ca\/wp-json\/wp\/v2\/product_tag?post=6527"}],"curies":[{"name":"wp","href":"https:\/\/api.w.org\/{rel}","templated":true}]}}