{"id":6519,"date":"2017-06-12T10:04:37","date_gmt":"2017-06-12T09:04:37","guid":{"rendered":"http:\/\/www.fvb.cat\/?post_type=product&#038;p=6519"},"modified":"2019-10-22T18:15:49","modified_gmt":"2019-10-22T17:15:49","slug":"la-relacio-pacient-terapeuta-el-camp-de-la-psicoanalisi-i-la-psicoterapia-psicoanalitica","status":"publish","type":"product","link":"https:\/\/www.fvb.cat\/ca\/producte\/la-relacio-pacient-terapeuta-el-camp-de-la-psicoanalisi-i-la-psicoterapia-psicoanalitica\/","title":{"rendered":"La relaci\u00f3n paciente-terapeuta. El campo del psicoan\u00e1lisis y la psicoterapia psicoanal\u00edtica"},"content":{"rendered":"","protected":false},"excerpt":{"rendered":"<p><strong>AUTOR: <\/strong>Joan Coderch De Sans<\/p>\n<p><strong>FITXA<\/strong><br \/>\nTipus de producte:\u00a0Estudi<br \/>\nEditorial:\u00a0<a href=\"https:\/\/www.herdereditorial.com\/advanced?option=publisher&amp;query=Herder%20Editorial\">Herder Editorial<\/a><br \/>\nIdioma:\u00a0Castell\u00e0<br \/>\nN\u00famero de p\u00e0gines:\u00a0272<\/p>\n<p><strong>SINOPSI<\/strong><br \/>\nL\u2019objectiu d\u2019aquesta obra, considerada pel seu autor com la continuaci\u00f3 de \u201cLa interpretaci\u00f3 en psicoan\u00e0lisi\u201d<em>,<\/em>\u00a0\u00e9s millorar la comprensi\u00f3 del que passa entre pacient i terapeuta quan es reuneixen per aconseguir que tingui lloc un canvi ps\u00edquic del primer. Segons Coderch, l\u2019atenci\u00f3 a la relaci\u00f3 en si mateixa permet captar, amb major exactitud, tonalitats que fins fa poc havien passat desapercebudes pels analistes. A trav\u00e9s de l\u2019exposici\u00f3 del model relacional, la interacci\u00f3, la intersubjectivitat, la psicologia de dues persones i el di\u00e0leg comunicatiu, l\u2019autor ofereix una feina de gran utilitat tant per a la psicoan\u00e0lisi com per a la psicoter\u00e0pia psicoanal\u00edtica.<\/p>\n","protected":false},"featured_media":6567,"template":"","meta":[],"product_cat":[57],"product_tag":[71,70,68,69,65],"yoast_head":"<!-- This site is optimized with the Yoast SEO plugin v22.6 - https:\/\/yoast.com\/wordpress\/plugins\/seo\/ -->\n<title>La relaci\u00f3n paciente-terapeuta. El campo del psicoan\u00e1lisis y la psicoterapia psicoanal\u00edtica - Fundaci\u00f3 Vidal i Barraquer<\/title>\n<meta name=\"robots\" content=\"index, follow, max-snippet:-1, max-image-preview:large, max-video-preview:-1\" \/>\n<link rel=\"canonical\" href=\"https:\/\/www.fvb.cat\/ca\/producte\/la-relacio-pacient-terapeuta-el-camp-de-la-psicoanalisi-i-la-psicoterapia-psicoanalitica\/\" \/>\n<meta property=\"og:locale\" content=\"ca_ES\" \/>\n<meta property=\"og:type\" content=\"article\" \/>\n<meta property=\"og:title\" content=\"La relaci\u00f3n paciente-terapeuta. El campo del psicoan\u00e1lisis y la psicoterapia psicoanal\u00edtica - Fundaci\u00f3 Vidal i Barraquer\" \/>\n<meta property=\"og:description\" content=\"[:ca]AUTOR: Joan Coderch De Sans  FITXA Tipus de producte:\u00a0Estudi Editorial:\u00a0Herder Editorial Idioma:\u00a0Castell\u00e0 N\u00famero de p\u00e0gines:\u00a0272  SINOPSI L\u2019objectiu d\u2019aquesta obra, considerada pel seu autor com la continuaci\u00f3 de \u201cLa interpretaci\u00f3 en psicoan\u00e0lisi\u201d,\u00a0\u00e9s millorar la comprensi\u00f3 del que passa entre pacient i terapeuta quan es reuneixen per aconseguir que tingui lloc un canvi ps\u00edquic del primer. Segons Coderch, l\u2019atenci\u00f3 a la relaci\u00f3 en si mateixa permet captar, amb major exactitud, tonalitats que fins fa poc havien passat desapercebudes pels analistes. A trav\u00e9s de l\u2019exposici\u00f3 del model relacional, la interacci\u00f3, la intersubjectivitat, la psicologia de dues persones i el di\u00e0leg comunicatiu, l\u2019autor ofereix una feina de gran utilitat tant per a la psicoan\u00e0lisi com per a la psicoter\u00e0pia psicoanal\u00edtica.[:es]AUTOR: Coderch De Sans, Joan  FICHA Tipo de producto: Estudio Editorial:\u00a0Herder Editorial Lengua: Castellano P\u00e1ginas: 272  SINOPSIS El prop\u00f3sito de esta obra, considerada por su autor como la continuaci\u00f3n de \u201cLa interpretaci\u00f3n en psicoan\u00e1lisis\u201d, es el de mejorar la comprensi\u00f3n de lo que ocurre entre paciente y terapeuta cuando se re\u00fanen para lograr que tenga lugar un cambio ps\u00edquico en el primero. Seg\u00fan Coderch, la atenci\u00f3n a la relaci\u00f3n en s\u00ed misma permite captar, con mayor exactitud, tonalidades que hasta hace poco hab\u00edan pasado desapercibidas por los analistas. A trav\u00e9s de la exposici\u00f3n del modelo relacional, la interacci\u00f3n, la intersubjetividad, la psicolog\u00eda de dos personas y el di\u00e1logo comunicativo, el autor ofrece una herramienta de gran utilidad tanto para el psicoan\u00e1lisis como para la psicoterapia psicoanal\u00edtica.[:]\" \/>\n<meta property=\"og:url\" content=\"https:\/\/www.fvb.cat\/ca\/producte\/la-relacio-pacient-terapeuta-el-camp-de-la-psicoanalisi-i-la-psicoterapia-psicoanalitica\/\" \/>\n<meta property=\"og:site_name\" content=\"Fundaci\u00f3 Vidal i Barraquer\" \/>\n<meta property=\"article:modified_time\" content=\"2019-10-22T17:15:49+00:00\" \/>\n<meta property=\"og:image\" content=\"https:\/\/www.fvb.cat\/wp-content\/uploads\/2017\/06\/cover_llibre3_RELACIO-PACIENT-TERAPEUTA-scaled.jpg\" \/>\n\t<meta property=\"og:image:width\" content=\"2560\" \/>\n\t<meta property=\"og:image:height\" content=\"1792\" \/>\n\t<meta property=\"og:image:type\" content=\"image\/jpeg\" \/>\n<meta name=\"twitter:card\" content=\"summary_large_image\" \/>\n<script type=\"application\/ld+json\" class=\"yoast-schema-graph\">{\"@context\":\"https:\/\/schema.org\",\"@graph\":[{\"@type\":\"WebPage\",\"@id\":\"https:\/\/www.fvb.cat\/ca\/producte\/la-relacio-pacient-terapeuta-el-camp-de-la-psicoanalisi-i-la-psicoterapia-psicoanalitica\/\",\"url\":\"https:\/\/www.fvb.cat\/ca\/producte\/la-relacio-pacient-terapeuta-el-camp-de-la-psicoanalisi-i-la-psicoterapia-psicoanalitica\/\",\"name\":\"La relaci\u00f3n paciente-terapeuta. El campo del psicoan\u00e1lisis y la psicoterapia psicoanal\u00edtica - Fundaci\u00f3 Vidal i Barraquer\",\"isPartOf\":{\"@id\":\"https:\/\/www.fvb.cat\/es\/#website\"},\"primaryImageOfPage\":{\"@id\":\"https:\/\/www.fvb.cat\/ca\/producte\/la-relacio-pacient-terapeuta-el-camp-de-la-psicoanalisi-i-la-psicoterapia-psicoanalitica\/#primaryimage\"},\"image\":{\"@id\":\"https:\/\/www.fvb.cat\/ca\/producte\/la-relacio-pacient-terapeuta-el-camp-de-la-psicoanalisi-i-la-psicoterapia-psicoanalitica\/#primaryimage\"},\"thumbnailUrl\":\"https:\/\/www.fvb.cat\/wp-content\/uploads\/2017\/06\/cover_llibre3_RELACIO-PACIENT-TERAPEUTA-scaled.jpg\",\"datePublished\":\"2017-06-12T09:04:37+00:00\",\"dateModified\":\"2019-10-22T17:15:49+00:00\",\"breadcrumb\":{\"@id\":\"https:\/\/www.fvb.cat\/ca\/producte\/la-relacio-pacient-terapeuta-el-camp-de-la-psicoanalisi-i-la-psicoterapia-psicoanalitica\/#breadcrumb\"},\"inLanguage\":\"ca\",\"potentialAction\":[{\"@type\":\"ReadAction\",\"target\":[\"https:\/\/www.fvb.cat\/ca\/producte\/la-relacio-pacient-terapeuta-el-camp-de-la-psicoanalisi-i-la-psicoterapia-psicoanalitica\/\"]}]},{\"@type\":\"ImageObject\",\"inLanguage\":\"ca\",\"@id\":\"https:\/\/www.fvb.cat\/ca\/producte\/la-relacio-pacient-terapeuta-el-camp-de-la-psicoanalisi-i-la-psicoterapia-psicoanalitica\/#primaryimage\",\"url\":\"https:\/\/www.fvb.cat\/wp-content\/uploads\/2017\/06\/cover_llibre3_RELACIO-PACIENT-TERAPEUTA-scaled.jpg\",\"contentUrl\":\"https:\/\/www.fvb.cat\/wp-content\/uploads\/2017\/06\/cover_llibre3_RELACIO-PACIENT-TERAPEUTA-scaled.jpg\",\"width\":2560,\"height\":1792},{\"@type\":\"BreadcrumbList\",\"@id\":\"https:\/\/www.fvb.cat\/ca\/producte\/la-relacio-pacient-terapeuta-el-camp-de-la-psicoanalisi-i-la-psicoterapia-psicoanalitica\/#breadcrumb\",\"itemListElement\":[{\"@type\":\"ListItem\",\"position\":1,\"name\":\"Inici\",\"item\":\"https:\/\/www.fvb.cat\/es\/\"},{\"@type\":\"ListItem\",\"position\":2,\"name\":\"Botiga\",\"item\":\"https:\/\/www.fvb.cat\/es\/botiga\/\"},{\"@type\":\"ListItem\",\"position\":3,\"name\":\"La relaci\u00f3n paciente-terapeuta. El campo del psicoan\u00e1lisis y la psicoterapia psicoanal\u00edtica\"}]},{\"@type\":\"WebSite\",\"@id\":\"https:\/\/www.fvb.cat\/es\/#website\",\"url\":\"https:\/\/www.fvb.cat\/es\/\",\"name\":\"Fundaci\u00f3 Vidal i Barraquer\",\"description\":\"Assist\u00e8ncia, doc\u00e8ncia i recerca en la salut mental\",\"publisher\":{\"@id\":\"https:\/\/www.fvb.cat\/es\/#organization\"},\"potentialAction\":[{\"@type\":\"SearchAction\",\"target\":{\"@type\":\"EntryPoint\",\"urlTemplate\":\"https:\/\/www.fvb.cat\/es\/?s={search_term_string}\"},\"query-input\":\"required name=search_term_string\"}],\"inLanguage\":\"ca\"},{\"@type\":\"Organization\",\"@id\":\"https:\/\/www.fvb.cat\/es\/#organization\",\"name\":\"Fundaci\u00f3 Vidal i Barraquer\",\"url\":\"https:\/\/www.fvb.cat\/es\/\",\"logo\":{\"@type\":\"ImageObject\",\"inLanguage\":\"ca\",\"@id\":\"https:\/\/www.fvb.cat\/es\/#\/schema\/logo\/image\/\",\"url\":\"https:\/\/www.fvb.cat\/wp-content\/uploads\/2024\/05\/logo-vidal-i-barrauqer-60-aniversari.jpg\",\"contentUrl\":\"https:\/\/www.fvb.cat\/wp-content\/uploads\/2024\/05\/logo-vidal-i-barrauqer-60-aniversari.jpg\",\"width\":2125,\"height\":703,\"caption\":\"Fundaci\u00f3 Vidal i Barraquer\"},\"image\":{\"@id\":\"https:\/\/www.fvb.cat\/es\/#\/schema\/logo\/image\/\"}}]}<\/script>\n<!-- \/ Yoast SEO plugin. -->","yoast_head_json":{"title":"La relaci\u00f3n paciente-terapeuta. El campo del psicoan\u00e1lisis y la psicoterapia psicoanal\u00edtica - Fundaci\u00f3 Vidal i Barraquer","robots":{"index":"index","follow":"follow","max-snippet":"max-snippet:-1","max-image-preview":"max-image-preview:large","max-video-preview":"max-video-preview:-1"},"canonical":"https:\/\/www.fvb.cat\/ca\/producte\/la-relacio-pacient-terapeuta-el-camp-de-la-psicoanalisi-i-la-psicoterapia-psicoanalitica\/","og_locale":"ca_ES","og_type":"article","og_title":"La relaci\u00f3n paciente-terapeuta. El campo del psicoan\u00e1lisis y la psicoterapia psicoanal\u00edtica - Fundaci\u00f3 Vidal i Barraquer","og_description":"[:ca]AUTOR: Joan Coderch De Sans  FITXA Tipus de producte:\u00a0Estudi Editorial:\u00a0Herder Editorial Idioma:\u00a0Castell\u00e0 N\u00famero de p\u00e0gines:\u00a0272  SINOPSI L\u2019objectiu d\u2019aquesta obra, considerada pel seu autor com la continuaci\u00f3 de \u201cLa interpretaci\u00f3 en psicoan\u00e0lisi\u201d,\u00a0\u00e9s millorar la comprensi\u00f3 del que passa entre pacient i terapeuta quan es reuneixen per aconseguir que tingui lloc un canvi ps\u00edquic del primer. Segons Coderch, l\u2019atenci\u00f3 a la relaci\u00f3 en si mateixa permet captar, amb major exactitud, tonalitats que fins fa poc havien passat desapercebudes pels analistes. A trav\u00e9s de l\u2019exposici\u00f3 del model relacional, la interacci\u00f3, la intersubjectivitat, la psicologia de dues persones i el di\u00e0leg comunicatiu, l\u2019autor ofereix una feina de gran utilitat tant per a la psicoan\u00e0lisi com per a la psicoter\u00e0pia psicoanal\u00edtica.[:es]AUTOR: Coderch De Sans, Joan  FICHA Tipo de producto: Estudio Editorial:\u00a0Herder Editorial Lengua: Castellano P\u00e1ginas: 272  SINOPSIS El prop\u00f3sito de esta obra, considerada por su autor como la continuaci\u00f3n de \u201cLa interpretaci\u00f3n en psicoan\u00e1lisis\u201d, es el de mejorar la comprensi\u00f3n de lo que ocurre entre paciente y terapeuta cuando se re\u00fanen para lograr que tenga lugar un cambio ps\u00edquico en el primero. Seg\u00fan Coderch, la atenci\u00f3n a la relaci\u00f3n en s\u00ed misma permite captar, con mayor exactitud, tonalidades que hasta hace poco hab\u00edan pasado desapercibidas por los analistas. A trav\u00e9s de la exposici\u00f3n del modelo relacional, la interacci\u00f3n, la intersubjetividad, la psicolog\u00eda de dos personas y el di\u00e1logo comunicativo, el autor ofrece una herramienta de gran utilidad tanto para el psicoan\u00e1lisis como para la psicoterapia psicoanal\u00edtica.[:]","og_url":"https:\/\/www.fvb.cat\/ca\/producte\/la-relacio-pacient-terapeuta-el-camp-de-la-psicoanalisi-i-la-psicoterapia-psicoanalitica\/","og_site_name":"Fundaci\u00f3 Vidal i Barraquer","article_modified_time":"2019-10-22T17:15:49+00:00","og_image":[{"width":2560,"height":1792,"url":"https:\/\/www.fvb.cat\/wp-content\/uploads\/2017\/06\/cover_llibre3_RELACIO-PACIENT-TERAPEUTA-scaled.jpg","type":"image\/jpeg"}],"twitter_card":"summary_large_image","schema":{"@context":"https:\/\/schema.org","@graph":[{"@type":"WebPage","@id":"https:\/\/www.fvb.cat\/ca\/producte\/la-relacio-pacient-terapeuta-el-camp-de-la-psicoanalisi-i-la-psicoterapia-psicoanalitica\/","url":"https:\/\/www.fvb.cat\/ca\/producte\/la-relacio-pacient-terapeuta-el-camp-de-la-psicoanalisi-i-la-psicoterapia-psicoanalitica\/","name":"La relaci\u00f3n paciente-terapeuta. El campo del psicoan\u00e1lisis y la psicoterapia psicoanal\u00edtica - Fundaci\u00f3 Vidal i Barraquer","isPartOf":{"@id":"https:\/\/www.fvb.cat\/es\/#website"},"primaryImageOfPage":{"@id":"https:\/\/www.fvb.cat\/ca\/producte\/la-relacio-pacient-terapeuta-el-camp-de-la-psicoanalisi-i-la-psicoterapia-psicoanalitica\/#primaryimage"},"image":{"@id":"https:\/\/www.fvb.cat\/ca\/producte\/la-relacio-pacient-terapeuta-el-camp-de-la-psicoanalisi-i-la-psicoterapia-psicoanalitica\/#primaryimage"},"thumbnailUrl":"https:\/\/www.fvb.cat\/wp-content\/uploads\/2017\/06\/cover_llibre3_RELACIO-PACIENT-TERAPEUTA-scaled.jpg","datePublished":"2017-06-12T09:04:37+00:00","dateModified":"2019-10-22T17:15:49+00:00","breadcrumb":{"@id":"https:\/\/www.fvb.cat\/ca\/producte\/la-relacio-pacient-terapeuta-el-camp-de-la-psicoanalisi-i-la-psicoterapia-psicoanalitica\/#breadcrumb"},"inLanguage":"ca","potentialAction":[{"@type":"ReadAction","target":["https:\/\/www.fvb.cat\/ca\/producte\/la-relacio-pacient-terapeuta-el-camp-de-la-psicoanalisi-i-la-psicoterapia-psicoanalitica\/"]}]},{"@type":"ImageObject","inLanguage":"ca","@id":"https:\/\/www.fvb.cat\/ca\/producte\/la-relacio-pacient-terapeuta-el-camp-de-la-psicoanalisi-i-la-psicoterapia-psicoanalitica\/#primaryimage","url":"https:\/\/www.fvb.cat\/wp-content\/uploads\/2017\/06\/cover_llibre3_RELACIO-PACIENT-TERAPEUTA-scaled.jpg","contentUrl":"https:\/\/www.fvb.cat\/wp-content\/uploads\/2017\/06\/cover_llibre3_RELACIO-PACIENT-TERAPEUTA-scaled.jpg","width":2560,"height":1792},{"@type":"BreadcrumbList","@id":"https:\/\/www.fvb.cat\/ca\/producte\/la-relacio-pacient-terapeuta-el-camp-de-la-psicoanalisi-i-la-psicoterapia-psicoanalitica\/#breadcrumb","itemListElement":[{"@type":"ListItem","position":1,"name":"Inici","item":"https:\/\/www.fvb.cat\/es\/"},{"@type":"ListItem","position":2,"name":"Botiga","item":"https:\/\/www.fvb.cat\/es\/botiga\/"},{"@type":"ListItem","position":3,"name":"La relaci\u00f3n paciente-terapeuta. El campo del psicoan\u00e1lisis y la psicoterapia psicoanal\u00edtica"}]},{"@type":"WebSite","@id":"https:\/\/www.fvb.cat\/es\/#website","url":"https:\/\/www.fvb.cat\/es\/","name":"Fundaci\u00f3 Vidal i Barraquer","description":"Assist\u00e8ncia, doc\u00e8ncia i recerca en la salut mental","publisher":{"@id":"https:\/\/www.fvb.cat\/es\/#organization"},"potentialAction":[{"@type":"SearchAction","target":{"@type":"EntryPoint","urlTemplate":"https:\/\/www.fvb.cat\/es\/?s={search_term_string}"},"query-input":"required name=search_term_string"}],"inLanguage":"ca"},{"@type":"Organization","@id":"https:\/\/www.fvb.cat\/es\/#organization","name":"Fundaci\u00f3 Vidal i Barraquer","url":"https:\/\/www.fvb.cat\/es\/","logo":{"@type":"ImageObject","inLanguage":"ca","@id":"https:\/\/www.fvb.cat\/es\/#\/schema\/logo\/image\/","url":"https:\/\/www.fvb.cat\/wp-content\/uploads\/2024\/05\/logo-vidal-i-barrauqer-60-aniversari.jpg","contentUrl":"https:\/\/www.fvb.cat\/wp-content\/uploads\/2024\/05\/logo-vidal-i-barrauqer-60-aniversari.jpg","width":2125,"height":703,"caption":"Fundaci\u00f3 Vidal i Barraquer"},"image":{"@id":"https:\/\/www.fvb.cat\/es\/#\/schema\/logo\/image\/"}}]}},"_links":{"self":[{"href":"https:\/\/www.fvb.cat\/ca\/wp-json\/wp\/v2\/product\/6519"}],"collection":[{"href":"https:\/\/www.fvb.cat\/ca\/wp-json\/wp\/v2\/product"}],"about":[{"href":"https:\/\/www.fvb.cat\/ca\/wp-json\/wp\/v2\/types\/product"}],"wp:featuredmedia":[{"embeddable":true,"href":"https:\/\/www.fvb.cat\/ca\/wp-json\/wp\/v2\/media\/6567"}],"wp:attachment":[{"href":"https:\/\/www.fvb.cat\/ca\/wp-json\/wp\/v2\/media?parent=6519"}],"wp:term":[{"taxonomy":"product_cat","embeddable":true,"href":"https:\/\/www.fvb.cat\/ca\/wp-json\/wp\/v2\/product_cat?post=6519"},{"taxonomy":"product_tag","embeddable":true,"href":"https:\/\/www.fvb.cat\/ca\/wp-json\/wp\/v2\/product_tag?post=6519"}],"curies":[{"name":"wp","href":"https:\/\/api.w.org\/{rel}","templated":true}]}}