{"id":18158,"date":"2026-01-22T14:36:00","date_gmt":"2026-01-22T13:36:00","guid":{"rendered":"https:\/\/www.fvb.cat\/es\/?post_type=product&#038;p=18158"},"modified":"2026-01-22T14:36:01","modified_gmt":"2026-01-22T13:36:01","slug":"relacio-terapeutica-i-psicofarmacologia","status":"publish","type":"product","link":"https:\/\/www.fvb.cat\/ca\/producte\/relacio-terapeutica-i-psicofarmacologia\/","title":{"rendered":"Relaci\u00f3 terap\u00e8utica i psicofarmacologia"},"content":{"rendered":"","protected":false},"excerpt":{"rendered":"Fundaci\u00f3 Vidal i Barraquer Som una instituci\u00f3 creada l\u2019any 1964 i dedicada...","protected":false},"featured_media":18159,"template":"","meta":[],"product_cat":[225],"product_tag":[],"yoast_head":"<!-- This site is optimized with the Yoast SEO plugin v22.6 - https:\/\/yoast.com\/wordpress\/plugins\/seo\/ -->\n<title>Relaci\u00f3 terap\u00e8utica i psicofarmacologia - Fundaci\u00f3 Vidal i Barraquer<\/title>\n<meta name=\"robots\" content=\"index, follow, max-snippet:-1, max-image-preview:large, max-video-preview:-1\" \/>\n<link rel=\"canonical\" href=\"https:\/\/www.fvb.cat\/es\/producto\/relacion-terapeutica-y-psicofarmacologia\/\" \/>\n<meta property=\"og:locale\" content=\"ca_ES\" \/>\n<meta property=\"og:type\" content=\"article\" \/>\n<meta property=\"og:title\" content=\"[:ca]Relaci\u00f3 terap\u00e8utica i psicofarmacologia[:es]Relacio\u0301n terape\u0301utica y psicofarmacologi\u0301a[:] - Fundaci\u00f3 Vidal i Barraquer\" \/>\n<meta property=\"og:url\" content=\"https:\/\/www.fvb.cat\/es\/producto\/relacion-terapeutica-y-psicofarmacologia\/\" \/>\n<meta property=\"og:site_name\" content=\"Fundaci\u00f3 Vidal i Barraquer\" \/>\n<meta property=\"article:modified_time\" content=\"2026-01-22T13:36:01+00:00\" \/>\n<meta property=\"og:image\" content=\"https:\/\/www.fvb.cat\/wp-content\/uploads\/2026\/01\/Relacion_terapeutica_y_psicofamacologia.png\" \/>\n\t<meta property=\"og:image:width\" content=\"454\" \/>\n\t<meta property=\"og:image:height\" content=\"643\" \/>\n\t<meta property=\"og:image:type\" content=\"image\/png\" \/>\n<meta name=\"twitter:card\" content=\"summary_large_image\" \/>\n<meta name=\"twitter:label1\" content=\"Temps estimat de lectura\" \/>\n\t<meta name=\"twitter:data1\" content=\"1 minut\" \/>\n<script type=\"application\/ld+json\" class=\"yoast-schema-graph\">{\"@context\":\"https:\/\/schema.org\",\"@graph\":[{\"@type\":\"WebPage\",\"@id\":\"https:\/\/www.fvb.cat\/es\/producto\/relacion-terapeutica-y-psicofarmacologia\/\",\"url\":\"https:\/\/www.fvb.cat\/es\/producto\/relacion-terapeutica-y-psicofarmacologia\/\",\"name\":\"[:ca]Relaci\u00f3 terap\u00e8utica i psicofarmacologia[:es]Relacio\u0301n terape\u0301utica y psicofarmacologi\u0301a[:] - Fundaci\u00f3 Vidal i Barraquer\",\"isPartOf\":{\"@id\":\"https:\/\/www.fvb.cat\/es\/#website\"},\"primaryImageOfPage\":{\"@id\":\"https:\/\/www.fvb.cat\/es\/producto\/relacion-terapeutica-y-psicofarmacologia\/#primaryimage\"},\"image\":{\"@id\":\"https:\/\/www.fvb.cat\/es\/producto\/relacion-terapeutica-y-psicofarmacologia\/#primaryimage\"},\"thumbnailUrl\":\"https:\/\/www.fvb.cat\/wp-content\/uploads\/2026\/01\/Relacion_terapeutica_y_psicofamacologia.png\",\"datePublished\":\"2026-01-22T13:36:00+00:00\",\"dateModified\":\"2026-01-22T13:36:01+00:00\",\"breadcrumb\":{\"@id\":\"https:\/\/www.fvb.cat\/es\/producto\/relacion-terapeutica-y-psicofarmacologia\/#breadcrumb\"},\"inLanguage\":\"ca\",\"potentialAction\":[{\"@type\":\"ReadAction\",\"target\":[\"https:\/\/www.fvb.cat\/es\/producto\/relacion-terapeutica-y-psicofarmacologia\/\"]}]},{\"@type\":\"ImageObject\",\"inLanguage\":\"ca\",\"@id\":\"https:\/\/www.fvb.cat\/es\/producto\/relacion-terapeutica-y-psicofarmacologia\/#primaryimage\",\"url\":\"https:\/\/www.fvb.cat\/wp-content\/uploads\/2026\/01\/Relacion_terapeutica_y_psicofamacologia.png\",\"contentUrl\":\"https:\/\/www.fvb.cat\/wp-content\/uploads\/2026\/01\/Relacion_terapeutica_y_psicofamacologia.png\",\"width\":454,\"height\":643},{\"@type\":\"BreadcrumbList\",\"@id\":\"https:\/\/www.fvb.cat\/es\/producto\/relacion-terapeutica-y-psicofarmacologia\/#breadcrumb\",\"itemListElement\":[{\"@type\":\"ListItem\",\"position\":1,\"name\":\"Inici\",\"item\":\"https:\/\/www.fvb.cat\/es\/\"},{\"@type\":\"ListItem\",\"position\":2,\"name\":\"Botiga\",\"item\":\"https:\/\/www.fvb.cat\/es\/botiga\/\"},{\"@type\":\"ListItem\",\"position\":3,\"name\":\"Relacio\u0301n terape\u0301utica y psicofarmacologi\u0301a\"}]},{\"@type\":\"WebSite\",\"@id\":\"https:\/\/www.fvb.cat\/es\/#website\",\"url\":\"https:\/\/www.fvb.cat\/es\/\",\"name\":\"Fundaci\u00f3 Vidal i Barraquer\",\"description\":\"Assist\u00e8ncia, doc\u00e8ncia i recerca en la salut mental\",\"publisher\":{\"@id\":\"https:\/\/www.fvb.cat\/es\/#organization\"},\"potentialAction\":[{\"@type\":\"SearchAction\",\"target\":{\"@type\":\"EntryPoint\",\"urlTemplate\":\"https:\/\/www.fvb.cat\/es\/?s={search_term_string}\"},\"query-input\":\"required name=search_term_string\"}],\"inLanguage\":\"ca\"},{\"@type\":\"Organization\",\"@id\":\"https:\/\/www.fvb.cat\/es\/#organization\",\"name\":\"Fundaci\u00f3 Vidal i Barraquer\",\"url\":\"https:\/\/www.fvb.cat\/es\/\",\"logo\":{\"@type\":\"ImageObject\",\"inLanguage\":\"ca\",\"@id\":\"https:\/\/www.fvb.cat\/es\/#\/schema\/logo\/image\/\",\"url\":\"https:\/\/www.fvb.cat\/wp-content\/uploads\/2024\/05\/logo-vidal-i-barrauqer-60-aniversari.jpg\",\"contentUrl\":\"https:\/\/www.fvb.cat\/wp-content\/uploads\/2024\/05\/logo-vidal-i-barrauqer-60-aniversari.jpg\",\"width\":2125,\"height\":703,\"caption\":\"Fundaci\u00f3 Vidal i Barraquer\"},\"image\":{\"@id\":\"https:\/\/www.fvb.cat\/es\/#\/schema\/logo\/image\/\"}}]}<\/script>\n<!-- \/ Yoast SEO plugin. -->","yoast_head_json":{"title":"[:ca]Relaci\u00f3 terap\u00e8utica i psicofarmacologia[:es]Relacio\u0301n terape\u0301utica y psicofarmacologi\u0301a[:] - Fundaci\u00f3 Vidal i Barraquer","robots":{"index":"index","follow":"follow","max-snippet":"max-snippet:-1","max-image-preview":"max-image-preview:large","max-video-preview":"max-video-preview:-1"},"canonical":"https:\/\/www.fvb.cat\/es\/producto\/relacion-terapeutica-y-psicofarmacologia\/","og_locale":"ca_ES","og_type":"article","og_title":"[:ca]Relaci\u00f3 terap\u00e8utica i psicofarmacologia[:es]Relacio\u0301n terape\u0301utica y psicofarmacologi\u0301a[:] - Fundaci\u00f3 Vidal i Barraquer","og_url":"https:\/\/www.fvb.cat\/es\/producto\/relacion-terapeutica-y-psicofarmacologia\/","og_site_name":"Fundaci\u00f3 Vidal i Barraquer","article_modified_time":"2026-01-22T13:36:01+00:00","og_image":[{"width":454,"height":643,"url":"https:\/\/www.fvb.cat\/wp-content\/uploads\/2026\/01\/Relacion_terapeutica_y_psicofamacologia.png","type":"image\/png"}],"twitter_card":"summary_large_image","twitter_misc":{"Temps estimat de lectura":"1 minut"},"schema":{"@context":"https:\/\/schema.org","@graph":[{"@type":"WebPage","@id":"https:\/\/www.fvb.cat\/es\/producto\/relacion-terapeutica-y-psicofarmacologia\/","url":"https:\/\/www.fvb.cat\/es\/producto\/relacion-terapeutica-y-psicofarmacologia\/","name":"[:ca]Relaci\u00f3 terap\u00e8utica i psicofarmacologia[:es]Relacio\u0301n terape\u0301utica y psicofarmacologi\u0301a[:] - Fundaci\u00f3 Vidal i Barraquer","isPartOf":{"@id":"https:\/\/www.fvb.cat\/es\/#website"},"primaryImageOfPage":{"@id":"https:\/\/www.fvb.cat\/es\/producto\/relacion-terapeutica-y-psicofarmacologia\/#primaryimage"},"image":{"@id":"https:\/\/www.fvb.cat\/es\/producto\/relacion-terapeutica-y-psicofarmacologia\/#primaryimage"},"thumbnailUrl":"https:\/\/www.fvb.cat\/wp-content\/uploads\/2026\/01\/Relacion_terapeutica_y_psicofamacologia.png","datePublished":"2026-01-22T13:36:00+00:00","dateModified":"2026-01-22T13:36:01+00:00","breadcrumb":{"@id":"https:\/\/www.fvb.cat\/es\/producto\/relacion-terapeutica-y-psicofarmacologia\/#breadcrumb"},"inLanguage":"ca","potentialAction":[{"@type":"ReadAction","target":["https:\/\/www.fvb.cat\/es\/producto\/relacion-terapeutica-y-psicofarmacologia\/"]}]},{"@type":"ImageObject","inLanguage":"ca","@id":"https:\/\/www.fvb.cat\/es\/producto\/relacion-terapeutica-y-psicofarmacologia\/#primaryimage","url":"https:\/\/www.fvb.cat\/wp-content\/uploads\/2026\/01\/Relacion_terapeutica_y_psicofamacologia.png","contentUrl":"https:\/\/www.fvb.cat\/wp-content\/uploads\/2026\/01\/Relacion_terapeutica_y_psicofamacologia.png","width":454,"height":643},{"@type":"BreadcrumbList","@id":"https:\/\/www.fvb.cat\/es\/producto\/relacion-terapeutica-y-psicofarmacologia\/#breadcrumb","itemListElement":[{"@type":"ListItem","position":1,"name":"Inici","item":"https:\/\/www.fvb.cat\/es\/"},{"@type":"ListItem","position":2,"name":"Botiga","item":"https:\/\/www.fvb.cat\/es\/botiga\/"},{"@type":"ListItem","position":3,"name":"Relacio\u0301n terape\u0301utica y psicofarmacologi\u0301a"}]},{"@type":"WebSite","@id":"https:\/\/www.fvb.cat\/es\/#website","url":"https:\/\/www.fvb.cat\/es\/","name":"Fundaci\u00f3 Vidal i Barraquer","description":"Assist\u00e8ncia, doc\u00e8ncia i recerca en la salut mental","publisher":{"@id":"https:\/\/www.fvb.cat\/es\/#organization"},"potentialAction":[{"@type":"SearchAction","target":{"@type":"EntryPoint","urlTemplate":"https:\/\/www.fvb.cat\/es\/?s={search_term_string}"},"query-input":"required name=search_term_string"}],"inLanguage":"ca"},{"@type":"Organization","@id":"https:\/\/www.fvb.cat\/es\/#organization","name":"Fundaci\u00f3 Vidal i Barraquer","url":"https:\/\/www.fvb.cat\/es\/","logo":{"@type":"ImageObject","inLanguage":"ca","@id":"https:\/\/www.fvb.cat\/es\/#\/schema\/logo\/image\/","url":"https:\/\/www.fvb.cat\/wp-content\/uploads\/2024\/05\/logo-vidal-i-barrauqer-60-aniversari.jpg","contentUrl":"https:\/\/www.fvb.cat\/wp-content\/uploads\/2024\/05\/logo-vidal-i-barrauqer-60-aniversari.jpg","width":2125,"height":703,"caption":"Fundaci\u00f3 Vidal i Barraquer"},"image":{"@id":"https:\/\/www.fvb.cat\/es\/#\/schema\/logo\/image\/"}}]}},"_links":{"self":[{"href":"https:\/\/www.fvb.cat\/ca\/wp-json\/wp\/v2\/product\/18158"}],"collection":[{"href":"https:\/\/www.fvb.cat\/ca\/wp-json\/wp\/v2\/product"}],"about":[{"href":"https:\/\/www.fvb.cat\/ca\/wp-json\/wp\/v2\/types\/product"}],"wp:featuredmedia":[{"embeddable":true,"href":"https:\/\/www.fvb.cat\/ca\/wp-json\/wp\/v2\/media\/18159"}],"wp:attachment":[{"href":"https:\/\/www.fvb.cat\/ca\/wp-json\/wp\/v2\/media?parent=18158"}],"wp:term":[{"taxonomy":"product_cat","embeddable":true,"href":"https:\/\/www.fvb.cat\/ca\/wp-json\/wp\/v2\/product_cat?post=18158"},{"taxonomy":"product_tag","embeddable":true,"href":"https:\/\/www.fvb.cat\/ca\/wp-json\/wp\/v2\/product_tag?post=18158"}],"curies":[{"name":"wp","href":"https:\/\/api.w.org\/{rel}","templated":true}]}}