{"id":16389,"date":"2024-11-07T17:08:03","date_gmt":"2024-11-07T16:08:03","guid":{"rendered":"https:\/\/www.fvb.cat\/es\/?post_type=product&#038;p=16389"},"modified":"2025-04-16T18:51:50","modified_gmt":"2025-04-16T17:51:50","slug":"adolescents-dalta-complexitat-recursos-terapeutics-comunitaris-actuals-en-salut-mental","status":"publish","type":"product","link":"https:\/\/www.fvb.cat\/ca\/producte\/adolescentes-de-alta-complejidad-recursos-terapeuticos-comunitarios-actuales-en-salud-mental\/","title":{"rendered":"Adolescents d\u2019alta complexitat. Recursos terap\u00e8utics comunitaris actuals en salut mental"},"content":{"rendered":"","protected":false},"excerpt":{"rendered":"<p><strong>FITXA<\/strong><br \/>\nTipus de producte: Estudi<br \/>\nEditorial: Herder Editorial<br \/>\nIdioma:\u00a0Castell\u00e0<br \/>\nN\u00famero de p\u00e0gines: 320<\/p>\n<p><strong>SINOPSI<\/strong><\/p>\n<p>El fenomen de l&#8217;alta complexitat s&#8217;ha multiplicat en la poblaci\u00f3 adolescent a conseq\u00fc\u00e8ncia de les creixents exig\u00e8ncies i pressions socials, econ\u00f2miques, tecnol\u00f2giques o educatives.<\/p>\n<p>L&#8217;\u00abalta complexitat\u00bb en salut mental no \u00e9s un fenomen nou. \u00c9s present en pacients que, per les seves situacions familiars i socials, les seves experi\u00e8ncies traum\u00e0tiques primerenques o les seves vulnerabilitats emocionals, acumulen dificultats en \u00e0mbits diversos i presenten necessitats complexes.<\/p>\n<p>En l&#8217;actualitat, existeix entre els professionals la sensaci\u00f3 que l&#8217;alta complexitat s&#8217;ha multiplicat en la poblaci\u00f3 adolescent a conseq\u00fc\u00e8ncia de les creixents exig\u00e8ncies i pressions socials, econ\u00f2miques, tecnol\u00f2giques o educatives. Aquestes demandes els empenyen i tensionen perqu\u00e8 s&#8217;adeq\u00fcin a les estructures educatives i laborals, siguin consumistes, participatius i d\u00f2cils alhora. Aquest al\u00b7luvi\u00f3 d&#8217;exig\u00e8ncies els constreny i els genera sofriment.<\/p>\n<p>En aquest llibre s&#8217;estudia i avalua les caracter\u00edstiques i les dificultats que presenten aquests adolescents, aix\u00ed com les seves necessitats assistencials i les de les seves fam\u00edlies. D&#8217;altra banda, presenta diversos dissenys d&#8217;intervenci\u00f3 per a atendre els casos especialment complexos i els recursos amb els quals es compta des de la xarxa de salut p\u00fablica per a atendre joves amb problemes de salut mental.<\/p>\n<p>&nbsp;<\/p>\n<p><strong>SEGUEIX AQUEST ENLLA\u00c7 PER COMPRAR EL LLIBRE: https:\/\/herdereditorial.com\/catalogo\/psicologia\/adolescentes-de-alta-complejidad-9788425451874<\/strong><\/p>\n","protected":false},"featured_media":16390,"template":"","meta":[],"product_cat":[57],"product_tag":[],"yoast_head":"<!-- This site is optimized with the Yoast SEO plugin v22.6 - https:\/\/yoast.com\/wordpress\/plugins\/seo\/ -->\n<title>Adolescents d\u2019alta complexitat. Recursos terap\u00e8utics comunitaris actuals en salut mental - Fundaci\u00f3 Vidal i Barraquer<\/title>\n<meta name=\"robots\" content=\"index, follow, max-snippet:-1, max-image-preview:large, max-video-preview:-1\" \/>\n<link rel=\"canonical\" href=\"https:\/\/www.fvb.cat\/es\/producto\/adolescentes-de-alta-complejidad-recursos-terapeuticos-comunitarios-actuales-en-salud-mental\/\" \/>\n<meta property=\"og:locale\" content=\"ca_ES\" \/>\n<meta property=\"og:type\" content=\"article\" \/>\n<meta property=\"og:title\" content=\"[:ca]Adolescents d\u2019alta complexitat. Recursos terap\u00e8utics comunitaris actuals en salut mental[:es]Adolescentes de alta complejidad. Recursos terap\u00e9uticos comunitarios actuales en salud mental[:] - Fundaci\u00f3 Vidal i Barraquer\" \/>\n<meta property=\"og:description\" content=\"[:ca]FITXA Tipus de producte: Estudi Editorial: Herder Editorial Idioma:\u00a0Castell\u00e0 N\u00famero de p\u00e0gines: 320  SINOPSI  El fenomen de l&#039;alta complexitat s&#039;ha multiplicat en la poblaci\u00f3 adolescent a conseq\u00fc\u00e8ncia de les creixents exig\u00e8ncies i pressions socials, econ\u00f2miques, tecnol\u00f2giques o educatives.  L&#039;\u00abalta complexitat\u00bb en salut mental no \u00e9s un fenomen nou. \u00c9s present en pacients que, per les seves situacions familiars i socials, les seves experi\u00e8ncies traum\u00e0tiques primerenques o les seves vulnerabilitats emocionals, acumulen dificultats en \u00e0mbits diversos i presenten necessitats complexes.  En l&#039;actualitat, existeix entre els professionals la sensaci\u00f3 que l&#039;alta complexitat s&#039;ha multiplicat en la poblaci\u00f3 adolescent a conseq\u00fc\u00e8ncia de les creixents exig\u00e8ncies i pressions socials, econ\u00f2miques, tecnol\u00f2giques o educatives. Aquestes demandes els empenyen i tensionen perqu\u00e8 s&#039;adeq\u00fcin a les estructures educatives i laborals, siguin consumistes, participatius i d\u00f2cils alhora. Aquest al\u00b7luvi\u00f3 d&#039;exig\u00e8ncies els constreny i els genera sofriment.  En aquest llibre s&#039;estudia i avalua les caracter\u00edstiques i les dificultats que presenten aquests adolescents, aix\u00ed com les seves necessitats assistencials i les de les seves fam\u00edlies. D&#039;altra banda, presenta diversos dissenys d&#039;intervenci\u00f3 per a atendre els casos especialment complexos i els recursos amb els quals es compta des de la xarxa de salut p\u00fablica per a atendre joves amb problemes de salut mental.  &nbsp;  SEGUEIX AQUEST ENLLA\u00c7 PER COMPRAR EL LLIBRE: https:\/\/herdereditorial.com\/catalogo\/psicologia\/adolescentes-de-alta-complejidad-9788425451874[:es]FICHA Tipo de producto: Estudio Editorial: Herder Editorial Idioma:\u00a0Castellano N\u00famero de p\u00e1ginas: 320  SINOPSIS  El fen\u00f3meno de la alta complejidad se ha multiplicado en la poblaci\u00f3n adolescente como consecuencia de las crecientes exigencias y presiones sociales, econ\u00f3micas, tecnol\u00f3gicas o educativas.  La \u00abalta complejidad\u00bb en salud mental no es un fen\u00f3meno nuevo. Est\u00e1 presente en pacientes que, por sus situaciones familiares y sociales, sus experiencias traum\u00e1ticas tempranas o sus vulnerabilidades emocionales, acumulan dificultades en \u00e1mbitos diversos y presentan necesidades complejas.  En la actualidad, existe entre los profesionales la sensaci\u00f3n de que la alta complejidad se ha multiplicado en la poblaci\u00f3n adolescente como consecuencia de las crecientes exigencias y presiones sociales, econ\u00f3micas, tecnol\u00f3gicas o educativas. Estas demandas los empujan y tensionan para que se adecuen a las estructuras educativas y laborales, sean consumistas, participativos y d\u00f3ciles a la vez. Este aluvi\u00f3n de exigencias los apremia y les genera sufrimiento.  En este libro se estudia y eval\u00faa las caracter\u00edsticas y las dificultades que presentan estos adolescentes, as\u00ed como sus necesidades asistenciales y las de sus familias. Por otro lado, presenta diversos dise\u00f1os de intervenci\u00f3n para atender los casos especialmente complejos y los recursos con los que se cuenta desde la red de salud p\u00fablica para atender a j\u00f3venes con problemas de salud mental.  SIGUE ESTE ENLACE PARA COMPRAR EL LIBRO: https:\/\/herdereditorial.com\/catalogo\/psicologia\/adolescentes-de-alta-complejidad-9788425451874\u00a0[:]\" \/>\n<meta property=\"og:url\" content=\"https:\/\/www.fvb.cat\/es\/producto\/adolescentes-de-alta-complejidad-recursos-terapeuticos-comunitarios-actuales-en-salud-mental\/\" \/>\n<meta property=\"og:site_name\" content=\"Fundaci\u00f3 Vidal i Barraquer\" \/>\n<meta property=\"article:modified_time\" content=\"2025-04-16T17:51:50+00:00\" \/>\n<meta property=\"og:image\" content=\"https:\/\/www.fvb.cat\/wp-content\/uploads\/2024\/11\/15_ADOLESCENTES-DE-ALTA-COMPLEJIDAD.jpg\" \/>\n\t<meta property=\"og:image:width\" content=\"700\" \/>\n\t<meta property=\"og:image:height\" content=\"700\" \/>\n\t<meta property=\"og:image:type\" content=\"image\/jpeg\" \/>\n<meta name=\"twitter:card\" content=\"summary_large_image\" \/>\n<meta name=\"twitter:label1\" content=\"Temps estimat de lectura\" \/>\n\t<meta name=\"twitter:data1\" content=\"1 minut\" \/>\n<script type=\"application\/ld+json\" class=\"yoast-schema-graph\">{\"@context\":\"https:\/\/schema.org\",\"@graph\":[{\"@type\":\"WebPage\",\"@id\":\"https:\/\/www.fvb.cat\/es\/producto\/adolescentes-de-alta-complejidad-recursos-terapeuticos-comunitarios-actuales-en-salud-mental\/\",\"url\":\"https:\/\/www.fvb.cat\/es\/producto\/adolescentes-de-alta-complejidad-recursos-terapeuticos-comunitarios-actuales-en-salud-mental\/\",\"name\":\"[:ca]Adolescents d\u2019alta complexitat. Recursos terap\u00e8utics comunitaris actuals en salut mental[:es]Adolescentes de alta complejidad. Recursos terap\u00e9uticos comunitarios actuales en salud mental[:] - Fundaci\u00f3 Vidal i Barraquer\",\"isPartOf\":{\"@id\":\"https:\/\/www.fvb.cat\/es\/#website\"},\"primaryImageOfPage\":{\"@id\":\"https:\/\/www.fvb.cat\/es\/producto\/adolescentes-de-alta-complejidad-recursos-terapeuticos-comunitarios-actuales-en-salud-mental\/#primaryimage\"},\"image\":{\"@id\":\"https:\/\/www.fvb.cat\/es\/producto\/adolescentes-de-alta-complejidad-recursos-terapeuticos-comunitarios-actuales-en-salud-mental\/#primaryimage\"},\"thumbnailUrl\":\"https:\/\/www.fvb.cat\/wp-content\/uploads\/2024\/11\/15_ADOLESCENTES-DE-ALTA-COMPLEJIDAD.jpg\",\"datePublished\":\"2024-11-07T16:08:03+00:00\",\"dateModified\":\"2025-04-16T17:51:50+00:00\",\"breadcrumb\":{\"@id\":\"https:\/\/www.fvb.cat\/es\/producto\/adolescentes-de-alta-complejidad-recursos-terapeuticos-comunitarios-actuales-en-salud-mental\/#breadcrumb\"},\"inLanguage\":\"ca\",\"potentialAction\":[{\"@type\":\"ReadAction\",\"target\":[\"https:\/\/www.fvb.cat\/es\/producto\/adolescentes-de-alta-complejidad-recursos-terapeuticos-comunitarios-actuales-en-salud-mental\/\"]}]},{\"@type\":\"ImageObject\",\"inLanguage\":\"ca\",\"@id\":\"https:\/\/www.fvb.cat\/es\/producto\/adolescentes-de-alta-complejidad-recursos-terapeuticos-comunitarios-actuales-en-salud-mental\/#primaryimage\",\"url\":\"https:\/\/www.fvb.cat\/wp-content\/uploads\/2024\/11\/15_ADOLESCENTES-DE-ALTA-COMPLEJIDAD.jpg\",\"contentUrl\":\"https:\/\/www.fvb.cat\/wp-content\/uploads\/2024\/11\/15_ADOLESCENTES-DE-ALTA-COMPLEJIDAD.jpg\",\"width\":700,\"height\":700},{\"@type\":\"BreadcrumbList\",\"@id\":\"https:\/\/www.fvb.cat\/es\/producto\/adolescentes-de-alta-complejidad-recursos-terapeuticos-comunitarios-actuales-en-salud-mental\/#breadcrumb\",\"itemListElement\":[{\"@type\":\"ListItem\",\"position\":1,\"name\":\"Inici\",\"item\":\"https:\/\/www.fvb.cat\/es\/\"},{\"@type\":\"ListItem\",\"position\":2,\"name\":\"Botiga\",\"item\":\"https:\/\/www.fvb.cat\/es\/botiga\/\"},{\"@type\":\"ListItem\",\"position\":3,\"name\":\"Adolescentes de alta complejidad. Recursos terap\u00e9uticos comunitarios actuales en salud mental\"}]},{\"@type\":\"WebSite\",\"@id\":\"https:\/\/www.fvb.cat\/es\/#website\",\"url\":\"https:\/\/www.fvb.cat\/es\/\",\"name\":\"Fundaci\u00f3 Vidal i Barraquer\",\"description\":\"Assist\u00e8ncia, doc\u00e8ncia i recerca en la salut mental\",\"publisher\":{\"@id\":\"https:\/\/www.fvb.cat\/es\/#organization\"},\"potentialAction\":[{\"@type\":\"SearchAction\",\"target\":{\"@type\":\"EntryPoint\",\"urlTemplate\":\"https:\/\/www.fvb.cat\/es\/?s={search_term_string}\"},\"query-input\":\"required name=search_term_string\"}],\"inLanguage\":\"ca\"},{\"@type\":\"Organization\",\"@id\":\"https:\/\/www.fvb.cat\/es\/#organization\",\"name\":\"Fundaci\u00f3 Vidal i Barraquer\",\"url\":\"https:\/\/www.fvb.cat\/es\/\",\"logo\":{\"@type\":\"ImageObject\",\"inLanguage\":\"ca\",\"@id\":\"https:\/\/www.fvb.cat\/es\/#\/schema\/logo\/image\/\",\"url\":\"https:\/\/www.fvb.cat\/wp-content\/uploads\/2024\/05\/logo-vidal-i-barrauqer-60-aniversari.jpg\",\"contentUrl\":\"https:\/\/www.fvb.cat\/wp-content\/uploads\/2024\/05\/logo-vidal-i-barrauqer-60-aniversari.jpg\",\"width\":2125,\"height\":703,\"caption\":\"Fundaci\u00f3 Vidal i Barraquer\"},\"image\":{\"@id\":\"https:\/\/www.fvb.cat\/es\/#\/schema\/logo\/image\/\"}}]}<\/script>\n<!-- \/ Yoast SEO plugin. -->","yoast_head_json":{"title":"[:ca]Adolescents d\u2019alta complexitat. Recursos terap\u00e8utics comunitaris actuals en salut mental[:es]Adolescentes de alta complejidad. Recursos terap\u00e9uticos comunitarios actuales en salud mental[:] - Fundaci\u00f3 Vidal i Barraquer","robots":{"index":"index","follow":"follow","max-snippet":"max-snippet:-1","max-image-preview":"max-image-preview:large","max-video-preview":"max-video-preview:-1"},"canonical":"https:\/\/www.fvb.cat\/es\/producto\/adolescentes-de-alta-complejidad-recursos-terapeuticos-comunitarios-actuales-en-salud-mental\/","og_locale":"ca_ES","og_type":"article","og_title":"[:ca]Adolescents d\u2019alta complexitat. Recursos terap\u00e8utics comunitaris actuals en salut mental[:es]Adolescentes de alta complejidad. Recursos terap\u00e9uticos comunitarios actuales en salud mental[:] - Fundaci\u00f3 Vidal i Barraquer","og_description":"[:ca]FITXA Tipus de producte: Estudi Editorial: Herder Editorial Idioma:\u00a0Castell\u00e0 N\u00famero de p\u00e0gines: 320  SINOPSI  El fenomen de l'alta complexitat s'ha multiplicat en la poblaci\u00f3 adolescent a conseq\u00fc\u00e8ncia de les creixents exig\u00e8ncies i pressions socials, econ\u00f2miques, tecnol\u00f2giques o educatives.  L'\u00abalta complexitat\u00bb en salut mental no \u00e9s un fenomen nou. \u00c9s present en pacients que, per les seves situacions familiars i socials, les seves experi\u00e8ncies traum\u00e0tiques primerenques o les seves vulnerabilitats emocionals, acumulen dificultats en \u00e0mbits diversos i presenten necessitats complexes.  En l'actualitat, existeix entre els professionals la sensaci\u00f3 que l'alta complexitat s'ha multiplicat en la poblaci\u00f3 adolescent a conseq\u00fc\u00e8ncia de les creixents exig\u00e8ncies i pressions socials, econ\u00f2miques, tecnol\u00f2giques o educatives. Aquestes demandes els empenyen i tensionen perqu\u00e8 s'adeq\u00fcin a les estructures educatives i laborals, siguin consumistes, participatius i d\u00f2cils alhora. Aquest al\u00b7luvi\u00f3 d'exig\u00e8ncies els constreny i els genera sofriment.  En aquest llibre s'estudia i avalua les caracter\u00edstiques i les dificultats que presenten aquests adolescents, aix\u00ed com les seves necessitats assistencials i les de les seves fam\u00edlies. D'altra banda, presenta diversos dissenys d'intervenci\u00f3 per a atendre els casos especialment complexos i els recursos amb els quals es compta des de la xarxa de salut p\u00fablica per a atendre joves amb problemes de salut mental.  &nbsp;  SEGUEIX AQUEST ENLLA\u00c7 PER COMPRAR EL LLIBRE: https:\/\/herdereditorial.com\/catalogo\/psicologia\/adolescentes-de-alta-complejidad-9788425451874[:es]FICHA Tipo de producto: Estudio Editorial: Herder Editorial Idioma:\u00a0Castellano N\u00famero de p\u00e1ginas: 320  SINOPSIS  El fen\u00f3meno de la alta complejidad se ha multiplicado en la poblaci\u00f3n adolescente como consecuencia de las crecientes exigencias y presiones sociales, econ\u00f3micas, tecnol\u00f3gicas o educativas.  La \u00abalta complejidad\u00bb en salud mental no es un fen\u00f3meno nuevo. Est\u00e1 presente en pacientes que, por sus situaciones familiares y sociales, sus experiencias traum\u00e1ticas tempranas o sus vulnerabilidades emocionales, acumulan dificultades en \u00e1mbitos diversos y presentan necesidades complejas.  En la actualidad, existe entre los profesionales la sensaci\u00f3n de que la alta complejidad se ha multiplicado en la poblaci\u00f3n adolescente como consecuencia de las crecientes exigencias y presiones sociales, econ\u00f3micas, tecnol\u00f3gicas o educativas. Estas demandas los empujan y tensionan para que se adecuen a las estructuras educativas y laborales, sean consumistas, participativos y d\u00f3ciles a la vez. Este aluvi\u00f3n de exigencias los apremia y les genera sufrimiento.  En este libro se estudia y eval\u00faa las caracter\u00edsticas y las dificultades que presentan estos adolescentes, as\u00ed como sus necesidades asistenciales y las de sus familias. Por otro lado, presenta diversos dise\u00f1os de intervenci\u00f3n para atender los casos especialmente complejos y los recursos con los que se cuenta desde la red de salud p\u00fablica para atender a j\u00f3venes con problemas de salud mental.  SIGUE ESTE ENLACE PARA COMPRAR EL LIBRO: https:\/\/herdereditorial.com\/catalogo\/psicologia\/adolescentes-de-alta-complejidad-9788425451874\u00a0[:]","og_url":"https:\/\/www.fvb.cat\/es\/producto\/adolescentes-de-alta-complejidad-recursos-terapeuticos-comunitarios-actuales-en-salud-mental\/","og_site_name":"Fundaci\u00f3 Vidal i Barraquer","article_modified_time":"2025-04-16T17:51:50+00:00","og_image":[{"width":700,"height":700,"url":"https:\/\/www.fvb.cat\/wp-content\/uploads\/2024\/11\/15_ADOLESCENTES-DE-ALTA-COMPLEJIDAD.jpg","type":"image\/jpeg"}],"twitter_card":"summary_large_image","twitter_misc":{"Temps estimat de lectura":"1 minut"},"schema":{"@context":"https:\/\/schema.org","@graph":[{"@type":"WebPage","@id":"https:\/\/www.fvb.cat\/es\/producto\/adolescentes-de-alta-complejidad-recursos-terapeuticos-comunitarios-actuales-en-salud-mental\/","url":"https:\/\/www.fvb.cat\/es\/producto\/adolescentes-de-alta-complejidad-recursos-terapeuticos-comunitarios-actuales-en-salud-mental\/","name":"[:ca]Adolescents d\u2019alta complexitat. Recursos terap\u00e8utics comunitaris actuals en salut mental[:es]Adolescentes de alta complejidad. Recursos terap\u00e9uticos comunitarios actuales en salud mental[:] - Fundaci\u00f3 Vidal i Barraquer","isPartOf":{"@id":"https:\/\/www.fvb.cat\/es\/#website"},"primaryImageOfPage":{"@id":"https:\/\/www.fvb.cat\/es\/producto\/adolescentes-de-alta-complejidad-recursos-terapeuticos-comunitarios-actuales-en-salud-mental\/#primaryimage"},"image":{"@id":"https:\/\/www.fvb.cat\/es\/producto\/adolescentes-de-alta-complejidad-recursos-terapeuticos-comunitarios-actuales-en-salud-mental\/#primaryimage"},"thumbnailUrl":"https:\/\/www.fvb.cat\/wp-content\/uploads\/2024\/11\/15_ADOLESCENTES-DE-ALTA-COMPLEJIDAD.jpg","datePublished":"2024-11-07T16:08:03+00:00","dateModified":"2025-04-16T17:51:50+00:00","breadcrumb":{"@id":"https:\/\/www.fvb.cat\/es\/producto\/adolescentes-de-alta-complejidad-recursos-terapeuticos-comunitarios-actuales-en-salud-mental\/#breadcrumb"},"inLanguage":"ca","potentialAction":[{"@type":"ReadAction","target":["https:\/\/www.fvb.cat\/es\/producto\/adolescentes-de-alta-complejidad-recursos-terapeuticos-comunitarios-actuales-en-salud-mental\/"]}]},{"@type":"ImageObject","inLanguage":"ca","@id":"https:\/\/www.fvb.cat\/es\/producto\/adolescentes-de-alta-complejidad-recursos-terapeuticos-comunitarios-actuales-en-salud-mental\/#primaryimage","url":"https:\/\/www.fvb.cat\/wp-content\/uploads\/2024\/11\/15_ADOLESCENTES-DE-ALTA-COMPLEJIDAD.jpg","contentUrl":"https:\/\/www.fvb.cat\/wp-content\/uploads\/2024\/11\/15_ADOLESCENTES-DE-ALTA-COMPLEJIDAD.jpg","width":700,"height":700},{"@type":"BreadcrumbList","@id":"https:\/\/www.fvb.cat\/es\/producto\/adolescentes-de-alta-complejidad-recursos-terapeuticos-comunitarios-actuales-en-salud-mental\/#breadcrumb","itemListElement":[{"@type":"ListItem","position":1,"name":"Inici","item":"https:\/\/www.fvb.cat\/es\/"},{"@type":"ListItem","position":2,"name":"Botiga","item":"https:\/\/www.fvb.cat\/es\/botiga\/"},{"@type":"ListItem","position":3,"name":"Adolescentes de alta complejidad. Recursos terap\u00e9uticos comunitarios actuales en salud mental"}]},{"@type":"WebSite","@id":"https:\/\/www.fvb.cat\/es\/#website","url":"https:\/\/www.fvb.cat\/es\/","name":"Fundaci\u00f3 Vidal i Barraquer","description":"Assist\u00e8ncia, doc\u00e8ncia i recerca en la salut mental","publisher":{"@id":"https:\/\/www.fvb.cat\/es\/#organization"},"potentialAction":[{"@type":"SearchAction","target":{"@type":"EntryPoint","urlTemplate":"https:\/\/www.fvb.cat\/es\/?s={search_term_string}"},"query-input":"required name=search_term_string"}],"inLanguage":"ca"},{"@type":"Organization","@id":"https:\/\/www.fvb.cat\/es\/#organization","name":"Fundaci\u00f3 Vidal i Barraquer","url":"https:\/\/www.fvb.cat\/es\/","logo":{"@type":"ImageObject","inLanguage":"ca","@id":"https:\/\/www.fvb.cat\/es\/#\/schema\/logo\/image\/","url":"https:\/\/www.fvb.cat\/wp-content\/uploads\/2024\/05\/logo-vidal-i-barrauqer-60-aniversari.jpg","contentUrl":"https:\/\/www.fvb.cat\/wp-content\/uploads\/2024\/05\/logo-vidal-i-barrauqer-60-aniversari.jpg","width":2125,"height":703,"caption":"Fundaci\u00f3 Vidal i Barraquer"},"image":{"@id":"https:\/\/www.fvb.cat\/es\/#\/schema\/logo\/image\/"}}]}},"_links":{"self":[{"href":"https:\/\/www.fvb.cat\/ca\/wp-json\/wp\/v2\/product\/16389"}],"collection":[{"href":"https:\/\/www.fvb.cat\/ca\/wp-json\/wp\/v2\/product"}],"about":[{"href":"https:\/\/www.fvb.cat\/ca\/wp-json\/wp\/v2\/types\/product"}],"wp:featuredmedia":[{"embeddable":true,"href":"https:\/\/www.fvb.cat\/ca\/wp-json\/wp\/v2\/media\/16390"}],"wp:attachment":[{"href":"https:\/\/www.fvb.cat\/ca\/wp-json\/wp\/v2\/media?parent=16389"}],"wp:term":[{"taxonomy":"product_cat","embeddable":true,"href":"https:\/\/www.fvb.cat\/ca\/wp-json\/wp\/v2\/product_cat?post=16389"},{"taxonomy":"product_tag","embeddable":true,"href":"https:\/\/www.fvb.cat\/ca\/wp-json\/wp\/v2\/product_tag?post=16389"}],"curies":[{"name":"wp","href":"https:\/\/api.w.org\/{rel}","templated":true}]}}