{"id":12729,"date":"2023-07-21T09:25:56","date_gmt":"2023-07-21T08:25:56","guid":{"rendered":"https:\/\/www.fvb.cat\/?post_type=product&#038;p=12729"},"modified":"2025-07-25T12:02:10","modified_gmt":"2025-07-25T11:02:10","slug":"master-en-psicoterapia-psicoanalitica-contemporania-matricula-2n-22-24-frac-2","status":"publish","type":"product","link":"https:\/\/www.fvb.cat\/ca\/producte\/master-en-psicoterapia-psicoanalitica-contemporania-matricula-2n-22-24-frac-2\/","title":{"rendered":"M\u00e0ster en Psicoter\u00e0pia Psicoanal\u00edtica Contempor\u00e0nia (Matr\u00edcula 2n 24-26 Frac)"},"content":{"rendered":"La psicoter\u00e0pia psicoanal\u00edtica, en les seves diverses modalitats i adaptacions, \u00e9s present als centres i despatxos privats, aix\u00ed com tamb\u00e9 a les institucions p\u00fabliques o concertades. Aquesta realitat suposa el repte d\u2019anar actualitzant permanentment la formaci\u00f3 dels professionals que la practiquen.","protected":false},"excerpt":{"rendered":"<p>La psicoter\u00e0pia psicoanal\u00edtica, en les seves diverses modalitats i adaptacions, \u00e9s present&#8230;<\/p>\n","protected":false},"featured_media":9467,"template":"","meta":[],"product_cat":[225],"product_tag":[],"yoast_head":"<!-- This site is optimized with the Yoast SEO plugin v22.6 - https:\/\/yoast.com\/wordpress\/plugins\/seo\/ -->\n<title>M\u00e0ster en Psicoter\u00e0pia Psicoanal\u00edtica Contempor\u00e0nia (Matr\u00edcula 2n 24-26 Frac) - Fundaci\u00f3 Vidal i Barraquer<\/title>\n<meta name=\"robots\" content=\"index, follow, max-snippet:-1, max-image-preview:large, max-video-preview:-1\" \/>\n<link rel=\"canonical\" href=\"https:\/\/www.fvb.cat\/ca\/producte\/master-en-psicoterapia-psicoanalitica-contemporania-matricula-2n-22-24-frac-2\/\" \/>\n<meta property=\"og:locale\" content=\"ca_ES\" \/>\n<meta property=\"og:type\" content=\"article\" \/>\n<meta property=\"og:title\" content=\"[:ca]M\u00e0ster en Psicoter\u00e0pia Psicoanal\u00edtica Contempor\u00e0nia (Matr\u00edcula 2n 24-26 Frac)[:es]M\u00e1ster en Psicoterapia Psicoanal\u00edtica Contempor\u00e1nea (Matr\u00edcula 2o 22-24 Frac)[:] - Fundaci\u00f3 Vidal i Barraquer\" \/>\n<meta property=\"og:description\" content=\"La psicoter\u00e0pia psicoanal\u00edtica, en les seves diverses modalitats i adaptacions, \u00e9s present...\" \/>\n<meta property=\"og:url\" content=\"https:\/\/www.fvb.cat\/ca\/producte\/master-en-psicoterapia-psicoanalitica-contemporania-matricula-2n-22-24-frac-2\/\" \/>\n<meta property=\"og:site_name\" content=\"Fundaci\u00f3 Vidal i Barraquer\" \/>\n<meta property=\"article:modified_time\" content=\"2025-07-25T11:02:10+00:00\" \/>\n<meta property=\"og:image\" content=\"https:\/\/www.fvb.cat\/wp-content\/uploads\/2021\/03\/FotoMPPC_web.jpeg\" \/>\n\t<meta property=\"og:image:width\" content=\"1280\" \/>\n\t<meta property=\"og:image:height\" content=\"853\" \/>\n\t<meta property=\"og:image:type\" content=\"image\/jpeg\" \/>\n<meta name=\"twitter:card\" content=\"summary_large_image\" \/>\n<meta name=\"twitter:label1\" content=\"Temps estimat de lectura\" \/>\n\t<meta name=\"twitter:data1\" content=\"2 minuts\" \/>\n<script type=\"application\/ld+json\" class=\"yoast-schema-graph\">{\"@context\":\"https:\/\/schema.org\",\"@graph\":[{\"@type\":\"WebPage\",\"@id\":\"https:\/\/www.fvb.cat\/ca\/producte\/master-en-psicoterapia-psicoanalitica-contemporania-matricula-2n-22-24-frac-2\/\",\"url\":\"https:\/\/www.fvb.cat\/ca\/producte\/master-en-psicoterapia-psicoanalitica-contemporania-matricula-2n-22-24-frac-2\/\",\"name\":\"[:ca]M\u00e0ster en Psicoter\u00e0pia Psicoanal\u00edtica Contempor\u00e0nia (Matr\u00edcula 2n 24-26 Frac)[:es]M\u00e1ster en Psicoterapia Psicoanal\u00edtica Contempor\u00e1nea (Matr\u00edcula 2o 22-24 Frac)[:] - Fundaci\u00f3 Vidal i Barraquer\",\"isPartOf\":{\"@id\":\"https:\/\/www.fvb.cat\/es\/#website\"},\"primaryImageOfPage\":{\"@id\":\"https:\/\/www.fvb.cat\/ca\/producte\/master-en-psicoterapia-psicoanalitica-contemporania-matricula-2n-22-24-frac-2\/#primaryimage\"},\"image\":{\"@id\":\"https:\/\/www.fvb.cat\/ca\/producte\/master-en-psicoterapia-psicoanalitica-contemporania-matricula-2n-22-24-frac-2\/#primaryimage\"},\"thumbnailUrl\":\"https:\/\/www.fvb.cat\/wp-content\/uploads\/2021\/03\/FotoMPPC_web.jpeg\",\"datePublished\":\"2023-07-21T08:25:56+00:00\",\"dateModified\":\"2025-07-25T11:02:10+00:00\",\"breadcrumb\":{\"@id\":\"https:\/\/www.fvb.cat\/ca\/producte\/master-en-psicoterapia-psicoanalitica-contemporania-matricula-2n-22-24-frac-2\/#breadcrumb\"},\"inLanguage\":\"ca\",\"potentialAction\":[{\"@type\":\"ReadAction\",\"target\":[\"https:\/\/www.fvb.cat\/ca\/producte\/master-en-psicoterapia-psicoanalitica-contemporania-matricula-2n-22-24-frac-2\/\"]}]},{\"@type\":\"ImageObject\",\"inLanguage\":\"ca\",\"@id\":\"https:\/\/www.fvb.cat\/ca\/producte\/master-en-psicoterapia-psicoanalitica-contemporania-matricula-2n-22-24-frac-2\/#primaryimage\",\"url\":\"https:\/\/www.fvb.cat\/wp-content\/uploads\/2021\/03\/FotoMPPC_web.jpeg\",\"contentUrl\":\"https:\/\/www.fvb.cat\/wp-content\/uploads\/2021\/03\/FotoMPPC_web.jpeg\",\"width\":1280,\"height\":853},{\"@type\":\"BreadcrumbList\",\"@id\":\"https:\/\/www.fvb.cat\/ca\/producte\/master-en-psicoterapia-psicoanalitica-contemporania-matricula-2n-22-24-frac-2\/#breadcrumb\",\"itemListElement\":[{\"@type\":\"ListItem\",\"position\":1,\"name\":\"Inici\",\"item\":\"https:\/\/www.fvb.cat\/es\/\"},{\"@type\":\"ListItem\",\"position\":2,\"name\":\"Botiga\",\"item\":\"https:\/\/www.fvb.cat\/es\/botiga\/\"},{\"@type\":\"ListItem\",\"position\":3,\"name\":\"M\u00e0ster en Psicoter\u00e0pia Psicoanal\u00edtica Contempor\u00e0nia (Matr\u00edcula 2n 24-26 Frac)\"}]},{\"@type\":\"WebSite\",\"@id\":\"https:\/\/www.fvb.cat\/es\/#website\",\"url\":\"https:\/\/www.fvb.cat\/es\/\",\"name\":\"Fundaci\u00f3 Vidal i Barraquer\",\"description\":\"Assist\u00e8ncia, doc\u00e8ncia i recerca en la salut mental\",\"publisher\":{\"@id\":\"https:\/\/www.fvb.cat\/es\/#organization\"},\"potentialAction\":[{\"@type\":\"SearchAction\",\"target\":{\"@type\":\"EntryPoint\",\"urlTemplate\":\"https:\/\/www.fvb.cat\/es\/?s={search_term_string}\"},\"query-input\":\"required name=search_term_string\"}],\"inLanguage\":\"ca\"},{\"@type\":\"Organization\",\"@id\":\"https:\/\/www.fvb.cat\/es\/#organization\",\"name\":\"Fundaci\u00f3 Vidal i Barraquer\",\"url\":\"https:\/\/www.fvb.cat\/es\/\",\"logo\":{\"@type\":\"ImageObject\",\"inLanguage\":\"ca\",\"@id\":\"https:\/\/www.fvb.cat\/es\/#\/schema\/logo\/image\/\",\"url\":\"https:\/\/www.fvb.cat\/wp-content\/uploads\/2024\/05\/logo-vidal-i-barrauqer-60-aniversari.jpg\",\"contentUrl\":\"https:\/\/www.fvb.cat\/wp-content\/uploads\/2024\/05\/logo-vidal-i-barrauqer-60-aniversari.jpg\",\"width\":2125,\"height\":703,\"caption\":\"Fundaci\u00f3 Vidal i Barraquer\"},\"image\":{\"@id\":\"https:\/\/www.fvb.cat\/es\/#\/schema\/logo\/image\/\"}}]}<\/script>\n<!-- \/ Yoast SEO plugin. -->","yoast_head_json":{"title":"[:ca]M\u00e0ster en Psicoter\u00e0pia Psicoanal\u00edtica Contempor\u00e0nia (Matr\u00edcula 2n 24-26 Frac)[:es]M\u00e1ster en Psicoterapia Psicoanal\u00edtica Contempor\u00e1nea (Matr\u00edcula 2o 22-24 Frac)[:] - Fundaci\u00f3 Vidal i Barraquer","robots":{"index":"index","follow":"follow","max-snippet":"max-snippet:-1","max-image-preview":"max-image-preview:large","max-video-preview":"max-video-preview:-1"},"canonical":"https:\/\/www.fvb.cat\/ca\/producte\/master-en-psicoterapia-psicoanalitica-contemporania-matricula-2n-22-24-frac-2\/","og_locale":"ca_ES","og_type":"article","og_title":"[:ca]M\u00e0ster en Psicoter\u00e0pia Psicoanal\u00edtica Contempor\u00e0nia (Matr\u00edcula 2n 24-26 Frac)[:es]M\u00e1ster en Psicoterapia Psicoanal\u00edtica Contempor\u00e1nea (Matr\u00edcula 2o 22-24 Frac)[:] - Fundaci\u00f3 Vidal i Barraquer","og_description":"La psicoter\u00e0pia psicoanal\u00edtica, en les seves diverses modalitats i adaptacions, \u00e9s present...","og_url":"https:\/\/www.fvb.cat\/ca\/producte\/master-en-psicoterapia-psicoanalitica-contemporania-matricula-2n-22-24-frac-2\/","og_site_name":"Fundaci\u00f3 Vidal i Barraquer","article_modified_time":"2025-07-25T11:02:10+00:00","og_image":[{"width":1280,"height":853,"url":"https:\/\/www.fvb.cat\/wp-content\/uploads\/2021\/03\/FotoMPPC_web.jpeg","type":"image\/jpeg"}],"twitter_card":"summary_large_image","twitter_misc":{"Temps estimat de lectura":"2 minuts"},"schema":{"@context":"https:\/\/schema.org","@graph":[{"@type":"WebPage","@id":"https:\/\/www.fvb.cat\/ca\/producte\/master-en-psicoterapia-psicoanalitica-contemporania-matricula-2n-22-24-frac-2\/","url":"https:\/\/www.fvb.cat\/ca\/producte\/master-en-psicoterapia-psicoanalitica-contemporania-matricula-2n-22-24-frac-2\/","name":"[:ca]M\u00e0ster en Psicoter\u00e0pia Psicoanal\u00edtica Contempor\u00e0nia (Matr\u00edcula 2n 24-26 Frac)[:es]M\u00e1ster en Psicoterapia Psicoanal\u00edtica Contempor\u00e1nea (Matr\u00edcula 2o 22-24 Frac)[:] - Fundaci\u00f3 Vidal i Barraquer","isPartOf":{"@id":"https:\/\/www.fvb.cat\/es\/#website"},"primaryImageOfPage":{"@id":"https:\/\/www.fvb.cat\/ca\/producte\/master-en-psicoterapia-psicoanalitica-contemporania-matricula-2n-22-24-frac-2\/#primaryimage"},"image":{"@id":"https:\/\/www.fvb.cat\/ca\/producte\/master-en-psicoterapia-psicoanalitica-contemporania-matricula-2n-22-24-frac-2\/#primaryimage"},"thumbnailUrl":"https:\/\/www.fvb.cat\/wp-content\/uploads\/2021\/03\/FotoMPPC_web.jpeg","datePublished":"2023-07-21T08:25:56+00:00","dateModified":"2025-07-25T11:02:10+00:00","breadcrumb":{"@id":"https:\/\/www.fvb.cat\/ca\/producte\/master-en-psicoterapia-psicoanalitica-contemporania-matricula-2n-22-24-frac-2\/#breadcrumb"},"inLanguage":"ca","potentialAction":[{"@type":"ReadAction","target":["https:\/\/www.fvb.cat\/ca\/producte\/master-en-psicoterapia-psicoanalitica-contemporania-matricula-2n-22-24-frac-2\/"]}]},{"@type":"ImageObject","inLanguage":"ca","@id":"https:\/\/www.fvb.cat\/ca\/producte\/master-en-psicoterapia-psicoanalitica-contemporania-matricula-2n-22-24-frac-2\/#primaryimage","url":"https:\/\/www.fvb.cat\/wp-content\/uploads\/2021\/03\/FotoMPPC_web.jpeg","contentUrl":"https:\/\/www.fvb.cat\/wp-content\/uploads\/2021\/03\/FotoMPPC_web.jpeg","width":1280,"height":853},{"@type":"BreadcrumbList","@id":"https:\/\/www.fvb.cat\/ca\/producte\/master-en-psicoterapia-psicoanalitica-contemporania-matricula-2n-22-24-frac-2\/#breadcrumb","itemListElement":[{"@type":"ListItem","position":1,"name":"Inici","item":"https:\/\/www.fvb.cat\/es\/"},{"@type":"ListItem","position":2,"name":"Botiga","item":"https:\/\/www.fvb.cat\/es\/botiga\/"},{"@type":"ListItem","position":3,"name":"M\u00e0ster en Psicoter\u00e0pia Psicoanal\u00edtica Contempor\u00e0nia (Matr\u00edcula 2n 24-26 Frac)"}]},{"@type":"WebSite","@id":"https:\/\/www.fvb.cat\/es\/#website","url":"https:\/\/www.fvb.cat\/es\/","name":"Fundaci\u00f3 Vidal i Barraquer","description":"Assist\u00e8ncia, doc\u00e8ncia i recerca en la salut mental","publisher":{"@id":"https:\/\/www.fvb.cat\/es\/#organization"},"potentialAction":[{"@type":"SearchAction","target":{"@type":"EntryPoint","urlTemplate":"https:\/\/www.fvb.cat\/es\/?s={search_term_string}"},"query-input":"required name=search_term_string"}],"inLanguage":"ca"},{"@type":"Organization","@id":"https:\/\/www.fvb.cat\/es\/#organization","name":"Fundaci\u00f3 Vidal i Barraquer","url":"https:\/\/www.fvb.cat\/es\/","logo":{"@type":"ImageObject","inLanguage":"ca","@id":"https:\/\/www.fvb.cat\/es\/#\/schema\/logo\/image\/","url":"https:\/\/www.fvb.cat\/wp-content\/uploads\/2024\/05\/logo-vidal-i-barrauqer-60-aniversari.jpg","contentUrl":"https:\/\/www.fvb.cat\/wp-content\/uploads\/2024\/05\/logo-vidal-i-barrauqer-60-aniversari.jpg","width":2125,"height":703,"caption":"Fundaci\u00f3 Vidal i Barraquer"},"image":{"@id":"https:\/\/www.fvb.cat\/es\/#\/schema\/logo\/image\/"}}]}},"_links":{"self":[{"href":"https:\/\/www.fvb.cat\/ca\/wp-json\/wp\/v2\/product\/12729"}],"collection":[{"href":"https:\/\/www.fvb.cat\/ca\/wp-json\/wp\/v2\/product"}],"about":[{"href":"https:\/\/www.fvb.cat\/ca\/wp-json\/wp\/v2\/types\/product"}],"wp:featuredmedia":[{"embeddable":true,"href":"https:\/\/www.fvb.cat\/ca\/wp-json\/wp\/v2\/media\/9467"}],"wp:attachment":[{"href":"https:\/\/www.fvb.cat\/ca\/wp-json\/wp\/v2\/media?parent=12729"}],"wp:term":[{"taxonomy":"product_cat","embeddable":true,"href":"https:\/\/www.fvb.cat\/ca\/wp-json\/wp\/v2\/product_cat?post=12729"},{"taxonomy":"product_tag","embeddable":true,"href":"https:\/\/www.fvb.cat\/ca\/wp-json\/wp\/v2\/product_tag?post=12729"}],"curies":[{"name":"wp","href":"https:\/\/api.w.org\/{rel}","templated":true}]}}