{"id":12600,"date":"2023-06-08T09:25:37","date_gmt":"2023-06-08T08:25:37","guid":{"rendered":"https:\/\/www.fvb.cat\/?post_type=product&#038;p=12600"},"modified":"2026-04-10T11:47:13","modified_gmt":"2026-04-10T10:47:13","slug":"master-en-espiritualitat-transcultural-22-24","status":"publish","type":"product","link":"https:\/\/www.fvb.cat\/ca\/producte\/master-en-espiritualitat-transcultural-2-3\/","title":{"rendered":"M\u00e0ster en Espiritualitat Transcultural 25-27 (2n curs)"},"content":{"rendered":"Preinscripci\u00f3: a partir del dia <strong>1 de juny de 2017<\/strong>.<\/p>\n<p>\u00c9s imprescindible presentar el full de sol\u00b7licitud d&#8217;admissi\u00f3, juntament amb un curr\u00edculum i abonar els drets de preinscripci\u00f3. En confirmar-se l&#8217;admissi\u00f3, els sol\u00b7licitants hauran d&#8217;abonar l&#8217;import de la matr\u00edcula dins el termini fixat.<\/p>\n<p>Matr\u00edcula: <strong>De l\u20191 fins el 20 de setembre de 2017<\/strong>.","protected":false},"excerpt":{"rendered":"<p>M\u00e0ster organitzat amb les universitats de Deusto, Loyola Andaluc\u00eda, de la M\u00edstica \u00c1vila i Escola Universitaria Sant Joan de D\u00e9us Barcelona. Des de l\u2019\u00e0mbit cient\u00edfic, les recents investigacions sobre l\u2019activitat cerebral de la neuroci\u00e8ncia posen al descobert que les intu\u00efcions sobre el car\u00e0cter transcendent de la conducta humana que proposen les diferents religions tenen una base objectivable.<\/p>\n","protected":false},"featured_media":6661,"template":"","meta":[],"product_cat":[225],"product_tag":[],"yoast_head":"<!-- This site is optimized with the Yoast SEO plugin v22.6 - https:\/\/yoast.com\/wordpress\/plugins\/seo\/ -->\n<title>M\u00e0ster en Espiritualitat Transcultural 25-27 (2n curs)  - Fundaci\u00f3 Vidal i Barraquer<\/title>\n<meta name=\"robots\" content=\"index, follow, max-snippet:-1, max-image-preview:large, max-video-preview:-1\" \/>\n<link rel=\"canonical\" href=\"https:\/\/www.fvb.cat\/es\/producto\/master-en-espiritualitat-transcultural-2-3\/\" \/>\n<meta property=\"og:locale\" content=\"ca_ES\" \/>\n<meta property=\"og:type\" content=\"article\" \/>\n<meta property=\"og:title\" content=\"[:ca]M\u00e0ster en Espiritualitat Transcultural 25-27 (2n curs) [:es]M\u00e1ster en Espiritualidad Transcultural 25-27 (2o curso) [:] - Fundaci\u00f3 Vidal i Barraquer\" \/>\n<meta property=\"og:description\" content=\"M\u00e0ster organitzat amb les universitats de Deusto, Loyola Andaluc\u00eda, de la M\u00edstica \u00c1vila i Escola Universitaria Sant Joan de D\u00e9us Barcelona. Des de l\u2019\u00e0mbit cient\u00edfic, les recents investigacions sobre l\u2019activitat cerebral de la neuroci\u00e8ncia posen al descobert que les intu\u00efcions sobre el car\u00e0cter transcendent de la conducta humana que proposen les diferents religions tenen una base objectivable.\" \/>\n<meta property=\"og:url\" content=\"https:\/\/www.fvb.cat\/es\/producto\/master-en-espiritualitat-transcultural-2-3\/\" \/>\n<meta property=\"og:site_name\" content=\"Fundaci\u00f3 Vidal i Barraquer\" \/>\n<meta property=\"article:modified_time\" content=\"2026-04-10T10:47:13+00:00\" \/>\n<meta property=\"og:image\" content=\"https:\/\/www.fvb.cat\/wp-content\/uploads\/2017\/06\/61712972_m.jpg\" \/>\n\t<meta property=\"og:image:width\" content=\"848\" \/>\n\t<meta property=\"og:image:height\" content=\"565\" \/>\n\t<meta property=\"og:image:type\" content=\"image\/jpeg\" \/>\n<meta name=\"twitter:card\" content=\"summary_large_image\" \/>\n<meta name=\"twitter:label1\" content=\"Temps estimat de lectura\" \/>\n\t<meta name=\"twitter:data1\" content=\"1 minut\" \/>\n<script type=\"application\/ld+json\" class=\"yoast-schema-graph\">{\"@context\":\"https:\/\/schema.org\",\"@graph\":[{\"@type\":\"WebPage\",\"@id\":\"https:\/\/www.fvb.cat\/es\/producto\/master-en-espiritualitat-transcultural-2-3\/\",\"url\":\"https:\/\/www.fvb.cat\/es\/producto\/master-en-espiritualitat-transcultural-2-3\/\",\"name\":\"[:ca]M\u00e0ster en Espiritualitat Transcultural 25-27 (2n curs) [:es]M\u00e1ster en Espiritualidad Transcultural 25-27 (2o curso) [:] - Fundaci\u00f3 Vidal i Barraquer\",\"isPartOf\":{\"@id\":\"https:\/\/www.fvb.cat\/es\/#website\"},\"primaryImageOfPage\":{\"@id\":\"https:\/\/www.fvb.cat\/es\/producto\/master-en-espiritualitat-transcultural-2-3\/#primaryimage\"},\"image\":{\"@id\":\"https:\/\/www.fvb.cat\/es\/producto\/master-en-espiritualitat-transcultural-2-3\/#primaryimage\"},\"thumbnailUrl\":\"https:\/\/www.fvb.cat\/wp-content\/uploads\/2017\/06\/61712972_m.jpg\",\"datePublished\":\"2023-06-08T08:25:37+00:00\",\"dateModified\":\"2026-04-10T10:47:13+00:00\",\"breadcrumb\":{\"@id\":\"https:\/\/www.fvb.cat\/es\/producto\/master-en-espiritualitat-transcultural-2-3\/#breadcrumb\"},\"inLanguage\":\"ca\",\"potentialAction\":[{\"@type\":\"ReadAction\",\"target\":[\"https:\/\/www.fvb.cat\/es\/producto\/master-en-espiritualitat-transcultural-2-3\/\"]}]},{\"@type\":\"ImageObject\",\"inLanguage\":\"ca\",\"@id\":\"https:\/\/www.fvb.cat\/es\/producto\/master-en-espiritualitat-transcultural-2-3\/#primaryimage\",\"url\":\"https:\/\/www.fvb.cat\/wp-content\/uploads\/2017\/06\/61712972_m.jpg\",\"contentUrl\":\"https:\/\/www.fvb.cat\/wp-content\/uploads\/2017\/06\/61712972_m.jpg\",\"width\":848,\"height\":565,\"caption\":\"61712972 - raised hands catching sun on sunset sky. concept of spirituality, wellbeing, positive energy etc.\"},{\"@type\":\"BreadcrumbList\",\"@id\":\"https:\/\/www.fvb.cat\/es\/producto\/master-en-espiritualitat-transcultural-2-3\/#breadcrumb\",\"itemListElement\":[{\"@type\":\"ListItem\",\"position\":1,\"name\":\"Inici\",\"item\":\"https:\/\/www.fvb.cat\/es\/\"},{\"@type\":\"ListItem\",\"position\":2,\"name\":\"Botiga\",\"item\":\"https:\/\/www.fvb.cat\/es\/botiga\/\"},{\"@type\":\"ListItem\",\"position\":3,\"name\":\"M\u00e1ster en Espiritualidad Transcultural 25-27 (2o curso)\"}]},{\"@type\":\"WebSite\",\"@id\":\"https:\/\/www.fvb.cat\/es\/#website\",\"url\":\"https:\/\/www.fvb.cat\/es\/\",\"name\":\"Fundaci\u00f3 Vidal i Barraquer\",\"description\":\"Assist\u00e8ncia, doc\u00e8ncia i recerca en la salut mental\",\"publisher\":{\"@id\":\"https:\/\/www.fvb.cat\/es\/#organization\"},\"potentialAction\":[{\"@type\":\"SearchAction\",\"target\":{\"@type\":\"EntryPoint\",\"urlTemplate\":\"https:\/\/www.fvb.cat\/es\/?s={search_term_string}\"},\"query-input\":\"required name=search_term_string\"}],\"inLanguage\":\"ca\"},{\"@type\":\"Organization\",\"@id\":\"https:\/\/www.fvb.cat\/es\/#organization\",\"name\":\"Fundaci\u00f3 Vidal i Barraquer\",\"url\":\"https:\/\/www.fvb.cat\/es\/\",\"logo\":{\"@type\":\"ImageObject\",\"inLanguage\":\"ca\",\"@id\":\"https:\/\/www.fvb.cat\/es\/#\/schema\/logo\/image\/\",\"url\":\"https:\/\/www.fvb.cat\/wp-content\/uploads\/2024\/05\/logo-vidal-i-barrauqer-60-aniversari.jpg\",\"contentUrl\":\"https:\/\/www.fvb.cat\/wp-content\/uploads\/2024\/05\/logo-vidal-i-barrauqer-60-aniversari.jpg\",\"width\":2125,\"height\":703,\"caption\":\"Fundaci\u00f3 Vidal i Barraquer\"},\"image\":{\"@id\":\"https:\/\/www.fvb.cat\/es\/#\/schema\/logo\/image\/\"}}]}<\/script>\n<!-- \/ Yoast SEO plugin. -->","yoast_head_json":{"title":"[:ca]M\u00e0ster en Espiritualitat Transcultural 25-27 (2n curs) [:es]M\u00e1ster en Espiritualidad Transcultural 25-27 (2o curso) [:] - Fundaci\u00f3 Vidal i Barraquer","robots":{"index":"index","follow":"follow","max-snippet":"max-snippet:-1","max-image-preview":"max-image-preview:large","max-video-preview":"max-video-preview:-1"},"canonical":"https:\/\/www.fvb.cat\/es\/producto\/master-en-espiritualitat-transcultural-2-3\/","og_locale":"ca_ES","og_type":"article","og_title":"[:ca]M\u00e0ster en Espiritualitat Transcultural 25-27 (2n curs) [:es]M\u00e1ster en Espiritualidad Transcultural 25-27 (2o curso) [:] - Fundaci\u00f3 Vidal i Barraquer","og_description":"M\u00e0ster organitzat amb les universitats de Deusto, Loyola Andaluc\u00eda, de la M\u00edstica \u00c1vila i Escola Universitaria Sant Joan de D\u00e9us Barcelona. Des de l\u2019\u00e0mbit cient\u00edfic, les recents investigacions sobre l\u2019activitat cerebral de la neuroci\u00e8ncia posen al descobert que les intu\u00efcions sobre el car\u00e0cter transcendent de la conducta humana que proposen les diferents religions tenen una base objectivable.","og_url":"https:\/\/www.fvb.cat\/es\/producto\/master-en-espiritualitat-transcultural-2-3\/","og_site_name":"Fundaci\u00f3 Vidal i Barraquer","article_modified_time":"2026-04-10T10:47:13+00:00","og_image":[{"width":848,"height":565,"url":"https:\/\/www.fvb.cat\/wp-content\/uploads\/2017\/06\/61712972_m.jpg","type":"image\/jpeg"}],"twitter_card":"summary_large_image","twitter_misc":{"Temps estimat de lectura":"1 minut"},"schema":{"@context":"https:\/\/schema.org","@graph":[{"@type":"WebPage","@id":"https:\/\/www.fvb.cat\/es\/producto\/master-en-espiritualitat-transcultural-2-3\/","url":"https:\/\/www.fvb.cat\/es\/producto\/master-en-espiritualitat-transcultural-2-3\/","name":"[:ca]M\u00e0ster en Espiritualitat Transcultural 25-27 (2n curs) [:es]M\u00e1ster en Espiritualidad Transcultural 25-27 (2o curso) [:] - Fundaci\u00f3 Vidal i Barraquer","isPartOf":{"@id":"https:\/\/www.fvb.cat\/es\/#website"},"primaryImageOfPage":{"@id":"https:\/\/www.fvb.cat\/es\/producto\/master-en-espiritualitat-transcultural-2-3\/#primaryimage"},"image":{"@id":"https:\/\/www.fvb.cat\/es\/producto\/master-en-espiritualitat-transcultural-2-3\/#primaryimage"},"thumbnailUrl":"https:\/\/www.fvb.cat\/wp-content\/uploads\/2017\/06\/61712972_m.jpg","datePublished":"2023-06-08T08:25:37+00:00","dateModified":"2026-04-10T10:47:13+00:00","breadcrumb":{"@id":"https:\/\/www.fvb.cat\/es\/producto\/master-en-espiritualitat-transcultural-2-3\/#breadcrumb"},"inLanguage":"ca","potentialAction":[{"@type":"ReadAction","target":["https:\/\/www.fvb.cat\/es\/producto\/master-en-espiritualitat-transcultural-2-3\/"]}]},{"@type":"ImageObject","inLanguage":"ca","@id":"https:\/\/www.fvb.cat\/es\/producto\/master-en-espiritualitat-transcultural-2-3\/#primaryimage","url":"https:\/\/www.fvb.cat\/wp-content\/uploads\/2017\/06\/61712972_m.jpg","contentUrl":"https:\/\/www.fvb.cat\/wp-content\/uploads\/2017\/06\/61712972_m.jpg","width":848,"height":565,"caption":"61712972 - raised hands catching sun on sunset sky. concept of spirituality, wellbeing, positive energy etc."},{"@type":"BreadcrumbList","@id":"https:\/\/www.fvb.cat\/es\/producto\/master-en-espiritualitat-transcultural-2-3\/#breadcrumb","itemListElement":[{"@type":"ListItem","position":1,"name":"Inici","item":"https:\/\/www.fvb.cat\/es\/"},{"@type":"ListItem","position":2,"name":"Botiga","item":"https:\/\/www.fvb.cat\/es\/botiga\/"},{"@type":"ListItem","position":3,"name":"M\u00e1ster en Espiritualidad Transcultural 25-27 (2o curso)"}]},{"@type":"WebSite","@id":"https:\/\/www.fvb.cat\/es\/#website","url":"https:\/\/www.fvb.cat\/es\/","name":"Fundaci\u00f3 Vidal i Barraquer","description":"Assist\u00e8ncia, doc\u00e8ncia i recerca en la salut mental","publisher":{"@id":"https:\/\/www.fvb.cat\/es\/#organization"},"potentialAction":[{"@type":"SearchAction","target":{"@type":"EntryPoint","urlTemplate":"https:\/\/www.fvb.cat\/es\/?s={search_term_string}"},"query-input":"required name=search_term_string"}],"inLanguage":"ca"},{"@type":"Organization","@id":"https:\/\/www.fvb.cat\/es\/#organization","name":"Fundaci\u00f3 Vidal i Barraquer","url":"https:\/\/www.fvb.cat\/es\/","logo":{"@type":"ImageObject","inLanguage":"ca","@id":"https:\/\/www.fvb.cat\/es\/#\/schema\/logo\/image\/","url":"https:\/\/www.fvb.cat\/wp-content\/uploads\/2024\/05\/logo-vidal-i-barrauqer-60-aniversari.jpg","contentUrl":"https:\/\/www.fvb.cat\/wp-content\/uploads\/2024\/05\/logo-vidal-i-barrauqer-60-aniversari.jpg","width":2125,"height":703,"caption":"Fundaci\u00f3 Vidal i Barraquer"},"image":{"@id":"https:\/\/www.fvb.cat\/es\/#\/schema\/logo\/image\/"}}]}},"_links":{"self":[{"href":"https:\/\/www.fvb.cat\/ca\/wp-json\/wp\/v2\/product\/12600"}],"collection":[{"href":"https:\/\/www.fvb.cat\/ca\/wp-json\/wp\/v2\/product"}],"about":[{"href":"https:\/\/www.fvb.cat\/ca\/wp-json\/wp\/v2\/types\/product"}],"wp:featuredmedia":[{"embeddable":true,"href":"https:\/\/www.fvb.cat\/ca\/wp-json\/wp\/v2\/media\/6661"}],"wp:attachment":[{"href":"https:\/\/www.fvb.cat\/ca\/wp-json\/wp\/v2\/media?parent=12600"}],"wp:term":[{"taxonomy":"product_cat","embeddable":true,"href":"https:\/\/www.fvb.cat\/ca\/wp-json\/wp\/v2\/product_cat?post=12600"},{"taxonomy":"product_tag","embeddable":true,"href":"https:\/\/www.fvb.cat\/ca\/wp-json\/wp\/v2\/product_tag?post=12600"}],"curies":[{"name":"wp","href":"https:\/\/api.w.org\/{rel}","templated":true}]}}