{"id":12429,"date":"2023-04-20T10:58:23","date_gmt":"2023-04-20T09:58:23","guid":{"rendered":"https:\/\/www.fvb.cat\/?post_type=product&#038;p=12429"},"modified":"2026-04-10T11:46:32","modified_gmt":"2026-04-10T10:46:32","slug":"master-en-espiritualitat-transcultural-presencial-fraccionada","status":"publish","type":"product","link":"https:\/\/www.fvb.cat\/ca\/producte\/master-en-espiritualitat-transcultural-presencial-fraccionada\/","title":{"rendered":"M\u00e0ster en Espiritualitat Transcultural  2026-2028 (1r curs Fraccionat)"},"content":{"rendered":"Preinscripci\u00f3: a partir del dia <strong>1 de juny<\/strong>.<\/p>\n<p>\u00c9s imprescindible presentar el full de sol\u00b7licitud d&#8217;admissi\u00f3, juntament amb un curr\u00edculum i abonar els drets de preinscripci\u00f3. En confirmar-se l&#8217;admissi\u00f3, els sol\u00b7licitants hauran d&#8217;abonar l&#8217;import de la matr\u00edcula dins el termini fixat.<\/p>\n<p>Matr\u00edcula: <strong>De l\u20191 de juliol<\/strong>.","protected":false},"excerpt":{"rendered":"<p>Preinscripci\u00f3: a partir del dia 1 de juny. \u00c9s imprescindible presentar el&#8230;<\/p>\n","protected":false},"featured_media":6661,"template":"","meta":[],"product_cat":[225],"product_tag":[],"yoast_head":"<!-- This site is optimized with the Yoast SEO plugin v22.6 - https:\/\/yoast.com\/wordpress\/plugins\/seo\/ -->\n<title>M\u00e0ster en Espiritualitat Transcultural 2026-2028 (1r curs Fraccionat) - Fundaci\u00f3 Vidal i Barraquer<\/title>\n<meta name=\"robots\" content=\"index, follow, max-snippet:-1, max-image-preview:large, max-video-preview:-1\" \/>\n<link rel=\"canonical\" href=\"https:\/\/www.fvb.cat\/es\/producto\/master-en-espiritualidad-transcultural-presencial-fraccionada\/\" \/>\n<meta property=\"og:locale\" content=\"ca_ES\" \/>\n<meta property=\"og:type\" content=\"article\" \/>\n<meta property=\"og:title\" content=\"[:ca]M\u00e0ster en Espiritualitat Transcultural 2026-2028 (1r curs Fraccionat)[:es]M\u00e1ster en Espiritualidad Transcultural 2026-2028 ( 1r curso Fraccionado)[:] - Fundaci\u00f3 Vidal i Barraquer\" \/>\n<meta property=\"og:description\" content=\"Preinscripci\u00f3: a partir del dia 1 de juny. \u00c9s imprescindible presentar el...\" \/>\n<meta property=\"og:url\" content=\"https:\/\/www.fvb.cat\/es\/producto\/master-en-espiritualidad-transcultural-presencial-fraccionada\/\" \/>\n<meta property=\"og:site_name\" content=\"Fundaci\u00f3 Vidal i Barraquer\" \/>\n<meta property=\"article:modified_time\" content=\"2026-04-10T10:46:32+00:00\" \/>\n<meta property=\"og:image\" content=\"https:\/\/www.fvb.cat\/wp-content\/uploads\/2017\/06\/61712972_m.jpg\" \/>\n\t<meta property=\"og:image:width\" content=\"848\" \/>\n\t<meta property=\"og:image:height\" content=\"565\" \/>\n\t<meta property=\"og:image:type\" content=\"image\/jpeg\" \/>\n<meta name=\"twitter:card\" content=\"summary_large_image\" \/>\n<meta name=\"twitter:label1\" content=\"Temps estimat de lectura\" \/>\n\t<meta name=\"twitter:data1\" content=\"1 minut\" \/>\n<script type=\"application\/ld+json\" class=\"yoast-schema-graph\">{\"@context\":\"https:\/\/schema.org\",\"@graph\":[{\"@type\":\"WebPage\",\"@id\":\"https:\/\/www.fvb.cat\/es\/producto\/master-en-espiritualidad-transcultural-presencial-fraccionada\/\",\"url\":\"https:\/\/www.fvb.cat\/es\/producto\/master-en-espiritualidad-transcultural-presencial-fraccionada\/\",\"name\":\"[:ca]M\u00e0ster en Espiritualitat Transcultural 2026-2028 (1r curs Fraccionat)[:es]M\u00e1ster en Espiritualidad Transcultural 2026-2028 ( 1r curso Fraccionado)[:] - Fundaci\u00f3 Vidal i Barraquer\",\"isPartOf\":{\"@id\":\"https:\/\/www.fvb.cat\/es\/#website\"},\"primaryImageOfPage\":{\"@id\":\"https:\/\/www.fvb.cat\/es\/producto\/master-en-espiritualidad-transcultural-presencial-fraccionada\/#primaryimage\"},\"image\":{\"@id\":\"https:\/\/www.fvb.cat\/es\/producto\/master-en-espiritualidad-transcultural-presencial-fraccionada\/#primaryimage\"},\"thumbnailUrl\":\"https:\/\/www.fvb.cat\/wp-content\/uploads\/2017\/06\/61712972_m.jpg\",\"datePublished\":\"2023-04-20T09:58:23+00:00\",\"dateModified\":\"2026-04-10T10:46:32+00:00\",\"breadcrumb\":{\"@id\":\"https:\/\/www.fvb.cat\/es\/producto\/master-en-espiritualidad-transcultural-presencial-fraccionada\/#breadcrumb\"},\"inLanguage\":\"ca\",\"potentialAction\":[{\"@type\":\"ReadAction\",\"target\":[\"https:\/\/www.fvb.cat\/es\/producto\/master-en-espiritualidad-transcultural-presencial-fraccionada\/\"]}]},{\"@type\":\"ImageObject\",\"inLanguage\":\"ca\",\"@id\":\"https:\/\/www.fvb.cat\/es\/producto\/master-en-espiritualidad-transcultural-presencial-fraccionada\/#primaryimage\",\"url\":\"https:\/\/www.fvb.cat\/wp-content\/uploads\/2017\/06\/61712972_m.jpg\",\"contentUrl\":\"https:\/\/www.fvb.cat\/wp-content\/uploads\/2017\/06\/61712972_m.jpg\",\"width\":848,\"height\":565,\"caption\":\"61712972 - raised hands catching sun on sunset sky. concept of spirituality, wellbeing, positive energy etc.\"},{\"@type\":\"BreadcrumbList\",\"@id\":\"https:\/\/www.fvb.cat\/es\/producto\/master-en-espiritualidad-transcultural-presencial-fraccionada\/#breadcrumb\",\"itemListElement\":[{\"@type\":\"ListItem\",\"position\":1,\"name\":\"Inici\",\"item\":\"https:\/\/www.fvb.cat\/es\/\"},{\"@type\":\"ListItem\",\"position\":2,\"name\":\"Botiga\",\"item\":\"https:\/\/www.fvb.cat\/es\/botiga\/\"},{\"@type\":\"ListItem\",\"position\":3,\"name\":\"M\u00e1ster en Espiritualidad Transcultural 2026-2028 ( 1r curso Fraccionado)\"}]},{\"@type\":\"WebSite\",\"@id\":\"https:\/\/www.fvb.cat\/es\/#website\",\"url\":\"https:\/\/www.fvb.cat\/es\/\",\"name\":\"Fundaci\u00f3 Vidal i Barraquer\",\"description\":\"Assist\u00e8ncia, doc\u00e8ncia i recerca en la salut mental\",\"publisher\":{\"@id\":\"https:\/\/www.fvb.cat\/es\/#organization\"},\"potentialAction\":[{\"@type\":\"SearchAction\",\"target\":{\"@type\":\"EntryPoint\",\"urlTemplate\":\"https:\/\/www.fvb.cat\/es\/?s={search_term_string}\"},\"query-input\":\"required name=search_term_string\"}],\"inLanguage\":\"ca\"},{\"@type\":\"Organization\",\"@id\":\"https:\/\/www.fvb.cat\/es\/#organization\",\"name\":\"Fundaci\u00f3 Vidal i Barraquer\",\"url\":\"https:\/\/www.fvb.cat\/es\/\",\"logo\":{\"@type\":\"ImageObject\",\"inLanguage\":\"ca\",\"@id\":\"https:\/\/www.fvb.cat\/es\/#\/schema\/logo\/image\/\",\"url\":\"https:\/\/www.fvb.cat\/wp-content\/uploads\/2024\/05\/logo-vidal-i-barrauqer-60-aniversari.jpg\",\"contentUrl\":\"https:\/\/www.fvb.cat\/wp-content\/uploads\/2024\/05\/logo-vidal-i-barrauqer-60-aniversari.jpg\",\"width\":2125,\"height\":703,\"caption\":\"Fundaci\u00f3 Vidal i Barraquer\"},\"image\":{\"@id\":\"https:\/\/www.fvb.cat\/es\/#\/schema\/logo\/image\/\"}}]}<\/script>\n<!-- \/ Yoast SEO plugin. -->","yoast_head_json":{"title":"[:ca]M\u00e0ster en Espiritualitat Transcultural 2026-2028 (1r curs Fraccionat)[:es]M\u00e1ster en Espiritualidad Transcultural 2026-2028 ( 1r curso Fraccionado)[:] - Fundaci\u00f3 Vidal i Barraquer","robots":{"index":"index","follow":"follow","max-snippet":"max-snippet:-1","max-image-preview":"max-image-preview:large","max-video-preview":"max-video-preview:-1"},"canonical":"https:\/\/www.fvb.cat\/es\/producto\/master-en-espiritualidad-transcultural-presencial-fraccionada\/","og_locale":"ca_ES","og_type":"article","og_title":"[:ca]M\u00e0ster en Espiritualitat Transcultural 2026-2028 (1r curs Fraccionat)[:es]M\u00e1ster en Espiritualidad Transcultural 2026-2028 ( 1r curso Fraccionado)[:] - Fundaci\u00f3 Vidal i Barraquer","og_description":"Preinscripci\u00f3: a partir del dia 1 de juny. \u00c9s imprescindible presentar el...","og_url":"https:\/\/www.fvb.cat\/es\/producto\/master-en-espiritualidad-transcultural-presencial-fraccionada\/","og_site_name":"Fundaci\u00f3 Vidal i Barraquer","article_modified_time":"2026-04-10T10:46:32+00:00","og_image":[{"width":848,"height":565,"url":"https:\/\/www.fvb.cat\/wp-content\/uploads\/2017\/06\/61712972_m.jpg","type":"image\/jpeg"}],"twitter_card":"summary_large_image","twitter_misc":{"Temps estimat de lectura":"1 minut"},"schema":{"@context":"https:\/\/schema.org","@graph":[{"@type":"WebPage","@id":"https:\/\/www.fvb.cat\/es\/producto\/master-en-espiritualidad-transcultural-presencial-fraccionada\/","url":"https:\/\/www.fvb.cat\/es\/producto\/master-en-espiritualidad-transcultural-presencial-fraccionada\/","name":"[:ca]M\u00e0ster en Espiritualitat Transcultural 2026-2028 (1r curs Fraccionat)[:es]M\u00e1ster en Espiritualidad Transcultural 2026-2028 ( 1r curso Fraccionado)[:] - Fundaci\u00f3 Vidal i Barraquer","isPartOf":{"@id":"https:\/\/www.fvb.cat\/es\/#website"},"primaryImageOfPage":{"@id":"https:\/\/www.fvb.cat\/es\/producto\/master-en-espiritualidad-transcultural-presencial-fraccionada\/#primaryimage"},"image":{"@id":"https:\/\/www.fvb.cat\/es\/producto\/master-en-espiritualidad-transcultural-presencial-fraccionada\/#primaryimage"},"thumbnailUrl":"https:\/\/www.fvb.cat\/wp-content\/uploads\/2017\/06\/61712972_m.jpg","datePublished":"2023-04-20T09:58:23+00:00","dateModified":"2026-04-10T10:46:32+00:00","breadcrumb":{"@id":"https:\/\/www.fvb.cat\/es\/producto\/master-en-espiritualidad-transcultural-presencial-fraccionada\/#breadcrumb"},"inLanguage":"ca","potentialAction":[{"@type":"ReadAction","target":["https:\/\/www.fvb.cat\/es\/producto\/master-en-espiritualidad-transcultural-presencial-fraccionada\/"]}]},{"@type":"ImageObject","inLanguage":"ca","@id":"https:\/\/www.fvb.cat\/es\/producto\/master-en-espiritualidad-transcultural-presencial-fraccionada\/#primaryimage","url":"https:\/\/www.fvb.cat\/wp-content\/uploads\/2017\/06\/61712972_m.jpg","contentUrl":"https:\/\/www.fvb.cat\/wp-content\/uploads\/2017\/06\/61712972_m.jpg","width":848,"height":565,"caption":"61712972 - raised hands catching sun on sunset sky. concept of spirituality, wellbeing, positive energy etc."},{"@type":"BreadcrumbList","@id":"https:\/\/www.fvb.cat\/es\/producto\/master-en-espiritualidad-transcultural-presencial-fraccionada\/#breadcrumb","itemListElement":[{"@type":"ListItem","position":1,"name":"Inici","item":"https:\/\/www.fvb.cat\/es\/"},{"@type":"ListItem","position":2,"name":"Botiga","item":"https:\/\/www.fvb.cat\/es\/botiga\/"},{"@type":"ListItem","position":3,"name":"M\u00e1ster en Espiritualidad Transcultural 2026-2028 ( 1r curso Fraccionado)"}]},{"@type":"WebSite","@id":"https:\/\/www.fvb.cat\/es\/#website","url":"https:\/\/www.fvb.cat\/es\/","name":"Fundaci\u00f3 Vidal i Barraquer","description":"Assist\u00e8ncia, doc\u00e8ncia i recerca en la salut mental","publisher":{"@id":"https:\/\/www.fvb.cat\/es\/#organization"},"potentialAction":[{"@type":"SearchAction","target":{"@type":"EntryPoint","urlTemplate":"https:\/\/www.fvb.cat\/es\/?s={search_term_string}"},"query-input":"required name=search_term_string"}],"inLanguage":"ca"},{"@type":"Organization","@id":"https:\/\/www.fvb.cat\/es\/#organization","name":"Fundaci\u00f3 Vidal i Barraquer","url":"https:\/\/www.fvb.cat\/es\/","logo":{"@type":"ImageObject","inLanguage":"ca","@id":"https:\/\/www.fvb.cat\/es\/#\/schema\/logo\/image\/","url":"https:\/\/www.fvb.cat\/wp-content\/uploads\/2024\/05\/logo-vidal-i-barrauqer-60-aniversari.jpg","contentUrl":"https:\/\/www.fvb.cat\/wp-content\/uploads\/2024\/05\/logo-vidal-i-barrauqer-60-aniversari.jpg","width":2125,"height":703,"caption":"Fundaci\u00f3 Vidal i Barraquer"},"image":{"@id":"https:\/\/www.fvb.cat\/es\/#\/schema\/logo\/image\/"}}]}},"_links":{"self":[{"href":"https:\/\/www.fvb.cat\/ca\/wp-json\/wp\/v2\/product\/12429"}],"collection":[{"href":"https:\/\/www.fvb.cat\/ca\/wp-json\/wp\/v2\/product"}],"about":[{"href":"https:\/\/www.fvb.cat\/ca\/wp-json\/wp\/v2\/types\/product"}],"wp:featuredmedia":[{"embeddable":true,"href":"https:\/\/www.fvb.cat\/ca\/wp-json\/wp\/v2\/media\/6661"}],"wp:attachment":[{"href":"https:\/\/www.fvb.cat\/ca\/wp-json\/wp\/v2\/media?parent=12429"}],"wp:term":[{"taxonomy":"product_cat","embeddable":true,"href":"https:\/\/www.fvb.cat\/ca\/wp-json\/wp\/v2\/product_cat?post=12429"},{"taxonomy":"product_tag","embeddable":true,"href":"https:\/\/www.fvb.cat\/ca\/wp-json\/wp\/v2\/product_tag?post=12429"}],"curies":[{"name":"wp","href":"https:\/\/api.w.org\/{rel}","templated":true}]}}