{"id":10431,"date":"2022-01-18T20:34:59","date_gmt":"2022-01-18T19:34:59","guid":{"rendered":"http:\/\/www.fvb.cat\/es\/?post_type=product&#038;p=10431"},"modified":"2024-11-07T16:24:15","modified_gmt":"2024-11-07T15:24:15","slug":"en-juego-teoria-y-tecnica-del-juego-en-la-practica-clinica-actual","status":"publish","type":"product","link":"https:\/\/www.fvb.cat\/ca\/producte\/en-juego\/","title":{"rendered":"En juego. Teor\u00eda y t\u00e9cnica del juego en la pr\u00e1ctica cl\u00ednica actual"},"content":{"rendered":"","protected":false},"excerpt":{"rendered":"<p><strong>FITXA<\/strong><br \/>\nTipus de producte: Estudi<br \/>\nEditorial: Herder Editorial<br \/>\nIdioma:\u00a0Castell\u00e0<br \/>\nN\u00famero de p\u00e0gines: 408<\/p>\n<p><strong>SINOPSI<\/strong><\/p>\n<p>Aquesta obra pret\u00e9n posar en valor el joc i estimular el seu us en el treball amb els nens, que jugant encoratgen aquesta capacitat en els professionals i els permet a tots seguir aprenent mentre es posen, una vegada i una altra, \u00aben joc\u00bb.<\/p>\n<p>El joc, per als nens, \u00e9s un mitj\u00e0 privilegiat d&#8217;expressi\u00f3, el que el converteix en una valuosa eina diagn\u00f2stica i, donat el seu potencial transformador, en instrument terap\u00e8utic.<\/p>\n<p>Aquest llibre ofereix una visi\u00f3 actualitzada del us del joc en el treball cl\u00ednic. S&#8217;exposen les condicions b\u00e0siques per al desenvolupament de les sessions de joc, diagn\u00f2stiques o psicoterap\u00e8utiques. Mostra, amb abundants exemples, els camins que segueix el joc en nens sense dificultats i els punts d&#8217;inflexi\u00f3 que poden generar problemes psicopatol\u00f2gics. La psicologia evolutiva, interrelacionant-la amb models psicoanal\u00edtics del desenvolupament, dona suport a les observacions.<\/p>\n<p>Els autors fan una reflexi\u00f3 sobre el progr\u00e9s del joc i les joguines, mostrant la continu\u00eftat hist\u00f2rica i les seves vicissituds, fins als actuals joguets tecnol\u00f2gics. Es dona una visi\u00f3 de les diferents perspectives psicoanal\u00edtiques sobre el joc, incorporant tamb\u00e9 una mirada des de la teoria sist\u00e8mica-constructivista i des de la pr\u00e0ctica de l&#8217;artter\u00e0pia.<\/p>\n","protected":false},"featured_media":16374,"template":"","meta":[],"product_cat":[57],"product_tag":[212,277,273,276],"yoast_head":"<!-- This site is optimized with the Yoast SEO plugin v22.6 - https:\/\/yoast.com\/wordpress\/plugins\/seo\/ -->\n<title>En juego. Teor\u00eda y t\u00e9cnica del juego en la pr\u00e1ctica cl\u00ednica actual - Fundaci\u00f3 Vidal i Barraquer<\/title>\n<meta name=\"robots\" content=\"index, follow, max-snippet:-1, max-image-preview:large, max-video-preview:-1\" \/>\n<link rel=\"canonical\" href=\"https:\/\/www.fvb.cat\/es\/producto\/en-juego\/\" \/>\n<meta property=\"og:locale\" content=\"ca_ES\" \/>\n<meta property=\"og:type\" content=\"article\" \/>\n<meta property=\"og:title\" content=\"En juego. Teor\u00eda y t\u00e9cnica del juego en la pr\u00e1ctica cl\u00ednica actual - Fundaci\u00f3 Vidal i Barraquer\" \/>\n<meta property=\"og:description\" content=\"[:ca]FITXA Tipus de producte: Estudi Editorial: Herder Editorial Idioma:\u00a0Castell\u00e0 N\u00famero de p\u00e0gines: 408  SINOPSI  Aquesta obra pret\u00e9n posar en valor el joc i estimular el seu us en el treball amb els nens, que jugant encoratgen aquesta capacitat en els professionals i els permet a tots seguir aprenent mentre es posen, una vegada i una altra, \u00aben joc\u00bb.  El joc, per als nens, \u00e9s un mitj\u00e0 privilegiat d&#039;expressi\u00f3, el que el converteix en una valuosa eina diagn\u00f2stica i, donat el seu potencial transformador, en instrument terap\u00e8utic.  Aquest llibre ofereix una visi\u00f3 actualitzada del us del joc en el treball cl\u00ednic. S&#039;exposen les condicions b\u00e0siques per al desenvolupament de les sessions de joc, diagn\u00f2stiques o psicoterap\u00e8utiques. Mostra, amb abundants exemples, els camins que segueix el joc en nens sense dificultats i els punts d&#039;inflexi\u00f3 que poden generar problemes psicopatol\u00f2gics. La psicologia evolutiva, interrelacionant-la amb models psicoanal\u00edtics del desenvolupament, dona suport a les observacions.  Els autors fan una reflexi\u00f3 sobre el progr\u00e9s del joc i les joguines, mostrant la continu\u00eftat hist\u00f2rica i les seves vicissituds, fins als actuals joguets tecnol\u00f2gics. Es dona una visi\u00f3 de les diferents perspectives psicoanal\u00edtiques sobre el joc, incorporant tamb\u00e9 una mirada des de la teoria sist\u00e8mica-constructivista i des de la pr\u00e0ctica de l&#039;artter\u00e0pia.[:es]FICHA Tipo de producto: Estudio Editorial: Herder Editorial Idioma:\u00a0Castellano N\u00famero de p\u00e1ginas: 408  SINOPSIS  Esta obra pretende poner en valor el juego y estimular su uso en el trabajo con los ni\u00f1os, quienes jugando alientan esa capacidad en los profesionales y les permite a todos seguir aprendiendo mientras se ponen, una y otra vez, \u00aben juego\u00bb.  El juego, para los ni\u00f1os, es un medio privilegiado de expresi\u00f3n, lo que lo convierte en una valiosa herramienta diagn\u00f3stica y, dado su potencial transformador, en instrumento terap\u00e9utico.  Este libro ofrece una visi\u00f3n actualizada del uso del juego en el trabajo cl\u00ednico. Se exponen las condiciones b\u00e1sicas para el desarrollo de las sesiones de juego, diagn\u00f3sticas o psicoterap\u00e9uticas. Muestra, con abundantes ejemplos, los caminos que sigue el juego en ni\u00f1os sin dificultades y los puntos de inflexi\u00f3n que pueden generar problemas psicopatol\u00f3gicos. La psicolog\u00eda evolutiva, interrelacion\u00e1ndola con modelos psicoanal\u00edticos del desarrollo, apoya las observaciones.  Los autores hacen una reflexi\u00f3n sobre el progreso del juego y los juguetes, mostrando la continuidad hist\u00f3rica y sus vicisitudes, hasta los actuales juguetes tecnol\u00f3gicos. Se aporta una visi\u00f3n de las diferentes perspectivas psicoanal\u00edticas sobre el juego, incorporando tambi\u00e9n una mirada desde la teor\u00eda sist\u00e9mica-constructivista y desde la pr\u00e1ctica de la arteterapia.[:]\" \/>\n<meta property=\"og:url\" content=\"https:\/\/www.fvb.cat\/es\/producto\/en-juego\/\" \/>\n<meta property=\"og:site_name\" content=\"Fundaci\u00f3 Vidal i Barraquer\" \/>\n<meta property=\"article:modified_time\" content=\"2024-11-07T15:24:15+00:00\" \/>\n<meta property=\"og:image\" content=\"https:\/\/www.fvb.cat\/wp-content\/uploads\/2022\/01\/IMG_EN-JUEGO.jpg\" \/>\n\t<meta property=\"og:image:width\" content=\"700\" \/>\n\t<meta property=\"og:image:height\" content=\"700\" \/>\n\t<meta property=\"og:image:type\" content=\"image\/jpeg\" \/>\n<meta name=\"twitter:card\" content=\"summary_large_image\" \/>\n<script type=\"application\/ld+json\" class=\"yoast-schema-graph\">{\"@context\":\"https:\/\/schema.org\",\"@graph\":[{\"@type\":\"WebPage\",\"@id\":\"https:\/\/www.fvb.cat\/es\/producto\/en-juego\/\",\"url\":\"https:\/\/www.fvb.cat\/es\/producto\/en-juego\/\",\"name\":\"En juego. Teor\u00eda y t\u00e9cnica del juego en la pr\u00e1ctica cl\u00ednica actual - Fundaci\u00f3 Vidal i Barraquer\",\"isPartOf\":{\"@id\":\"https:\/\/www.fvb.cat\/es\/#website\"},\"primaryImageOfPage\":{\"@id\":\"https:\/\/www.fvb.cat\/es\/producto\/en-juego\/#primaryimage\"},\"image\":{\"@id\":\"https:\/\/www.fvb.cat\/es\/producto\/en-juego\/#primaryimage\"},\"thumbnailUrl\":\"https:\/\/www.fvb.cat\/wp-content\/uploads\/2022\/01\/IMG_EN-JUEGO.jpg\",\"datePublished\":\"2022-01-18T19:34:59+00:00\",\"dateModified\":\"2024-11-07T15:24:15+00:00\",\"breadcrumb\":{\"@id\":\"https:\/\/www.fvb.cat\/es\/producto\/en-juego\/#breadcrumb\"},\"inLanguage\":\"ca\",\"potentialAction\":[{\"@type\":\"ReadAction\",\"target\":[\"https:\/\/www.fvb.cat\/es\/producto\/en-juego\/\"]}]},{\"@type\":\"ImageObject\",\"inLanguage\":\"ca\",\"@id\":\"https:\/\/www.fvb.cat\/es\/producto\/en-juego\/#primaryimage\",\"url\":\"https:\/\/www.fvb.cat\/wp-content\/uploads\/2022\/01\/IMG_EN-JUEGO.jpg\",\"contentUrl\":\"https:\/\/www.fvb.cat\/wp-content\/uploads\/2022\/01\/IMG_EN-JUEGO.jpg\",\"width\":700,\"height\":700},{\"@type\":\"BreadcrumbList\",\"@id\":\"https:\/\/www.fvb.cat\/es\/producto\/en-juego\/#breadcrumb\",\"itemListElement\":[{\"@type\":\"ListItem\",\"position\":1,\"name\":\"Inici\",\"item\":\"https:\/\/www.fvb.cat\/es\/\"},{\"@type\":\"ListItem\",\"position\":2,\"name\":\"Botiga\",\"item\":\"https:\/\/www.fvb.cat\/es\/botiga\/\"},{\"@type\":\"ListItem\",\"position\":3,\"name\":\"En juego. Teor\u00eda y t\u00e9cnica del juego en la pr\u00e1ctica cl\u00ednica actual\"}]},{\"@type\":\"WebSite\",\"@id\":\"https:\/\/www.fvb.cat\/es\/#website\",\"url\":\"https:\/\/www.fvb.cat\/es\/\",\"name\":\"Fundaci\u00f3 Vidal i Barraquer\",\"description\":\"Assist\u00e8ncia, doc\u00e8ncia i recerca en la salut mental\",\"publisher\":{\"@id\":\"https:\/\/www.fvb.cat\/es\/#organization\"},\"potentialAction\":[{\"@type\":\"SearchAction\",\"target\":{\"@type\":\"EntryPoint\",\"urlTemplate\":\"https:\/\/www.fvb.cat\/es\/?s={search_term_string}\"},\"query-input\":\"required name=search_term_string\"}],\"inLanguage\":\"ca\"},{\"@type\":\"Organization\",\"@id\":\"https:\/\/www.fvb.cat\/es\/#organization\",\"name\":\"Fundaci\u00f3 Vidal i Barraquer\",\"url\":\"https:\/\/www.fvb.cat\/es\/\",\"logo\":{\"@type\":\"ImageObject\",\"inLanguage\":\"ca\",\"@id\":\"https:\/\/www.fvb.cat\/es\/#\/schema\/logo\/image\/\",\"url\":\"https:\/\/www.fvb.cat\/wp-content\/uploads\/2024\/05\/logo-vidal-i-barrauqer-60-aniversari.jpg\",\"contentUrl\":\"https:\/\/www.fvb.cat\/wp-content\/uploads\/2024\/05\/logo-vidal-i-barrauqer-60-aniversari.jpg\",\"width\":2125,\"height\":703,\"caption\":\"Fundaci\u00f3 Vidal i Barraquer\"},\"image\":{\"@id\":\"https:\/\/www.fvb.cat\/es\/#\/schema\/logo\/image\/\"}}]}<\/script>\n<!-- \/ Yoast SEO plugin. -->","yoast_head_json":{"title":"En juego. Teor\u00eda y t\u00e9cnica del juego en la pr\u00e1ctica cl\u00ednica actual - Fundaci\u00f3 Vidal i Barraquer","robots":{"index":"index","follow":"follow","max-snippet":"max-snippet:-1","max-image-preview":"max-image-preview:large","max-video-preview":"max-video-preview:-1"},"canonical":"https:\/\/www.fvb.cat\/es\/producto\/en-juego\/","og_locale":"ca_ES","og_type":"article","og_title":"En juego. Teor\u00eda y t\u00e9cnica del juego en la pr\u00e1ctica cl\u00ednica actual - Fundaci\u00f3 Vidal i Barraquer","og_description":"[:ca]FITXA Tipus de producte: Estudi Editorial: Herder Editorial Idioma:\u00a0Castell\u00e0 N\u00famero de p\u00e0gines: 408  SINOPSI  Aquesta obra pret\u00e9n posar en valor el joc i estimular el seu us en el treball amb els nens, que jugant encoratgen aquesta capacitat en els professionals i els permet a tots seguir aprenent mentre es posen, una vegada i una altra, \u00aben joc\u00bb.  El joc, per als nens, \u00e9s un mitj\u00e0 privilegiat d'expressi\u00f3, el que el converteix en una valuosa eina diagn\u00f2stica i, donat el seu potencial transformador, en instrument terap\u00e8utic.  Aquest llibre ofereix una visi\u00f3 actualitzada del us del joc en el treball cl\u00ednic. S'exposen les condicions b\u00e0siques per al desenvolupament de les sessions de joc, diagn\u00f2stiques o psicoterap\u00e8utiques. Mostra, amb abundants exemples, els camins que segueix el joc en nens sense dificultats i els punts d'inflexi\u00f3 que poden generar problemes psicopatol\u00f2gics. La psicologia evolutiva, interrelacionant-la amb models psicoanal\u00edtics del desenvolupament, dona suport a les observacions.  Els autors fan una reflexi\u00f3 sobre el progr\u00e9s del joc i les joguines, mostrant la continu\u00eftat hist\u00f2rica i les seves vicissituds, fins als actuals joguets tecnol\u00f2gics. Es dona una visi\u00f3 de les diferents perspectives psicoanal\u00edtiques sobre el joc, incorporant tamb\u00e9 una mirada des de la teoria sist\u00e8mica-constructivista i des de la pr\u00e0ctica de l'artter\u00e0pia.[:es]FICHA Tipo de producto: Estudio Editorial: Herder Editorial Idioma:\u00a0Castellano N\u00famero de p\u00e1ginas: 408  SINOPSIS  Esta obra pretende poner en valor el juego y estimular su uso en el trabajo con los ni\u00f1os, quienes jugando alientan esa capacidad en los profesionales y les permite a todos seguir aprendiendo mientras se ponen, una y otra vez, \u00aben juego\u00bb.  El juego, para los ni\u00f1os, es un medio privilegiado de expresi\u00f3n, lo que lo convierte en una valiosa herramienta diagn\u00f3stica y, dado su potencial transformador, en instrumento terap\u00e9utico.  Este libro ofrece una visi\u00f3n actualizada del uso del juego en el trabajo cl\u00ednico. Se exponen las condiciones b\u00e1sicas para el desarrollo de las sesiones de juego, diagn\u00f3sticas o psicoterap\u00e9uticas. Muestra, con abundantes ejemplos, los caminos que sigue el juego en ni\u00f1os sin dificultades y los puntos de inflexi\u00f3n que pueden generar problemas psicopatol\u00f3gicos. La psicolog\u00eda evolutiva, interrelacion\u00e1ndola con modelos psicoanal\u00edticos del desarrollo, apoya las observaciones.  Los autores hacen una reflexi\u00f3n sobre el progreso del juego y los juguetes, mostrando la continuidad hist\u00f3rica y sus vicisitudes, hasta los actuales juguetes tecnol\u00f3gicos. Se aporta una visi\u00f3n de las diferentes perspectivas psicoanal\u00edticas sobre el juego, incorporando tambi\u00e9n una mirada desde la teor\u00eda sist\u00e9mica-constructivista y desde la pr\u00e1ctica de la arteterapia.[:]","og_url":"https:\/\/www.fvb.cat\/es\/producto\/en-juego\/","og_site_name":"Fundaci\u00f3 Vidal i Barraquer","article_modified_time":"2024-11-07T15:24:15+00:00","og_image":[{"width":700,"height":700,"url":"https:\/\/www.fvb.cat\/wp-content\/uploads\/2022\/01\/IMG_EN-JUEGO.jpg","type":"image\/jpeg"}],"twitter_card":"summary_large_image","schema":{"@context":"https:\/\/schema.org","@graph":[{"@type":"WebPage","@id":"https:\/\/www.fvb.cat\/es\/producto\/en-juego\/","url":"https:\/\/www.fvb.cat\/es\/producto\/en-juego\/","name":"En juego. Teor\u00eda y t\u00e9cnica del juego en la pr\u00e1ctica cl\u00ednica actual - Fundaci\u00f3 Vidal i Barraquer","isPartOf":{"@id":"https:\/\/www.fvb.cat\/es\/#website"},"primaryImageOfPage":{"@id":"https:\/\/www.fvb.cat\/es\/producto\/en-juego\/#primaryimage"},"image":{"@id":"https:\/\/www.fvb.cat\/es\/producto\/en-juego\/#primaryimage"},"thumbnailUrl":"https:\/\/www.fvb.cat\/wp-content\/uploads\/2022\/01\/IMG_EN-JUEGO.jpg","datePublished":"2022-01-18T19:34:59+00:00","dateModified":"2024-11-07T15:24:15+00:00","breadcrumb":{"@id":"https:\/\/www.fvb.cat\/es\/producto\/en-juego\/#breadcrumb"},"inLanguage":"ca","potentialAction":[{"@type":"ReadAction","target":["https:\/\/www.fvb.cat\/es\/producto\/en-juego\/"]}]},{"@type":"ImageObject","inLanguage":"ca","@id":"https:\/\/www.fvb.cat\/es\/producto\/en-juego\/#primaryimage","url":"https:\/\/www.fvb.cat\/wp-content\/uploads\/2022\/01\/IMG_EN-JUEGO.jpg","contentUrl":"https:\/\/www.fvb.cat\/wp-content\/uploads\/2022\/01\/IMG_EN-JUEGO.jpg","width":700,"height":700},{"@type":"BreadcrumbList","@id":"https:\/\/www.fvb.cat\/es\/producto\/en-juego\/#breadcrumb","itemListElement":[{"@type":"ListItem","position":1,"name":"Inici","item":"https:\/\/www.fvb.cat\/es\/"},{"@type":"ListItem","position":2,"name":"Botiga","item":"https:\/\/www.fvb.cat\/es\/botiga\/"},{"@type":"ListItem","position":3,"name":"En juego. Teor\u00eda y t\u00e9cnica del juego en la pr\u00e1ctica cl\u00ednica actual"}]},{"@type":"WebSite","@id":"https:\/\/www.fvb.cat\/es\/#website","url":"https:\/\/www.fvb.cat\/es\/","name":"Fundaci\u00f3 Vidal i Barraquer","description":"Assist\u00e8ncia, doc\u00e8ncia i recerca en la salut mental","publisher":{"@id":"https:\/\/www.fvb.cat\/es\/#organization"},"potentialAction":[{"@type":"SearchAction","target":{"@type":"EntryPoint","urlTemplate":"https:\/\/www.fvb.cat\/es\/?s={search_term_string}"},"query-input":"required name=search_term_string"}],"inLanguage":"ca"},{"@type":"Organization","@id":"https:\/\/www.fvb.cat\/es\/#organization","name":"Fundaci\u00f3 Vidal i Barraquer","url":"https:\/\/www.fvb.cat\/es\/","logo":{"@type":"ImageObject","inLanguage":"ca","@id":"https:\/\/www.fvb.cat\/es\/#\/schema\/logo\/image\/","url":"https:\/\/www.fvb.cat\/wp-content\/uploads\/2024\/05\/logo-vidal-i-barrauqer-60-aniversari.jpg","contentUrl":"https:\/\/www.fvb.cat\/wp-content\/uploads\/2024\/05\/logo-vidal-i-barrauqer-60-aniversari.jpg","width":2125,"height":703,"caption":"Fundaci\u00f3 Vidal i Barraquer"},"image":{"@id":"https:\/\/www.fvb.cat\/es\/#\/schema\/logo\/image\/"}}]}},"_links":{"self":[{"href":"https:\/\/www.fvb.cat\/ca\/wp-json\/wp\/v2\/product\/10431"}],"collection":[{"href":"https:\/\/www.fvb.cat\/ca\/wp-json\/wp\/v2\/product"}],"about":[{"href":"https:\/\/www.fvb.cat\/ca\/wp-json\/wp\/v2\/types\/product"}],"wp:featuredmedia":[{"embeddable":true,"href":"https:\/\/www.fvb.cat\/ca\/wp-json\/wp\/v2\/media\/16374"}],"wp:attachment":[{"href":"https:\/\/www.fvb.cat\/ca\/wp-json\/wp\/v2\/media?parent=10431"}],"wp:term":[{"taxonomy":"product_cat","embeddable":true,"href":"https:\/\/www.fvb.cat\/ca\/wp-json\/wp\/v2\/product_cat?post=10431"},{"taxonomy":"product_tag","embeddable":true,"href":"https:\/\/www.fvb.cat\/ca\/wp-json\/wp\/v2\/product_tag?post=10431"}],"curies":[{"name":"wp","href":"https:\/\/api.w.org\/{rel}","templated":true}]}}