{"id":10087,"date":"2021-07-06T15:37:26","date_gmt":"2021-07-06T14:37:26","guid":{"rendered":"http:\/\/www.fvb.cat\/es\/?post_type=product&#038;p=10087"},"modified":"2024-11-07T16:24:57","modified_gmt":"2024-11-07T15:24:57","slug":"tecnica-psicoterapia-analitica-grupal","status":"publish","type":"product","link":"https:\/\/www.fvb.cat\/ca\/producte\/psicoterapia-grupal\/","title":{"rendered":"T\u00e9cnica en Psicoterapia Anal\u00edtica Grupal"},"content":{"rendered":"","protected":false},"excerpt":{"rendered":"<p><strong>FITXA<\/strong><br \/>\nTipus de producte: Estudi<br \/>\nEditorial: Herder Editorial<br \/>\nIdioma:\u00a0Castell\u00e0<br \/>\nN\u00famero de p\u00e0gines: 279<\/p>\n<p><strong>SINOPSI<\/strong><\/p>\n<p>El tema principal d&#8217;aquest llibre \u00e9s la t\u00e8cnica en psicoter\u00e0pia anal\u00edtica grupal. L&#8217;autor exposa, des de la seva experi\u00e8ncia i en el marc de l&#8217;assist\u00e8ncia p\u00fablica en adults, com ha hagut de repensar i incorporar a la pr\u00e0ctica el que va aprendre en la seva formaci\u00f3 acad\u00e8mica com a conductor de grups. Escrit en un estil rigor\u00f3s, directe i am\u00e8, t\u00e9 la intenci\u00f3 de establir un di\u00e0leg amb el lector, a qui es dirigeix en unes ocasions com a terapeuta i en d&#8217;altres com a pacient. Ambdues perspectives son inseparables, i no poden perdre&#8217;s mai de vista en la pr\u00e0ctica cl\u00ednica. Aquesta obra pret\u00e9n acompanyar i estimular la reflexi\u00f3 en aquells professionals que s&#8217;interessen per la ter\u00e0pia grupal en la assist\u00e8ncia p\u00fablica de la salut mental.\u00a0L&#8217;autor recull el consens te\u00f2ric d&#8217;alguns autors de refer\u00e8ncia i comparteix sobre tot la seva\u00a0experi\u00e8ncia.\u00a0 Mostra les seves fites, fracassos, reflexions i dubtes, en el seu proc\u00e9s d&#8217;adaptaci\u00f3 i continuo aprenentatge en la cl\u00ednica i la realitat assistencial.<\/p>\n","protected":false},"featured_media":16375,"template":"","meta":[],"product_cat":[57],"product_tag":[272,271,75,273],"yoast_head":"<!-- This site is optimized with the Yoast SEO plugin v22.6 - https:\/\/yoast.com\/wordpress\/plugins\/seo\/ -->\n<title>T\u00e9cnica en Psicoterapia Anal\u00edtica Grupal - Fundaci\u00f3 Vidal i Barraquer<\/title>\n<meta name=\"robots\" content=\"index, follow, max-snippet:-1, max-image-preview:large, max-video-preview:-1\" \/>\n<link rel=\"canonical\" href=\"https:\/\/www.fvb.cat\/es\/producto\/psicoterapia-grupal\/\" \/>\n<meta property=\"og:locale\" content=\"ca_ES\" \/>\n<meta property=\"og:type\" content=\"article\" \/>\n<meta property=\"og:title\" content=\"T\u00e9cnica en Psicoterapia Anal\u00edtica Grupal - Fundaci\u00f3 Vidal i Barraquer\" \/>\n<meta property=\"og:description\" content=\"[:ca]FITXA Tipus de producte: Estudi Editorial: Herder Editorial Idioma:\u00a0Castell\u00e0 N\u00famero de p\u00e0gines: 279  SINOPSI  El tema principal d&#039;aquest llibre \u00e9s la t\u00e8cnica en psicoter\u00e0pia anal\u00edtica grupal. L&#039;autor exposa, des de la seva experi\u00e8ncia i en el marc de l&#039;assist\u00e8ncia p\u00fablica en adults, com ha hagut de repensar i incorporar a la pr\u00e0ctica el que va aprendre en la seva formaci\u00f3 acad\u00e8mica com a conductor de grups. Escrit en un estil rigor\u00f3s, directe i am\u00e8, t\u00e9 la intenci\u00f3 de establir un di\u00e0leg amb el lector, a qui es dirigeix en unes ocasions com a terapeuta i en d&#039;altres com a pacient. Ambdues perspectives son inseparables, i no poden perdre&#039;s mai de vista en la pr\u00e0ctica cl\u00ednica. Aquesta obra pret\u00e9n acompanyar i estimular la reflexi\u00f3 en aquells professionals que s&#039;interessen per la ter\u00e0pia grupal en la assist\u00e8ncia p\u00fablica de la salut mental.\u00a0L&#039;autor recull el consens te\u00f2ric d&#039;alguns autors de refer\u00e8ncia i comparteix sobre tot la seva\u00a0experi\u00e8ncia.\u00a0 Mostra les seves fites, fracassos, reflexions i dubtes, en el seu proc\u00e9s d&#039;adaptaci\u00f3 i continuo aprenentatge en la cl\u00ednica i la realitat assistencial.[:es]FICHA Tipo de producto: Estudio Editorial: Herder Editorial Idioma:\u00a0Castellano N\u00famero de p\u00e1ginas: 279  SINOPSIS  El tema principal de este libro es la t\u00e9cnica en psicoterapia anal\u00edtica grupal. Su autor expone, desde su experiencia y en el marco de la asistencia p\u00fablica en adultos, c\u00f3mo ha tenido que repensar e incorporar a la pr\u00e1ctica lo que aprendi\u00f3 en su formaci\u00f3n acad\u00e9mica como conductor de grupos. Escrito en un estilo riguroso, directo y ameno, tiene la intenci\u00f3n de establecer un di\u00e1logo con el lector, al cual se dirige en unas ocasiones como terapeuta y en otras como paciente. Ambas perspectivas son inseparables, y no pueden perderse nunca de vista en la pr\u00e1ctica cl\u00ednica.Esta obra pretende acompa\u00f1ar y estimular la reflexi\u00f3n en aquellos profesionales que se interesan por la terapia grupal en la asistencia p\u00fablica de la salud mental. Para ello, el autor recoge el consenso te\u00f3rico de algunos autores de referencia y comparte sobre todo su experiencia.\u00a0 Muestra sus logros, fracasos, reflexiones y dudas, en su proceso de adaptaci\u00f3n y cont\u00ednuo aprendizaje en la cl\u00ednica y la realidad asistencial.[:]\" \/>\n<meta property=\"og:url\" content=\"https:\/\/www.fvb.cat\/es\/producto\/psicoterapia-grupal\/\" \/>\n<meta property=\"og:site_name\" content=\"Fundaci\u00f3 Vidal i Barraquer\" \/>\n<meta property=\"article:modified_time\" content=\"2024-11-07T15:24:57+00:00\" \/>\n<meta property=\"og:image\" content=\"https:\/\/www.fvb.cat\/wp-content\/uploads\/2021\/07\/IMG_TECNICA-EN-PSICOTERAPIA-ANALITICA-GRUPAL.jpg\" \/>\n\t<meta property=\"og:image:width\" content=\"700\" \/>\n\t<meta property=\"og:image:height\" content=\"700\" \/>\n\t<meta property=\"og:image:type\" content=\"image\/jpeg\" \/>\n<meta name=\"twitter:card\" content=\"summary_large_image\" \/>\n<meta name=\"twitter:label1\" content=\"Temps estimat de lectura\" \/>\n\t<meta name=\"twitter:data1\" content=\"1 minut\" \/>\n<script type=\"application\/ld+json\" class=\"yoast-schema-graph\">{\"@context\":\"https:\/\/schema.org\",\"@graph\":[{\"@type\":\"WebPage\",\"@id\":\"https:\/\/www.fvb.cat\/es\/producto\/psicoterapia-grupal\/\",\"url\":\"https:\/\/www.fvb.cat\/es\/producto\/psicoterapia-grupal\/\",\"name\":\"T\u00e9cnica en Psicoterapia Anal\u00edtica Grupal - Fundaci\u00f3 Vidal i Barraquer\",\"isPartOf\":{\"@id\":\"https:\/\/www.fvb.cat\/es\/#website\"},\"primaryImageOfPage\":{\"@id\":\"https:\/\/www.fvb.cat\/es\/producto\/psicoterapia-grupal\/#primaryimage\"},\"image\":{\"@id\":\"https:\/\/www.fvb.cat\/es\/producto\/psicoterapia-grupal\/#primaryimage\"},\"thumbnailUrl\":\"https:\/\/www.fvb.cat\/wp-content\/uploads\/2021\/07\/IMG_TECNICA-EN-PSICOTERAPIA-ANALITICA-GRUPAL.jpg\",\"datePublished\":\"2021-07-06T14:37:26+00:00\",\"dateModified\":\"2024-11-07T15:24:57+00:00\",\"breadcrumb\":{\"@id\":\"https:\/\/www.fvb.cat\/es\/producto\/psicoterapia-grupal\/#breadcrumb\"},\"inLanguage\":\"ca\",\"potentialAction\":[{\"@type\":\"ReadAction\",\"target\":[\"https:\/\/www.fvb.cat\/es\/producto\/psicoterapia-grupal\/\"]}]},{\"@type\":\"ImageObject\",\"inLanguage\":\"ca\",\"@id\":\"https:\/\/www.fvb.cat\/es\/producto\/psicoterapia-grupal\/#primaryimage\",\"url\":\"https:\/\/www.fvb.cat\/wp-content\/uploads\/2021\/07\/IMG_TECNICA-EN-PSICOTERAPIA-ANALITICA-GRUPAL.jpg\",\"contentUrl\":\"https:\/\/www.fvb.cat\/wp-content\/uploads\/2021\/07\/IMG_TECNICA-EN-PSICOTERAPIA-ANALITICA-GRUPAL.jpg\",\"width\":700,\"height\":700},{\"@type\":\"BreadcrumbList\",\"@id\":\"https:\/\/www.fvb.cat\/es\/producto\/psicoterapia-grupal\/#breadcrumb\",\"itemListElement\":[{\"@type\":\"ListItem\",\"position\":1,\"name\":\"Inici\",\"item\":\"https:\/\/www.fvb.cat\/es\/\"},{\"@type\":\"ListItem\",\"position\":2,\"name\":\"Botiga\",\"item\":\"https:\/\/www.fvb.cat\/es\/botiga\/\"},{\"@type\":\"ListItem\",\"position\":3,\"name\":\"T\u00e9cnica en Psicoterapia Anal\u00edtica Grupal\"}]},{\"@type\":\"WebSite\",\"@id\":\"https:\/\/www.fvb.cat\/es\/#website\",\"url\":\"https:\/\/www.fvb.cat\/es\/\",\"name\":\"Fundaci\u00f3 Vidal i Barraquer\",\"description\":\"Assist\u00e8ncia, doc\u00e8ncia i recerca en la salut mental\",\"publisher\":{\"@id\":\"https:\/\/www.fvb.cat\/es\/#organization\"},\"potentialAction\":[{\"@type\":\"SearchAction\",\"target\":{\"@type\":\"EntryPoint\",\"urlTemplate\":\"https:\/\/www.fvb.cat\/es\/?s={search_term_string}\"},\"query-input\":\"required name=search_term_string\"}],\"inLanguage\":\"ca\"},{\"@type\":\"Organization\",\"@id\":\"https:\/\/www.fvb.cat\/es\/#organization\",\"name\":\"Fundaci\u00f3 Vidal i Barraquer\",\"url\":\"https:\/\/www.fvb.cat\/es\/\",\"logo\":{\"@type\":\"ImageObject\",\"inLanguage\":\"ca\",\"@id\":\"https:\/\/www.fvb.cat\/es\/#\/schema\/logo\/image\/\",\"url\":\"https:\/\/www.fvb.cat\/wp-content\/uploads\/2024\/05\/logo-vidal-i-barrauqer-60-aniversari.jpg\",\"contentUrl\":\"https:\/\/www.fvb.cat\/wp-content\/uploads\/2024\/05\/logo-vidal-i-barrauqer-60-aniversari.jpg\",\"width\":2125,\"height\":703,\"caption\":\"Fundaci\u00f3 Vidal i Barraquer\"},\"image\":{\"@id\":\"https:\/\/www.fvb.cat\/es\/#\/schema\/logo\/image\/\"}}]}<\/script>\n<!-- \/ Yoast SEO plugin. -->","yoast_head_json":{"title":"T\u00e9cnica en Psicoterapia Anal\u00edtica Grupal - Fundaci\u00f3 Vidal i Barraquer","robots":{"index":"index","follow":"follow","max-snippet":"max-snippet:-1","max-image-preview":"max-image-preview:large","max-video-preview":"max-video-preview:-1"},"canonical":"https:\/\/www.fvb.cat\/es\/producto\/psicoterapia-grupal\/","og_locale":"ca_ES","og_type":"article","og_title":"T\u00e9cnica en Psicoterapia Anal\u00edtica Grupal - Fundaci\u00f3 Vidal i Barraquer","og_description":"[:ca]FITXA Tipus de producte: Estudi Editorial: Herder Editorial Idioma:\u00a0Castell\u00e0 N\u00famero de p\u00e0gines: 279  SINOPSI  El tema principal d'aquest llibre \u00e9s la t\u00e8cnica en psicoter\u00e0pia anal\u00edtica grupal. L'autor exposa, des de la seva experi\u00e8ncia i en el marc de l'assist\u00e8ncia p\u00fablica en adults, com ha hagut de repensar i incorporar a la pr\u00e0ctica el que va aprendre en la seva formaci\u00f3 acad\u00e8mica com a conductor de grups. Escrit en un estil rigor\u00f3s, directe i am\u00e8, t\u00e9 la intenci\u00f3 de establir un di\u00e0leg amb el lector, a qui es dirigeix en unes ocasions com a terapeuta i en d'altres com a pacient. Ambdues perspectives son inseparables, i no poden perdre's mai de vista en la pr\u00e0ctica cl\u00ednica. Aquesta obra pret\u00e9n acompanyar i estimular la reflexi\u00f3 en aquells professionals que s'interessen per la ter\u00e0pia grupal en la assist\u00e8ncia p\u00fablica de la salut mental.\u00a0L'autor recull el consens te\u00f2ric d'alguns autors de refer\u00e8ncia i comparteix sobre tot la seva\u00a0experi\u00e8ncia.\u00a0 Mostra les seves fites, fracassos, reflexions i dubtes, en el seu proc\u00e9s d'adaptaci\u00f3 i continuo aprenentatge en la cl\u00ednica i la realitat assistencial.[:es]FICHA Tipo de producto: Estudio Editorial: Herder Editorial Idioma:\u00a0Castellano N\u00famero de p\u00e1ginas: 279  SINOPSIS  El tema principal de este libro es la t\u00e9cnica en psicoterapia anal\u00edtica grupal. Su autor expone, desde su experiencia y en el marco de la asistencia p\u00fablica en adultos, c\u00f3mo ha tenido que repensar e incorporar a la pr\u00e1ctica lo que aprendi\u00f3 en su formaci\u00f3n acad\u00e9mica como conductor de grupos. Escrito en un estilo riguroso, directo y ameno, tiene la intenci\u00f3n de establecer un di\u00e1logo con el lector, al cual se dirige en unas ocasiones como terapeuta y en otras como paciente. Ambas perspectivas son inseparables, y no pueden perderse nunca de vista en la pr\u00e1ctica cl\u00ednica.Esta obra pretende acompa\u00f1ar y estimular la reflexi\u00f3n en aquellos profesionales que se interesan por la terapia grupal en la asistencia p\u00fablica de la salud mental. Para ello, el autor recoge el consenso te\u00f3rico de algunos autores de referencia y comparte sobre todo su experiencia.\u00a0 Muestra sus logros, fracasos, reflexiones y dudas, en su proceso de adaptaci\u00f3n y cont\u00ednuo aprendizaje en la cl\u00ednica y la realidad asistencial.[:]","og_url":"https:\/\/www.fvb.cat\/es\/producto\/psicoterapia-grupal\/","og_site_name":"Fundaci\u00f3 Vidal i Barraquer","article_modified_time":"2024-11-07T15:24:57+00:00","og_image":[{"width":700,"height":700,"url":"https:\/\/www.fvb.cat\/wp-content\/uploads\/2021\/07\/IMG_TECNICA-EN-PSICOTERAPIA-ANALITICA-GRUPAL.jpg","type":"image\/jpeg"}],"twitter_card":"summary_large_image","twitter_misc":{"Temps estimat de lectura":"1 minut"},"schema":{"@context":"https:\/\/schema.org","@graph":[{"@type":"WebPage","@id":"https:\/\/www.fvb.cat\/es\/producto\/psicoterapia-grupal\/","url":"https:\/\/www.fvb.cat\/es\/producto\/psicoterapia-grupal\/","name":"T\u00e9cnica en Psicoterapia Anal\u00edtica Grupal - Fundaci\u00f3 Vidal i Barraquer","isPartOf":{"@id":"https:\/\/www.fvb.cat\/es\/#website"},"primaryImageOfPage":{"@id":"https:\/\/www.fvb.cat\/es\/producto\/psicoterapia-grupal\/#primaryimage"},"image":{"@id":"https:\/\/www.fvb.cat\/es\/producto\/psicoterapia-grupal\/#primaryimage"},"thumbnailUrl":"https:\/\/www.fvb.cat\/wp-content\/uploads\/2021\/07\/IMG_TECNICA-EN-PSICOTERAPIA-ANALITICA-GRUPAL.jpg","datePublished":"2021-07-06T14:37:26+00:00","dateModified":"2024-11-07T15:24:57+00:00","breadcrumb":{"@id":"https:\/\/www.fvb.cat\/es\/producto\/psicoterapia-grupal\/#breadcrumb"},"inLanguage":"ca","potentialAction":[{"@type":"ReadAction","target":["https:\/\/www.fvb.cat\/es\/producto\/psicoterapia-grupal\/"]}]},{"@type":"ImageObject","inLanguage":"ca","@id":"https:\/\/www.fvb.cat\/es\/producto\/psicoterapia-grupal\/#primaryimage","url":"https:\/\/www.fvb.cat\/wp-content\/uploads\/2021\/07\/IMG_TECNICA-EN-PSICOTERAPIA-ANALITICA-GRUPAL.jpg","contentUrl":"https:\/\/www.fvb.cat\/wp-content\/uploads\/2021\/07\/IMG_TECNICA-EN-PSICOTERAPIA-ANALITICA-GRUPAL.jpg","width":700,"height":700},{"@type":"BreadcrumbList","@id":"https:\/\/www.fvb.cat\/es\/producto\/psicoterapia-grupal\/#breadcrumb","itemListElement":[{"@type":"ListItem","position":1,"name":"Inici","item":"https:\/\/www.fvb.cat\/es\/"},{"@type":"ListItem","position":2,"name":"Botiga","item":"https:\/\/www.fvb.cat\/es\/botiga\/"},{"@type":"ListItem","position":3,"name":"T\u00e9cnica en Psicoterapia Anal\u00edtica Grupal"}]},{"@type":"WebSite","@id":"https:\/\/www.fvb.cat\/es\/#website","url":"https:\/\/www.fvb.cat\/es\/","name":"Fundaci\u00f3 Vidal i Barraquer","description":"Assist\u00e8ncia, doc\u00e8ncia i recerca en la salut mental","publisher":{"@id":"https:\/\/www.fvb.cat\/es\/#organization"},"potentialAction":[{"@type":"SearchAction","target":{"@type":"EntryPoint","urlTemplate":"https:\/\/www.fvb.cat\/es\/?s={search_term_string}"},"query-input":"required name=search_term_string"}],"inLanguage":"ca"},{"@type":"Organization","@id":"https:\/\/www.fvb.cat\/es\/#organization","name":"Fundaci\u00f3 Vidal i Barraquer","url":"https:\/\/www.fvb.cat\/es\/","logo":{"@type":"ImageObject","inLanguage":"ca","@id":"https:\/\/www.fvb.cat\/es\/#\/schema\/logo\/image\/","url":"https:\/\/www.fvb.cat\/wp-content\/uploads\/2024\/05\/logo-vidal-i-barrauqer-60-aniversari.jpg","contentUrl":"https:\/\/www.fvb.cat\/wp-content\/uploads\/2024\/05\/logo-vidal-i-barrauqer-60-aniversari.jpg","width":2125,"height":703,"caption":"Fundaci\u00f3 Vidal i Barraquer"},"image":{"@id":"https:\/\/www.fvb.cat\/es\/#\/schema\/logo\/image\/"}}]}},"_links":{"self":[{"href":"https:\/\/www.fvb.cat\/ca\/wp-json\/wp\/v2\/product\/10087"}],"collection":[{"href":"https:\/\/www.fvb.cat\/ca\/wp-json\/wp\/v2\/product"}],"about":[{"href":"https:\/\/www.fvb.cat\/ca\/wp-json\/wp\/v2\/types\/product"}],"wp:featuredmedia":[{"embeddable":true,"href":"https:\/\/www.fvb.cat\/ca\/wp-json\/wp\/v2\/media\/16375"}],"wp:attachment":[{"href":"https:\/\/www.fvb.cat\/ca\/wp-json\/wp\/v2\/media?parent=10087"}],"wp:term":[{"taxonomy":"product_cat","embeddable":true,"href":"https:\/\/www.fvb.cat\/ca\/wp-json\/wp\/v2\/product_cat?post=10087"},{"taxonomy":"product_tag","embeddable":true,"href":"https:\/\/www.fvb.cat\/ca\/wp-json\/wp\/v2\/product_tag?post=10087"}],"curies":[{"name":"wp","href":"https:\/\/api.w.org\/{rel}","templated":true}]}}