{"id":8455,"date":"2019-05-07T13:29:56","date_gmt":"2019-05-07T12:29:56","guid":{"rendered":"http:\/\/www.fvb.cat\/?page_id=8455"},"modified":"2025-01-02T12:08:39","modified_gmt":"2025-01-02T11:08:39","slug":"hospital-santa-coloma-2","status":"publish","type":"page","link":"https:\/\/www.fvb.cat\/ca\/assistencia-publica\/ecid-2\/","title":{"rendered":"ECID"},"content":{"rendered":"<section class=\"l-section wpb_row height_medium\"><div class=\"l-section-h i-cf\"><div class=\"g-cols type_default valign_top\"><div class=\"vc_col-sm-8 wpb_column vc_column_container\"><div class=\"vc_column-inner\"><div class=\"wpb_wrapper\"><div class=\"wpb_text_column \"><div class=\"wpb_wrapper\">\n<h1><strong>ECID<\/strong> (Equip Cl\u00ednic d&#8217;Intervenci\u00f3 a Domicili)<\/h1>\n<\/div> <\/div> <div class=\"wpb_text_column \"><div class=\"wpb_wrapper\"><strong><span style=\"font-family: 'Segoe UI',sans-serif; color: #333333;\">Coordinadora:\u00a0Anna Oriol<\/span><\/strong><\/p>\n<p>&nbsp;<\/p>\n<h2>Qui som?<\/h2>\n<p>L\u2019ECID \u00e9s un projecte pilot, un equip assistencial concertat amb el CATSALUT en el cas de l\u2019ECID de Badalona i finan\u00e7at \u00edntegrament per la FUNDACI\u00d3\u00a0 NOU CIMS en el cas de l\u2019ECID de Santa Coloma.<\/p>\n<p>Aquest tipus de servei \u00e9s pioner a Catalunya i a la resta de l\u2019Estat Espanyol.<\/p>\n<p>L\u2019objectiu d\u2019aquest projecte \u00e9s oferir assist\u00e8ncia en Salut Mental a adolescents i les seves fam\u00edlies al domicili, al carrer, a l\u2019institut o all\u00e0 on l\u2019adolescent i la seva fam\u00edlia acceptin, amb un mirada expl\u00edcita en construir relacions de confian\u00e7a entre els adolescents i els professionals de l\u2019equip, basant-nos en el projecte AMBIT del Anna Freud National Centre for Children and Families de Londres.<\/p>\n<h2>A\u00a0qui atenem?<\/h2>\n<p>Adolescents de 12 a 18 anys d\u2019alt risc psicopatol\u00f2gic i alt risc d\u2019exclusi\u00f3 social que tenen greus dificultats per vincular-se amb serveis assistencials ordinaris. Parlem de nois i noies absentistes de la Xarxa de Salut Mental, de l\u2019Ensenyament Obligatori i\/o de qualsevol altre tipus de formaci\u00f3 o inserci\u00f3 laboral.<\/div> <\/div> [vc_empty_space]<div class=\"wpb_text_column \"><div class=\"wpb_wrapper\">\n<h2>Com ho fem?<\/h2>\n<\/div> <\/div> <div class=\"wpb_text_column \"><div class=\"wpb_wrapper\"><p>Prenem un paper molt actiu per anar a trobar als adolescents i les seves fam\u00edlies al domicili, al carrer, a l\u2019institut o all\u00ed on faci falta.Aquesta particularitat suposa un canvi significatiu en l\u2019organitzaci\u00f3 de l\u2019assist\u00e8ncia, ja que implica que els equips cl\u00ednics surtin dels despatxos i vagin a atendre els joves en entorns que aquests sentin com a segurs.Dit d\u2019una altra manera, des de l\u2019ECID ens plantegem: \u201cQu\u00e8 hem de canviar en la nostra pr\u00f2pia ment de professional, equip de Salut Mental, xarxa assistencial i sistema, per poder arribar a aquest perfil de joves que no esperen res de bo d\u2019una relaci\u00f3 amb un altre \u00e9sser hum\u00e0 i, encara menys, si \u00e9s una relaci\u00f3 amb un professional de la Salut Mental?\u201d<\/p><\/div> <\/div> <div class=\"wpb_text_column \"><div class=\"wpb_wrapper\">\n<h2>Qu\u00e8 \u00e9s AMBIT?<\/h2>\n<\/div> <\/div> <div class=\"wpb_text_column \"><div class=\"wpb_wrapper\"><p>AMBIT \u2013Adaptive Mentalization Based Integrative Treatment\u2013 (Bevington et. al., 2012, 2015 i 2017) \u00e9s un projecte assistencial centrat en el tractament basat en la Mentalitzaci\u00f3, per a equips que treballen amb joves d\u2019alt risc que presenten m\u00faltiples i complexes dificultats. AMBIT \u00e9s una aproximaci\u00f3 innovadora que integra les intervencions de Salut Mental, Educaci\u00f3 i Serveis Socials per oferir ajuda directa a aquests joves d\u2019alt risc.<\/p>\n<p>AMBIT va rebre el 2012 el premi \u201cInnovation Nation\u201d a la Innovaci\u00f3 en Col\u00b7laboraci\u00f3, atorgat per The Guardian &amp; Virgin Business Media al Regne Unit. A l\u2019octubre de 2014, Dickon Bevington (Director del projecte AMBIT) va ser nomenat un dels 50 millors innovadors en Salut al Regne Unit per la seva tasca al capdavant del projecte AMBIT.<\/p><\/div> <\/div> <\/div><\/div><\/div><div class=\"vc_col-sm-4 wpb_column vc_column_container has-fill\"><div class=\"vc_column-inner  vc_custom_1492678464530\"><div class=\"wpb_wrapper\"><div class=\"wpb_text_column \"><div class=\"wpb_wrapper\">\n<h5>Contacte<\/h5>\n<\/div> <\/div> [vc_empty_space height=&#8221;15px&#8221;]<div class=\"wpb_text_column \"><div class=\"wpb_wrapper\"><strong><span style=\"font-family: 'Segoe UI',sans-serif; color: #333333;\">ECID Badalona i Santa Coloma de Gramenet<\/span><\/strong><\/p>\n<p style=\"margin: 1.5rem; font-variant-ligatures: normal; font-variant-caps: normal; orphans: 2; text-align: start; widows: 2; -webkit-text-stroke-width: 0px; text-decoration-style: initial; text-decoration-color: initial; word-spacing: 0px;\"><span style=\"font-family: 'Segoe UI',sans-serif; color: #333333;\">Tel.\u00a0933803057<\/span><\/p>\n<p style=\"margin: 1.5rem; font-variant-ligatures: normal; font-variant-caps: normal; orphans: 2; text-align: start; widows: 2; -webkit-text-stroke-width: 0px; text-decoration-style: initial; text-decoration-color: initial; word-spacing: 0px;\"><span style=\"font-family: 'Segoe UI',sans-serif; color: #333333;\">ecid@fvb.cat<\/span><\/p>\n<p style=\"margin: 1.5rem; font-variant-ligatures: normal; font-variant-caps: normal; orphans: 2; text-align: start; widows: 2; -webkit-text-stroke-width: 0px; text-decoration-style: initial; text-decoration-color: initial; word-spacing: 0px;\"><span style=\"font-family: 'Segoe UI',sans-serif; color: #333333;\">Carrer Temple 15-19, 1a. planta 08911\u00a0Badalona<\/span><\/p>\n<\/div> <\/div> <div class=\"g-cols wpb_row type_default valign_top vc_inner  vc_custom_1735815990688\"><div class=\"vc_col-sm-12 wpb_column vc_column_container\"><div class=\"vc_column-inner\"><div class=\"wpb_wrapper\">[vc_empty_space]<div class=\"wpb_text_column \"><div class=\"wpb_wrapper\">\n<h4><strong>PROJECTES<\/strong><\/h4>\n<\/div> <\/div> <div class=\"wpb_text_column \"><div class=\"wpb_wrapper\"><a href=\"https:\/\/www.fvb.cat\/ca\/professors-en-ment-i-professionals-en-ment-pem\/\">Professors en Ment i Professionals en Ment (PEM)<\/a><\/div> <\/div> <\/div><\/div><\/div><\/div><\/div><\/div><\/div><\/div><\/div><\/section><section class=\"l-section wpb_row height_medium\" style=\"margin-top: -4rem !important;\"><div class=\"l-section-h i-cf\"><div class=\"g-cols type_default valign_top\"><div class=\"vc_col-sm-4 wpb_column vc_column_container\"><div class=\"vc_column-inner\"><div class=\"wpb_wrapper\"><div class=\"w-image align_center\"><div class=\"us-frame\"><img loading=\"lazy\" decoding=\"async\" width=\"1024\" height=\"768\" src=\"https:\/\/www.fvb.cat\/wp-content\/uploads\/2019\/05\/IMG_1680-1024x768.jpeg\" class=\"attachment-large size-large\" alt=\"\" srcset=\"https:\/\/www.fvb.cat\/wp-content\/uploads\/2019\/05\/IMG_1680-1024x768.jpeg 1024w, https:\/\/www.fvb.cat\/wp-content\/uploads\/2019\/05\/IMG_1680-600x450.jpeg 600w, https:\/\/www.fvb.cat\/wp-content\/uploads\/2019\/05\/IMG_1680-300x225.jpeg 300w, https:\/\/www.fvb.cat\/wp-content\/uploads\/2019\/05\/IMG_1680-768x576.jpeg 768w\" sizes=\"(max-width: 1024px) 100vw, 1024px\" \/><\/div><\/div><\/div><\/div><\/div><div class=\"vc_col-sm-4 wpb_column vc_column_container\"><div class=\"vc_column-inner\"><div class=\"wpb_wrapper\"><div class=\"w-image align_center\"><div class=\"us-frame\"><img loading=\"lazy\" decoding=\"async\" width=\"1024\" height=\"678\" src=\"https:\/\/www.fvb.cat\/wp-content\/uploads\/2019\/05\/ECID-DESEMBRE-2019-3-1024x678.jpg\" class=\"attachment-large size-large\" alt=\"\" srcset=\"https:\/\/www.fvb.cat\/wp-content\/uploads\/2019\/05\/ECID-DESEMBRE-2019-3-1024x678.jpg 1024w, https:\/\/www.fvb.cat\/wp-content\/uploads\/2019\/05\/ECID-DESEMBRE-2019-3-600x397.jpg 600w, https:\/\/www.fvb.cat\/wp-content\/uploads\/2019\/05\/ECID-DESEMBRE-2019-3-300x199.jpg 300w, https:\/\/www.fvb.cat\/wp-content\/uploads\/2019\/05\/ECID-DESEMBRE-2019-3-768x509.jpg 768w\" sizes=\"(max-width: 1024px) 100vw, 1024px\" \/><\/div><\/div><\/div><\/div><\/div><div class=\"vc_col-sm-4 wpb_column vc_column_container\"><div class=\"vc_column-inner\"><div class=\"wpb_wrapper\"><div class=\"w-image align_center\"><div class=\"us-frame\"><img loading=\"lazy\" decoding=\"async\" width=\"1024\" height=\"768\" src=\"https:\/\/www.fvb.cat\/wp-content\/uploads\/2019\/05\/IMG_1671-1024x768.jpeg\" class=\"attachment-large size-large\" alt=\"\" srcset=\"https:\/\/www.fvb.cat\/wp-content\/uploads\/2019\/05\/IMG_1671-1024x768.jpeg 1024w, https:\/\/www.fvb.cat\/wp-content\/uploads\/2019\/05\/IMG_1671-600x450.jpeg 600w, https:\/\/www.fvb.cat\/wp-content\/uploads\/2019\/05\/IMG_1671-300x225.jpeg 300w, https:\/\/www.fvb.cat\/wp-content\/uploads\/2019\/05\/IMG_1671-768x576.jpeg 768w\" sizes=\"(max-width: 1024px) 100vw, 1024px\" \/><\/div><\/div><\/div><\/div><\/div><\/div><\/div><\/section>","protected":false},"excerpt":{"rendered":"Fundaci\u00f3 Vidal i Barraquer Som una instituci\u00f3 creada l\u2019any 1964 i dedicada...","protected":false},"author":20,"featured_media":0,"parent":5872,"menu_order":0,"comment_status":"closed","ping_status":"closed","template":"","meta":{"footnotes":""},"yoast_head":"<!-- This site is optimized with the Yoast SEO plugin v22.6 - https:\/\/yoast.com\/wordpress\/plugins\/seo\/ -->\n<title>ECID - Fundaci\u00f3 Vidal i Barraquer<\/title>\n<meta name=\"robots\" content=\"index, follow, max-snippet:-1, max-image-preview:large, max-video-preview:-1\" \/>\n<link rel=\"canonical\" href=\"https:\/\/www.fvb.cat\/ca\/assistencia-publica\/ecid-2\/\" \/>\n<meta property=\"og:locale\" content=\"ca_ES\" \/>\n<meta property=\"og:type\" content=\"article\" \/>\n<meta property=\"og:title\" content=\"ECID - Fundaci\u00f3 Vidal i Barraquer\" \/>\n<meta property=\"og:url\" content=\"https:\/\/www.fvb.cat\/ca\/assistencia-publica\/ecid-2\/\" \/>\n<meta property=\"og:site_name\" content=\"Fundaci\u00f3 Vidal i Barraquer\" \/>\n<meta property=\"article:modified_time\" content=\"2025-01-02T11:08:39+00:00\" \/>\n<meta name=\"twitter:card\" content=\"summary_large_image\" \/>\n<meta name=\"twitter:label1\" content=\"Temps estimat de lectura\" \/>\n\t<meta name=\"twitter:data1\" content=\"3 minuts\" \/>\n<script type=\"application\/ld+json\" class=\"yoast-schema-graph\">{\"@context\":\"https:\/\/schema.org\",\"@graph\":[{\"@type\":\"WebPage\",\"@id\":\"https:\/\/www.fvb.cat\/ca\/assistencia-publica\/ecid-2\/\",\"url\":\"https:\/\/www.fvb.cat\/ca\/assistencia-publica\/ecid-2\/\",\"name\":\"ECID - Fundaci\u00f3 Vidal i Barraquer\",\"isPartOf\":{\"@id\":\"https:\/\/www.fvb.cat\/es\/#website\"},\"datePublished\":\"2019-05-07T12:29:56+00:00\",\"dateModified\":\"2025-01-02T11:08:39+00:00\",\"breadcrumb\":{\"@id\":\"https:\/\/www.fvb.cat\/ca\/assistencia-publica\/ecid-2\/#breadcrumb\"},\"inLanguage\":\"ca\",\"potentialAction\":[{\"@type\":\"ReadAction\",\"target\":[\"https:\/\/www.fvb.cat\/ca\/assistencia-publica\/ecid-2\/\"]}]},{\"@type\":\"BreadcrumbList\",\"@id\":\"https:\/\/www.fvb.cat\/ca\/assistencia-publica\/ecid-2\/#breadcrumb\",\"itemListElement\":[{\"@type\":\"ListItem\",\"position\":1,\"name\":\"Inici\",\"item\":\"https:\/\/www.fvb.cat\/es\/\"},{\"@type\":\"ListItem\",\"position\":2,\"name\":\"Assist\u00e8ncia P\u00fablica\",\"item\":\"https:\/\/www.fvb.cat\/ca\/assistencia-publica\/\"},{\"@type\":\"ListItem\",\"position\":3,\"name\":\"ECID\"}]},{\"@type\":\"WebSite\",\"@id\":\"https:\/\/www.fvb.cat\/es\/#website\",\"url\":\"https:\/\/www.fvb.cat\/es\/\",\"name\":\"Fundaci\u00f3 Vidal i Barraquer\",\"description\":\"Assist\u00e8ncia, doc\u00e8ncia i recerca en la salut mental\",\"publisher\":{\"@id\":\"https:\/\/www.fvb.cat\/es\/#organization\"},\"potentialAction\":[{\"@type\":\"SearchAction\",\"target\":{\"@type\":\"EntryPoint\",\"urlTemplate\":\"https:\/\/www.fvb.cat\/es\/?s={search_term_string}\"},\"query-input\":\"required name=search_term_string\"}],\"inLanguage\":\"ca\"},{\"@type\":\"Organization\",\"@id\":\"https:\/\/www.fvb.cat\/es\/#organization\",\"name\":\"Fundaci\u00f3 Vidal i Barraquer\",\"url\":\"https:\/\/www.fvb.cat\/es\/\",\"logo\":{\"@type\":\"ImageObject\",\"inLanguage\":\"ca\",\"@id\":\"https:\/\/www.fvb.cat\/es\/#\/schema\/logo\/image\/\",\"url\":\"https:\/\/www.fvb.cat\/wp-content\/uploads\/2024\/05\/logo-vidal-i-barrauqer-60-aniversari.jpg\",\"contentUrl\":\"https:\/\/www.fvb.cat\/wp-content\/uploads\/2024\/05\/logo-vidal-i-barrauqer-60-aniversari.jpg\",\"width\":2125,\"height\":703,\"caption\":\"Fundaci\u00f3 Vidal i Barraquer\"},\"image\":{\"@id\":\"https:\/\/www.fvb.cat\/es\/#\/schema\/logo\/image\/\"}}]}<\/script>\n<!-- \/ Yoast SEO plugin. -->","yoast_head_json":{"title":"ECID - Fundaci\u00f3 Vidal i Barraquer","robots":{"index":"index","follow":"follow","max-snippet":"max-snippet:-1","max-image-preview":"max-image-preview:large","max-video-preview":"max-video-preview:-1"},"canonical":"https:\/\/www.fvb.cat\/ca\/assistencia-publica\/ecid-2\/","og_locale":"ca_ES","og_type":"article","og_title":"ECID - Fundaci\u00f3 Vidal i Barraquer","og_url":"https:\/\/www.fvb.cat\/ca\/assistencia-publica\/ecid-2\/","og_site_name":"Fundaci\u00f3 Vidal i Barraquer","article_modified_time":"2025-01-02T11:08:39+00:00","twitter_card":"summary_large_image","twitter_misc":{"Temps estimat de lectura":"3 minuts"},"schema":{"@context":"https:\/\/schema.org","@graph":[{"@type":"WebPage","@id":"https:\/\/www.fvb.cat\/ca\/assistencia-publica\/ecid-2\/","url":"https:\/\/www.fvb.cat\/ca\/assistencia-publica\/ecid-2\/","name":"ECID - Fundaci\u00f3 Vidal i Barraquer","isPartOf":{"@id":"https:\/\/www.fvb.cat\/es\/#website"},"datePublished":"2019-05-07T12:29:56+00:00","dateModified":"2025-01-02T11:08:39+00:00","breadcrumb":{"@id":"https:\/\/www.fvb.cat\/ca\/assistencia-publica\/ecid-2\/#breadcrumb"},"inLanguage":"ca","potentialAction":[{"@type":"ReadAction","target":["https:\/\/www.fvb.cat\/ca\/assistencia-publica\/ecid-2\/"]}]},{"@type":"BreadcrumbList","@id":"https:\/\/www.fvb.cat\/ca\/assistencia-publica\/ecid-2\/#breadcrumb","itemListElement":[{"@type":"ListItem","position":1,"name":"Inici","item":"https:\/\/www.fvb.cat\/es\/"},{"@type":"ListItem","position":2,"name":"Assist\u00e8ncia P\u00fablica","item":"https:\/\/www.fvb.cat\/ca\/assistencia-publica\/"},{"@type":"ListItem","position":3,"name":"ECID"}]},{"@type":"WebSite","@id":"https:\/\/www.fvb.cat\/es\/#website","url":"https:\/\/www.fvb.cat\/es\/","name":"Fundaci\u00f3 Vidal i Barraquer","description":"Assist\u00e8ncia, doc\u00e8ncia i recerca en la salut mental","publisher":{"@id":"https:\/\/www.fvb.cat\/es\/#organization"},"potentialAction":[{"@type":"SearchAction","target":{"@type":"EntryPoint","urlTemplate":"https:\/\/www.fvb.cat\/es\/?s={search_term_string}"},"query-input":"required name=search_term_string"}],"inLanguage":"ca"},{"@type":"Organization","@id":"https:\/\/www.fvb.cat\/es\/#organization","name":"Fundaci\u00f3 Vidal i Barraquer","url":"https:\/\/www.fvb.cat\/es\/","logo":{"@type":"ImageObject","inLanguage":"ca","@id":"https:\/\/www.fvb.cat\/es\/#\/schema\/logo\/image\/","url":"https:\/\/www.fvb.cat\/wp-content\/uploads\/2024\/05\/logo-vidal-i-barrauqer-60-aniversari.jpg","contentUrl":"https:\/\/www.fvb.cat\/wp-content\/uploads\/2024\/05\/logo-vidal-i-barrauqer-60-aniversari.jpg","width":2125,"height":703,"caption":"Fundaci\u00f3 Vidal i Barraquer"},"image":{"@id":"https:\/\/www.fvb.cat\/es\/#\/schema\/logo\/image\/"}}]}},"_links":{"self":[{"href":"https:\/\/www.fvb.cat\/ca\/wp-json\/wp\/v2\/pages\/8455"}],"collection":[{"href":"https:\/\/www.fvb.cat\/ca\/wp-json\/wp\/v2\/pages"}],"about":[{"href":"https:\/\/www.fvb.cat\/ca\/wp-json\/wp\/v2\/types\/page"}],"author":[{"embeddable":true,"href":"https:\/\/www.fvb.cat\/ca\/wp-json\/wp\/v2\/users\/20"}],"replies":[{"embeddable":true,"href":"https:\/\/www.fvb.cat\/ca\/wp-json\/wp\/v2\/comments?post=8455"}],"version-history":[{"count":21,"href":"https:\/\/www.fvb.cat\/ca\/wp-json\/wp\/v2\/pages\/8455\/revisions"}],"predecessor-version":[{"id":16608,"href":"https:\/\/www.fvb.cat\/ca\/wp-json\/wp\/v2\/pages\/8455\/revisions\/16608"}],"up":[{"embeddable":true,"href":"https:\/\/www.fvb.cat\/ca\/wp-json\/wp\/v2\/pages\/5872"}],"wp:attachment":[{"href":"https:\/\/www.fvb.cat\/ca\/wp-json\/wp\/v2\/media?parent=8455"}],"curies":[{"name":"wp","href":"https:\/\/api.w.org\/{rel}","templated":true}]}}