{"id":8297,"date":"2019-03-06T17:00:50","date_gmt":"2019-03-06T16:00:50","guid":{"rendered":"http:\/\/www.fvb.cat\/?page_id=8297"},"modified":"2022-05-09T11:34:17","modified_gmt":"2022-05-09T10:34:17","slug":"curs-descenoterapia-2-2","status":"publish","type":"page","link":"https:\/\/www.fvb.cat\/ca\/docencia\/cursos-espiritualitat\/","title":{"rendered":"Seminaris Oberts en Espiritualitat"},"content":{"rendered":"<section class=\"l-section wpb_row height_medium\"><div class=\"l-section-h i-cf\"><div class=\"g-cols type_default valign_top\"><div class=\"vc_col-sm-12 wpb_column vc_column_container\"><div class=\"vc_column-inner\"><div class=\"wpb_wrapper\"><div class=\"wpb_text_column \"><div class=\"wpb_wrapper\">\n<h1><strong>Formaci\u00f3 Continuada &#8211; Unitat Psicologia i Espiritualitat<\/strong><\/h1>\n<\/div> <\/div> <div class=\"g-cols wpb_row type_default valign_top vc_inner \"><div class=\"vc_col-sm-8 wpb_column vc_column_container\"><div class=\"vc_column-inner\"><div class=\"wpb_wrapper\"><div class=\"w-image\"><div class=\"us-frame\"><img loading=\"lazy\" decoding=\"async\" width=\"848\" height=\"565\" src=\"https:\/\/www.fvb.cat\/wp-content\/uploads\/2017\/06\/61712972_m.jpg\" class=\"attachment-large size-large\" alt=\"\" srcset=\"https:\/\/www.fvb.cat\/wp-content\/uploads\/2017\/06\/61712972_m.jpg 848w, https:\/\/www.fvb.cat\/wp-content\/uploads\/2017\/06\/61712972_m-600x400.jpg 600w, https:\/\/www.fvb.cat\/wp-content\/uploads\/2017\/06\/61712972_m-300x200.jpg 300w, https:\/\/www.fvb.cat\/wp-content\/uploads\/2017\/06\/61712972_m-768x512.jpg 768w\" sizes=\"(max-width: 848px) 100vw, 848px\" \/><\/div><\/div><\/div><\/div><\/div><div class=\"vc_col-sm-4 wpb_column vc_column_container\"><div class=\"vc_column-inner\"><div class=\"wpb_wrapper\"><div class=\"wpb_text_column \"><div class=\"wpb_wrapper\">\n<div class=\"preinscripcio\">\n<h5><strong>PREINSCRIPCI\u00d3 I MATR\u00cdCULA<\/strong><\/h5>\n<p>Preinscripci\u00f3:\u00a0<strong>a partir del<\/strong>\u00a0<strong>15 de setembre\u00a0<\/strong><\/p>\n<p>\u00c9s imprescindible presentar el full de sol\u00b7licitud d\u2019admissi\u00f3 juntament amb un curr\u00edculum i abonar l\u2019import del seminari, en confirmar-se\u00a0l\u2019admissi\u00f3.<\/p>\n<p>Matr\u00edcula:\u00a0<strong>De l\u20191 de setembre a l\u20191 d\u2019octubre (per als seminaris de primer quadrimestre). De l\u20191 de desembre a l\u20191 de gener (per als seminaris del segon quadrimestre)<\/strong><\/p>\n<h5><a class=\"contacta\" href=\"mailto:docencia@fvb.cat\" target=\"_blank\" rel=\"noopener noreferrer\"><b>CONTACTA<\/b><\/a><\/h5>\n<\/div>\n<\/div> <\/div> <\/div><\/div><\/div><\/div>[vc_empty_space height=&#8221;15px&#8221;]<div class=\"g-cols wpb_row type_default valign_top vc_inner \"><div class=\"vc_col-sm-8 wpb_column vc_column_container\"><div class=\"vc_column-inner\"><div class=\"wpb_wrapper\"><div class=\"wpb_text_column \"><div class=\"wpb_wrapper\">\n<h5 class=\"color-blue\"><b>Descripci\u00f3<\/b><\/h5>\n<p>La Formaci\u00f3 Continuada est\u00e0 integrada per cursos independents que pretenen l&#8217;actualitzaci\u00f3 de tem\u00e0tiques monogr\u00e0fiques amb l&#8217;objectiu de contribuir a la formaci\u00f3 dels professionals corresponents en el decurs de la seva tasca.<\/div> <\/div> <\/div><\/div><\/div><div class=\"vc_col-sm-4 wpb_column vc_column_container\"><div class=\"vc_column-inner\"><div class=\"wpb_wrapper\"><\/div><\/div><\/div><\/div>[vc_empty_space height=&#8221;35px&#8221;]<div class=\"g-cols wpb_row type_default valign_top vc_inner \"><div class=\"vc_col-sm-4 wpb_column vc_column_container\"><div class=\"vc_column-inner\"><div class=\"wpb_wrapper\"><div class=\"w-iconbox iconpos_left style_circle color_primary icon-boxh6\"><div class=\"w-iconbox-icon\" style=\"font-size:25px;\"><i class=\"fa fa-check-square\"><\/i><\/div><div class=\"w-iconbox-meta\"><h6 class=\"w-iconbox-title\">Psicologia i espiritualitat<\/h6><div class=\"w-iconbox-text\">Cursos independents per a la formaci\u00f3 continuada en psicologia i espiritualitat<\/div><\/div><\/div><\/div><\/div><\/div><div class=\"vc_col-sm-4 wpb_column vc_column_container\"><div class=\"vc_column-inner\"><div class=\"wpb_wrapper\"><div class=\"w-iconbox iconpos_left style_circle color_primary icon-boxh6\"><div class=\"w-iconbox-icon\" style=\"font-size:25px;\"><i class=\"fa fa-check-square\"><\/i><\/div><div class=\"w-iconbox-meta\"><h6 class=\"w-iconbox-title\">Docents<\/h6><div class=\"w-iconbox-text\">Docents especialitzats en psicologia, religions i espiritualitat<\/div><\/div><\/div><\/div><\/div><\/div><div class=\"vc_col-sm-4 wpb_column vc_column_container\"><div class=\"vc_column-inner\"><div class=\"wpb_wrapper\"><\/div><\/div><\/div><\/div>[vc_empty_space height=&#8221;15px&#8221;]<div class=\"g-cols wpb_row type_default valign_top vc_inner \"><div class=\"vc_col-sm-4 wpb_column vc_column_container\"><div class=\"vc_column-inner\"><div class=\"wpb_wrapper\"><div class=\"w-iconbox iconpos_left style_circle color_primary icon-boxh6\"><div class=\"w-iconbox-icon\" style=\"font-size:25px;\"><i class=\"fa fa-check-square\"><\/i><\/div><div class=\"w-iconbox-meta\"><h6 class=\"w-iconbox-title\">Metodologia<\/h6><div class=\"w-iconbox-text\">Grups redu\u00efts i metodologies pr\u00e0ctiques<\/div><\/div><\/div><\/div><\/div><\/div><div class=\"vc_col-sm-4 wpb_column vc_column_container\"><div class=\"vc_column-inner\"><div class=\"wpb_wrapper\"><\/div><\/div><\/div><div class=\"vc_col-sm-4 wpb_column vc_column_container\"><div class=\"vc_column-inner\"><div class=\"wpb_wrapper\"><\/div><\/div><\/div><\/div>[vc_empty_space height=&#8221;35px&#8221;]<div class=\"g-cols wpb_row type_default valign_top vc_inner \"><div class=\"vc_col-sm-8 wpb_column vc_column_container detalls\"><div class=\"vc_column-inner\"><div class=\"wpb_wrapper\"><div class=\"wpb_text_column \"><div class=\"wpb_wrapper\">\n<h5 class=\"color-blue mtop15\"><b>DETALLS DE LA FORMACI\u00d3<\/b><\/h5>\n<\/div> <\/div> <div class=\"w-iconbox iconpos_left style_default color_primary bold\"><div class=\"w-iconbox-icon\" style=\"font-size:15px;\"><i class=\"fa fa-star\"><\/i><\/div><div class=\"w-iconbox-meta\"><h6 class=\"w-iconbox-title\">Lloc<\/h6><div class=\"w-iconbox-text\">Carrer Sant Gervasi de Cassoles, 88-90 de Barcelona (08022)<\/div><\/div><\/div>[vc_empty_space height=&#8221;15px&#8221;]<div class=\"w-iconbox iconpos_left style_default color_primary bold\"><div class=\"w-iconbox-icon\" style=\"font-size:15px;\"><i class=\"fa fa-star\"><\/i><\/div><div class=\"w-iconbox-meta\"><h6 class=\"w-iconbox-title\">Horari<\/h6><div class=\"w-iconbox-text\">Consultar el calendari de cada seminari<\/div><\/div><\/div>[vc_empty_space height=&#8221;15px&#8221;]<div class=\"w-iconbox iconpos_left style_default color_primary bold\"><div class=\"w-iconbox-icon\" style=\"font-size:15px;\"><i class=\"fa fa-star\"><\/i><\/div><div class=\"w-iconbox-meta\"><h6 class=\"w-iconbox-title\">A qui va dirigit<\/h6><div class=\"w-iconbox-text\">Professionals de l&#8217;\u00e0mbit sanitari, educatiu i social, i persones que estiguin interessades en la tem\u00e0tica del curs.<\/div><\/div><\/div>[vc_empty_space height=&#8221;15px&#8221;]<div class=\"w-iconbox iconpos_left style_default color_primary bold\"><div class=\"w-iconbox-icon\" style=\"font-size:15px;\"><i class=\"fa fa-star\"><\/i><\/div><div class=\"w-iconbox-meta\"><h6 class=\"w-iconbox-title\">Objectius<\/h6><div class=\"w-iconbox-text\">Veure cada programa<\/div><\/div><\/div>[vc_empty_space height=&#8221;15px&#8221;][vc_empty_space height=&#8221;15px&#8221;]<div class=\"w-iconbox iconpos_left style_default color_primary bold\"><div class=\"w-iconbox-icon\" style=\"font-size:15px;\"><i class=\"fa fa-star\"><\/i><\/div><div class=\"w-iconbox-meta\"><h6 class=\"w-iconbox-title\">Altres dades<\/h6><div class=\"w-iconbox-text\">Idiomes en els que s&#8217;imparteixen els cursos: castell\u00e0 i catal\u00e0<\/div><\/div><\/div>[vc_empty_space height=&#8221;15px&#8221;]<div class=\"w-iconbox iconpos_left style_default color_primary bold\"><div class=\"w-iconbox-icon\" style=\"font-size:15px;\"><i class=\"fa fa-star\"><\/i><\/div><div class=\"w-iconbox-meta\"><h6 class=\"w-iconbox-title\">Condicions<\/h6><div class=\"w-iconbox-text\">Requisits d&#8217;admisi\u00f3: llicenciatura, grau o diplomatura universit\u00e0ria.<\/div><\/div><\/div>[vc_empty_space height=&#8221;15px&#8221;]<\/div><\/div><\/div><div class=\"vc_col-sm-4 wpb_column vc_column_container documentacio\"><div class=\"vc_column-inner\"><div class=\"wpb_wrapper\"><div class=\"wpb_text_column \"><div class=\"wpb_wrapper\">\n<h5 class=\"color-blue mtop15\"><b>DOCUMENTACI\u00d3<\/b><\/h5>\n<\/div> <\/div> <div class=\"w-iconbox iconpos_left style_default color_primary no_title no_text\"><div class=\"w-iconbox-icon\" style=\"font-size:72px;\"><i class=\"fa fa-file-pdf-o\"><\/i><\/div><div class=\"w-iconbox-meta\"><\/div><\/div>[vc_empty_space height=&#8221;15px&#8221;]<div class=\"wpb_text_column \"><div class=\"wpb_wrapper\"><p>Llibre de programes<\/p><\/div> <\/div> <div class=\"wpb_text_column \"><div class=\"wpb_wrapper\"><p>Calendari i preus<\/p><\/div> <\/div> <\/div><\/div><\/div><\/div><div class=\"g-cols wpb_row type_default valign_top vc_inner \"><div class=\"vc_col-sm-12 wpb_column vc_column_container\"><div class=\"vc_column-inner\"><div class=\"wpb_wrapper\"><div class=\"w-separator type_default size_medium thick_5 style_solid color_border cont_none\"><span class=\"w-separator-h\"><\/span><\/div><div class=\"wpb_text_column \"><div class=\"wpb_wrapper\">\n<h4><strong>Informa\u2019t<\/strong> dels nostres serveis de <strong>dilluns a divendres de 15:30h. a 21:00h.<\/strong><\/h4>\n<h4><img loading=\"lazy\" decoding=\"async\" class=\"alignnone wp-image-9960\" src=\"https:\/\/www.fvb.cat\/wp-content\/uploads\/2021\/06\/whatsapp.png\" alt=\"\" width=\"25\" height=\"24\" srcset=\"https:\/\/www.fvb.cat\/wp-content\/uploads\/2021\/06\/whatsapp.png 155w, https:\/\/www.fvb.cat\/wp-content\/uploads\/2021\/06\/whatsapp-100x100.png 100w, https:\/\/www.fvb.cat\/wp-content\/uploads\/2021\/06\/whatsapp-150x150.png 150w\" sizes=\"(max-width: 25px) 100vw, 25px\" \/>\u00a0+34 670 26 32 84 \u00a0 \u00a0\u00a0<img loading=\"lazy\" decoding=\"async\" class=\"alignnone wp-image-10030\" src=\"https:\/\/www.fvb.cat\/wp-content\/uploads\/2021\/06\/telefon.png\" alt=\"\" width=\"26\" height=\"20\" \/>\u00a0934 340 001 \u00a0 o escriu-nos a <strong>docencia@fvb.cat<\/strong><\/h4>\n<\/div> <\/div> <div class=\"wpb_text_column \"><div class=\"wpb_wrapper\">\n<h4><\/h4>\n<h4><strong>Segueix-nos a les xarxes socials de l\u2019\u00c0rea de Psicologia i Espiritualitat de l\u2019IUSMVB \u2013 URL<\/strong><\/h4>\n<\/div> <\/div> <div class=\"w-socials align_left style_outlined color_link index_1\" style=\"font-size:25px;\"><div class=\"w-socials-list\"><div class=\"w-socials-item email\">\n\t\t\t\t<a class=\"w-socials-item-link\" target=\"_blank\" href=\"mailto:docencia@fvb.cat\">\n\t\t\t\t\t<span class=\"w-socials-item-link-hover\"><\/span>\n\t\t\t\t<\/a>\n\t\t\t\t<div class=\"w-socials-item-popup\">\n\t\t\t\t\t<span>Email<\/span>\n\t\t\t\t<\/div>\n\t\t\t<\/div><div class=\"w-socials-item facebook\">\n\t\t\t\t<a class=\"w-socials-item-link\" target=\"_blank\" href=\"https:\/\/www.facebook.com\/psicoespfvb\">\n\t\t\t\t\t<span class=\"w-socials-item-link-hover\"><\/span>\n\t\t\t\t<\/a>\n\t\t\t\t<div class=\"w-socials-item-popup\">\n\t\t\t\t\t<span>Facebook<\/span>\n\t\t\t\t<\/div>\n\t\t\t<\/div><div class=\"w-socials-item twitter\">\n\t\t\t\t<a class=\"w-socials-item-link\" target=\"_blank\" href=\"https:\/\/twitter.com\/psicoespfvb\">\n\t\t\t\t\t<span class=\"w-socials-item-link-hover\"><\/span>\n\t\t\t\t<\/a>\n\t\t\t\t<div class=\"w-socials-item-popup\">\n\t\t\t\t\t<span>Twitter<\/span>\n\t\t\t\t<\/div>\n\t\t\t<\/div><div class=\"w-socials-item youtube\">\n\t\t\t\t<a class=\"w-socials-item-link\" target=\"_blank\" href=\"https:\/\/www.youtube.com\/channel\/UCGzWJxlOr3k79ClIh_qAzGg\">\n\t\t\t\t\t<span class=\"w-socials-item-link-hover\"><\/span>\n\t\t\t\t<\/a>\n\t\t\t\t<div class=\"w-socials-item-popup\">\n\t\t\t\t\t<span>YouTube<\/span>\n\t\t\t\t<\/div>\n\t\t\t<\/div><div class=\"w-socials-item instagram\">\n\t\t\t\t<a class=\"w-socials-item-link\" target=\"_blank\" href=\"https:\/\/www.instagram.com\/psicoespfvb\/\">\n\t\t\t\t\t<span class=\"w-socials-item-link-hover\"><\/span>\n\t\t\t\t<\/a>\n\t\t\t\t<div class=\"w-socials-item-popup\">\n\t\t\t\t\t<span>Instagram<\/span>\n\t\t\t\t<\/div>\n\t\t\t<\/div><\/div><\/div><\/div><\/div><\/div><\/div><\/div><\/div><\/div><\/div><\/div><\/section>","protected":false},"excerpt":{"rendered":"Fundaci\u00f3 Vidal i Barraquer Som una instituci\u00f3 creada l\u2019any 1964 i dedicada...","protected":false},"author":3,"featured_media":0,"parent":5874,"menu_order":0,"comment_status":"closed","ping_status":"closed","template":"","meta":{"footnotes":""},"yoast_head":"<!-- This site is optimized with the Yoast SEO plugin v22.6 - https:\/\/yoast.com\/wordpress\/plugins\/seo\/ -->\n<title>Seminaris Oberts en Espiritualitat - Fundaci\u00f3 Vidal i Barraquer<\/title>\n<meta name=\"robots\" content=\"index, follow, max-snippet:-1, max-image-preview:large, max-video-preview:-1\" \/>\n<link rel=\"canonical\" href=\"https:\/\/www.fvb.cat\/es\/docencia\/cursos-espiritualidad\/\" \/>\n<meta property=\"og:locale\" content=\"ca_ES\" \/>\n<meta property=\"og:type\" content=\"article\" \/>\n<meta property=\"og:title\" content=\"[:ca]Seminaris Oberts en Espiritualitat[:es]Seminarios Abiertos en Espiritualidad[:] - Fundaci\u00f3 Vidal i Barraquer\" \/>\n<meta property=\"og:url\" content=\"https:\/\/www.fvb.cat\/es\/docencia\/cursos-espiritualidad\/\" \/>\n<meta property=\"og:site_name\" content=\"Fundaci\u00f3 Vidal i Barraquer\" \/>\n<meta property=\"article:modified_time\" content=\"2022-05-09T10:34:17+00:00\" \/>\n<meta property=\"og:image\" content=\"https:\/\/www.fvb.cat\/wp-content\/uploads\/2021\/06\/whatsapp.png\" \/>\n<meta name=\"twitter:card\" content=\"summary_large_image\" \/>\n<meta name=\"twitter:label1\" content=\"Temps estimat de lectura\" \/>\n\t<meta name=\"twitter:data1\" content=\"7 minuts\" \/>\n<script type=\"application\/ld+json\" class=\"yoast-schema-graph\">{\"@context\":\"https:\/\/schema.org\",\"@graph\":[{\"@type\":\"WebPage\",\"@id\":\"https:\/\/www.fvb.cat\/es\/docencia\/cursos-espiritualidad\/\",\"url\":\"https:\/\/www.fvb.cat\/es\/docencia\/cursos-espiritualidad\/\",\"name\":\"[:ca]Seminaris Oberts en Espiritualitat[:es]Seminarios Abiertos en Espiritualidad[:] - Fundaci\u00f3 Vidal i Barraquer\",\"isPartOf\":{\"@id\":\"https:\/\/www.fvb.cat\/es\/#website\"},\"primaryImageOfPage\":{\"@id\":\"https:\/\/www.fvb.cat\/es\/docencia\/cursos-espiritualidad\/#primaryimage\"},\"image\":{\"@id\":\"https:\/\/www.fvb.cat\/es\/docencia\/cursos-espiritualidad\/#primaryimage\"},\"thumbnailUrl\":\"https:\/\/www.fvb.cat\/wp-content\/uploads\/2021\/06\/whatsapp.png\",\"datePublished\":\"2019-03-06T16:00:50+00:00\",\"dateModified\":\"2022-05-09T10:34:17+00:00\",\"breadcrumb\":{\"@id\":\"https:\/\/www.fvb.cat\/es\/docencia\/cursos-espiritualidad\/#breadcrumb\"},\"inLanguage\":\"ca\",\"potentialAction\":[{\"@type\":\"ReadAction\",\"target\":[\"https:\/\/www.fvb.cat\/es\/docencia\/cursos-espiritualidad\/\"]}]},{\"@type\":\"ImageObject\",\"inLanguage\":\"ca\",\"@id\":\"https:\/\/www.fvb.cat\/es\/docencia\/cursos-espiritualidad\/#primaryimage\",\"url\":\"https:\/\/www.fvb.cat\/wp-content\/uploads\/2021\/06\/whatsapp.png\",\"contentUrl\":\"https:\/\/www.fvb.cat\/wp-content\/uploads\/2021\/06\/whatsapp.png\"},{\"@type\":\"BreadcrumbList\",\"@id\":\"https:\/\/www.fvb.cat\/es\/docencia\/cursos-espiritualidad\/#breadcrumb\",\"itemListElement\":[{\"@type\":\"ListItem\",\"position\":1,\"name\":\"Inici\",\"item\":\"https:\/\/www.fvb.cat\/es\/\"},{\"@type\":\"ListItem\",\"position\":2,\"name\":\"Docencia\",\"item\":\"https:\/\/www.fvb.cat\/es\/docencia\/\"},{\"@type\":\"ListItem\",\"position\":3,\"name\":\"Seminaris Oberts en Espiritualitat\"}]},{\"@type\":\"WebSite\",\"@id\":\"https:\/\/www.fvb.cat\/es\/#website\",\"url\":\"https:\/\/www.fvb.cat\/es\/\",\"name\":\"Fundaci\u00f3 Vidal i Barraquer\",\"description\":\"Assist\u00e8ncia, doc\u00e8ncia i recerca en la salut mental\",\"publisher\":{\"@id\":\"https:\/\/www.fvb.cat\/es\/#organization\"},\"potentialAction\":[{\"@type\":\"SearchAction\",\"target\":{\"@type\":\"EntryPoint\",\"urlTemplate\":\"https:\/\/www.fvb.cat\/es\/?s={search_term_string}\"},\"query-input\":\"required name=search_term_string\"}],\"inLanguage\":\"ca\"},{\"@type\":\"Organization\",\"@id\":\"https:\/\/www.fvb.cat\/es\/#organization\",\"name\":\"Fundaci\u00f3 Vidal i Barraquer\",\"url\":\"https:\/\/www.fvb.cat\/es\/\",\"logo\":{\"@type\":\"ImageObject\",\"inLanguage\":\"ca\",\"@id\":\"https:\/\/www.fvb.cat\/es\/#\/schema\/logo\/image\/\",\"url\":\"https:\/\/www.fvb.cat\/wp-content\/uploads\/2024\/05\/logo-vidal-i-barrauqer-60-aniversari.jpg\",\"contentUrl\":\"https:\/\/www.fvb.cat\/wp-content\/uploads\/2024\/05\/logo-vidal-i-barrauqer-60-aniversari.jpg\",\"width\":2125,\"height\":703,\"caption\":\"Fundaci\u00f3 Vidal i Barraquer\"},\"image\":{\"@id\":\"https:\/\/www.fvb.cat\/es\/#\/schema\/logo\/image\/\"}}]}<\/script>\n<!-- \/ Yoast SEO plugin. -->","yoast_head_json":{"title":"[:ca]Seminaris Oberts en Espiritualitat[:es]Seminarios Abiertos en Espiritualidad[:] - Fundaci\u00f3 Vidal i Barraquer","robots":{"index":"index","follow":"follow","max-snippet":"max-snippet:-1","max-image-preview":"max-image-preview:large","max-video-preview":"max-video-preview:-1"},"canonical":"https:\/\/www.fvb.cat\/es\/docencia\/cursos-espiritualidad\/","og_locale":"ca_ES","og_type":"article","og_title":"[:ca]Seminaris Oberts en Espiritualitat[:es]Seminarios Abiertos en Espiritualidad[:] - Fundaci\u00f3 Vidal i Barraquer","og_url":"https:\/\/www.fvb.cat\/es\/docencia\/cursos-espiritualidad\/","og_site_name":"Fundaci\u00f3 Vidal i Barraquer","article_modified_time":"2022-05-09T10:34:17+00:00","og_image":[{"url":"https:\/\/www.fvb.cat\/wp-content\/uploads\/2021\/06\/whatsapp.png"}],"twitter_card":"summary_large_image","twitter_misc":{"Temps estimat de lectura":"7 minuts"},"schema":{"@context":"https:\/\/schema.org","@graph":[{"@type":"WebPage","@id":"https:\/\/www.fvb.cat\/es\/docencia\/cursos-espiritualidad\/","url":"https:\/\/www.fvb.cat\/es\/docencia\/cursos-espiritualidad\/","name":"[:ca]Seminaris Oberts en Espiritualitat[:es]Seminarios Abiertos en Espiritualidad[:] - Fundaci\u00f3 Vidal i Barraquer","isPartOf":{"@id":"https:\/\/www.fvb.cat\/es\/#website"},"primaryImageOfPage":{"@id":"https:\/\/www.fvb.cat\/es\/docencia\/cursos-espiritualidad\/#primaryimage"},"image":{"@id":"https:\/\/www.fvb.cat\/es\/docencia\/cursos-espiritualidad\/#primaryimage"},"thumbnailUrl":"https:\/\/www.fvb.cat\/wp-content\/uploads\/2021\/06\/whatsapp.png","datePublished":"2019-03-06T16:00:50+00:00","dateModified":"2022-05-09T10:34:17+00:00","breadcrumb":{"@id":"https:\/\/www.fvb.cat\/es\/docencia\/cursos-espiritualidad\/#breadcrumb"},"inLanguage":"ca","potentialAction":[{"@type":"ReadAction","target":["https:\/\/www.fvb.cat\/es\/docencia\/cursos-espiritualidad\/"]}]},{"@type":"ImageObject","inLanguage":"ca","@id":"https:\/\/www.fvb.cat\/es\/docencia\/cursos-espiritualidad\/#primaryimage","url":"https:\/\/www.fvb.cat\/wp-content\/uploads\/2021\/06\/whatsapp.png","contentUrl":"https:\/\/www.fvb.cat\/wp-content\/uploads\/2021\/06\/whatsapp.png"},{"@type":"BreadcrumbList","@id":"https:\/\/www.fvb.cat\/es\/docencia\/cursos-espiritualidad\/#breadcrumb","itemListElement":[{"@type":"ListItem","position":1,"name":"Inici","item":"https:\/\/www.fvb.cat\/es\/"},{"@type":"ListItem","position":2,"name":"Docencia","item":"https:\/\/www.fvb.cat\/es\/docencia\/"},{"@type":"ListItem","position":3,"name":"Seminaris Oberts en Espiritualitat"}]},{"@type":"WebSite","@id":"https:\/\/www.fvb.cat\/es\/#website","url":"https:\/\/www.fvb.cat\/es\/","name":"Fundaci\u00f3 Vidal i Barraquer","description":"Assist\u00e8ncia, doc\u00e8ncia i recerca en la salut mental","publisher":{"@id":"https:\/\/www.fvb.cat\/es\/#organization"},"potentialAction":[{"@type":"SearchAction","target":{"@type":"EntryPoint","urlTemplate":"https:\/\/www.fvb.cat\/es\/?s={search_term_string}"},"query-input":"required name=search_term_string"}],"inLanguage":"ca"},{"@type":"Organization","@id":"https:\/\/www.fvb.cat\/es\/#organization","name":"Fundaci\u00f3 Vidal i Barraquer","url":"https:\/\/www.fvb.cat\/es\/","logo":{"@type":"ImageObject","inLanguage":"ca","@id":"https:\/\/www.fvb.cat\/es\/#\/schema\/logo\/image\/","url":"https:\/\/www.fvb.cat\/wp-content\/uploads\/2024\/05\/logo-vidal-i-barrauqer-60-aniversari.jpg","contentUrl":"https:\/\/www.fvb.cat\/wp-content\/uploads\/2024\/05\/logo-vidal-i-barrauqer-60-aniversari.jpg","width":2125,"height":703,"caption":"Fundaci\u00f3 Vidal i Barraquer"},"image":{"@id":"https:\/\/www.fvb.cat\/es\/#\/schema\/logo\/image\/"}}]}},"_links":{"self":[{"href":"https:\/\/www.fvb.cat\/ca\/wp-json\/wp\/v2\/pages\/8297"}],"collection":[{"href":"https:\/\/www.fvb.cat\/ca\/wp-json\/wp\/v2\/pages"}],"about":[{"href":"https:\/\/www.fvb.cat\/ca\/wp-json\/wp\/v2\/types\/page"}],"author":[{"embeddable":true,"href":"https:\/\/www.fvb.cat\/ca\/wp-json\/wp\/v2\/users\/3"}],"replies":[{"embeddable":true,"href":"https:\/\/www.fvb.cat\/ca\/wp-json\/wp\/v2\/comments?post=8297"}],"version-history":[{"count":66,"href":"https:\/\/www.fvb.cat\/ca\/wp-json\/wp\/v2\/pages\/8297\/revisions"}],"predecessor-version":[{"id":11546,"href":"https:\/\/www.fvb.cat\/ca\/wp-json\/wp\/v2\/pages\/8297\/revisions\/11546"}],"up":[{"embeddable":true,"href":"https:\/\/www.fvb.cat\/ca\/wp-json\/wp\/v2\/pages\/5874"}],"wp:attachment":[{"href":"https:\/\/www.fvb.cat\/ca\/wp-json\/wp\/v2\/media?parent=8297"}],"curies":[{"name":"wp","href":"https:\/\/api.w.org\/{rel}","templated":true}]}}