{"id":5896,"date":"2017-04-20T09:11:20","date_gmt":"2017-04-20T08:11:20","guid":{"rendered":"http:\/\/www.fvb.cat\/?page_id=5896"},"modified":"2025-05-07T08:46:32","modified_gmt":"2025-05-07T07:46:32","slug":"recerca","status":"publish","type":"page","link":"https:\/\/www.fvb.cat\/ca\/recerca\/","title":{"rendered":"Recerca"},"content":{"rendered":"<section class=\"l-section wpb_row height_medium\"><div class=\"l-section-h i-cf\"><div class=\"g-cols type_default valign_top\"><div class=\"vc_col-sm-12 wpb_column vc_column_container\"><div class=\"vc_column-inner\"><div class=\"wpb_wrapper\"><div class=\"wpb_text_column \"><div class=\"wpb_wrapper\">\n<h1><strong>Recerca<\/strong><\/h1>\n<\/div> <\/div> <div class=\"g-cols wpb_row type_default valign_top vc_inner \"><div class=\"vc_col-sm-8 wpb_column vc_column_container\"><div class=\"vc_column-inner\"><div class=\"wpb_wrapper\"><div class=\"wpb_text_column \"><div class=\"wpb_wrapper\"><p>L\u2019Institut Universitari de Salut Mental Vidal i Barraquer est\u00e0 integrat a la Universitat Ramon Llull<em>.<\/em>\u00a0T\u00e9 naturalesa permanent i es dedica a la recerca cient\u00edfica i t\u00e8cnica, aix\u00ed com a la doc\u00e8ncia especialitzada. En tots dos vessants persegueix la qualitat en el camp de la psicologia i les ci\u00e8ncies afins des d\u2019una perspectiva biopsicosocial i interdisciplin\u00e0ria. La recerca, actualment, s\u2019organitza al voltant del Grup de Recerca en Mentalitzaci\u00f3 i Avaluaci\u00f3 d\u2019Intervencions Psicol\u00f2giques (GREMAIP).<\/p><\/div> <\/div> <\/div><\/div><\/div><div class=\"vc_col-sm-4 wpb_column vc_column_container\"><div class=\"vc_column-inner\"><div class=\"wpb_wrapper\"><div class=\"w-image align_center\"><div class=\"us-frame\"><img loading=\"lazy\" decoding=\"async\" width=\"1024\" height=\"922\" src=\"https:\/\/www.fvb.cat\/wp-content\/uploads\/2024\/12\/logourlhoritzontal-1-1024x922.jpg\" class=\"attachment-large size-large\" alt=\"\" srcset=\"https:\/\/www.fvb.cat\/wp-content\/uploads\/2024\/12\/logourlhoritzontal-1-1024x922.jpg 1024w, https:\/\/www.fvb.cat\/wp-content\/uploads\/2024\/12\/logourlhoritzontal-1-300x270.jpg 300w, https:\/\/www.fvb.cat\/wp-content\/uploads\/2024\/12\/logourlhoritzontal-1-768x691.jpg 768w, https:\/\/www.fvb.cat\/wp-content\/uploads\/2024\/12\/logourlhoritzontal-1-1536x1382.jpg 1536w, https:\/\/www.fvb.cat\/wp-content\/uploads\/2024\/12\/logourlhoritzontal-1-2048x1843.jpg 2048w, https:\/\/www.fvb.cat\/wp-content\/uploads\/2024\/12\/logourlhoritzontal-1-320x288.jpg 320w, https:\/\/www.fvb.cat\/wp-content\/uploads\/2024\/12\/logourlhoritzontal-1-480x432.jpg 480w, https:\/\/www.fvb.cat\/wp-content\/uploads\/2024\/12\/logourlhoritzontal-1-800x720.jpg 800w, https:\/\/www.fvb.cat\/wp-content\/uploads\/2024\/12\/logourlhoritzontal-1-600x540.jpg 600w\" sizes=\"(max-width: 1024px) 100vw, 1024px\" \/><\/div><\/div><\/div><\/div><\/div><\/div><\/div><\/div><\/div><\/div><\/div><\/section><section class=\"l-section wpb_row height_medium\"><div class=\"l-section-h i-cf\"><div class=\"g-cols type_default valign_top\"><div class=\"vc_col-sm-6 wpb_column vc_column_container\"><div class=\"vc_column-inner\"><div class=\"wpb_wrapper\"><div class=\"w-image align_center\"><div class=\"us-frame\"><img loading=\"lazy\" decoding=\"async\" width=\"1024\" height=\"357\" src=\"https:\/\/www.fvb.cat\/wp-content\/uploads\/2017\/04\/logo-gremaip-ok-1024x357.png\" class=\"attachment-large size-large\" alt=\"\" srcset=\"https:\/\/www.fvb.cat\/wp-content\/uploads\/2017\/04\/logo-gremaip-ok-1024x357.png 1024w, https:\/\/www.fvb.cat\/wp-content\/uploads\/2017\/04\/logo-gremaip-ok-600x209.png 600w, https:\/\/www.fvb.cat\/wp-content\/uploads\/2017\/04\/logo-gremaip-ok-300x104.png 300w, https:\/\/www.fvb.cat\/wp-content\/uploads\/2017\/04\/logo-gremaip-ok-768x268.png 768w, https:\/\/www.fvb.cat\/wp-content\/uploads\/2017\/04\/logo-gremaip-ok.png 1157w\" sizes=\"(max-width: 1024px) 100vw, 1024px\" \/><\/div><\/div><div class=\"wpb_text_column  ib-home\"><div class=\"wpb_wrapper\">\n<h4><strong>Grup de Recerca en Mentalitzaci\u00f3 i Avaluaci\u00f3 d&#8217;Intervencions Psicol\u00f2giques (GREMAIP)<\/strong><\/h4>\n<\/div> <\/div> <div class=\"wpb_text_column \"><div class=\"wpb_wrapper\"><p>El GREMAIP t\u00e9 dos objectius principals:<\/p>\n<ol>\n<li>Estudiar, investigar i millorar l\u2019efectivitat de les Ter\u00e0pies Basades en la Mentalitzaci\u00f3 en el nostre entorn, al mateix temps que col\u00b7laborem amb universitats estrangeres per compartir i comparar els resultats.<\/li>\n<li>Generar coneixement i demostrar l\u2019efic\u00e0cia i l\u2019efectivitat de les intervencions psicol\u00f2giques que es porten a terme a la xarxa p\u00fablica, dilucidar quines t\u00e8cniques i intervencions funcionen millor i per qu\u00e8.<\/li>\n<\/ol>\n<\/p><\/div> <\/div> <div class=\"w-btn-wrapper align_left\"><a class=\"w-btn style_solid color_primary icon_none\" href=\"https:\/\/www.fvb.cat\/ca\/gremaip\/\"><span class=\"w-btn-label\">M\u00c9S INFORMACI\u00d3<\/span><\/a><\/div><\/div><\/div><\/div><div class=\"vc_col-sm-6 wpb_column vc_column_container\"><div class=\"vc_column-inner\"><div class=\"wpb_wrapper\"><\/div><\/div><\/div><\/div><\/div><\/section><section class=\"l-section wpb_row height_medium\"><div class=\"l-section-h i-cf\"><div class=\"g-cols type_default valign_top\"><div class=\"vc_col-sm-12 wpb_column vc_column_container\"><div class=\"vc_column-inner\"><div class=\"wpb_wrapper\"><\/div><\/div><\/div><\/div><\/div><\/section>","protected":false},"excerpt":{"rendered":"Fundaci\u00f3 Vidal i Barraquer Som una instituci\u00f3 creada l\u2019any 1964 i dedicada...","protected":false},"author":1,"featured_media":0,"parent":0,"menu_order":0,"comment_status":"closed","ping_status":"closed","template":"","meta":{"footnotes":""},"yoast_head":"<!-- This site is optimized with the Yoast SEO plugin v22.6 - https:\/\/yoast.com\/wordpress\/plugins\/seo\/ -->\n<title>Recerca - Fundaci\u00f3 Vidal i Barraquer<\/title>\n<meta name=\"robots\" content=\"index, follow, max-snippet:-1, max-image-preview:large, max-video-preview:-1\" \/>\n<link rel=\"canonical\" href=\"https:\/\/www.fvb.cat\/es\/investigacion\/\" \/>\n<meta property=\"og:locale\" content=\"ca_ES\" \/>\n<meta property=\"og:type\" content=\"article\" \/>\n<meta property=\"og:title\" content=\"[:ca]Recerca[:es]Investigaci\u00f3n [:] - Fundaci\u00f3 Vidal i Barraquer\" \/>\n<meta property=\"og:url\" content=\"https:\/\/www.fvb.cat\/es\/investigacion\/\" \/>\n<meta property=\"og:site_name\" content=\"Fundaci\u00f3 Vidal i Barraquer\" \/>\n<meta property=\"article:modified_time\" content=\"2025-05-07T07:46:32+00:00\" \/>\n<meta name=\"twitter:card\" content=\"summary_large_image\" \/>\n<meta name=\"twitter:label1\" content=\"Temps estimat de lectura\" \/>\n\t<meta name=\"twitter:data1\" content=\"1 minut\" \/>\n<script type=\"application\/ld+json\" class=\"yoast-schema-graph\">{\"@context\":\"https:\/\/schema.org\",\"@graph\":[{\"@type\":\"WebPage\",\"@id\":\"https:\/\/www.fvb.cat\/es\/investigacion\/\",\"url\":\"https:\/\/www.fvb.cat\/es\/investigacion\/\",\"name\":\"[:ca]Recerca[:es]Investigaci\u00f3n [:] - Fundaci\u00f3 Vidal i Barraquer\",\"isPartOf\":{\"@id\":\"https:\/\/www.fvb.cat\/es\/#website\"},\"datePublished\":\"2017-04-20T08:11:20+00:00\",\"dateModified\":\"2025-05-07T07:46:32+00:00\",\"breadcrumb\":{\"@id\":\"https:\/\/www.fvb.cat\/es\/investigacion\/#breadcrumb\"},\"inLanguage\":\"ca\",\"potentialAction\":[{\"@type\":\"ReadAction\",\"target\":[\"https:\/\/www.fvb.cat\/es\/investigacion\/\"]}]},{\"@type\":\"BreadcrumbList\",\"@id\":\"https:\/\/www.fvb.cat\/es\/investigacion\/#breadcrumb\",\"itemListElement\":[{\"@type\":\"ListItem\",\"position\":1,\"name\":\"Inici\",\"item\":\"https:\/\/www.fvb.cat\/es\/\"},{\"@type\":\"ListItem\",\"position\":2,\"name\":\"Investigaci\u00f3n\"}]},{\"@type\":\"WebSite\",\"@id\":\"https:\/\/www.fvb.cat\/es\/#website\",\"url\":\"https:\/\/www.fvb.cat\/es\/\",\"name\":\"Fundaci\u00f3 Vidal i Barraquer\",\"description\":\"Assist\u00e8ncia, doc\u00e8ncia i recerca en la salut mental\",\"publisher\":{\"@id\":\"https:\/\/www.fvb.cat\/es\/#organization\"},\"potentialAction\":[{\"@type\":\"SearchAction\",\"target\":{\"@type\":\"EntryPoint\",\"urlTemplate\":\"https:\/\/www.fvb.cat\/es\/?s={search_term_string}\"},\"query-input\":\"required name=search_term_string\"}],\"inLanguage\":\"ca\"},{\"@type\":\"Organization\",\"@id\":\"https:\/\/www.fvb.cat\/es\/#organization\",\"name\":\"Fundaci\u00f3 Vidal i Barraquer\",\"url\":\"https:\/\/www.fvb.cat\/es\/\",\"logo\":{\"@type\":\"ImageObject\",\"inLanguage\":\"ca\",\"@id\":\"https:\/\/www.fvb.cat\/es\/#\/schema\/logo\/image\/\",\"url\":\"https:\/\/www.fvb.cat\/wp-content\/uploads\/2024\/05\/logo-vidal-i-barrauqer-60-aniversari.jpg\",\"contentUrl\":\"https:\/\/www.fvb.cat\/wp-content\/uploads\/2024\/05\/logo-vidal-i-barrauqer-60-aniversari.jpg\",\"width\":2125,\"height\":703,\"caption\":\"Fundaci\u00f3 Vidal i Barraquer\"},\"image\":{\"@id\":\"https:\/\/www.fvb.cat\/es\/#\/schema\/logo\/image\/\"}}]}<\/script>\n<!-- \/ Yoast SEO plugin. -->","yoast_head_json":{"title":"[:ca]Recerca[:es]Investigaci\u00f3n [:] - Fundaci\u00f3 Vidal i Barraquer","robots":{"index":"index","follow":"follow","max-snippet":"max-snippet:-1","max-image-preview":"max-image-preview:large","max-video-preview":"max-video-preview:-1"},"canonical":"https:\/\/www.fvb.cat\/es\/investigacion\/","og_locale":"ca_ES","og_type":"article","og_title":"[:ca]Recerca[:es]Investigaci\u00f3n [:] - Fundaci\u00f3 Vidal i Barraquer","og_url":"https:\/\/www.fvb.cat\/es\/investigacion\/","og_site_name":"Fundaci\u00f3 Vidal i Barraquer","article_modified_time":"2025-05-07T07:46:32+00:00","twitter_card":"summary_large_image","twitter_misc":{"Temps estimat de lectura":"1 minut"},"schema":{"@context":"https:\/\/schema.org","@graph":[{"@type":"WebPage","@id":"https:\/\/www.fvb.cat\/es\/investigacion\/","url":"https:\/\/www.fvb.cat\/es\/investigacion\/","name":"[:ca]Recerca[:es]Investigaci\u00f3n [:] - Fundaci\u00f3 Vidal i Barraquer","isPartOf":{"@id":"https:\/\/www.fvb.cat\/es\/#website"},"datePublished":"2017-04-20T08:11:20+00:00","dateModified":"2025-05-07T07:46:32+00:00","breadcrumb":{"@id":"https:\/\/www.fvb.cat\/es\/investigacion\/#breadcrumb"},"inLanguage":"ca","potentialAction":[{"@type":"ReadAction","target":["https:\/\/www.fvb.cat\/es\/investigacion\/"]}]},{"@type":"BreadcrumbList","@id":"https:\/\/www.fvb.cat\/es\/investigacion\/#breadcrumb","itemListElement":[{"@type":"ListItem","position":1,"name":"Inici","item":"https:\/\/www.fvb.cat\/es\/"},{"@type":"ListItem","position":2,"name":"Investigaci\u00f3n"}]},{"@type":"WebSite","@id":"https:\/\/www.fvb.cat\/es\/#website","url":"https:\/\/www.fvb.cat\/es\/","name":"Fundaci\u00f3 Vidal i Barraquer","description":"Assist\u00e8ncia, doc\u00e8ncia i recerca en la salut mental","publisher":{"@id":"https:\/\/www.fvb.cat\/es\/#organization"},"potentialAction":[{"@type":"SearchAction","target":{"@type":"EntryPoint","urlTemplate":"https:\/\/www.fvb.cat\/es\/?s={search_term_string}"},"query-input":"required name=search_term_string"}],"inLanguage":"ca"},{"@type":"Organization","@id":"https:\/\/www.fvb.cat\/es\/#organization","name":"Fundaci\u00f3 Vidal i Barraquer","url":"https:\/\/www.fvb.cat\/es\/","logo":{"@type":"ImageObject","inLanguage":"ca","@id":"https:\/\/www.fvb.cat\/es\/#\/schema\/logo\/image\/","url":"https:\/\/www.fvb.cat\/wp-content\/uploads\/2024\/05\/logo-vidal-i-barrauqer-60-aniversari.jpg","contentUrl":"https:\/\/www.fvb.cat\/wp-content\/uploads\/2024\/05\/logo-vidal-i-barrauqer-60-aniversari.jpg","width":2125,"height":703,"caption":"Fundaci\u00f3 Vidal i Barraquer"},"image":{"@id":"https:\/\/www.fvb.cat\/es\/#\/schema\/logo\/image\/"}}]}},"_links":{"self":[{"href":"https:\/\/www.fvb.cat\/ca\/wp-json\/wp\/v2\/pages\/5896"}],"collection":[{"href":"https:\/\/www.fvb.cat\/ca\/wp-json\/wp\/v2\/pages"}],"about":[{"href":"https:\/\/www.fvb.cat\/ca\/wp-json\/wp\/v2\/types\/page"}],"author":[{"embeddable":true,"href":"https:\/\/www.fvb.cat\/ca\/wp-json\/wp\/v2\/users\/1"}],"replies":[{"embeddable":true,"href":"https:\/\/www.fvb.cat\/ca\/wp-json\/wp\/v2\/comments?post=5896"}],"version-history":[{"count":62,"href":"https:\/\/www.fvb.cat\/ca\/wp-json\/wp\/v2\/pages\/5896\/revisions"}],"predecessor-version":[{"id":17050,"href":"https:\/\/www.fvb.cat\/ca\/wp-json\/wp\/v2\/pages\/5896\/revisions\/17050"}],"wp:attachment":[{"href":"https:\/\/www.fvb.cat\/ca\/wp-json\/wp\/v2\/media?parent=5896"}],"curies":[{"name":"wp","href":"https:\/\/api.w.org\/{rel}","templated":true}]}}