{"id":5880,"date":"2017-04-20T07:47:06","date_gmt":"2017-04-20T06:47:06","guid":{"rendered":"http:\/\/www.fvb.cat\/?page_id=5880"},"modified":"2022-02-16T19:26:14","modified_gmt":"2022-02-16T18:26:14","slug":"publicacions","status":"publish","type":"page","link":"https:\/\/www.fvb.cat\/ca\/publicacions\/","title":{"rendered":"Publicacions"},"content":{"rendered":"<section class=\"l-section wpb_row height_medium\"><div class=\"l-section-h i-cf\"><div class=\"g-cols type_default valign_top\"><div class=\"vc_col-sm-12 wpb_column vc_column_container product-categori\"><div class=\"vc_column-inner\"><div class=\"wpb_wrapper\"><div class=\"wpb_text_column \"><div class=\"wpb_wrapper\">\n<h1><strong>Publicaciones<\/strong><\/h1>\n<p>Selecci\u00f3n de libros publicados por Herder Editorial.<\/div> <\/div> [vc_empty_space height=&#8221;16px&#8221;]<div class=\"woocommerce columns-3 \"><ul class=\"products columns-3\">\n<li class=\"product type-product post-18211 status-publish first instock product_cat-llibres has-post-thumbnail shipping-taxable product-type-simple\">\n\t<div class=\"product-h\"><div class=\"product-meta\"><\/div><\/div><\/li>\n<li class=\"product type-product post-10431 status-publish instock product_cat-llibres product_tag-clinica product_tag-juego product_tag-tecnica product_tag-teoria has-post-thumbnail shipping-taxable product-type-simple\">\n\t<div class=\"product-h\"><div class=\"product-meta\"><\/div><\/div><\/li>\n<li class=\"product type-product post-10087 status-publish last instock product_cat-llibres product_tag-grups product_tag-pscoterapia product_tag-psicopatologia product_tag-tecnica has-post-thumbnail shipping-taxable product-type-simple\">\n\t<div class=\"product-h\"><div class=\"product-meta\"><\/div><\/div><\/li>\n<li class=\"product type-product post-16389 status-publish first instock product_cat-llibres has-post-thumbnail shipping-taxable product-type-simple\">\n\t<div class=\"product-h\"><div class=\"product-meta\"><\/div><\/div><\/li>\n<li class=\"product type-product post-16387 status-publish instock product_cat-llibres product_tag-espiritualidad product_tag-jordi-font product_tag-salud-mental has-post-thumbnail shipping-taxable product-type-simple\">\n\t<div class=\"product-h\"><div class=\"product-meta\"><\/div><\/div><\/li>\n<li class=\"product type-product post-16675 status-publish last instock product_cat-llibres has-post-thumbnail shipping-taxable product-type-simple\">\n\t<div class=\"product-h\"><div class=\"product-meta\"><\/div><\/div><\/li>\n<li class=\"product type-product post-16385 status-publish first instock product_cat-llibres product_tag-anna-freud product_tag-clinica product_tag-mbt-c has-post-thumbnail shipping-taxable product-type-simple\">\n\t<div class=\"product-h\"><div class=\"product-meta\"><\/div><\/div><\/li>\n<li class=\"product type-product post-9305 status-publish instock product_cat-llibres product_tag-diagnostic product_tag-pscoterapia product_tag-psicoanalisi product_tag-psicopatologia has-post-thumbnail shipping-taxable product-type-simple\">\n\t<div class=\"product-h\"><div class=\"product-meta\"><\/div><\/div><\/li>\n<li class=\"product type-product post-8705 status-publish last instock product_cat-llibres product_tag-diagnostic product_tag-parella product_tag-pscoterapia product_tag-psicoanalisi product_tag-psicopatologia product_tag-relacions-interpersonals has-post-thumbnail shipping-taxable product-type-simple\">\n\t<div class=\"product-h\"><div class=\"product-meta\"><\/div><\/div><\/li>\n<li class=\"product type-product post-7217 status-publish first instock product_cat-llibres product_tag-casos-clinicos product_tag-diagnostico product_tag-evaluacion product_tag-intervencion product_tag-salut-mental has-post-thumbnail shipping-taxable product-type-simple\">\n\t<div class=\"product-h\"><div class=\"product-meta\"><\/div><\/div><\/li>\n<li class=\"product type-product post-6533 status-publish instock product_cat-llibres product_tag-psicoanalisi product_tag-psicologia-del-jo product_tag-psiquiatria product_tag-relacions-interpersonals product_tag-salut-mental has-post-thumbnail shipping-taxable product-type-simple\">\n\t<div class=\"product-h\"><div class=\"product-meta\"><\/div><\/div><\/li>\n<li class=\"product type-product post-6532 status-publish last instock product_cat-llibres product_tag-espiritualitat product_tag-esquizofrenia product_tag-malalties-mentals product_tag-neurosi product_tag-psicoanalisi product_tag-psicopatologia product_tag-psicosi product_tag-psiquiatria product_tag-religions product_tag-salut-mental has-post-thumbnail shipping-taxable product-type-simple\">\n\t<div class=\"product-h\"><div class=\"product-meta\"><\/div><\/div><\/li>\n<\/ul>\n<\/div><\/div><\/div><\/div><\/div><\/div><\/section>\n","protected":false},"excerpt":{"rendered":"Fundaci\u00f3 Vidal i Barraquer Som una instituci\u00f3 creada l\u2019any 1964 i dedicada...","protected":false},"author":1,"featured_media":0,"parent":0,"menu_order":0,"comment_status":"closed","ping_status":"closed","template":"","meta":{"footnotes":""},"yoast_head":"<!-- This site is optimized with the Yoast SEO plugin v22.6 - https:\/\/yoast.com\/wordpress\/plugins\/seo\/ -->\n<title>Publicacions - Fundaci\u00f3 Vidal i Barraquer<\/title>\n<meta name=\"robots\" content=\"index, follow, max-snippet:-1, max-image-preview:large, max-video-preview:-1\" \/>\n<link rel=\"canonical\" href=\"https:\/\/www.fvb.cat\/ca\/publicacions\/\" \/>\n<meta property=\"og:locale\" content=\"ca_ES\" \/>\n<meta property=\"og:type\" content=\"article\" \/>\n<meta property=\"og:title\" content=\"[:ca]Publicacions[:es]Publicaciones[:] - Fundaci\u00f3 Vidal i Barraquer\" \/>\n<meta property=\"og:url\" content=\"https:\/\/www.fvb.cat\/ca\/publicacions\/\" \/>\n<meta property=\"og:site_name\" content=\"Fundaci\u00f3 Vidal i Barraquer\" \/>\n<meta property=\"article:modified_time\" content=\"2022-02-16T18:26:14+00:00\" \/>\n<meta name=\"twitter:card\" content=\"summary_large_image\" \/>\n<script type=\"application\/ld+json\" class=\"yoast-schema-graph\">{\"@context\":\"https:\/\/schema.org\",\"@graph\":[{\"@type\":\"WebPage\",\"@id\":\"https:\/\/www.fvb.cat\/ca\/publicacions\/\",\"url\":\"https:\/\/www.fvb.cat\/ca\/publicacions\/\",\"name\":\"[:ca]Publicacions[:es]Publicaciones[:] - Fundaci\u00f3 Vidal i Barraquer\",\"isPartOf\":{\"@id\":\"https:\/\/www.fvb.cat\/es\/#website\"},\"datePublished\":\"2017-04-20T06:47:06+00:00\",\"dateModified\":\"2022-02-16T18:26:14+00:00\",\"breadcrumb\":{\"@id\":\"https:\/\/www.fvb.cat\/ca\/publicacions\/#breadcrumb\"},\"inLanguage\":\"ca\",\"potentialAction\":[{\"@type\":\"ReadAction\",\"target\":[\"https:\/\/www.fvb.cat\/ca\/publicacions\/\"]}]},{\"@type\":\"BreadcrumbList\",\"@id\":\"https:\/\/www.fvb.cat\/ca\/publicacions\/#breadcrumb\",\"itemListElement\":[{\"@type\":\"ListItem\",\"position\":1,\"name\":\"Inici\",\"item\":\"https:\/\/www.fvb.cat\/es\/\"},{\"@type\":\"ListItem\",\"position\":2,\"name\":\"Publicacions\"}]},{\"@type\":\"WebSite\",\"@id\":\"https:\/\/www.fvb.cat\/es\/#website\",\"url\":\"https:\/\/www.fvb.cat\/es\/\",\"name\":\"Fundaci\u00f3 Vidal i Barraquer\",\"description\":\"Assist\u00e8ncia, doc\u00e8ncia i recerca en la salut mental\",\"publisher\":{\"@id\":\"https:\/\/www.fvb.cat\/es\/#organization\"},\"potentialAction\":[{\"@type\":\"SearchAction\",\"target\":{\"@type\":\"EntryPoint\",\"urlTemplate\":\"https:\/\/www.fvb.cat\/es\/?s={search_term_string}\"},\"query-input\":\"required name=search_term_string\"}],\"inLanguage\":\"ca\"},{\"@type\":\"Organization\",\"@id\":\"https:\/\/www.fvb.cat\/es\/#organization\",\"name\":\"Fundaci\u00f3 Vidal i Barraquer\",\"url\":\"https:\/\/www.fvb.cat\/es\/\",\"logo\":{\"@type\":\"ImageObject\",\"inLanguage\":\"ca\",\"@id\":\"https:\/\/www.fvb.cat\/es\/#\/schema\/logo\/image\/\",\"url\":\"https:\/\/www.fvb.cat\/wp-content\/uploads\/2024\/05\/logo-vidal-i-barrauqer-60-aniversari.jpg\",\"contentUrl\":\"https:\/\/www.fvb.cat\/wp-content\/uploads\/2024\/05\/logo-vidal-i-barrauqer-60-aniversari.jpg\",\"width\":2125,\"height\":703,\"caption\":\"Fundaci\u00f3 Vidal i Barraquer\"},\"image\":{\"@id\":\"https:\/\/www.fvb.cat\/es\/#\/schema\/logo\/image\/\"}}]}<\/script>\n<!-- \/ Yoast SEO plugin. -->","yoast_head_json":{"title":"[:ca]Publicacions[:es]Publicaciones[:] - Fundaci\u00f3 Vidal i Barraquer","robots":{"index":"index","follow":"follow","max-snippet":"max-snippet:-1","max-image-preview":"max-image-preview:large","max-video-preview":"max-video-preview:-1"},"canonical":"https:\/\/www.fvb.cat\/ca\/publicacions\/","og_locale":"ca_ES","og_type":"article","og_title":"[:ca]Publicacions[:es]Publicaciones[:] - Fundaci\u00f3 Vidal i Barraquer","og_url":"https:\/\/www.fvb.cat\/ca\/publicacions\/","og_site_name":"Fundaci\u00f3 Vidal i Barraquer","article_modified_time":"2022-02-16T18:26:14+00:00","twitter_card":"summary_large_image","schema":{"@context":"https:\/\/schema.org","@graph":[{"@type":"WebPage","@id":"https:\/\/www.fvb.cat\/ca\/publicacions\/","url":"https:\/\/www.fvb.cat\/ca\/publicacions\/","name":"[:ca]Publicacions[:es]Publicaciones[:] - Fundaci\u00f3 Vidal i Barraquer","isPartOf":{"@id":"https:\/\/www.fvb.cat\/es\/#website"},"datePublished":"2017-04-20T06:47:06+00:00","dateModified":"2022-02-16T18:26:14+00:00","breadcrumb":{"@id":"https:\/\/www.fvb.cat\/ca\/publicacions\/#breadcrumb"},"inLanguage":"ca","potentialAction":[{"@type":"ReadAction","target":["https:\/\/www.fvb.cat\/ca\/publicacions\/"]}]},{"@type":"BreadcrumbList","@id":"https:\/\/www.fvb.cat\/ca\/publicacions\/#breadcrumb","itemListElement":[{"@type":"ListItem","position":1,"name":"Inici","item":"https:\/\/www.fvb.cat\/es\/"},{"@type":"ListItem","position":2,"name":"Publicacions"}]},{"@type":"WebSite","@id":"https:\/\/www.fvb.cat\/es\/#website","url":"https:\/\/www.fvb.cat\/es\/","name":"Fundaci\u00f3 Vidal i Barraquer","description":"Assist\u00e8ncia, doc\u00e8ncia i recerca en la salut mental","publisher":{"@id":"https:\/\/www.fvb.cat\/es\/#organization"},"potentialAction":[{"@type":"SearchAction","target":{"@type":"EntryPoint","urlTemplate":"https:\/\/www.fvb.cat\/es\/?s={search_term_string}"},"query-input":"required name=search_term_string"}],"inLanguage":"ca"},{"@type":"Organization","@id":"https:\/\/www.fvb.cat\/es\/#organization","name":"Fundaci\u00f3 Vidal i Barraquer","url":"https:\/\/www.fvb.cat\/es\/","logo":{"@type":"ImageObject","inLanguage":"ca","@id":"https:\/\/www.fvb.cat\/es\/#\/schema\/logo\/image\/","url":"https:\/\/www.fvb.cat\/wp-content\/uploads\/2024\/05\/logo-vidal-i-barrauqer-60-aniversari.jpg","contentUrl":"https:\/\/www.fvb.cat\/wp-content\/uploads\/2024\/05\/logo-vidal-i-barrauqer-60-aniversari.jpg","width":2125,"height":703,"caption":"Fundaci\u00f3 Vidal i Barraquer"},"image":{"@id":"https:\/\/www.fvb.cat\/es\/#\/schema\/logo\/image\/"}}]}},"_links":{"self":[{"href":"https:\/\/www.fvb.cat\/ca\/wp-json\/wp\/v2\/pages\/5880"}],"collection":[{"href":"https:\/\/www.fvb.cat\/ca\/wp-json\/wp\/v2\/pages"}],"about":[{"href":"https:\/\/www.fvb.cat\/ca\/wp-json\/wp\/v2\/types\/page"}],"author":[{"embeddable":true,"href":"https:\/\/www.fvb.cat\/ca\/wp-json\/wp\/v2\/users\/1"}],"replies":[{"embeddable":true,"href":"https:\/\/www.fvb.cat\/ca\/wp-json\/wp\/v2\/comments?post=5880"}],"version-history":[{"count":21,"href":"https:\/\/www.fvb.cat\/ca\/wp-json\/wp\/v2\/pages\/5880\/revisions"}],"predecessor-version":[{"id":10567,"href":"https:\/\/www.fvb.cat\/ca\/wp-json\/wp\/v2\/pages\/5880\/revisions\/10567"}],"wp:attachment":[{"href":"https:\/\/www.fvb.cat\/ca\/wp-json\/wp\/v2\/media?parent=5880"}],"curies":[{"name":"wp","href":"https:\/\/api.w.org\/{rel}","templated":true}]}}