{"id":5878,"date":"2017-04-20T07:46:43","date_gmt":"2017-04-20T06:46:43","guid":{"rendered":"http:\/\/www.fvb.cat\/?page_id=5878"},"modified":"2026-01-16T13:48:26","modified_gmt":"2026-01-16T12:48:26","slug":"portal-de-transparencia","status":"publish","type":"page","link":"https:\/\/www.fvb.cat\/ca\/portal-de-transparencia\/","title":{"rendered":"Portal de transpar\u00e8ncia"},"content":{"rendered":"<section class=\"l-section wpb_row height_medium\"><div class=\"l-section-h i-cf\"><div class=\"g-cols type_default valign_top\"><div class=\"vc_col-sm-12 wpb_column vc_column_container\"><div class=\"vc_column-inner\"><div class=\"wpb_wrapper\"><div class=\"wpb_text_column \"><div class=\"wpb_wrapper\">\n<h1>Portal de transpar\u00e8ncia<\/h1>\n<\/div> <\/div> <div class=\"wpb_text_column \"><div class=\"wpb_wrapper\"><p>En compliment de la \u201cLey 19\/2013 de 9 de diciembre de transparencia, acceso a la informaci\u00f3n p\u00fablica y buen gobierno\u201d, i com a organitzaci\u00f3 no de lucre obrim aquest espai com a model de transpar\u00e8ncia en la utilitzaci\u00f3 dels fons p\u00fablics. Per aquest motiu us oferim les nostres mem\u00f2ries d\u2019activitats on compartim la informaci\u00f3 de la fundaci\u00f3 d\u2019una manera ordenada.<\/p>\n<p><a href=\"http:\/\/www.fvb.cat\/wp-content\/uploads\/2021\/05\/Pol\u00edtica-i-objectius-de-qualitat.pdf\" target=\"_blank\" rel=\"noopener noreferrer\">Pol\u00edtica i objectius de qualitat<\/a><\/p>\n<p><a href=\"https:\/\/www.fvb.cat\/wp-content\/uploads\/2025\/01\/Estatuts-2021-FVB-v-catala.pdf\">Estatuts\u00a0<\/a><\/p>\n<p><a href=\"http:\/\/www.fvb.cat\/wp-content\/uploads\/2017\/05\/M2015FVB.pdf\" target=\"_blank\" rel=\"noopener noreferrer\">Mem\u00f2ria 2015<\/a><\/p>\n<p><a href=\"http:\/\/www.fvb.cat\/wp-content\/uploads\/2017\/06\/MEMORIAFUNDACIO2016.pdf\" target=\"_blank\" rel=\"noopener noreferrer\">Mem\u00f2ria 2016<\/a><\/p>\n<p><a href=\"http:\/\/www.fvb.cat\/wp-content\/uploads\/2018\/05\/MEM\u00d2RIA2017.pdf\">Mem\u00f2ria 2017<\/a><\/p>\n<p><a href=\"http:\/\/www.fvb.cat\/wp-content\/uploads\/2017\/04\/Mem\u00f2ria-2018.pdf\" target=\"_blank\" rel=\"noopener noreferrer\">Mem\u00f2ria 2018<\/a><\/p>\n<p><a href=\"http:\/\/www.fvb.cat\/wp-content\/uploads\/2017\/04\/Mem\u00f2ria-FVB-2019defV5.pdf\" target=\"_blank\" rel=\"noopener noreferrer\">Mem\u00f2ria 2019<\/a><\/p>\n<p><a href=\"http:\/\/www.fvb.cat\/wp-content\/uploads\/2021\/09\/MEMORIA2020.pdf\">Mem\u00f2ria 2020<\/a><\/p>\n<p><a href=\"https:\/\/www.fvb.cat\/wp-content\/uploads\/2022\/07\/Memoria-2021.pdf\" target=\"_blank\" rel=\"noopener\">Mem\u00f2ria 2021<\/a><\/p>\n<p><a href=\"https:\/\/www.fvb.cat\/wp-content\/uploads\/2023\/08\/Memoria-2022-FVB.pdf\" target=\"_blank\" rel=\"noopener\">Mem\u00f2ria 2022<\/a><\/p>\n<p><a href=\"https:\/\/www.fvb.cat\/wp-content\/uploads\/2024\/11\/MEMORIA-2023-FUNDACIO-VIDAL-I-BARRAQUER.pdf\">Mem\u00f2ria 2023<\/a><\/p>\n<p><a href=\"https:\/\/www.fvb.cat\/wp-content\/uploads\/2026\/01\/Memoria-Fundacio-Vidal-i-Barraquer-2024-1.pdf\">Mem\u00f2ria 2024<\/a><\/p>\n<p><a href=\"http:\/\/www.fvb.cat\/wp-content\/uploads\/2018\/07\/auditoria-2017-FUNDACI\u00d3-CARDENAL-VIDAL-I-BARRAQUER.pdf\">Auditoria 2017<\/a><\/p>\n<p><a href=\"http:\/\/www.fvb.cat\/wp-content\/uploads\/2021\/05\/Auditoria-2018.pdf\">Auditoria 2018<\/a><\/p>\n<p><a href=\"http:\/\/www.fvb.cat\/wp-content\/uploads\/2021\/05\/auditoria-2019.pdf\">Auditoria 2019<\/a><\/p>\n<p><a href=\"http:\/\/www.fvb.cat\/wp-content\/uploads\/2021\/09\/A-7702-FUNDACIO-CARDENAL-VIDAL-I-BARRAQUER.pdf\">Auditoria 2020<\/a><\/p>\n<p><a href=\"https:\/\/www.fvb.cat\/wp-content\/uploads\/2022\/07\/Auditoria-2021.pdf\" target=\"_blank\" rel=\"noopener\">Auditoria 2021<\/a><\/p>\n<p><a href=\"https:\/\/www.fvb.cat\/wp-content\/uploads\/2023\/07\/Auditoria-2022.pdf\" target=\"_blank\" rel=\"noopener\">Auditoria 2022<\/a><\/p>\n<p><a href=\"https:\/\/www.fvb.cat\/wp-content\/uploads\/2024\/06\/COMPTES-ANUALS-FVB-2023.pdf\">Auditoria 2023<\/a><\/p>\n<p><a href=\"https:\/\/www.fvb.cat\/wp-content\/uploads\/2025\/09\/AUDITORIA-2024-FUNDACIO-VIDAL-I-BARRAQUER.pdf\">Auditoria 2024<\/a><\/p>\n<p><a ref=\"magnificPopup\" href=\"https:\/\/www.fvb.cat\/wp-content\/uploads\/2025\/07\/BalancSocial_2024.png\">Balan\u00e7 Social 2024<\/a><\/p>\n<p><a ref=\"magnificPopup\" href=\"https:\/\/www.fvb.cat\/wp-content\/uploads\/2025\/05\/Balanc-Social-2023.png\">Balan\u00e7 Social 2023<\/a><\/p>\n<p><a href=\"https:\/\/www.fvb.cat\/wp-content\/uploads\/2023\/07\/Balanc-Social-2022.pdf\" target=\"_blank\" rel=\"noopener\">Balan\u00e7 Social 2022<\/a><\/p><\/div> <\/div> <\/div><\/div><\/div><\/div><\/div><\/section>","protected":false},"excerpt":{"rendered":"Fundaci\u00f3 Vidal i Barraquer Som una instituci\u00f3 creada l\u2019any 1964 i dedicada...","protected":false},"author":1,"featured_media":0,"parent":0,"menu_order":0,"comment_status":"closed","ping_status":"closed","template":"","meta":{"footnotes":""},"yoast_head":"<!-- This site is optimized with the Yoast SEO plugin v22.6 - https:\/\/yoast.com\/wordpress\/plugins\/seo\/ -->\n<title>Portal de transpar\u00e8ncia - Fundaci\u00f3 Vidal i Barraquer<\/title>\n<meta name=\"robots\" content=\"index, follow, max-snippet:-1, max-image-preview:large, max-video-preview:-1\" \/>\n<link rel=\"canonical\" href=\"https:\/\/www.fvb.cat\/es\/portal-de-transparencia\/\" \/>\n<meta property=\"og:locale\" content=\"ca_ES\" \/>\n<meta property=\"og:type\" content=\"article\" \/>\n<meta property=\"og:title\" content=\"[:ca]Portal de transpar\u00e8ncia[:es]Portal de transparencia[:] - Fundaci\u00f3 Vidal i Barraquer\" \/>\n<meta property=\"og:url\" content=\"https:\/\/www.fvb.cat\/es\/portal-de-transparencia\/\" \/>\n<meta property=\"og:site_name\" content=\"Fundaci\u00f3 Vidal i Barraquer\" \/>\n<meta property=\"article:modified_time\" content=\"2026-01-16T12:48:26+00:00\" \/>\n<meta name=\"twitter:card\" content=\"summary_large_image\" \/>\n<meta name=\"twitter:label1\" content=\"Temps estimat de lectura\" \/>\n\t<meta name=\"twitter:data1\" content=\"1 minut\" \/>\n<script type=\"application\/ld+json\" class=\"yoast-schema-graph\">{\"@context\":\"https:\/\/schema.org\",\"@graph\":[{\"@type\":\"WebPage\",\"@id\":\"https:\/\/www.fvb.cat\/es\/portal-de-transparencia\/\",\"url\":\"https:\/\/www.fvb.cat\/es\/portal-de-transparencia\/\",\"name\":\"[:ca]Portal de transpar\u00e8ncia[:es]Portal de transparencia[:] - Fundaci\u00f3 Vidal i Barraquer\",\"isPartOf\":{\"@id\":\"https:\/\/www.fvb.cat\/es\/#website\"},\"datePublished\":\"2017-04-20T06:46:43+00:00\",\"dateModified\":\"2026-01-16T12:48:26+00:00\",\"breadcrumb\":{\"@id\":\"https:\/\/www.fvb.cat\/es\/portal-de-transparencia\/#breadcrumb\"},\"inLanguage\":\"ca\",\"potentialAction\":[{\"@type\":\"ReadAction\",\"target\":[\"https:\/\/www.fvb.cat\/es\/portal-de-transparencia\/\"]}]},{\"@type\":\"BreadcrumbList\",\"@id\":\"https:\/\/www.fvb.cat\/es\/portal-de-transparencia\/#breadcrumb\",\"itemListElement\":[{\"@type\":\"ListItem\",\"position\":1,\"name\":\"Inici\",\"item\":\"https:\/\/www.fvb.cat\/es\/\"},{\"@type\":\"ListItem\",\"position\":2,\"name\":\"Portal de transparencia\"}]},{\"@type\":\"WebSite\",\"@id\":\"https:\/\/www.fvb.cat\/es\/#website\",\"url\":\"https:\/\/www.fvb.cat\/es\/\",\"name\":\"Fundaci\u00f3 Vidal i Barraquer\",\"description\":\"Assist\u00e8ncia, doc\u00e8ncia i recerca en la salut mental\",\"publisher\":{\"@id\":\"https:\/\/www.fvb.cat\/es\/#organization\"},\"potentialAction\":[{\"@type\":\"SearchAction\",\"target\":{\"@type\":\"EntryPoint\",\"urlTemplate\":\"https:\/\/www.fvb.cat\/es\/?s={search_term_string}\"},\"query-input\":\"required name=search_term_string\"}],\"inLanguage\":\"ca\"},{\"@type\":\"Organization\",\"@id\":\"https:\/\/www.fvb.cat\/es\/#organization\",\"name\":\"Fundaci\u00f3 Vidal i Barraquer\",\"url\":\"https:\/\/www.fvb.cat\/es\/\",\"logo\":{\"@type\":\"ImageObject\",\"inLanguage\":\"ca\",\"@id\":\"https:\/\/www.fvb.cat\/es\/#\/schema\/logo\/image\/\",\"url\":\"https:\/\/www.fvb.cat\/wp-content\/uploads\/2024\/05\/logo-vidal-i-barrauqer-60-aniversari.jpg\",\"contentUrl\":\"https:\/\/www.fvb.cat\/wp-content\/uploads\/2024\/05\/logo-vidal-i-barrauqer-60-aniversari.jpg\",\"width\":2125,\"height\":703,\"caption\":\"Fundaci\u00f3 Vidal i Barraquer\"},\"image\":{\"@id\":\"https:\/\/www.fvb.cat\/es\/#\/schema\/logo\/image\/\"}}]}<\/script>\n<!-- \/ Yoast SEO plugin. -->","yoast_head_json":{"title":"[:ca]Portal de transpar\u00e8ncia[:es]Portal de transparencia[:] - Fundaci\u00f3 Vidal i Barraquer","robots":{"index":"index","follow":"follow","max-snippet":"max-snippet:-1","max-image-preview":"max-image-preview:large","max-video-preview":"max-video-preview:-1"},"canonical":"https:\/\/www.fvb.cat\/es\/portal-de-transparencia\/","og_locale":"ca_ES","og_type":"article","og_title":"[:ca]Portal de transpar\u00e8ncia[:es]Portal de transparencia[:] - Fundaci\u00f3 Vidal i Barraquer","og_url":"https:\/\/www.fvb.cat\/es\/portal-de-transparencia\/","og_site_name":"Fundaci\u00f3 Vidal i Barraquer","article_modified_time":"2026-01-16T12:48:26+00:00","twitter_card":"summary_large_image","twitter_misc":{"Temps estimat de lectura":"1 minut"},"schema":{"@context":"https:\/\/schema.org","@graph":[{"@type":"WebPage","@id":"https:\/\/www.fvb.cat\/es\/portal-de-transparencia\/","url":"https:\/\/www.fvb.cat\/es\/portal-de-transparencia\/","name":"[:ca]Portal de transpar\u00e8ncia[:es]Portal de transparencia[:] - Fundaci\u00f3 Vidal i Barraquer","isPartOf":{"@id":"https:\/\/www.fvb.cat\/es\/#website"},"datePublished":"2017-04-20T06:46:43+00:00","dateModified":"2026-01-16T12:48:26+00:00","breadcrumb":{"@id":"https:\/\/www.fvb.cat\/es\/portal-de-transparencia\/#breadcrumb"},"inLanguage":"ca","potentialAction":[{"@type":"ReadAction","target":["https:\/\/www.fvb.cat\/es\/portal-de-transparencia\/"]}]},{"@type":"BreadcrumbList","@id":"https:\/\/www.fvb.cat\/es\/portal-de-transparencia\/#breadcrumb","itemListElement":[{"@type":"ListItem","position":1,"name":"Inici","item":"https:\/\/www.fvb.cat\/es\/"},{"@type":"ListItem","position":2,"name":"Portal de transparencia"}]},{"@type":"WebSite","@id":"https:\/\/www.fvb.cat\/es\/#website","url":"https:\/\/www.fvb.cat\/es\/","name":"Fundaci\u00f3 Vidal i Barraquer","description":"Assist\u00e8ncia, doc\u00e8ncia i recerca en la salut mental","publisher":{"@id":"https:\/\/www.fvb.cat\/es\/#organization"},"potentialAction":[{"@type":"SearchAction","target":{"@type":"EntryPoint","urlTemplate":"https:\/\/www.fvb.cat\/es\/?s={search_term_string}"},"query-input":"required name=search_term_string"}],"inLanguage":"ca"},{"@type":"Organization","@id":"https:\/\/www.fvb.cat\/es\/#organization","name":"Fundaci\u00f3 Vidal i Barraquer","url":"https:\/\/www.fvb.cat\/es\/","logo":{"@type":"ImageObject","inLanguage":"ca","@id":"https:\/\/www.fvb.cat\/es\/#\/schema\/logo\/image\/","url":"https:\/\/www.fvb.cat\/wp-content\/uploads\/2024\/05\/logo-vidal-i-barrauqer-60-aniversari.jpg","contentUrl":"https:\/\/www.fvb.cat\/wp-content\/uploads\/2024\/05\/logo-vidal-i-barrauqer-60-aniversari.jpg","width":2125,"height":703,"caption":"Fundaci\u00f3 Vidal i Barraquer"},"image":{"@id":"https:\/\/www.fvb.cat\/es\/#\/schema\/logo\/image\/"}}]}},"_links":{"self":[{"href":"https:\/\/www.fvb.cat\/ca\/wp-json\/wp\/v2\/pages\/5878"}],"collection":[{"href":"https:\/\/www.fvb.cat\/ca\/wp-json\/wp\/v2\/pages"}],"about":[{"href":"https:\/\/www.fvb.cat\/ca\/wp-json\/wp\/v2\/types\/page"}],"author":[{"embeddable":true,"href":"https:\/\/www.fvb.cat\/ca\/wp-json\/wp\/v2\/users\/1"}],"replies":[{"embeddable":true,"href":"https:\/\/www.fvb.cat\/ca\/wp-json\/wp\/v2\/comments?post=5878"}],"version-history":[{"count":38,"href":"https:\/\/www.fvb.cat\/ca\/wp-json\/wp\/v2\/pages\/5878\/revisions"}],"predecessor-version":[{"id":18141,"href":"https:\/\/www.fvb.cat\/ca\/wp-json\/wp\/v2\/pages\/5878\/revisions\/18141"}],"wp:attachment":[{"href":"https:\/\/www.fvb.cat\/ca\/wp-json\/wp\/v2\/media?parent=5878"}],"curies":[{"name":"wp","href":"https:\/\/api.w.org\/{rel}","templated":true}]}}