{"id":5874,"date":"2017-04-20T07:45:46","date_gmt":"2017-04-20T06:45:46","guid":{"rendered":"http:\/\/www.fvb.cat\/?page_id=5874"},"modified":"2026-04-30T11:30:15","modified_gmt":"2026-04-30T10:30:15","slug":"docencia","status":"publish","type":"page","link":"https:\/\/www.fvb.cat\/ca\/docencia\/","title":{"rendered":"Doc\u00e8ncia"},"content":{"rendered":"<section class=\"l-section wpb_row height_medium\"><div class=\"l-section-h i-cf\"><div class=\"g-cols type_default valign_top\"><div class=\"vc_col-sm-12 wpb_column vc_column_container\"><div class=\"vc_column-inner\"><div class=\"wpb_wrapper\"><div class=\"wpb_text_column \"><div class=\"wpb_wrapper\">\n<h1>CURS <strong>2026-2027<\/strong><\/h1>\n<\/div> <\/div> <div class=\"g-cols wpb_row type_default valign_top vc_inner \"><div class=\"vc_col-sm-8 wpb_column vc_column_container\"><div class=\"vc_column-inner\"><div class=\"wpb_wrapper\"><div class=\"wpb_text_column \"><div class=\"wpb_wrapper\"><p>Els programes de postgrau (m\u00e0ster, especialitzaci\u00f3 i expertesa) tenen la finalitat d\u2019oferir una formaci\u00f3 avan\u00e7ada per assolir una\u00a0especialitzaci\u00f3 acad\u00e8mica i\/o professional. D\u2019acord amb aquesta finalitat i amb les necessitats espec\u00edfiques de la formaci\u00f3 de professionals en l\u2019\u00e0mbit de la salut mental, els nostres programes articulen\u00a0professionalitzaci\u00f3 i recerca, tant en \u00e0mbits assistencials\u00a0p\u00fablics com privats. Tot aix\u00f2 queda reflectit en els continguts te\u00f2rics i t\u00e8cnics, en l\u2019experi\u00e8ncia dels docents i tutors, aix\u00ed com en el programa de pr\u00e0ctiques mitjan\u00e7ant els centres que hi col\u00b7laboren.<\/p>\n<p>Actualment, tots els programes formatius estan adaptats a\u00a0l\u2019Espai Europeu d\u2019Educaci\u00f3 Superior,\u00a0on l\u2019avaluaci\u00f3 \u00e9s continuada i la c\u00e0rrega lectiva es mesura en cr\u00e8dits ECTS (<em>European Credit Transfer System<\/em>). Un cr\u00e8dit equival a 25 hores de feina i s\u2019hi comptabilitzen les hores d\u2019assist\u00e8ncia a classe, d\u2019elaboraci\u00f3 de treballs, d\u2019estudi, de pr\u00e0ctiques, de proves d\u2019avaluaci\u00f3 i de tutoria amb els professors.<\/p>\n<p>Idioma de doc\u00e8ncia:\u00a0Catal\u00e0 i castell\u00e0.<\/p><\/div> <\/div> <\/div><\/div><\/div><div class=\"vc_col-sm-4 wpb_column vc_column_container\"><div class=\"vc_column-inner\"><div class=\"wpb_wrapper\"><div class=\"w-image\"><div class=\"us-frame\"><img loading=\"lazy\" decoding=\"async\" width=\"1024\" height=\"607\" src=\"https:\/\/www.fvb.cat\/wp-content\/uploads\/2025\/12\/IUVB_CAT-1024x607.png\" class=\"attachment-large size-large\" alt=\"\" srcset=\"https:\/\/www.fvb.cat\/wp-content\/uploads\/2025\/12\/IUVB_CAT-1024x607.png 1024w, https:\/\/www.fvb.cat\/wp-content\/uploads\/2025\/12\/IUVB_CAT-300x178.png 300w, https:\/\/www.fvb.cat\/wp-content\/uploads\/2025\/12\/IUVB_CAT-768x455.png 768w, https:\/\/www.fvb.cat\/wp-content\/uploads\/2025\/12\/IUVB_CAT-1536x910.png 1536w, https:\/\/www.fvb.cat\/wp-content\/uploads\/2025\/12\/IUVB_CAT-2048x1214.png 2048w, https:\/\/www.fvb.cat\/wp-content\/uploads\/2025\/12\/IUVB_CAT-320x190.png 320w, https:\/\/www.fvb.cat\/wp-content\/uploads\/2025\/12\/IUVB_CAT-480x284.png 480w, https:\/\/www.fvb.cat\/wp-content\/uploads\/2025\/12\/IUVB_CAT-800x474.png 800w, https:\/\/www.fvb.cat\/wp-content\/uploads\/2025\/12\/IUVB_CAT-600x356.png 600w\" sizes=\"(max-width: 1024px) 100vw, 1024px\" \/><\/div><\/div><\/div><\/div><\/div><\/div><\/div><\/div><\/div><\/div><\/div><\/section><section class=\"l-section wpb_row height_medium\"><div class=\"l-section-h i-cf\"><div class=\"g-cols type_default valign_top\"><div class=\"vc_col-sm-4 wpb_column vc_column_container\"><div class=\"vc_column-inner\"><div class=\"wpb_wrapper\"><div class=\"wpb_text_column  ib-home\"><div class=\"wpb_wrapper\">\n<h4 class=\"w-iconbox-title\">M\u00c0STERS<\/h4>\n<\/div> <\/div> <div class=\"wpb_text_column  myp-link\"><div class=\"wpb_wrapper\"><a href=\"https:\/\/www.fvb.cat\/ca\/docencia\/master-de-formacio-permanent-psicoterapia-psicoanalitica-contemporania-2024\/\"><strong>M\u00e0ster de Formaci\u00f3 Permanent en Psicoter\u00e0pia Psicoanal\u00edtica Contempor\u00e0nia<\/strong><\/a><\/div> <\/div> <div class=\"wpb_text_column  myp-link\"><div class=\"wpb_wrapper\"><a href=\"http:\/\/www.fvb.cat\/docencia\/master-en-psicologia-general-sanitaria\/\"><strong>M\u00e0ster Universitari en Psicologia General Sanit\u00e0ria<\/strong><\/a><\/div> <\/div> <div class=\"wpb_text_column  myp-link\"><div class=\"wpb_wrapper\"><a href=\"http:\/\/www.fvb.cat\/docencia\/master-en-terapia-familiar\/\"><strong>M\u00e0ster de Formaci\u00f3 Permanent en Ter\u00e0pia Familiar<\/strong><\/a><\/div> <\/div> <div class=\"wpb_text_column  myp-link\"><div class=\"wpb_wrapper\"><a href=\"https:\/\/www.fvb.cat\/ca\/docencia\/master-de-formacio-permanent-en-espiritualitat-transcultural\/\"><strong>M\u00e0ster de Formaci\u00f3 Permanent en Espiritualitat Transcultural<\/strong><\/a><\/div> <\/div> <\/div><\/div><\/div><div class=\"vc_col-sm-4 wpb_column vc_column_container\"><div class=\"vc_column-inner\"><div class=\"wpb_wrapper\"><div class=\"wpb_text_column  ib-home\"><div class=\"wpb_wrapper\">\n<h4 class=\"w-iconbox-title\">T\u00cdTOL EXPERT<\/h4>\n<\/div> <\/div> <div class=\"wpb_text_column  myp-link\"><div class=\"wpb_wrapper\"><a href=\"https:\/\/www.fvb.cat\/ca\/docencia\/curs-expert-universitari-acompanyament-espiritual-2024-2025\/\"><strong>T\u00edtol d&#8217;Expert Universitari en Acompanyament Espiritual<\/strong><\/a><\/div> <\/div> <\/div><\/div><\/div><div class=\"vc_col-sm-4 wpb_column vc_column_container\"><div class=\"vc_column-inner\"><div class=\"wpb_wrapper\"><div class=\"wpb_text_column  ib-home\"><div class=\"wpb_wrapper\">\n<h4 class=\"w-iconbox-title\">CURSOS<\/h4>\n<\/div> <\/div> <div class=\"wpb_text_column  myp-link\"><div class=\"wpb_wrapper\"><a href=\"https:\/\/www.fvb.cat\/ca\/docencia\/formacio-continuada\/\"><strong>Formaci\u00f3 Continuada en Psicoter\u00e0pia<\/strong><\/a><\/div> <\/div> <div class=\"wpb_text_column  myp-link\"><div class=\"wpb_wrapper\"><a href=\"https:\/\/www.fvb.cat\/ca\/docencia\/formacio-continuada-ups-2\/\"><strong>Formaci\u00f3 \u2013 AMBIT Multi-Team Training<\/strong><\/a><\/div> <\/div> <div class=\"wpb_text_column \"><div class=\"wpb_wrapper\"><strong><a href=\"https:\/\/www.fvb.cat\/ca\/docencia\/formacio-continuada-espiritualitat\/\">Formaci\u00f3 Continuada en Espiritualitat<\/a><\/strong><\/div> <\/div> <\/div><\/div><\/div><div class=\"vc_col-sm-12 wpb_column vc_column_container has-fill\"><div class=\"vc_column-inner  vc_custom_1648656515198\"><div class=\"wpb_wrapper\"><div class=\"w-separator type_default size_medium thick_5 style_solid color_border cont_none\"><span class=\"w-separator-h\"><\/span><\/div><div class=\"wpb_text_column \"><div class=\"wpb_wrapper\">\n<h4><strong>Informa&#8217;t<\/strong> dels nostres serveis de <strong>dilluns a divendres de 15.30h a 21.00h<\/strong><\/h4>\n<h4><img loading=\"lazy\" decoding=\"async\" class=\"alignnone wp-image-9960\" src=\"https:\/\/www.fvb.cat\/wp-content\/uploads\/2021\/06\/whatsapp.png\" alt=\"\" width=\"25\" height=\"24\" srcset=\"https:\/\/www.fvb.cat\/wp-content\/uploads\/2021\/06\/whatsapp.png 155w, https:\/\/www.fvb.cat\/wp-content\/uploads\/2021\/06\/whatsapp-100x100.png 100w, https:\/\/www.fvb.cat\/wp-content\/uploads\/2021\/06\/whatsapp-150x150.png 150w\" sizes=\"(max-width: 25px) 100vw, 25px\" \/> 670.26.32.84 \u00a0 \u00a0 <img loading=\"lazy\" decoding=\"async\" class=\"alignnone wp-image-10030\" src=\"https:\/\/www.fvb.cat\/wp-content\/uploads\/2021\/06\/telefon.png\" alt=\"\" width=\"26\" height=\"20\" \/> 934.34.00.01 \u00a0 o escriu-nos a <strong>docencia@fvb.cat<\/strong><\/h4>\n<\/div> <\/div> <div class=\"wpb_text_column \"><div class=\"wpb_wrapper\">\n<h4><\/h4>\n<h4><strong>Segueix-nos a les xarxes socials de l&#8217;IUSMVB &#8211; URL<\/strong><\/h4>\n<\/div> <\/div> <div class=\"w-socials align_left style_outlined color_link index_1\" style=\"font-size:25px;\"><div class=\"w-socials-list\"><div class=\"w-socials-item email\">\n\t\t\t\t<a class=\"w-socials-item-link\" target=\"_blank\" href=\"mailto:docencia@fvb.cat\">\n\t\t\t\t\t<span class=\"w-socials-item-link-hover\"><\/span>\n\t\t\t\t<\/a>\n\t\t\t\t<div class=\"w-socials-item-popup\">\n\t\t\t\t\t<span>Email<\/span>\n\t\t\t\t<\/div>\n\t\t\t<\/div><div class=\"w-socials-item facebook\">\n\t\t\t\t<a class=\"w-socials-item-link\" target=\"_blank\" href=\"https:\/\/www.facebook.com\/IUSalutMentalVB\">\n\t\t\t\t\t<span class=\"w-socials-item-link-hover\"><\/span>\n\t\t\t\t<\/a>\n\t\t\t\t<div class=\"w-socials-item-popup\">\n\t\t\t\t\t<span>Facebook<\/span>\n\t\t\t\t<\/div>\n\t\t\t<\/div><div class=\"w-socials-item twitter\">\n\t\t\t\t<a class=\"w-socials-item-link\" target=\"_blank\" href=\"https:\/\/twitter.com\/IUSalutMentalVB\">\n\t\t\t\t\t<span class=\"w-socials-item-link-hover\"><\/span>\n\t\t\t\t<\/a>\n\t\t\t\t<div class=\"w-socials-item-popup\">\n\t\t\t\t\t<span>Twitter<\/span>\n\t\t\t\t<\/div>\n\t\t\t<\/div><div class=\"w-socials-item youtube\">\n\t\t\t\t<a class=\"w-socials-item-link\" target=\"_blank\" href=\"https:\/\/www.youtube.com\/channel\/UCQ4UXxgNU7lWsnRU1w-nxbQ\">\n\t\t\t\t\t<span class=\"w-socials-item-link-hover\"><\/span>\n\t\t\t\t<\/a>\n\t\t\t\t<div class=\"w-socials-item-popup\">\n\t\t\t\t\t<span>YouTube<\/span>\n\t\t\t\t<\/div>\n\t\t\t<\/div><div class=\"w-socials-item instagram\">\n\t\t\t\t<a class=\"w-socials-item-link\" target=\"_blank\" href=\"https:\/\/www.instagram.com\/iusalutmentalvb\/\">\n\t\t\t\t\t<span class=\"w-socials-item-link-hover\"><\/span>\n\t\t\t\t<\/a>\n\t\t\t\t<div class=\"w-socials-item-popup\">\n\t\t\t\t\t<span>Instagram<\/span>\n\t\t\t\t<\/div>\n\t\t\t<\/div><\/div><\/div><\/div><\/div><\/div><\/div><\/div><\/section>","protected":false},"excerpt":{"rendered":"Fundaci\u00f3 Vidal i Barraquer Som una instituci\u00f3 creada l\u2019any 1964 i dedicada...","protected":false},"author":1,"featured_media":0,"parent":0,"menu_order":0,"comment_status":"closed","ping_status":"closed","template":"","meta":{"footnotes":""},"yoast_head":"<!-- This site is optimized with the Yoast SEO plugin v22.6 - https:\/\/yoast.com\/wordpress\/plugins\/seo\/ -->\n<title>Doc\u00e8ncia  - Fundaci\u00f3 Vidal i Barraquer<\/title>\n<meta name=\"robots\" content=\"index, follow, max-snippet:-1, max-image-preview:large, max-video-preview:-1\" \/>\n<link rel=\"canonical\" href=\"https:\/\/www.fvb.cat\/es\/docencia\/\" \/>\n<meta property=\"og:locale\" content=\"ca_ES\" \/>\n<meta property=\"og:type\" content=\"article\" \/>\n<meta property=\"og:title\" content=\"[:ca]Doc\u00e8ncia [:es]Docencia [:] - Fundaci\u00f3 Vidal i Barraquer\" \/>\n<meta property=\"og:url\" content=\"https:\/\/www.fvb.cat\/es\/docencia\/\" \/>\n<meta property=\"og:site_name\" content=\"Fundaci\u00f3 Vidal i Barraquer\" \/>\n<meta property=\"article:modified_time\" content=\"2026-04-30T10:30:15+00:00\" \/>\n<meta property=\"og:image\" content=\"https:\/\/www.fvb.cat\/wp-content\/uploads\/2021\/06\/whatsapp.png\" \/>\n<meta name=\"twitter:card\" content=\"summary_large_image\" \/>\n<meta name=\"twitter:label1\" content=\"Temps estimat de lectura\" \/>\n\t<meta name=\"twitter:data1\" content=\"2 minuts\" \/>\n<script type=\"application\/ld+json\" class=\"yoast-schema-graph\">{\"@context\":\"https:\/\/schema.org\",\"@graph\":[{\"@type\":\"WebPage\",\"@id\":\"https:\/\/www.fvb.cat\/es\/docencia\/\",\"url\":\"https:\/\/www.fvb.cat\/es\/docencia\/\",\"name\":\"[:ca]Doc\u00e8ncia [:es]Docencia [:] - Fundaci\u00f3 Vidal i Barraquer\",\"isPartOf\":{\"@id\":\"https:\/\/www.fvb.cat\/es\/#website\"},\"primaryImageOfPage\":{\"@id\":\"https:\/\/www.fvb.cat\/es\/docencia\/#primaryimage\"},\"image\":{\"@id\":\"https:\/\/www.fvb.cat\/es\/docencia\/#primaryimage\"},\"thumbnailUrl\":\"https:\/\/www.fvb.cat\/wp-content\/uploads\/2021\/06\/whatsapp.png\",\"datePublished\":\"2017-04-20T06:45:46+00:00\",\"dateModified\":\"2026-04-30T10:30:15+00:00\",\"breadcrumb\":{\"@id\":\"https:\/\/www.fvb.cat\/es\/docencia\/#breadcrumb\"},\"inLanguage\":\"ca\",\"potentialAction\":[{\"@type\":\"ReadAction\",\"target\":[\"https:\/\/www.fvb.cat\/es\/docencia\/\"]}]},{\"@type\":\"ImageObject\",\"inLanguage\":\"ca\",\"@id\":\"https:\/\/www.fvb.cat\/es\/docencia\/#primaryimage\",\"url\":\"https:\/\/www.fvb.cat\/wp-content\/uploads\/2021\/06\/whatsapp.png\",\"contentUrl\":\"https:\/\/www.fvb.cat\/wp-content\/uploads\/2021\/06\/whatsapp.png\"},{\"@type\":\"BreadcrumbList\",\"@id\":\"https:\/\/www.fvb.cat\/es\/docencia\/#breadcrumb\",\"itemListElement\":[{\"@type\":\"ListItem\",\"position\":1,\"name\":\"Inici\",\"item\":\"https:\/\/www.fvb.cat\/es\/\"},{\"@type\":\"ListItem\",\"position\":2,\"name\":\"Docencia\"}]},{\"@type\":\"WebSite\",\"@id\":\"https:\/\/www.fvb.cat\/es\/#website\",\"url\":\"https:\/\/www.fvb.cat\/es\/\",\"name\":\"Fundaci\u00f3 Vidal i Barraquer\",\"description\":\"Assist\u00e8ncia, doc\u00e8ncia i recerca en la salut mental\",\"publisher\":{\"@id\":\"https:\/\/www.fvb.cat\/es\/#organization\"},\"potentialAction\":[{\"@type\":\"SearchAction\",\"target\":{\"@type\":\"EntryPoint\",\"urlTemplate\":\"https:\/\/www.fvb.cat\/es\/?s={search_term_string}\"},\"query-input\":\"required name=search_term_string\"}],\"inLanguage\":\"ca\"},{\"@type\":\"Organization\",\"@id\":\"https:\/\/www.fvb.cat\/es\/#organization\",\"name\":\"Fundaci\u00f3 Vidal i Barraquer\",\"url\":\"https:\/\/www.fvb.cat\/es\/\",\"logo\":{\"@type\":\"ImageObject\",\"inLanguage\":\"ca\",\"@id\":\"https:\/\/www.fvb.cat\/es\/#\/schema\/logo\/image\/\",\"url\":\"https:\/\/www.fvb.cat\/wp-content\/uploads\/2024\/05\/logo-vidal-i-barrauqer-60-aniversari.jpg\",\"contentUrl\":\"https:\/\/www.fvb.cat\/wp-content\/uploads\/2024\/05\/logo-vidal-i-barrauqer-60-aniversari.jpg\",\"width\":2125,\"height\":703,\"caption\":\"Fundaci\u00f3 Vidal i Barraquer\"},\"image\":{\"@id\":\"https:\/\/www.fvb.cat\/es\/#\/schema\/logo\/image\/\"}}]}<\/script>\n<!-- \/ Yoast SEO plugin. -->","yoast_head_json":{"title":"[:ca]Doc\u00e8ncia [:es]Docencia [:] - Fundaci\u00f3 Vidal i Barraquer","robots":{"index":"index","follow":"follow","max-snippet":"max-snippet:-1","max-image-preview":"max-image-preview:large","max-video-preview":"max-video-preview:-1"},"canonical":"https:\/\/www.fvb.cat\/es\/docencia\/","og_locale":"ca_ES","og_type":"article","og_title":"[:ca]Doc\u00e8ncia [:es]Docencia [:] - Fundaci\u00f3 Vidal i Barraquer","og_url":"https:\/\/www.fvb.cat\/es\/docencia\/","og_site_name":"Fundaci\u00f3 Vidal i Barraquer","article_modified_time":"2026-04-30T10:30:15+00:00","og_image":[{"url":"https:\/\/www.fvb.cat\/wp-content\/uploads\/2021\/06\/whatsapp.png"}],"twitter_card":"summary_large_image","twitter_misc":{"Temps estimat de lectura":"2 minuts"},"schema":{"@context":"https:\/\/schema.org","@graph":[{"@type":"WebPage","@id":"https:\/\/www.fvb.cat\/es\/docencia\/","url":"https:\/\/www.fvb.cat\/es\/docencia\/","name":"[:ca]Doc\u00e8ncia [:es]Docencia [:] - Fundaci\u00f3 Vidal i Barraquer","isPartOf":{"@id":"https:\/\/www.fvb.cat\/es\/#website"},"primaryImageOfPage":{"@id":"https:\/\/www.fvb.cat\/es\/docencia\/#primaryimage"},"image":{"@id":"https:\/\/www.fvb.cat\/es\/docencia\/#primaryimage"},"thumbnailUrl":"https:\/\/www.fvb.cat\/wp-content\/uploads\/2021\/06\/whatsapp.png","datePublished":"2017-04-20T06:45:46+00:00","dateModified":"2026-04-30T10:30:15+00:00","breadcrumb":{"@id":"https:\/\/www.fvb.cat\/es\/docencia\/#breadcrumb"},"inLanguage":"ca","potentialAction":[{"@type":"ReadAction","target":["https:\/\/www.fvb.cat\/es\/docencia\/"]}]},{"@type":"ImageObject","inLanguage":"ca","@id":"https:\/\/www.fvb.cat\/es\/docencia\/#primaryimage","url":"https:\/\/www.fvb.cat\/wp-content\/uploads\/2021\/06\/whatsapp.png","contentUrl":"https:\/\/www.fvb.cat\/wp-content\/uploads\/2021\/06\/whatsapp.png"},{"@type":"BreadcrumbList","@id":"https:\/\/www.fvb.cat\/es\/docencia\/#breadcrumb","itemListElement":[{"@type":"ListItem","position":1,"name":"Inici","item":"https:\/\/www.fvb.cat\/es\/"},{"@type":"ListItem","position":2,"name":"Docencia"}]},{"@type":"WebSite","@id":"https:\/\/www.fvb.cat\/es\/#website","url":"https:\/\/www.fvb.cat\/es\/","name":"Fundaci\u00f3 Vidal i Barraquer","description":"Assist\u00e8ncia, doc\u00e8ncia i recerca en la salut mental","publisher":{"@id":"https:\/\/www.fvb.cat\/es\/#organization"},"potentialAction":[{"@type":"SearchAction","target":{"@type":"EntryPoint","urlTemplate":"https:\/\/www.fvb.cat\/es\/?s={search_term_string}"},"query-input":"required name=search_term_string"}],"inLanguage":"ca"},{"@type":"Organization","@id":"https:\/\/www.fvb.cat\/es\/#organization","name":"Fundaci\u00f3 Vidal i Barraquer","url":"https:\/\/www.fvb.cat\/es\/","logo":{"@type":"ImageObject","inLanguage":"ca","@id":"https:\/\/www.fvb.cat\/es\/#\/schema\/logo\/image\/","url":"https:\/\/www.fvb.cat\/wp-content\/uploads\/2024\/05\/logo-vidal-i-barrauqer-60-aniversari.jpg","contentUrl":"https:\/\/www.fvb.cat\/wp-content\/uploads\/2024\/05\/logo-vidal-i-barrauqer-60-aniversari.jpg","width":2125,"height":703,"caption":"Fundaci\u00f3 Vidal i Barraquer"},"image":{"@id":"https:\/\/www.fvb.cat\/es\/#\/schema\/logo\/image\/"}}]}},"_links":{"self":[{"href":"https:\/\/www.fvb.cat\/ca\/wp-json\/wp\/v2\/pages\/5874"}],"collection":[{"href":"https:\/\/www.fvb.cat\/ca\/wp-json\/wp\/v2\/pages"}],"about":[{"href":"https:\/\/www.fvb.cat\/ca\/wp-json\/wp\/v2\/types\/page"}],"author":[{"embeddable":true,"href":"https:\/\/www.fvb.cat\/ca\/wp-json\/wp\/v2\/users\/1"}],"replies":[{"embeddable":true,"href":"https:\/\/www.fvb.cat\/ca\/wp-json\/wp\/v2\/comments?post=5874"}],"version-history":[{"count":278,"href":"https:\/\/www.fvb.cat\/ca\/wp-json\/wp\/v2\/pages\/5874\/revisions"}],"predecessor-version":[{"id":18501,"href":"https:\/\/www.fvb.cat\/ca\/wp-json\/wp\/v2\/pages\/5874\/revisions\/18501"}],"wp:attachment":[{"href":"https:\/\/www.fvb.cat\/ca\/wp-json\/wp\/v2\/media?parent=5874"}],"curies":[{"name":"wp","href":"https:\/\/api.w.org\/{rel}","templated":true}]}}