{"id":4547,"date":"2015-12-28T15:06:24","date_gmt":"2015-12-28T15:06:24","guid":{"rendered":"http:\/\/impreza.us-themes.net\/?page_id=4547"},"modified":"2015-12-28T15:06:24","modified_gmt":"2015-12-28T15:06:24","slug":"logos-showcase","status":"publish","type":"page","link":"https:\/\/www.fvb.cat\/ca\/content-elements\/logos-showcase\/","title":{"rendered":"Logos Showcase"},"content":{"rendered":"<section class=\"l-section wpb_row height_medium\"><div class=\"l-section-h i-cf\"><div class=\"g-cols type_default valign_top\"><div class=\"vc_col-sm-12 wpb_column vc_column_container\"><div class=\"vc_column-inner\"><div class=\"wpb_wrapper\"><div class=\"wpb_text_column \"><div class=\"wpb_wrapper\">\n<h4 style=\"text-align: center;\"><strong>Grid<\/strong><\/h4>\n<\/div> <\/div> <div class=\"w-logos style_1 with_indents type_grid cols_6\"><div class=\"w-logos-item\"><img loading=\"lazy\" decoding=\"async\" src=\"\/\/www.fvb.cat\/wp-content\/themes\/Impreza\/framework\/img\/us-placeholder-square.jpg\" width=\"500\" height=\"500\" alt=\"\"><\/div><div class=\"w-logos-item\"><img loading=\"lazy\" decoding=\"async\" src=\"\/\/www.fvb.cat\/wp-content\/themes\/Impreza\/framework\/img\/us-placeholder-square.jpg\" width=\"500\" height=\"500\" alt=\"\"><\/div><div class=\"w-logos-item\"><img loading=\"lazy\" decoding=\"async\" src=\"\/\/www.fvb.cat\/wp-content\/themes\/Impreza\/framework\/img\/us-placeholder-square.jpg\" width=\"500\" height=\"500\" alt=\"\"><\/div><div class=\"w-logos-item\"><img loading=\"lazy\" decoding=\"async\" src=\"\/\/www.fvb.cat\/wp-content\/themes\/Impreza\/framework\/img\/us-placeholder-square.jpg\" width=\"500\" height=\"500\" alt=\"\"><\/div><a class=\"w-logos-item style_1 with_indents type_grid cols_6\" href=\"#\"><img loading=\"lazy\" decoding=\"async\" src=\"\/\/www.fvb.cat\/wp-content\/themes\/Impreza\/framework\/img\/us-placeholder-square.jpg\" width=\"500\" height=\"500\" alt=\"\"><\/a><div class=\"w-logos-item\"><img loading=\"lazy\" decoding=\"async\" src=\"\/\/www.fvb.cat\/wp-content\/themes\/Impreza\/framework\/img\/us-placeholder-square.jpg\" width=\"500\" height=\"500\" alt=\"\"><\/div><div class=\"w-logos-item\"><img loading=\"lazy\" decoding=\"async\" src=\"\/\/www.fvb.cat\/wp-content\/themes\/Impreza\/framework\/img\/us-placeholder-square.jpg\" width=\"500\" height=\"500\" alt=\"\"><\/div><div class=\"w-logos-item\"><img loading=\"lazy\" decoding=\"async\" src=\"\/\/www.fvb.cat\/wp-content\/themes\/Impreza\/framework\/img\/us-placeholder-square.jpg\" width=\"500\" height=\"500\" alt=\"\"><\/div><div class=\"w-logos-item\"><img loading=\"lazy\" decoding=\"async\" src=\"\/\/www.fvb.cat\/wp-content\/themes\/Impreza\/framework\/img\/us-placeholder-square.jpg\" width=\"500\" height=\"500\" alt=\"\"><\/div><a class=\"w-logos-item style_1 with_indents type_grid cols_6\" href=\"#\"><img loading=\"lazy\" decoding=\"async\" src=\"\/\/www.fvb.cat\/wp-content\/themes\/Impreza\/framework\/img\/us-placeholder-square.jpg\" width=\"500\" height=\"500\" alt=\"\"><\/a><div class=\"w-logos-item\"><img loading=\"lazy\" decoding=\"async\" src=\"\/\/www.fvb.cat\/wp-content\/themes\/Impreza\/framework\/img\/us-placeholder-square.jpg\" width=\"500\" height=\"500\" alt=\"\"><\/div><div class=\"w-logos-item\"><img loading=\"lazy\" decoding=\"async\" src=\"\/\/www.fvb.cat\/wp-content\/themes\/Impreza\/framework\/img\/us-placeholder-square.jpg\" width=\"500\" height=\"500\" alt=\"\"><\/div><\/div><div class=\"w-separator type_default size_medium thick_1 style_solid color_border cont_none\"><span class=\"w-separator-h\"><\/span><\/div><div class=\"w-logos style_3 with_indents type_grid cols_4\"><div class=\"w-logos-item\"><img loading=\"lazy\" decoding=\"async\" src=\"\/\/www.fvb.cat\/wp-content\/themes\/Impreza\/framework\/img\/us-placeholder-square.jpg\" width=\"500\" height=\"500\" alt=\"\"><\/div><div class=\"w-logos-item\"><img loading=\"lazy\" decoding=\"async\" src=\"\/\/www.fvb.cat\/wp-content\/themes\/Impreza\/framework\/img\/us-placeholder-square.jpg\" width=\"500\" height=\"500\" alt=\"\"><\/div><div class=\"w-logos-item\"><img loading=\"lazy\" decoding=\"async\" src=\"\/\/www.fvb.cat\/wp-content\/themes\/Impreza\/framework\/img\/us-placeholder-square.jpg\" width=\"500\" height=\"500\" alt=\"\"><\/div><a class=\"w-logos-item style_3 with_indents type_grid cols_4\" href=\"#\"><img loading=\"lazy\" decoding=\"async\" src=\"\/\/www.fvb.cat\/wp-content\/themes\/Impreza\/framework\/img\/us-placeholder-square.jpg\" width=\"500\" height=\"500\" alt=\"\"><\/a><div class=\"w-logos-item\"><img loading=\"lazy\" decoding=\"async\" src=\"\/\/www.fvb.cat\/wp-content\/themes\/Impreza\/framework\/img\/us-placeholder-square.jpg\" width=\"500\" height=\"500\" alt=\"\"><\/div><a class=\"w-logos-item style_3 with_indents type_grid cols_4\" href=\"#\"><img loading=\"lazy\" decoding=\"async\" src=\"\/\/www.fvb.cat\/wp-content\/themes\/Impreza\/framework\/img\/us-placeholder-square.jpg\" width=\"500\" height=\"500\" alt=\"\"><\/a><div class=\"w-logos-item\"><img loading=\"lazy\" decoding=\"async\" src=\"\/\/www.fvb.cat\/wp-content\/themes\/Impreza\/framework\/img\/us-placeholder-square.jpg\" width=\"500\" height=\"500\" alt=\"\"><\/div><div class=\"w-logos-item\"><img loading=\"lazy\" decoding=\"async\" src=\"\/\/www.fvb.cat\/wp-content\/themes\/Impreza\/framework\/img\/us-placeholder-square.jpg\" width=\"500\" height=\"500\" alt=\"\"><\/div><div class=\"w-logos-item\"><img loading=\"lazy\" decoding=\"async\" src=\"\/\/www.fvb.cat\/wp-content\/themes\/Impreza\/framework\/img\/us-placeholder-square.jpg\" width=\"500\" height=\"500\" alt=\"\"><\/div><div class=\"w-logos-item\"><img loading=\"lazy\" decoding=\"async\" src=\"\/\/www.fvb.cat\/wp-content\/themes\/Impreza\/framework\/img\/us-placeholder-square.jpg\" width=\"500\" height=\"500\" alt=\"\"><\/div><div class=\"w-logos-item\"><img loading=\"lazy\" decoding=\"async\" src=\"\/\/www.fvb.cat\/wp-content\/themes\/Impreza\/framework\/img\/us-placeholder-square.jpg\" width=\"500\" height=\"500\" alt=\"\"><\/div><div class=\"w-logos-item\"><img loading=\"lazy\" decoding=\"async\" src=\"\/\/www.fvb.cat\/wp-content\/themes\/Impreza\/framework\/img\/us-placeholder-square.jpg\" width=\"500\" height=\"500\" alt=\"\"><\/div><\/div><div class=\"w-separator type_invisible size_large thick_1 style_solid color_border cont_none\"><span class=\"w-separator-h\"><\/span><\/div><div class=\"wpb_text_column \"><div class=\"wpb_wrapper\">\n<h4 style=\"text-align: center;\"><strong>Carousel<\/strong><\/h4>\n<\/div> <\/div> <div class=\"w-logos style_1 with_indents type_carousel cols_6\" data-items=\"6\" data-autoplay=\"0\" data-timeout=\"3000\" data-nav=\"0\" data-dots=\"0\"><div class=\"w-logos-item\"><img loading=\"lazy\" decoding=\"async\" src=\"\/\/www.fvb.cat\/wp-content\/themes\/Impreza\/framework\/img\/us-placeholder-square.jpg\" width=\"500\" height=\"500\" alt=\"\"><\/div><div class=\"w-logos-item\"><img loading=\"lazy\" decoding=\"async\" src=\"\/\/www.fvb.cat\/wp-content\/themes\/Impreza\/framework\/img\/us-placeholder-square.jpg\" width=\"500\" height=\"500\" alt=\"\"><\/div><div class=\"w-logos-item\"><img loading=\"lazy\" decoding=\"async\" src=\"\/\/www.fvb.cat\/wp-content\/themes\/Impreza\/framework\/img\/us-placeholder-square.jpg\" width=\"500\" height=\"500\" alt=\"\"><\/div><div class=\"w-logos-item\"><img loading=\"lazy\" decoding=\"async\" src=\"\/\/www.fvb.cat\/wp-content\/themes\/Impreza\/framework\/img\/us-placeholder-square.jpg\" width=\"500\" height=\"500\" alt=\"\"><\/div><a class=\"w-logos-item style_1 with_indents type_carousel cols_6\" href=\"#\"><img loading=\"lazy\" decoding=\"async\" src=\"\/\/www.fvb.cat\/wp-content\/themes\/Impreza\/framework\/img\/us-placeholder-square.jpg\" width=\"500\" height=\"500\" alt=\"\"><\/a><a class=\"w-logos-item style_1 with_indents type_carousel cols_6\" href=\"#\"><img loading=\"lazy\" decoding=\"async\" src=\"\/\/www.fvb.cat\/wp-content\/themes\/Impreza\/framework\/img\/us-placeholder-square.jpg\" width=\"500\" height=\"500\" alt=\"\"><\/a><div class=\"w-logos-item\"><img loading=\"lazy\" decoding=\"async\" src=\"\/\/www.fvb.cat\/wp-content\/themes\/Impreza\/framework\/img\/us-placeholder-square.jpg\" width=\"500\" height=\"500\" alt=\"\"><\/div><div class=\"w-logos-item\"><img loading=\"lazy\" decoding=\"async\" src=\"\/\/www.fvb.cat\/wp-content\/themes\/Impreza\/framework\/img\/us-placeholder-square.jpg\" width=\"500\" height=\"500\" alt=\"\"><\/div><div class=\"w-logos-item\"><img loading=\"lazy\" decoding=\"async\" src=\"\/\/www.fvb.cat\/wp-content\/themes\/Impreza\/framework\/img\/us-placeholder-square.jpg\" width=\"500\" height=\"500\" alt=\"\"><\/div><div class=\"w-logos-item\"><img loading=\"lazy\" decoding=\"async\" src=\"\/\/www.fvb.cat\/wp-content\/themes\/Impreza\/framework\/img\/us-placeholder-square.jpg\" width=\"500\" height=\"500\" alt=\"\"><\/div><div class=\"w-logos-item\"><img loading=\"lazy\" decoding=\"async\" src=\"\/\/www.fvb.cat\/wp-content\/themes\/Impreza\/framework\/img\/us-placeholder-square.jpg\" width=\"500\" height=\"500\" alt=\"\"><\/div><div class=\"w-logos-item\"><img loading=\"lazy\" decoding=\"async\" src=\"\/\/www.fvb.cat\/wp-content\/themes\/Impreza\/framework\/img\/us-placeholder-square.jpg\" width=\"500\" height=\"500\" alt=\"\"><\/div><\/div><div class=\"w-separator type_default size_medium thick_1 style_solid color_border cont_none\"><span class=\"w-separator-h\"><\/span><\/div><div class=\"w-logos style_2 with_indents type_carousel cols_5\" data-items=\"5\" data-autoplay=\"0\" data-timeout=\"3000\" data-nav=\"0\" data-dots=\"0\"><div class=\"w-logos-item\"><img loading=\"lazy\" decoding=\"async\" src=\"\/\/www.fvb.cat\/wp-content\/themes\/Impreza\/framework\/img\/us-placeholder-square.jpg\" width=\"500\" height=\"500\" alt=\"\"><\/div><div class=\"w-logos-item\"><img loading=\"lazy\" decoding=\"async\" src=\"\/\/www.fvb.cat\/wp-content\/themes\/Impreza\/framework\/img\/us-placeholder-square.jpg\" width=\"500\" height=\"500\" alt=\"\"><\/div><div class=\"w-logos-item\"><img loading=\"lazy\" decoding=\"async\" src=\"\/\/www.fvb.cat\/wp-content\/themes\/Impreza\/framework\/img\/us-placeholder-square.jpg\" width=\"500\" height=\"500\" alt=\"\"><\/div><div class=\"w-logos-item\"><img loading=\"lazy\" decoding=\"async\" src=\"\/\/www.fvb.cat\/wp-content\/themes\/Impreza\/framework\/img\/us-placeholder-square.jpg\" width=\"500\" height=\"500\" alt=\"\"><\/div><a class=\"w-logos-item style_2 with_indents type_carousel cols_5\" href=\"#\"><img loading=\"lazy\" decoding=\"async\" src=\"\/\/www.fvb.cat\/wp-content\/themes\/Impreza\/framework\/img\/us-placeholder-square.jpg\" width=\"500\" height=\"500\" alt=\"\"><\/a><div class=\"w-logos-item\"><img loading=\"lazy\" decoding=\"async\" src=\"\/\/www.fvb.cat\/wp-content\/themes\/Impreza\/framework\/img\/us-placeholder-square.jpg\" width=\"500\" height=\"500\" alt=\"\"><\/div><div class=\"w-logos-item\"><img loading=\"lazy\" decoding=\"async\" src=\"\/\/www.fvb.cat\/wp-content\/themes\/Impreza\/framework\/img\/us-placeholder-square.jpg\" width=\"500\" height=\"500\" alt=\"\"><\/div><div class=\"w-logos-item\"><img loading=\"lazy\" decoding=\"async\" src=\"\/\/www.fvb.cat\/wp-content\/themes\/Impreza\/framework\/img\/us-placeholder-square.jpg\" width=\"500\" height=\"500\" alt=\"\"><\/div><div class=\"w-logos-item\"><img loading=\"lazy\" decoding=\"async\" src=\"\/\/www.fvb.cat\/wp-content\/themes\/Impreza\/framework\/img\/us-placeholder-square.jpg\" width=\"500\" height=\"500\" alt=\"\"><\/div><div class=\"w-logos-item\"><img loading=\"lazy\" decoding=\"async\" src=\"\/\/www.fvb.cat\/wp-content\/themes\/Impreza\/framework\/img\/us-placeholder-square.jpg\" width=\"500\" height=\"500\" alt=\"\"><\/div><div class=\"w-logos-item\"><img loading=\"lazy\" decoding=\"async\" src=\"\/\/www.fvb.cat\/wp-content\/themes\/Impreza\/framework\/img\/us-placeholder-square.jpg\" width=\"500\" height=\"500\" alt=\"\"><\/div><a class=\"w-logos-item style_2 with_indents type_carousel cols_5\" href=\"#\"><img loading=\"lazy\" decoding=\"async\" src=\"\/\/www.fvb.cat\/wp-content\/themes\/Impreza\/framework\/img\/us-placeholder-square.jpg\" width=\"500\" height=\"500\" alt=\"\"><\/a><\/div><div class=\"w-separator type_default size_medium thick_1 style_solid color_border cont_none\"><span class=\"w-separator-h\"><\/span><\/div><div class=\"w-logos style_3 with_indents type_carousel cols_4\" data-items=\"4\" data-autoplay=\"0\" data-timeout=\"3000\" data-nav=\"0\" data-dots=\"0\"><div class=\"w-logos-item\"><img loading=\"lazy\" decoding=\"async\" src=\"\/\/www.fvb.cat\/wp-content\/themes\/Impreza\/framework\/img\/us-placeholder-square.jpg\" width=\"500\" height=\"500\" alt=\"\"><\/div><div class=\"w-logos-item\"><img loading=\"lazy\" decoding=\"async\" src=\"\/\/www.fvb.cat\/wp-content\/themes\/Impreza\/framework\/img\/us-placeholder-square.jpg\" width=\"500\" height=\"500\" alt=\"\"><\/div><div class=\"w-logos-item\"><img loading=\"lazy\" decoding=\"async\" src=\"\/\/www.fvb.cat\/wp-content\/themes\/Impreza\/framework\/img\/us-placeholder-square.jpg\" width=\"500\" height=\"500\" alt=\"\"><\/div><div class=\"w-logos-item\"><img loading=\"lazy\" decoding=\"async\" src=\"\/\/www.fvb.cat\/wp-content\/themes\/Impreza\/framework\/img\/us-placeholder-square.jpg\" width=\"500\" height=\"500\" alt=\"\"><\/div><div class=\"w-logos-item\"><img loading=\"lazy\" decoding=\"async\" src=\"\/\/www.fvb.cat\/wp-content\/themes\/Impreza\/framework\/img\/us-placeholder-square.jpg\" width=\"500\" height=\"500\" alt=\"\"><\/div><div class=\"w-logos-item\"><img loading=\"lazy\" decoding=\"async\" src=\"\/\/www.fvb.cat\/wp-content\/themes\/Impreza\/framework\/img\/us-placeholder-square.jpg\" width=\"500\" height=\"500\" alt=\"\"><\/div><div class=\"w-logos-item\"><img loading=\"lazy\" decoding=\"async\" src=\"\/\/www.fvb.cat\/wp-content\/themes\/Impreza\/framework\/img\/us-placeholder-square.jpg\" width=\"500\" height=\"500\" alt=\"\"><\/div><div class=\"w-logos-item\"><img loading=\"lazy\" decoding=\"async\" src=\"\/\/www.fvb.cat\/wp-content\/themes\/Impreza\/framework\/img\/us-placeholder-square.jpg\" width=\"500\" height=\"500\" alt=\"\"><\/div><div class=\"w-logos-item\"><img loading=\"lazy\" decoding=\"async\" src=\"\/\/www.fvb.cat\/wp-content\/themes\/Impreza\/framework\/img\/us-placeholder-square.jpg\" width=\"500\" height=\"500\" alt=\"\"><\/div><a class=\"w-logos-item style_3 with_indents type_carousel cols_4\" href=\"#\"><img loading=\"lazy\" decoding=\"async\" src=\"\/\/www.fvb.cat\/wp-content\/themes\/Impreza\/framework\/img\/us-placeholder-square.jpg\" width=\"500\" height=\"500\" alt=\"\"><\/a><div class=\"w-logos-item\"><img loading=\"lazy\" decoding=\"async\" src=\"\/\/www.fvb.cat\/wp-content\/themes\/Impreza\/framework\/img\/us-placeholder-square.jpg\" width=\"500\" height=\"500\" alt=\"\"><\/div><a class=\"w-logos-item style_3 with_indents type_carousel cols_4\" href=\"#\"><img loading=\"lazy\" decoding=\"async\" src=\"\/\/www.fvb.cat\/wp-content\/themes\/Impreza\/framework\/img\/us-placeholder-square.jpg\" width=\"500\" height=\"500\" alt=\"\"><\/a><\/div><\/div><\/div><\/div><\/div><\/div><\/section>\n","protected":false},"excerpt":{"rendered":"Fundaci\u00f3 Vidal i Barraquer Som una instituci\u00f3 creada l\u2019any 1964 i dedicada...","protected":false},"author":1,"featured_media":0,"parent":2520,"menu_order":0,"comment_status":"closed","ping_status":"closed","template":"","meta":{"footnotes":""},"yoast_head":"<!-- This site is optimized with the Yoast SEO plugin v22.6 - https:\/\/yoast.com\/wordpress\/plugins\/seo\/ -->\n<title>Logos Showcase - Fundaci\u00f3 Vidal i Barraquer<\/title>\n<meta name=\"robots\" content=\"index, follow, max-snippet:-1, max-image-preview:large, max-video-preview:-1\" \/>\n<link rel=\"canonical\" href=\"https:\/\/www.fvb.cat\/es\/content-elements\/logos-showcase\/\" \/>\n<meta property=\"og:locale\" content=\"ca_ES\" \/>\n<meta property=\"og:type\" content=\"article\" \/>\n<meta property=\"og:title\" content=\"Logos Showcase - Fundaci\u00f3 Vidal i Barraquer\" \/>\n<meta property=\"og:url\" content=\"https:\/\/www.fvb.cat\/es\/content-elements\/logos-showcase\/\" \/>\n<meta property=\"og:site_name\" content=\"Fundaci\u00f3 Vidal i Barraquer\" \/>\n<meta name=\"twitter:card\" content=\"summary_large_image\" \/>\n<meta name=\"twitter:label1\" content=\"Temps estimat de lectura\" \/>\n\t<meta name=\"twitter:data1\" content=\"2 minuts\" \/>\n<script type=\"application\/ld+json\" class=\"yoast-schema-graph\">{\"@context\":\"https:\/\/schema.org\",\"@graph\":[{\"@type\":\"WebPage\",\"@id\":\"https:\/\/www.fvb.cat\/es\/content-elements\/logos-showcase\/\",\"url\":\"https:\/\/www.fvb.cat\/es\/content-elements\/logos-showcase\/\",\"name\":\"Logos Showcase - Fundaci\u00f3 Vidal i Barraquer\",\"isPartOf\":{\"@id\":\"https:\/\/www.fvb.cat\/es\/#website\"},\"datePublished\":\"2015-12-28T15:06:24+00:00\",\"dateModified\":\"2015-12-28T15:06:24+00:00\",\"breadcrumb\":{\"@id\":\"https:\/\/www.fvb.cat\/es\/content-elements\/logos-showcase\/#breadcrumb\"},\"inLanguage\":\"ca\",\"potentialAction\":[{\"@type\":\"ReadAction\",\"target\":[\"https:\/\/www.fvb.cat\/es\/content-elements\/logos-showcase\/\"]}]},{\"@type\":\"BreadcrumbList\",\"@id\":\"https:\/\/www.fvb.cat\/es\/content-elements\/logos-showcase\/#breadcrumb\",\"itemListElement\":[{\"@type\":\"ListItem\",\"position\":1,\"name\":\"Inici\",\"item\":\"https:\/\/www.fvb.cat\/es\/\"},{\"@type\":\"ListItem\",\"position\":2,\"name\":\"Content Elements\",\"item\":\"https:\/\/www.fvb.cat\/es\/content-elements\/\"},{\"@type\":\"ListItem\",\"position\":3,\"name\":\"Logos Showcase\"}]},{\"@type\":\"WebSite\",\"@id\":\"https:\/\/www.fvb.cat\/es\/#website\",\"url\":\"https:\/\/www.fvb.cat\/es\/\",\"name\":\"Fundaci\u00f3 Vidal i Barraquer\",\"description\":\"Assist\u00e8ncia, doc\u00e8ncia i recerca en la salut mental\",\"publisher\":{\"@id\":\"https:\/\/www.fvb.cat\/es\/#organization\"},\"potentialAction\":[{\"@type\":\"SearchAction\",\"target\":{\"@type\":\"EntryPoint\",\"urlTemplate\":\"https:\/\/www.fvb.cat\/es\/?s={search_term_string}\"},\"query-input\":\"required name=search_term_string\"}],\"inLanguage\":\"ca\"},{\"@type\":\"Organization\",\"@id\":\"https:\/\/www.fvb.cat\/es\/#organization\",\"name\":\"Fundaci\u00f3 Vidal i Barraquer\",\"url\":\"https:\/\/www.fvb.cat\/es\/\",\"logo\":{\"@type\":\"ImageObject\",\"inLanguage\":\"ca\",\"@id\":\"https:\/\/www.fvb.cat\/es\/#\/schema\/logo\/image\/\",\"url\":\"https:\/\/www.fvb.cat\/wp-content\/uploads\/2024\/05\/logo-vidal-i-barrauqer-60-aniversari.jpg\",\"contentUrl\":\"https:\/\/www.fvb.cat\/wp-content\/uploads\/2024\/05\/logo-vidal-i-barrauqer-60-aniversari.jpg\",\"width\":2125,\"height\":703,\"caption\":\"Fundaci\u00f3 Vidal i Barraquer\"},\"image\":{\"@id\":\"https:\/\/www.fvb.cat\/es\/#\/schema\/logo\/image\/\"}}]}<\/script>\n<!-- \/ Yoast SEO plugin. -->","yoast_head_json":{"title":"Logos Showcase - Fundaci\u00f3 Vidal i Barraquer","robots":{"index":"index","follow":"follow","max-snippet":"max-snippet:-1","max-image-preview":"max-image-preview:large","max-video-preview":"max-video-preview:-1"},"canonical":"https:\/\/www.fvb.cat\/es\/content-elements\/logos-showcase\/","og_locale":"ca_ES","og_type":"article","og_title":"Logos Showcase - Fundaci\u00f3 Vidal i Barraquer","og_url":"https:\/\/www.fvb.cat\/es\/content-elements\/logos-showcase\/","og_site_name":"Fundaci\u00f3 Vidal i Barraquer","twitter_card":"summary_large_image","twitter_misc":{"Temps estimat de lectura":"2 minuts"},"schema":{"@context":"https:\/\/schema.org","@graph":[{"@type":"WebPage","@id":"https:\/\/www.fvb.cat\/es\/content-elements\/logos-showcase\/","url":"https:\/\/www.fvb.cat\/es\/content-elements\/logos-showcase\/","name":"Logos Showcase - Fundaci\u00f3 Vidal i Barraquer","isPartOf":{"@id":"https:\/\/www.fvb.cat\/es\/#website"},"datePublished":"2015-12-28T15:06:24+00:00","dateModified":"2015-12-28T15:06:24+00:00","breadcrumb":{"@id":"https:\/\/www.fvb.cat\/es\/content-elements\/logos-showcase\/#breadcrumb"},"inLanguage":"ca","potentialAction":[{"@type":"ReadAction","target":["https:\/\/www.fvb.cat\/es\/content-elements\/logos-showcase\/"]}]},{"@type":"BreadcrumbList","@id":"https:\/\/www.fvb.cat\/es\/content-elements\/logos-showcase\/#breadcrumb","itemListElement":[{"@type":"ListItem","position":1,"name":"Inici","item":"https:\/\/www.fvb.cat\/es\/"},{"@type":"ListItem","position":2,"name":"Content Elements","item":"https:\/\/www.fvb.cat\/es\/content-elements\/"},{"@type":"ListItem","position":3,"name":"Logos Showcase"}]},{"@type":"WebSite","@id":"https:\/\/www.fvb.cat\/es\/#website","url":"https:\/\/www.fvb.cat\/es\/","name":"Fundaci\u00f3 Vidal i Barraquer","description":"Assist\u00e8ncia, doc\u00e8ncia i recerca en la salut mental","publisher":{"@id":"https:\/\/www.fvb.cat\/es\/#organization"},"potentialAction":[{"@type":"SearchAction","target":{"@type":"EntryPoint","urlTemplate":"https:\/\/www.fvb.cat\/es\/?s={search_term_string}"},"query-input":"required name=search_term_string"}],"inLanguage":"ca"},{"@type":"Organization","@id":"https:\/\/www.fvb.cat\/es\/#organization","name":"Fundaci\u00f3 Vidal i Barraquer","url":"https:\/\/www.fvb.cat\/es\/","logo":{"@type":"ImageObject","inLanguage":"ca","@id":"https:\/\/www.fvb.cat\/es\/#\/schema\/logo\/image\/","url":"https:\/\/www.fvb.cat\/wp-content\/uploads\/2024\/05\/logo-vidal-i-barrauqer-60-aniversari.jpg","contentUrl":"https:\/\/www.fvb.cat\/wp-content\/uploads\/2024\/05\/logo-vidal-i-barrauqer-60-aniversari.jpg","width":2125,"height":703,"caption":"Fundaci\u00f3 Vidal i Barraquer"},"image":{"@id":"https:\/\/www.fvb.cat\/es\/#\/schema\/logo\/image\/"}}]}},"_links":{"self":[{"href":"https:\/\/www.fvb.cat\/ca\/wp-json\/wp\/v2\/pages\/4547"}],"collection":[{"href":"https:\/\/www.fvb.cat\/ca\/wp-json\/wp\/v2\/pages"}],"about":[{"href":"https:\/\/www.fvb.cat\/ca\/wp-json\/wp\/v2\/types\/page"}],"author":[{"embeddable":true,"href":"https:\/\/www.fvb.cat\/ca\/wp-json\/wp\/v2\/users\/1"}],"replies":[{"embeddable":true,"href":"https:\/\/www.fvb.cat\/ca\/wp-json\/wp\/v2\/comments?post=4547"}],"version-history":[{"count":0,"href":"https:\/\/www.fvb.cat\/ca\/wp-json\/wp\/v2\/pages\/4547\/revisions"}],"up":[{"embeddable":true,"href":"https:\/\/www.fvb.cat\/ca\/wp-json\/wp\/v2\/pages\/2520"}],"wp:attachment":[{"href":"https:\/\/www.fvb.cat\/ca\/wp-json\/wp\/v2\/media?parent=4547"}],"curies":[{"name":"wp","href":"https:\/\/api.w.org\/{rel}","templated":true}]}}