{"id":17390,"date":"2025-08-07T12:56:18","date_gmt":"2025-08-07T11:56:18","guid":{"rendered":"https:\/\/www.fvb.cat\/ca\/?page_id=17390"},"modified":"2025-11-18T10:35:23","modified_gmt":"2025-11-18T09:35:23","slug":"equip-guia-maresme-i-barcelones-nord","status":"publish","type":"page","link":"https:\/\/www.fvb.cat\/ca\/assistencia-publica\/equip-guia-maresme-barcelones-nord\/","title":{"rendered":"Equip Guia Barcelon\u00e8s Nord i Maresme"},"content":{"rendered":"<section class=\"l-section wpb_row height_medium\"><div class=\"l-section-h i-cf\"><div class=\"g-cols type_default valign_top\"><div class=\"vc_col-sm-8 wpb_column vc_column_container\"><div class=\"vc_column-inner\"><div class=\"wpb_wrapper\"><div class=\"wpb_text_column \"><div class=\"wpb_wrapper\">\n<h1>Equip Guia del Maresme i Barcelon\u00e8s Nord<\/h1>\n<\/div> <\/div> <div class=\"wpb_text_column \"><div class=\"wpb_wrapper\"><p>L&#8217;Equip Guia \u00e9s un programa incl\u00f2s dins del Pla d&#8217;Abordatge Integral de casos de Salut Mental i Addiccions d&#8217;Elevada Complexitat (PAICSaMAEC) coordinat pel Departament de Salut de la Generalitat de Catalunya.<\/p>\n<p>S&#8217;adre\u00e7a a adolescents i joves de 12 a 25 anys, i a les seves fam\u00edlies, en situacions de problem\u00e0tica de salut mental i addiccions d&#8217;elevada complexitat, sense projecte vital, amb dificultats per vincular-se als dispositius existents i en una situaci\u00f3 que genera una gran c\u00e0rrega personal, familiar, social i sanit\u00e0ria.<\/p>\n<p>Som un equip multidisciplinari integrat per personal administratiu, professionals de l&#8217;educaci\u00f3 social, de la infermeria especialitzada en salut mental, de la psicologia cl\u00ednica i de la psiquiatria.<\/p><\/div> <\/div> [vc_empty_space]<div class=\"wpb_text_column \"><div class=\"wpb_wrapper\">\n<h2>Com treballem<\/h2>\n<\/div> <\/div> <div class=\"wpb_text_column \"><div class=\"wpb_wrapper\"><p>Ens basem en un model de tractament assertiu-comunitari, i oferim assist\u00e8ncia all\u00e0 on l&#8217;adolescent o jove i la seva fam\u00edlia acceptin l&#8217;ajuda (al domicili, al carrer, a l&#8217;institut&#8230;), focalitzant-nos en establir, relacions de confian\u00e7a que ens permetin pensar conjuntament en les necessitats i oportunitats de millora dels usuaris.<\/p>\n<p>La nostra intervenci\u00f3 es caracteritza per visites individuals i familiars amb una freq\u00fc\u00e8ncia elevada, oferint disponibilitat i flexibilitat. Alhora, fem un treball d&#8217;integraci\u00f3 de la xarxa que acompanya la complexitat, treballant conjuntament amb serveis socials, sanitaris, educatius, laborals i judicials,<\/p>\n<p>Ens organitzem seguint la metodologia AMBIT (Adaptative Mentalization Based Integrative Treatment) de l&#8217;Anna Freud Centre de Londres. AMBIT (Bevington et. al., 2012, 2015 i 2017) \u00e9s un projecte assistencial centrat en el tractament basat en la Mentalitzaci\u00f3, per a equips que treballen ammb joves d&#8217;alt risc que presenten dificultats m\u00faltiples i complexes. AMBIT \u00e9s una aproximaci\u00f3 innovadora que integra les intervencions de Salut Mental, Educaci\u00f3, Drets Socials i Just\u00edcia per oferir ajuda directa a aquests joves d&#8217;alt risc.<\/p><\/div> <\/div> <\/div><\/div><\/div><div class=\"vc_col-sm-4 wpb_column vc_column_container has-fill\"><div class=\"vc_column-inner  vc_custom_1492678464530\"><div class=\"wpb_wrapper\"><div class=\"wpb_text_column \"><div class=\"wpb_wrapper\">\n<h5>Contacte<\/h5>\n<\/div> <\/div> [vc_empty_space height=&#8221;15px&#8221;]<div class=\"wpb_text_column \"><div class=\"wpb_wrapper\"><p>Equip Guia del Maresme i Barcelon\u00e8s Nord<\/p>\n<p>Tel. 933 80 30 57<\/p>\n<p><a href=\"mailto:equi_guia@fvb.cat\">equip_guia@fvb.cat<\/a><\/p>\n<p>Carrer Temple, 15, 1r esq. | 08911 Badalona<\/p>\n<h6><strong>Horari d&#8217;atenci\u00f3<\/strong><\/h6>\n<p>De dilluns a divendres de 8.30 h a 17.00 h<\/p><\/div> <\/div> <\/div><\/div><\/div><\/div><\/div><\/section><section class=\"l-section wpb_row height_medium\"><div class=\"l-section-h i-cf\"><div class=\"g-cols type_default valign_top\"><div class=\"vc_col-sm-12 wpb_column vc_column_container\"><div class=\"vc_column-inner\"><div class=\"wpb_wrapper\"><div class=\"wpb_text_column \"><div class=\"wpb_wrapper\">\n<h2>Qui som<\/h2>\n<\/div> <\/div> <div class=\"w-tabs layout_default accordion title_left icon_chevron iconpos_right \"><div class=\"w-tabs-list items_6\"><div class=\"w-tabs-list-h\"><div class=\"w-tabs-item\"><a href=\"#1754567020121-4886046b-7241\" class=\"w-tabs-item-h\"><span class=\"w-tabs-item-title\">Laia Ferrer Tirado<\/span><\/a><\/div>\n<div class=\"w-tabs-item\"><a href=\"#1754567020138-ba76cd7b-c1dd\" class=\"w-tabs-item-h\"><span class=\"w-tabs-item-title\">Paula Arin Gonz\u00e1lez<\/span><\/a><\/div>\n<div class=\"w-tabs-item\"><a href=\"#1754567276190-d31f6eb0-233a\" class=\"w-tabs-item-h\"><span class=\"w-tabs-item-title\">Jos\u00e9 Gonz\u00e0lez Pastor<\/span><\/a><\/div>\n<div class=\"w-tabs-item\"><a href=\"#1754567335924-85665c0a-8827\" class=\"w-tabs-item-h\"><span class=\"w-tabs-item-title\">Diana Mart\u00ednez i Sanvisens<\/span><\/a><\/div>\n<div class=\"w-tabs-item\"><a href=\"#1754567496983-73f1e73e-aa38\" class=\"w-tabs-item-h\"><span class=\"w-tabs-item-title\">Gemma Segura Garcia<\/span><\/a><\/div>\n<div class=\"w-tabs-item\"><a href=\"#1754567390065-7ff07570-1611\" class=\"w-tabs-item-h\"><span class=\"w-tabs-item-title\">Laura Rodr\u00edguez<\/span><\/a><\/div>\n<\/div><\/div><div class=\"w-tabs-sections\"><div class=\"w-tabs-sections-h\"><div class=\"w-tabs-section color_custom\" id=\"1754567020121-4886046b-7241\" style=\"background-color: #efd1b3;\"><a href=\"#1754567020121-4886046b-7241\" class=\"w-tabs-section-header\"><div class=\"w-tabs-section-header-h\"><h5 class=\"w-tabs-section-title\">Laia Ferrer Tirado<\/h5><div class=\"w-tabs-section-control\"><\/div><\/div><\/a><div class=\"w-tabs-section-content\"><div class=\"w-tabs-section-content-h i-cf\"><div class=\"wpb_text_column  vc_custom_1754567919360\"><div class=\"wpb_wrapper\"><strong>Coordinadora<\/strong><\/p>\n<ul>\n<li>Doctora en psicologia.<\/li>\n<li>Psic\u00f2loga especialista en Psicologia Cl\u00ednica.<\/li>\n<\/ul>\n<\/div> <\/div> <\/div><\/div><\/div><div class=\"w-tabs-section color_custom\" id=\"1754567020138-ba76cd7b-c1dd\" style=\"background-color: #efd1b3;\"><a href=\"#1754567020138-ba76cd7b-c1dd\" class=\"w-tabs-section-header\"><div class=\"w-tabs-section-header-h\"><h5 class=\"w-tabs-section-title\">Paula Arin Gonz\u00e1lez<\/h5><div class=\"w-tabs-section-control\"><\/div><\/div><\/a><div class=\"w-tabs-section-content\"><div class=\"w-tabs-section-content-h i-cf\"><div class=\"wpb_text_column  vc_custom_1754570681271\"><div class=\"wpb_wrapper\">\n<ul>\n<li>Psic\u00f2loga especialista en Psicologia Cl\u00ednica.<\/li>\n<\/ul>\n<\/div> <\/div> <\/div><\/div><\/div><div class=\"w-tabs-section color_custom\" id=\"1754567276190-d31f6eb0-233a\" style=\"background-color: #efd1b3;\"><a href=\"#1754567276190-d31f6eb0-233a\" class=\"w-tabs-section-header\"><div class=\"w-tabs-section-header-h\"><h5 class=\"w-tabs-section-title\">Jos\u00e9 Gonz\u00e0lez Pastor<\/h5><div class=\"w-tabs-section-control\"><\/div><\/div><\/a><div class=\"w-tabs-section-content\"><div class=\"w-tabs-section-content-h i-cf\"><div class=\"wpb_text_column  vc_custom_1754570699286\"><div class=\"wpb_wrapper\">\n<ul>\n<li>Infermer especialista en Salut Mental.<\/li>\n<\/ul>\n<\/div> <\/div> <\/div><\/div><\/div><div class=\"w-tabs-section color_custom\" id=\"1754567335924-85665c0a-8827\" style=\"background-color: #efd1b3;\"><a href=\"#1754567335924-85665c0a-8827\" class=\"w-tabs-section-header\"><div class=\"w-tabs-section-header-h\"><h5 class=\"w-tabs-section-title\">Diana Mart\u00ednez i Sanvisens<\/h5><div class=\"w-tabs-section-control\"><\/div><\/div><\/a><div class=\"w-tabs-section-content\"><div class=\"w-tabs-section-content-h i-cf\"><div class=\"wpb_text_column  vc_custom_1754570709881\"><div class=\"wpb_wrapper\">\n<ul>\n<li>Metgessa especialista en Psiquiatria.<\/li>\n<\/ul>\n<\/div> <\/div> <\/div><\/div><\/div><div class=\"w-tabs-section color_custom\" id=\"1754567496983-73f1e73e-aa38\" style=\"background-color: #efd1b3;\"><a href=\"#1754567496983-73f1e73e-aa38\" class=\"w-tabs-section-header\"><div class=\"w-tabs-section-header-h\"><h5 class=\"w-tabs-section-title\">Gemma Segura Garcia<\/h5><div class=\"w-tabs-section-control\"><\/div><\/div><\/a><div class=\"w-tabs-section-content\"><div class=\"w-tabs-section-content-h i-cf\"><div class=\"wpb_text_column  vc_custom_1754570732847\"><div class=\"wpb_wrapper\">\n<ul>\n<li>Educadora Social.<\/li>\n<\/ul>\n<\/div> <\/div> <\/div><\/div><\/div><div class=\"w-tabs-section color_custom\" id=\"1754567390065-7ff07570-1611\" style=\"background-color: #efd1b3;\"><a href=\"#1754567390065-7ff07570-1611\" class=\"w-tabs-section-header\"><div class=\"w-tabs-section-header-h\"><h5 class=\"w-tabs-section-title\">Laura Rodr\u00edguez<\/h5><div class=\"w-tabs-section-control\"><\/div><\/div><\/a><div class=\"w-tabs-section-content\"><div class=\"w-tabs-section-content-h i-cf\"><div class=\"wpb_text_column  vc_custom_1754570722009\"><div class=\"wpb_wrapper\">\n<ul>\n<li>Administrativa assistencial.<\/li>\n<\/ul>\n<\/div> <\/div> <\/div><\/div><\/div><\/div><\/div><\/div><\/div><\/div><\/div><\/div><\/div><\/section><section class=\"l-section wpb_row height_medium\" style=\"margin-top: -4rem !important;\"><div class=\"l-section-h i-cf\"><div class=\"g-cols type_default valign_top\"><div class=\"vc_col-sm-4 wpb_column vc_column_container\"><div class=\"vc_column-inner\"><div class=\"wpb_wrapper\"><\/div><\/div><\/div><div class=\"vc_col-sm-4 wpb_column vc_column_container\"><div class=\"vc_column-inner  vc_custom_1496746193708\"><div class=\"wpb_wrapper\"><\/div><\/div><\/div><div class=\"vc_col-sm-4 wpb_column vc_column_container\"><div class=\"vc_column-inner\"><div class=\"wpb_wrapper\"><\/div><\/div><\/div><\/div><\/div><\/section>","protected":false},"excerpt":{"rendered":"Fundaci\u00f3 Vidal i Barraquer Som una instituci\u00f3 creada l\u2019any 1964 i dedicada...","protected":false},"author":33,"featured_media":0,"parent":5872,"menu_order":0,"comment_status":"closed","ping_status":"closed","template":"","meta":{"footnotes":""},"yoast_head":"<!-- This site is optimized with the Yoast SEO plugin v22.6 - https:\/\/yoast.com\/wordpress\/plugins\/seo\/ -->\n<title>Equip Guia Barcelon\u00e8s Nord i Maresme  - Fundaci\u00f3 Vidal i Barraquer<\/title>\n<meta name=\"robots\" content=\"index, follow, max-snippet:-1, max-image-preview:large, max-video-preview:-1\" \/>\n<link rel=\"canonical\" href=\"https:\/\/www.fvb.cat\/es\/asistencia-publica\/equipo-guia-maresme-barcelones-norte\/\" \/>\n<meta property=\"og:locale\" content=\"ca_ES\" \/>\n<meta property=\"og:type\" content=\"article\" \/>\n<meta property=\"og:title\" content=\"[:ca]Equip Guia Barcelon\u00e8s Nord i Maresme [:es]Equipo Gu\u00eda Barcelon\u00e9s Norte y Maresme [:] - Fundaci\u00f3 Vidal i Barraquer\" \/>\n<meta property=\"og:url\" content=\"https:\/\/www.fvb.cat\/es\/asistencia-publica\/equipo-guia-maresme-barcelones-norte\/\" \/>\n<meta property=\"og:site_name\" content=\"Fundaci\u00f3 Vidal i Barraquer\" \/>\n<meta property=\"article:modified_time\" content=\"2025-11-18T09:35:23+00:00\" \/>\n<meta name=\"twitter:card\" content=\"summary_large_image\" \/>\n<meta name=\"twitter:label1\" content=\"Temps estimat de lectura\" \/>\n\t<meta name=\"twitter:data1\" content=\"2 minuts\" \/>\n<script type=\"application\/ld+json\" class=\"yoast-schema-graph\">{\"@context\":\"https:\/\/schema.org\",\"@graph\":[{\"@type\":\"WebPage\",\"@id\":\"https:\/\/www.fvb.cat\/es\/asistencia-publica\/equipo-guia-maresme-barcelones-norte\/\",\"url\":\"https:\/\/www.fvb.cat\/es\/asistencia-publica\/equipo-guia-maresme-barcelones-norte\/\",\"name\":\"[:ca]Equip Guia Barcelon\u00e8s Nord i Maresme [:es]Equipo Gu\u00eda Barcelon\u00e9s Norte y Maresme [:] - Fundaci\u00f3 Vidal i Barraquer\",\"isPartOf\":{\"@id\":\"https:\/\/www.fvb.cat\/es\/#website\"},\"datePublished\":\"2025-08-07T11:56:18+00:00\",\"dateModified\":\"2025-11-18T09:35:23+00:00\",\"breadcrumb\":{\"@id\":\"https:\/\/www.fvb.cat\/es\/asistencia-publica\/equipo-guia-maresme-barcelones-norte\/#breadcrumb\"},\"inLanguage\":\"ca\",\"potentialAction\":[{\"@type\":\"ReadAction\",\"target\":[\"https:\/\/www.fvb.cat\/es\/asistencia-publica\/equipo-guia-maresme-barcelones-norte\/\"]}]},{\"@type\":\"BreadcrumbList\",\"@id\":\"https:\/\/www.fvb.cat\/es\/asistencia-publica\/equipo-guia-maresme-barcelones-norte\/#breadcrumb\",\"itemListElement\":[{\"@type\":\"ListItem\",\"position\":1,\"name\":\"Inici\",\"item\":\"https:\/\/www.fvb.cat\/es\/\"},{\"@type\":\"ListItem\",\"position\":2,\"name\":\"Assist\u00e8ncia P\u00fablica\",\"item\":\"https:\/\/www.fvb.cat\/ca\/assistencia-publica\/\"},{\"@type\":\"ListItem\",\"position\":3,\"name\":\"Equipo Gu\u00eda Barcelon\u00e9s Norte y Maresme\"}]},{\"@type\":\"WebSite\",\"@id\":\"https:\/\/www.fvb.cat\/es\/#website\",\"url\":\"https:\/\/www.fvb.cat\/es\/\",\"name\":\"Fundaci\u00f3 Vidal i Barraquer\",\"description\":\"Assist\u00e8ncia, doc\u00e8ncia i recerca en la salut mental\",\"publisher\":{\"@id\":\"https:\/\/www.fvb.cat\/es\/#organization\"},\"potentialAction\":[{\"@type\":\"SearchAction\",\"target\":{\"@type\":\"EntryPoint\",\"urlTemplate\":\"https:\/\/www.fvb.cat\/es\/?s={search_term_string}\"},\"query-input\":\"required name=search_term_string\"}],\"inLanguage\":\"ca\"},{\"@type\":\"Organization\",\"@id\":\"https:\/\/www.fvb.cat\/es\/#organization\",\"name\":\"Fundaci\u00f3 Vidal i Barraquer\",\"url\":\"https:\/\/www.fvb.cat\/es\/\",\"logo\":{\"@type\":\"ImageObject\",\"inLanguage\":\"ca\",\"@id\":\"https:\/\/www.fvb.cat\/es\/#\/schema\/logo\/image\/\",\"url\":\"https:\/\/www.fvb.cat\/wp-content\/uploads\/2024\/05\/logo-vidal-i-barrauqer-60-aniversari.jpg\",\"contentUrl\":\"https:\/\/www.fvb.cat\/wp-content\/uploads\/2024\/05\/logo-vidal-i-barrauqer-60-aniversari.jpg\",\"width\":2125,\"height\":703,\"caption\":\"Fundaci\u00f3 Vidal i Barraquer\"},\"image\":{\"@id\":\"https:\/\/www.fvb.cat\/es\/#\/schema\/logo\/image\/\"}}]}<\/script>\n<!-- \/ Yoast SEO plugin. -->","yoast_head_json":{"title":"[:ca]Equip Guia Barcelon\u00e8s Nord i Maresme [:es]Equipo Gu\u00eda Barcelon\u00e9s Norte y Maresme [:] - Fundaci\u00f3 Vidal i Barraquer","robots":{"index":"index","follow":"follow","max-snippet":"max-snippet:-1","max-image-preview":"max-image-preview:large","max-video-preview":"max-video-preview:-1"},"canonical":"https:\/\/www.fvb.cat\/es\/asistencia-publica\/equipo-guia-maresme-barcelones-norte\/","og_locale":"ca_ES","og_type":"article","og_title":"[:ca]Equip Guia Barcelon\u00e8s Nord i Maresme [:es]Equipo Gu\u00eda Barcelon\u00e9s Norte y Maresme [:] - Fundaci\u00f3 Vidal i Barraquer","og_url":"https:\/\/www.fvb.cat\/es\/asistencia-publica\/equipo-guia-maresme-barcelones-norte\/","og_site_name":"Fundaci\u00f3 Vidal i Barraquer","article_modified_time":"2025-11-18T09:35:23+00:00","twitter_card":"summary_large_image","twitter_misc":{"Temps estimat de lectura":"2 minuts"},"schema":{"@context":"https:\/\/schema.org","@graph":[{"@type":"WebPage","@id":"https:\/\/www.fvb.cat\/es\/asistencia-publica\/equipo-guia-maresme-barcelones-norte\/","url":"https:\/\/www.fvb.cat\/es\/asistencia-publica\/equipo-guia-maresme-barcelones-norte\/","name":"[:ca]Equip Guia Barcelon\u00e8s Nord i Maresme [:es]Equipo Gu\u00eda Barcelon\u00e9s Norte y Maresme [:] - Fundaci\u00f3 Vidal i Barraquer","isPartOf":{"@id":"https:\/\/www.fvb.cat\/es\/#website"},"datePublished":"2025-08-07T11:56:18+00:00","dateModified":"2025-11-18T09:35:23+00:00","breadcrumb":{"@id":"https:\/\/www.fvb.cat\/es\/asistencia-publica\/equipo-guia-maresme-barcelones-norte\/#breadcrumb"},"inLanguage":"ca","potentialAction":[{"@type":"ReadAction","target":["https:\/\/www.fvb.cat\/es\/asistencia-publica\/equipo-guia-maresme-barcelones-norte\/"]}]},{"@type":"BreadcrumbList","@id":"https:\/\/www.fvb.cat\/es\/asistencia-publica\/equipo-guia-maresme-barcelones-norte\/#breadcrumb","itemListElement":[{"@type":"ListItem","position":1,"name":"Inici","item":"https:\/\/www.fvb.cat\/es\/"},{"@type":"ListItem","position":2,"name":"Assist\u00e8ncia P\u00fablica","item":"https:\/\/www.fvb.cat\/ca\/assistencia-publica\/"},{"@type":"ListItem","position":3,"name":"Equipo Gu\u00eda Barcelon\u00e9s Norte y Maresme"}]},{"@type":"WebSite","@id":"https:\/\/www.fvb.cat\/es\/#website","url":"https:\/\/www.fvb.cat\/es\/","name":"Fundaci\u00f3 Vidal i Barraquer","description":"Assist\u00e8ncia, doc\u00e8ncia i recerca en la salut mental","publisher":{"@id":"https:\/\/www.fvb.cat\/es\/#organization"},"potentialAction":[{"@type":"SearchAction","target":{"@type":"EntryPoint","urlTemplate":"https:\/\/www.fvb.cat\/es\/?s={search_term_string}"},"query-input":"required name=search_term_string"}],"inLanguage":"ca"},{"@type":"Organization","@id":"https:\/\/www.fvb.cat\/es\/#organization","name":"Fundaci\u00f3 Vidal i Barraquer","url":"https:\/\/www.fvb.cat\/es\/","logo":{"@type":"ImageObject","inLanguage":"ca","@id":"https:\/\/www.fvb.cat\/es\/#\/schema\/logo\/image\/","url":"https:\/\/www.fvb.cat\/wp-content\/uploads\/2024\/05\/logo-vidal-i-barrauqer-60-aniversari.jpg","contentUrl":"https:\/\/www.fvb.cat\/wp-content\/uploads\/2024\/05\/logo-vidal-i-barrauqer-60-aniversari.jpg","width":2125,"height":703,"caption":"Fundaci\u00f3 Vidal i Barraquer"},"image":{"@id":"https:\/\/www.fvb.cat\/es\/#\/schema\/logo\/image\/"}}]}},"_links":{"self":[{"href":"https:\/\/www.fvb.cat\/ca\/wp-json\/wp\/v2\/pages\/17390"}],"collection":[{"href":"https:\/\/www.fvb.cat\/ca\/wp-json\/wp\/v2\/pages"}],"about":[{"href":"https:\/\/www.fvb.cat\/ca\/wp-json\/wp\/v2\/types\/page"}],"author":[{"embeddable":true,"href":"https:\/\/www.fvb.cat\/ca\/wp-json\/wp\/v2\/users\/33"}],"replies":[{"embeddable":true,"href":"https:\/\/www.fvb.cat\/ca\/wp-json\/wp\/v2\/comments?post=17390"}],"version-history":[{"count":7,"href":"https:\/\/www.fvb.cat\/ca\/wp-json\/wp\/v2\/pages\/17390\/revisions"}],"predecessor-version":[{"id":17751,"href":"https:\/\/www.fvb.cat\/ca\/wp-json\/wp\/v2\/pages\/17390\/revisions\/17751"}],"up":[{"embeddable":true,"href":"https:\/\/www.fvb.cat\/ca\/wp-json\/wp\/v2\/pages\/5872"}],"wp:attachment":[{"href":"https:\/\/www.fvb.cat\/ca\/wp-json\/wp\/v2\/media?parent=17390"}],"curies":[{"name":"wp","href":"https:\/\/api.w.org\/{rel}","templated":true}]}}