{"id":16520,"date":"2024-12-30T13:25:42","date_gmt":"2024-12-30T12:25:42","guid":{"rendered":"https:\/\/www.fvb.cat\/es\/?page_id=16520"},"modified":"2025-05-28T09:46:39","modified_gmt":"2025-05-28T08:46:39","slug":"publicacions-2","status":"publish","type":"page","link":"https:\/\/www.fvb.cat\/ca\/publicacions-2\/","title":{"rendered":"PUBLICACIONS"},"content":{"rendered":"<section class=\"l-section wpb_row height_medium\"><div class=\"l-section-h i-cf\"><div class=\"g-cols type_default valign_top\"><div class=\"vc_col-sm-12 wpb_column vc_column_container\"><div class=\"vc_column-inner\"><div class=\"wpb_wrapper\"><div class=\"wpb_text_column \"><div class=\"wpb_wrapper\">\n<h1 style=\"text-align: center;\"><strong>PUBLICACIONS<\/strong><\/h1>\n<\/div> <\/div> <div class=\"w-tabs layout_default accordion title_left icon_chevron iconpos_right \"><div class=\"w-tabs-list items_3\"><div class=\"w-tabs-list-h\"><div class=\"w-tabs-item\"><a href=\"#1735561151527-e327aaf6-7838\" class=\"w-tabs-item-h\"><span class=\"w-tabs-item-title\">LLIBRES<\/span><\/a><\/div>\n<div class=\"w-tabs-item\"><a href=\"#1735561151541-82ad7ca8-2ce2\" class=\"w-tabs-item-h\"><span class=\"w-tabs-item-title\">CAP\u00cdTOLS DE LLIBRES<\/span><\/a><\/div>\n<div class=\"w-tabs-item\"><a href=\"#1735561284777-6ed9d910-6466\" class=\"w-tabs-item-h\"><span class=\"w-tabs-item-title\">ARTICLES<\/span><\/a><\/div>\n<\/div><\/div><div class=\"w-tabs-sections\"><div class=\"w-tabs-sections-h\"><div class=\"w-tabs-section\" id=\"1735561151527-e327aaf6-7838\"><a href=\"#1735561151527-e327aaf6-7838\" class=\"w-tabs-section-header\"><div class=\"w-tabs-section-header-h\"><h5 class=\"w-tabs-section-title\">LLIBRES<\/h5><div class=\"w-tabs-section-control\"><\/div><\/div><\/a><div class=\"w-tabs-section-content\"><div class=\"w-tabs-section-content-h i-cf\"><div class=\"wpb_text_column \"><div class=\"wpb_wrapper\">\n<ul>\n<li><span data-olk-copy-source=\"MessageBody\">Dangerfield, M. (2012), Negligencia y violencia sobre el adolescente: abordaje desde un Hospital de D\u00eda<i>, Temas de Psicoan\u00e1lisis,\u00a0<\/i>n\u00famero 4, Junio 2012.\u00a0(<\/span><u><a id=\"OWA06b6e19b-2a80-e4b0-9a2c-b1467fe25dcc\" title=\"http:\/\/www.temasdepsicoanalisis.org\/\" href=\"http:\/\/www.temasdepsicoanalisis.org\/\" target=\"_blank\" rel=\"noopener noreferrer\" data-loopstyle=\"linkonly\" data-auth=\"NotApplicable\" data-linkindex=\"0\">www.temasdepsicoanalisis.org<\/a><\/u>).<\/li>\n<li>Dangerfield, M. (2017).\u00a0Aportaciones del tratamiento basado en la mentalizaci\u00f3n (MBT-A) para adolescentes que han sufrido adversidades en la infancia.<i>\u00a0Cuadernos de Psiquiatr\u00eda y Psicoterapia del Ni\u00f1o y del Adolescente,\u00a0<\/i>2017;63, 29-47.<\/li>\n<li>Dangerfield, M. (2021).\u00a0El Proyecto ECID. Un modelo de intervenci\u00f3n comunitario para adolescentes de alto riesgo desvinculados de la red asistencial\u00a0<i>Aperturas Psicoanal\u00edticas<\/i>, (68) (2021), e4, 1-28.<\/li>\n<li>Dangerfield, M., Malberg, N. and Coll, E. (2023).\u00a0Is it safe outside? Tales from a home visiting service for families during the COVID pandemic.\u00a0<i>International Journal of Applied Psychoanalytic Studies.\u00a0<\/i>\u00a020(4): 251-264.:\u00a0DOI:\u00a0<u><a id=\"OWA02752588-a476-e6b2-a3d8-2c3951c9f905\" title=\"http:\/\/dx.doi.org\/10.1002\/aps.1821\" href=\"http:\/\/dx.doi.org\/10.1002\/aps.1821\" target=\"_blank\" rel=\"noopener noreferrer\" data-auth=\"NotApplicable\" data-linkindex=\"1\">10.1002\/aps.1821<\/a><\/u><\/li>\n<li>Dangerfield, M. and Brotnow Decker,\u00a0L. (2023). Mentalization based treatment of youth on the psychotic spectrum: clinical profiles and outcomes for youth in the ECID.<i>\u00a0Frontiers in Psychiatry\u00a0<\/i>14:1206511.<i>\u00a0<\/i>doi: 10.3389\/fpsyt.2023.1206511<\/li>\n<li><span data-olk-copy-source=\"MessageBody\">Malberg N, Jurist E, Bate J, Dangerfield M. (2023).<i>\u00a0Working With Parents in Therapy: A Mentalization-Based Approach.\u00a0<\/i>Washington, DC: American Psychological<\/span>\u00a0Association.<\/li>\n<li>Malberg N, Jurist E, Bate J, Dangerfield M. (2023). <em>Trabajando con padres en terapia. Un abordaje basado en la mentalizaci\u00f3n. <\/em>Bilbao: Descl\u00e9e de Brouwer. ISBN: 9788433032454.<\/li>\n<li>Malberg, N. y Dangerfield, M. (eds.)\u00a0(2022).\u00a0<i>Tratamiento Basado en la Mentalizaci\u00f3n para Ni\u00f1os. Aplicaciones Cl\u00ednicas en el Contexto Actual<\/i>. Barcelona: Herder.<\/li>\n<li>Castillo-Garayoa, J.A. &amp; Mercadal, J. (2020). Psicoterapia Psicoanal\u00edtica. Investigaci\u00f3n, evaluaci\u00f3n y pr\u00e1ctica cl\u00ednica. Editorial: Herder. Barcelona. ISBN: 978-84-254-4489-0<\/li>\n<\/ul>\n<\/div> <\/div> <\/div><\/div><\/div><div class=\"w-tabs-section\" id=\"1735561151541-82ad7ca8-2ce2\"><a href=\"#1735561151541-82ad7ca8-2ce2\" class=\"w-tabs-section-header\"><div class=\"w-tabs-section-header-h\"><h5 class=\"w-tabs-section-title\">CAP\u00cdTOLS DE LLIBRES<\/h5><div class=\"w-tabs-section-control\"><\/div><\/div><\/a><div class=\"w-tabs-section-content\"><div class=\"w-tabs-section-content-h i-cf\"><div class=\"wpb_text_column \"><div class=\"wpb_wrapper\">\n<ul>\n<li>Dangerfield, M. (2024). Tratamiento basado en la mentalizaci\u00f3n en los trastornos de la personalidad. En: D\u00edaz Garrido, J.A., Al-Halab\u00ed, S., Cangas, A.J. y Rodr\u00edguez-Otero, F. (2024). <em>Tratamientos psicol\u00f3gicos en los trastornos de la personalidad Il. Aproximaci\u00f3n a modelos terap\u00e9uticos. <\/em>Madrid: Ediciones Pir\u00e1mide. ISBN: 978-84-368-4988-2<\/li>\n<li>Feixas, G., Pubill, M.J., Dangerfield, M. y Balaguer, G. (2024). <a href=\"https:\/\/www.researchgate.net\/publication\/386136805_Modelos_y_orientaciones_en_psicoterapia?_sg%5B0%5D=TksJal8LTLMlztovzqIGr5SDZF8GoLd94QNRuY3HgswJ7fZxV-sM_kclvJgOn_OW6BkK450Kmss_wx6THUx_lnQ6qh5Nv3hXSGmRjMKQ.V6xc10p1fcu9TKT73xyCJoIRedX_Vy39f682iWtcg8UampYpW8t4W9Q_iq8T6wsi3JsXGOMhXlRKfToL2fd09g&amp;_tp=eyJjb250ZXh0Ijp7ImZpcnN0UGFnZSI6ImhvbWUiLCJwYWdlIjoicHJvZmlsZSIsInByZXZpb3VzUGFnZSI6InByb2ZpbGUiLCJwb3NpdGlvbiI6InBhZ2VDb250ZW50In19\">Modelos y orientaciones en psicoterapia<\/a>. En: Penad\u00e9s, R., L\u00f3pez-Santiago, J. y Belloch, A. (2024). <em>Manual de tratamientos en psicolog\u00eda cl\u00ednica. Gu\u00eda pr\u00e1ctica en adultos. <\/em>Madrid: McGraw Hill. ISBN: 9788448641078.<\/li>\n<li>Oriol, A., Dangerfield, M. y Montaner, M. (2024). El Equipo Cl\u00ednico de Intervenci\u00f3n a Domicilio. En: Ferrer, L. (ed.) (2024). <em>Adolescentes de alta complejidad. Recursos terap\u00e9uticos comunitarios actuales en salud mental. <\/em>Barcelona: Herder. ISBN: 9788425451874.<\/li>\n<li>Dangerfield M. Getting started with AMBIT: the ECID project in Barcelona. In: P Fuggle, L Talbot, C Campbell, P Fonagy, D Bevington, editors,<i>\u00a0Adaptive Mentalization-Based Integrative Treatment (AMBIT) for People with Multiple Needs. Applications in Practice.\u00a0<\/i>Oxford: Oxford University Press (2023). p. 107\u2013138.\u00a0doi: 10.1093\/med-psych\/9780198855910.003.0005<\/li>\n<li>Dangerfield, M. (2021).\u00a0Equipo cl\u00ednico de intervenci\u00f3n a domicilio (ECID): una propuesta comunitaria para adolescentes en alto riesgo.\u00a0En\u00a0Cruz,\u00a0D.,\u00a0Mollejo,\u00a0E. y\u00a0Gonz\u00e1lez, F.\u00a0(Coords.).\u00a0<i>Adolescencias. Nuevos retos, nuevas transiciones.\u00a0<\/i>Madrid. Asociaci\u00f3n\u00a0Espa\u00f1ola de\u00a0Neuropsiquiatr\u00eda. Estudios,\u00a064.<\/li>\n<\/ul>\n<ul>\n<li>Dangerfield, M. (2021). Working with at-risk mental states in adolescence. En T. Rossouw, M. Wiwe e I. Vrova, <em>Mentalization-Based Treatment for Adolescents: A Practical Treatment Guide<\/em>. Routledge.<\/li>\n<\/ul>\n<ul>\n<li>Malberg, N. &amp; Dangerfield, M. (2022).\u00a0Young Kids: The impact of Early Adverse Relational Experiences. In Marsh, A. N. and Cox, L. J. (Eds.) (2022).\u00a0<i>Not Just Bad Kids.\u00a0The Adversity and Disruptive Behavior Link<\/i>.\u00a0Pages 311-320\u00a0<u><a id=\"OWAeb170bd2-77eb-3a2d-a002-7babdc3a1f5f\" title=\"https:\/\/doi.org\/10.1016\/B978-0-12-818954-2.00004-3\" href=\"https:\/\/doi.org\/10.1016\/B978-0-12-818954-2.00004-3\" target=\"_blank\" rel=\"noopener noreferrer\" data-auth=\"NotApplicable\" data-linkindex=\"2\">https:\/\/doi.org\/10.1016\/B978-0-12-818954-2.00004-3<\/a><\/u><\/li>\n<li><span data-olk-copy-source=\"MessageBody\">Artigue, J. y Dangerfield, M. (2020). Investigaci\u00f3n con adolescentes en riesgo psicopatol\u00f3gico y de exclusi\u00f3n social. En, Castillo, J. A. Y Mercadal, J (Comp.).\u00a0<i>Psicoterapia Psicoanal\u00edtica. Investigaci\u00f3n, evaluaci\u00f3n y pr\u00e1ctica cl\u00ednica<\/i>. Barcelona: Herder.\u00a0<\/span><\/li>\n<li>De Quadras, E.; Mercadal, J.; Nofuentes, C.; Palau, M., Coca, M.R. &amp; P\u00e9rez-Testor, C. (2019). Tipos de Colusi\u00f3n. T\u00edtulo Libro: Psicoterapia Psicoanal\u00edtica de Pareja. Compilador: Dr. Carles P\u00e9rez Testor. Editorial Herder. Barcelona.<\/li>\n<li>Mercadal, J. &amp; P\u00e9rez-Testor, C. (2019). Aportaciones de la Investigaci\u00f3n a la Psicoterapia Psicoanal\u00edtica de Pareja. T\u00edtulo Libro: Psicoterapia Psicoanal\u00edtica de Pareja. Compilador: Dr. Carles P\u00e9rez Testor. Editorial Herder. Barcelona.<\/li>\n<li>Mirabent, V.; P\u00e9rez-Testor, C.; Aramburu, I.; Davins, M.; Aznar, B.\u00a0; Mercadal, J.\u00a0; Salamero, M. (2017) Qui\u00e9n soy y a donde me dirijo? Identidad positiva y adopci\u00f3n adolescente. T\u00edtulo Libro: Adopci\u00f3n en la Adolescencia y Juventud: Avanzando con las personas j\u00f3venes adoptadas y con sus familias adoptantes. Direcci\u00f3n: Dr. F\u00e9lix Loizaga (Universidad de Deusto)<\/li>\n<li>Aramburu, I.; Salamero, M.; Mercadal, J.; Aznar, B.; Mirabent, V.; Davins, M.; P\u00e9rez-Testor, C. (2017). Comunicaci\u00f3n Familiar en torno a la adopci\u00f3n: Su impacto en la salud mental del adolescente. T\u00edtulo Libro: Adopci\u00f3n en la Adolescencia y Juventud: Avanzando con las personas j\u00f3venes adoptadas y con sus familias adoptantes. Direcci\u00f3n: Dr. F\u00e9lix Loizaga (Universidad de Deusto)<\/li>\n<\/ul>\n<\/div> <\/div> <\/div><\/div><\/div><div class=\"w-tabs-section\" id=\"1735561284777-6ed9d910-6466\"><a href=\"#1735561284777-6ed9d910-6466\" class=\"w-tabs-section-header\"><div class=\"w-tabs-section-header-h\"><h5 class=\"w-tabs-section-title\">ARTICLES<\/h5><div class=\"w-tabs-section-control\"><\/div><\/div><\/a><div class=\"w-tabs-section-content\"><div class=\"w-tabs-section-content-h i-cf\"><div class=\"wpb_text_column \"><div class=\"wpb_wrapper\">\n<ul>\n<li>Bevington, D. and Dangerfield, M. (2024). Meeting You Where You Are: One Mentalizing Stance, and the Many Versions Needed in (Non-)Mentalizing Systems of Help. <em>Journal of Infant, Child, and Adolescent Psychotherapy<\/em>, vol. 23, no. 1, 85\u201395. <a href=\"https:\/\/doi.org\/10.1080\/15289168.2024.2307266\">https:\/\/doi.org\/10.1080\/15289168.2024.2307266<\/a><\/li>\n<li>Dangerfield, M. and Brotnow Decker, (2023). Mentalization based treatment of youth on the psychotic spectrum: clinical profiles and outcomes for youth in the ECID.<em> Frontiers in Psychiatry <\/em>14:1206511. doi: 10.3389\/fpsyt.2023.1206511<\/li>\n<li>Dangerfield, M., Malberg, N. and Coll, E. (2023).\u00a0Is it safe outside? Tales from a home visiting service for families during the COVID pandemic.\u00a0<i>International Journal of Applied Psychoanalytic Studies.\u00a0<\/i>\u00a020(4): 251-264.:\u00a0DOI:\u00a0<u><a id=\"OWA02752588-a476-e6b2-a3d8-2c3951c9f905\" title=\"http:\/\/dx.doi.org\/10.1002\/aps.1821\" href=\"http:\/\/dx.doi.org\/10.1002\/aps.1821\" target=\"_blank\" rel=\"noopener noreferrer\" data-auth=\"NotApplicable\" data-linkindex=\"1\">10.1002\/aps.1821<\/a><\/u><\/li>\n<li>Dangerfield, M. and Brotnow Decker,\u00a0L. (2023). Mentalization based treatment of youth on the psychotic spectrum: clinical profiles and outcomes for youth in the ECID.<i>\u00a0Frontiers in Psychiatry\u00a0<\/i>14:1206511.<i>\u00a0<\/i>doi: 10.3389\/fpsyt.2023.1206511<\/li>\n<li>Dangerfield, M. (2021).\u00a0El Proyecto ECID. Un modelo de intervenci\u00f3n comunitario para adolescentes de alto riesgo desvinculados de la red asistencial\u00a0<i>Aperturas Psicoanal\u00edticas<\/i>, (68) (2021), e4, 1-28.https:\/\/www.aperturas.org\/articulo.php?articulo=0001167<\/li>\n<li>Dangerfield, M. (2021). Equipo cli\u0301nico de intervencio\u0301n a domicilio (ECID): una propuesta comunitaria para adolescentes en alto riesgo. En Cruz,, Mollejo, E. y Gonza\u0301lez, F. (Coords.). <em>Adolescencias. Nuevos retos, nuevas transiciones. <\/em>Madrid. Asociacio\u0301n Espan\u0303ola de Neuropsiquiatri\u0301a. Estudios, 64.<\/li>\n<li>Tremoleda, J.; Salvany, M.; Mercadal, J.; Ortega, M.C.; Aguilera, C.; Cabezas, M.V. (2019). Suicidio y Violencia de g\u00e9nero: relaci\u00f3n invisibilizada en los servicios de atenci\u00f3n a la salud mental. Revista MOSAICO. Vol. 74, p. 8 &#8211; 26<\/li>\n<li>Mercadal, J.; Maestre, F.; Golan\u00f3, M.; Pla, E. &amp; P\u00e9rez, A. (2019). Routine Outcomes Measures (ROM): An Evaluation and Research Approach to the Therapeutic Process in Public Health Contexts. <em>CPQ Neurology and Psychology, <\/em>Vol. 3(2), p. 1 \u2013 2.<\/li>\n<li>Mercadal, J. &amp; P\u00e9rez-Testor, C. (2019). Jealousy, Infidelity and Physical Attractiveness in Young Adults. <em>CPQ Neurology and Psychology<\/em>, Vol. 1(4), p. 1 \u2013 11.<\/li>\n<li>Aramburu, I.; Perez-Testor, C; Mercadal, J.; Salamero, M.; Aznar, B.; Davins, M.; Mirabent, V.; Brodzinsky, D. (2018). Influence of Communicative Openness on the Psychological Adjustment of Internationally Adopted Adolescents (Influ\u00e8ncia de la Comunicaci\u00f3 Oberta en l\u2019Ajustament Psicol\u00f2gic dels Adolescents Adoptats Internacionalment). <em>Journal of Research on Adolescence<\/em>. DOI: https:\/\/doi.org\/10.1111\/jora.12464 Impact Factor: 2.087<\/li>\n<li>Rib\u00e9, JM.; Mercadal, J.; Carri\u00f3, A.; S\u00e1nchez, J.; Ramilans, C.; Alberich, C. (2018). Factores terap\u00e9uticos en psicoterapia grupal: investigaci\u00f3n desde la perspectiva de los miembros del grupo y sus conductores. <em>Revista Asociaci\u00f3n Espa\u00f1ola de Neuropsiquiatr\u00eda, <\/em>Vol. 38 (134), p. 473 \u2013 489. DOI: 10.4321\/S0211-57352018000200007<\/li>\n<li>Perez Testor, C.;\u00a0Mercadal, J.;\u00a0Rodriguez, P. (2018). Les troubles sexuels au sein du couple.\u00a0<em>Le Journal des psychologues<\/em>, Vol. 357(5), p. 49 &#8211; 52. DOI:10.3917\/jdp.357.0049<\/li>\n<li>Aramburu, I.; P\u00e9rez-Testor, C.; Mirabent, V.; Mercadal, J. (2018). Construyendo un apego seguro: Intervenci\u00f3n familiar en un caso de adopci\u00f3n internacional. <em>La Revue du REDIF<\/em>, Vol. 10, p. 42 \u2013 53. ISSN: 2070-9021<\/li>\n<li>Rib\u00e9, J.M.; Salamero, M.; P\u00e9rez-Testor, C.; Mercadal, J.; Aguilera, C.; Cleris, M. (2018). Quality of life in family caregivers of schizophrenia patients in Spain: Caregiver characteristics, caregiving burden, family functioning, and social and professional support. <em>International Journal of Psychiatry in Clinical Practice<\/em>. Vol. 22 (1), p. 25 \u2013 33. DOI:\u00a0 10.1080\/13651501.2017.1360500 Impact Factor: 1.174<\/li>\n<li>P\u00e9rez-Testor, C.; Aramburu, A.; Davins, M.; Aznar, B.; Mercadal, J. (2017). La transformaci\u00f3n de la familia a principios del siglo XXI: a prop\u00f3sito de un caso. <em>Revista Internacional de Psicoan\u00e1lisis de Pareja y Familia<\/em>, Vol. 16-1. ISSN: 2105-1038.<\/li>\n<li>Dangerfield, M. (2017). Aportaciones del tratamiento basado en la mentalizaci\u00f3n (MBT-A) para adolescentes que han sufrido adversidades en la infancia. Cuadernos de Psiquiatr\u00eda y Psicoterapia del Ni\u00f1o y del Adolescente, 2017;63, 29-47.<\/li>\n<li>P\u00e9rez-Testor, C.; Mercadal, J. (2017). La eficacia de la terapia familiar: Una revisi\u00f3n. <em>La Revue du REFIF<\/em>, Vol. 9, p. 34 \u2013 45. ISSN: 2070-9021.<\/li>\n<li>Dangerfield, M. (2016). \u201cSense un lloc a la teva ment, sense un lloc al m\u00f3n.\u201d Aspectes t\u00e8cnics del treball amb adolescents desatesos. <em>Revista Catalana de Psicoan\u00e0lisi.<\/em><\/li>\n<li>Cabr\u00e9, V.; Mercadal, J. (2016). Psicoterapia On-Line: Escenario virtual para una relaci\u00f3n real en el espacio intermediario. <em>Revista Clinica e Investigaci\u00f3n Relacional<\/em>, 10 (2): 439-452. DOI: 10.21110\/19882939.2016.100206.<\/li>\n<li>Dangerfield, M. (2015). <em>Un intent de posar en paraules all\u00f2 impensable: reflexions sobre un proc\u00e9s psicoanal\u00edtic<\/em>. Institut de Psicoan\u00e0lisi de Barcelona.<\/li>\n<li>Dangerfield, M. (2012), Negligencia y violencia sobre el adolescente: abordaje desde un Hospital de D\u00eda<em>, Temas de Psicoan\u00e1lisis, <\/em>n\u00famero 4, Junio 2012. (<a href=\"http:\/\/www.temasdepsicoanalisis.org\">temasdepsicoanalisis.org<\/a>).<\/li>\n<li><\/li>\n<\/ul>\n<\/div> <\/div> <\/div><\/div><\/div><\/div><\/div><\/div><\/div><\/div><\/div><\/div><\/div><\/section>","protected":false},"excerpt":{"rendered":"Fundaci\u00f3 Vidal i Barraquer Som una instituci\u00f3 creada l\u2019any 1964 i dedicada...","protected":false},"author":33,"featured_media":0,"parent":0,"menu_order":0,"comment_status":"closed","ping_status":"closed","template":"","meta":{"footnotes":""},"yoast_head":"<!-- This site is optimized with the Yoast SEO plugin v22.6 - https:\/\/yoast.com\/wordpress\/plugins\/seo\/ -->\n<title>PUBLICACIONS - Fundaci\u00f3 Vidal i Barraquer<\/title>\n<meta name=\"robots\" content=\"index, follow, max-snippet:-1, max-image-preview:large, max-video-preview:-1\" \/>\n<link rel=\"canonical\" href=\"https:\/\/www.fvb.cat\/ca\/publicacions-2\/\" \/>\n<meta property=\"og:locale\" content=\"ca_ES\" \/>\n<meta property=\"og:type\" content=\"article\" \/>\n<meta property=\"og:title\" content=\"[:ca]PUBLICACIONS[:es]PUBLICACIONES[:] - Fundaci\u00f3 Vidal i Barraquer\" \/>\n<meta property=\"og:url\" content=\"https:\/\/www.fvb.cat\/ca\/publicacions-2\/\" \/>\n<meta property=\"og:site_name\" content=\"Fundaci\u00f3 Vidal i Barraquer\" \/>\n<meta property=\"article:modified_time\" content=\"2025-05-28T08:46:39+00:00\" \/>\n<meta name=\"twitter:card\" content=\"summary_large_image\" \/>\n<meta name=\"twitter:label1\" content=\"Temps estimat de lectura\" \/>\n\t<meta name=\"twitter:data1\" content=\"7 minuts\" \/>\n<script type=\"application\/ld+json\" class=\"yoast-schema-graph\">{\"@context\":\"https:\/\/schema.org\",\"@graph\":[{\"@type\":\"WebPage\",\"@id\":\"https:\/\/www.fvb.cat\/ca\/publicacions-2\/\",\"url\":\"https:\/\/www.fvb.cat\/ca\/publicacions-2\/\",\"name\":\"[:ca]PUBLICACIONS[:es]PUBLICACIONES[:] - Fundaci\u00f3 Vidal i Barraquer\",\"isPartOf\":{\"@id\":\"https:\/\/www.fvb.cat\/es\/#website\"},\"datePublished\":\"2024-12-30T12:25:42+00:00\",\"dateModified\":\"2025-05-28T08:46:39+00:00\",\"breadcrumb\":{\"@id\":\"https:\/\/www.fvb.cat\/ca\/publicacions-2\/#breadcrumb\"},\"inLanguage\":\"ca\",\"potentialAction\":[{\"@type\":\"ReadAction\",\"target\":[\"https:\/\/www.fvb.cat\/ca\/publicacions-2\/\"]}]},{\"@type\":\"BreadcrumbList\",\"@id\":\"https:\/\/www.fvb.cat\/ca\/publicacions-2\/#breadcrumb\",\"itemListElement\":[{\"@type\":\"ListItem\",\"position\":1,\"name\":\"Inici\",\"item\":\"https:\/\/www.fvb.cat\/es\/\"},{\"@type\":\"ListItem\",\"position\":2,\"name\":\"PUBLICACIONS\"}]},{\"@type\":\"WebSite\",\"@id\":\"https:\/\/www.fvb.cat\/es\/#website\",\"url\":\"https:\/\/www.fvb.cat\/es\/\",\"name\":\"Fundaci\u00f3 Vidal i Barraquer\",\"description\":\"Assist\u00e8ncia, doc\u00e8ncia i recerca en la salut mental\",\"publisher\":{\"@id\":\"https:\/\/www.fvb.cat\/es\/#organization\"},\"potentialAction\":[{\"@type\":\"SearchAction\",\"target\":{\"@type\":\"EntryPoint\",\"urlTemplate\":\"https:\/\/www.fvb.cat\/es\/?s={search_term_string}\"},\"query-input\":\"required name=search_term_string\"}],\"inLanguage\":\"ca\"},{\"@type\":\"Organization\",\"@id\":\"https:\/\/www.fvb.cat\/es\/#organization\",\"name\":\"Fundaci\u00f3 Vidal i Barraquer\",\"url\":\"https:\/\/www.fvb.cat\/es\/\",\"logo\":{\"@type\":\"ImageObject\",\"inLanguage\":\"ca\",\"@id\":\"https:\/\/www.fvb.cat\/es\/#\/schema\/logo\/image\/\",\"url\":\"https:\/\/www.fvb.cat\/wp-content\/uploads\/2024\/05\/logo-vidal-i-barrauqer-60-aniversari.jpg\",\"contentUrl\":\"https:\/\/www.fvb.cat\/wp-content\/uploads\/2024\/05\/logo-vidal-i-barrauqer-60-aniversari.jpg\",\"width\":2125,\"height\":703,\"caption\":\"Fundaci\u00f3 Vidal i Barraquer\"},\"image\":{\"@id\":\"https:\/\/www.fvb.cat\/es\/#\/schema\/logo\/image\/\"}}]}<\/script>\n<!-- \/ Yoast SEO plugin. -->","yoast_head_json":{"title":"[:ca]PUBLICACIONS[:es]PUBLICACIONES[:] - Fundaci\u00f3 Vidal i Barraquer","robots":{"index":"index","follow":"follow","max-snippet":"max-snippet:-1","max-image-preview":"max-image-preview:large","max-video-preview":"max-video-preview:-1"},"canonical":"https:\/\/www.fvb.cat\/ca\/publicacions-2\/","og_locale":"ca_ES","og_type":"article","og_title":"[:ca]PUBLICACIONS[:es]PUBLICACIONES[:] - Fundaci\u00f3 Vidal i Barraquer","og_url":"https:\/\/www.fvb.cat\/ca\/publicacions-2\/","og_site_name":"Fundaci\u00f3 Vidal i Barraquer","article_modified_time":"2025-05-28T08:46:39+00:00","twitter_card":"summary_large_image","twitter_misc":{"Temps estimat de lectura":"7 minuts"},"schema":{"@context":"https:\/\/schema.org","@graph":[{"@type":"WebPage","@id":"https:\/\/www.fvb.cat\/ca\/publicacions-2\/","url":"https:\/\/www.fvb.cat\/ca\/publicacions-2\/","name":"[:ca]PUBLICACIONS[:es]PUBLICACIONES[:] - Fundaci\u00f3 Vidal i Barraquer","isPartOf":{"@id":"https:\/\/www.fvb.cat\/es\/#website"},"datePublished":"2024-12-30T12:25:42+00:00","dateModified":"2025-05-28T08:46:39+00:00","breadcrumb":{"@id":"https:\/\/www.fvb.cat\/ca\/publicacions-2\/#breadcrumb"},"inLanguage":"ca","potentialAction":[{"@type":"ReadAction","target":["https:\/\/www.fvb.cat\/ca\/publicacions-2\/"]}]},{"@type":"BreadcrumbList","@id":"https:\/\/www.fvb.cat\/ca\/publicacions-2\/#breadcrumb","itemListElement":[{"@type":"ListItem","position":1,"name":"Inici","item":"https:\/\/www.fvb.cat\/es\/"},{"@type":"ListItem","position":2,"name":"PUBLICACIONS"}]},{"@type":"WebSite","@id":"https:\/\/www.fvb.cat\/es\/#website","url":"https:\/\/www.fvb.cat\/es\/","name":"Fundaci\u00f3 Vidal i Barraquer","description":"Assist\u00e8ncia, doc\u00e8ncia i recerca en la salut mental","publisher":{"@id":"https:\/\/www.fvb.cat\/es\/#organization"},"potentialAction":[{"@type":"SearchAction","target":{"@type":"EntryPoint","urlTemplate":"https:\/\/www.fvb.cat\/es\/?s={search_term_string}"},"query-input":"required name=search_term_string"}],"inLanguage":"ca"},{"@type":"Organization","@id":"https:\/\/www.fvb.cat\/es\/#organization","name":"Fundaci\u00f3 Vidal i Barraquer","url":"https:\/\/www.fvb.cat\/es\/","logo":{"@type":"ImageObject","inLanguage":"ca","@id":"https:\/\/www.fvb.cat\/es\/#\/schema\/logo\/image\/","url":"https:\/\/www.fvb.cat\/wp-content\/uploads\/2024\/05\/logo-vidal-i-barrauqer-60-aniversari.jpg","contentUrl":"https:\/\/www.fvb.cat\/wp-content\/uploads\/2024\/05\/logo-vidal-i-barrauqer-60-aniversari.jpg","width":2125,"height":703,"caption":"Fundaci\u00f3 Vidal i Barraquer"},"image":{"@id":"https:\/\/www.fvb.cat\/es\/#\/schema\/logo\/image\/"}}]}},"_links":{"self":[{"href":"https:\/\/www.fvb.cat\/ca\/wp-json\/wp\/v2\/pages\/16520"}],"collection":[{"href":"https:\/\/www.fvb.cat\/ca\/wp-json\/wp\/v2\/pages"}],"about":[{"href":"https:\/\/www.fvb.cat\/ca\/wp-json\/wp\/v2\/types\/page"}],"author":[{"embeddable":true,"href":"https:\/\/www.fvb.cat\/ca\/wp-json\/wp\/v2\/users\/33"}],"replies":[{"embeddable":true,"href":"https:\/\/www.fvb.cat\/ca\/wp-json\/wp\/v2\/comments?post=16520"}],"version-history":[{"count":23,"href":"https:\/\/www.fvb.cat\/ca\/wp-json\/wp\/v2\/pages\/16520\/revisions"}],"predecessor-version":[{"id":17174,"href":"https:\/\/www.fvb.cat\/ca\/wp-json\/wp\/v2\/pages\/16520\/revisions\/17174"}],"wp:attachment":[{"href":"https:\/\/www.fvb.cat\/ca\/wp-json\/wp\/v2\/media?parent=16520"}],"curies":[{"name":"wp","href":"https:\/\/api.w.org\/{rel}","templated":true}]}}