{"id":16517,"date":"2024-12-30T13:11:43","date_gmt":"2024-12-30T12:11:43","guid":{"rendered":"https:\/\/www.fvb.cat\/es\/?page_id=16517"},"modified":"2025-05-07T08:53:22","modified_gmt":"2025-05-07T07:53:22","slug":"linies-de-recerca","status":"publish","type":"page","link":"https:\/\/www.fvb.cat\/ca\/linies-recerca\/","title":{"rendered":"L\u00cdNIES DE RECERCA"},"content":{"rendered":"<section class=\"l-section wpb_row height_medium\"><div class=\"l-section-h i-cf\"><div class=\"g-cols type_default valign_top\"><div class=\"vc_col-sm-12 wpb_column vc_column_container\"><div class=\"vc_column-inner\"><div class=\"wpb_wrapper\"><div class=\"wpb_text_column \"><div class=\"wpb_wrapper\">\n<h1 style=\"text-align: center;\"><strong>L\u00cdNIES DE RECERCA<\/strong><\/h1>\n<\/div> <\/div> <div class=\"wpb_text_column \"><div class=\"wpb_wrapper\"><p>El GREMAIP tamb\u00e9 est\u00e0 pensat per poder incloure i recolzar investigacions que es puguin dur a terme als diferents centres i serveis de la FVB i institucions properes, en unitats especialitzades o t\u00e8cniques concretes com l\u2019estudi de grups, atenci\u00f3 a dones maltractades, a persones sordes, adopcions, trauma, su\u00efcidi, COVID, etc.<\/p>\n<p>Actualment, compta amb les seg\u00fcents l\u00ednies de recerca:<\/p><\/div> <\/div> <\/div><\/div><\/div><\/div><\/div><\/section><section class=\"l-section wpb_row height_medium\"><div class=\"l-section-h i-cf\"><div class=\"g-cols type_default valign_top\"><div class=\"vc_col-sm-12 wpb_column vc_column_container\"><div class=\"vc_column-inner\"><div class=\"wpb_wrapper\"><div class=\"wpb_text_column \"><div class=\"wpb_wrapper\">\n<h5><strong>MENTALITZACI\u00d3\u00a0<\/strong><\/h5>\n<\/div> <\/div> <\/div><\/div><\/div><\/div><\/div><\/section><section class=\"l-section wpb_row height_medium\"><div class=\"l-section-h i-cf\"><div class=\"g-cols type_default valign_top\"><div class=\"vc_col-sm-12 wpb_column vc_column_container\"><div class=\"vc_column-inner\"><div class=\"wpb_wrapper\"><div class=\"w-tabs layout_default accordion title_left icon_chevron iconpos_right \"><div class=\"w-tabs-list items_1\"><div class=\"w-tabs-list-h\"><div class=\"w-tabs-item\"><a href=\"#1735560116022-b9077171-28d9\" class=\"w-tabs-item-h\"><span class=\"w-tabs-item-title\">MENTALITZACI\u00d3 <\/span><\/a><\/div>\n<\/div><\/div><div class=\"w-tabs-sections\"><div class=\"w-tabs-sections-h\"><div class=\"w-tabs-section\" id=\"1735560116022-b9077171-28d9\"><a href=\"#1735560116022-b9077171-28d9\" class=\"w-tabs-section-header\"><div class=\"w-tabs-section-header-h\"><h5 class=\"w-tabs-section-title\">MENTALITZACI\u00d3 <\/h5><div class=\"w-tabs-section-control\"><\/div><\/div><\/a><div class=\"w-tabs-section-content\"><div class=\"w-tabs-section-content-h i-cf\"><div class=\"wpb_text_column \"><div class=\"wpb_wrapper\"><p>El concepte de mentalitzaci\u00f3 es defineix com una forma d\u2019activitat mental imaginativa, \u00e9s a dir, percebre i interpretar el comportament hum\u00e0 en termes d\u2019estats mentals intencionals (per exemple, necessitats, desitjos, sentiments, objectius, prop\u00f2sits i raons) (Fonagy et al., 2002). L\u2019objectiu d\u2019una capacitat de mentalitzar adequada \u00e9s aconseguir apropar-nos a entendre la nostra subjectivitat i la subjectivitat de l\u2019altre, els estats emocionals i intencionals subjacents a la conducta externa observable, \u00e9s a dir, aquells estats que determinen la conducta tot i que no siguin visibles externament (Dangerfield, 2024). El Tractament Basat en la Mentalitzaci\u00f3 (MBT) \u00e9s un model d\u2019intervenci\u00f3 psicoterap\u00e8utica desenvolupat i manualitzat inicialment per Peter Fonagy i Anthony Bateman, per al tractament de persones amb Trastorn L\u00edmit de la Personalitat (TLP), tot i que posteriorment s\u2019ha convertit en un model d\u2019intervenci\u00f3 psicoterap\u00e8utica transdiagn\u00f2stic, amb models manualitzats d\u2019intervenci\u00f3 per a les diferents etapes evolutives: MBT-C per a nens (Midgley et al., 2017), MBT-A per a adolescents (Rossouw et al., (eds.), 2021), MBT-F per a fam\u00edlies (Asen i Fonagy, 2021), MBT per a adults (Bateman i Fonagy, 2016) i el m\u00e9s recent model de MBT pel treball amb Pares (Malberg et al., 2023).<\/p>\n<p>Diverses revisions i metan\u00e0lisi han proporcionat evid\u00e8ncia de l\u2019efectivitat del tractament basat en la mentalitzaci\u00f3 (MBT) a nivell transdiagn\u00f2stic (Barlow, Sleed i Midgley, 2021; Byrne, Murphy i Connon, 2020; Cristea et al., 2017; Lo i Wong, 2022; Midgley, Sprecher i Sleed, 2021; Rameckers et al., 2021; Storeb\u00f8 et al., 2020; Volkert, Hauschild i Taubner, 2019).<\/p><\/div> <\/div> <\/div><\/div><\/div><\/div><\/div><\/div><\/div><\/div><\/div><\/div><\/div><\/section><section class=\"l-section wpb_row height_medium\"><div class=\"l-section-h i-cf\"><div class=\"g-cols type_default valign_top\"><div class=\"vc_col-sm-12 wpb_column vc_column_container\"><div class=\"vc_column-inner\"><div class=\"wpb_wrapper\"><div class=\"wpb_text_column \"><div class=\"wpb_wrapper\">\n<h5><strong>AVALUACI\u00d3 D&#8217;INTERVENCIONS PSICOL\u00d2GIQUES<\/strong><\/h5>\n<\/div> <\/div> <\/div><\/div><\/div><\/div><\/div><\/section><section class=\"l-section wpb_row height_medium\"><div class=\"l-section-h i-cf\"><div class=\"g-cols type_default valign_top\"><div class=\"vc_col-sm-12 wpb_column vc_column_container\"><div class=\"vc_column-inner\"><div class=\"wpb_wrapper\"><div class=\"w-tabs layout_default accordion title_left icon_chevron iconpos_right \"><div class=\"w-tabs-list items_1\"><div class=\"w-tabs-list-h\"><div class=\"w-tabs-item\"><a href=\"#1735560202487-190dbfac-1a3c\" class=\"w-tabs-item-h\"><span class=\"w-tabs-item-title\">AVALUACI\u00d3 D'INTERVENCIONS PSICOL\u00d2GIQUES<\/span><\/a><\/div>\n<\/div><\/div><div class=\"w-tabs-sections\"><div class=\"w-tabs-sections-h\"><div class=\"w-tabs-section\" id=\"1735560202487-190dbfac-1a3c\"><a href=\"#1735560202487-190dbfac-1a3c\" class=\"w-tabs-section-header\"><div class=\"w-tabs-section-header-h\"><h5 class=\"w-tabs-section-title\">AVALUACI\u00d3 D'INTERVENCIONS PSICOL\u00d2GIQUES<\/h5><div class=\"w-tabs-section-control\"><\/div><\/div><\/a><div class=\"w-tabs-section-content\"><div class=\"w-tabs-section-content-h i-cf\"><div class=\"wpb_text_column \"><div class=\"wpb_wrapper\"><p>L\u2019avaluaci\u00f3 emp\u00edrica dels resultats de les intervencions \u00e9s actualment una responsabilitat i un inter\u00e8s assumit per la majoria dels models d\u2019intervenci\u00f3 en salut mental i benestar. L\u2019evid\u00e8ncia provinent de la pr\u00e0ctica assistencial permet apropar la pr\u00e0ctica cl\u00ednica a la recerca, facilitant la descripci\u00f3 i an\u00e0lisi de la seva complexitat. La investigaci\u00f3 en l\u2019avaluaci\u00f3 sistem\u00e0tica dels resultats de les intervencions psicol\u00f2giques dutes a terme en diferents equips assistencials, des de la primera inf\u00e0ncia a la vida adulta, permetr\u00e0 un disseny de pol\u00edtiques assistencials coherents i basades en l\u2019evid\u00e8ncia. L\u2019avaluaci\u00f3 sistem\u00e0tica dels resultats es contempla des de diferents perspectives (des del punt de vista del cl\u00ednic, des del punt de vista dels pares o cuidadors i des del punt de vista de l\u2019usuari, adult, jove o nen) i reverteix directament als diferents nivells de l\u2019assist\u00e8ncia (pacient, cl\u00ednic, equip, investigaci\u00f3 i pol\u00edtiques assistencials). En aquest sentit, la investigaci\u00f3 que sorgeix de l\u2019avaluaci\u00f3 sistem\u00e0tica dels resultats de l\u2019activitat assistencial \u00e9s una de les vies que ha de permetre aconseguir una major qualitat.<\/p><\/div> <\/div> <\/div><\/div><\/div><\/div><\/div><\/div><\/div><\/div><\/div><\/div><\/div><\/section>","protected":false},"excerpt":{"rendered":"Fundaci\u00f3 Vidal i Barraquer Som una instituci\u00f3 creada l\u2019any 1964 i dedicada...","protected":false},"author":33,"featured_media":0,"parent":0,"menu_order":0,"comment_status":"closed","ping_status":"closed","template":"","meta":{"footnotes":""},"yoast_head":"<!-- This site is optimized with the Yoast SEO plugin v22.6 - https:\/\/yoast.com\/wordpress\/plugins\/seo\/ -->\n<title>L\u00cdNIES DE RECERCA - Fundaci\u00f3 Vidal i Barraquer<\/title>\n<meta name=\"robots\" content=\"index, follow, max-snippet:-1, max-image-preview:large, max-video-preview:-1\" \/>\n<link rel=\"canonical\" href=\"https:\/\/www.fvb.cat\/es\/lineas-investigacion\/\" \/>\n<meta property=\"og:locale\" content=\"ca_ES\" \/>\n<meta property=\"og:type\" content=\"article\" \/>\n<meta property=\"og:title\" content=\"[:ca]L\u00cdNIES DE RECERCA[:es]L\u00cdNEAS DE INVESTIGACI\u00d3N[:] - Fundaci\u00f3 Vidal i Barraquer\" \/>\n<meta property=\"og:url\" content=\"https:\/\/www.fvb.cat\/es\/lineas-investigacion\/\" \/>\n<meta property=\"og:site_name\" content=\"Fundaci\u00f3 Vidal i Barraquer\" \/>\n<meta property=\"article:modified_time\" content=\"2025-05-07T07:53:22+00:00\" \/>\n<meta name=\"twitter:card\" content=\"summary_large_image\" \/>\n<meta name=\"twitter:label1\" content=\"Temps estimat de lectura\" \/>\n\t<meta name=\"twitter:data1\" content=\"3 minuts\" \/>\n<script type=\"application\/ld+json\" class=\"yoast-schema-graph\">{\"@context\":\"https:\/\/schema.org\",\"@graph\":[{\"@type\":\"WebPage\",\"@id\":\"https:\/\/www.fvb.cat\/es\/lineas-investigacion\/\",\"url\":\"https:\/\/www.fvb.cat\/es\/lineas-investigacion\/\",\"name\":\"[:ca]L\u00cdNIES DE RECERCA[:es]L\u00cdNEAS DE INVESTIGACI\u00d3N[:] - Fundaci\u00f3 Vidal i Barraquer\",\"isPartOf\":{\"@id\":\"https:\/\/www.fvb.cat\/es\/#website\"},\"datePublished\":\"2024-12-30T12:11:43+00:00\",\"dateModified\":\"2025-05-07T07:53:22+00:00\",\"breadcrumb\":{\"@id\":\"https:\/\/www.fvb.cat\/es\/lineas-investigacion\/#breadcrumb\"},\"inLanguage\":\"ca\",\"potentialAction\":[{\"@type\":\"ReadAction\",\"target\":[\"https:\/\/www.fvb.cat\/es\/lineas-investigacion\/\"]}]},{\"@type\":\"BreadcrumbList\",\"@id\":\"https:\/\/www.fvb.cat\/es\/lineas-investigacion\/#breadcrumb\",\"itemListElement\":[{\"@type\":\"ListItem\",\"position\":1,\"name\":\"Inici\",\"item\":\"https:\/\/www.fvb.cat\/es\/\"},{\"@type\":\"ListItem\",\"position\":2,\"name\":\"L\u00cdNEAS DE INVESTIGACI\u00d3N\"}]},{\"@type\":\"WebSite\",\"@id\":\"https:\/\/www.fvb.cat\/es\/#website\",\"url\":\"https:\/\/www.fvb.cat\/es\/\",\"name\":\"Fundaci\u00f3 Vidal i Barraquer\",\"description\":\"Assist\u00e8ncia, doc\u00e8ncia i recerca en la salut mental\",\"publisher\":{\"@id\":\"https:\/\/www.fvb.cat\/es\/#organization\"},\"potentialAction\":[{\"@type\":\"SearchAction\",\"target\":{\"@type\":\"EntryPoint\",\"urlTemplate\":\"https:\/\/www.fvb.cat\/es\/?s={search_term_string}\"},\"query-input\":\"required name=search_term_string\"}],\"inLanguage\":\"ca\"},{\"@type\":\"Organization\",\"@id\":\"https:\/\/www.fvb.cat\/es\/#organization\",\"name\":\"Fundaci\u00f3 Vidal i Barraquer\",\"url\":\"https:\/\/www.fvb.cat\/es\/\",\"logo\":{\"@type\":\"ImageObject\",\"inLanguage\":\"ca\",\"@id\":\"https:\/\/www.fvb.cat\/es\/#\/schema\/logo\/image\/\",\"url\":\"https:\/\/www.fvb.cat\/wp-content\/uploads\/2024\/05\/logo-vidal-i-barrauqer-60-aniversari.jpg\",\"contentUrl\":\"https:\/\/www.fvb.cat\/wp-content\/uploads\/2024\/05\/logo-vidal-i-barrauqer-60-aniversari.jpg\",\"width\":2125,\"height\":703,\"caption\":\"Fundaci\u00f3 Vidal i Barraquer\"},\"image\":{\"@id\":\"https:\/\/www.fvb.cat\/es\/#\/schema\/logo\/image\/\"}}]}<\/script>\n<!-- \/ Yoast SEO plugin. -->","yoast_head_json":{"title":"[:ca]L\u00cdNIES DE RECERCA[:es]L\u00cdNEAS DE INVESTIGACI\u00d3N[:] - Fundaci\u00f3 Vidal i Barraquer","robots":{"index":"index","follow":"follow","max-snippet":"max-snippet:-1","max-image-preview":"max-image-preview:large","max-video-preview":"max-video-preview:-1"},"canonical":"https:\/\/www.fvb.cat\/es\/lineas-investigacion\/","og_locale":"ca_ES","og_type":"article","og_title":"[:ca]L\u00cdNIES DE RECERCA[:es]L\u00cdNEAS DE INVESTIGACI\u00d3N[:] - Fundaci\u00f3 Vidal i Barraquer","og_url":"https:\/\/www.fvb.cat\/es\/lineas-investigacion\/","og_site_name":"Fundaci\u00f3 Vidal i Barraquer","article_modified_time":"2025-05-07T07:53:22+00:00","twitter_card":"summary_large_image","twitter_misc":{"Temps estimat de lectura":"3 minuts"},"schema":{"@context":"https:\/\/schema.org","@graph":[{"@type":"WebPage","@id":"https:\/\/www.fvb.cat\/es\/lineas-investigacion\/","url":"https:\/\/www.fvb.cat\/es\/lineas-investigacion\/","name":"[:ca]L\u00cdNIES DE RECERCA[:es]L\u00cdNEAS DE INVESTIGACI\u00d3N[:] - Fundaci\u00f3 Vidal i Barraquer","isPartOf":{"@id":"https:\/\/www.fvb.cat\/es\/#website"},"datePublished":"2024-12-30T12:11:43+00:00","dateModified":"2025-05-07T07:53:22+00:00","breadcrumb":{"@id":"https:\/\/www.fvb.cat\/es\/lineas-investigacion\/#breadcrumb"},"inLanguage":"ca","potentialAction":[{"@type":"ReadAction","target":["https:\/\/www.fvb.cat\/es\/lineas-investigacion\/"]}]},{"@type":"BreadcrumbList","@id":"https:\/\/www.fvb.cat\/es\/lineas-investigacion\/#breadcrumb","itemListElement":[{"@type":"ListItem","position":1,"name":"Inici","item":"https:\/\/www.fvb.cat\/es\/"},{"@type":"ListItem","position":2,"name":"L\u00cdNEAS DE INVESTIGACI\u00d3N"}]},{"@type":"WebSite","@id":"https:\/\/www.fvb.cat\/es\/#website","url":"https:\/\/www.fvb.cat\/es\/","name":"Fundaci\u00f3 Vidal i Barraquer","description":"Assist\u00e8ncia, doc\u00e8ncia i recerca en la salut mental","publisher":{"@id":"https:\/\/www.fvb.cat\/es\/#organization"},"potentialAction":[{"@type":"SearchAction","target":{"@type":"EntryPoint","urlTemplate":"https:\/\/www.fvb.cat\/es\/?s={search_term_string}"},"query-input":"required name=search_term_string"}],"inLanguage":"ca"},{"@type":"Organization","@id":"https:\/\/www.fvb.cat\/es\/#organization","name":"Fundaci\u00f3 Vidal i Barraquer","url":"https:\/\/www.fvb.cat\/es\/","logo":{"@type":"ImageObject","inLanguage":"ca","@id":"https:\/\/www.fvb.cat\/es\/#\/schema\/logo\/image\/","url":"https:\/\/www.fvb.cat\/wp-content\/uploads\/2024\/05\/logo-vidal-i-barrauqer-60-aniversari.jpg","contentUrl":"https:\/\/www.fvb.cat\/wp-content\/uploads\/2024\/05\/logo-vidal-i-barrauqer-60-aniversari.jpg","width":2125,"height":703,"caption":"Fundaci\u00f3 Vidal i Barraquer"},"image":{"@id":"https:\/\/www.fvb.cat\/es\/#\/schema\/logo\/image\/"}}]}},"_links":{"self":[{"href":"https:\/\/www.fvb.cat\/ca\/wp-json\/wp\/v2\/pages\/16517"}],"collection":[{"href":"https:\/\/www.fvb.cat\/ca\/wp-json\/wp\/v2\/pages"}],"about":[{"href":"https:\/\/www.fvb.cat\/ca\/wp-json\/wp\/v2\/types\/page"}],"author":[{"embeddable":true,"href":"https:\/\/www.fvb.cat\/ca\/wp-json\/wp\/v2\/users\/33"}],"replies":[{"embeddable":true,"href":"https:\/\/www.fvb.cat\/ca\/wp-json\/wp\/v2\/comments?post=16517"}],"version-history":[{"count":5,"href":"https:\/\/www.fvb.cat\/ca\/wp-json\/wp\/v2\/pages\/16517\/revisions"}],"predecessor-version":[{"id":17054,"href":"https:\/\/www.fvb.cat\/ca\/wp-json\/wp\/v2\/pages\/16517\/revisions\/17054"}],"wp:attachment":[{"href":"https:\/\/www.fvb.cat\/ca\/wp-json\/wp\/v2\/media?parent=16517"}],"curies":[{"name":"wp","href":"https:\/\/api.w.org\/{rel}","templated":true}]}}