{"id":16514,"date":"2024-12-30T12:46:48","date_gmt":"2024-12-30T11:46:48","guid":{"rendered":"https:\/\/www.fvb.cat\/es\/?page_id=16514"},"modified":"2025-05-07T08:49:27","modified_gmt":"2025-05-07T07:49:27","slug":"que-es-el-gremaip","status":"publish","type":"page","link":"https:\/\/www.fvb.cat\/ca\/que-es-gremaip-cat\/","title":{"rendered":"QU\u00c8 \u00c9S EL GREMAIP?"},"content":{"rendered":"<h1 style=\"text-align: center;\"><strong>QU\u00c8 \u00c9S EL GREMAIP?<\/strong><\/h1>\n<p>La Fundaci\u00f3 Vidal i Barraquer \u00e9s una instituci\u00f3 que consta de diferents centres i dispositius que ofereixen els seus serveis assistencials a la xarxa p\u00fablica de salut mental. Disposem dels Serveis de Salut Mental d\u2019Adults del districte de Sant Andreu (CSMA, SRC, PSI-PADI, PCP i CAS Garbivent) i els Serveis de Salut Mental Infantil i Juvenil de Santa Coloma de Gramenet. A m\u00e9s, tamb\u00e9 compta amb dos Hospitals de Dia i dos Equips Cl\u00ednics d\u2019Intervenci\u00f3 a Domicili (ECID), un a Badalona i l\u2019altre a Santa Coloma de Gramenet i un Equip Guia. Tamb\u00e9 disposem d\u2019un Centre M\u00e8dic Psicol\u00f2gic privat. D\u2019altra banda, tamb\u00e9 comptem amb l\u2019Institut Universitari de Salut Mental Vidal i Barraquer \u2013 Universitat Ramon Llull, que es dedica a la doc\u00e8ncia i la investigaci\u00f3 universit\u00e0ria.<\/p>\n<p>En aquest sentit, la FVB sempre ha vehiculat l\u2019assist\u00e8ncia, la doc\u00e8ncia i la recerca en tots els seus equips i serveis, de manera que cadascuna d\u2019aquestes 3 potes que conformen la instituci\u00f3 es retroalimenten i es potenci\u00efn entre elles.<\/p>\n<p>Gr\u00e0cies al suport del CatSalut i de la Fundaci\u00f3 Nous Cims, vam poder crear l\u2019Equip Cl\u00ednic d\u2019Intervenci\u00f3 a Domicili (ECID) a Badalona primer, i a Santa Coloma de Gramenet despr\u00e9s. Els ECID s\u00f3n equips assistencials de salut mental per atendre joves d\u2019alt risc psicopatol\u00f2gic i alt risc d\u2019exclusi\u00f3 social, que tenen com a caracter\u00edstica comuna unes dificultats importants per vincular-se als serveis de salut mental ordinaris de la xarxa p\u00fablica o privada de salut mental. La creaci\u00f3 d\u2019aquests equips assistencials innovadors i pioners a tot l\u2019Estat ens ha col\u00b7locat en una posici\u00f3 privilegiada en el marc de la sanitat p\u00fablica a Catalunya. Des del Departament de Salut, s\u2019ha reconegut la necessitat de desenvolupar serveis assistencials similars que permetin atendre joves d\u2019alt risc que queden exclosos dels serveis ordinaris de la xarxa de salut mental. En aquest sentit, estem treballant al pla de desenvolupament del projecte ECID, amb una primera fase d\u2019avaluaci\u00f3 dels dos equips existents.<\/p>\n<p>Els equips ECID ofereixen tractament psicoterap\u00e8utic intensiu des del model del Tractament Basat en la Mentalitzaci\u00f3 (MBT), en el marc d\u2019un model assistencial basat en AMBIT, un model per treballar en equips des de la mentalitzaci\u00f3.<\/p>\n<p>El Tractament Basat en la Mentalitzaci\u00f3 neix al centre Anna Freud de Londres, de la m\u00e0 de Peter Fonagy, i compta actualment amb una s\u00f2lida evid\u00e8ncia que recolza la seva efectivitat a nivell transdiagn\u00f2stic. La Fundaci\u00f3 Vidal i Barraquer t\u00e9 un conveni de col\u00b7laboraci\u00f3 amb el centre Anna Freud, oferint la formaci\u00f3 AMBIT aix\u00ed com formacions al model MBT per a adults.<\/p>\n<p>D\u2019altra banda, la FVB \u00e9s membre fundador d\u2019ARSISAM (Associaci\u00f3 per a l\u2019obtenci\u00f3 de Resultats Sistem\u00e0tics en Salut Mental), que es dedica a avaluar les intervencions psicol\u00f2giques que es duen a terme a la xarxa assistencial p\u00fablica catalana. Aquest projecte, del qual ja s\u2019ha desenvolupat un programari que s\u2019incorpora al programa d\u2019hist\u00f2ria cl\u00ednica informatitzada, \u00e9s \u00fatil pels cl\u00ednics per tenir dades objectives sobre l\u2019evoluci\u00f3 de tots i cadascun dels pacients que passin per qualsevol centre de salut mental p\u00fablic de les institucions que conformen ARSISAM i, tamb\u00e9, per obtenir un conjunt de dades que ens facilitar\u00e0 fer investigacions amb mostres molt grans, cosa que ens permetr\u00e0 poder dilucidar quins tractaments funcionen, amb qui, com i per qu\u00e8.<\/p>\n<p>Donat aquest context, des de l\u2019IUSMVB-URL valorem que ens trobem davant d\u2019una oportunitat \u00fanica per fer recerca de qualitat amb dos temes que interessen i ocupen cl\u00ednics i administraci\u00f3. En aquest sentit, tenir una l\u00ednia de recerca que se centri en fer investigacions sobre mentalitzaci\u00f3 i en l\u2019avaluaci\u00f3 d\u2019aquesta com una nova eina que ha arribat al nostre entorn per quedar-se i, a m\u00e9s, poder disposar d\u2019una mostra molt gran per avaluar els tractaments que es duguin a terme a tots els centres de salut mental de Catalunya, pot tenir molt recorregut i gran inter\u00e8s cient\u00edfic. Per tant, la creaci\u00f3 d\u2019aquest nou grup, com ja hem dit al principi, neix de l\u2019inter\u00e8s de la FVB de vehicular les tres potes de la seva activitat professional, de manera que validi la pr\u00e0ctica cl\u00ednica, la millori i comporta un salt qualitatiu pel que fa a la investigaci\u00f3 i la doc\u00e8ncia, amb l\u2019objectiu \u00faltim de poder ajudar els pacients m\u00e9s i millor.<\/p>\n<p>Per fer-ho, no nom\u00e9s comptem amb els professionals investigadors de la casa i propers a ella, sin\u00f3 que tamb\u00e9 es considera imprescindible la col\u00b7laboraci\u00f3 amb altres institucions i grups de recerca, tant de la mateixa URL, com tamb\u00e9 nacionals i internacionals, per tal de poder dur a terme investigacions i projectes que puguin generar un impacte a la societat.<\/p>\n<p>El mes d&#8217;abril del 2020, la Comissi\u00f3 de Recerca de la Universitat Ramon Llull va aprovar la constituci\u00f3 i la inclusi\u00f3 dins el mapa de grups de recerca de la universitat, del Grup de Recerca en Mentalitzaci\u00f3 i Avaluaci\u00f3 d\u2019Intervencions Psicol\u00f2giques (GREMAIP), que vam presentar des de l\u2019Institut Universitari de Salut Mental Vidal i Barraquer.<\/p>\n<p>L\u2019objectiu principal d\u2019aquest grup \u00e9s poder apropar la investigaci\u00f3 a tots els professionals de la FVB i entitats properes a aquesta, i oferir un marc de suport en el sentit m\u00e9s ampli, amb el prop\u00f2sit de poder fer investigacions capdavanteres i innovadores en el camp de la Mentalitzaci\u00f3 i l\u2019Avaluaci\u00f3 d\u2019Intervencions Psicol\u00f2giques (ROM).<\/p>\n<p>Considerem que la investigaci\u00f3 en institucions com la nostra \u00e9s un pilar essencial per al creixement tant de la mateixa instituci\u00f3 com dels cl\u00ednics que la conformen. El fet d\u2019escollir aquestes l\u00ednies de recerca ens permet incloure gaireb\u00e9 totes les investigacions que es puguin dur a terme als nostres centres. \u00c9s per aix\u00f2 que el GREMAIP est\u00e0 obert a tots els professionals de la Fundaci\u00f3 Vidal i Barraquer. Paral\u00b7lelament, \u00e9s un grup que acull altres professionals i investigadors nacionals i internacionals interessats a investigar i col\u00b7laborar en aquestes l\u00ednies de recerca.","protected":false},"excerpt":{"rendered":"<p>QU\u00c8 \u00c9S EL GREMAIP? La Fundaci\u00f3 Vidal i Barraquer \u00e9s una instituci\u00f3&#8230;<\/p>\n","protected":false},"author":33,"featured_media":0,"parent":0,"menu_order":0,"comment_status":"closed","ping_status":"closed","template":"","meta":{"footnotes":""},"yoast_head":"<!-- This site is optimized with the Yoast SEO plugin v22.6 - https:\/\/yoast.com\/wordpress\/plugins\/seo\/ -->\n<title>QU\u00c8 \u00c9S EL GREMAIP? - Fundaci\u00f3 Vidal i Barraquer<\/title>\n<meta name=\"robots\" content=\"index, follow, max-snippet:-1, max-image-preview:large, max-video-preview:-1\" \/>\n<link rel=\"canonical\" href=\"https:\/\/www.fvb.cat\/es\/que-es-gremaip-cast\/\" \/>\n<meta property=\"og:locale\" content=\"ca_ES\" \/>\n<meta property=\"og:type\" content=\"article\" \/>\n<meta property=\"og:title\" content=\"[:ca]QU\u00c8 \u00c9S EL GREMAIP?[:es]\u00bfQU\u00c9 ES EL GREMAIP?[:] - Fundaci\u00f3 Vidal i Barraquer\" \/>\n<meta property=\"og:description\" content=\"QU\u00c8 \u00c9S EL GREMAIP? La Fundaci\u00f3 Vidal i Barraquer \u00e9s una instituci\u00f3...\" \/>\n<meta property=\"og:url\" content=\"https:\/\/www.fvb.cat\/es\/que-es-gremaip-cast\/\" \/>\n<meta property=\"og:site_name\" content=\"Fundaci\u00f3 Vidal i Barraquer\" \/>\n<meta property=\"article:modified_time\" content=\"2025-05-07T07:49:27+00:00\" \/>\n<meta name=\"twitter:card\" content=\"summary_large_image\" \/>\n<meta name=\"twitter:label1\" content=\"Temps estimat de lectura\" \/>\n\t<meta name=\"twitter:data1\" content=\"5 minuts\" \/>\n<script type=\"application\/ld+json\" class=\"yoast-schema-graph\">{\"@context\":\"https:\/\/schema.org\",\"@graph\":[{\"@type\":\"WebPage\",\"@id\":\"https:\/\/www.fvb.cat\/es\/que-es-gremaip-cast\/\",\"url\":\"https:\/\/www.fvb.cat\/es\/que-es-gremaip-cast\/\",\"name\":\"[:ca]QU\u00c8 \u00c9S EL GREMAIP?[:es]\u00bfQU\u00c9 ES EL GREMAIP?[:] - Fundaci\u00f3 Vidal i Barraquer\",\"isPartOf\":{\"@id\":\"https:\/\/www.fvb.cat\/es\/#website\"},\"datePublished\":\"2024-12-30T11:46:48+00:00\",\"dateModified\":\"2025-05-07T07:49:27+00:00\",\"breadcrumb\":{\"@id\":\"https:\/\/www.fvb.cat\/es\/que-es-gremaip-cast\/#breadcrumb\"},\"inLanguage\":\"ca\",\"potentialAction\":[{\"@type\":\"ReadAction\",\"target\":[\"https:\/\/www.fvb.cat\/es\/que-es-gremaip-cast\/\"]}]},{\"@type\":\"BreadcrumbList\",\"@id\":\"https:\/\/www.fvb.cat\/es\/que-es-gremaip-cast\/#breadcrumb\",\"itemListElement\":[{\"@type\":\"ListItem\",\"position\":1,\"name\":\"Inici\",\"item\":\"https:\/\/www.fvb.cat\/es\/\"},{\"@type\":\"ListItem\",\"position\":2,\"name\":\"\u00bfQU\u00c9 ES EL GREMAIP?\"}]},{\"@type\":\"WebSite\",\"@id\":\"https:\/\/www.fvb.cat\/es\/#website\",\"url\":\"https:\/\/www.fvb.cat\/es\/\",\"name\":\"Fundaci\u00f3 Vidal i Barraquer\",\"description\":\"Assist\u00e8ncia, doc\u00e8ncia i recerca en la salut mental\",\"publisher\":{\"@id\":\"https:\/\/www.fvb.cat\/es\/#organization\"},\"potentialAction\":[{\"@type\":\"SearchAction\",\"target\":{\"@type\":\"EntryPoint\",\"urlTemplate\":\"https:\/\/www.fvb.cat\/es\/?s={search_term_string}\"},\"query-input\":\"required name=search_term_string\"}],\"inLanguage\":\"ca\"},{\"@type\":\"Organization\",\"@id\":\"https:\/\/www.fvb.cat\/es\/#organization\",\"name\":\"Fundaci\u00f3 Vidal i Barraquer\",\"url\":\"https:\/\/www.fvb.cat\/es\/\",\"logo\":{\"@type\":\"ImageObject\",\"inLanguage\":\"ca\",\"@id\":\"https:\/\/www.fvb.cat\/es\/#\/schema\/logo\/image\/\",\"url\":\"https:\/\/www.fvb.cat\/wp-content\/uploads\/2024\/05\/logo-vidal-i-barrauqer-60-aniversari.jpg\",\"contentUrl\":\"https:\/\/www.fvb.cat\/wp-content\/uploads\/2024\/05\/logo-vidal-i-barrauqer-60-aniversari.jpg\",\"width\":2125,\"height\":703,\"caption\":\"Fundaci\u00f3 Vidal i Barraquer\"},\"image\":{\"@id\":\"https:\/\/www.fvb.cat\/es\/#\/schema\/logo\/image\/\"}}]}<\/script>\n<!-- \/ Yoast SEO plugin. -->","yoast_head_json":{"title":"[:ca]QU\u00c8 \u00c9S EL GREMAIP?[:es]\u00bfQU\u00c9 ES EL GREMAIP?[:] - Fundaci\u00f3 Vidal i Barraquer","robots":{"index":"index","follow":"follow","max-snippet":"max-snippet:-1","max-image-preview":"max-image-preview:large","max-video-preview":"max-video-preview:-1"},"canonical":"https:\/\/www.fvb.cat\/es\/que-es-gremaip-cast\/","og_locale":"ca_ES","og_type":"article","og_title":"[:ca]QU\u00c8 \u00c9S EL GREMAIP?[:es]\u00bfQU\u00c9 ES EL GREMAIP?[:] - Fundaci\u00f3 Vidal i Barraquer","og_description":"QU\u00c8 \u00c9S EL GREMAIP? La Fundaci\u00f3 Vidal i Barraquer \u00e9s una instituci\u00f3...","og_url":"https:\/\/www.fvb.cat\/es\/que-es-gremaip-cast\/","og_site_name":"Fundaci\u00f3 Vidal i Barraquer","article_modified_time":"2025-05-07T07:49:27+00:00","twitter_card":"summary_large_image","twitter_misc":{"Temps estimat de lectura":"5 minuts"},"schema":{"@context":"https:\/\/schema.org","@graph":[{"@type":"WebPage","@id":"https:\/\/www.fvb.cat\/es\/que-es-gremaip-cast\/","url":"https:\/\/www.fvb.cat\/es\/que-es-gremaip-cast\/","name":"[:ca]QU\u00c8 \u00c9S EL GREMAIP?[:es]\u00bfQU\u00c9 ES EL GREMAIP?[:] - Fundaci\u00f3 Vidal i Barraquer","isPartOf":{"@id":"https:\/\/www.fvb.cat\/es\/#website"},"datePublished":"2024-12-30T11:46:48+00:00","dateModified":"2025-05-07T07:49:27+00:00","breadcrumb":{"@id":"https:\/\/www.fvb.cat\/es\/que-es-gremaip-cast\/#breadcrumb"},"inLanguage":"ca","potentialAction":[{"@type":"ReadAction","target":["https:\/\/www.fvb.cat\/es\/que-es-gremaip-cast\/"]}]},{"@type":"BreadcrumbList","@id":"https:\/\/www.fvb.cat\/es\/que-es-gremaip-cast\/#breadcrumb","itemListElement":[{"@type":"ListItem","position":1,"name":"Inici","item":"https:\/\/www.fvb.cat\/es\/"},{"@type":"ListItem","position":2,"name":"\u00bfQU\u00c9 ES EL GREMAIP?"}]},{"@type":"WebSite","@id":"https:\/\/www.fvb.cat\/es\/#website","url":"https:\/\/www.fvb.cat\/es\/","name":"Fundaci\u00f3 Vidal i Barraquer","description":"Assist\u00e8ncia, doc\u00e8ncia i recerca en la salut mental","publisher":{"@id":"https:\/\/www.fvb.cat\/es\/#organization"},"potentialAction":[{"@type":"SearchAction","target":{"@type":"EntryPoint","urlTemplate":"https:\/\/www.fvb.cat\/es\/?s={search_term_string}"},"query-input":"required name=search_term_string"}],"inLanguage":"ca"},{"@type":"Organization","@id":"https:\/\/www.fvb.cat\/es\/#organization","name":"Fundaci\u00f3 Vidal i Barraquer","url":"https:\/\/www.fvb.cat\/es\/","logo":{"@type":"ImageObject","inLanguage":"ca","@id":"https:\/\/www.fvb.cat\/es\/#\/schema\/logo\/image\/","url":"https:\/\/www.fvb.cat\/wp-content\/uploads\/2024\/05\/logo-vidal-i-barrauqer-60-aniversari.jpg","contentUrl":"https:\/\/www.fvb.cat\/wp-content\/uploads\/2024\/05\/logo-vidal-i-barrauqer-60-aniversari.jpg","width":2125,"height":703,"caption":"Fundaci\u00f3 Vidal i Barraquer"},"image":{"@id":"https:\/\/www.fvb.cat\/es\/#\/schema\/logo\/image\/"}}]}},"_links":{"self":[{"href":"https:\/\/www.fvb.cat\/ca\/wp-json\/wp\/v2\/pages\/16514"}],"collection":[{"href":"https:\/\/www.fvb.cat\/ca\/wp-json\/wp\/v2\/pages"}],"about":[{"href":"https:\/\/www.fvb.cat\/ca\/wp-json\/wp\/v2\/types\/page"}],"author":[{"embeddable":true,"href":"https:\/\/www.fvb.cat\/ca\/wp-json\/wp\/v2\/users\/33"}],"replies":[{"embeddable":true,"href":"https:\/\/www.fvb.cat\/ca\/wp-json\/wp\/v2\/comments?post=16514"}],"version-history":[{"count":6,"href":"https:\/\/www.fvb.cat\/ca\/wp-json\/wp\/v2\/pages\/16514\/revisions"}],"predecessor-version":[{"id":17052,"href":"https:\/\/www.fvb.cat\/ca\/wp-json\/wp\/v2\/pages\/16514\/revisions\/17052"}],"wp:attachment":[{"href":"https:\/\/www.fvb.cat\/ca\/wp-json\/wp\/v2\/media?parent=16514"}],"curies":[{"name":"wp","href":"https:\/\/api.w.org\/{rel}","templated":true}]}}