{"id":10944,"date":"2022-03-08T10:38:39","date_gmt":"2022-03-08T09:38:39","guid":{"rendered":"https:\/\/www.fvb.cat\/?page_id=10944"},"modified":"2022-03-08T11:33:24","modified_gmt":"2022-03-08T10:33:24","slug":"la-fundacion-2","status":"publish","type":"page","link":"https:\/\/www.fvb.cat\/ca\/la-fundacio\/","title":{"rendered":"La Fundaci\u00f3 2"},"content":{"rendered":"<section class=\"l-section wpb_row height_medium\"><div class=\"l-section-h i-cf\"><div class=\"g-cols type_default valign_top\"><div class=\"vc_col-sm-12 wpb_column vc_column_container\"><div class=\"vc_column-inner\"><div class=\"wpb_wrapper\"><div class=\"wpb_text_column \"><div class=\"wpb_wrapper\">\n\r\n<div class=\"vce-row-container\" data-vce-boxed-width=\"true\">\r\n<div id=\"el-202cc2d7\" class=\"vce-row vce-row--col-gap-30 vce-row-equal-height vce-row-content--top\" data-vce-do-apply=\"all el-202cc2d7\">\r\n<div class=\"vce-row-content\" data-vce-element-content=\"true\">\r\n<div id=\"el-367721ce\" class=\"vce-col vce-col--md-auto vce-col--xs-1 vce-col--xs-last vce-col--xs-first vce-col--sm-last vce-col--sm-first vce-col--md-last vce-col--lg-last vce-col--xl-last vce-col--md-first vce-col--lg-first vce-col--xl-first\">\r\n<div class=\"vce-col-inner\" data-vce-do-apply=\"border margin background el-367721ce\">\r\n<div class=\"vce-col-content\" data-vce-element-content=\"true\" data-vce-do-apply=\"padding el-367721ce\"><section class=\"vce-feature-section-container vce-feature-section-media--xs\">\r\n<div id=\"el-e6c9f2b2\" class=\"vce vce-feature-section vce-feature-section--min-height vce-feature-section-background-color--b-1-79-100\" data-vce-do-apply=\"margin background border el-e6c9f2b2\">\r\n<div class=\"vce-feature-section-image vce-feature-section-image--alignment-left vce-feature-section-image--background-position-left-center\" style=\"background-image: url('https:\/\/www.fvb.cat\/wp-content\/uploads\/2022\/03\/Diseno-sin-titulo-31.png');\"><\/div>\r\n<div class=\"vce-feature-section-content\">\r\n<div class=\"vce-feature-section-content-container\" data-vce-do-apply=\"padding el-e6c9f2b2\">\r\n<div class=\"vce-feature-section-description\">\r\n<h1>La Fundaci\u00f3 Vidal i Barraquer<\/h1>\r\n&nbsp;\r\n\r\nSom una instituci\u00f3 creada l\u2019any 1964 i dedicada a l\u2019\u00e0mbit de la Salut i espec\u00edficament al de la Salut Mental. Integrem l\u2019assist\u00e8ncia, la doc\u00e8ncia i la, amb una mirada psicol\u00f2gica, social, biol\u00f2gica i espiritual.\r\n\r\n<\/div>\r\n<\/div>\r\n<\/div>\r\n<\/div>\r\n<\/section><\/div>\r\n<\/div>\r\n<\/div>\r\n<\/div>\r\n<\/div>\r\n<\/div>\r\n<!--vcv no format-->[\/vc_column_text][\/vc_column][\/vc_row]<section class=\"l-section wpb_row height_medium\"><div class=\"l-section-h i-cf\"><div class=\"g-cols type_default valign_top\"><div class=\"vc_col-sm-12 wpb_column vc_column_container\"><div class=\"vc_column-inner\"><div class=\"wpb_wrapper\"><div class=\"wpb_text_column \"><div class=\"wpb_wrapper\">\r\n<h3><h2 class=\"cl-itext type_fadeIn align_center dynamic_bold cl_custom_css_1\" style=\"font-size:50px;\" onclick='return {\"duration\":300,\"delay\":5000}'>Com\u00a0funcionem?<\/h2><style type=\"text\/css\">@media only screen and (max-width: 599px) {.cl_custom_css_1 { font-size: 30px !important; }}<\/style><\/h3>\r\n<\/div> <\/div> <\/div><\/div><\/div><\/div><\/div><\/section><section class=\"l-section wpb_row height_medium\"><div class=\"l-section-h i-cf\"><div class=\"g-cols type_default valign_top\"><div class=\"vc_col-sm-4 wpb_column vc_column_container\"><div class=\"vc_column-inner\"><div class=\"wpb_wrapper\"><div class=\"g-cols wpb_row type_default valign_top vc_inner \"><div class=\"vc_col-sm-12 wpb_column vc_column_container\"><div class=\"vc_column-inner\"><div class=\"wpb_wrapper\"><a href=\"https:\/\/www.fvb.cat\/es\/asistencia-publica\/\" target=\"\" class=\"ult_price_action_button\"><div class=\"ult_pricing_table_wrap ult_info_table ult_design_6  ult-cs-custom  \">\n\t\t\t\t\t<div class=\"ult_pricing_table \" style=\"background:#014f64; \"><div id=\"Info-table-wrap-7450\" class=\"ult_pricing_heading\" style=\"background:#014f64;\">\n\t\t\t\t\t\t\t<h3 class=\"ult-responsive\"  data-ultimate-target='#Info-table-wrap-7450 h3'  data-responsive-json-new='{\"font-size\":\"\",\"line-height\":\"\"}'  style=\"font-weight:bold;\">ASSIST\u00c8NCIA P\u00daBLICA<\/h3><\/div><!--ult_pricing_heading--><div id=\"info_table_features_wrap-1616\"  data-ultimate-target='#info_table_features_wrap-1616.ult_price_features'  data-responsive-json-new='{\"font-size\":\"\",\"line-height\":\"\"}'  class=\"ult-responsive ult_price_features\" style=\"font-weight:normal;\">\n\t\t\t\t\t\t\t<p style=\"text-align: left;\"><span style=\"color: #ffffff;\"><img loading=\"lazy\" decoding=\"async\" class=\"size-medium wp-image-10756 aligncenter\" src=\"https:\/\/www.fvb.cat\/wp-content\/uploads\/2022\/03\/Diseno-sin-titulo-2-300x137.png\" alt=\"\" width=\"300\" height=\"137\" srcset=\"https:\/\/www.fvb.cat\/wp-content\/uploads\/2022\/03\/Diseno-sin-titulo-2-300x137.png 300w, https:\/\/www.fvb.cat\/wp-content\/uploads\/2022\/03\/Diseno-sin-titulo-2-600x274.png 600w, https:\/\/www.fvb.cat\/wp-content\/uploads\/2022\/03\/Diseno-sin-titulo-2-768x350.png 768w, https:\/\/www.fvb.cat\/wp-content\/uploads\/2022\/03\/Diseno-sin-titulo-2.png 1024w\" sizes=\"(max-width: 300px) 100vw, 300px\" \/> <\/span><\/p>\n<p style=\"text-align: left;\"><span style=\"color: #ffffff;\">Col\u00b7laboraci\u00f3 amb el Departament de Salut per a donar assist\u00e8ncia a trav\u00e9s dels nostres centres i programes<\/span><\/p>\n\n\t\t\t\t\t\t<\/div><!--ult_price_features--><div class=\"ult_clr\"><\/div>\n\t\t\t<\/div><!--pricing_table-->\n\t\t<\/div><!--pricing_table_wrap--><\/a><\/div><\/div><\/div><\/div><div class=\"smile_icon_list_wrap ult-adjust-bottom-margin  \"><ul class=\"smile_icon_list left circle with_bg\"><li class=\"icon_list_item\" style=\" font-size:60px;\"><div class=\"icon_list_icon\" data-animation=\"fadeInUp\" data-animation-delay=\"03\" style=\"font-size:20px;border-width:1px;border-style:none;background:#014f64;color:#ffffff;border-color:#333333;\"><i class=\"Defaults-child\" ><\/i><\/div><div class=\"icon_description\" id=\"Info-list-wrap-1044\" style=\"font-size:20px;\"><h3 class=\"ult-responsive\"  data-ultimate-target='#Info-list-wrap-1044 h3'  data-responsive-json-new='{\"font-size\":\"desktop:16px;\",\"line-height\":\"desktop:24px;\"}'  style=\"\">INFANTS I JOVES<\/h3><div class=\"icon_description_text ult-responsive\"  data-ultimate-target='#Info-list-wrap-1044 .icon_description_text'  data-responsive-json-new='{\"font-size\":\"desktop:13px;\",\"line-height\":\"desktop:18px;\"}'  style=\"\"><ul>\n<li><a href=\"https:\/\/www.fvb.cat\/assistencia-publica\/csmij-santa-coloma-de-gramenet\/\"><strong>CSMIJ <\/strong><\/a>Centre de Salut Mental Infantil i Juvenil Santa Coloma<\/li>\n<li><a href=\"https:\/\/www.fvb.cat\/assistencia-publica\/hospital-de-dia-de-badalona\/\"><strong>Hospital de Dia\u00a0<\/strong><\/a> Badalona d'adolescents<\/li>\n<li><a href=\"https:\/\/www.fvb.cat\/assistencia-publica\/hospital-de-dia-de-santa-coloma-2\/\"><strong>Hospital de Dia<\/strong><\/a> Santa Coloma d'adolescents<\/li>\n<li><a href=\"https:\/\/www.fvb.cat\/assistencia-publica\/ecid-2\/\"><strong>ECID <\/strong><\/a>Equips Cl\u00ednics d'Intervenci\u00f3 a Domicili de Badalona i Santa Coloma<\/li>\n<\/ul>\n<\/div><\/div><div class=\"icon_list_connector\"  style=\"border-color:#c1c1c1;\"><\/div><\/li><li class=\"icon_list_item\" style=\" font-size:60px;\"><div class=\"icon_list_icon\" data-animation=\"fadeInUp\" data-animation-delay=\"03\" style=\"font-size:20px;border-width:1px;border-style:none;background:#014f64;color:#ffffff;border-color:#333333;\"><i class=\"Defaults-group users\" ><\/i><\/div><div class=\"icon_description\" id=\"Info-list-wrap-8310\" style=\"font-size:20px;\"><h3 class=\"ult-responsive\"  data-ultimate-target='#Info-list-wrap-8310 h3'  data-responsive-json-new='{\"font-size\":\"desktop:16px;\",\"line-height\":\"desktop:24px;\"}'  style=\"\">ADULTS<\/h3><div class=\"icon_description_text ult-responsive\"  data-ultimate-target='#Info-list-wrap-8310 .icon_description_text'  data-responsive-json-new='{\"font-size\":\"desktop:13px;\",\"line-height\":\"desktop:18px;\"}'  style=\"\"><ul>\n<li><a href=\"https:\/\/www.fvb.cat\/assistencia-publica\/ssm-sant-andreu-2\/\"><strong>CSMA <\/strong><\/a>Centre de Salut Mental d'Adults de Sant Andreu<\/li>\n<li><a href=\"https:\/\/www.fvb.cat\/assistencia-publica\/ssm-sant-andreu-2\/\"><strong>SRC<\/strong><\/a> Servei de Rehabilitaci\u00f3 Comunit\u00e0ria Sant Andreu<\/li>\n<\/ul>\n<\/div><\/div><div class=\"icon_list_connector\"  style=\"border-color:#c1c1c1;\"><\/div><\/li><\/ul><\/div><\/div><\/div><\/div><div class=\"vc_col-sm-4 wpb_column vc_column_container\"><div class=\"vc_column-inner\"><div class=\"wpb_wrapper\"><div class=\"ult_pricing_table_wrap ult_info_table ult_design_6  ult-cs-custom  \">\n\t\t\t\t\t<div class=\"ult_pricing_table \" style=\"background:#014f64; \"><div id=\"Info-table-wrap-1081\" class=\"ult_pricing_heading\" style=\"background:#014f64;\">\n\t\t\t\t\t\t\t<h3 class=\"ult-responsive\"  data-ultimate-target='#Info-table-wrap-1081 h3'  data-responsive-json-new='{\"font-size\":\"\",\"line-height\":\"\"}'  style=\"font-weight:bold;\">ASSIT\u00c8NCIA PRIVADA<\/h3><\/div><!--ult_pricing_heading--><div id=\"info_table_features_wrap-8604\"  data-ultimate-target='#info_table_features_wrap-8604.ult_price_features'  data-responsive-json-new='{\"font-size\":\"\",\"line-height\":\"\"}'  class=\"ult-responsive ult_price_features\" style=\"font-weight:normal;\">\n\t\t\t\t\t\t\t<p style=\"text-align: left;\"><img loading=\"lazy\" decoding=\"async\" class=\"size-medium wp-image-10759 aligncenter\" style=\"color: #ffffff;\" src=\"https:\/\/www.fvb.cat\/wp-content\/uploads\/2022\/03\/Copia-de-Copia-de-Diseno-sin-nombre-300x137.png\" alt=\"\" width=\"300\" height=\"137\" srcset=\"https:\/\/www.fvb.cat\/wp-content\/uploads\/2022\/03\/Copia-de-Copia-de-Diseno-sin-nombre-300x137.png 300w, https:\/\/www.fvb.cat\/wp-content\/uploads\/2022\/03\/Copia-de-Copia-de-Diseno-sin-nombre-600x274.png 600w, https:\/\/www.fvb.cat\/wp-content\/uploads\/2022\/03\/Copia-de-Copia-de-Diseno-sin-nombre-768x350.png 768w, https:\/\/www.fvb.cat\/wp-content\/uploads\/2022\/03\/Copia-de-Copia-de-Diseno-sin-nombre.png 1024w\" sizes=\"(max-width: 300px) 100vw, 300px\" \/><\/p>\n<p style=\"text-align: left;\"><span style=\"color: #ffffff;\">Centre M\u00e8dic Psicol\u00f2gic de Sant Gervasi. Secci\u00f3 de la Fundaci\u00f3 Vidal i Barraquer que ofereix atenci\u00f3 psicol\u00f2gica<\/span><\/p>\n\n\t\t\t\t\t\t<\/div><!--ult_price_features--><div class=\"ult_clr\"><\/div>\n\t\t\t<\/div><!--pricing_table-->\n\t\t<\/div><!--pricing_table_wrap--><div class=\"smile_icon_list_wrap ult-adjust-bottom-margin  \"><ul class=\"smile_icon_list left circle with_bg\"><li class=\"icon_list_item\" style=\" font-size:60px;\"><div class=\"icon_list_icon\" data-animation=\"fadeInUp\" data-animation-delay=\"03\" style=\"font-size:20px;border-width:1px;border-style:none;background:#014f64;color:#ffffff;border-color:#333333;\"><i class=\"Defaults-user-md\" ><\/i><\/div><div class=\"icon_description\" id=\"Info-list-wrap-6442\" style=\"font-size:20px;\"><div class=\"icon_description_text ult-responsive\"  data-ultimate-target='#Info-list-wrap-6442 .icon_description_text'  data-responsive-json-new='{\"font-size\":\"desktop:13px;\",\"line-height\":\"desktop:18px;\"}'  style=\"\"><p><a href=\"https:\/\/www.fvb.cat\/centre-medic-psicologic-3\/\"><strong>CMP<\/strong><\/a> Centre M\u00e8dic Psicol\u00f2gic<\/p>\n<ul>\n<li>Adults, infants, adolescents, parelles o fam\u00edlies<\/li>\n<li>Diagn\u00f2stics<\/li>\n<li>Orientaci\u00f3 terap\u00e8utica<\/li>\n<li>Tractaments<\/li>\n<li>Atenci\u00f3 en catal\u00e0, castell\u00e0, angl\u00e8s o franc\u00e8s<\/li>\n<\/ul>\n<\/div><\/div><div class=\"icon_list_connector\"  style=\"border-color:#c1c1c1;\"><\/div><\/li><\/ul><\/div><\/div><\/div><\/div><div class=\"vc_col-sm-4 wpb_column vc_column_container\"><div class=\"vc_column-inner\"><div class=\"wpb_wrapper\"><div class=\"ult_pricing_table_wrap ult_info_table ult_design_6  ult-cs-custom  \">\n\t\t\t\t\t<div class=\"ult_pricing_table \" style=\"background:#014f64; \"><div id=\"Info-table-wrap-5027\" class=\"ult_pricing_heading\" style=\"background:#014f64;\">\n\t\t\t\t\t\t\t<h3 class=\"ult-responsive\"  data-ultimate-target='#Info-table-wrap-5027 h3'  data-responsive-json-new='{\"font-size\":\"\",\"line-height\":\"\"}'  style=\"font-weight:bold;\">DOC\u00c8NCIA I RECERCA<\/h3><\/div><!--ult_pricing_heading--><div id=\"info_table_features_wrap-9991\"  data-ultimate-target='#info_table_features_wrap-9991.ult_price_features'  data-responsive-json-new='{\"font-size\":\"\",\"line-height\":\"\"}'  class=\"ult-responsive ult_price_features\" style=\"font-weight:normal;\">\n\t\t\t\t\t\t\t<p style=\"text-align: left;\"><span style=\"color: #ffffff;\"><img loading=\"lazy\" decoding=\"async\" class=\"size-medium wp-image-10761 aligncenter\" src=\"https:\/\/www.fvb.cat\/wp-content\/uploads\/2022\/03\/Copia-de-Diseno-sin-nombre-2-300x137.png\" alt=\"\" width=\"300\" height=\"137\" srcset=\"https:\/\/www.fvb.cat\/wp-content\/uploads\/2022\/03\/Copia-de-Diseno-sin-nombre-2-300x137.png 300w, https:\/\/www.fvb.cat\/wp-content\/uploads\/2022\/03\/Copia-de-Diseno-sin-nombre-2-600x274.png 600w, https:\/\/www.fvb.cat\/wp-content\/uploads\/2022\/03\/Copia-de-Diseno-sin-nombre-2-768x350.png 768w, https:\/\/www.fvb.cat\/wp-content\/uploads\/2022\/03\/Copia-de-Diseno-sin-nombre-2.png 1024w\" sizes=\"(max-width: 300px) 100vw, 300px\" \/><\/span><\/p>\n<p style=\"text-align: left;\"><span style=\"color: #ffffff;\">Institut Universitari de Salut Mental\u00a0 FVB - Universitat Ramon Llull (IUSM)\u00a0 \u00a0 \u00a0 \u00a0 \u00a0 \u00a0 \u00a0 \u00a0 \u00a0 \u00a0 \u00a0 \u00a0 \u00a0 \u00a0 \u00a0 \u00a0 \u00a0 \u00a0 \u00a0 \u00a0 \u00a0 \u00a0 \u00a0 \u00a0 \u00a0 \u00a0 \u00a0 \u00a0 \u00a0 \u00a0 \u00a0<\/span><\/p>\n\n\t\t\t\t\t\t<\/div><!--ult_price_features--><div class=\"ult_clr\"><\/div>\n\t\t\t<\/div><!--pricing_table-->\n\t\t<\/div><!--pricing_table_wrap--><div class=\"smile_icon_list_wrap ult-adjust-bottom-margin  \"><ul class=\"smile_icon_list left circle with_bg\"><li class=\"icon_list_item\" style=\" font-size:60px;\"><div class=\"icon_list_icon\" data-animation=\"fadeInUp\" data-animation-delay=\"03\" style=\"font-size:20px;border-width:1px;border-style:none;background:#014f64;color:#ffffff;border-color:#333333;\"><i class=\"Defaults-book\" ><\/i><\/div><div class=\"icon_description\" id=\"Info-list-wrap-1982\" style=\"font-size:20px;\"><h3 class=\"ult-responsive\"  data-ultimate-target='#Info-list-wrap-1982 h3'  data-responsive-json-new='{\"font-size\":\"desktop:16px;\",\"line-height\":\"desktop:24px;\"}'  style=\"\">DOC\u00c8NCIA<\/h3><div class=\"icon_description_text ult-responsive\"  data-ultimate-target='#Info-list-wrap-1982 .icon_description_text'  data-responsive-json-new='{\"font-size\":\"desktop:13px;\",\"line-height\":\"desktop:18px;\"}'  style=\"\"><p><strong>IUSM <\/strong><strong><a href=\"https:\/\/www.fvb.cat\/docencia-2\/\">Formacions<\/a><\/strong><\/p>\n<p>M\u00e0sters, postgraus i cursos<\/p>\n<ul>\n<li>Psicologia general sanit\u00e0ria<\/li>\n<li>Psicologia i espiritualitat<\/li>\n<\/ul>\n<\/div><\/div><div class=\"icon_list_connector\"  style=\"border-color:#c1c1c1;\"><\/div><\/li><li class=\"icon_list_item\" style=\" font-size:60px;\"><div class=\"icon_list_icon\" data-animation=\"fadeInUp\" data-animation-delay=\"03\" style=\"font-size:20px;border-width:1px;border-style:none;background:#014f64;color:#ffffff;border-color:#333333;\"><i class=\"Defaults-search\" ><\/i><\/div><div class=\"icon_description\" id=\"Info-list-wrap-3915\" style=\"font-size:20px;\"><h3 class=\"ult-responsive\"  data-ultimate-target='#Info-list-wrap-3915 h3'  data-responsive-json-new='{\"font-size\":\"desktop:16px;\",\"line-height\":\"desktop:24px;\"}'  style=\"\">RECERCA<\/h3><div class=\"icon_description_text ult-responsive\"  data-ultimate-target='#Info-list-wrap-3915 .icon_description_text'  data-responsive-json-new='{\"font-size\":\"desktop:13px;\",\"line-height\":\"desktop:18px;\"}'  style=\"\"><p><a href=\"https:\/\/www.fvb.cat\/recerca\/\"><b>Investigaci\u00f3<\/b><\/a> cient\u00edfica i t\u00e8cnica en grups de treball<\/p>\n<ul>\n<li><a href=\"https:\/\/www.fvb.cat\/recerca\/gremaip_c\/\"><strong>GREMAIP <\/strong><\/a>Grup de Recerca en Mentalitzaci\u00f3 i Avaluaci\u00f3 d\u2019Intervencions Psicol\u00f2giques<\/li>\n<li>Grup de Recerca en Psicologia i Espiritualitat Transcultural<\/li>\n<\/ul>\n<\/div><\/div><div class=\"icon_list_connector\"  style=\"border-color:#c1c1c1;\"><\/div><\/li><\/ul><\/div><\/div><\/div><\/div><div class=\"vc_col-sm-12 wpb_column vc_column_container\"><div class=\"vc_column-inner\"><div class=\"wpb_wrapper\"><div class=\"wpb_text_column \"><div class=\"wpb_wrapper\">\r\n<h3><h2 class=\"cl-itext type_fadeIn align_center dynamic_bold cl_custom_css_2\" style=\"font-size:50px;\" onclick='return {\"duration\":300,\"delay\":5000}'>On\u00a0som?<\/h2><style type=\"text\/css\">@media only screen and (max-width: 599px) {.cl_custom_css_2 { font-size: 30px !important; }}<\/style><\/h3>\r\n<\/div> <\/div> <\/div><\/div><\/div><div class=\"vc_col-sm-12 wpb_column vc_column_container\"><div class=\"vc_column-inner\"><div class=\"wpb_wrapper\">[vc_raw_html]JTNDY2VudGVyJTNFJTNDaWZyYW1lJTIwc3JjJTNEJTIyaHR0cHMlM0ElMkYlMkZ3d3cuZ29vZ2xlLmNvbSUyRm1hcHMlMkZkJTJGZW1iZWQlM0ZtaWQlM0QxZ0UzazQzQ1RsX1hDbWtpWHdQUmtoWHhsMzNEVGg3N3ElMjZlaGJjJTNEMkUzMTJGJTIyJTIwd2lkdGglM0QlMjI2NDAlMjIlMjBoZWlnaHQlM0QlMjI0ODAlMjIlM0UlM0MlMkZpZnJhbWUlM0U=[\/vc_raw_html]<\/div><\/div><\/div><\/div><\/div><\/section><section class=\"l-section wpb_row height_medium\"><div class=\"l-section-h i-cf\"><div class=\"g-cols type_default valign_top\"><div class=\"vc_col-sm-12 wpb_column vc_column_container\"><div class=\"vc_column-inner\"><div class=\"wpb_wrapper\"><\/div><\/div><\/div><\/div><\/div><\/section><section class=\"l-section wpb_row height_medium\"><div class=\"l-section-h i-cf\"><div class=\"g-cols type_default valign_top\"><div class=\"vc_col-sm-12 wpb_column vc_column_container\"><div class=\"vc_column-inner\"><div class=\"wpb_wrapper\"><\/div><\/div><\/div><\/div><\/div><\/section>","protected":false},"excerpt":{"rendered":"Fundaci\u00f3 Vidal i Barraquer Som una instituci\u00f3 creada l\u2019any 1964 i dedicada...","protected":false},"author":20,"featured_media":0,"parent":0,"menu_order":0,"comment_status":"closed","ping_status":"closed","template":"","meta":{"footnotes":""},"yoast_head":"<!-- This site is optimized with the Yoast SEO plugin v22.6 - https:\/\/yoast.com\/wordpress\/plugins\/seo\/ -->\n<title>La Fundaci\u00f3 2 - Fundaci\u00f3 Vidal i Barraquer<\/title>\n<meta name=\"robots\" content=\"index, follow, max-snippet:-1, max-image-preview:large, max-video-preview:-1\" \/>\n<link rel=\"canonical\" href=\"https:\/\/www.fvb.cat\/ca\/la-fundacio\/\" \/>\n<meta property=\"og:locale\" content=\"ca_ES\" \/>\n<meta property=\"og:type\" content=\"article\" \/>\n<meta property=\"og:title\" content=\"[:ca]La Fundaci\u00f3 2[:es]La Fundaci\u00f3n 2[:] - Fundaci\u00f3 Vidal i Barraquer\" \/>\n<meta property=\"og:url\" content=\"https:\/\/www.fvb.cat\/ca\/la-fundacio\/\" \/>\n<meta property=\"og:site_name\" content=\"Fundaci\u00f3 Vidal i Barraquer\" \/>\n<meta property=\"article:modified_time\" content=\"2022-03-08T10:33:24+00:00\" \/>\n<meta property=\"og:image\" content=\"https:\/\/www.fvb.cat\/wp-content\/uploads\/2022\/03\/Diseno-sin-titulo-2-300x137.png\" \/>\n<meta name=\"twitter:card\" content=\"summary_large_image\" \/>\n<meta name=\"twitter:label1\" content=\"Temps estimat de lectura\" \/>\n\t<meta name=\"twitter:data1\" content=\"3 minuts\" \/>\n<script type=\"application\/ld+json\" class=\"yoast-schema-graph\">{\"@context\":\"https:\/\/schema.org\",\"@graph\":[{\"@type\":\"WebPage\",\"@id\":\"https:\/\/www.fvb.cat\/ca\/la-fundacio\/\",\"url\":\"https:\/\/www.fvb.cat\/ca\/la-fundacio\/\",\"name\":\"[:ca]La Fundaci\u00f3 2[:es]La Fundaci\u00f3n 2[:] - Fundaci\u00f3 Vidal i Barraquer\",\"isPartOf\":{\"@id\":\"https:\/\/www.fvb.cat\/es\/#website\"},\"primaryImageOfPage\":{\"@id\":\"https:\/\/www.fvb.cat\/ca\/la-fundacio\/#primaryimage\"},\"image\":{\"@id\":\"https:\/\/www.fvb.cat\/ca\/la-fundacio\/#primaryimage\"},\"thumbnailUrl\":\"https:\/\/www.fvb.cat\/wp-content\/uploads\/2022\/03\/Diseno-sin-titulo-2-300x137.png\",\"datePublished\":\"2022-03-08T09:38:39+00:00\",\"dateModified\":\"2022-03-08T10:33:24+00:00\",\"breadcrumb\":{\"@id\":\"https:\/\/www.fvb.cat\/ca\/la-fundacio\/#breadcrumb\"},\"inLanguage\":\"ca\",\"potentialAction\":[{\"@type\":\"ReadAction\",\"target\":[\"https:\/\/www.fvb.cat\/ca\/la-fundacio\/\"]}]},{\"@type\":\"ImageObject\",\"inLanguage\":\"ca\",\"@id\":\"https:\/\/www.fvb.cat\/ca\/la-fundacio\/#primaryimage\",\"url\":\"https:\/\/www.fvb.cat\/wp-content\/uploads\/2022\/03\/Diseno-sin-titulo-2-300x137.png\",\"contentUrl\":\"https:\/\/www.fvb.cat\/wp-content\/uploads\/2022\/03\/Diseno-sin-titulo-2-300x137.png\"},{\"@type\":\"BreadcrumbList\",\"@id\":\"https:\/\/www.fvb.cat\/ca\/la-fundacio\/#breadcrumb\",\"itemListElement\":[{\"@type\":\"ListItem\",\"position\":1,\"name\":\"Inici\",\"item\":\"https:\/\/www.fvb.cat\/es\/\"},{\"@type\":\"ListItem\",\"position\":2,\"name\":\"La Fundaci\u00f3 2\"}]},{\"@type\":\"WebSite\",\"@id\":\"https:\/\/www.fvb.cat\/es\/#website\",\"url\":\"https:\/\/www.fvb.cat\/es\/\",\"name\":\"Fundaci\u00f3 Vidal i Barraquer\",\"description\":\"Assist\u00e8ncia, doc\u00e8ncia i recerca en la salut mental\",\"publisher\":{\"@id\":\"https:\/\/www.fvb.cat\/es\/#organization\"},\"potentialAction\":[{\"@type\":\"SearchAction\",\"target\":{\"@type\":\"EntryPoint\",\"urlTemplate\":\"https:\/\/www.fvb.cat\/es\/?s={search_term_string}\"},\"query-input\":\"required name=search_term_string\"}],\"inLanguage\":\"ca\"},{\"@type\":\"Organization\",\"@id\":\"https:\/\/www.fvb.cat\/es\/#organization\",\"name\":\"Fundaci\u00f3 Vidal i Barraquer\",\"url\":\"https:\/\/www.fvb.cat\/es\/\",\"logo\":{\"@type\":\"ImageObject\",\"inLanguage\":\"ca\",\"@id\":\"https:\/\/www.fvb.cat\/es\/#\/schema\/logo\/image\/\",\"url\":\"https:\/\/www.fvb.cat\/wp-content\/uploads\/2024\/05\/logo-vidal-i-barrauqer-60-aniversari.jpg\",\"contentUrl\":\"https:\/\/www.fvb.cat\/wp-content\/uploads\/2024\/05\/logo-vidal-i-barrauqer-60-aniversari.jpg\",\"width\":2125,\"height\":703,\"caption\":\"Fundaci\u00f3 Vidal i Barraquer\"},\"image\":{\"@id\":\"https:\/\/www.fvb.cat\/es\/#\/schema\/logo\/image\/\"}}]}<\/script>\n<!-- \/ Yoast SEO plugin. -->","yoast_head_json":{"title":"[:ca]La Fundaci\u00f3 2[:es]La Fundaci\u00f3n 2[:] - Fundaci\u00f3 Vidal i Barraquer","robots":{"index":"index","follow":"follow","max-snippet":"max-snippet:-1","max-image-preview":"max-image-preview:large","max-video-preview":"max-video-preview:-1"},"canonical":"https:\/\/www.fvb.cat\/ca\/la-fundacio\/","og_locale":"ca_ES","og_type":"article","og_title":"[:ca]La Fundaci\u00f3 2[:es]La Fundaci\u00f3n 2[:] - Fundaci\u00f3 Vidal i Barraquer","og_url":"https:\/\/www.fvb.cat\/ca\/la-fundacio\/","og_site_name":"Fundaci\u00f3 Vidal i Barraquer","article_modified_time":"2022-03-08T10:33:24+00:00","og_image":[{"url":"https:\/\/www.fvb.cat\/wp-content\/uploads\/2022\/03\/Diseno-sin-titulo-2-300x137.png"}],"twitter_card":"summary_large_image","twitter_misc":{"Temps estimat de lectura":"3 minuts"},"schema":{"@context":"https:\/\/schema.org","@graph":[{"@type":"WebPage","@id":"https:\/\/www.fvb.cat\/ca\/la-fundacio\/","url":"https:\/\/www.fvb.cat\/ca\/la-fundacio\/","name":"[:ca]La Fundaci\u00f3 2[:es]La Fundaci\u00f3n 2[:] - Fundaci\u00f3 Vidal i Barraquer","isPartOf":{"@id":"https:\/\/www.fvb.cat\/es\/#website"},"primaryImageOfPage":{"@id":"https:\/\/www.fvb.cat\/ca\/la-fundacio\/#primaryimage"},"image":{"@id":"https:\/\/www.fvb.cat\/ca\/la-fundacio\/#primaryimage"},"thumbnailUrl":"https:\/\/www.fvb.cat\/wp-content\/uploads\/2022\/03\/Diseno-sin-titulo-2-300x137.png","datePublished":"2022-03-08T09:38:39+00:00","dateModified":"2022-03-08T10:33:24+00:00","breadcrumb":{"@id":"https:\/\/www.fvb.cat\/ca\/la-fundacio\/#breadcrumb"},"inLanguage":"ca","potentialAction":[{"@type":"ReadAction","target":["https:\/\/www.fvb.cat\/ca\/la-fundacio\/"]}]},{"@type":"ImageObject","inLanguage":"ca","@id":"https:\/\/www.fvb.cat\/ca\/la-fundacio\/#primaryimage","url":"https:\/\/www.fvb.cat\/wp-content\/uploads\/2022\/03\/Diseno-sin-titulo-2-300x137.png","contentUrl":"https:\/\/www.fvb.cat\/wp-content\/uploads\/2022\/03\/Diseno-sin-titulo-2-300x137.png"},{"@type":"BreadcrumbList","@id":"https:\/\/www.fvb.cat\/ca\/la-fundacio\/#breadcrumb","itemListElement":[{"@type":"ListItem","position":1,"name":"Inici","item":"https:\/\/www.fvb.cat\/es\/"},{"@type":"ListItem","position":2,"name":"La Fundaci\u00f3 2"}]},{"@type":"WebSite","@id":"https:\/\/www.fvb.cat\/es\/#website","url":"https:\/\/www.fvb.cat\/es\/","name":"Fundaci\u00f3 Vidal i Barraquer","description":"Assist\u00e8ncia, doc\u00e8ncia i recerca en la salut mental","publisher":{"@id":"https:\/\/www.fvb.cat\/es\/#organization"},"potentialAction":[{"@type":"SearchAction","target":{"@type":"EntryPoint","urlTemplate":"https:\/\/www.fvb.cat\/es\/?s={search_term_string}"},"query-input":"required name=search_term_string"}],"inLanguage":"ca"},{"@type":"Organization","@id":"https:\/\/www.fvb.cat\/es\/#organization","name":"Fundaci\u00f3 Vidal i Barraquer","url":"https:\/\/www.fvb.cat\/es\/","logo":{"@type":"ImageObject","inLanguage":"ca","@id":"https:\/\/www.fvb.cat\/es\/#\/schema\/logo\/image\/","url":"https:\/\/www.fvb.cat\/wp-content\/uploads\/2024\/05\/logo-vidal-i-barrauqer-60-aniversari.jpg","contentUrl":"https:\/\/www.fvb.cat\/wp-content\/uploads\/2024\/05\/logo-vidal-i-barrauqer-60-aniversari.jpg","width":2125,"height":703,"caption":"Fundaci\u00f3 Vidal i Barraquer"},"image":{"@id":"https:\/\/www.fvb.cat\/es\/#\/schema\/logo\/image\/"}}]}},"_links":{"self":[{"href":"https:\/\/www.fvb.cat\/ca\/wp-json\/wp\/v2\/pages\/10944"}],"collection":[{"href":"https:\/\/www.fvb.cat\/ca\/wp-json\/wp\/v2\/pages"}],"about":[{"href":"https:\/\/www.fvb.cat\/ca\/wp-json\/wp\/v2\/types\/page"}],"author":[{"embeddable":true,"href":"https:\/\/www.fvb.cat\/ca\/wp-json\/wp\/v2\/users\/20"}],"replies":[{"embeddable":true,"href":"https:\/\/www.fvb.cat\/ca\/wp-json\/wp\/v2\/comments?post=10944"}],"version-history":[{"count":10,"href":"https:\/\/www.fvb.cat\/ca\/wp-json\/wp\/v2\/pages\/10944\/revisions"}],"predecessor-version":[{"id":10960,"href":"https:\/\/www.fvb.cat\/ca\/wp-json\/wp\/v2\/pages\/10944\/revisions\/10960"}],"wp:attachment":[{"href":"https:\/\/www.fvb.cat\/ca\/wp-json\/wp\/v2\/media?parent=10944"}],"curies":[{"name":"wp","href":"https:\/\/api.w.org\/{rel}","templated":true}]}}